{"id":24801,"date":"2025-05-20T18:42:53","date_gmt":"2025-05-20T18:42:53","guid":{"rendered":"https:\/\/electricstore.eu\/p\/uncategorized\/vevor-4400lbs-electric-chain-hoist-21-6-ft-min-three-phase-overhead-crane-with-g100-chain-wireless-control-for-garage-litfing\/"},"modified":"2025-05-20T18:44:32","modified_gmt":"2025-05-20T18:44:32","slug":"vevor-4400lbs-electric-chain-hoist-21-6-ft-min-three-phase-overhead-crane-with-g100-chain-wireless-control-for-garage-litfing","status":"publish","type":"product","link":"https:\/\/electricstore.eu\/lt\/p\/o\/electric-lifting-hoists\/vevor-4400lbs-electric-chain-hoist-21-6-ft-min-three-phase-overhead-crane-with-g100-chain-wireless-control-for-garage-litfing\/","title":{"rendered":"VEVOR 4400 svar\u0173 elektrinis grandininis keltuvas, 21,6 p\u0117d\u0173\/min., trifazis tiltinis kranas su G100 grandin\u0117s belaid\u017eiu valdymu gara\u017e\u0173 pak\u0117limui"},"content":{"rendered":"<div class=\"product-specs-list-container\">\n<ul class=\"product-specs-list util-clearfix\">\n<li class=\"product-prop line-limit-length\"><span\n                                        class=\"property-title\">Labai susir\u016bpinim\u0105 kelianti chemin\u0117 med\u017eiaga:&nbsp;<\/span><span\n                                        class=\"property-desc line-limit-length\">N\u0117ra<\/span>\n                            <\/li>\n<li class=\"product-prop line-limit-length\"><span\n                                        class=\"property-title\">Kilm\u0117:&nbsp;<\/span><span\n                                        class=\"property-desc line-limit-length\">\u017demynin\u0117 Kinija<\/span>\n                            <\/li>\n<li class=\"product-prop line-limit-length\"><span\n                                        class=\"property-title\">Prek\u0117s \u017eenklas:&nbsp;<\/span><span\n                                        class=\"property-desc line-limit-length\">VEVOR<\/span>\n                            <\/li>\n<li class=\"product-prop line-limit-length\"><span\n                                        class=\"property-title\">Prek\u0117s modelio numeris:&nbsp;<\/span><span\n                                        class=\"property-desc line-limit-length\">WX4400LBS-2<\/span>\n                            <\/li>\n<li class=\"product-prop line-limit-length\"><span\n                                        class=\"property-title\">Apkrovos galia:&nbsp;<\/span><span\n                                        class=\"property-desc line-limit-length\">3,5 kW<\/span>\n                            <\/li>\n<li class=\"product-prop line-limit-length\"><span\n                                        class=\"property-title\">K\u0117limo apkrova:&nbsp;<\/span><span\n                                        class=\"property-desc line-limit-length\">4400 svar\u0173 \/ 1996 kg<\/span>\n                            <\/li>\n<li class=\"product-prop line-limit-length\"><span\n                                        class=\"property-title\">Produkto svoris:&nbsp;<\/span><span\n                                        class=\"property-desc line-limit-length\">226,4 svaro \/ 102,7 kg<\/span>\n                            <\/li>\n<li class=\"product-prop line-limit-length\"><span\n                                        class=\"property-title\">Grandin\u0117s med\u017eiaga:&nbsp;<\/span><span\n                                        class=\"property-desc line-limit-length\">8620 legiruotas plienas<\/span>\n                            <\/li>\n<li class=\"product-prop line-limit-length\"><span\n                                        class=\"property-title\">Tipas:&nbsp;<\/span><span\n                                        class=\"property-desc line-limit-length\">Elektrinis grandininis keltuvas<\/span>\n                            <\/li>\n<\/ul><\/div>\n<div class=\"detailmodule_html\">\n<div class=\"detail-desc-decorate-richtext\">\n<div style=\"font-family:&quot;Open sans&quot;, Arial, Helvetica, sans-serif\">\n<div>\n  <img decoding=\"async\" style=\"width:100%\" width=\"100%\" src=\"https:\/\/d2qc09rl1gfuof.cloudfront.net\/vevor\/boutique-banner\/pc\/banner-en.jpg\" slate-data-type=\"image\" \/>\n <\/div>\n<div>\n<div style=\"font-size:16px;font-weight:bold;text-align:center;color:rgb(34, 34, 34);margin:24px 0px;margin-bottom:24px;margin-top:24px;margin-left:0px;margin-right:0px\" align=\"center\">\n   VEVOR elektrinis grandininis keltuvas \u2013 pakeiskite savo po\u017ei\u016br\u012f \u012f k\u0117lim\u0105\n  <\/div>\n<div>\n   <img decoding=\"async\" style=\"width:100%\" width=\"100%\" src=\"https:\/\/d2qc09rl1gfuof.cloudfront.net\/product\/DDHLHLCS6MDDC52ZE\/chain-hoist-a100-1.4-pt.jpg\" slate-data-type=\"image\" \/>\n  <\/div>\n<div style=\"font-size:14px;text-align:center;color:rgb(34, 34, 34);margin:16px 0px 24px;margin-bottom:24px;margin-top:16px;margin-left:0px;margin-right:0px\" align=\"center\">\n   M\u016bs\u0173 elektrinis grandininis krentantis keltuvas pasi\u017eymi didele keliam\u0105ja galia, tod\u0117l puikiai tinka sunkiems daiktams kelti gara\u017euose. Didelis k\u0117limo greitis u\u017etikrina efektyv\u0173 darb\u0105 be ilgo laukimo laiko.\n  <\/div><\/div>\n<div>\n<div style=\"margin:8px 0px;margin-bottom:8px;margin-top:8px;margin-left:0px;margin-right:0px\">\n   <img decoding=\"async\" style=\"width:100%\" width=\"100%\" src=\"https:\/\/d2qc09rl1gfuof.cloudfront.net\/product\/DDHLHLCS6MDDC52ZE\/chain-hoist-a100-2.2-pt.jpg\" slate-data-type=\"image\" \/>\n  <\/div>\n<div style=\"font-size:14px;text-align:center;color:rgb(34, 34, 34);margin:16px 0px 24px;margin-bottom:24px;margin-top:16px;margin-left:0px;margin-right:0px\" align=\"center\">\n   Tvirta grandin\u0117 suteikia elektriniam grandininiam keltuvui ma\u017eesn\u012f bendr\u0105 svor\u012f ir didesn\u012f tvirtum\u0105. Ji gali perne\u0161ti sunkius krovinius, tuo pa\u010diu i\u0161laikant patogum\u0105.\n  <\/div><\/div>\n<div>\n<div style=\"margin:8px 0px;margin-bottom:8px;margin-top:8px;margin-left:0px;margin-right:0px\">\n   <img decoding=\"async\" style=\"width:100%\" width=\"100%\" src=\"https:\/\/d2qc09rl1gfuof.cloudfront.net\/product\/DDHLHLCS6MDDC52ZE\/chain-hoist-a100-2.3-pt.jpg\" slate-data-type=\"image\" \/>\n  <\/div>\n<div style=\"font-size:14px;text-align:center;color:rgb(34, 34, 34);margin:16px 0px 24px;margin-bottom:24px;margin-top:16px;margin-left:0px;margin-right:0px\" align=\"center\">\n   \u0160is grandininis elektrinis keltuvas pasi\u017eymi patogiu ir prakti\u0161ku dizainu, \u012fskaitant k\u0117limo strop\u0105 \u012fvairiems sunkiems daiktams kelti. Jautrus nuotolinio valdymo pultas leid\u017eia tiksliai ir patogiai kelti.\n  <\/div><\/div>\n<div>\n<div style=\"margin:8px 0px;margin-bottom:8px;margin-top:8px;margin-left:0px;margin-right:0px\">\n   <img decoding=\"async\" style=\"width:100%\" width=\"100%\" src=\"https:\/\/d2qc09rl1gfuof.cloudfront.net\/product\/DDHLHLCS6MDDC52ZE\/chain-hoist-a100-2.4-pt.jpg\" slate-data-type=\"image\" \/>\n  <\/div>\n<div style=\"font-size:14px;text-align:center;color:rgb(34, 34, 34);margin:16px 0px 24px;margin-bottom:24px;margin-top:16px;margin-left:0px;margin-right:0px\" align=\"center\">\n   Efektyvus varinis variklis u\u017etikrina stabil\u0173 ir saug\u0173 sunki\u0173 daikt\u0173 k\u0117lim\u0105. D\u0117l avarinio stabdymo sistemos ir oro au\u0161inimo sistemos elektrinis grandininis keltuvas yra patikimas ir saugus naudoti.\n  <\/div><\/div>\n<div>\n<div style=\"margin:8px 0px;margin-bottom:8px;margin-top:8px;margin-left:0px;margin-right:0px\">\n   <img decoding=\"async\" style=\"width:100%\" width=\"100%\" src=\"https:\/\/d2qc09rl1gfuof.cloudfront.net\/product\/DDHLHLCS6MDDC52ZE\/chain-hoist-a100-2.5-pt.jpg\" slate-data-type=\"image\" \/>\n  <\/div>\n<div style=\"font-size:14px;text-align:center;color:rgb(34, 34, 34);margin:16px 0px 24px;margin-bottom:24px;margin-top:16px;margin-left:0px;margin-right:0px\" align=\"center\">\n   M\u016bs\u0173 grandinin\u0117 keltuvo konstrukcija patvaresn\u0117 ir atsparesn\u0117 didesniems k\u0117limo poreikiams. Patvaresn\u0117s ir tvirtesn\u0117s med\u017eiagos prailgina tarnavimo laik\u0105 ir stabilum\u0105.\n  <\/div><\/div>\n<div style=\"margin:16px 0px 24px;margin-bottom:24px;margin-top:16px;margin-left:0px;margin-right:0px\"><\/div>\n<div style=\"margin:24px 0px;margin-bottom:24px;margin-top:24px;margin-left:0px;margin-right:0px\">\n<div style=\"font-size:16px;font-weight:bold;color:rgb(34, 34, 34);margin:24px 0px 16px;margin-bottom:16px;margin-top:24px;margin-left:0px;margin-right:0px\">\n   Savyb\u0117s ir informacija\n  <\/div>\n<ul style=\"margin:16px 0px 24px;margin-bottom:24px;margin-top:16px;margin-left:0px;margin-right:0px\">\n<li style=\"font-size:14px;color:rgb(34, 34, 34)\">\n<p>4400 svar\u0173 keliamoji galia: M\u016bs\u0173 elektrinis grandininis keltuvas apr\u016bpintas G100 grandine, u\u017etikrinan\u010dia saugi\u0105 4400 svar\u0173 \/ 1996 kg keliam\u0105j\u0105 gali\u0105. Jis gali kelti vis\u0173 r\u016b\u0161i\u0173 sunkius daiktus 21,6 p\u0117d\u0173\/min. (6,6 m\/min.) grei\u010diu, o maksimalus k\u0117limo auk\u0161tis \u2013 20 p\u0117d\u0173\/6,096 m.<\/p>\n<\/li>\n<li style=\"font-size:14px;color:rgb(34, 34, 34)\">\n<p>Galingas variklis: varinis variklis u\u017etikrina 3,5 kW gali\u0105, kad gal\u0117t\u0173 susidoroti su dideliais kroviniais be deformacijos. Didelis radiatoriaus ventiliatorius palaiko elektrinio grandininio keltuvo v\u0117sum\u0105, kad jis neperkaist\u0173. Visos \u0161ios savyb\u0117s u\u017etikrina efektyv\u0173 darb\u0105 ir taupo j\u016bs\u0173 laik\u0105 bei energij\u0105.<\/p>\n<\/li>\n<li style=\"font-size:14px;color:rgb(34, 34, 34)\">\n<p>Sumontavimas akimirksniu: M\u016bs\u0173 grandinin\u0119 elektrin\u0119 keltuv\u0105 lengva sumontuoti ir galima tiesiogiai pakabinti ant lub\u0173 metalin\u0117mis arba med\u017eio masyvo juostel\u0117mis. Jis turi avarinio stabdymo jungikl\u012f ir elektromagnetin\u0119 stabd\u017ei\u0173 sistem\u0105, kad b\u016bt\u0173 i\u0161vengta nenormalaus slydimo.<\/p>\n<\/li>\n<li style=\"font-size:14px;color:rgb(34, 34, 34)\">\n<p>Belaidis nuotolinio valdymo pultas: grandininis elektrinis keltuvas turi belaid\u012f nuotolinio valdymo pult\u0105, kurio maksimalus valdymo atstumas yra 100 m. Jis turi jautr\u0173 jungiklio funkcij\u0105 ir leid\u017eia valdyti elektrin\u012f keltuv\u0105 viena ranka, norint pakelti, pastatyti ir nuleisti \u012frang\u0105.<\/p>\n<\/li>\n<li style=\"font-size:14px;color:rgb(34, 34, 34)\">\n<p>Naudokite bet kur: M\u016bs\u0173 elektrinis grandininis keltuvas tinka gara\u017eams, parduotuv\u0117ms, vie\u0161bu\u010diams ir namams, puikiai tinka tiek profesionalams, tiek m\u0117g\u0117jams. Jis puikiai tinka val\u010di\u0173 remontui, automobiliams, vejapjov\u0117ms, golfo ve\u017eim\u0117liams, nam\u0173 dekoracijoms, varikliams, rieduliams, med\u017eiams ir kt. Tai idealus pagalbininkas kelti \u012frang\u0105 ir patogus med\u017eiotojams pakabinti savo grob\u012f.<\/p>\n<\/li>\n<\/ul><\/div>\n<div>\n<div>\n<div style=\"margin:16px 0px 24px;margin-bottom:24px;margin-top:16px;margin-left:0px;margin-right:0px\">\n    <img decoding=\"async\" style=\"width:100%\" width=\"100%\" src=\"https:\/\/d2qc09rl1gfuof.cloudfront.net\/product\/DDHLHLCS6MDDC52ZE\/chain-hoist-a100-1.11-pt.jpg\" slate-data-type=\"image\" \/>\n   <\/div><\/div><\/div>\n<\/div>\n<p><\/p>\n<\/div>\n<\/div>","protected":false},"excerpt":{"rendered":"<p>Hign-concerned Chemical:&nbsp;None Origin:&nbsp;Mainland China Brand Name:&nbsp;VEVOR Item Model Number:&nbsp;WX4400LBS-2 Load Power:&nbsp;3.5KW Lifting Load:&nbsp;4400 lbs\/1996 kg Product Weight:&nbsp;226.4 lbs\/102.7 kg Chain Material:&nbsp;8620 Alloy Steel Type:&nbsp;Electric Chain Hoist VEVOR Electric Chain Hoist<\/p>","protected":false},"featured_media":24802,"comment_status":"open","ping_status":"closed","template":"","meta":{"_acf_changed":false},"product_brand":[],"product_cat":[517],"product_tag":[],"class_list":{"0":"post-24801","1":"product","2":"type-product","3":"status-publish","4":"has-post-thumbnail","6":"product_cat-electric-lifting-hoists","8":"first","9":"instock","10":"shipping-taxable","11":"purchasable","12":"product-type-variable"},"acf":[],"_links":{"self":[{"href":"https:\/\/electricstore.eu\/lt\/wp-json\/wp\/v2\/product\/24801","targetHints":{"allow":["GET"]}}],"collection":[{"href":"https:\/\/electricstore.eu\/lt\/wp-json\/wp\/v2\/product"}],"about":[{"href":"https:\/\/electricstore.eu\/lt\/wp-json\/wp\/v2\/types\/product"}],"replies":[{"embeddable":true,"href":"https:\/\/electricstore.eu\/lt\/wp-json\/wp\/v2\/comments?post=24801"}],"wp:featuredmedia":[{"embeddable":true,"href":"https:\/\/electricstore.eu\/lt\/wp-json\/wp\/v2\/media\/24802"}],"wp:attachment":[{"href":"https:\/\/electricstore.eu\/lt\/wp-json\/wp\/v2\/media?parent=24801"}],"wp:term":[{"taxonomy":"product_brand","embeddable":true,"href":"https:\/\/electricstore.eu\/lt\/wp-json\/wp\/v2\/product_brand?post=24801"},{"taxonomy":"product_cat","embeddable":true,"href":"https:\/\/electricstore.eu\/lt\/wp-json\/wp\/v2\/product_cat?post=24801"},{"taxonomy":"product_tag","embeddable":true,"href":"https:\/\/electricstore.eu\/lt\/wp-json\/wp\/v2\/product_tag?post=24801"}],"curies":[{"name":"wp","href":"https:\/\/api.w.org\/{rel}","templated":true}]}}