{"id":24746,"date":"2025-05-20T18:42:23","date_gmt":"2025-05-20T18:42:23","guid":{"rendered":"https:\/\/electricstore.eu\/p\/uncategorized\/kids-electric-motorcycle-150w-24v-3-0ah-battery-dual-speed-led-lights-for-children-over-6-years-black-colorful\/"},"modified":"2025-05-20T18:43:37","modified_gmt":"2025-05-20T18:43:37","slug":"kids-electric-motorcycle-150w-24v-3-0ah-battery-dual-speed-led-lights-for-children-over-6-years-black-colorful","status":"publish","type":"product","link":"https:\/\/electricstore.eu\/lt\/p\/motorbikes\/electric-children-motorbikes\/kids-electric-motorcycle-150w-24v-3-0ah-battery-dual-speed-led-lights-for-children-over-6-years-black-colorful\/","title":{"rendered":"Vaiki\u0161ki elektriniai motociklai su 150 W 24 V 3,0 Ah baterija, dviej\u0173 grei\u010di\u0173 LED \u017eibintai, skirti vaikams nuo 6 met\u0173, juodi ir spalvingi"},"content":{"rendered":"<div class=\"product-specs-list-container\">\n<ul class=\"product-specs-list util-clearfix\">\n<li class=\"product-prop line-limit-length\"><span\n                                        class=\"property-title\">Labai susir\u016bpinim\u0105 kelianti chemin\u0117 med\u017eiaga:&nbsp;<\/span><span\n                                        class=\"property-desc line-limit-length\">N\u0117ra<\/span>\n                            <\/li>\n<li class=\"product-prop line-limit-length\"><span\n                                        class=\"property-title\">Kilm\u0117:&nbsp;<\/span><span\n                                        class=\"property-desc line-limit-length\">\u017demynin\u0117 Kinija<\/span>\n                            <\/li>\n<li class=\"product-prop line-limit-length\"><span\n                                        class=\"property-title\">Prek\u0117s tipas:&nbsp;<\/span><span\n                                        class=\"property-desc line-limit-length\">kiti<\/span>\n                            <\/li>\n<\/ul><\/div>\n<div class=\"detailmodule_text-image\">\n<p style=\"font-size:16px\">Apra\u0161ymas<br \/>Ar norite savo vaikams padovanoti linksmybi\u0173 ir tyrin\u0117jim\u0173 kupin\u0105 vaikyst\u0119? Tuomet \u0161is elektrinis motociklas vaikams yra idealus pasirinkimas jums! D\u0117l savo \u0161aunaus ir ak\u012f traukian\u010dio dizaino jis akimirksniu paver\u010dia vaikus ma\u017eais lenktynininkais, demonstruodamas j\u0173 vaiki\u0161k\u0105 stili\u0173. Tegul jis \u012f\u017eiebia j\u016bs\u0173 vaik\u0173 aistr\u0105 tyrin\u0117jimams ir veda juos \u012f laiming\u0105 ateit\u012f!<\/p>\n<p>Pagrindin\u0117s savyb\u0117s<br \/>Ilgai tarnaujantis: Pagamintas i\u0161 auk\u0161tos kokyb\u0117s gele\u017eies ir vaikams tinkamo polipropileno (PP), naudojant plastiko pur\u0161kimo ir vandens perne\u0161imo spausdinimo procesus, tod\u0117l yra ekologi\u0161kas, atsparus korozijai, dr\u0117gmei, oro s\u0105lygoms, sen\u0117jimui ir dilimui, tod\u0117l gerai atlaiko laiko i\u0161bandym\u0105.<\/p>\n<p>Efektyvi elektros sistema: Tur\u0117dami 150 W galios ir 24 V 3,0 Ah \u012fkraunam\u0105 baterij\u0105, galite va\u017eiuoti apie 1,2 valandos po 3\u20135 valand\u0173 \u012fkrovimo, o tai gali patenkinti j\u016bs\u0173 vaiko va\u017eiavimo malonum\u0105 be da\u017eno \u012fkrovimo.<\/p>\n<p>Dviej\u0173 grei\u010di\u0173 re\u017eimas: elektrinis motociklas turi 2 grei\u010di\u0173 reguliavimo funkcij\u0105 (4,97 mylios\/val., 7,46 mylios\/val.), galite laisvai perjungti didelio ir ma\u017eo grei\u010dio re\u017eimus pagal kelio s\u0105lygas ir savo asmeninius va\u017eiavimo \u012fpro\u010dius, o tai ypa\u010d tinka vaikams ar pirm\u0105 kart\u0105 va\u017ein\u0117jantiems motociklu, norintiems m\u0117gautis va\u017eiavimo malonumu. <\/p>\n<p>Juokingas vairavimas: Jame yra \u0161aunus motociklo dizainas ir spalvingos LED lemput\u0117s (raudona, m\u0117lyna ir \u017ealia), kurios atitinka vaik\u0173 pom\u0117gius, tod\u0117l va\u017eiuoti yra daug lengviau ir smagiau. <\/p>\n<p>Patogi ir saugi: ergonomi\u0161ka s\u0117dyn\u0117 suteikia puiki\u0105 ir patogi\u0105 vairavimo patirt\u012f vaikams. Be to, galini\u0173 diskini\u0173 stabd\u017ei\u0173 sistema u\u017etikrina j\u016bs\u0173 vaiko saugum\u0105 va\u017eiuojant, o trumpas rankenos strypas yra efektyvus greitam stabdymui.                                      <\/p>\n<p>Didel\u0117 apkrova: Stabilus gele\u017einis r\u0117mas, trikamp\u0117 konstrukcija ir tvirta var\u017etin\u0117 jungtis leid\u017eia gaminiui atlaikyti 143,3 svaro (apie 70 kg) keliam\u0105j\u0105 gali\u0105, tod\u0117l j\u012f naudojant jau\u010diat\u0117s patogiau.<\/p>\n<p>Lengva pri\u017ei\u016br\u0117ti: D\u0117l lygaus pavir\u0161iaus ir paprastos konstrukcijos ne\u0161varumus galite lengvai nuvalyti mink\u0161tu skudur\u0117liu.\u00a0<\/p>\n<p>Nuostabi dovana: \u0161is produktas gali su\u017eadinti vaiko aistr\u0105 tyrin\u0117jimams ir nuotykiams, pad\u0117ti jam ugdyti dr\u0105s\u0105, smalsum\u0105 ir puikius valdymo bei vairavimo \u012fg\u016bd\u017eius, kurie i\u0161skirs j\u012f i\u0161 minios, tod\u0117l tai ideali gimtadienio ir \u0161ven\u010di\u0173 dovana j\u016bs\u0173 vaikui.<\/p>\n<p>Surinkimas akimirksniu: pilni montavimo priedai, i\u0161sami naudojimo instrukcija ir paprasta konstrukcija leid\u017eia surinkti per labai trump\u0105 laik\u0105.\u00a0 \u00a0<\/p>\n<p>Geras klient\u0173 aptarnavimas: Mes palaikome visus savo sve\u010dius ir mielai pad\u0117sime jums \u012fsigyti prek\u0119. Mielai atsakysime \u012f j\u016bs\u0173 klausimus ir neai\u0161kum\u0173 klausimus. M\u016bs\u0173 istorijos pabaiga n\u0117ra \u201emes parduodame, o j\u016bs perkate\u201c.<\/p>\n<p>I\u0161sami informacija<br \/>Neslystantis pedalas: padidina trint\u012f tarp p\u0117dos pado ir pedalo, kad neslyst\u0173.<\/p>\n<p>Neslystan\u010dios padangos: Padangos su neslystan\u010diais grioveliais yra patvarios ir sukimban\u010dios, taip pat apsaugo nuo slydimo \u0161lapia kelio danga. <\/p>\n<p>\u012ekrovimo indikatorius: \u012ekroviklis turi indikatoriaus lemput\u0119, tod\u0117l galite lengvai valdyti \u012fkrovimo b\u016bsen\u0105. Indikatorius \u0161vie\u010dia raudonai, kai kraunama, ir \u017ealiai, kai \u012fkrovimas baigtas.<\/p>\n<p>Prakti\u0161ki sparnai: Priekiniai ir galiniai sparnai tam tikru mastu apsaugo jus ir j\u016bs\u0173 dvirat\u012f nuo purvo ta\u0161kymosi va\u017eiuojant purvinais keliais.<\/p>\n<p>Parai\u0161ka<br \/>\u0160is gaminys tinka vaikams ir paaugliams, vyresniems nei 6 met\u0173, sveriantiems ne daugiau kaip 60 kg. Juo taip pat galima va\u017eiuoti ant i\u0161orini\u0173 pavir\u0161i\u0173, toki\u0173 kaip asfaltas, plytos ir cementas.<\/p>\n<p>Specifikacija<br \/>Spalva: juoda, spalvinga<br \/>Stilius: Modernus<br \/>Med\u017eiaga: gele\u017eis, polipropilenas (PP)<br \/>Procesas: plastikinis pur\u0161kimas, vandens perne\u0161imo spausdinimas<br \/>Reikalingas surinkimas: Taip<br \/>Stabd\u017eiai: diskiniai stabd\u017eiai<br \/>\u0160viesos \u0161altinis: LED<br \/>\u0160viesos spalvos: raudona, m\u0117lyna, \u017ealia<br \/>Maitinimo \u0161altinis: laidinis elektrinis<br \/>Ki\u0161tuko tipas: ES standartas<br \/>\u012etampa: 24 V<br \/>Galia: 150 W<br \/>Akumuliatoriaus talpa: 24 V 3,0 Ah<br \/>Adapterio modelis: DCSP294100<br \/>\u012evestis: 100\u2013240 V kintamoji srov\u0117, 50\/60 Hz, maks. 2 A<br \/>I\u0161vestis: DC29.4V 1A                     <br \/>\u012ekrovimo laikas: 3\u20135 val.<br \/>I\u0161tverm\u0117s laikas: apie 1,2 val.<br \/>Maksimali apkrova: 65 kg \/ 143,3 svaro<br \/>Tinkamas am\u017eius: &gt; 6 metai<br \/>Greitis: apie 8 km \/ 4,97 mylios\/val., 12 km \/ 7,46 mylios\/val.<br \/>Rat\u0173 skersmuo: 30,48 cm \/ 12 coli\u0173<br \/>Kopimo laipsnis: 15\u00b0<br \/>Bendras svoris: 16 kg \/ 35,27 svaro <br \/>Pakuot\u0117s dydis: 95 * 50 * 20 cm \/ 37,4 * 19,69 * 7,87 colio<br \/>Produkto dydis: 106 * 59 * 66 cm \/ 41,7 * 23,22 * 26 col.<\/p>\n<p>\u012e komplekt\u0105 \u012fskai\u010diuota<br \/>1 * Elektrinis motociklas vaikams<br \/>1 * Daugiakalbis vadovas<br \/>Visi montavimo priedai<\/p>\n<p>Pastabos<br \/>1. Prie\u0161 naudodami, atid\u017eiai perskaitykite naudojimo instrukcij\u0105. Ypating\u0105 d\u0117mes\u012f atkreipkite \u012f prid\u0117tas saugos instrukcijas.<br \/>2. Reguliariai tikrinkite dali\u0173 sujungimus, kad \u012fsitikintum\u0117te, jog gaminys yra tvirtai surinktas. Jei judan\u010dios dalys ar r\u0117mas yra pa\u017eeisti, nedelsdami nutraukite gaminio naudojim\u0105.        <br \/>3. \u012ekraukite baterij\u0105 naudodami special\u0173 \u012fkrovikl\u012f. Nelaikykite baterijos \u0161alia ugnies, nei\u0161ardykite jos ir nenaudokite bei nekraukite jos auk\u0161toje temperat\u016broje. Kai baterija visi\u0161kai \u012fkraunama, atjunkite maitinimo \u0161altin\u012f. <br \/>4. Pra\u0161ome atsi\u017evelgti \u012f nedidel\u012f spalv\u0173 skirtum\u0105, kur\u012f sukelia fotografavimo \u0161viesa, ir 1\u20133 cm paklaid\u0105 d\u0117l rankinio matavimo, ir prie\u0161 u\u017esakydami \u012fsitikinkite, kad tai jums netrukdo.<\/p>\n<div><img decoding=\"async\" class=\"detail-desc-decorate-image\" src=\"https:\/\/ae01.alicdn.com\/kf\/S912bc17749c840e59e982e5b6f40637fu.jpg\" slate-data-type=\"image\"\/><img decoding=\"async\" class=\"detail-desc-decorate-image\" src=\"https:\/\/ae01.alicdn.com\/kf\/S5e0136287c924d47a5e331dcb3eab88bb.jpg\" slate-data-type=\"image\"\/><img decoding=\"async\" class=\"detail-desc-decorate-image\" src=\"https:\/\/ae01.alicdn.com\/kf\/S343e378342484d22ab03e2087fba3c00W.jpg\" slate-data-type=\"image\"\/><img decoding=\"async\" class=\"detail-desc-decorate-image\" src=\"https:\/\/ae01.alicdn.com\/kf\/S1482a5b681a441ed90f723f28f8bce2bd.jpg\" slate-data-type=\"image\"\/><img decoding=\"async\" class=\"detail-desc-decorate-image\" src=\"https:\/\/ae01.alicdn.com\/kf\/S235805ba05354a2f9d458549b98ecb23F.jpg\" slate-data-type=\"image\"\/><img decoding=\"async\" class=\"detail-desc-decorate-image\" src=\"https:\/\/ae01.alicdn.com\/kf\/Sc9f59ca8be0c415d9257d275b225b2f3u.jpg\" slate-data-type=\"image\"\/><img decoding=\"async\" class=\"detail-desc-decorate-image\" src=\"https:\/\/ae01.alicdn.com\/kf\/Se60e27f4afe54e4f81bfbbc1c66ad94ak.jpg\" slate-data-type=\"image\"\/><img decoding=\"async\" class=\"detail-desc-decorate-image\" src=\"https:\/\/ae01.alicdn.com\/kf\/S509a7d8ba55647529309011c4b646e15z.jpg\" slate-data-type=\"image\"\/><img decoding=\"async\" class=\"detail-desc-decorate-image\" src=\"https:\/\/ae01.alicdn.com\/kf\/Sc9a3b5bd9691435da18fd2b68744023es.jpg\" slate-data-type=\"image\"\/><img decoding=\"async\" class=\"detail-desc-decorate-image\" src=\"https:\/\/ae01.alicdn.com\/kf\/S9b5325899d2143a8897666a327ccb99bt.jpg\" slate-data-type=\"image\"\/><\/div>\n<\/div>\n<p><\/p>","protected":false},"excerpt":{"rendered":"<p>Hign-concerned Chemical:&nbsp;None Origin:&nbsp;Mainland China Item Type:&nbsp;others DescriptionDo you want to give your children a childhood full of fun and exploration? Then this electric motorcycle for kids is the ideal choice<\/p>","protected":false},"featured_media":24748,"comment_status":"open","ping_status":"closed","template":"","meta":{"_acf_changed":false},"product_brand":[],"product_cat":[313],"product_tag":[],"class_list":{"0":"post-24746","1":"product","2":"type-product","3":"status-publish","4":"has-post-thumbnail","6":"product_cat-electric-children-motorbikes","8":"first","9":"instock","10":"shipping-taxable","11":"purchasable","12":"product-type-simple"},"acf":[],"_links":{"self":[{"href":"https:\/\/electricstore.eu\/lt\/wp-json\/wp\/v2\/product\/24746","targetHints":{"allow":["GET"]}}],"collection":[{"href":"https:\/\/electricstore.eu\/lt\/wp-json\/wp\/v2\/product"}],"about":[{"href":"https:\/\/electricstore.eu\/lt\/wp-json\/wp\/v2\/types\/product"}],"replies":[{"embeddable":true,"href":"https:\/\/electricstore.eu\/lt\/wp-json\/wp\/v2\/comments?post=24746"}],"wp:featuredmedia":[{"embeddable":true,"href":"https:\/\/electricstore.eu\/lt\/wp-json\/wp\/v2\/media\/24748"}],"wp:attachment":[{"href":"https:\/\/electricstore.eu\/lt\/wp-json\/wp\/v2\/media?parent=24746"}],"wp:term":[{"taxonomy":"product_brand","embeddable":true,"href":"https:\/\/electricstore.eu\/lt\/wp-json\/wp\/v2\/product_brand?post=24746"},{"taxonomy":"product_cat","embeddable":true,"href":"https:\/\/electricstore.eu\/lt\/wp-json\/wp\/v2\/product_cat?post=24746"},{"taxonomy":"product_tag","embeddable":true,"href":"https:\/\/electricstore.eu\/lt\/wp-json\/wp\/v2\/product_tag?post=24746"}],"curies":[{"name":"wp","href":"https:\/\/api.w.org\/{rel}","templated":true}]}}