{"id":24732,"date":"2025-05-20T18:42:18","date_gmt":"2025-05-20T18:42:18","guid":{"rendered":"https:\/\/electricstore.eu\/p\/uncategorized\/motorcycle-lifting-platform-motorcycle-lift-jack-motorbike-lift-table-hydraulic-repair-platform-frame\/"},"modified":"2025-05-20T18:43:50","modified_gmt":"2025-05-20T18:43:50","slug":"motorcycle-lifting-platform-motorcycle-lift-jack-motorbike-lift-table-hydraulic-repair-platform-frame","status":"publish","type":"product","link":"https:\/\/electricstore.eu\/lt\/p\/a\/motorcycle-lifting-platform-motorcycle-lift-jack-motorbike-lift-table-hydraulic-repair-platform-frame\/","title":{"rendered":"Motociklo k\u0117limo platforma Motociklo keltuvas Motociklo keltuvas Motociklo keltuvas Hidraulinis remonto platformos r\u0117mas"},"content":{"rendered":"<div class=\"product-specs-list-container\">\n<ul class=\"product-specs-list util-clearfix\">\n<li class=\"product-prop line-limit-length\"><span\n                                        class=\"property-title\">Kilm\u0117:&nbsp;<\/span><span\n                                        class=\"property-desc line-limit-length\">\u017demynin\u0117 Kinija<\/span>\n                            <\/li>\n<li class=\"product-prop line-limit-length\"><span\n                                        class=\"property-title\">Dydis:&nbsp;<\/span><span\n                                        class=\"property-desc line-limit-length\">ilgis 75 cm \/ plotis 35 cm \/ auk\u0161tis 15 cm<\/span>\n                            <\/li>\n<li class=\"product-prop line-limit-length\"><span\n                                        class=\"property-title\">K\u0117limo stalo dydis:&nbsp;<\/span><span\n                                        class=\"property-desc line-limit-length\">30 cm \/ plotis 28 cm<\/span>\n                            <\/li>\n<li class=\"product-prop line-limit-length\"><span\n                                        class=\"property-title\">Minimalus auk\u0161tis:&nbsp;<\/span><span\n                                        class=\"property-desc line-limit-length\">11,5 cm<\/span>\n                            <\/li>\n<li class=\"product-prop line-limit-length\"><span\n                                        class=\"property-title\">Maksimalus auk\u0161tis:&nbsp;<\/span><span\n                                        class=\"property-desc line-limit-length\">37,5 cm<\/span>\n                            <\/li>\n<li class=\"product-prop line-limit-length\"><span\n                                        class=\"property-title\">Svoris:&nbsp;<\/span><span\n                                        class=\"property-desc line-limit-length\">apie 26 kg<\/span>\n                            <\/li>\n<li class=\"product-prop line-limit-length\"><span\n                                        class=\"property-title\">Maksimali apkrova:&nbsp;<\/span><span\n                                        class=\"property-desc line-limit-length\">680 kg<\/span>\n                            <\/li>\n<li class=\"product-prop line-limit-length\"><span\n                                        class=\"property-title\">Pakuot\u0117s dydis:&nbsp;<\/span><span\n                                        class=\"property-desc line-limit-length\">82 * 40,5 * 12,5 cm<\/span>\n                            <\/li>\n<\/ul><\/div>\n<div class=\"detailmodule_html\">\n<div class=\"detail-desc-decorate-richtext\">\n<p style=\"font-family:OpenSans;font-size:20px;font-weight:900;line-height:28px;text-align:center;white-space:pre-wrap;color:rgb(0, 0, 0);margin-bottom:12px\" class=\"detail-desc-decorate-title\" align=\"center\"><span style=\"color:rgb(196, 81, 0);font-family:&quot;comic sans ms&quot;, cursive\">Motociklo k\u0117limo platforma Motociklo keltuvas Motociklo keltuvas Motociklo keltuvas Hidraulinis remonto platformos r\u0117mas<\/span><\/p>\n<div>\n<div class=\"detailmodule_text\">\n<p style=\"font-size:16px\"><span style=\"background-color:rgb(254, 146, 0)\">Parametrai:<\/span><\/p>\n<p>\u25a0 Dydis: ilgis 75 cm \/ plotis 35 cm \/ auk\u0161tis 15 cm<\/p>\n<p>\u25a0 Pak\u0117limo stalo dydis: 30 cm \/ plotis 28 cm<\/p>\n<p>\u25a0 Minimalus auk\u0161tis: 11,5 cm<\/p>\n<p>\u25a0 Did\u017eiausias auk\u0161tis: 37,5 cm<\/p>\n<p>\u25a0 Svoris: apie 26 kg<\/p>\n<p>\u25a0 Did\u017eiausia apkrova: 680 kg<\/p>\n<p>\u25a0 Pakuot\u0117s dydis: 82 * 40,5 * 12,5 cm<\/p>\n<p><span style=\"background-color:rgb(254, 146, 0)\">Pakuot\u0117s s\u0105ra\u0161as:<\/span><\/p>\n<p style=\"font-size:16px\">1 * Motociklo domkratas<\/p>\n<\/div>\n<div class=\"detailmodule_image\"><img decoding=\"async\" class=\"detail-desc-decorate-image\" src=\"https:\/\/ae01.alicdn.com\/kf\/S3929081b9d1b45278d7612933ee87bbdI.jpg\" slate-data-type=\"image\"\/><img decoding=\"async\" class=\"detail-desc-decorate-image\" src=\"https:\/\/ae01.alicdn.com\/kf\/S643f577714aa49f5a6de3c3fd2e19c0ek.jpg\" slate-data-type=\"image\"\/><img decoding=\"async\" class=\"detail-desc-decorate-image\" src=\"https:\/\/ae01.alicdn.com\/kf\/S5e7f6f946a134e5cb1d5cfaf61c2ac896.jpg\" slate-data-type=\"image\"\/><img decoding=\"async\" class=\"detail-desc-decorate-image\" src=\"https:\/\/ae01.alicdn.com\/kf\/Sa671189bc35447499747ba7bb11a5aacn.jpg\" slate-data-type=\"image\"\/><img decoding=\"async\" class=\"detail-desc-decorate-image\" src=\"https:\/\/ae01.alicdn.com\/kf\/S4f71a55488bb4017a394cad6d643e1860.jpg\" slate-data-type=\"image\"\/><img decoding=\"async\" class=\"detail-desc-decorate-image\" src=\"https:\/\/ae01.alicdn.com\/kf\/S9caab937cd5a4899b03525f5312472b4Y.jpg\" slate-data-type=\"image\"\/><\/div>\n<div class=\"detailmodule_text\">\n<p style=\"font-size:16px\"><span style=\"background-color:rgb(254, 146, 0)\">Funkcija<\/span><\/p>\n<p>\u2605 Hidraulinis keltuvas, tinka \u012fvairi\u0173 tip\u0173 motociklams<\/p>\n<p>\u2605 Tvirtas hidraulinis cilindras su ilgu tarnavimo laiku<\/p>\n<p>\u2605 Lengva pakelti kojiniu pedalu<\/p>\n<p>\u2605 Tvirti voleliai ir kreipiamieji strypai, lengvai valdomi<\/p>\n<p>\u2605 Pastorintas guminis pamink\u0161tinimas<\/p>\n<\/div>\n<div class=\"detailmodule_image\"><img decoding=\"async\" class=\"detail-desc-decorate-image\" src=\"https:\/\/ae01.alicdn.com\/kf\/Sadd62b3d045a467a911c4ce67d619841X.jpg\" slate-data-type=\"image\"\/><img decoding=\"async\" class=\"detail-desc-decorate-image\" src=\"https:\/\/ae01.alicdn.com\/kf\/Sed1182462e284c359fe5ad4ef0bb1ddan.jpg\" slate-data-type=\"image\"\/><\/div>\n<\/div>\n<\/div>\n<\/div>\n<div class=\"detailmodule_dynamic\"><kse:widget data-widget-type=\"customText\" id=\"1005000009198001\" type=\"custom\"><\/kse:widget><\/div>\n<p><\/p>","protected":false},"excerpt":{"rendered":"<p>Origin:&nbsp;Mainland China Size:&nbsp;length 75 cm \/ width 35 cm \/ height 15 cm Lifting table size:&nbsp;30 cm \/ width 28 cm Minimum height:&nbsp;11.5 cm Maximum height:&nbsp;37.5 cm Weight:&nbsp;approx. 26 kg<\/p>","protected":false},"featured_media":24733,"comment_status":"open","ping_status":"closed","template":"","meta":{"_acf_changed":false},"product_brand":[],"product_cat":[525],"product_tag":[],"class_list":{"0":"post-24732","1":"product","2":"type-product","3":"status-publish","4":"has-post-thumbnail","6":"product_cat-a","8":"first","9":"instock","10":"shipping-taxable","11":"purchasable","12":"product-type-variable"},"acf":[],"_links":{"self":[{"href":"https:\/\/electricstore.eu\/lt\/wp-json\/wp\/v2\/product\/24732","targetHints":{"allow":["GET"]}}],"collection":[{"href":"https:\/\/electricstore.eu\/lt\/wp-json\/wp\/v2\/product"}],"about":[{"href":"https:\/\/electricstore.eu\/lt\/wp-json\/wp\/v2\/types\/product"}],"replies":[{"embeddable":true,"href":"https:\/\/electricstore.eu\/lt\/wp-json\/wp\/v2\/comments?post=24732"}],"wp:featuredmedia":[{"embeddable":true,"href":"https:\/\/electricstore.eu\/lt\/wp-json\/wp\/v2\/media\/24733"}],"wp:attachment":[{"href":"https:\/\/electricstore.eu\/lt\/wp-json\/wp\/v2\/media?parent=24732"}],"wp:term":[{"taxonomy":"product_brand","embeddable":true,"href":"https:\/\/electricstore.eu\/lt\/wp-json\/wp\/v2\/product_brand?post=24732"},{"taxonomy":"product_cat","embeddable":true,"href":"https:\/\/electricstore.eu\/lt\/wp-json\/wp\/v2\/product_cat?post=24732"},{"taxonomy":"product_tag","embeddable":true,"href":"https:\/\/electricstore.eu\/lt\/wp-json\/wp\/v2\/product_tag?post=24732"}],"curies":[{"name":"wp","href":"https:\/\/api.w.org\/{rel}","templated":true}]}}