{"id":24729,"date":"2025-05-20T18:42:14","date_gmt":"2025-05-20T18:42:14","guid":{"rendered":"https:\/\/electricstore.eu\/p\/uncategorized\/bike-rack-holder-storage-bicycle-repair-stand-aluminum-alloy-cycle-peer-heights-adjustable-fold-cycle-professional-repair-tools\/"},"modified":"2025-05-20T18:43:29","modified_gmt":"2025-05-20T18:43:29","slug":"bike-rack-holder-storage-bicycle-repair-stand-aluminum-alloy-cycle-peer-heights-adjustable-fold-cycle-professional-repair-tools","status":"publish","type":"product","link":"https:\/\/electricstore.eu\/lt\/p\/a\/bike-rack-holder-storage-bicycle-repair-stand-aluminum-alloy-cycle-peer-heights-adjustable-fold-cycle-professional-repair-tools\/","title":{"rendered":"Dvira\u010di\u0173 laikiklio laikiklis, dvira\u010di\u0173 remonto stovas, aliuminio lydinio, reguliuojamo auk\u0161\u010dio, sulankstomas dviratis, profesional\u016bs remonto \u012frankiai"},"content":{"rendered":"<div class=\"product-specs-list-container\">\n<ul class=\"product-specs-list util-clearfix\">\n<li class=\"product-prop line-limit-length\"><span\n                                        class=\"property-title\">Kilm\u0117:&nbsp;<\/span><span\n                                        class=\"property-desc line-limit-length\">\u017demynin\u0117 Kinija<\/span>\n                            <\/li>\n<\/ul><\/div>\n<div class=\"detailmodule_html\">\n<div class=\"detail-desc-decorate-richtext\">\n<p>Funkcija:\n<\/p>\n<p>Tvirtas ir patvarus: \u0161is dvira\u010di\u0173 remonto stovas pagamintas i\u0161 tvirto aliuminio lydinio ir gali gabenti sunkius dvira\u010dius, sverian\u010dius iki 45 kg, \u012fskaitant elektrinius dvira\u010dius, dvira\u010dius su fat padangomis ir plento dvira\u010dius. Kaln\u0173 dvira\u010diai. Tinka dvira\u010di\u0173 remontininkams namuose arba dirbtuv\u0117se.\n<\/p>\n<p>Tvirtas r\u0117mo stabilumas: Dvira\u010dio laikiklis turi tvirt\u0105, tvirt\u0105 r\u0117m\u0105 ir fiksuot\u0105 koj\u0173 konstrukcij\u0105, kad b\u016bt\u0173 u\u017etikrintas maksimalus stabilumas. Repl\u0117s turi reguliuojamus guminius \u017eandikaulius ant galvos, kurie tvirtai pritvirtina dvirat\u012f vietoje, ta\u010diau nesubrai\u017eo da\u017eyto pavir\u0161iaus.\n<\/p>\n<p>Patogus auk\u0161\u010dio reguliavimas: pritaikykite laikikl\u012f pagal savo ergonominius poreikius, auk\u0161t\u012f galima reguliuoti, kad suma\u017e\u0117t\u0173 poreikis lenktis ar prit\u016bpti, taip pagerinant j\u016bs\u0173 na\u0161um\u0105 atliekant dvira\u010dio prie\u017ei\u016br\u0105.\n<\/p>\n<p>Patogus \u012franki\u0173 d\u0117klas: laikykite savo \u012frankius tvarkingus ir lengvai pasiekiamus naudodami papildomus \u012franki\u0173 d\u0117klus, puikiai tinkan\u010dius var\u017etams, atsuktuvams, galvut\u0117ms ir kt. laikyti. \u0160i funkcija u\u017etikrina, kad tur\u0117tum\u0117te visus reikalingus \u012frankius, kad i\u0161vengtum\u0117te darbo pertraukim\u0173.\n<\/p>\n<p>Sulankstomas dizainas: \u0161is dvira\u010di\u0173 stovas yra sulankstomas, tod\u0117l j\u012f galima lengvai surinkti, i\u0161ardyti ir laikyti. Puikiai tinka mobiliems mechanikams ar dirbtuv\u0117ms. Skland\u017eiai veikianti koj\u0173 atrama leid\u017eia greitai patraukti abi kojas.\n<\/p>\n<\/p>\n<p>Specifikacija:\n<\/p>\n<p>Pavadinimas: Dvira\u010di\u0173 remonto stovas\n<\/p>\n<p>Spalva: \u0160ampano\n<\/p>\n<p>Produkto med\u017eiaga: aliuminio lydinys\n<\/p>\n<p>K\u0117limo diapazonas: 98\u2013159 cm\n<\/p>\n<p>Maksimali apkrova: apie 45 kg\n<\/p>\n<\/p>\n<p>Pakuot\u0117s priedai:\n<\/p>\n<p>1 vnt. dvira\u010di\u0173 remonto stovo\n<\/p>\n<p><img decoding=\"async\" src=\"https:\/\/ae01.alicdn.com\/kf\/Aeaf00512807945f3bfd5626e71854eeb9.jpg\" slate-data-type=\"image\"\/><img decoding=\"async\" src=\"https:\/\/ae01.alicdn.com\/kf\/A03c411091bd642b7973a680f3ba9fb459.jpg\" slate-data-type=\"image\"\/><img decoding=\"async\" src=\"https:\/\/ae01.alicdn.com\/kf\/Ac206a81c61864c8eae037a1ed9b54fe0K.jpg\" slate-data-type=\"image\"\/><img decoding=\"async\" src=\"https:\/\/ae01.alicdn.com\/kf\/A1900d7edc1a645e495ba5a26ba411bd7n.jpg\" slate-data-type=\"image\"\/><img decoding=\"async\" src=\"https:\/\/ae01.alicdn.com\/kf\/Adabe93e4fc2a40a0b8d20f4285eace09O.jpg\" slate-data-type=\"image\"\/><img decoding=\"async\" src=\"https:\/\/ae01.alicdn.com\/kf\/Af5b39cc10e154395a0c2ee45bc46e13cr.jpg\" slate-data-type=\"image\"\/><img decoding=\"async\" src=\"https:\/\/ae01.alicdn.com\/kf\/A04f7da18105c43269c5bc64a096af83dj.jpg\" slate-data-type=\"image\"\/><img decoding=\"async\" src=\"https:\/\/ae01.alicdn.com\/kf\/A65a8c2da09804400af05e4f0048eed413.jpg\" slate-data-type=\"image\"\/><img decoding=\"async\" src=\"https:\/\/ae01.alicdn.com\/kf\/Aa3977084e85046c686598bf6e4026b27p.jpg\" slate-data-type=\"image\"\/><img decoding=\"async\" src=\"https:\/\/ae01.alicdn.com\/kf\/A1b6da4e2270e403880d2a68ae99c90b3i.jpg\" slate-data-type=\"image\"\/><\/p>\n<\/div>\n<\/div>","protected":false},"excerpt":{"rendered":"<p>Origin:&nbsp;Mainland China Feature\uff1a Sturdy and durable: This bicycle repair rack is made of sturdy aluminum alloy and can carry heavy bicycles weighing up to 45 kg, including electric bicycles, fat<\/p>","protected":false},"featured_media":24730,"comment_status":"open","ping_status":"closed","template":"","meta":{"_acf_changed":false},"product_brand":[],"product_cat":[525],"product_tag":[],"class_list":{"0":"post-24729","1":"product","2":"type-product","3":"status-publish","4":"has-post-thumbnail","6":"product_cat-a","8":"first","9":"instock","10":"shipping-taxable","11":"purchasable","12":"product-type-simple"},"acf":[],"_links":{"self":[{"href":"https:\/\/electricstore.eu\/lt\/wp-json\/wp\/v2\/product\/24729","targetHints":{"allow":["GET"]}}],"collection":[{"href":"https:\/\/electricstore.eu\/lt\/wp-json\/wp\/v2\/product"}],"about":[{"href":"https:\/\/electricstore.eu\/lt\/wp-json\/wp\/v2\/types\/product"}],"replies":[{"embeddable":true,"href":"https:\/\/electricstore.eu\/lt\/wp-json\/wp\/v2\/comments?post=24729"}],"wp:featuredmedia":[{"embeddable":true,"href":"https:\/\/electricstore.eu\/lt\/wp-json\/wp\/v2\/media\/24730"}],"wp:attachment":[{"href":"https:\/\/electricstore.eu\/lt\/wp-json\/wp\/v2\/media?parent=24729"}],"wp:term":[{"taxonomy":"product_brand","embeddable":true,"href":"https:\/\/electricstore.eu\/lt\/wp-json\/wp\/v2\/product_brand?post=24729"},{"taxonomy":"product_cat","embeddable":true,"href":"https:\/\/electricstore.eu\/lt\/wp-json\/wp\/v2\/product_cat?post=24729"},{"taxonomy":"product_tag","embeddable":true,"href":"https:\/\/electricstore.eu\/lt\/wp-json\/wp\/v2\/product_tag?post=24729"}],"curies":[{"name":"wp","href":"https:\/\/api.w.org\/{rel}","templated":true}]}}