{"id":24721,"date":"2025-05-20T18:42:10","date_gmt":"2025-05-20T18:42:10","guid":{"rendered":"https:\/\/electricstore.eu\/p\/uncategorized\/homcom-electric-motorcycle-3-years-with-3-wheels-lights-music-3-km-h-86x42x52cm\/"},"modified":"2025-05-20T18:43:28","modified_gmt":"2025-05-20T18:43:28","slug":"homcom-electric-motorcycle-3-years-with-3-wheels-lights-music-3-km-h-86x42x52cm","status":"publish","type":"product","link":"https:\/\/electricstore.eu\/lt\/p\/motorbikes\/electric-children-motorbikes\/homcom-electric-motorcycle-3-years-with-3-wheels-lights-music-3-km-h-86x42x52cm\/","title":{"rendered":"HOMCOM elektrinis motociklas + 3 metai su 3 ratais, \u0161viesomis, muzika, 3 km\/h, 86x42x52cm"},"content":{"rendered":"<div class=\"product-specs-list-container\">\n<ul class=\"product-specs-list util-clearfix\">\n<li class=\"product-prop line-limit-length\"><span\n                                        class=\"property-title\">Kilm\u0117:&nbsp;<\/span><span\n                                        class=\"property-desc line-limit-length\">\u017demynin\u0117 Kinija<\/span>\n                            <\/li>\n<li class=\"product-prop line-limit-length\"><span\n                                        class=\"property-title\">Savyb\u0117s:&nbsp;<\/span><span\n                                        class=\"property-desc line-limit-length\">Va\u017eiuokite toliau<\/span>\n                            <\/li>\n<li class=\"product-prop line-limit-length\"><span\n                                        class=\"property-title\">Sertifikatas:&nbsp;<\/span><span\n                                        class=\"property-desc line-limit-length\"><\/span>\n                            <\/li>\n<\/ul><\/div>\n<div class=\"detailmodule_html\">\n<div class=\"detail-desc-decorate-richtext\">\n<p><\/p>\n<div>\n <br \/>&amp; Iexcl; Nuo ko prasideda nuotykiai! \u0160is \u201eHOMCOM\u201c elektrinis paspirtukas su 3 ratais bus puikus nuotyki\u0173 palydovas bet kuriam vaikui. Pilnai \u012fkrovus, nuva\u017eiuosite iki 45 minu\u010di\u0173, tod\u0117l gal\u0117site keliauti po m\u0117gstamiausias vietas kaip tikras vairuotojas ir va\u017eiuoti tik saugiu 3 km\/h grei\u010diu. Su priekiniais \u017eibintais \u0161is dviratis si\u016blo itin tikrovi\u0161k\u0105 vairavimo patirt\u012f, kad vaikai gal\u0117t\u0173 smagiai praleisti laik\u0105.<br \/>\n\n<\/div>\n<div class=\"lc-1\">\n<div class=\"f-line\">\n<div class=\"fts\">\n<div>\n    <strong>Savyb\u0117s:<\/strong><br \/>\n    <br \/>\u25cf Elektrin\u0117 vaiki\u0161ka transporto priemon\u0117 su realisti\u0161ku dizainu ir funkcijomis, tokiomis kaip 2 priekiniai \u017eibintai;\n<\/div>\n<div>\n\u25cf Jud\u0117kite l\u0117tai, kad vaikas gal\u0117t\u0173 numatyti netik\u0117tas situacijas ir \u012f jas reaguoti;\n<\/div>\n<div>\n\u25cf \u0160iame akumuliatoriniame dviratyje yra muzika, kuri \u012fjungiama paspaudus mygtuk\u0105;\n<\/div>\n<div>\n\u25cf 3 pla\u010dios padangos u\u017etikrina stabil\u0173 ir skland\u0173 va\u017eiavim\u0105;\n<\/div>\n<div>\n\u25cf Greitis gali siekti daugiausia 3 km\/h;\n<\/div>\n<div>\n\u25cf Pilnai \u012fkrovus, veikimo laikas \u2013 apie 45 minutes;\n<\/div>\n<div>\n\u25cf Rekomenduojama vaikams nuo 3 met\u0173 ir iki 25 kg;\n<\/div>\n<div>\n\u25cf \u0160is vaiki\u0161kas motociklas skatina \u012fvairi\u0173 \u012fg\u016bd\u017ei\u0173, toki\u0173 kaip rank\u0173 ir aki\u0173 koordinacija, vystym\u0105si;\n<\/div>\n<div>\n\u25cf Reikalingas montavimas;\n<\/div>\n<div>\n\u25cf Svarbu: Visada naudokite pri\u017ei\u016brint suaugusiajam;<br \/>\n\n   <\/div><\/div><\/div>\n<\/div>\n<div class=\"lc-1\">\n<div class=\"f-line\">\n<div class=\"fts\">\n<div>\n    <strong>Specifikacijos:<\/strong><br \/>\n    <br \/>\u25cf Spalva: raudona ir juoda\/m\u0117lyna;\n<\/div>\n<div>\n\u25cf Med\u017eiaga: polipropilenas (PP), metalas;\n<\/div>\n<div>\n\u25cf Bendri matmenys: 86 x 42 x 52 cm (ilgis x i\u0161orinis plotis x i\u0161orinis plotis);\n<\/div>\n<div>\n\u25cf Rat\u0173 matmenys: \u00d8 23 \u00d7 7,5 cm (DIAMxAN);\n<\/div>\n<div>\n\u25cf \u012ekrovimo laikas: 8\u201312 valand\u0173;\n<\/div>\n<div>\n\u25cf Baterijos veikimo laikas: 45 minut\u0117s (pilnai \u012fkrauta);\n<\/div>\n<div>\n\u25cf Variklis: 25 W;\n<\/div>\n<div>\n\u25cf \u012ekroviklis: 6V \/ 500MA;\n<\/div>\n<div>\n\u25cf Did\u017eiausias palaikomas svoris: 25 kg;\n<\/div>\n<div>\n\u25cf Tinka vaikams: vyresniems nei 3 met\u0173;\n<\/div>\n<div>\n\u25cf Nuoroda: 370-102RD\/370-102BU;<br \/>\n\n   <\/div><\/div><\/div>\n<\/div>\n<div>\n <img decoding=\"async\" width=\"1000    \" height=\"35\" src=\"https:\/\/ae01.alicdn.com\/kf\/HTB1KhgjkfiSBuNkSnhJq6zDcpXaR.jpg\" slate-data-type=\"image\" \/>\n<\/div>\n<div class=\"content01\">\n<div class=\"content_img\">\n  <img decoding=\"async\" width=\"1000\" src=\"https:\/\/ae01.alicdn.com\/kf\/H70614f8129544824ab0c7d099a3ef9aaC.jpg\" slate-data-type=\"image\" \/>\n <\/div>\n<div class=\"content_img\">\n  <img decoding=\"async\" width=\"1000\" src=\"https:\/\/ae01.alicdn.com\/kf\/H9cbca82ec0f34df6bc382192a0ae4fd4G.jpg\" slate-data-type=\"image\" \/>\n <\/div>\n<div class=\"content_img\">\n  <img decoding=\"async\" width=\"1000\" src=\"https:\/\/ae01.alicdn.com\/kf\/He21326f0f8e145e48f32f1cfbfe9d369f.jpg\" slate-data-type=\"image\" \/>\n <\/div>\n<div class=\"content_img\">\n  <img decoding=\"async\" width=\"1000\" src=\"https:\/\/ae01.alicdn.com\/kf\/He6920fc9da1242eea230ccf1e67e6854Q.jpg\" slate-data-type=\"image\" \/>\n <\/div>\n<div class=\"content_img\">\n  <img decoding=\"async\" width=\"1000\" src=\"https:\/\/ae01.alicdn.com\/kf\/Hcdd359b5f57a41df9fd20bd7c4998b72U.jpg\" slate-data-type=\"image\" \/>\n <\/div>\n<div class=\"content_img\">\n  <img decoding=\"async\" width=\"1000\" src=\"https:\/\/ae01.alicdn.com\/kf\/Hd2824e6f3c1446b383c9dc3797cc51276.jpg\" slate-data-type=\"image\" \/>\n <\/div>\n<div class=\"content_img\">\n  <img decoding=\"async\" width=\"1000\" src=\"https:\/\/ae01.alicdn.com\/kf\/H79c926e88feb4b258588fb5c8581f499u.jpg\" slate-data-type=\"image\" \/>\n <\/div>\n<div class=\"content_img\">\n  <img decoding=\"async\" width=\"1000\" src=\"https:\/\/gsp.aliexpress.com\/apps\/product\/publish?spm=5261.ProductManageOnline.0.0.7d564edfWFvxkZ&amp;productId=4001337167822\" slate-data-type=\"image\" \/>\n <\/div>\n<\/div>\n<div>\n <img fetchpriority=\"high\" decoding=\"async\" width=\"1000\" height=\"1881\" src=\"https:\/\/ae01.alicdn.com\/kf\/HTB1i.OtVMHqK1RjSZFkq6x.WFXaT.jpg\" slate-data-type=\"image\" \/>\n<\/div>\n<p><\/p>\n<\/div>\n<\/div>","protected":false},"excerpt":{"rendered":"<p>Origin:&nbsp;Mainland China Features:&nbsp;Ride On Certificate:&nbsp; &amp; Iexcl; What starts the adventure! This HOMCOM electric scooter with 3 wheels will be the perfect adventure companion for any child. With a range<\/p>","protected":false},"featured_media":24722,"comment_status":"open","ping_status":"closed","template":"","meta":{"_acf_changed":false},"product_brand":[],"product_cat":[313],"product_tag":[],"class_list":{"0":"post-24721","1":"product","2":"type-product","3":"status-publish","4":"has-post-thumbnail","6":"product_cat-electric-children-motorbikes","8":"first","9":"instock","10":"shipping-taxable","11":"purchasable","12":"product-type-variable"},"acf":[],"_links":{"self":[{"href":"https:\/\/electricstore.eu\/lt\/wp-json\/wp\/v2\/product\/24721","targetHints":{"allow":["GET"]}}],"collection":[{"href":"https:\/\/electricstore.eu\/lt\/wp-json\/wp\/v2\/product"}],"about":[{"href":"https:\/\/electricstore.eu\/lt\/wp-json\/wp\/v2\/types\/product"}],"replies":[{"embeddable":true,"href":"https:\/\/electricstore.eu\/lt\/wp-json\/wp\/v2\/comments?post=24721"}],"wp:featuredmedia":[{"embeddable":true,"href":"https:\/\/electricstore.eu\/lt\/wp-json\/wp\/v2\/media\/24722"}],"wp:attachment":[{"href":"https:\/\/electricstore.eu\/lt\/wp-json\/wp\/v2\/media?parent=24721"}],"wp:term":[{"taxonomy":"product_brand","embeddable":true,"href":"https:\/\/electricstore.eu\/lt\/wp-json\/wp\/v2\/product_brand?post=24721"},{"taxonomy":"product_cat","embeddable":true,"href":"https:\/\/electricstore.eu\/lt\/wp-json\/wp\/v2\/product_cat?post=24721"},{"taxonomy":"product_tag","embeddable":true,"href":"https:\/\/electricstore.eu\/lt\/wp-json\/wp\/v2\/product_tag?post=24721"}],"curies":[{"name":"wp","href":"https:\/\/api.w.org\/{rel}","templated":true}]}}