{"id":24714,"date":"2025-05-20T18:42:05","date_gmt":"2025-05-20T18:42:05","guid":{"rendered":"https:\/\/electricstore.eu\/p\/uncategorized\/homcom-bicycle-roller-with-adjustable-resistance-8-levels-77x56x475\/"},"modified":"2025-05-20T18:43:08","modified_gmt":"2025-05-20T18:43:08","slug":"homcom-bicycle-roller-with-adjustable-resistance-8-levels-77x56x475","status":"publish","type":"product","link":"https:\/\/electricstore.eu\/lt\/p\/a\/homcom-bicycle-roller-with-adjustable-resistance-8-levels-77x56x475\/","title":{"rendered":"HOMCOM dvira\u010dio volelis su reguliuojamu pasiprie\u0161inimu, 8 lygiai, 77x56x47,5"},"content":{"rendered":"<div class=\"product-specs-list-container\">\n<ul class=\"product-specs-list util-clearfix\">\n<li class=\"product-prop line-limit-length\"><span\n                                        class=\"property-title\">Prek\u0117s \u017eenklas:&nbsp;<\/span><span\n                                        class=\"property-desc line-limit-length\">HOMCOM<\/span>\n                            <\/li>\n<li class=\"product-prop line-limit-length\"><span\n                                        class=\"property-title\">Kilm\u0117:&nbsp;<\/span><span\n                                        class=\"property-desc line-limit-length\">\u017demynin\u0117 Kinija<\/span>\n                            <\/li>\n<\/ul><\/div>\n<div class=\"detailmodule_html\">\n<div class=\"detail-desc-decorate-richtext\">\n<p><\/p>\n<div style=\"overflow:visible;height:auto\" class=\"lc-1\">\n<div class=\"f-line\">\n<div class=\"fts\">\n<div>\n&amp; Iquest; Norite atsikratyti k\u016bno pertekliaus fat bet kada ir bet kur? &amp; Iquest; Norite treniruotis dvira\u010diu, nepriklausomai nuo oro s\u0105lyg\u0173? \u0160is HOMCOM treniruo\u010di\u0173 dvira\u010dio volelis yra idealus sprendimas \u0161ioms problemoms. J\u012f lengva naudoti, o treniruo\u010di\u0173 metu jis apsaugo juosmen\u012f ir kelius. Jis turi 8 magnetinio pasiprie\u0161inimo lygius, kad prisitaikyt\u0173 prie skirting\u0173 treniruo\u010di\u0173. Lyg to b\u016bt\u0173 ma\u017ea, \u0161is dvira\u010dio volelis treniruot\u0117ms patalpose yra sulankstomas, tod\u0117l j\u012f lengva laikyti ir transportuoti.<\/p><\/div><\/div><\/div>\n<\/div>\n<div class=\"lc-1\">\n<div class=\"f-line\">\n<div class=\"fts\">\n<div>\n    <strong>Savyb\u0117s:<\/strong><br \/>\n    <br \/>\u2022 Puiki alternatyva pasiva\u017ein\u0117jimams lauke, kai lyja arba yra intensyvus eismas, padedantis pagerinti va\u017eiavimo dvira\u010diu \u012fg\u016bd\u017eius<br \/>\n<br \/>\u2022 Sulankstomas dizainas palengvina laikym\u0105 ir transportavim\u0105<br \/>\n<br \/>\u2022 8 pasiprie\u0161inimo lygiai atitinka skirtingus treniruo\u010di\u0173 poreikius, tod\u0117l galite j\u012f pritaikyti pagal savo fizin\u0117s b\u016bkl\u0117s ger\u0117jim\u0105<br \/>\n<br \/>\u2022 Pagaminta i\u0161 auk\u0161tos kokyb\u0117s metalo ir polipropileno (PP)<br \/>\n<br \/>\u2022 Tinka plento arba kaln\u0173 dvira\u010diams su 650C, 700C arba 26\u201329 coli\u0173 ratais.<\/p><\/div><\/div><\/div>\n<\/div>\n<div class=\"lc-1\">\n<div class=\"f-line\">\n<div class=\"fts\">\n<div>\n    <strong>Specifikacijos:<\/strong><br \/>\n    <br \/>\u2022 Spalva: M\u0117lyna<br \/>\n<br \/>\u2022 Med\u017eiaga: metalas, polipropilenas (PP), nailonas<br \/>\n<br \/>\u2022 Bendri matmenys: 77 x 56 x 47,5 cm (ilgis x i\u0161orinis plotis x i\u0161orinis pavir\u0161ius)<br \/>\n<br \/>\u2022 Pridedami priedai: priekinio rato amortizatoriaus pagalv\u0117l\u0117, greito i\u0161ardymo strypas, didelis dvira\u010dio jungiklis, ver\u017eliaraktis<br \/>\n<br \/>\u2022 Nuoroda: AA0-066<\/p>\n<p>\n   <\/div><\/div><\/div>\n<\/div>\n<div>\n <img decoding=\"async\" width=\"1000    \" height=\"35\" src=\"https:\/\/ae01.alicdn.com\/kf\/HTB1KhgjkfiSBuNkSnhJq6zDcpXaR.jpg\" slate-data-type=\"image\" \/>\n<\/div>\n<div class=\"content01\">\n<div class=\"content_img\">\n  <img decoding=\"async\" width=\"1000\" src=\"https:\/\/ae01.alicdn.com\/kf\/H581840f366d847e8a1e9800a41f8627ab.jpg\" slate-data-type=\"image\" \/>\n <\/div>\n<div class=\"content_img\">\n  <img decoding=\"async\" width=\"1000\" src=\"https:\/\/ae01.alicdn.com\/kf\/Hfe82448c70444edf895f8366e6d2f523E.jpg\" slate-data-type=\"image\" \/>\n <\/div>\n<div class=\"content_img\">\n  <img decoding=\"async\" width=\"1000\" src=\"https:\/\/ae01.alicdn.com\/kf\/H29217f1e606b46e7b19677af60c8421aO.jpg\" slate-data-type=\"image\" \/>\n <\/div>\n<div class=\"content_img\">\n  <img decoding=\"async\" width=\"1000\" src=\"https:\/\/ae01.alicdn.com\/kf\/H60d510e4d7644883b61a6c189f69a4a0O.jpg\" slate-data-type=\"image\" \/>\n <\/div>\n<div class=\"content_img\">\n  <img decoding=\"async\" width=\"1000\" src=\"https:\/\/ae01.alicdn.com\/kf\/H5cdaba8cc5104284bba1bd81df5a3b7ft.jpg\" slate-data-type=\"image\" \/>\n <\/div>\n<div class=\"content_img\">\n  <img decoding=\"async\" width=\"1000\" src=\"https:\/\/ae01.alicdn.com\/kf\/H28cb1b05e5f841958e9d2299742b6b01T.jpg\" slate-data-type=\"image\" \/>\n <\/div>\n<div class=\"content_img\">\n  <img decoding=\"async\" width=\"1000\" src=\"https:\/\/gsp.aliexpress.com\/apps\/product\/publish?spm=5261.ProductManageOnline.0.0.d2a64edfSJ3idI&amp;productId=4001283700647\" slate-data-type=\"image\" \/>\n <\/div>\n<div class=\"content_img\">\n  <img decoding=\"async\" width=\"1000\" src=\"https:\/\/gsp.aliexpress.com\/apps\/product\/publish?spm=5261.ProductManageOnline.0.0.d2a64edfSJ3idI&amp;productId=4001283700647\" slate-data-type=\"image\" \/>\n <\/div>\n<\/div>\n<div>\n <img fetchpriority=\"high\" decoding=\"async\" width=\"1000\" height=\"1881\" src=\"https:\/\/ae01.alicdn.com\/kf\/HTB1i.OtVMHqK1RjSZFkq6x.WFXaT.jpg\" slate-data-type=\"image\" \/>\n<\/div>\n<p><\/p>\n<\/div>\n<\/div>","protected":false},"excerpt":{"rendered":"<p>Brand Name:&nbsp;HOMCOM Origin:&nbsp;Mainland China &amp; Iquest; You want to get rid of your excess body fat anytime, anywhere? &amp; Iquest; You want to train on your bike regardless of the<\/p>","protected":false},"featured_media":24716,"comment_status":"open","ping_status":"closed","template":"","meta":{"_acf_changed":false},"product_brand":[],"product_cat":[525],"product_tag":[],"class_list":{"0":"post-24714","1":"product","2":"type-product","3":"status-publish","4":"has-post-thumbnail","6":"product_cat-a","8":"first","9":"instock","10":"shipping-taxable","11":"purchasable","12":"product-type-variable"},"acf":[],"_links":{"self":[{"href":"https:\/\/electricstore.eu\/lt\/wp-json\/wp\/v2\/product\/24714","targetHints":{"allow":["GET"]}}],"collection":[{"href":"https:\/\/electricstore.eu\/lt\/wp-json\/wp\/v2\/product"}],"about":[{"href":"https:\/\/electricstore.eu\/lt\/wp-json\/wp\/v2\/types\/product"}],"replies":[{"embeddable":true,"href":"https:\/\/electricstore.eu\/lt\/wp-json\/wp\/v2\/comments?post=24714"}],"wp:featuredmedia":[{"embeddable":true,"href":"https:\/\/electricstore.eu\/lt\/wp-json\/wp\/v2\/media\/24716"}],"wp:attachment":[{"href":"https:\/\/electricstore.eu\/lt\/wp-json\/wp\/v2\/media?parent=24714"}],"wp:term":[{"taxonomy":"product_brand","embeddable":true,"href":"https:\/\/electricstore.eu\/lt\/wp-json\/wp\/v2\/product_brand?post=24714"},{"taxonomy":"product_cat","embeddable":true,"href":"https:\/\/electricstore.eu\/lt\/wp-json\/wp\/v2\/product_cat?post=24714"},{"taxonomy":"product_tag","embeddable":true,"href":"https:\/\/electricstore.eu\/lt\/wp-json\/wp\/v2\/product_tag?post=24714"}],"curies":[{"name":"wp","href":"https:\/\/api.w.org\/{rel}","templated":true}]}}