{"id":24676,"date":"2025-05-20T18:41:38","date_gmt":"2025-05-20T18:41:38","guid":{"rendered":"https:\/\/electricstore.eu\/p\/uncategorized\/homcom-3-6-year-old-kids-electric-car-with-2-motors-and-remote-control-12v-110x68x52-cm-black\/"},"modified":"2025-05-20T18:42:20","modified_gmt":"2025-05-20T18:42:20","slug":"homcom-3-6-year-old-kids-electric-car-with-2-motors-and-remote-control-12v-110x68x52-cm-black","status":"publish","type":"product","link":"https:\/\/electricstore.eu\/lt\/p\/o\/homcom-3-6-year-old-kids-electric-car-with-2-motors-and-remote-control-12v-110x68x52-cm-black\/","title":{"rendered":"HOMCOM 3-6 met\u0173 vaikams skirtas elektrinis automobilis su 2 varikliais ir nuotolinio valdymo pultu 12V 110x68x52 cm juodas"},"content":{"rendered":"<div class=\"product-specs-list-container\">\n<ul class=\"product-specs-list util-clearfix\">\n<li class=\"product-prop line-limit-length\"><span\n                                        class=\"property-title\">Prek\u0117s \u017eenklas:&nbsp;<\/span><span\n                                        class=\"property-desc line-limit-length\">HOMCOM<\/span>\n                            <\/li>\n<li class=\"product-prop line-limit-length\"><span\n                                        class=\"property-title\">Savyb\u0117s:&nbsp;<\/span><span\n                                        class=\"property-desc line-limit-length\">Va\u017eiuokite toliau<\/span>\n                            <\/li>\n<\/ul><\/div>\n<div class=\"detailmodule_html\">\n<div class=\"detail-desc-decorate-richtext\">\n<p><\/p>\n<div style=\"overflow:visible;height:auto\" class=\"lc-1\">\n<div class=\"f-line\">\n<div class=\"fts\">\n<div>\nJei ie\u0161kote elektrin\u0117s vaiki\u0161kos transporto priemon\u0117s savo vaikams, per\u017ei\u016br\u0117kite \u0161\u012f HOMCOM vaiki\u0161k\u0105 automobil\u012f. Jame yra USB lizdas, TF ir pagalbin\u0117 MP3 prijungimo jungtis, priekiniai \u017eibintai su ap\u0161vietimu, saugos dir\u017eas, i\u0161 anksto \u012fdiegta muzika ir ypa\u010d pla\u010dios padangos. J\u012f gali vairuoti vaikai su automobilio vairu arba suaug\u0119s asmuo su pridedamu nuotolinio valdymo pultu.\n<\/div><\/div><\/div>\n<\/div>\n<div class=\"lc-1\">\n<div class=\"f-line\">\n<div class=\"fts\">\n<div>\n    <strong>Savyb\u0117s:<\/strong>\n   <\/div>\n<div>\n\u25cf Du varikliai u\u017etikrina geresn\u012f sukibim\u0105 ir va\u017eiavim\u0105 \u017eole ar nelygiu dirvo\u017eemiu<br \/>\n<br \/>\u25cf Lengvas perk\u0117limas st\u016bmimo rankena ir pagalbiniais ratukais<br \/>\n<br \/>\u25cf Maitinimo indikatorius, rodantis, kiek liko akumuliatoriaus \u012fkrovos<br \/>\n<br \/>\u25cf LED priekiniai ir galiniai \u017eibintai bei garso signalas<br \/>\n<br \/>\u25cf L\u0117to u\u017evedimo mechanizmas suteikia j\u016bs\u0173 vaikui maksimali\u0105 apsaug\u0105<br \/>\n<br \/>\u25cf Dviej\u0173 grei\u010di\u0173 reguliavimas (rankinis) arba trij\u0173 grei\u010di\u0173 (nuotolinio valdymo pultas), maksimalus greitis 5 km\/h<br \/>\n<br \/>\u25cf Su 2 vairavimo re\u017eimais: rankiniu b\u016bdu su vairu arba 2,4G nuotolinio valdymo pultu<br \/>\n<br \/>\u25cf Muzikos funkcija, multimedijos centras ir USB \u012fvestis, AUX s\u0105saja (su laidu)<br \/>\n<br \/>\u25cf Reikalingas montavimas<br \/>\n\n   <\/div><\/div><\/div>\n<\/div>\n<div class=\"lc-1\">\n<div class=\"f-line\">\n<div class=\"fts\">\n<div>\n    <strong>Specifikacijos:<\/strong>\n   <\/div>\n<div>\n-Spalva: Juoda<br \/>\n<br \/>-Med\u017eiaga: PP, metalas<br \/>\n<br \/>-Bendri matmenys: 110 x 68 x 52 cm (ilgis x plotis x auk\u0161tis)<br \/>\n<br \/>-S\u0117dyn\u0117s matmenys: 39 \u00d7 21,5 \u00d7 14 cm (s\u0117dyn\u0117 iki grind\u0173)<br \/>\n<br \/>-Rat\u0173 matmenys: \u00d8 23,5 cm<br \/>\n<br \/>-Greitis: 3\u20135 km\/val.<br \/>\n<br \/>-Akumuliatorius: 12 V 4,5 Ah x 1<br \/>\n<br \/>-Variklis: 30 W x 2<br \/>\n<br \/>-Valdymo nuotolis: 25 m<br \/>\n<br \/>-\u012ekrovimo laikas: 8\u201312 valand\u0173<br \/>\n<br \/>-Autonomija: 1 valanda (su pilna apkrova)<br \/>\n<br \/>-Rekomenduojamas am\u017eius: 37\u201372 m\u0117nesiai<br \/>\n<br \/>-Sertifikatai: 71-1-2-3, 62115, EMC, ROHS, ERP, MSDS<br \/>\n<br \/>-Did\u017eiausia apkrova: 30 kg<br \/>\n<br \/>-Baterijos: 2 x AA (nepridedamos)<br \/>\n<br \/>-Nuoroda: 370-217V90BK<br \/>\n<br \/>Pastaba: Visada naudokite pri\u017ei\u016brint suaugusiajam<br \/>\n\n   <\/div><\/div><\/div>\n<\/div>\n<div>\n <img decoding=\"async\" width=\"1000    \" height=\"35\" src=\"https:\/\/ae01.alicdn.com\/kf\/HTB1KhgjkfiSBuNkSnhJq6zDcpXaR.jpg\" slate-data-type=\"image\" \/>\n<\/div>\n<div class=\"content01\">\n<div class=\"content_img\">\n  <img decoding=\"async\" width=\"1000\" src=\"https:\/\/ae04.alicdn.com\/kf\/S6f3232904d2d430eb1080880defcc687L.jpg\" slate-data-type=\"image\" \/>\n <\/div>\n<div class=\"content_img\">\n  <img decoding=\"async\" width=\"1000\" src=\"https:\/\/ae04.alicdn.com\/kf\/S98e47e773a424676a86e44a825a1172ax.jpg\" slate-data-type=\"image\" \/>\n <\/div>\n<div class=\"content_img\">\n  <img decoding=\"async\" width=\"1000\" src=\"https:\/\/ae04.alicdn.com\/kf\/S78adacce884e4e2d8251152be20733aaS.jpg\" slate-data-type=\"image\" \/>\n <\/div>\n<div class=\"content_img\">\n  <img decoding=\"async\" width=\"1000\" src=\"https:\/\/ae04.alicdn.com\/kf\/Sd1e4a1047ce1470bb1f19770adab455cM.jpg\" slate-data-type=\"image\" \/>\n <\/div>\n<div class=\"content_img\">\n  <img decoding=\"async\" width=\"1000\" src=\"https:\/\/ae04.alicdn.com\/kf\/S8ab3209f2944438c9bfc6e4e87a79226e.jpg\" slate-data-type=\"image\" \/>\n <\/div>\n<div class=\"content_img\">\n  <img decoding=\"async\" width=\"1000\" src=\"https:\/\/ae04.alicdn.com\/kf\/S7b1ac00abd2942d2904710caea873118f.jpg\" slate-data-type=\"image\" \/>\n <\/div>\n<\/div>\n<div>\n <img fetchpriority=\"high\" decoding=\"async\" width=\"1000\" height=\"1881\" src=\"https:\/\/ae01.alicdn.com\/kf\/Ua8ece3e103ed470793ec3cb15da8a01fz.jpg\" slate-data-type=\"image\" \/>\n<\/div>\n<p><\/p>\n<\/div>\n<\/div>","protected":false},"excerpt":{"rendered":"<p>Brand Name:&nbsp;HOMCOM Features:&nbsp;Ride On If you are looking for a children&#8217;s electric vehicle for your children, check out This HOMCOM children&#8217;s car. It has USB slot, TF and an auxiliary<\/p>","protected":false},"featured_media":24677,"comment_status":"open","ping_status":"closed","template":"","meta":{"_acf_changed":false},"product_brand":[],"product_cat":[15],"product_tag":[],"class_list":{"0":"post-24676","1":"product","2":"type-product","3":"status-publish","4":"has-post-thumbnail","6":"product_cat-o","8":"first","9":"instock","10":"shipping-taxable","11":"purchasable","12":"product-type-variable"},"acf":[],"_links":{"self":[{"href":"https:\/\/electricstore.eu\/lt\/wp-json\/wp\/v2\/product\/24676","targetHints":{"allow":["GET"]}}],"collection":[{"href":"https:\/\/electricstore.eu\/lt\/wp-json\/wp\/v2\/product"}],"about":[{"href":"https:\/\/electricstore.eu\/lt\/wp-json\/wp\/v2\/types\/product"}],"replies":[{"embeddable":true,"href":"https:\/\/electricstore.eu\/lt\/wp-json\/wp\/v2\/comments?post=24676"}],"wp:featuredmedia":[{"embeddable":true,"href":"https:\/\/electricstore.eu\/lt\/wp-json\/wp\/v2\/media\/24677"}],"wp:attachment":[{"href":"https:\/\/electricstore.eu\/lt\/wp-json\/wp\/v2\/media?parent=24676"}],"wp:term":[{"taxonomy":"product_brand","embeddable":true,"href":"https:\/\/electricstore.eu\/lt\/wp-json\/wp\/v2\/product_brand?post=24676"},{"taxonomy":"product_cat","embeddable":true,"href":"https:\/\/electricstore.eu\/lt\/wp-json\/wp\/v2\/product_cat?post=24676"},{"taxonomy":"product_tag","embeddable":true,"href":"https:\/\/electricstore.eu\/lt\/wp-json\/wp\/v2\/product_tag?post=24676"}],"curies":[{"name":"wp","href":"https:\/\/api.w.org\/{rel}","templated":true}]}}