{"id":24626,"date":"2025-05-20T18:41:10","date_gmt":"2025-05-20T18:41:10","guid":{"rendered":"https:\/\/electricstore.eu\/p\/uncategorized\/homcom-electric-quad-for-children-18-36-months-6v-advance-reverse-72x40x455cm\/"},"modified":"2025-05-20T18:41:22","modified_gmt":"2025-05-20T18:41:22","slug":"homcom-electric-quad-for-children-18-36-months-6v-advance-reverse-72x40x455cm","status":"publish","type":"product","link":"https:\/\/electricstore.eu\/lt\/p\/o\/homcom-electric-quad-for-children-18-36-months-6v-advance-reverse-72x40x455cm\/","title":{"rendered":"HOMCOM elektrinis keturratis vaikams nuo 18 iki 36 m\u0117nesi\u0173, 6 V, Advance Reverse, 72 x 40 x 45,5 cm"},"content":{"rendered":"<div class=\"product-specs-list-container\">\n<ul class=\"product-specs-list util-clearfix\">\n<li class=\"product-prop line-limit-length\"><span\n                                        class=\"property-title\">Prek\u0117s \u017eenklas:&nbsp;<\/span><span\n                                        class=\"property-desc line-limit-length\">HOMCOM<\/span>\n                            <\/li>\n<li class=\"product-prop line-limit-length\"><span\n                                        class=\"property-title\">Savyb\u0117s:&nbsp;<\/span><span\n                                        class=\"property-desc line-limit-length\">Va\u017eiuokite toliau<\/span>\n                            <\/li>\n<\/ul><\/div>\n<div class=\"detailmodule_html\">\n<div class=\"detail-desc-decorate-richtext\">\n<p>Ar mat\u0117te \u0161\u012f HOMCOM elektrin\u012f keturrat\u012f? Tai puikus b\u016bdas ma\u017eiesiems m\u0117gautis gamta. Pilnai \u012fkrovus, jie gal\u0117s nuva\u017eiuoti iki 50 minu\u010di\u0173 ir keliauti po m\u0117gstamiausias vietas kaip tikri vairuotojai. Su 4 dideliais ratais, patogia rankena ir va\u017eiavimo pirmyn bei atgal mygtukais \u0161i akumuliatorin\u0117 transporto priemon\u0117 si\u016blo itin tikrovi\u0161k\u0105 vairavimo patirt\u012f, kad vaikai gal\u0117t\u0173 smagiai praleisti laik\u0105.<\/p>\n<div class=\"detailmodule_html\">\n<div class=\"detail-desc-decorate-richtext\">\n<div style=\"overflow:visible;height:auto\" class=\"lc-1\">\n<div class=\"f-line\">\n<div class=\"fts\">\n<div>\u00a0<\/div>\n<\/div>\n<\/div>\n<\/div>\n<div class=\"lc-1\">\n<div class=\"f-line\">\n<div class=\"fts\">\n<div><strong>Savyb\u0117s:<\/strong><\/div>\n<div>\u25cf Elektrin\u0117 vaiki\u0161ka transporto priemon\u0117 su labai tikrovi\u0161ku dizainu ir saugiu 2,8\u20134,6 km\/h grei\u010diu;<\/div>\n<div>\u25cf Lengva naudoti, \u0161alia vairo yra pirmyn ir atgal mygtukai;<\/div>\n<div>\u25cf 4 ypa\u010d pla\u010dios padangos saugiam ir skland\u017eiam va\u017eiavimui;<\/div>\n<div>\u25cf Po pilno \u012fkrovimo veikia iki 50 minu\u010di\u0173;<\/div>\n<div>\u25cf Jis turi kabliuk\u0105 automobilio priekyje, kad i\u0161sikrovus akumuliatoriui arba vaikui pavargus va\u017eiuoti keturra\u010diu, j\u012f b\u016bt\u0173 galima patraukti;<\/div>\n<div>\u25cf Reikalingas montavimas;<\/div>\n<div>\u25cf Svarbu: Visada naudokite pri\u017ei\u016brint suaugusiajam;<\/div>\n<div><\/div>\n<\/div>\n<\/div>\n<\/div>\n<div class=\"lc-1\">\n<div class=\"f-line\">\n<div class=\"fts\">\n<div><strong>Specifikacijos:<\/strong><\/div>\n<\/div>\n<\/div>\n<\/div>\n<\/div>\n<\/div>\n<p>\u25cf Spalva: Ro\u017ein\u0117;<\/p>\n<p>\u25cf Med\u017eiaga: polipropilenas ir metalas;<\/p>\n<p>\u25cf Bendri matmenys: 72 x 40 x 45,5 cm (ilgis x i\u0161orinis plotis x i\u0161orinis pavir\u0161ius);<\/p>\n<p>\u25cf S\u0117dyn\u0117s matmenys: 31,5 x 15 x 30 cm (I x A x S);<\/p>\n<p>\u25cf Rat\u0173 skersmuo: \u00d8 19,5 cm;<\/p>\n<p>\u25cf Baterija: 6 V, 4,5 A;<\/p>\n<p>\u25cf \u012ekroviklis: 6 V, 500 mA;<\/p>\n<p>\u25cf \u012ekrovimo laikas: 8\u201312 valand\u0173;<\/p>\n<p>\u25cf Autonomija: 50 minu\u010di\u0173;<\/p>\n<p>\u25cf Did\u017eiausias greitis: 2,8\u20134,6 km\/val.;<\/p>\n<p>\u25cf Rekomenduojamas am\u017eius: nuo 18 iki 36 m\u0117nesi\u0173;<\/p>\n<p>\u25cf Did\u017eiausias palaikomas svoris: 20 kg;<\/p>\n<p>\u25cf Sertifikatai: EN71-1.2.3 ir EN62115;<\/p>\n<p>\u25cf Nuoroda: 370-166V90PK;<\/p>\n<div class=\"detailmodule_html\">\n<div class=\"detail-desc-decorate-richtext\">\n<div class=\"lc-1\">\n<div class=\"f-line\">\n<div class=\"fts\">\n<div><img decoding=\"async\" width=\"1000    \" height=\"35\" src=\"https:\/\/ae01.alicdn.com\/kf\/HTB1KhgjkfiSBuNkSnhJq6zDcpXaR.jpg\" slate-data-type=\"image\"\/><\/div>\n<\/div>\n<\/div>\n<\/div>\n<\/div>\n<\/div>\n<p><img decoding=\"async\" src=\"https:\/\/ae01.alicdn.com\/kf\/S2695d8ea214049228bd1bd8d40b65a45t.jpg\" slate-data-type=\"image\"\/><img decoding=\"async\" src=\"https:\/\/ae01.alicdn.com\/kf\/Se9cba31ec7404a47ac5c51a54c1d3b19p.jpg\" slate-data-type=\"image\"\/><img decoding=\"async\" src=\"https:\/\/ae01.alicdn.com\/kf\/S220f86688bdc47d78e070fcef5e64ce09.jpg\" slate-data-type=\"image\"\/><img decoding=\"async\" src=\"https:\/\/ae01.alicdn.com\/kf\/S2c4775c9cb9d4583acacc67115bead4bs.jpg\" slate-data-type=\"image\"\/><\/p>\n<div class=\"detailmodule_html\">\n<div class=\"detail-desc-decorate-richtext\">\n<div><img fetchpriority=\"high\" decoding=\"async\" width=\"1000\" height=\"1881\" src=\"https:\/\/ae01.alicdn.com\/kf\/Ua8ece3e103ed470793ec3cb15da8a01fz.jpg\" slate-data-type=\"image\"\/><\/div>\n<\/div>\n<\/div>\n<p><\/p>\n<\/div>\n<\/div>","protected":false},"excerpt":{"rendered":"<p>Brand Name:&nbsp;HOMCOM Features:&nbsp;Ride On Have You Seen This HOMCOM electric quad? It is a good way for the little ones to enjoy outdoors. With a range of up to 50<\/p>","protected":false},"featured_media":24628,"comment_status":"open","ping_status":"closed","template":"","meta":{"_acf_changed":false},"product_brand":[],"product_cat":[15],"product_tag":[],"class_list":{"0":"post-24626","1":"product","2":"type-product","3":"status-publish","4":"has-post-thumbnail","6":"product_cat-o","8":"first","9":"instock","10":"shipping-taxable","11":"purchasable","12":"product-type-variable"},"acf":[],"_links":{"self":[{"href":"https:\/\/electricstore.eu\/lt\/wp-json\/wp\/v2\/product\/24626","targetHints":{"allow":["GET"]}}],"collection":[{"href":"https:\/\/electricstore.eu\/lt\/wp-json\/wp\/v2\/product"}],"about":[{"href":"https:\/\/electricstore.eu\/lt\/wp-json\/wp\/v2\/types\/product"}],"replies":[{"embeddable":true,"href":"https:\/\/electricstore.eu\/lt\/wp-json\/wp\/v2\/comments?post=24626"}],"wp:featuredmedia":[{"embeddable":true,"href":"https:\/\/electricstore.eu\/lt\/wp-json\/wp\/v2\/media\/24628"}],"wp:attachment":[{"href":"https:\/\/electricstore.eu\/lt\/wp-json\/wp\/v2\/media?parent=24626"}],"wp:term":[{"taxonomy":"product_brand","embeddable":true,"href":"https:\/\/electricstore.eu\/lt\/wp-json\/wp\/v2\/product_brand?post=24626"},{"taxonomy":"product_cat","embeddable":true,"href":"https:\/\/electricstore.eu\/lt\/wp-json\/wp\/v2\/product_cat?post=24626"},{"taxonomy":"product_tag","embeddable":true,"href":"https:\/\/electricstore.eu\/lt\/wp-json\/wp\/v2\/product_tag?post=24626"}],"curies":[{"name":"wp","href":"https:\/\/api.w.org\/{rel}","templated":true}]}}