{"id":23180,"date":"2025-05-20T18:33:06","date_gmt":"2025-05-20T18:33:06","guid":{"rendered":"https:\/\/electricstore.eu\/p\/uncategorized\/electric-bicycle-conversion-kit-hub-motor-wheel-brushless-48v-1000w-1500w-bike-kit-mtx-sunringle-e-bike-2\/"},"modified":"2025-05-20T18:33:10","modified_gmt":"2025-05-20T18:33:10","slug":"electric-bicycle-conversion-kit-hub-motor-wheel-brushless-48v-1000w-1500w-bike-kit-mtx-sunringle-e-bike-2","status":"publish","type":"product","link":"https:\/\/electricstore.eu\/lt\/p\/p\/kits\/electric-hub-motor-kits\/electric-bicycle-conversion-kit-hub-motor-wheel-brushless-48v-1000w-1500w-bike-kit-mtx-sunringle-e-bike-2\/","title":{"rendered":"Elektrinio dvira\u010dio konversijos komplektas stebul\u0117s varikliui, ratui be\u0161epet\u0117linis 48V 1000W 1500W dvira\u010dio komplektas MTX SUNRINGLE el. dviratis"},"content":{"rendered":"<div class=\"product-specs-list-container\">\n<ul class=\"product-specs-list util-clearfix\">\n<li class=\"product-prop line-limit-length\"><span\n                                        class=\"property-title\">Dydis:&nbsp;<\/span><span\n                                        class=\"property-desc line-limit-length\">26 coli\u0173<\/span>\n                            <\/li>\n<li class=\"product-prop line-limit-length\"><span\n                                        class=\"property-title\">Montavimo pad\u0117tis:&nbsp;<\/span><span\n                                        class=\"property-desc line-limit-length\">Galin\u0117 pavara<\/span>\n                            <\/li>\n<li class=\"product-prop line-limit-length\"><span\n                                        class=\"property-title\">Dizainas:&nbsp;<\/span><span\n                                        class=\"property-desc line-limit-length\">Be\u0161epetis<\/span>\n                            <\/li>\n<li class=\"product-prop line-limit-length\"><span\n                                        class=\"property-title\">Galia:&nbsp;<\/span><span\n                                        class=\"property-desc line-limit-length\">&gt; 1000 W<\/span>\n                            <\/li>\n<li class=\"product-prop line-limit-length\"><span\n                                        class=\"property-title\">\u012etampa:&nbsp;<\/span><span\n                                        class=\"property-desc line-limit-length\">48 V<\/span>\n                            <\/li>\n<li class=\"product-prop line-limit-length\"><span\n                                        class=\"property-title\">Variklis:&nbsp;<\/span><span\n                                        class=\"property-desc line-limit-length\">Be\u0161epetis ne pavar\u0173 stebulinis variklis<\/span>\n                            <\/li>\n<li class=\"product-prop line-limit-length\"><span\n                                        class=\"property-title\">Kilm\u0117:&nbsp;<\/span><span\n                                        class=\"property-desc line-limit-length\">\u017demynin\u0117 Kinija<\/span>\n                            <\/li>\n<li class=\"product-prop line-limit-length\"><span\n                                        class=\"property-title\">dydis:&nbsp;<\/span><span\n                                        class=\"property-desc line-limit-length\">26inch 27.5inch 29inch<\/span>\n                            <\/li>\n<li class=\"product-prop line-limit-length\"><span\n                                        class=\"property-title\">galia:&nbsp;<\/span><span\n                                        class=\"property-desc line-limit-length\">1000W 1500W<\/span>\n                            <\/li>\n<li class=\"product-prop line-limit-length\"><span\n                                        class=\"property-title\">Kra\u0161tas:&nbsp;<\/span><span\n                                        class=\"property-desc line-limit-length\">SUNRINGLE<\/span>\n                            <\/li>\n<li class=\"product-prop line-limit-length\"><span\n                                        class=\"property-title\">Stabd\u017ei\u0173 tipas:&nbsp;<\/span><span\n                                        class=\"property-desc line-limit-length\">diskinis stabdys<\/span>\n                            <\/li>\n<li class=\"product-prop line-limit-length\"><span\n                                        class=\"property-title\">Variklio veleno skersmuo:&nbsp;<\/span><span\n                                        class=\"property-desc line-limit-length\">14MM*10MM<\/span>\n                            <\/li>\n<li class=\"product-prop line-limit-length\"><span\n                                        class=\"property-title\">Prek\u0117s plotis:&nbsp;<\/span><span\n                                        class=\"property-desc line-limit-length\">135mm<\/span>\n                            <\/li>\n<\/ul><\/div>\n<div class=\"detailmodule_text-image\">\n<p style=\"font-family:OpenSans;font-size:20px;font-weight:900;line-height:28px;white-space:pre-wrap;color:rgb(0, 0, 0);margin-bottom:12px\" class=\"detail-desc-decorate-title\">Pakavimo s\u0105ra\u0161as<\/p>\n<p style=\"font-family:OpenSans;font-size:14px;font-weight:300;line-height:20px;white-space:pre-wrap;color:rgb(0, 0, 0);margin-bottom:12px\" class=\"detail-desc-decorate-content\">Noted:Conversion Kit not include Battery, ( If you need a Battery,Please contact us for an additional fee )<br \/>1 * Galinis variklio ratas (26\/27,5\/29 coli\u0173)<br \/>1 * Padanga<br \/>1 * 7 grei\u010di\u0173 laisvoji eiga<br \/>1 * 160 mm diskini\u0173 stabd\u017ei\u0173 rotorius<br \/>1 * Nuolatin\u0117s srov\u0117s valdiklis <br \/>1 * valdiklio krep\u0161ys <br \/>1 pora * Stabd\u017ei\u0173 svirtis, i\u0161jungianti elektros tiekim\u0105 <br \/>1 * Ekranas SW900<br \/>1 * 8 magnetinio pedalo asistento jutiklis <br \/>1 komplektas * Sukamasis droselis<\/p>\n<div><img decoding=\"async\" class=\"detail-desc-decorate-image\" src=\"https:\/\/ae01.alicdn.com\/kf\/S1466930d2987476eb8b042f4d69b1471W.jpg\" slate-data-type=\"image\"\/><\/div>\n<\/div>\n<div class=\"detailmodule_text-image\">\n<p style=\"font-family:OpenSans;font-size:20px;font-weight:900;line-height:28px;white-space:pre-wrap;color:rgb(0, 0, 0);margin-bottom:12px\" class=\"detail-desc-decorate-title\">Variklio ratas<\/p>\n<p style=\"font-family:OpenSans;font-size:14px;font-weight:300;line-height:20px;white-space:pre-wrap;color:rgb(0, 0, 0);margin-bottom:12px\" class=\"detail-desc-decorate-content\">1. Pilnas greitis:<br \/>48 V 1000 W, apie 45\u201355 km\/val.<br \/>48 V 1500 W, apie 50\u201360 km\/val.,<br \/>(skirtingas rat\u0173 dydis, kelio ir oro s\u0105lygos bei motociklininko svoris lems skirting\u0105 greit\u012f)<br \/>2. Stebul\u0117s variklis:<br \/>Be\u0161epetis ne pavar\u0173 stebulinis variklis<br \/>3. Ratlankis: Dvigubos sienel\u0117s aliuminio lydinio ratlankis<br \/>24 26 27,5 colio yra SUN \u017eiedinis MTX39, vidinis plotis 30 mm<br \/>28 29 coli\u0173 700C yra SUN \u017eiedinis MTX33, vidinis plotis 26 mm<br \/>4. Apatinis rato laikiklis: galinis 135\u2013142 mm<br \/>5. Sukimo momentas:<br \/>30\u201340 Nm, kai galia 1000 W<br \/>35\u201345 Nm, kai galia 1500 W<br \/>6. APS.\/min.:<br \/>470, skirtas 48 V 1000 W \u012ftampai<br \/>540, skirtas 48 V 1500 W \u012ftampai<\/p>\n<div><img decoding=\"async\" class=\"detail-desc-decorate-image\" src=\"https:\/\/ae01.alicdn.com\/kf\/S3e67d62b93db4cbbb26b8871584fbd40h.jpg\" slate-data-type=\"image\"\/><img decoding=\"async\" class=\"detail-desc-decorate-image\" src=\"https:\/\/ae01.alicdn.com\/kf\/S95b3b353a834444a9de0448eac93b2aak.jpg\" slate-data-type=\"image\"\/><img decoding=\"async\" class=\"detail-desc-decorate-image\" src=\"https:\/\/ae01.alicdn.com\/kf\/S6c9188c02bd04699b4360bc8b0fe44a2X.jpg\" slate-data-type=\"image\"\/><\/div>\n<\/div>\n<div class=\"detailmodule_text-image\">\n<p style=\"font-family:OpenSans;font-size:20px;font-weight:900;line-height:28px;white-space:pre-wrap;color:rgb(0, 0, 0);margin-bottom:12px\" class=\"detail-desc-decorate-title\">Ekranas<\/p>\n<p style=\"font-family:OpenSans;font-size:14px;font-weight:300;line-height:20px;white-space:pre-wrap;color:rgb(0, 0, 0);margin-bottom:12px\" class=\"detail-desc-decorate-content\">SW900 ekranas Produkto savyb\u0117s<br \/>Ekrano funkcija:<br \/>Grei\u010dio rodymas, pavar\u0173 su stiprintuvu rodymas, galios indikatorius, gedim\u0173 prane\u0161imas, bendros ridos, vienos ridos, priekini\u0173 \u017eibint\u0173 ir vienos vairavimo trukm\u0117s rodymas.<br \/>(2) Valdymo \/ nustatymo funkcija:<br \/>Maitinimo jungiklio valdymas, priekini\u0173 \u017eibint\u0173 jungiklio valdymas, 6 km\/h grei\u010dio reguliavimas, rato skersmens nustatymas, grei\u010dio ribojimo nustatymas, skaitiklio miego re\u017eimo nustatymas, foninio ap\u0161vietimo ry\u0161kumo nustatymas, \u012ftampos nustatymas.<\/p>\n<div><img decoding=\"async\" class=\"detail-desc-decorate-image\" src=\"https:\/\/ae01.alicdn.com\/kf\/S02f864cf73974f86824ee0189728239cT.jpg\" slate-data-type=\"image\"\/><\/div>\n<\/div>\n<div class=\"detailmodule_text-image\">\n<p style=\"font-family:OpenSans;font-size:20px;font-weight:900;line-height:28px;white-space:pre-wrap;color:rgb(0, 0, 0);margin-bottom:12px\" class=\"detail-desc-decorate-title\">Valdiklis<\/p>\n<p style=\"font-family:OpenSans;font-size:14px;font-weight:300;line-height:20px;white-space:pre-wrap;color:rgb(0, 0, 0);margin-bottom:12px\" class=\"detail-desc-decorate-content\">CSC 12 MOSFET valdiklis<br \/>Tinka: 48 V 1000 W variklio ratui, SW900 ekranui<br \/>Nominali srov\u0117: 22A, maksimali srov\u0117: 44\u00b11A<br \/>Dydis: 149 * 83,3 * 42 mm<\/p>\n<p>CSC 15 MOSFET valdiklis<br \/>Tinka: 48 V 1500 W variklio ratui, SW900 ekranui<br \/>Nominali srov\u0117: 35A, maksimali srov\u0117: 70\u00b11A<br \/>Dydis: 118,2 * 82,33 * 41 mm<\/p>\n<div><img decoding=\"async\" class=\"detail-desc-decorate-image\" src=\"https:\/\/ae01.alicdn.com\/kf\/S602335b46ffa4cb6ba848c755bfb554cG.jpg\" slate-data-type=\"image\"\/><\/div>\n<\/div>\n<div class=\"detailmodule_text-image\">\n<p style=\"font-family:OpenSans;font-size:20px;font-weight:900;line-height:28px;white-space:pre-wrap;color:rgb(0, 0, 0);margin-bottom:12px\" class=\"detail-desc-decorate-title\">Valdiklio krep\u0161ys<\/p>\n<div><img decoding=\"async\" class=\"detail-desc-decorate-image\" src=\"https:\/\/ae01.alicdn.com\/kf\/S3501bec3055a4229a384431f5cb8b6a2y.jpg\" slate-data-type=\"image\"\/><\/div>\n<\/div>\n<div class=\"detailmodule_text-image\">\n<p style=\"font-family:OpenSans;font-size:20px;font-weight:900;line-height:28px;white-space:pre-wrap;color:rgb(0, 0, 0);margin-bottom:12px\" class=\"detail-desc-decorate-title\">PAS<\/p>\n<div><img decoding=\"async\" class=\"detail-desc-decorate-image\" src=\"https:\/\/ae01.alicdn.com\/kf\/S46b887ddb2f24fea9531c87c8a7abd9a2.jpg\" slate-data-type=\"image\"\/><\/div>\n<\/div>\n<div class=\"detailmodule_text-image\">\n<p style=\"font-family:OpenSans;font-size:20px;font-weight:900;line-height:28px;white-space:pre-wrap;color:rgb(0, 0, 0);margin-bottom:12px\" class=\"detail-desc-decorate-title\">Droselis<\/p>\n<div><img decoding=\"async\" class=\"detail-desc-decorate-image\" src=\"https:\/\/ae01.alicdn.com\/kf\/S50b818b01eb443d4b6c01c6b938443b2A.jpg\" slate-data-type=\"image\"\/><\/div>\n<\/div>\n<div class=\"detailmodule_text-image\">\n<p style=\"font-family:OpenSans;font-size:20px;font-weight:900;line-height:28px;white-space:pre-wrap;color:rgb(0, 0, 0);margin-bottom:12px\" class=\"detail-desc-decorate-title\">Stabd\u017ei\u0173 i\u0161jungimo svirtis<\/p>\n<div><img decoding=\"async\" class=\"detail-desc-decorate-image\" src=\"https:\/\/ae01.alicdn.com\/kf\/Sc3652ed9614d4829926faba6bbece9efP.jpg\" slate-data-type=\"image\"\/><\/div>\n<\/div>\n<div class=\"detailmodule_text-image\">\n<p style=\"font-family:OpenSans;font-size:20px;font-weight:900;line-height:28px;white-space:pre-wrap;color:rgb(0, 0, 0);margin-bottom:12px\" class=\"detail-desc-decorate-title\">Pristatymas ir garantija<\/p>\n<p style=\"font-family:OpenSans;font-size:14px;font-weight:300;line-height:20px;white-space:pre-wrap;color:rgb(0, 0, 0);margin-bottom:12px\" class=\"detail-desc-decorate-content\">Pardav\u0117jo siuntimo b\u016bdui taip pat galima naudoti sekimo numer\u012f.<\/p>\n<p>1.) Kaina su visais mokes\u010diais<\/p>\n<p>2.) Jei gav\u0119 prekes turite klausim\u0173, pirmiausia susisiekite su mumis. J\u016bs\u0173 pasitenkinimas yra m\u016bs\u0173 svarbiausias prioritetas ir esame \u012fsitikin\u0119, kad b\u016bsite patenkinti m\u016bs\u0173 paslaugomis.<\/p>\n<div><img decoding=\"async\" class=\"detail-desc-decorate-image\" src=\"https:\/\/ae01.alicdn.com\/kf\/Sa1e50680bf604c5382b65badcf675bd4U.jpg\" slate-data-type=\"image\"\/><img decoding=\"async\" class=\"detail-desc-decorate-image\" src=\"https:\/\/ae01.alicdn.com\/kf\/S49f4cd5abd0c4cd69195bc13ad624774e.jpg\" slate-data-type=\"image\"\/><\/div>\n<\/div>\n<p><\/p>","protected":false},"excerpt":{"rendered":"<p>Size:&nbsp;26inch Mounting Position:&nbsp;Rear Drive Design:&nbsp;Brushless Wattage:&nbsp;&gt; 1000w Voltage:&nbsp;48V Motor:&nbsp;Brushless Non-gear Hub Motor Origin:&nbsp;Mainland China size:&nbsp;26inch 27.5inch 29inch power:&nbsp;1000W 1500W Rim:&nbsp;SUNRINGLE Brake Type:&nbsp;disc brake Motor shaft diameter:&nbsp;14MM*10MM Item Width:&nbsp;135mm Packing List<\/p>","protected":false},"featured_media":23181,"comment_status":"open","ping_status":"closed","template":"","meta":{"_acf_changed":false},"product_brand":[],"product_cat":[528],"product_tag":[],"class_list":{"0":"post-23180","1":"product","2":"type-product","3":"status-publish","4":"has-post-thumbnail","6":"product_cat-electric-hub-motor-kits","8":"first","9":"instock","10":"shipping-taxable","11":"purchasable","12":"product-type-variable"},"acf":[],"_links":{"self":[{"href":"https:\/\/electricstore.eu\/lt\/wp-json\/wp\/v2\/product\/23180","targetHints":{"allow":["GET"]}}],"collection":[{"href":"https:\/\/electricstore.eu\/lt\/wp-json\/wp\/v2\/product"}],"about":[{"href":"https:\/\/electricstore.eu\/lt\/wp-json\/wp\/v2\/types\/product"}],"replies":[{"embeddable":true,"href":"https:\/\/electricstore.eu\/lt\/wp-json\/wp\/v2\/comments?post=23180"}],"wp:featuredmedia":[{"embeddable":true,"href":"https:\/\/electricstore.eu\/lt\/wp-json\/wp\/v2\/media\/23181"}],"wp:attachment":[{"href":"https:\/\/electricstore.eu\/lt\/wp-json\/wp\/v2\/media?parent=23180"}],"wp:term":[{"taxonomy":"product_brand","embeddable":true,"href":"https:\/\/electricstore.eu\/lt\/wp-json\/wp\/v2\/product_brand?post=23180"},{"taxonomy":"product_cat","embeddable":true,"href":"https:\/\/electricstore.eu\/lt\/wp-json\/wp\/v2\/product_cat?post=23180"},{"taxonomy":"product_tag","embeddable":true,"href":"https:\/\/electricstore.eu\/lt\/wp-json\/wp\/v2\/product_tag?post=23180"}],"curies":[{"name":"wp","href":"https:\/\/api.w.org\/{rel}","templated":true}]}}