{"id":21842,"date":"2025-05-20T18:27:30","date_gmt":"2025-05-20T18:27:30","guid":{"rendered":"https:\/\/electricstore.eu\/p\/uncategorized\/motorcycle-lift-hydraulic-motorcycle-jack-680kg-jack-motorbike-lift-portable-motorcycle-lift-table-w-4-wheels\/"},"modified":"2025-05-20T18:27:46","modified_gmt":"2025-05-20T18:27:46","slug":"motorcycle-lift-hydraulic-motorcycle-jack-680kg-jack-motorbike-lift-portable-motorcycle-lift-table-w-4-wheels","status":"publish","type":"product","link":"https:\/\/electricstore.eu\/lt\/p\/a\/motorcycle-lift-hydraulic-motorcycle-jack-680kg-jack-motorbike-lift-portable-motorcycle-lift-table-w-4-wheels\/","title":{"rendered":"Hidraulinis motociklo domkratas, 680 kg, ne\u0161iojamas motociklo keltuvas su 4 ratukais"},"content":{"rendered":"<div class=\"product-specs-list-container\">\n<ul class=\"product-specs-list util-clearfix\">\n<li class=\"product-prop line-limit-length\"><span\n                                        class=\"property-title\">Labai susir\u016bpinim\u0105 kelianti chemin\u0117 med\u017eiaga:&nbsp;<\/span><span\n                                        class=\"property-desc line-limit-length\">N\u0117ra<\/span>\n                            <\/li>\n<li class=\"product-prop line-limit-length\"><span\n                                        class=\"property-title\">Kilm\u0117:&nbsp;<\/span><span\n                                        class=\"property-desc line-limit-length\">\u017demynin\u0117 Kinija<\/span>\n                            <\/li>\n<\/ul><\/div>\n<p><img decoding=\"async\" src=\"https:\/\/ae01.alicdn.com\/kf\/S388cd948c765441eba4b4a790bc20050t.jpg\" slate-data-type=\"image\"\/><img decoding=\"async\" src=\"https:\/\/ae01.alicdn.com\/kf\/S153e5d01bffc4765a00a7b590a16b315j.jpg\" slate-data-type=\"image\"\/><img decoding=\"async\" src=\"https:\/\/ae01.alicdn.com\/kf\/S2826f140a1684c30ab1fba946a65490am.jpg\" slate-data-type=\"image\"\/><img decoding=\"async\" src=\"https:\/\/ae01.alicdn.com\/kf\/Sdde7e85cff54408abaa8395a56cc0e02C.jpg\" slate-data-type=\"image\"\/><img decoding=\"async\" src=\"https:\/\/ae01.alicdn.com\/kf\/S490fcd5f13734c52a813746729e56770W.jpg\" slate-data-type=\"image\"\/><img decoding=\"async\" src=\"https:\/\/ae01.alicdn.com\/kf\/S25f78e25eda24ea9be14785e9edf8168m.jpg\" slate-data-type=\"image\"\/><img decoding=\"async\" src=\"https:\/\/ae01.alicdn.com\/kf\/Sa60a07e5ebaf4635bfd4f08d25a2d998P.jpg\" slate-data-type=\"image\"\/><img decoding=\"async\" src=\"https:\/\/ae01.alicdn.com\/kf\/S10a0a96e5feb418c968d247754594077A.jpg\" slate-data-type=\"image\"\/><img decoding=\"async\" src=\"https:\/\/ae01.alicdn.com\/kf\/S1f5d7508c61447ceb88e64a6eae06a73y.jpg\" slate-data-type=\"image\"\/><img decoding=\"async\" src=\"https:\/\/ae01.alicdn.com\/kf\/S6a357fb28d144b49bbeb53029998fc477.jpg\" slate-data-type=\"image\"\/><img decoding=\"async\" src=\"https:\/\/ae01.alicdn.com\/kf\/Sdfb018ae735746a99062f6c8729794987.jpg\" slate-data-type=\"image\"\/><img decoding=\"async\" src=\"https:\/\/ae01.alicdn.com\/kf\/Sc9004cde1b144c669419972fd78af669G.jpg\" slate-data-type=\"image\"\/><img decoding=\"async\" src=\"https:\/\/ae01.alicdn.com\/kf\/S64506aa2a5e7460184d9ab9ed20676533.jpg\" slate-data-type=\"image\"\/><img decoding=\"async\" src=\"https:\/\/ae01.alicdn.com\/kf\/S8c9290b0f4f34116b90de910bcfc4a32g.jpg\" slate-data-type=\"image\"\/><img decoding=\"async\" src=\"https:\/\/ae01.alicdn.com\/kf\/S17aca4d2079f4cf29117ce53fc6a33d0S.jpg\" slate-data-type=\"image\"\/><img decoding=\"async\" src=\"https:\/\/ae01.alicdn.com\/kf\/Sbd35952685b34e04a813955440de9970C.jpg\" slate-data-type=\"image\"\/><img decoding=\"async\" src=\"https:\/\/ae01.alicdn.com\/kf\/Sbe0cde4b5d3e472c987363e342711eacD.jpg\" slate-data-type=\"image\"\/><img decoding=\"async\" src=\"https:\/\/ae01.alicdn.com\/kf\/S43331f6910c14635b030f08641cfa593H.jpg\" slate-data-type=\"image\"\/><img decoding=\"async\" src=\"https:\/\/ae01.alicdn.com\/kf\/Sfb6e12918b7845118c3677d1551c7466t.jpg\" slate-data-type=\"image\"\/><img decoding=\"async\" src=\"https:\/\/ae01.alicdn.com\/kf\/S2a4b52a547db429d96c926d551166388v.jpg\" slate-data-type=\"image\"\/><img decoding=\"async\" src=\"https:\/\/ae01.alicdn.com\/kf\/S612a1e37351b4caba0b947670d19b803z.jpg\" slate-data-type=\"image\"\/><img decoding=\"async\" src=\"https:\/\/ae01.alicdn.com\/kf\/S3f0a340070fc41b784f5acc25b4564edF.jpg\" slate-data-type=\"image\"\/><img decoding=\"async\" src=\"https:\/\/ae01.alicdn.com\/kf\/S58396ccb3d8e42fbba779b3b9e2c7bbdr.jpg\" slate-data-type=\"image\"\/><img decoding=\"async\" src=\"https:\/\/ae01.alicdn.com\/kf\/S727dc45ae01245a991c9252a525af273P.jpg\" slate-data-type=\"image\"\/><\/p>\n<p><strong><span style=\"color:rgb(0, 0, 0);font-size:15pt;font-family:&quot;Times New Roman&quot;\">Apra\u0161ymas<\/span><\/strong><\/p>\n<p><\/p>\n<p class=\"MsoNormal\"><span style=\"color:rgb(0, 0, 0);font-size:12pt;font-family:&quot;Times New Roman&quot;\">\u0160is motociklo hidraulinis keltuvas yra geras pagalbininkas j\u016bs\u0173 gara\u017ee, nes pagamintas i\u0161 auk\u0161tos kokyb\u0117s med\u017eiag\u0173 ir yra kruop\u0161\u010diai pagamintas. Didel\u0117 keliamoji galia ir auk\u0161\u010diausios kokyb\u0117s hidraulin\u0117s alyvos siurblys padeda lengvai pakelti motocikl\u0105 \u012f reikiam\u0105 darbin\u012f auk\u0161t\u012f, tod\u0117l patogu atlikti motociklo remonto ir prie\u017ei\u016bros darbus. Tur\u0117dami \u0161\u012f motociklo hidraulin\u012f keltuv\u0105, gerokai pagerinsite savo darbo efektyvum\u0105.<\/span><\/p>\n<p><\/p>\n<p class=\"MsoNormal\"><strong><span style=\"color:rgb(0, 0, 0);font-size:15pt;font-family:&quot;Times New Roman&quot;\">Pagrindin\u0117s savyb\u0117s<\/span><\/strong><\/p>\n<p class=\"MsoNormal\"><strong><span style=\"color:rgb(0, 0, 0);font-size:12pt;font-family:&quot;Times New Roman&quot;\">Sukurkite ilgam laikui: <\/span><\/strong><span style=\"color:rgb(0, 0, 0);font-size:12pt;font-family:&quot;Times New Roman&quot;\">Jis daugiausia pagamintas i\u0161 auk\u0161tos kokyb\u0117s gele\u017eies, o pavir\u0161ius apdorojamas plastikiniu pur\u0161kimo procesu, kuris yra <\/span><span style=\"background-color:rgb(236, 178, 215);color:rgb(0, 0, 0);font-size:12pt;font-family:&quot;Times New Roman&quot;\">atsparus dilimui<\/span><span style=\"color:rgb(0, 0, 0);font-size:12pt;font-family:&quot;Times New Roman&quot;\">\u00a0ir <\/span><span style=\"background-color:rgb(236, 178, 215);color:rgb(0, 0, 0);font-size:12pt;font-family:&quot;Times New Roman&quot;\">atsparus korozijai<\/span><span style=\"color:rgb(0, 0, 0);font-size:12pt;font-family:&quot;Times New Roman&quot;\">\u00a0kad b\u016bt\u0173 u\u017etikrintas ilgas tarnavimo laikas.<\/span><\/p>\n<p><\/p>\n<p class=\"MsoNormal\"><strong><span style=\"color:rgb(17, 17, 17);font-size:12pt;font-family:&quot;Times New Roman&quot;\">Didel\u0117 keliamoji galia: <\/span><\/strong><span style=\"color:rgb(17, 17, 17);font-size:12pt;font-family:&quot;Times New Roman&quot;\">Auk\u0161tos kokyb\u0117s gele\u017einiai vamzd\u017eiai u\u017etikrina ger\u0105 1500 svar\u0173 (apie 727 kg) keliam\u0105j\u0105 gali\u0105 ir gali stabiliai pakelti \u012fvairaus svorio motociklus.<\/span><\/p>\n<p><\/p>\n<p class=\"MsoNormal\"><strong><span style=\"color:rgb(17, 17, 17);font-size:12pt;font-family:&quot;Times New Roman&quot;\">Paprastas valdymas:<\/span><\/strong><span style=\"color:rgb(17, 17, 17);font-size:12pt;font-family:&quot;Times New Roman&quot;\">\u00a0Ilga rankena (22,64 colio) leid\u017eia lengvai valdyti \u012frengin\u012f net stovint. <\/span><span style=\"background-color:rgb(236, 178, 215);color:rgb(17, 17, 17);font-size:12pt;font-family:&quot;Times New Roman&quot;\">neslystantis<\/span><span style=\"color:rgb(17, 17, 17);font-size:12pt;font-family:&quot;Times New Roman&quot;\">\u00a0pedalas ir auk\u0161tos kokyb\u0117s hidraulin\u0117s alyvos pompa gali pad\u0117ti pakelti motocikl\u0105 <\/span><span style=\"color:rgb(0, 0, 0);font-size:12pt;font-family:&quot;Times New Roman&quot;\">4,53\u201314,37 colio<\/span><span style=\"color:rgb(17, 17, 17);font-size:12pt;font-family:&quot;Times New Roman&quot;\">, leid\u017eianti prad\u0117ti remonto darbus nei\u0161leid\u017eiant per daug laiko ir pastang\u0173. <\/span><\/p>\n<p><\/p>\n<p class=\"MsoNormal\"><strong><span style=\"color:rgb(0, 0, 0);font-size:12pt;font-family:&quot;Times New Roman&quot;\">Lengva perkelti: <\/span><\/strong><span style=\"color:rgb(0, 0, 0);font-size:12pt;font-family:&quot;Times New Roman&quot;\">Du tiesiai va\u017eiuojantys ratukai ir du universal\u016bs ratukai leid\u017eia skland\u017eiai jud\u0117ti \u012f bet kuri\u0105 reikiam\u0105 viet\u0105.<\/span><\/p>\n<p><\/p>\n<p class=\"MsoNormal\"><strong><span style=\"color:rgb(17, 17, 17);font-size:12pt;font-family:&quot;Times New Roman&quot;\">Didelis saugumas: <\/span><\/strong><span style=\"color:rgb(17, 17, 17);font-size:12pt;font-family:&quot;Times New Roman&quot;\">Jame yra 3 pad\u0117\u010di\u0173 saugos kai\u0161\u010diai, kurie gali pritvirtinti motocikl\u0105 reikiamame auk\u0161tyje ir padidinti stabilum\u0105. Guminio sluoksnio stalvir\u0161io pavir\u0161ius yra tekst\u016bruotas, kuris gali veiksmingai u\u017ekirsti keli\u0105 slydimui ir pagerinti naudojimo saugum\u0105.<\/span><\/p>\n<p><\/p>\n<p class=\"MsoNormal\"><strong><span style=\"color:rgb(0, 0, 0);font-size:12pt;font-family:&quot;Times New Roman&quot;\">Viet\u0105 taupantis dizainas: <\/span><\/strong><span style=\"color:rgb(0, 0, 0);font-size:12pt;font-family:&quot;Times New Roman&quot;\">Kai nenaudojamas, j\u012f galima nuleisti beveik iki grind\u0173 lygio, kad b\u016bt\u0173 sutaupyta vietos, o kompakti\u0161kas dydis (30,71 * 13,78 * 33,27 colio) neu\u017eims daug vietos. <\/span><\/p>\n<p><\/p>\n<p class=\"MsoNormal\"><strong><span style=\"color:rgb(0, 0, 0);font-size:12pt;font-family:&quot;Times New Roman&quot;\">Apsauginis paketas: <\/span><\/strong><span style=\"color:rgb(0, 0, 0);font-size:12pt;font-family:&quot;Times New Roman&quot;\">Siekdami apsaugoti gamin\u012f nuo pa\u017eeidim\u0173 ir sm\u016bgi\u0173 transportavimo metu, j\u012f supakavome \u012f plastikin\u012f mai\u0161el\u012f ir kartonin\u0119 d\u0117\u017eut\u0119, kad kuo geriau apsaugotume j\u016bs\u0173 gaminius.<\/span><\/p>\n<p><\/p>\n<p class=\"MsoNormal\"><strong><span style=\"color:rgb(14, 16, 26);font-size:12pt;font-family:&quot;Times New Roman&quot;\">Klient\u0173 aptarnavimas: <\/span><\/strong><span style=\"color:rgb(14, 16, 26);font-size:12pt;font-family:&quot;Times New Roman&quot;\">Bendravimas yra geriausias b\u016bdas spr\u0119sti problemas. <\/span><span style=\"background-color:rgb(236, 178, 215);color:rgb(14, 16, 26);font-size:12pt;font-family:&quot;Times New Roman&quot;\">Jei kilt\u0173 koki\u0173 nors problem\u0173, susisiekite su mumis. Mes atsakysime ir kuo grei\u010diau i\u0161spr\u0119sime problem\u0105.<\/span><\/p>\n<p><\/p>\n<p class=\"MsoNormal\"><strong><span style=\"color:rgb(0, 0, 0);font-size:15pt;font-family:&quot;Times New Roman&quot;\">I\u0161sami informacija <\/span><\/strong><\/p>\n<p class=\"MsoNormal\"><strong><span style=\"background-color:rgb(236, 178, 215);color:rgb(14, 16, 26);font-size:12pt;font-family:&quot;Times New Roman&quot;\">Neslystantis<\/span><\/strong><strong><span style=\"color:rgb(0, 0, 0);font-size:12pt;font-family:&quot;Times New Roman&quot;\">\u00a0Rankena:<\/span><\/strong><span style=\"color:rgb(0, 0, 0);font-size:12pt;font-family:&quot;Times New Roman&quot;\">\u00a0Guminis apsauginis dangtelis ant rankenos yra patogus ir lengvai suimamas, o tekst\u016bruotas dizainas gali i\u0161vengti slydimo naudojimo metu, taip pagerinant saugum\u0105.<\/span><\/p>\n<p><\/p>\n<p class=\"MsoNormal\"><strong><span style=\"font-size:12pt;font-family:&quot;Times New Roman&quot;\">Dvigubi skersiniai: <\/span><\/strong><span style=\"font-size:12pt;font-family:&quot;Times New Roman&quot;\">Sustiprintos skersin\u0117s juostos padidina bendr\u0105 stabilum\u0105 ir pagerina atram\u0105, tod\u0117l remonto procesas yra saugus ir efektyvus.<\/span><\/p>\n<p><\/p>\n<p class=\"MsoNormal\"><strong><span style=\"font-size:12pt;font-family:&quot;Times New Roman&quot;\">Tvirtinimo var\u017etas:<\/span><\/strong><span style=\"font-size:12pt;font-family:&quot;Times New Roman&quot;\">\u00a0Jis gali reguliuoti kamp\u0105 ir auk\u0161t\u012f pagal \u017eem\u0117s s\u0105lygas, kad atitikt\u0173 skirtingus tvirtinimo poreikius.<\/span><\/p>\n<p><\/p>\n<p class=\"MsoNormal\"><strong><span style=\"color:rgb(0, 0, 0);font-size:15pt;font-family:&quot;Times New Roman&quot;\">Parai\u0161ka<\/span><\/strong><\/p>\n<p class=\"MsoNormal\"><span style=\"font-size:12pt;font-family:&quot;Times New Roman&quot;\">Jis tinka naudoti gara\u017ee, dirbtuv\u0117se ar lenktyni\u0173 trasoje ir tinka motociklams, tokiems kaip plento motociklai, papl\u016bdimio motociklai ir nuotyki\u0173 motociklai, kelti.<\/span><\/p>\n<p><\/p>\n<p class=\"MsoNormal\"><strong><span style=\"color:rgb(0, 0, 0);font-size:15pt;font-family:&quot;Times New Roman&quot;\">Specifikacija<\/span><\/strong><\/p>\n<p class=\"MsoNormal\"><span style=\"color:rgb(0, 0, 0);font-size:12pt;font-family:&quot;Times New Roman&quot;\">Spalva: juoda, raudona<\/span><\/p>\n<p class=\"MsoNormal\"><span style=\"color:rgb(0, 0, 0);font-size:12pt;font-family:&quot;Times New Roman&quot;\">Kovos menas: gele\u017eis, guma, plastikas<\/span><\/p>\n<p class=\"MsoNormal\"><span style=\"color:rgb(0, 0, 0);font-size:12pt;font-family:&quot;Times New Roman&quot;\">Procesas: plastiko pur\u0161kimas, liejimas \u012fpur\u0161kimu<\/span><\/p>\n<p class=\"MsoNormal\"><span style=\"color:rgb(0, 0, 0);font-size:12pt;font-family:&quot;Times New Roman&quot;\">Maksimali apkrova: 680 kg \/ 1500 svar\u0173<\/span><\/p>\n<p class=\"MsoNormal\"><span style=\"color:rgb(0, 0, 0);font-size:12pt;font-family:&quot;Times New Roman&quot;\">K\u0117limo diapazonas: 115\u2013365 mm \/ 4,53\u201314,37 colio<\/span><\/p>\n<p class=\"MsoNormal\"><span style=\"color:rgb(0, 0, 0);font-size:12pt;font-family:&quot;Times New Roman&quot;\">Rankenos ilgis: 57,5 cm \/ 22,64 colio<\/span><\/p>\n<p class=\"MsoNormal\"><span style=\"font-size:12pt;font-family:&quot;Times New Roman&quot;\">Guminis stalvir\u0161is<\/span><span style=\"color:rgb(0, 0, 0);font-size:12pt;font-family:&quot;Times New Roman&quot;\">\u00a0Ilgis: 30,5 cm \/ 12 coli\u0173<\/span><\/p>\n<p class=\"MsoNormal\"><span style=\"color:rgb(0, 0, 0);font-size:12pt;font-family:&quot;Times New Roman&quot;\">Produkto dydis: 78 * 35 * 84,5 cm \/ 30,71 * 13,78 * 33,27 colio<\/span><\/p>\n<p class=\"MsoNormal\"><span style=\"color:rgb(0, 0, 0);font-size:12pt;font-family:&quot;Times New Roman&quot;\">Pakuot\u0117s dydis: 82 * 43 * 14 cm \/ 32,28 * 16,93 * 5,51 colio<\/span><\/p>\n<p class=\"MsoNormal\"><span style=\"color:rgb(0, 0, 0);font-size:12pt;font-family:&quot;Times New Roman&quot;\">Bendras svoris: 26,75 kg \/ 58,97 svaro<\/span><\/p>\n<p class=\"MsoNormal\"><span style=\"color:rgb(0, 0, 0);font-size:12pt;font-family:&quot;Times New Roman&quot;\">Grynasis svoris: 25,2 kg \/ 55,56 svaro<\/span><\/p>\n<p><\/p>\n<p class=\"MsoNormal\"><strong><span style=\"color:rgb(0, 0, 0);font-size:15pt;font-family:&quot;Times New Roman&quot;\">\u012e komplekt\u0105 \u012fskai\u010diuota<\/span><\/strong><\/p>\n<p class=\"MsoNormal\"><span style=\"color:rgb(0, 0, 0);font-size:12pt;font-family:&quot;Times New Roman&quot;\">1 * Motociklo hidraulinis keltuvas<\/span><\/p>\n<p class=\"MsoNormal\"><span style=\"color:rgb(0, 0, 0);font-size:12pt;font-family:&quot;Times New Roman&quot;\">1 * angl\u0173 kalbos vadovas<\/span><\/p>\n<p class=\"MsoNormal\"><span style=\"color:rgb(0, 0, 0);font-size:12pt;font-family:&quot;Times New Roman&quot;\">Kiti montavimo priedai \u00a0\u00a0<\/span><\/p>\n<p><\/p>\n<p class=\"MsoNormal\"><strong><span style=\"color:rgb(0, 0, 0);font-size:15pt;font-family:&quot;Times New Roman&quot;\">Pastabos<\/span><\/strong><\/p>\n<p class=\"MsoNormal\"><span style=\"color:rgb(0, 0, 0);font-size:12pt;font-family:&quot;Times New Roman&quot;\">Pra\u0161ome atsi\u017evelgti \u012f nedidel\u012f spalv\u0173 skirtum\u0105, kur\u012f sukelia fotografavimo \u0161viesa, ir 1\u20133 cm paklaid\u0105 d\u0117l rankinio matavimo, ir prie\u0161 u\u017esakydami \u012fsitikinkite, kad tai jums netrukdo.<\/span><\/p>","protected":false},"excerpt":{"rendered":"<p>Hign-concerned Chemical:&nbsp;None Origin:&nbsp;Mainland China Description This motorcycle hydraulic lift is a good helper in your garage, which is made of high-quality materials and fine craftsmanship. The high load capacity and<\/p>","protected":false},"featured_media":21843,"comment_status":"open","ping_status":"closed","template":"","meta":{"_acf_changed":false},"product_brand":[],"product_cat":[525],"product_tag":[],"class_list":{"0":"post-21842","1":"product","2":"type-product","3":"status-publish","4":"has-post-thumbnail","6":"product_cat-a","8":"first","9":"instock","10":"shipping-taxable","11":"purchasable","12":"product-type-variable"},"acf":[],"_links":{"self":[{"href":"https:\/\/electricstore.eu\/lt\/wp-json\/wp\/v2\/product\/21842","targetHints":{"allow":["GET"]}}],"collection":[{"href":"https:\/\/electricstore.eu\/lt\/wp-json\/wp\/v2\/product"}],"about":[{"href":"https:\/\/electricstore.eu\/lt\/wp-json\/wp\/v2\/types\/product"}],"replies":[{"embeddable":true,"href":"https:\/\/electricstore.eu\/lt\/wp-json\/wp\/v2\/comments?post=21842"}],"wp:featuredmedia":[{"embeddable":true,"href":"https:\/\/electricstore.eu\/lt\/wp-json\/wp\/v2\/media\/21843"}],"wp:attachment":[{"href":"https:\/\/electricstore.eu\/lt\/wp-json\/wp\/v2\/media?parent=21842"}],"wp:term":[{"taxonomy":"product_brand","embeddable":true,"href":"https:\/\/electricstore.eu\/lt\/wp-json\/wp\/v2\/product_brand?post=21842"},{"taxonomy":"product_cat","embeddable":true,"href":"https:\/\/electricstore.eu\/lt\/wp-json\/wp\/v2\/product_cat?post=21842"},{"taxonomy":"product_tag","embeddable":true,"href":"https:\/\/electricstore.eu\/lt\/wp-json\/wp\/v2\/product_tag?post=21842"}],"curies":[{"name":"wp","href":"https:\/\/api.w.org\/{rel}","templated":true}]}}