{"id":21829,"date":"2025-05-20T18:27:23","date_gmt":"2025-05-20T18:27:23","guid":{"rendered":"https:\/\/electricstore.eu\/p\/uncategorized\/fossibot-f2400-pure-sine-wave-portable-power-station-2048wh-2400w-output-generator-16-output-ports-solar-portable-folding-trolley\/"},"modified":"2025-05-20T18:27:46","modified_gmt":"2025-05-20T18:27:46","slug":"fossibot-f2400-pure-sine-wave-portable-power-station-2048wh-2400w-output-generator-16-output-ports-solar-portable-folding-trolley","status":"publish","type":"product","link":"https:\/\/electricstore.eu\/lt\/p\/batteries\/portable-power-stations\/fossibot-f2400-pure-sine-wave-portable-power-station-2048wh-2400w-output-generator-16-output-ports-solar-portable-folding-trolley\/","title":{"rendered":"\u201eFossibot F2400\u201c grynos sinusin\u0117s bangos ne\u0161iojama elektrin\u0117, 2048 Wh, 2400 W i\u0161vesties generatorius, 16 i\u0161vesties prievad\u0173, ne\u0161iojamas sulankstomas saul\u0117s ve\u017eim\u0117lis"},"content":{"rendered":"<div class=\"product-specs-list-container\">\n<ul class=\"product-specs-list util-clearfix\">\n<li class=\"product-prop line-limit-length\"><span\n                                        class=\"property-title\">Taikymas:&nbsp;<\/span><span\n                                        class=\"property-desc line-limit-length\">Saul\u0117s energijos kaupimas<\/span>\n                            <\/li>\n<li class=\"product-prop line-limit-length\"><span\n                                        class=\"property-title\">Nominali talpa:&nbsp;<\/span><span\n                                        class=\"property-desc line-limit-length\">2400W<\/span>\n                            <\/li>\n<li class=\"product-prop line-limit-length\"><span\n                                        class=\"property-title\">Modelio numeris:&nbsp;<\/span><span\n                                        class=\"property-desc line-limit-length\">F2400 fossibot<\/span>\n                            <\/li>\n<li class=\"product-prop line-limit-length\"><span\n                                        class=\"property-title\">Tipas:&nbsp;<\/span><span\n                                        class=\"property-desc line-limit-length\">LiFePO4<\/span>\n                            <\/li>\n<li class=\"product-prop line-limit-length\"><span\n                                        class=\"property-title\">Rinkinio tipas:&nbsp;<\/span><span\n                                        class=\"property-desc line-limit-length\">\u012ekrovikli\u0173 rinkiniai<\/span>\n                            <\/li>\n<li class=\"product-prop line-limit-length\"><span\n                                        class=\"property-title\">Prek\u0117s \u017eenklas:&nbsp;<\/span><span\n                                        class=\"property-desc line-limit-length\">fossibot<\/span>\n                            <\/li>\n<li class=\"product-prop line-limit-length\"><span\n                                        class=\"property-title\">Talpa:&nbsp;<\/span><span\n                                        class=\"property-desc line-limit-length\">2048 Wh \/ 640 000 mA<\/span>\n                            <\/li>\n<li class=\"product-prop line-limit-length\"><span\n                                        class=\"property-title\">Baterijos tipas:&nbsp;<\/span><span\n                                        class=\"property-desc line-limit-length\">LiFePO4 akumuliatorius<\/span>\n                            <\/li>\n<li class=\"product-prop line-limit-length\"><span\n                                        class=\"property-title\">Rated Frequency:&nbsp;<\/span><span\n                                        class=\"property-desc line-limit-length\">50Hz\/60Hz<\/span>\n                            <\/li>\n<li class=\"product-prop line-limit-length\"><span\n                                        class=\"property-title\">Package:&nbsp;<\/span><span\n                                        class=\"property-desc line-limit-length\">With Folding Trolley<\/span>\n                            <\/li>\n<li class=\"product-prop line-limit-length\"><span\n                                        class=\"property-title\">LED Lighting:&nbsp;<\/span><span\n                                        class=\"property-desc line-limit-length\">Power 1W, Warm tone<\/span>\n                            <\/li>\n<li class=\"product-prop line-limit-length\"><span\n                                        class=\"property-title\">Kintamosios srov\u0117s i\u0161vestis:&nbsp;<\/span><span\n                                        class=\"property-desc line-limit-length\">Rated Power 2400W, Pure sine wave<\/span>\n                            <\/li>\n<li class=\"product-prop line-limit-length\"><span\n                                        class=\"property-title\">1-oji savyb\u0117:&nbsp;<\/span><span\n                                        class=\"property-desc line-limit-length\">Ne\u0161iojama elektrin\u0117<\/span>\n                            <\/li>\n<li class=\"product-prop line-limit-length\"><span\n                                        class=\"property-title\">2 funkcijos:&nbsp;<\/span><span\n                                        class=\"property-desc line-limit-length\">Yose galia<\/span>\n                            <\/li>\n<li class=\"product-prop line-limit-length\"><span\n                                        class=\"property-title\">03 funkcijos:&nbsp;<\/span><span\n                                        class=\"property-desc line-limit-length\">Ne\u0161iojama kemperio baterija<\/span>\n                            <\/li>\n<li class=\"product-prop line-limit-length\"><span\n                                        class=\"property-title\">04 funkcijos:&nbsp;<\/span><span\n                                        class=\"property-desc line-limit-length\">Ne\u0161iojama saul\u0117s elektrin\u0117<\/span>\n                            <\/li>\n<li class=\"product-prop line-limit-length\"><span\n                                        class=\"property-title\">05 funkcijos:&nbsp;<\/span><span\n                                        class=\"property-desc line-limit-length\">Ne\u0161iojama elektrin\u0117<\/span>\n                            <\/li>\n<li class=\"product-prop line-limit-length\"><span\n                                        class=\"property-title\">06 funkcijos:&nbsp;<\/span><span\n                                        class=\"property-desc line-limit-length\">Portalil elektrin\u0117<\/span>\n                            <\/li>\n<\/ul><\/div>\n<div class=\"detailmodule_html\">\n<div class=\"detail-desc-decorate-richtext\">\n<p><\/p>\n<div id=\"nav-description\" class=\"description--wrap--LscZ0He\">\n<div>\n<div class=\"extend--content--VuIQZia\">\n<div>\n<div id=\"product-description\" class=\"description--product-description--Mjtql28\">\n<div class=\"description--origin-part--rWy05pE\">\n<div class=\"detailmodule_html\">\n<div class=\"detail-desc-decorate-richtext\">\n<p><span style=\"font-size:22px\"><strong>Product Highlights &gt;&gt;&gt;<\/strong><\/span>:<\/p>\n<p><\/p>\n<ul style=\"font-family:&quot;Microsoft YaHei&quot;;font-size:medium;font-weight:400;letter-spacing:normal;text-align:start;white-space:normal;color:rgb(0, 0, 0);margin-bottom:10px;padding-left:0px\" class=\"clearfix\" align=\"start\">\n<li style=\"font-size:14px;margin-right:10px;padding-left:18px;list-style:none;position:relative\">\n<p><strong>2400W Output, 2048Wh LiFePO4 Battery<\/strong><\/p>\n<\/li>\n<li style=\"font-size:14px;margin-right:10px;padding-left:18px;list-style:none;position:relative\">\n<p>Super large capacity 2048Wh\/640000mAh portable power supply has 2400W rated output. Equipped with 6 AC power sockets, 6 USB output ports, and 4 DC output ports, it can be used for most devices like rice cookers, TVs, electric blankets, electric kettles, hair drums, tools, and even higher power appliances (such as electric stoves, electric microwave ovens) and refrigerator.<\/p>\n<\/li>\n<li style=\"font-size:14px;margin-right:10px;padding-left:18px;list-style:none;position:relative\">\n<p><\/p>\n<\/li>\n<li style=\"font-size:14px;margin-right:10px;padding-left:18px;list-style:none;position:relative\">\n<p><strong>Bidirectional Inverter Technology<\/strong><br \/>FOSSiBOT portable power station adopts the latest bidirectional inverter technology and the perfect combination of intelligent input power adjustment knobs. The input power reaches 1100W and can perform 0-80% charge in 80 minutes, fully charged in 1.78 hours.<\/p>\n<\/li>\n<li style=\"font-size:14px;margin-right:10px;padding-left:18px;list-style:none;position:relative\">\n<p><strong>Intelligent Input Power Adjustment Knob<\/strong><\/p>\n<\/li>\n<li style=\"font-size:14px;margin-right:10px;padding-left:18px;list-style:none;position:relative\">\n<p>F2400 solar power station, with 300W, 500W, 700W, 900W and 1100W input power protection power supply, the charging speed is fully controlled freely, the adjustment knob can keep the input voltage constant, greatly extend the service life of FOSSiBOT F2400, protect your equipment.<\/p>\n<\/li>\n<li style=\"font-size:14px;margin-right:10px;padding-left:18px;list-style:none;position:relative\">\n<p><\/p>\n<\/li>\n<li style=\"font-size:14px;margin-right:10px;padding-left:18px;list-style:none;position:relative\">\n<p><strong>3 Charging Methods<\/strong><\/p>\n<\/li>\n<li style=\"font-size:14px;margin-right:10px;padding-left:18px;list-style:none;position:relative\">\n<p>Direct plug-in charging from mains, solar charging, and car charger. If you choose to charge solar energy and mains at the same time, the charging power is up to 1600W input, and you can charge 0-80% in 70 minutes. It can be fully charged in 90 minutes, faster than any other solar generator.<\/p>\n<\/li>\n<\/ul>\n<p><span style=\"font-size:22px\"><strong>Specification &gt;&gt;&gt;:<\/strong><\/span><\/p>\n<p><\/p>\n<table style=\"border-collapse:collapse;font-family:&quot;Microsoft YaHei&quot;;width:651px\" class=\"jbEidtTable\" border=\"1\" cellpadding=\"5\" cellspacing=\"0\">\n<tbody>\n<tr>\n<td style=\"font-size:14px;text-align:left;width:219.938px\" align=\"left\">\n<p><strong>Bendra<\/strong><\/p>\n<\/td>\n<td style=\"font-size:14px;text-align:left;width:408.062px\" align=\"left\">\n<p>Prek\u0117s \u017eenklas: FOSSiBOT<br \/>Type: Portable power station<br \/>Modelis: F2400<br \/>Spalva: \u017ealia<\/p>\n<\/td>\n<\/tr>\n<tr>\n<td style=\"font-size:14px;text-align:left;width:219.938px\" align=\"left\">\n<p><strong>Specifikacija<\/strong><\/p>\n<\/td>\n<td style=\"font-size:14px;text-align:left;width:408.062px\" align=\"left\">\n<p>Baterijos tipas: LiFePO4 baterija<br \/>Talpa: 2048 Wh \/ 640 000 mA<br \/>Darbin\u0117 temperat\u016bra: 0\u201340 Celsijaus \/ 32\u2013104 Farenheito<br \/>Laikymo temperat\u016bra: -10-40 Celsijaus \/ -4-104 Farenheito<br \/>Dr\u0117gm\u0117: 5%-95%<br \/>Au\u0161inimo strategija: 7 ventiliatoriai<br \/>LED ap\u0161vietimas: galia 1 W, \u0161iltas tonas<\/p>\n<p>Kintamosios srov\u0117s i\u0161vestis: nominali galia 2400 W, gryna sinusin\u0117 banga, 6 prievad\u0173 i\u0161vestis, vir\u0161\u012ftampi\u0173 galia 4600 W<br \/>Nominalus da\u017enis: 50Hz\/60Hz<br \/>I\u0161\u0117jimo \u012ftampa: ES 220\u2013240 V kintamoji srov\u0117<br \/>Inverter Efficiency: ETH = 90%<br \/>USB-A i\u0161vestis: QC3.0 x 2 (5V3A \/ 9V2A \/ 12V1.5A)<br \/>C tipo i\u0161vestis: PD 20 W x 3 100 W x 1 (5 V 3 A 9 V 3 A 12 V 3 A 15 V 3 A 20 V 5 A)<\/p>\n<p>Nuolatin\u0117s srov\u0117s i\u0161vestis<br \/>XT60: 12 V \/ 25 A x 1<br \/>DC5521: 2 x 12 V 3 A lizdai<br \/>Cigare\u010di\u0173 \u017eiebtuv\u0117lis: 12V10A lizdas x 1<\/p>\n<p>\u012evestis<br \/>Kintamosios srov\u0117s \u201eSuper Charge\u201c \u012fkrovimas: 1100 W, ES (kintamoji srov\u0117 220\u2013240 V \/ 50 Hz, 10 A), JAV \/ Japonija (kintamoji srov\u0117 100\u2013120 V 50 Hz \/ 60 Hz, 10 A)<br \/>Solar Charging: 12V-48V\/15A MAX500W<br \/>Automobilio \u012fkrovimas: 12 V \/ 8 A, 24 V \/ 10 A<\/p>\n<\/td>\n<\/tr>\n<tr>\n<td style=\"font-size:14px;text-align:left;width:219.938px\" align=\"left\">\n<p><strong>Svoris ir dydis<\/strong><\/p>\n<\/td>\n<td style=\"font-size:14px;text-align:left;width:408.062px\" align=\"left\">\n<p>Produkto svoris: 22 kg<br \/>Pakuot\u0117s svoris: 24 kg<br \/>Product Size(L x W x H): 38.6cm x 28.4cm x 32.1cm<br \/>Package Size(L x W x H): 48.4cm x 36.8cm x 44.1cm<\/p>\n<\/td>\n<\/tr>\n<tr>\n<td style=\"font-size:14px;text-align:left;width:219.938px\" align=\"left\">\n<p><strong>Konteineri\u0173 pakuot\u0117<\/strong><\/p>\n<\/td>\n<td style=\"font-size:14px;text-align:left;width:408.062px\" align=\"left\">\n<p>1 x F2400 elektrin\u0117<br \/>1 x maitinimo laidas<br \/>1 x automobilio \u012fkrovimo laidas<br \/>1 x saul\u0117s \u012fkrovimo kabelis<br \/>1 x Naudotojo vadovas<\/p>\n<p>1 x Folding trolley<\/p>\n<\/td>\n<\/tr>\n<\/tbody>\n<\/table>\n<p><\/p>\n<p><img decoding=\"async\" src=\"https:\/\/ae01.alicdn.com\/kf\/Sb9669de8797747708a9fd8041a53d8993.jpg\" slate-data-type=\"image\"\/><img decoding=\"async\" src=\"https:\/\/ae01.alicdn.com\/kf\/S882ce0fdd47f415098a95bb09c59420fM.jpg\" slate-data-type=\"image\"\/><img decoding=\"async\" src=\"https:\/\/ae01.alicdn.com\/kf\/S6631c68eb4114dd69641cae247b9d421N.jpg\" slate-data-type=\"image\"\/><img decoding=\"async\" src=\"https:\/\/ae01.alicdn.com\/kf\/S369162acd03f45ddafc9cf654617545fz.jpg\" slate-data-type=\"image\"\/><img decoding=\"async\" src=\"https:\/\/ae01.alicdn.com\/kf\/Sc99d8582579b4d8d8953573d6113c28aL.jpg\" slate-data-type=\"image\"\/><img decoding=\"async\" src=\"https:\/\/ae01.alicdn.com\/kf\/S967a3d37f0ae4ec4a8c0afd21019e9244.jpg\" slate-data-type=\"image\"\/><img decoding=\"async\" src=\"https:\/\/ae01.alicdn.com\/kf\/S0272cc35172546608efcc9af9ee1c7dbh.jpg\" slate-data-type=\"image\"\/><img decoding=\"async\" src=\"https:\/\/ae01.alicdn.com\/kf\/Sc323e7f185654aa790149f69c0708067V.jpg\" slate-data-type=\"image\"\/><img decoding=\"async\" src=\"https:\/\/ae01.alicdn.com\/kf\/S44ee694ac58b43b4b789a9d38056a7335.jpg\" slate-data-type=\"image\"\/><img decoding=\"async\" src=\"https:\/\/ae01.alicdn.com\/kf\/S5e528fc8ff774ff19a0f24edb2f54d9d4.jpg\" slate-data-type=\"image\"\/><img decoding=\"async\" src=\"https:\/\/ae01.alicdn.com\/kf\/S819addc4d72a4c24b25dd4b2fa8fb276p.jpg\" slate-data-type=\"image\"\/><\/p>\n<\/div>\n<\/div>\n<\/div>\n<\/div>\n<\/div>\n<\/div>\n<\/div>\n<\/div>\n<div style=\"margin:32px 0px;margin-bottom:32px;margin-top:32px;margin-left:0px;margin-right:0px\" class=\"comet-v2-divider comet-v2-divider-small split-line--wrap--dVhU29K\"><\/div>\n<p><\/p>\n<\/div>\n<\/div>","protected":false},"excerpt":{"rendered":"<p>Application:&nbsp;Solar Power Storage Nominal Capacity:&nbsp;2400W Model Number:&nbsp;F2400 fossibot Type:&nbsp;LiFePO4 Set Type:&nbsp;Charger Sets Brand Name:&nbsp;fossibot Capacity:&nbsp;2048Wh\/640000mA Battery Type:&nbsp;LiFePO4 battery Rated Frequency:&nbsp;50Hz\/60Hz Package:&nbsp;With Folding Trolley LED Lighting:&nbsp;Power 1W, Warm tone AC Output:&nbsp;Rated<\/p>","protected":false},"featured_media":21830,"comment_status":"open","ping_status":"closed","template":"","meta":{"_acf_changed":false},"product_brand":[],"product_cat":[515],"product_tag":[],"class_list":{"0":"post-21829","1":"product","2":"type-product","3":"status-publish","4":"has-post-thumbnail","6":"product_cat-portable-power-stations","8":"first","9":"instock","10":"shipping-taxable","11":"purchasable","12":"product-type-variable"},"acf":[],"_links":{"self":[{"href":"https:\/\/electricstore.eu\/lt\/wp-json\/wp\/v2\/product\/21829","targetHints":{"allow":["GET"]}}],"collection":[{"href":"https:\/\/electricstore.eu\/lt\/wp-json\/wp\/v2\/product"}],"about":[{"href":"https:\/\/electricstore.eu\/lt\/wp-json\/wp\/v2\/types\/product"}],"replies":[{"embeddable":true,"href":"https:\/\/electricstore.eu\/lt\/wp-json\/wp\/v2\/comments?post=21829"}],"wp:featuredmedia":[{"embeddable":true,"href":"https:\/\/electricstore.eu\/lt\/wp-json\/wp\/v2\/media\/21830"}],"wp:attachment":[{"href":"https:\/\/electricstore.eu\/lt\/wp-json\/wp\/v2\/media?parent=21829"}],"wp:term":[{"taxonomy":"product_brand","embeddable":true,"href":"https:\/\/electricstore.eu\/lt\/wp-json\/wp\/v2\/product_brand?post=21829"},{"taxonomy":"product_cat","embeddable":true,"href":"https:\/\/electricstore.eu\/lt\/wp-json\/wp\/v2\/product_cat?post=21829"},{"taxonomy":"product_tag","embeddable":true,"href":"https:\/\/electricstore.eu\/lt\/wp-json\/wp\/v2\/product_tag?post=21829"}],"curies":[{"name":"wp","href":"https:\/\/api.w.org\/{rel}","templated":true}]}}