{"id":21784,"date":"2025-05-20T18:27:00","date_gmt":"2025-05-20T18:27:00","guid":{"rendered":"https:\/\/electricstore.eu\/p\/uncategorized\/oukitel-p5000-pro-solar-generator-160000mah-power-station-4000w-pure-sine-wave-smart-temperature-control-charging-stations\/"},"modified":"2025-05-20T18:27:10","modified_gmt":"2025-05-20T18:27:10","slug":"oukitel-p5000-pro-solar-generator-160000mah-power-station-4000w-pure-sine-wave-smart-temperature-control-charging-stations","status":"publish","type":"product","link":"https:\/\/electricstore.eu\/lt\/p\/batteries\/portable-power-stations\/oukitel-p5000-pro-solar-generator-160000mah-power-station-4000w-pure-sine-wave-smart-temperature-control-charging-stations\/","title":{"rendered":"\u201eOUKITEL P5000 Pro\u201c saul\u0117s generatorius, 160000 mAh \u012fkroviklis, 4000 W grynos sinusin\u0117s bangos i\u0161manioji temperat\u016bros reguliavimo \u012fkrovimo stotel\u0117"},"content":{"rendered":"<div class=\"product-specs-list-container\">\n<ul class=\"product-specs-list util-clearfix\">\n<li class=\"product-prop line-limit-length\"><span\n                                        class=\"property-title\">Taikymas:&nbsp;<\/span><span\n                                        class=\"property-desc line-limit-length\">Saul\u0117s energijos kaupimas<\/span>\n                            <\/li>\n<li class=\"product-prop line-limit-length\"><span\n                                        class=\"property-title\">Nominali talpa:&nbsp;<\/span><span\n                                        class=\"property-desc line-limit-length\">160000 mAh<\/span>\n                            <\/li>\n<li class=\"product-prop line-limit-length\"><span\n                                        class=\"property-title\">Modelio numeris:&nbsp;<\/span><span\n                                        class=\"property-desc line-limit-length\">OUKITEL P5000 Pro<\/span>\n                            <\/li>\n<li class=\"product-prop line-limit-length\"><span\n                                        class=\"property-title\">Tipas:&nbsp;<\/span><span\n                                        class=\"property-desc line-limit-length\">LiFePO4<\/span>\n                            <\/li>\n<li class=\"product-prop line-limit-length\"><span\n                                        class=\"property-title\">Rinkinio tipas:&nbsp;<\/span><span\n                                        class=\"property-desc line-limit-length\">\u012ekrovikli\u0173 rinkiniai<\/span>\n                            <\/li>\n<li class=\"product-prop line-limit-length\"><span\n                                        class=\"property-title\">Prek\u0117s \u017eenklas:&nbsp;<\/span><span\n                                        class=\"property-desc line-limit-length\">OUKITEL<\/span>\n                            <\/li>\n<li class=\"product-prop line-limit-length\"><span\n                                        class=\"property-title\">Galia:&nbsp;<\/span><span\n                                        class=\"property-desc line-limit-length\">5120 Wh (51,2 V)<\/span>\n                            <\/li>\n<li class=\"product-prop line-limit-length\"><span\n                                        class=\"property-title\">Talpa:&nbsp;<\/span><span\n                                        class=\"property-desc line-limit-length\">160000 mAh<\/span>\n                            <\/li>\n<li class=\"product-prop line-limit-length\"><span\n                                        class=\"property-title\">Baterija:&nbsp;<\/span><span\n                                        class=\"property-desc line-limit-length\">LiFePO4<\/span>\n                            <\/li>\n<li class=\"product-prop line-limit-length\"><span\n                                        class=\"property-title\">Inverteris:&nbsp;<\/span><span\n                                        class=\"property-desc line-limit-length\">Grynas sinusinis bangos<\/span>\n                            <\/li>\n<li class=\"product-prop line-limit-length\"><span\n                                        class=\"property-title\">Vir\u0161\u012ftampio galia:&nbsp;<\/span><span\n                                        class=\"property-desc line-limit-length\">8000 W<\/span>\n                            <\/li>\n<li class=\"product-prop line-limit-length\"><span\n                                        class=\"property-title\">1-oji savyb\u0117:&nbsp;<\/span><span\n                                        class=\"property-desc line-limit-length\">ne\u0161iojama elektrin\u0117<\/span>\n                            <\/li>\n<li class=\"product-prop line-limit-length\"><span\n                                        class=\"property-title\">2 funkcijos:&nbsp;<\/span><span\n                                        class=\"property-desc line-limit-length\">elektrin\u0117<\/span>\n                            <\/li>\n<li class=\"product-prop line-limit-length\"><span\n                                        class=\"property-title\">03 funkcijos:&nbsp;<\/span><span\n                                        class=\"property-desc line-limit-length\">ne\u0161iojama saul\u0117s elektrin\u0117<\/span>\n                            <\/li>\n<li class=\"product-prop line-limit-length\"><span\n                                        class=\"property-title\">04 funkcijos:&nbsp;<\/span><span\n                                        class=\"property-desc line-limit-length\">\u012fkrovimo stotel\u0117s<\/span>\n                            <\/li>\n<li class=\"product-prop line-limit-length\"><span\n                                        class=\"property-title\">05 funkcijos:&nbsp;<\/span><span\n                                        class=\"property-desc line-limit-length\">saul\u0117s generatorius<\/span>\n                            <\/li>\n<li class=\"product-prop line-limit-length\"><span\n                                        class=\"property-title\">06 funkcijos:&nbsp;<\/span><span\n                                        class=\"property-desc line-limit-length\">benzininis elektros generatorius<\/span>\n                            <\/li>\n<li class=\"product-prop line-limit-length\"><span\n                                        class=\"property-title\">UPS vardin\u0117 galia::&nbsp;<\/span><span\n                                        class=\"property-desc line-limit-length\">2800 W<\/span>\n                            <\/li>\n<li class=\"product-prop line-limit-length\"><span\n                                        class=\"property-title\">Nominali galia:&nbsp;<\/span><span\n                                        class=\"property-desc line-limit-length\">4000 W<\/span>\n                            <\/li>\n<li class=\"product-prop line-limit-length\"><span\n                                        class=\"property-title\">Automobilio \u012fkrovimas:&nbsp;<\/span><span\n                                        class=\"property-desc line-limit-length\">12 V \/ 8 A, 24 V \/ 10 A<\/span>\n                            <\/li>\n<\/ul><\/div>\n<p><\/p>\n<p style=\"font-family:&quot;Noto Sans SC&quot;;font-size:medium;font-weight:400;letter-spacing:normal;text-align:start;white-space:normal;color:rgb(0, 0, 0)\" align=\"start\"><span style=\"font-size:x-large\">Svarbiausi dalykai<\/span><\/p>\n<p><\/p>\n<h3 style=\"font-family:&quot;Noto Sans SC&quot;;letter-spacing:normal;text-align:start;white-space:normal;color:rgb(0, 0, 0)\" align=\"start\">4000 W kintamosios srov\u0117s i\u0161vestis skirta intensyviam naudojimui<\/h3>\n<p style=\"font-family:&quot;Noto Sans SC&quot;;font-size:medium;font-weight:400;letter-spacing:normal;text-align:start;white-space:normal;color:rgb(0, 0, 0)\" align=\"start\">Naudokite didel\u0117s galios prietaisus neperkraudami, pavyzd\u017eiui, galingus elektrinius \u012frankius ma\u017eose \u012fmon\u0117se ir gyvenamosiose patalpose.<\/p>\n<h3 style=\"font-family:&quot;Noto Sans SC&quot;;letter-spacing:normal;text-align:start;white-space:normal;color:rgb(0, 0, 0)\" align=\"start\">Daugiau jokios tamsos, daugiau joki\u0173 r\u016bpes\u010di\u0173<\/h3>\n<p style=\"font-family:&quot;Noto Sans SC&quot;;font-size:medium;font-weight:400;letter-spacing:normal;text-align:start;white-space:normal;color:rgb(0, 0, 0)\" align=\"start\">Suporuotas su dvigubo maitinimo automatiniu perjungikliu, \u201eP5000 Pro\u201c \u012fsijungia dingus elektros tiekimui, u\u017etikrindamas skland\u0173 j\u016bs\u0173 buitini\u0173 prietais\u0173 veikim\u0105 ir suteikdamas jums ramyb\u0119 avarin\u0117se situacijose.<\/p>\n<h3 style=\"font-family:&quot;Noto Sans SC&quot;;letter-spacing:normal;text-align:start;white-space:normal;color:rgb(0, 0, 0)\" align=\"start\">80% Tik per 1 valand\u0105<\/h3>\n<p style=\"font-family:&quot;Noto Sans SC&quot;;font-size:medium;font-weight:400;letter-spacing:normal;text-align:start;white-space:normal;color:rgb(0, 0, 0)\" align=\"start\">Sujunkite iki 1000 W saul\u0117s baterij\u0105 su 3200 W kintamosios srov\u0117s \u012fvestimi ir pasiekite pasaulyje pirmaujant\u012f \u012fkrovimo greit\u012f. \u012ekraukite 80% vos per 1 valand\u0105. Arba rinkit\u0117s kintamosios srov\u0117s \u012fkrov\u0105 ir \u012fkraukite 80% per greitai \u2013 vos per 15 valand\u0173.<\/p>\n<h3 style=\"font-family:&quot;Noto Sans SC&quot;;letter-spacing:normal;text-align:start;white-space:normal;color:rgb(0, 0, 0)\" align=\"start\">5000 cikl\u0173 baterija, sukurta tarnauti 10 met\u0173<\/h3>\n<p style=\"font-family:&quot;Noto Sans SC&quot;;font-size:medium;font-weight:400;letter-spacing:normal;text-align:start;white-space:normal;color:rgb(0, 0, 0)\" align=\"start\">\u201eP5000 Pro\u201c pasirinko saugi\u0105, stabili\u0105 ir ilgai veikian\u010di\u0105 LiFePO4 baterij\u0105. Ji atlaikys 5000 cikl\u0173, tod\u0117l j\u016bs\u0173 baterija tarnaus iki 10 met\u0173.<\/p>\n<h3 style=\"font-family:&quot;Noto Sans SC&quot;;letter-spacing:normal;text-align:start;white-space:normal;color:rgb(0, 0, 0)\" align=\"start\">I\u0161manus temperat\u016bros valdymas<\/h3>\n<p style=\"font-family:&quot;Noto Sans SC&quot;;font-size:medium;font-weight:400;letter-spacing:normal;text-align:start;white-space:normal;color:rgb(0, 0, 0)\" align=\"start\">Pastovios temperat\u016bros ^stiebis u\u017etikrina, kad \u201eP5000 Pro\u201c maitinimo stotis veikt\u0173 optimalioje temperat\u016broje, ir apsaugo j\u0105 nuo perkaitimo bei galim\u0173 nuostoli\u0173.<\/p>\n<h3 style=\"font-family:&quot;Noto Sans SC&quot;;letter-spacing:normal;text-align:start;white-space:normal;color:rgb(0, 0, 0)\" align=\"start\">Valdymas realiuoju laiku pir\u0161t\u0173 galiukais<\/h3>\n<p style=\"font-family:&quot;Noto Sans SC&quot;;font-size:medium;font-weight:400;letter-spacing:normal;text-align:start;white-space:normal;color:rgb(0, 0, 0)\" align=\"start\">Nesvarbu, ar esate namie, ar kelyje, galite steb\u0117ti ir valdyti akumuliatoriaus lyg\u012f tiesiai i\u0161 savo telefono naudodami program\u0117l\u0119 per \u201eWi-Fi\u201c arba \u201eBluetooth\u201c.<\/p>\n<p><\/p>\n<h2 style=\"font-family:&quot;Noto Sans SC&quot;;font-size:14px;letter-spacing:normal;text-align:start;white-space:normal;color:rgb(0, 0, 0);margin:10px 0px;margin-bottom:10px;margin-top:10px;margin-left:0px;margin-right:0px;padding:0px;padding-bottom:0px;padding-top:0px;padding-left:0px;padding-right:0px\" align=\"start\">Specifikacija<\/h2>\n<p><\/p>\n<table style=\"border-collapse:collapse;font-family:&quot;Noto Sans SC&quot;;width:1000px\" class=\"jbEidtTable\" border=\"1\" cellpadding=\"5\" cellspacing=\"0\">\n<tbody>\n<tr>\n<td style=\"text-align:left\" align=\"left\">\n<p><strong>Bendra<\/strong><\/p>\n<\/td>\n<td style=\"text-align:left\" align=\"left\">\n<p>Prek\u0117s \u017eenklas: OUKITEL<br \/>Tipas: Ne\u0161iojama elektrin\u0117<br \/>Modelis: P5000 Pro<br \/>Spalva: juoda<\/p>\n<\/td>\n<\/tr>\n<tr>\n<td style=\"text-align:left\" align=\"left\">\n<p><strong>Specifikacija<\/strong><\/p>\n<\/td>\n<td style=\"text-align:left\" align=\"left\">\n<p>Elektros specifikacijos<br \/>Galia: 5120 Wh (51,2 V)<br \/>Talpa: 160000 mAh<br \/>Baterija: LiFePO4<br \/>Ciklo trukm\u0117: 5000+<br \/>Inverteris: gryna sinusin\u0117 banga<br \/>Kintamosios srov\u0117s adapteris: 12\u2013120 V \/ 15 A, maksimali 1000 W<br \/>Super greitas \u012fkrovimas: maks. 3200 W, AC 200\u2013240 V kintamoji srov\u0117, maks. 10 A<br \/>Kintamosios srov\u0117s \u012fkrovimo laikas: 1,6 valandos<br \/>Saul\u0117s baterijos jungtis: 1 * XT60 prievadas, 12V-120V \/ 15A, MPPT MAX 1000W<br \/>\u012ekrovimas saul\u0117s energija: 5 valandos<br \/>Automobilio \u012fkrovimas: 12V\/8A, 24V\/10A<br \/>Tuo pa\u010diu metu \u012fkrovimas ir i\u0161krovimas: palaikymas<\/p>\n<p>Kintamosios srov\u0117s i\u0161vestis<br \/>Nominali galia: 4000 W<br \/>UPS vardin\u0117 galia: 2800 W<br \/>Vir\u0161\u012ftampio galia: 8000 W<br \/>\u012etampa: 200\u2013240 V kintamoji srov\u0117<br \/>Nominalus da\u017enis: 60Hz\/50Hz<br \/>4000 W apkrova: &lt; 5000 W nuolatin\u0117 galia<br \/>Perkrova: 5000 W \u2264 apkrova 6000 W @ 1 s; 8000 W \u2265 apkrova @ 0,5 s<br \/>Keitiklio efektyvumas: \u03b7=92%<br \/>I\u0161krovimo gylis: DOD = 90%<\/p>\n<p>Nuolatin\u0117s srov\u0117s i\u0161vestis<br \/>Kintamosios srov\u0117s i\u0161vestis: 5 prievadai, 4000 W kintamoji galia<br \/>USB-A: 2 x 12 W (5 V \/ 2,4 A)<br \/>USB-A, QC3.0: 2 * 18 W (5 V \/ 3 A; 9 V \/ 2 A; 12 V \/ 1,5 A)<br \/>C tipas: 2 * PD100W (5V3A; 9V3A; 12V3A; 15V3A; 20V5A)<br \/>DC48V: 1 * 48V15A lizdas<br \/>DC12V: 2 * 12V3A lizdas<br \/>Cigare\u010di\u0173 \u017eiebtuv\u0117lio prievadas: 1 * 12V\/10A lizdas<br \/>LED ap\u0161vietimas: \/<br \/>Veikimo s\u0105lygos<br \/>Prad\u017eios laikas: &lt; 10 mS<br \/>Valdymo sistema: BMS valdymas<br \/>\u012ekrovimo temperat\u016bra: 0\u201340 \u00b0C \/ 32\u2013104 \u00b0F<br \/>I\u0161krovimo temperat\u016bra: -10\u201340 \u00b0C \/ -4\u2013104 \u00b0F<br \/>Dr\u0117gm\u0117: 10%-90%<br \/>Au\u0161inimo strategija: 6 * ventiliatoriai<br \/>Apsauga: gelb\u0117jimas ir trumpasis jungimas, vir\u0161srov\u0117s, vir\u0161\u012ftampio, \u017eemos \u012ftampos, perkrovos, perkaitimo, perkrovos<\/p>\n<\/td>\n<\/tr>\n<tr>\n<td style=\"text-align:left\" align=\"left\">\n<p><strong>Svoris ir dydis<\/strong><\/p>\n<\/td>\n<td style=\"text-align:left\" align=\"left\">\n<p>Produkto svoris: 53 kg<br \/>Pakuot\u0117s svoris: 58 kg<br \/>Pakuot\u0117s dydis (ilgis x plotis x auk\u0161tis): 69,2 \u00d7 41,3 \u00d7 59,5 cm<\/p>\n<\/td>\n<\/tr>\n<tr>\n<td style=\"text-align:left\" align=\"left\">\n<p><strong>Pakuot\u0117s turinys<\/strong><\/p>\n<\/td>\n<td style=\"text-align:left\" align=\"left\">\n<p>1 x Ne\u0161iojama elektrin\u0117<br \/>1 x MC4 kabelis<br \/>1 x automobilio \u012fkrovimo laidas<br \/>1 x adapteris<br \/>1 x Naudotojo vadovas<\/p>\n<\/td>\n<\/tr>\n<\/tbody>\n<\/table>\n<p><\/p>\n<table style=\"border-collapse:collapse;font-family:&quot;Noto Sans SC&quot;;width:1000px\" class=\"jbEidtTable\" border=\"1\" cellpadding=\"5\" cellspacing=\"0\">\n<tbody>\n<tr>\n<td style=\"text-align:left\" align=\"left\">\n<p><strong>Bendra<\/strong><\/p>\n<\/td>\n<td style=\"text-align:left\" align=\"left\">\n<p>Prek\u0117s \u017eenklas: OUKITEL<br \/>Tipas: Ne\u0161iojama elektrin\u0117<br \/>Modelis: P5000 Pro<br \/>Spalva: juoda<\/p>\n<\/td>\n<\/tr>\n<tr>\n<td style=\"text-align:left\" align=\"left\">\n<p><strong>Specifikacija<\/strong><\/p>\n<\/td>\n<td style=\"text-align:left\" align=\"left\">\n<p>Elektros specifikacijos<br \/>Galia: 5120 Wh (51,2 V)<br \/>Talpa: 160000 mAh<br \/>Baterija: LiFePO4<br \/>Ciklo trukm\u0117: 5000+<br \/>Inverteris: gryna sinusin\u0117 banga<br \/>Kintamosios srov\u0117s adapteris: 12\u2013120 V \/ 15 A, maksimali 1000 W<br \/>Super greitas \u012fkrovimas: maks. 3200 W, AC 200\u2013240 V kintamoji srov\u0117, maks. 10 A<br \/>Kintamosios srov\u0117s \u012fkrovimo laikas: 1,6 valandos<br \/>Saul\u0117s baterijos jungtis: 1 * XT60 prievadas, 12V-120V \/ 15A, MPPT MAX 1000W<br \/>\u012ekrovimas saul\u0117s energija: 5 valandos<br \/>Automobilio \u012fkrovimas: 12V\/8A, 24V\/10A<br \/>Tuo pa\u010diu metu \u012fkrovimas ir i\u0161krovimas: palaikymas<\/p>\n<p>Kintamosios srov\u0117s i\u0161vestis<br \/>Nominali galia: 4000 W<br \/>UPS vardin\u0117 galia: 2800 W<br \/>Vir\u0161\u012ftampio galia: 8000 W<br \/>\u012etampa: 200\u2013240 V kintamoji srov\u0117<br \/>Nominalus da\u017enis: 60Hz\/50Hz<br \/>4000 W apkrova: &lt; 5000 W nuolatin\u0117 galia<br \/>Perkrova: 5000 W \u2264 apkrova 6000 W @ 1 s; 8000 W \u2265 apkrova @ 0,5 s<br \/>Keitiklio efektyvumas: \u03b7=92%<br \/>I\u0161krovimo gylis: DOD = 90%<\/p>\n<p>Nuolatin\u0117s srov\u0117s i\u0161vestis<br \/>Kintamosios srov\u0117s i\u0161vestis: 5 prievadai, 4000 W kintamoji galia<br \/>USB-A: 2 x 12 W (5 V \/ 2,4 A)<br \/>USB-A, QC3.0: 2 * 18 W (5 V \/ 3 A; 9 V \/ 2 A; 12 V \/ 1,5 A)<br \/>C tipas: 2 * PD100W (5V3A; 9V3A; 12V3A; 15V3A; 20V5A)<br \/>DC48V: 1 * 48V15A lizdas<br \/>DC12V: 2 * 12V3A lizdas<br \/>Cigare\u010di\u0173 \u017eiebtuv\u0117lio prievadas: 1 * 12V\/10A lizdas<br \/>LED ap\u0161vietimas: \/<br \/>Veikimo s\u0105lygos<br \/>Prad\u017eios laikas: &lt; 10 mS<br \/>Valdymo sistema: BMS valdymas<br \/>\u012ekrovimo temperat\u016bra: 0\u201340 \u00b0C \/ 32\u2013104 \u00b0F<br \/>I\u0161krovimo temperat\u016bra: -10\u201340 \u00b0C \/ -4\u2013104 \u00b0F<br \/>Dr\u0117gm\u0117: 10%-90%<br \/>Au\u0161inimo strategija: 6 * ventiliatoriai<br \/>Apsauga: gelb\u0117jimas ir trumpasis jungimas, vir\u0161srov\u0117s, vir\u0161\u012ftampio, \u017eemos \u012ftampos, perkrovos, perkaitimo, perkrovos<\/p>\n<\/td>\n<\/tr>\n<tr>\n<td style=\"text-align:left\" align=\"left\">\n<p><strong>Svoris ir dydis<\/strong><\/p>\n<\/td>\n<td style=\"text-align:left\" align=\"left\">\n<p>Produkto svoris: 53 kg<br \/>Pakuot\u0117s svoris: 58 kg<br \/>Pakuot\u0117s dydis (ilgis x plotis x auk\u0161tis): 69,2 \u00d7 41,3 \u00d7 59,5 cm<\/p>\n<\/td>\n<\/tr>\n<tr>\n<td style=\"text-align:left\" align=\"left\">\n<p><strong>Pakuot\u0117s turinys<\/strong><\/p>\n<\/td>\n<td style=\"text-align:left\" align=\"left\">\n<p>1 x Ne\u0161iojama elektrin\u0117<br \/>1 x MC4 kabelis<br \/>1 x automobilio \u012fkrovimo laidas<br \/>1 x adapteris<br \/>1 x Naudotojo vadovas<\/p>\n<\/td>\n<\/tr>\n<\/tbody>\n<\/table>\n<p style=\"font-family:&quot;Open Sans&quot;, Roboto, Arial, Helvetica, sans-serif, SimSun;font-size:14px;font-weight:400;letter-spacing:normal;line-height:inherit;text-align:start;white-space:normal;color:rgb(34, 34, 34);margin:0px;margin-bottom:0px;margin-top:0px;margin-left:0px;margin-right:0px;padding:0px;padding-bottom:0px;padding-top:0px;padding-left:0px;padding-right:0px;box-sizing:border-box\" align=\"start\">\n<p><img decoding=\"async\" style=\"border:0px;margin:0px;margin-bottom:0px;margin-top:0px;margin-left:0px;margin-right:0px;padding:0px;padding-bottom:0px;padding-top:0px;padding-left:0px;padding-right:0px;max-width:100%;box-sizing:border-box\" src=\"https:\/\/ae01.alicdn.com\/kf\/S09b2fab3925b4b27879fab9daadc9a56L.jpg\" slate-data-type=\"image\"\/><img decoding=\"async\" style=\"border:0px;margin:0px;margin-bottom:0px;margin-top:0px;margin-left:0px;margin-right:0px;padding:0px;padding-bottom:0px;padding-top:0px;padding-left:0px;padding-right:0px;max-width:100%;box-sizing:border-box\" src=\"https:\/\/ae01.alicdn.com\/kf\/S58e352965bb242259d55f1337e84a67eX.jpg\" slate-data-type=\"image\"\/><img decoding=\"async\" style=\"border:0px;margin:0px;margin-bottom:0px;margin-top:0px;margin-left:0px;margin-right:0px;padding:0px;padding-bottom:0px;padding-top:0px;padding-left:0px;padding-right:0px;max-width:100%;box-sizing:border-box\" src=\"https:\/\/ae01.alicdn.com\/kf\/S03b425096d36428180b1f8f6e83ff2eb0.jpg\" slate-data-type=\"image\"\/><img decoding=\"async\" style=\"border:0px;margin:0px;margin-bottom:0px;margin-top:0px;margin-left:0px;margin-right:0px;padding:0px;padding-bottom:0px;padding-top:0px;padding-left:0px;padding-right:0px;max-width:100%;box-sizing:border-box\" src=\"https:\/\/ae01.alicdn.com\/kf\/S0b769d2595354d339a47d8e07aadc42dC.jpg\" slate-data-type=\"image\"\/><img decoding=\"async\" style=\"border:0px;margin:0px;margin-bottom:0px;margin-top:0px;margin-left:0px;margin-right:0px;padding:0px;padding-bottom:0px;padding-top:0px;padding-left:0px;padding-right:0px;max-width:100%;box-sizing:border-box\" src=\"https:\/\/ae01.alicdn.com\/kf\/S476920e94ac14d0b80af4da9093ad2b7k.jpg\" slate-data-type=\"image\"\/><img decoding=\"async\" style=\"border:0px;margin:0px;margin-bottom:0px;margin-top:0px;margin-left:0px;margin-right:0px;padding:0px;padding-bottom:0px;padding-top:0px;padding-left:0px;padding-right:0px;max-width:100%;box-sizing:border-box\" src=\"https:\/\/ae01.alicdn.com\/kf\/S07d9bb0ed87b46b0a6bd9356a64f753ch.jpg\" slate-data-type=\"image\"\/><img decoding=\"async\" style=\"border:0px;margin:0px;margin-bottom:0px;margin-top:0px;margin-left:0px;margin-right:0px;padding:0px;padding-bottom:0px;padding-top:0px;padding-left:0px;padding-right:0px;max-width:100%;box-sizing:border-box\" src=\"https:\/\/ae01.alicdn.com\/kf\/S9aa6ac8588694d70b64e44ecf933d6c9N.jpg\" slate-data-type=\"image\"\/><img decoding=\"async\" style=\"border:0px;margin:0px;margin-bottom:0px;margin-top:0px;margin-left:0px;margin-right:0px;padding:0px;padding-bottom:0px;padding-top:0px;padding-left:0px;padding-right:0px;max-width:100%;box-sizing:border-box\" src=\"https:\/\/ae01.alicdn.com\/kf\/S6c25fc76485f4e1080257e4284f1f47bk.jpg\" slate-data-type=\"image\"\/><img decoding=\"async\" style=\"border:0px;margin:0px;margin-bottom:0px;margin-top:0px;margin-left:0px;margin-right:0px;padding:0px;padding-bottom:0px;padding-top:0px;padding-left:0px;padding-right:0px;max-width:100%;box-sizing:border-box\" src=\"https:\/\/ae01.alicdn.com\/kf\/Sbe7150297da04ab2ad1468314555de3ab.jpg\" slate-data-type=\"image\"\/><img decoding=\"async\" style=\"border:0px;margin:0px;margin-bottom:0px;margin-top:0px;margin-left:0px;margin-right:0px;padding:0px;padding-bottom:0px;padding-top:0px;padding-left:0px;padding-right:0px;max-width:100%;box-sizing:border-box\" src=\"https:\/\/ae01.alicdn.com\/kf\/S262e0eacc4f849d4aa0d48453e3d6842d.jpg\" slate-data-type=\"image\"\/><img decoding=\"async\" style=\"border:0px;margin:0px;margin-bottom:0px;margin-top:0px;margin-left:0px;margin-right:0px;padding:0px;padding-bottom:0px;padding-top:0px;padding-left:0px;padding-right:0px;max-width:100%;box-sizing:border-box\" src=\"https:\/\/ae01.alicdn.com\/kf\/S437da8c96e264926ab17d698dddda1faF.jpg\" slate-data-type=\"image\"\/><img decoding=\"async\" style=\"border:0px;margin:0px;margin-bottom:0px;margin-top:0px;margin-left:0px;margin-right:0px;padding:0px;padding-bottom:0px;padding-top:0px;padding-left:0px;padding-right:0px;max-width:100%;box-sizing:border-box\" src=\"https:\/\/ae01.alicdn.com\/kf\/S523ef52daede4909b0424dce91e4cc9fK.jpg\" slate-data-type=\"image\"\/><img decoding=\"async\" style=\"border:0px;margin:0px;margin-bottom:0px;margin-top:0px;margin-left:0px;margin-right:0px;padding:0px;padding-bottom:0px;padding-top:0px;padding-left:0px;padding-right:0px;max-width:100%;box-sizing:border-box\" src=\"https:\/\/ae01.alicdn.com\/kf\/S0c89c49d09ca4061bca8cb27dbd3f2e0z.jpg\" slate-data-type=\"image\"\/><img decoding=\"async\" style=\"border:0px;margin:0px;margin-bottom:0px;margin-top:0px;margin-left:0px;margin-right:0px;padding:0px;padding-bottom:0px;padding-top:0px;padding-left:0px;padding-right:0px;max-width:100%;box-sizing:border-box\" src=\"https:\/\/ae01.alicdn.com\/kf\/S6b75bbccd0824fcd8f7c89c8e9c9bdb4o.jpg\" slate-data-type=\"image\"\/><img decoding=\"async\" style=\"border:0px;margin:0px;margin-bottom:0px;margin-top:0px;margin-left:0px;margin-right:0px;padding:0px;padding-bottom:0px;padding-top:0px;padding-left:0px;padding-right:0px;max-width:100%;box-sizing:border-box\" src=\"https:\/\/ae01.alicdn.com\/kf\/S8bda748ca20545e08d39c8781e14b2cbl.jpg\" slate-data-type=\"image\"\/><\/p>\n<p><\/p>","protected":false},"excerpt":{"rendered":"<p>Application:&nbsp;Solar Power Storage Nominal Capacity:&nbsp;160000 mAh Model Number:&nbsp;OUKITEL P5000 Pro Type:&nbsp;LiFePO4 Set Type:&nbsp;Charger Sets Brand:&nbsp;OUKITEL Power:&nbsp;5120Wh (51.2V) Capacity:&nbsp;160000 mAh Battery:&nbsp;LiFePO4 Inverter:&nbsp;Pure Sine Wave Surge Power:&nbsp;8000W Features 01:&nbsp;portable power station Features<\/p>","protected":false},"featured_media":21785,"comment_status":"open","ping_status":"closed","template":"","meta":{"_acf_changed":false},"product_brand":[],"product_cat":[515],"product_tag":[],"class_list":{"0":"post-21784","1":"product","2":"type-product","3":"status-publish","4":"has-post-thumbnail","6":"product_cat-portable-power-stations","8":"first","9":"instock","10":"shipping-taxable","11":"purchasable","12":"product-type-simple"},"acf":[],"_links":{"self":[{"href":"https:\/\/electricstore.eu\/lt\/wp-json\/wp\/v2\/product\/21784","targetHints":{"allow":["GET"]}}],"collection":[{"href":"https:\/\/electricstore.eu\/lt\/wp-json\/wp\/v2\/product"}],"about":[{"href":"https:\/\/electricstore.eu\/lt\/wp-json\/wp\/v2\/types\/product"}],"replies":[{"embeddable":true,"href":"https:\/\/electricstore.eu\/lt\/wp-json\/wp\/v2\/comments?post=21784"}],"wp:featuredmedia":[{"embeddable":true,"href":"https:\/\/electricstore.eu\/lt\/wp-json\/wp\/v2\/media\/21785"}],"wp:attachment":[{"href":"https:\/\/electricstore.eu\/lt\/wp-json\/wp\/v2\/media?parent=21784"}],"wp:term":[{"taxonomy":"product_brand","embeddable":true,"href":"https:\/\/electricstore.eu\/lt\/wp-json\/wp\/v2\/product_brand?post=21784"},{"taxonomy":"product_cat","embeddable":true,"href":"https:\/\/electricstore.eu\/lt\/wp-json\/wp\/v2\/product_cat?post=21784"},{"taxonomy":"product_tag","embeddable":true,"href":"https:\/\/electricstore.eu\/lt\/wp-json\/wp\/v2\/product_tag?post=21784"}],"curies":[{"name":"wp","href":"https:\/\/api.w.org\/{rel}","templated":true}]}}