{"id":21752,"date":"2025-05-20T18:26:44","date_gmt":"2025-05-20T18:26:44","guid":{"rendered":"https:\/\/electricstore.eu\/p\/uncategorized\/vtoman-v10-pro-car-jump-starter-4500a-with-led-lights-power-bank-car-power-supply-type-c-quick-charge-for-12v-vehicles\/"},"modified":"2025-05-20T18:26:44","modified_gmt":"2025-05-20T18:26:44","slug":"vtoman-v10-pro-car-jump-starter-4500a-with-led-lights-power-bank-car-power-supply-type-c-quick-charge-for-12v-vehicles","status":"publish","type":"product","link":"https:\/\/electricstore.eu\/lt\/p\/batteries\/jump-starter-compressor-power-banks\/vtoman-v10-pro-car-jump-starter-4500a-with-led-lights-power-bank-car-power-supply-type-c-quick-charge-for-12v-vehicles\/","title":{"rendered":"VTOMAN V10 PRO automobilio u\u017evedimo \u012fkroviklis 4500A su LED lemput\u0117mis, i\u0161orin\u0117 baterija, C tipo, greitas \u012fkrovimas, 12 V transporto priemon\u0117ms"},"content":{"rendered":"<div class=\"product-specs-list-container\">\n<ul class=\"product-specs-list util-clearfix\">\n<li class=\"product-prop line-limit-length\"><span\n                                        class=\"property-title\">Baterijos talpa (mAh):&nbsp;<\/span><span\n                                        class=\"property-desc line-limit-length\">3000-5000<\/span>\n                            <\/li>\n<li class=\"product-prop line-limit-length\"><span\n                                        class=\"property-title\">Prek\u0117s \u017eenklas:&nbsp;<\/span><span\n                                        class=\"property-desc line-limit-length\">VTOMNA<\/span>\n                            <\/li>\n<li class=\"product-prop line-limit-length\"><span\n                                        class=\"property-title\">Modelis:&nbsp;<\/span><span\n                                        class=\"property-desc line-limit-length\">V10 PRO<\/span>\n                            <\/li>\n<li class=\"product-prop line-limit-length\"><span\n                                        class=\"property-title\">Nominali srov\u0117:&nbsp;<\/span><span\n                                        class=\"property-desc line-limit-length\">4500A<\/span>\n                            <\/li>\n<li class=\"product-prop line-limit-length\"><span\n                                        class=\"property-title\">Kostiumai:&nbsp;<\/span><span\n                                        class=\"property-desc line-limit-length\">12 V transporto priemon\u0117ms (\u012fskaitant visus benzininius ir iki 10,0 litr\u0173 dyzelinius variklius)<\/span>\n                            <\/li>\n<li class=\"product-prop line-limit-length\"><span\n                                        class=\"property-title\">2 funkcijos:&nbsp;<\/span><span\n                                        class=\"property-desc line-limit-length\">C tipo greitasis \u012fkrovimas<\/span>\n                            <\/li>\n<li class=\"product-prop line-limit-length\"><span\n                                        class=\"property-title\">03 funkcijos:&nbsp;<\/span><span\n                                        class=\"property-desc line-limit-length\">Prad\u0117ti I\u0161sikrovusios baterijos<\/span>\n                            <\/li>\n<li class=\"product-prop line-limit-length\"><span\n                                        class=\"property-title\">04 funkcijos:&nbsp;<\/span><span\n                                        class=\"property-desc line-limit-length\">4500 A 12 V transporto priemon\u0117ms<\/span>\n                            <\/li>\n<li class=\"product-prop line-limit-length\"><span\n                                        class=\"property-title\">05 funkcijos:&nbsp;<\/span><span\n                                        class=\"property-desc line-limit-length\">10 pa\u017eangiausi\u0173 saugos technologij\u0173<\/span>\n                            <\/li>\n<li class=\"product-prop line-limit-length\"><span\n                                        class=\"property-title\">06 funkcijos:&nbsp;<\/span><span\n                                        class=\"property-desc line-limit-length\">Ne\u0161iojamas ir kompakti\u0161kas<\/span>\n                            <\/li>\n<li class=\"product-prop line-limit-length\"><span\n                                        class=\"property-title\">1-oji savyb\u0117:&nbsp;<\/span><span\n                                        class=\"property-desc line-limit-length\">24 m\u0117nesi\u0173 bud\u0117jimo laikas<\/span>\n                            <\/li>\n<\/ul><\/div>\n<p><span style=\"font-size:26px\"><strong>Svarbiausi dalykai:<\/strong><\/span><\/p>\n<ul style=\"font-family:&quot;Microsoft YaHei&quot;;font-size:medium;font-weight:400;letter-spacing:normal;text-align:start;white-space:normal;color:rgb(0, 0, 0);margin-bottom:10px;padding-left:0px\" class=\"clearfix\" align=\"start\">\n<li style=\"font-size:14px;margin-right:10px;padding-left:18px;list-style:none;position:relative;float:left\">\n<h3><strong>4500 A 12 V transporto priemon\u0117ms<\/strong><\/h3>\n<p>Tikros 4500 amper\u0173 srov\u0117s \u201eV10 Pro\u201c u\u017evedimo akumuliatori\u0173 blokas gali saugiai ir efektyviai u\u017evesti visas 12 V transporto priemones (\u012fskaitant visus benzininius ir iki 10,0 litr\u0173 dyzelinius variklius) vos per 30 sekund\u017ei\u0173. Jis universaliai suderinamas su automobiliais, sunkve\u017eimiais, motociklais, traktoriais, vejapjov\u0117mis, visureigiais, sniego motociklais, valtimis, furgonais, nameliais ant rat\u0173 ir kitais automobiliais.<\/p>\n<h3><strong>Prad\u0117ti I\u0161sikrovusios baterijos<\/strong><\/h3>\n<p>Su \u201eV10 Pro\u201c u\u017evedimo d\u0117\u017ee, net jei j\u016bs\u0173 automobilio akumuliatorius visi\u0161kai i\u0161sikrov\u0119s arba \u012ftampa per \u017eema, kad b\u016bt\u0173 galima aptikti, tiesiog paspauskite mygtuk\u0105 \u201eBOOST\u201c ir j\u016bs\u0173 automobilis nedelsdamas u\u017esiveda i\u0161 naujo \u2013 vienu \u012fkrovimu galite u\u017evesti iki 70 kart\u0173, net ir esant ekstremalioms oro s\u0105lygoms (nuo -4 \u2109 iki 140 \u2109). Daugiau niekada nereik\u0117s nerimastingai laukti keli\u0173 pagalbos.<\/p>\n<h3><strong>C tipo greitasis \u012fkrovimas<\/strong><\/h3>\n<p>\u0160is ne\u0161iojamas akumuliatori\u0173 \u012fkroviklis su USB-C\/PD15W, dviem USB-A\/greito \u012fkrovimo i\u0161\u0117jimais ir 15 V\/10 A nuolatin\u0117s srov\u0117s srove taip pat veikia kaip universalus akumuliatori\u0173 \u012fkroviklis, skirtas \u012fkrauti plan\u0161etinius kompiuterius, telefonus, ne\u0161iojamus \u012frenginius, oro kompresorius, automobili\u0173 \u0161aldytuvus ir kt.<\/p>\n<h3><strong>10 pa\u017eangiausi\u0173 saugos technologij\u0173<\/strong><\/h3>\n<p>\u201eVTOMAN\u201c automobilio akumuliatoriaus u\u017evedimo rinkinys teikia pirmenyb\u0119 saugumui ir paprastam naudojimui. \u0160is patobulintas u\u017evedimo kabelio indikatorius naudoja atbulin\u0117s eigos raudon\u0105 lemput\u0119, kad prane\u0161t\u0173 apie netinkam\u0105 naudojim\u0105, pa\u0161alindamas bet kokius r\u016bpes\u010dius d\u0117l neteisingo prijungimo ar kibirk\u0161\u010di\u0173. Jis si\u016blo plat\u0173 apsaugos funkcij\u0173 spektr\u0105, \u012fskaitant apsaug\u0105 nuo kibirk\u0161\u010di\u0173, atvirk\u0161tinio \u012fkrovimo, per didel\u0117s srov\u0117s, per didelio \u012fkrovimo, atvirk\u0161tinio poli\u0161kumo, auk\u0161tos temperat\u016bros, \u017eemos temperat\u016bros, trumpojo jungimo, vir\u0161\u012ftampio ir perkrovos.<\/p>\n<h3><strong>Ne\u0161iojamas ir kompakti\u0161kas<\/strong><\/h3>\n<p>\u201eVTOMAN V10 Pro\u201c automobilio akumuliatoriaus u\u017evedimo \u012frenginys tiekiamas su tvirtu d\u0117klu, tod\u0117l j\u012f galite patogiai laikyti baga\u017ein\u0117je avarin\u0117se situacijose. Jis yra labai ne\u0161iojamas ir tinka \u012fvairiai veiklai lauke bei stovyklavimui, nes turi 3 400 liumen\u0173 LED lempu\u010di\u0173 re\u017eimus (\u012fprast\u0105, mirksint\u012f, SOS).<\/p>\n<h3><strong>24 m\u0117nesi\u0173 bud\u0117jimo laikas<\/strong><\/h3>\n<p>Jis automati\u0161kai i\u0161sijungs po 10 sekund\u017ei\u0173 neveiklumo, taupydamas energij\u0105 ir u\u017etikrindamas 24 m\u0117nesi\u0173 bud\u0117jimo laik\u0105. Tai patikimas, universalus sprendimas kelyje susidarius nenumatytoms situacijoms.<\/p>\n<\/li>\n<li style=\"font-size:14px;font-weight:bold;margin-right:10px;padding-left:18px;list-style:none;float:left\">\n<p><span style=\"font-size:26px\"><strong>Specifikacija:<\/strong><\/span><\/p>\n<\/li>\n<li style=\"font-size:14px;margin-right:10px;padding-left:18px;list-style:none;position:relative;float:left\">\n<table style=\"border-collapse:collapse;width:1000px\" class=\"jbEidtTable\" border=\"1\" cellpadding=\"5\" cellspacing=\"0\">\n<tbody>\n<tr>\n<td style=\"font-size:14px;text-align:left\" align=\"left\">\n<p><strong>Bendra<\/strong><\/p>\n<\/td>\n<td style=\"font-size:14px;text-align:left\" align=\"left\">\n<p>Prek\u0117s \u017eenklas: VTOMNA<br \/>Tipas: Automobilio u\u017evedimo starteris<br \/>Modelis: V10 PRO<br \/>Spalva: geltona<\/p>\n<\/td>\n<\/tr>\n<tr>\n<td style=\"font-size:14px;text-align:left\" align=\"left\">\n<p><strong>Specifikacija<\/strong><\/p>\n<\/td>\n<td style=\"font-size:14px;text-align:left\" align=\"left\">\n<p>Nominali srov\u0117: 4500A<br \/>Tinka: 12 V transporto priemon\u0117ms (\u012fskaitant visus benzininius ir iki 10,0 litr\u0173 dyzelinius variklius)<\/p>\n<\/td>\n<\/tr>\n<tr>\n<td style=\"font-size:14px;text-align:left\" align=\"left\">\n<p><strong>Svoris ir dydis<\/strong><\/p>\n<\/td>\n<td style=\"font-size:14px;text-align:left\" align=\"left\">\n<p>Pakuot\u0117s svoris: 640 g<br \/>Pakuot\u0117s dydis (ilgis x plotis x auk\u0161tis): 230 * 94 * 35 mm<\/p>\n<\/td>\n<\/tr>\n<tr>\n<td style=\"font-size:14px;text-align:left\" align=\"left\">\n<p><strong>Pakuot\u0117s turinys<\/strong><\/p>\n<\/td>\n<td style=\"font-size:14px;text-align:left\" align=\"left\">\n<p>1 x automobilio u\u017evedimo laikiklis<br \/>1 x u\u017evedimo kabelis<br \/>1 x USB-A\u2013C tipo laidas<br \/>1 x C tipo \u012f C tipo laidas<br \/>1 x laikymo d\u0117klas<br \/>1 x Naudotojo vadovas<\/p>\n<\/td>\n<\/tr>\n<\/tbody>\n<\/table>\n<\/li>\n<\/ul>\n<p><img decoding=\"async\" src=\"https:\/\/ae01.alicdn.com\/kf\/Sc600202e0dc64b898a894dea26f916461.jpg\" slate-data-type=\"image\"\/><img decoding=\"async\" src=\"https:\/\/ae01.alicdn.com\/kf\/Sebb0626c4d7d499c852a7f1da2fce90cK.jpg\" slate-data-type=\"image\"\/><img decoding=\"async\" src=\"https:\/\/ae01.alicdn.com\/kf\/S356867fe7509432d9c10f8cbdf554f3d2.jpg\" slate-data-type=\"image\"\/><img decoding=\"async\" src=\"https:\/\/ae01.alicdn.com\/kf\/S4898ce700f864c83ab95ea2b81172d73U.jpg\" slate-data-type=\"image\"\/><img decoding=\"async\" src=\"https:\/\/ae01.alicdn.com\/kf\/S1678e755b3844ab59c22e4b2cae55c87K.jpg\" slate-data-type=\"image\"\/><img decoding=\"async\" src=\"https:\/\/ae01.alicdn.com\/kf\/S967ac49f559a42c19bbd0e97da7410e4A.jpg\" slate-data-type=\"image\"\/><img decoding=\"async\" src=\"https:\/\/ae01.alicdn.com\/kf\/Sbb5c5babf8844ffcb1030170ec8db036a.jpg\" slate-data-type=\"image\"\/><img decoding=\"async\" src=\"https:\/\/ae01.alicdn.com\/kf\/S3e28dfa1575e4c5fad3e7ad71e63243a0.jpg\" slate-data-type=\"image\"\/><img decoding=\"async\" src=\"https:\/\/ae01.alicdn.com\/kf\/S92fcf4cefc14436fab1d15759c729e63c.jpg\" slate-data-type=\"image\"\/><img decoding=\"async\" src=\"https:\/\/ae01.alicdn.com\/kf\/Sa23e005522994f1b98ba035e79ddfb27p.jpg\" slate-data-type=\"image\"\/><img decoding=\"async\" src=\"https:\/\/ae01.alicdn.com\/kf\/S5ffb78eeb8664be78833e7921638ae6fP.jpg\" slate-data-type=\"image\"\/><img decoding=\"async\" src=\"https:\/\/ae01.alicdn.com\/kf\/S2d81bd5174e645ef9f6645b1644d2f3bK.jpg\" slate-data-type=\"image\"\/><img decoding=\"async\" src=\"https:\/\/ae01.alicdn.com\/kf\/S1f6683fa371c4a65921e9aae8f9424a0B.jpg\" slate-data-type=\"image\"\/><img decoding=\"async\" src=\"https:\/\/ae01.alicdn.com\/kf\/Sd98411c6a5f547578da7e786510deeccB.jpg\" slate-data-type=\"image\"\/><img decoding=\"async\" src=\"https:\/\/ae01.alicdn.com\/kf\/S02f3de51e4754ccc8b5b2a6e4eed52a2A.jpg\" slate-data-type=\"image\"\/><\/p>","protected":false},"excerpt":{"rendered":"<p>Battery Capacity(mAh):&nbsp;3000-5000 Brand:&nbsp;VTOMNA Model:&nbsp;V10 PRO Rated Current:&nbsp;4500A Suits:&nbsp;for 12V Vehicles(including all gasoline and up to 10.0 liters diesel engines) Features 02:&nbsp;Type-C Quick Charge Features 03:&nbsp;Start Dead Batteries Features 04:&nbsp;4500A for<\/p>","protected":false},"featured_media":21753,"comment_status":"open","ping_status":"closed","template":"","meta":{"_acf_changed":false},"product_brand":[],"product_cat":[527],"product_tag":[],"class_list":{"0":"post-21752","1":"product","2":"type-product","3":"status-publish","4":"has-post-thumbnail","6":"product_cat-jump-starter-compressor-power-banks","8":"first","9":"instock","10":"shipping-taxable","11":"purchasable","12":"product-type-simple"},"acf":[],"_links":{"self":[{"href":"https:\/\/electricstore.eu\/lt\/wp-json\/wp\/v2\/product\/21752","targetHints":{"allow":["GET"]}}],"collection":[{"href":"https:\/\/electricstore.eu\/lt\/wp-json\/wp\/v2\/product"}],"about":[{"href":"https:\/\/electricstore.eu\/lt\/wp-json\/wp\/v2\/types\/product"}],"replies":[{"embeddable":true,"href":"https:\/\/electricstore.eu\/lt\/wp-json\/wp\/v2\/comments?post=21752"}],"wp:featuredmedia":[{"embeddable":true,"href":"https:\/\/electricstore.eu\/lt\/wp-json\/wp\/v2\/media\/21753"}],"wp:attachment":[{"href":"https:\/\/electricstore.eu\/lt\/wp-json\/wp\/v2\/media?parent=21752"}],"wp:term":[{"taxonomy":"product_brand","embeddable":true,"href":"https:\/\/electricstore.eu\/lt\/wp-json\/wp\/v2\/product_brand?post=21752"},{"taxonomy":"product_cat","embeddable":true,"href":"https:\/\/electricstore.eu\/lt\/wp-json\/wp\/v2\/product_cat?post=21752"},{"taxonomy":"product_tag","embeddable":true,"href":"https:\/\/electricstore.eu\/lt\/wp-json\/wp\/v2\/product_tag?post=21752"}],"curies":[{"name":"wp","href":"https:\/\/api.w.org\/{rel}","templated":true}]}}