{"id":21749,"date":"2025-05-20T18:26:40","date_gmt":"2025-05-20T18:26:40","guid":{"rendered":"https:\/\/electricstore.eu\/p\/uncategorized\/fossibot-sp420-420w-portable-fordable-solar-panel-23-4-conversion-efficiency-ip67-waterproof-for-portable-power-station\/"},"modified":"2025-05-20T18:26:46","modified_gmt":"2025-05-20T18:26:46","slug":"fossibot-sp420-420w-portable-fordable-solar-panel-23-4-conversion-efficiency-ip67-waterproof-for-portable-power-station","status":"publish","type":"product","link":"https:\/\/electricstore.eu\/lt\/p\/batteries\/foldable-solar-panels\/fossibot-sp420-420w-portable-fordable-solar-panel-23-4-conversion-efficiency-ip67-waterproof-for-portable-power-station\/","title":{"rendered":"\u201eFOSSiBOT SP420\u201c 420 W ne\u0161iojamas, kei\u010diamo dyd\u017eio saul\u0117s modulis, 23,41 TP7T, konversijos efektyvumas, IP67, atsparus vandeniui, skirtas ne\u0161iojamai elektrinei"},"content":{"rendered":"<div class=\"product-specs-list-container\">\n<ul class=\"product-specs-list util-clearfix\">\n<li class=\"product-prop line-limit-length\"><span\n                                        class=\"property-title\">Prek\u0117s \u017eenklas:&nbsp;<\/span><span\n                                        class=\"property-desc line-limit-length\">FOSSiBOT<\/span>\n                            <\/li>\n<li class=\"product-prop line-limit-length\"><span\n                                        class=\"property-title\">Tipas:&nbsp;<\/span><span\n                                        class=\"property-desc line-limit-length\">Saul\u0117s baterija<\/span>\n                            <\/li>\n<li class=\"product-prop line-limit-length\"><span\n                                        class=\"property-title\">Modelis:&nbsp;<\/span><span\n                                        class=\"property-desc line-limit-length\">SP420<\/span>\n                            <\/li>\n<li class=\"product-prop line-limit-length\"><span\n                                        class=\"property-title\">Did\u017eiausia galia:&nbsp;<\/span><span\n                                        class=\"property-desc line-limit-length\">420 W (105 W * 4)<\/span>\n                            <\/li>\n<li class=\"product-prop line-limit-length\"><span\n                                        class=\"property-title\">L\u0105stel\u0117s tipas:&nbsp;<\/span><span\n                                        class=\"property-desc line-limit-length\">Monocelinis (182 * 182 mm)<\/span>\n                            <\/li>\n<li class=\"product-prop line-limit-length\"><span\n                                        class=\"property-title\">Konversijos efektyvumas:&nbsp;<\/span><span\n                                        class=\"property-desc line-limit-length\">23.4%<\/span>\n                            <\/li>\n<li class=\"product-prop line-limit-length\"><span\n                                        class=\"property-title\">Parod.:&nbsp;<\/span><span\n                                        class=\"property-desc line-limit-length\">13.1A<\/span>\n                            <\/li>\n<\/ul><\/div>\n<p><strong><span style=\"font-size:24px\"><span style=\"font-family:&quot;times new roman&quot;, times, serif\">&gt;&gt;Svarbiausi \u012fvykiai<\/span><\/span><\/strong><img decoding=\"async\" style=\"border:0px;margin:0px;margin-bottom:0px;margin-top:0px;margin-left:0px;margin-right:0px;padding:0px;padding-bottom:0px;padding-top:0px;padding-left:0px;padding-right:0px;max-width:100%;box-sizing:border-box\" src=\"https:\/\/ae01.alicdn.com\/kf\/Hfe87bce67f2e4de3a1d571ce40c2f920X.jpg\" slate-data-type=\"image\"\/><br \/><span style=\"font-size:18px;font-family:&quot;times new roman&quot;, times, serif\"><strong>23.4% didelis saul\u0117s energijos konversijos efektyvumas<\/strong><\/span><span style=\"font-size:18px;font-family:&quot;times new roman&quot;, times, serif\"><br \/>Su<br \/> iki 23,4% didelio efektyvumo monokristalini\u0173 saul\u0117s element\u0173, SP420 atlieka<br \/> geresni nei pana\u0161iai \u012fvertintos polikristalin\u0117s saul\u0117s baterijos esant silpnam ap\u0161vietimui <br \/>s\u0105lygos. Tai leid\u017eia m\u0117gautis lauko nuotykiais, sugerian\u010diais <br \/>saul\u0117s energija \u017eygiuojant p\u0117s\u010diomis, stovyklaujant, nameliuose ant rat\u0173, priekabose, valtyse, pa\u0161i\u016br\u0117se ir kt. <br \/>kajut\u0117s.<\/span><\/p>\n<p><span style=\"font-size:18px;font-family:&quot;times new roman&quot;, times, serif\"><strong>Patvarus, atsparus vandeniui ir \u012fbr\u0117\u017eimams<\/strong><\/span><span style=\"font-size:18px;font-family:&quot;times new roman&quot;, times, serif\"><br \/>Pri\u0117mimas<br \/> patvari EFTE danga pavir\u0161iuje, ji yra ilgaam\u017ei\u0161kesn\u0117 ir <br \/>atsparus \u012fbr\u0117\u017eimams. Plok\u0161t\u0117 taip pat pagaminta pagal<br \/> IP67 atsparumo vandeniui standartas, tod\u0117l idealiai tinka lauko veiklai, pavyzd\u017eiui, <br \/>stovyklaujant, laipiojant, \u017eygiuojant p\u0117s\u010diomis ir net esant prastoms oro s\u0105lygoms.<\/span><\/p>\n<p><span style=\"font-size:18px;font-family:&quot;times new roman&quot;, times, serif\"><strong>Platus suderinamumas<\/strong><\/span><span style=\"font-size:18px;font-family:&quot;times new roman&quot;, times, serif\"><br \/>SP420<br \/> puikiai tinka FOSSiBOT F3600. Su 4 SP420 saul\u0117s baterijomis, F3600<br \/> galima visi\u0161kai \u012fkrauti ma\u017edaug per 2 valandas ir 16 minu\u010di\u0173. Naudojant 3 viename <br \/>saul\u0117s \u012fkrovimo kabelis, \u0161is 420 W saul\u0117s modulis skirtas naudoti su <br \/>dauguma rinkoje esan\u010di\u0173 saul\u0117s generatori\u0173.<\/span><\/p>\n<p><span style=\"font-size:18px;font-family:&quot;times new roman&quot;, times, serif\"><strong>Sulankstomas ir ne\u0161iojamas<\/strong><\/span><span style=\"font-size:18px;font-family:&quot;times new roman&quot;, times, serif\"><br \/>Su<br \/> Sulankstyto \u012frenginio matmenys \u2013 55 x 103,6 cm, o svoris \u2013 vos 13,97 kg. <br \/>\u201eFOSSiBOT SP420\u201c lengvai transportuojamas ir montuojamas. Jis taip pat turi <br \/>reguliuojami atraminiai kojeliai, leid\u017eiantys reguliuoti saul\u0117s baterij\u0173 pad\u0117t\u012f <br \/>pagal saul\u0119.<\/span><\/p>\n<p><\/p>\n<p><strong><span style=\"font-size:24px\"><span style=\"font-family:&quot;times new roman&quot;, times, serif\">&gt;&gt;Specifikacija<\/span><\/span><\/strong><img decoding=\"async\" style=\"border:0px;margin:0px;margin-bottom:0px;margin-top:0px;margin-left:0px;margin-right:0px;padding:0px;padding-bottom:0px;padding-top:0px;padding-left:0px;padding-right:0px;max-width:100%;box-sizing:border-box\" src=\"https:\/\/ae01.alicdn.com\/kf\/Hfe87bce67f2e4de3a1d571ce40c2f920X.jpg\" slate-data-type=\"image\"\/><\/p>\n<table style=\"border-collapse:collapse;font-family:&quot;Microsoft YaHei&quot;;width:1000px\" class=\"jbEidtTable\" border=\"1\" cellpadding=\"5\" cellspacing=\"0\">\n<tbody>\n<tr>\n<td style=\"font-size:14px;text-align:left\" align=\"left\">\n<p><span style=\"font-size:18px;font-family:&quot;times new roman&quot;, times, serif\"><strong>Bendra<\/strong><\/span><\/p>\n<\/td>\n<td style=\"font-size:14px;text-align:left\" align=\"left\">\n<p><span style=\"font-size:18px;font-family:&quot;times new roman&quot;, times, serif\">Prek\u0117s \u017eenklas: FOSSiBOT<br \/>Tipas: Saul\u0117s baterija<br \/>Modelis: SP420<br \/>Spalva: juoda<\/span><\/p>\n<\/td>\n<\/tr>\n<tr>\n<td style=\"font-size:14px;text-align:left\" align=\"left\">\n<p><span style=\"font-size:18px;font-family:&quot;times new roman&quot;, times, serif\"><strong>Specifikacija<\/strong><\/span><\/p>\n<\/td>\n<td style=\"font-size:14px;text-align:left\" align=\"left\">\n<p><span style=\"font-size:18px;font-family:&quot;times new roman&quot;, times, serif\">Did\u017eiausia galia: 420 W (105 W * 4)<br \/>L\u0105stel\u0117s tipas: MonoCell (182 * 182 mm)<br \/>Konversijos efektyvumas: 23,4%<br \/>\u012etampa: 32 V<br \/>Impulsas: 13,1 A<br \/>Voc: 38,4 V<br \/>Srov\u0117s \u012ftampa: 15,7 A<br \/>I\u0161vesties prievadas: MC4<br \/>Darbin\u0117 temperat\u016bra: -10\u201365 Celsijaus<br \/>Laikymo aplinkos temperat\u016bra: -10\u201365 Celsijaus<br \/>Bendras pralaidumas: 97%<br \/>Dr\u0117gm\u0117s pralaidumas: 40 \u00b0C \/ 90%RH g\/M\u00b2 per dien\u0105<br \/>Vandens sugerties greitis: 2,5% (24 val.)<br \/>Bandymo standartin\u0117s s\u0105lygos: Am1.5 25Celsius 1000W\/\u33a1<br \/>Vieno\u2013trij\u0173 laid\u0173 perdavimas: taikomas visiems \u201eFOSSiBOT\u201c maitinimo \u0161altiniams, taip pat ir kit\u0173 preki\u0173 \u017eenkl\u0173 energijos \u0161altiniams.<br \/>maitinimo \u0161altinis<\/span><\/p>\n<\/td>\n<\/tr>\n<tr>\n<td style=\"font-size:14px;text-align:left\" align=\"left\">\n<p><span style=\"font-size:18px;font-family:&quot;times new roman&quot;, times, serif\"><strong>Svoris ir dydis<\/strong><\/span><\/p>\n<\/td>\n<td style=\"font-size:14px;text-align:left\" align=\"left\">\n<p><span style=\"font-size:18px;font-family:&quot;times new roman&quot;, times, serif\">Produkto svoris: 13,97 kg<br \/>Pakuot\u0117s svoris: 15 kg<br \/>Sulankstyto dydis: 550 * 1036 mm<br \/>I\u0161skleisto dydis: 2231 * 1036 mm<br \/>Pakuot\u0117s dydis (ilgis x plotis x auk\u0161tis): 1070 * 135 * 800 mm<\/span><\/p>\n<\/td>\n<\/tr>\n<tr>\n<td style=\"font-size:14px;text-align:left\" align=\"left\">\n<p><span style=\"font-size:18px;font-family:&quot;times new roman&quot;, times, serif\"><strong>Pakuot\u0117s turinys<\/strong><\/span><\/p>\n<\/td>\n<td style=\"font-size:14px;text-align:left\" align=\"left\">\n<p><span style=\"font-size:18px;font-family:&quot;times new roman&quot;, times, serif\">1 x saul\u0117s baterija<br \/>1 x Naudotojo vadovas<\/span><\/p>\n<\/td>\n<\/tr>\n<\/tbody>\n<\/table>\n<p><\/p>\n<p><strong><span style=\"font-size:24px\"><span style=\"font-family:&quot;times new roman&quot;, times, serif\">&gt;&gt;Produkto nuotraukos ir apra\u0161ymai<\/span><\/span><\/strong><img decoding=\"async\" style=\"border:0px;margin:0px;margin-bottom:0px;margin-top:0px;margin-left:0px;margin-right:0px;padding:0px;padding-bottom:0px;padding-top:0px;padding-left:0px;padding-right:0px;max-width:100%;box-sizing:border-box\" src=\"https:\/\/ae01.alicdn.com\/kf\/H6fdde27b326346899cab45b03bea157bQ.jpg\" slate-data-type=\"image\"\/><span style=\"background-color:rgb(204, 204, 204);color:rgb(0, 0, 0);font-size:20px;font-family:&quot;lucida sans unicode&quot;, &quot;lucida grande&quot;, sans-serif\"><br \/><\/span><\/p>\n<p><img decoding=\"async\" src=\"https:\/\/ae01.alicdn.com\/kf\/Sd649baf48ab14635aad771be18e7484ek.jpg\" slate-data-type=\"image\"\/><img decoding=\"async\" src=\"https:\/\/ae01.alicdn.com\/kf\/S7b7ea5ce13f44ede939798e5528e24f1M.jpg\" slate-data-type=\"image\"\/><img decoding=\"async\" src=\"https:\/\/ae01.alicdn.com\/kf\/S73cb22d28fea4a10a1a2191d494e9214H.jpg\" slate-data-type=\"image\"\/><img decoding=\"async\" src=\"https:\/\/ae01.alicdn.com\/kf\/Se5235b927c7d4dfaa6cde3481fbfa267L.jpg\" slate-data-type=\"image\"\/><img decoding=\"async\" src=\"https:\/\/ae01.alicdn.com\/kf\/Sbb573d0f62bf4aa0b94d65252d4936a7I.jpg\" slate-data-type=\"image\"\/><img decoding=\"async\" src=\"https:\/\/ae01.alicdn.com\/kf\/Sa3c4283275364fbb9f56c624ea651c21L.jpg\" slate-data-type=\"image\"\/><img decoding=\"async\" src=\"https:\/\/ae01.alicdn.com\/kf\/Se6aa656251e84d04ab98a4860e0065855.jpg\" slate-data-type=\"image\"\/><img decoding=\"async\" src=\"https:\/\/ae01.alicdn.com\/kf\/S4ecbe3aa6d57459d827647dbdcf6b0645.jpg\" slate-data-type=\"image\"\/><\/p>","protected":false},"excerpt":{"rendered":"<p>Brand:&nbsp;FOSSiBOT Type:&nbsp;Solar Panel Model:&nbsp;SP420 Peak Power:&nbsp;420W (105W*4) Cell Type:&nbsp;MonoCell (182*182mm) Conversion Efficiency:&nbsp;23.4% Imp:&nbsp;13.1A &gt;&gt;Highlights23.4% High Solar Conversion EfficiencyWith up to 23.4% high-efficiency monocrystalline solar cells, SP420 performs better than similarly<\/p>","protected":false},"featured_media":21750,"comment_status":"open","ping_status":"closed","template":"","meta":{"_acf_changed":false},"product_brand":[],"product_cat":[531],"product_tag":[],"class_list":{"0":"post-21749","1":"product","2":"type-product","3":"status-publish","4":"has-post-thumbnail","6":"product_cat-foldable-solar-panels","8":"first","9":"instock","10":"shipping-taxable","11":"purchasable","12":"product-type-simple"},"acf":[],"_links":{"self":[{"href":"https:\/\/electricstore.eu\/lt\/wp-json\/wp\/v2\/product\/21749","targetHints":{"allow":["GET"]}}],"collection":[{"href":"https:\/\/electricstore.eu\/lt\/wp-json\/wp\/v2\/product"}],"about":[{"href":"https:\/\/electricstore.eu\/lt\/wp-json\/wp\/v2\/types\/product"}],"replies":[{"embeddable":true,"href":"https:\/\/electricstore.eu\/lt\/wp-json\/wp\/v2\/comments?post=21749"}],"wp:featuredmedia":[{"embeddable":true,"href":"https:\/\/electricstore.eu\/lt\/wp-json\/wp\/v2\/media\/21750"}],"wp:attachment":[{"href":"https:\/\/electricstore.eu\/lt\/wp-json\/wp\/v2\/media?parent=21749"}],"wp:term":[{"taxonomy":"product_brand","embeddable":true,"href":"https:\/\/electricstore.eu\/lt\/wp-json\/wp\/v2\/product_brand?post=21749"},{"taxonomy":"product_cat","embeddable":true,"href":"https:\/\/electricstore.eu\/lt\/wp-json\/wp\/v2\/product_cat?post=21749"},{"taxonomy":"product_tag","embeddable":true,"href":"https:\/\/electricstore.eu\/lt\/wp-json\/wp\/v2\/product_tag?post=21749"}],"curies":[{"name":"wp","href":"https:\/\/api.w.org\/{rel}","templated":true}]}}