{"id":21738,"date":"2025-05-20T18:26:31","date_gmt":"2025-05-20T18:26:31","guid":{"rendered":"https:\/\/electricstore.eu\/p\/uncategorized\/oukitel-bp2000-portable-power-station-2048wh-640000mah-lifepo4-battery-2200w-ac-output-solar-generator-charging-stations\/"},"modified":"2025-05-20T18:26:38","modified_gmt":"2025-05-20T18:26:38","slug":"oukitel-bp2000-portable-power-station-2048wh-640000mah-lifepo4-battery-2200w-ac-output-solar-generator-charging-stations","status":"publish","type":"product","link":"https:\/\/electricstore.eu\/lt\/p\/batteries\/portable-power-stations\/oukitel-bp2000-portable-power-station-2048wh-640000mah-lifepo4-battery-2200w-ac-output-solar-generator-charging-stations\/","title":{"rendered":"OUKITEL BP2000 Ne\u0161iojama \u012fkrovimo stotel\u0117 2048Wh\/640000mAh LiFePO4 baterija 2200W AC i\u0161vestis Saul\u0117s generatorius \u012ekrovimo stotel\u0117s"},"content":{"rendered":"<div class=\"product-specs-list-container\">\n<ul class=\"product-specs-list util-clearfix\">\n<li class=\"product-prop line-limit-length\"><span\n                                        class=\"property-title\">Nominali talpa:&nbsp;<\/span><span\n                                        class=\"property-desc line-limit-length\">&gt;3500 mAh<\/span>\n                            <\/li>\n<li class=\"product-prop line-limit-length\"><span\n                                        class=\"property-title\">Modelio numeris:&nbsp;<\/span><span\n                                        class=\"property-desc line-limit-length\">OUKITEL BP2000<\/span>\n                            <\/li>\n<li class=\"product-prop line-limit-length\"><span\n                                        class=\"property-title\">Tipas:&nbsp;<\/span><span\n                                        class=\"property-desc line-limit-length\">LiFePO4<\/span>\n                            <\/li>\n<li class=\"product-prop line-limit-length\"><span\n                                        class=\"property-title\">Rinkinio tipas:&nbsp;<\/span><span\n                                        class=\"property-desc line-limit-length\">\u012ekrovikli\u0173 rinkiniai<\/span>\n                            <\/li>\n<li class=\"product-prop line-limit-length\"><span\n                                        class=\"property-title\">Prek\u0117s \u017eenklas:&nbsp;<\/span><span\n                                        class=\"property-desc line-limit-length\">OUKITEL<\/span>\n                            <\/li>\n<li class=\"product-prop line-limit-length\"><span\n                                        class=\"property-title\">Modelis:&nbsp;<\/span><span\n                                        class=\"property-desc line-limit-length\">BP2000<\/span>\n                            <\/li>\n<li class=\"product-prop line-limit-length\"><span\n                                        class=\"property-title\">Galia:&nbsp;<\/span><span\n                                        class=\"property-desc line-limit-length\">2048 Wh (51,2 V)<\/span>\n                            <\/li>\n<li class=\"product-prop line-limit-length\"><span\n                                        class=\"property-title\">Talpa:&nbsp;<\/span><span\n                                        class=\"property-desc line-limit-length\">640000 mAh<\/span>\n                            <\/li>\n<li class=\"product-prop line-limit-length\"><span\n                                        class=\"property-title\">Baterija:&nbsp;<\/span><span\n                                        class=\"property-desc line-limit-length\">LiFePO4<\/span>\n                            <\/li>\n<li class=\"product-prop line-limit-length\"><span\n                                        class=\"property-title\">Kintamosios srov\u0117s \u012fkroviklis:&nbsp;<\/span><span\n                                        class=\"property-desc line-limit-length\">Maks. 1800 W, 200\u2013240 V kintamoji srov\u0117, maks. 15 A<\/span>\n                            <\/li>\n<li class=\"product-prop line-limit-length\"><span\n                                        class=\"property-title\">Kintamosios srov\u0117s \u012fkrovimo laikas:&nbsp;<\/span><span\n                                        class=\"property-desc line-limit-length\">Super greitas \u012fkrovimas, 1,8 valandos (80% galia)<\/span>\n                            <\/li>\n<li class=\"product-prop line-limit-length\"><span\n                                        class=\"property-title\">Saul\u0117s \u012fkroviklis:&nbsp;<\/span><span\n                                        class=\"property-desc line-limit-length\">1 * XT60 prievadas, 12V-120V \/ 15A, MPPT MAX 1000W<\/span>\n                            <\/li>\n<li class=\"product-prop line-limit-length\"><span\n                                        class=\"property-title\">Automobilio \u012fkrovimas:&nbsp;<\/span><span\n                                        class=\"property-desc line-limit-length\">2 V \/ 8 A, 24 V \/ 10 A<\/span>\n                            <\/li>\n<li class=\"product-prop line-limit-length\"><span\n                                        class=\"property-title\">1-oji savyb\u0117:&nbsp;<\/span><span\n                                        class=\"property-desc line-limit-length\">ne\u0161iojama elektrin\u0117<\/span>\n                            <\/li>\n<li class=\"product-prop line-limit-length\"><span\n                                        class=\"property-title\">2 funkcijos:&nbsp;<\/span><span\n                                        class=\"property-desc line-limit-length\">elektrin\u0117<\/span>\n                            <\/li>\n<li class=\"product-prop line-limit-length\"><span\n                                        class=\"property-title\">03 funkcijos:&nbsp;<\/span><span\n                                        class=\"property-desc line-limit-length\">ne\u0161iojama saul\u0117s elektrin\u0117<\/span>\n                            <\/li>\n<li class=\"product-prop line-limit-length\"><span\n                                        class=\"property-title\">04 funkcijos:&nbsp;<\/span><span\n                                        class=\"property-desc line-limit-length\">\u012fkrovimo stotel\u0117s<\/span>\n                            <\/li>\n<li class=\"product-prop line-limit-length\"><span\n                                        class=\"property-title\">05 funkcijos:&nbsp;<\/span><span\n                                        class=\"property-desc line-limit-length\">saul\u0117s generatorius<\/span>\n                            <\/li>\n<li class=\"product-prop line-limit-length\"><span\n                                        class=\"property-title\">06 funkcijos:&nbsp;<\/span><span\n                                        class=\"property-desc line-limit-length\">benzininis elektros generatorius<\/span>\n                            <\/li>\n<\/ul><\/div>\n<p><span style=\"font-size:24px\"><strong>Svarbiausi dalykai:<\/strong><\/span><\/p>\n<p><\/p>\n<ul style=\"font-family:&quot;Microsoft YaHei&quot;;font-size:medium;font-weight:400;letter-spacing:normal;text-align:start;white-space:normal;color:rgb(0, 0, 0);margin-bottom:10px;padding-left:0px\" class=\"clearfix\" align=\"start\">\n<li style=\"font-size:14px;margin-right:10px;padding-left:18px;list-style:none;position:relative;float:left\">\n<p>Ne\u0161iojamoji elektros stotis BP2000 turi modern\u0173 dvikrypt\u012f keitikl\u012f, kuris leid\u017eia itin greitai \u012fkrauti kintamosios srov\u0117s gali\u0105 iki 1800 W \u2013 tai did\u017eiausia galia naudojant elektros tinkl\u0105. Joje naudojamos auk\u0161\u010diausios kokyb\u0117s sprogimui atsparios LiFePO4 baterijos, kuri\u0173 gyvavimo ciklai yra 3500, ir i\u0161manioji BMS sistema, u\u017etikrinanti saug\u0173 ir stabil\u0173 energijos tiekim\u0105. Ji turi MPPT maitinimo lust\u0105 efektyviam \u012fkrovimui saul\u0117s energija ir gali veikti kaip nepertraukiamo maitinimo \u0161altinis (UPS) elektros energijos tiekimo sutrikim\u0173 atveju. Ji taip pat gali lygiagre\u010diai prijungti papildomas baterijas, kad patenkint\u0173 \u012fvairius energijos poreikius.<\/p>\n<\/li>\n<li style=\"font-size:14px;margin-right:10px;padding-left:18px;list-style:none;position:relative;float:left\">\n<div><\/div>\n<h3><strong>2048 Wh talpa, 2200 W kintamosios srov\u0117s i\u0161vestis<\/strong><\/h3>\n<p>Tur\u0117damas maksimali\u0105 2048 Wh talp\u0105 ir 2200 W kintamosios srov\u0117s i\u0161vest\u012f, \u201eOUKITEL BP2000\u201c maitinimo blokas gali maitinti beveik visus b\u016btiniausius buities prietaisus \u2013 nuo dideli\u0173 \u0161aldytuv\u0173 ir mikrobang\u0173 krosneli\u0173 iki virduli\u0173 ir plauk\u0173 d\u017eiovintuv\u0173.<\/p>\n<\/li>\n<li style=\"font-size:14px;margin-right:10px;padding-left:18px;list-style:none;position:relative;float:left\">\n<div><\/div>\n<h3><strong>Gryno sinusoidinio bangos 2200 W keitiklis<\/strong><\/h3>\n<p>Grynos sinusin\u0117s bangos keitiklis tiekia pastovi\u0105 \u012ftamp\u0105 ir apsaugo jautri\u0105 elektronik\u0105 nuo pa\u017eeidim\u0173 bei normalaus veikimo.<\/p>\n<\/li>\n<li style=\"font-size:14px;margin-right:10px;padding-left:18px;list-style:none;position:relative;float:left\">\n<div><\/div>\n<h3><strong>I\u0161pl\u0117skite iki 7 akumuliatori\u0173 blok\u0173<\/strong><\/h3>\n<p>Kiekvieno BP2000 talpa yra 2048 Wh, prie j\u0173 galima prijungti iki 7 B2000 (po 2048 Wh) i\u0161pl\u0117timo akumuliatori\u0173, kad bendra talpa b\u016bt\u0173 16384 Wh, ir patenkinti pagrindinius \u0161eimos poreikius kasdienio naudojimo ar elektros energijos tiekimo sutrikim\u0173 metu.<\/p>\n<\/li>\n<li style=\"font-size:14px;margin-right:10px;padding-left:18px;list-style:none;position:relative;float:left\">\n<p><strong>Greitas kintamosios srov\u0117s \u012fkrovimas<\/strong><\/p>\n<\/li>\n<\/ul>\n<p>BP2000 greitai visi\u0161kai \u012fkraunamas per 1,5 valandos per kintamosios srov\u0117s sienin\u012f lizd\u0105 arba dvigubai \u012fkraunamas PV1OOOW + AC1800W per 1 valand\u0105, tod\u0117l galite j\u012f v\u0117l naudoti netrukus.<\/p>\n<h3><strong>Kelios \u012fkrovimo parinktys<\/strong><\/h3>\n<p>\u201eOUKITEL BP2000\u201c si\u016blo 5 \u012fkrovimo b\u016bdus: kintamosios srov\u0117s, saul\u0117s, kintamosios srov\u0117s + saul\u0117s, automobilio ir generatoriaus, ir turi valdymo mygtuk\u0105 \u012fkrovimo grei\u010diui reguliuoti, kuris apsaugo nuo perkaitimo ar kit\u0173 pavoj\u0173 saugumui, kurie gali kilti d\u0117l perkrovimo.<\/p>\n<h3><strong>2000 W nepertraukiamo maitinimo \u0161altinis<\/strong><\/h3>\n<p>Net ir trumpalaikis elektros energijos tiekimo sutrikimas gali sukelti duomen\u0173 praradim\u0105 arba aparatin\u0117s \u012frangos gedim\u0105, ta\u010diau 2000 W nepertraukiamo maitinimo \u0161altinis (&lt; 10 ms) gali akimirksniu tiekti atsargin\u0119 energij\u0105, kai nutr\u016bksta elektros tiekimas.<\/p>\n<h3><strong>Ilgai tarnaujan\u010dios LiFePO4 baterijos<\/strong><\/h3>\n<p>\u012erengtos EV klas\u0117s baterijos, kurios i\u0161liks geros iki 3500 \u012fkrovimo cikl\u0173 arba atitinka 10 met\u0173 naudojimo.<\/p>\n<p><img decoding=\"async\" style=\"font-family:&quot;sans-serif&quot;, sans-serif;font-size:14px;font-weight:400;letter-spacing:normal;text-align:start;white-space:normal;color:rgb(102, 102, 102);background-color:rgb(255, 255, 255);border:0px;margin:10px 0px;margin-bottom:10px;margin-top:10px;margin-left:0px;margin-right:0px;max-width:100%;height:auto;box-sizing:border-box\" class=\"lazy_img\" height=\"auto\" src=\"https:\/\/img.gkbcdn.com\/s3\/d\/202308\/OUKITEL-BP2000-Portable-Power-Station-521802-0.jpg\" slate-data-type=\"image\"\/><img decoding=\"async\" style=\"font-family:&quot;sans-serif&quot;, sans-serif;font-size:14px;font-weight:400;letter-spacing:normal;text-align:start;white-space:normal;color:rgb(102, 102, 102);background-color:rgb(255, 255, 255);border:0px;margin:10px 0px;margin-bottom:10px;margin-top:10px;margin-left:0px;margin-right:0px;max-width:100%;height:auto;box-sizing:border-box\" class=\"lazy_img\" height=\"auto\" src=\"https:\/\/img.gkbcdn.com\/s3\/d\/202308\/OUKITEL-BP2000-Portable-Power-Station-521802-1.jpg\" slate-data-type=\"image\"\/><img decoding=\"async\" style=\"font-family:&quot;sans-serif&quot;, sans-serif;font-size:14px;font-weight:400;letter-spacing:normal;text-align:start;white-space:normal;color:rgb(102, 102, 102);background-color:rgb(255, 255, 255);border:0px;margin:10px 0px;margin-bottom:10px;margin-top:10px;margin-left:0px;margin-right:0px;max-width:100%;height:auto;box-sizing:border-box\" class=\"lazy_img\" height=\"auto\" src=\"https:\/\/img.gkbcdn.com\/s3\/d\/202308\/OUKITEL-BP2000-Portable-Power-Station-521802-2.jpg\" slate-data-type=\"image\"\/><img decoding=\"async\" style=\"font-family:&quot;sans-serif&quot;, sans-serif;font-size:14px;font-weight:400;letter-spacing:normal;text-align:start;white-space:normal;color:rgb(102, 102, 102);background-color:rgb(255, 255, 255);border:0px;margin:10px 0px;margin-bottom:10px;margin-top:10px;margin-left:0px;margin-right:0px;max-width:100%;height:auto;box-sizing:border-box\" class=\"lazy_img\" height=\"auto\" src=\"https:\/\/img.gkbcdn.com\/s3\/d\/202308\/OUKITEL-BP2000-Portable-Power-Station-521802-3.jpg\" slate-data-type=\"image\"\/><img decoding=\"async\" style=\"font-family:&quot;sans-serif&quot;, sans-serif;font-size:14px;font-weight:400;letter-spacing:normal;text-align:start;white-space:normal;color:rgb(102, 102, 102);background-color:rgb(255, 255, 255);border:0px;margin:10px 0px;margin-bottom:10px;margin-top:10px;margin-left:0px;margin-right:0px;max-width:100%;height:auto;box-sizing:border-box\" class=\"lazy_img\" height=\"auto\" src=\"https:\/\/img.gkbcdn.com\/s3\/d\/202308\/OUKITEL-BP2000-Portable-Power-Station-521802-4.jpg\" slate-data-type=\"image\"\/><img decoding=\"async\" style=\"font-family:&quot;sans-serif&quot;, sans-serif;font-size:14px;font-weight:400;letter-spacing:normal;text-align:start;white-space:normal;color:rgb(102, 102, 102);background-color:rgb(255, 255, 255);border:0px;margin:10px 0px;margin-bottom:10px;margin-top:10px;margin-left:0px;margin-right:0px;max-width:100%;height:auto;box-sizing:border-box\" class=\"lazy_img\" height=\"auto\" src=\"https:\/\/img.gkbcdn.com\/s3\/d\/202308\/OUKITEL-BP2000-Portable-Power-Station-521802-5.jpg\" slate-data-type=\"image\"\/><img decoding=\"async\" style=\"font-family:&quot;sans-serif&quot;, sans-serif;font-size:14px;font-weight:400;letter-spacing:normal;text-align:start;white-space:normal;color:rgb(102, 102, 102);background-color:rgb(255, 255, 255);border:0px;margin:10px 0px;margin-bottom:10px;margin-top:10px;margin-left:0px;margin-right:0px;max-width:100%;height:auto;box-sizing:border-box\" class=\"lazy_img\" height=\"auto\" src=\"https:\/\/img.gkbcdn.com\/s3\/d\/202308\/OUKITEL-BP2000-Portable-Power-Station-521802-6.jpg\" slate-data-type=\"image\"\/><img decoding=\"async\" style=\"font-family:&quot;sans-serif&quot;, sans-serif;font-size:14px;font-weight:400;letter-spacing:normal;text-align:start;white-space:normal;color:rgb(102, 102, 102);background-color:rgb(255, 255, 255);border:0px;margin:10px 0px;margin-bottom:10px;margin-top:10px;margin-left:0px;margin-right:0px;max-width:100%;height:auto;box-sizing:border-box\" class=\"lazy_img\" height=\"auto\" src=\"https:\/\/img.gkbcdn.com\/s3\/d\/202308\/OUKITEL-BP2000-Portable-Power-Station-521802-7.jpg\" slate-data-type=\"image\"\/><img decoding=\"async\" style=\"font-family:&quot;sans-serif&quot;, sans-serif;font-size:14px;font-weight:400;letter-spacing:normal;text-align:start;white-space:normal;color:rgb(102, 102, 102);background-color:rgb(255, 255, 255);border:0px;margin:10px 0px;margin-bottom:10px;margin-top:10px;margin-left:0px;margin-right:0px;max-width:100%;height:auto;box-sizing:border-box\" class=\"lazy_img\" height=\"auto\" src=\"https:\/\/img.gkbcdn.com\/s3\/d\/202308\/OUKITEL-BP2000-Portable-Power-Station-521802-8.jpg\" slate-data-type=\"image\"\/><img decoding=\"async\" style=\"font-family:&quot;sans-serif&quot;, sans-serif;font-size:14px;font-weight:400;letter-spacing:normal;text-align:start;white-space:normal;color:rgb(102, 102, 102);background-color:rgb(255, 255, 255);border:0px;margin:10px 0px;margin-bottom:10px;margin-top:10px;margin-left:0px;margin-right:0px;max-width:100%;height:auto;box-sizing:border-box\" class=\"lazy_img\" height=\"auto\" src=\"https:\/\/img.gkbcdn.com\/s3\/d\/202308\/OUKITEL-BP2000-Portable-Power-Station-521802-9.jpg\" slate-data-type=\"image\"\/><img decoding=\"async\" style=\"font-family:&quot;sans-serif&quot;, sans-serif;font-size:14px;font-weight:400;letter-spacing:normal;text-align:start;white-space:normal;color:rgb(102, 102, 102);background-color:rgb(255, 255, 255);border:0px;margin:10px 0px;margin-bottom:10px;margin-top:10px;margin-left:0px;margin-right:0px;max-width:100%;height:auto;box-sizing:border-box\" class=\"lazy_img\" height=\"auto\" src=\"https:\/\/img.gkbcdn.com\/s3\/d\/202308\/OUKITEL-BP2000-Portable-Power-Station-521802-10.jpg\" slate-data-type=\"image\"\/><img decoding=\"async\" style=\"font-family:&quot;sans-serif&quot;, sans-serif;font-size:14px;font-weight:400;letter-spacing:normal;text-align:start;white-space:normal;color:rgb(102, 102, 102);background-color:rgb(255, 255, 255);border:0px;margin:10px 0px;margin-bottom:10px;margin-top:10px;margin-left:0px;margin-right:0px;max-width:100%;height:auto;box-sizing:border-box\" class=\"lazy_img\" height=\"auto\" src=\"https:\/\/img.gkbcdn.com\/s3\/d\/202308\/OUKITEL-BP2000-Portable-Power-Station-521802-11.jpg\" slate-data-type=\"image\"\/><img decoding=\"async\" style=\"font-family:&quot;sans-serif&quot;, sans-serif;font-size:14px;font-weight:400;letter-spacing:normal;text-align:start;white-space:normal;color:rgb(102, 102, 102);background-color:rgb(255, 255, 255);border:0px;margin:10px 0px;margin-bottom:10px;margin-top:10px;margin-left:0px;margin-right:0px;max-width:100%;height:auto;box-sizing:border-box\" class=\"lazy_img\" height=\"auto\" src=\"https:\/\/img.gkbcdn.com\/s3\/d\/202308\/OUKITEL-B2000-2048Wh-LiFePO4-Battery-Pack-521803-0.jpg\" slate-data-type=\"image\"\/><img decoding=\"async\" style=\"font-family:&quot;sans-serif&quot;, sans-serif;font-size:14px;font-weight:400;letter-spacing:normal;text-align:start;white-space:normal;color:rgb(102, 102, 102);background-color:rgb(255, 255, 255);border:0px;margin:10px 0px;margin-bottom:10px;margin-top:10px;margin-left:0px;margin-right:0px;max-width:100%;height:auto;box-sizing:border-box\" class=\"lazy_img\" height=\"auto\" src=\"https:\/\/img.gkbcdn.com\/s3\/d\/202308\/OUKITEL-B2000-2048Wh-LiFePO4-Battery-Pack-521803-1.jpg\" slate-data-type=\"image\"\/><img decoding=\"async\" style=\"font-family:&quot;sans-serif&quot;, sans-serif;font-size:14px;font-weight:400;letter-spacing:normal;text-align:start;white-space:normal;color:rgb(102, 102, 102);background-color:rgb(255, 255, 255);border:0px;margin:10px 0px;margin-bottom:10px;margin-top:10px;margin-left:0px;margin-right:0px;max-width:100%;height:auto;box-sizing:border-box\" class=\"lazy_img\" height=\"auto\" src=\"https:\/\/img.gkbcdn.com\/s3\/d\/202308\/OUKITEL-B2000-2048Wh-LiFePO4-Battery-Pack-521803-2.jpg\" slate-data-type=\"image\"\/><img decoding=\"async\" style=\"font-family:&quot;sans-serif&quot;, sans-serif;font-size:14px;font-weight:400;letter-spacing:normal;text-align:start;white-space:normal;color:rgb(102, 102, 102);background-color:rgb(255, 255, 255);border:0px;margin:10px 0px;margin-bottom:10px;margin-top:10px;margin-left:0px;margin-right:0px;max-width:100%;height:auto;box-sizing:border-box\" class=\"lazy_img\" height=\"auto\" src=\"https:\/\/img.gkbcdn.com\/s3\/d\/202303\/OUKITEL-PV400-400W-Foldable-Portable-Solar-Panel-519775-0.jpg\" slate-data-type=\"image\"\/><img decoding=\"async\" style=\"font-family:&quot;sans-serif&quot;, sans-serif;font-size:14px;font-weight:400;letter-spacing:normal;text-align:start;white-space:normal;color:rgb(102, 102, 102);background-color:rgb(255, 255, 255);border:0px;margin:10px 0px;margin-bottom:10px;margin-top:10px;margin-left:0px;margin-right:0px;max-width:100%;height:auto;box-sizing:border-box\" class=\"lazy_img\" height=\"auto\" src=\"https:\/\/img.gkbcdn.com\/s3\/d\/202303\/OUKITEL-PV400-400W-Foldable-Portable-Solar-Panel-519775-1.jpg\" slate-data-type=\"image\"\/><img decoding=\"async\" style=\"font-family:&quot;sans-serif&quot;, sans-serif;font-size:14px;font-weight:400;letter-spacing:normal;text-align:start;white-space:normal;color:rgb(102, 102, 102);background-color:rgb(255, 255, 255);border:0px;margin:10px 0px;margin-bottom:10px;margin-top:10px;margin-left:0px;margin-right:0px;max-width:100%;height:auto;box-sizing:border-box\" class=\"lazy_img\" height=\"auto\" src=\"https:\/\/img.gkbcdn.com\/s3\/d\/202303\/OUKITEL-PV400-400W-Foldable-Portable-Solar-Panel-519775-2.jpg\" slate-data-type=\"image\"\/><img decoding=\"async\" style=\"font-family:&quot;sans-serif&quot;, sans-serif;font-size:14px;font-weight:400;letter-spacing:normal;text-align:start;white-space:normal;color:rgb(102, 102, 102);background-color:rgb(255, 255, 255);border:0px;margin:10px 0px;margin-bottom:10px;margin-top:10px;margin-left:0px;margin-right:0px;max-width:100%;height:auto;box-sizing:border-box\" class=\"lazy_img\" height=\"auto\" src=\"https:\/\/img.gkbcdn.com\/s3\/d\/202303\/OUKITEL-PV400-400W-Foldable-Portable-Solar-Panel-519775-3.jpg\" slate-data-type=\"image\"\/><\/p>","protected":false},"excerpt":{"rendered":"<p>Nominal Capacity:&nbsp;&gt;3500mAh Model Number:&nbsp;OUKITEL BP2000 Type:&nbsp;LiFePO4 Set Type:&nbsp;Charger Sets Brand:&nbsp;OUKITEL Model:&nbsp;BP2000 Power:&nbsp;2048Wh (51.2V ) Capacity:&nbsp;640000mAh Battery:&nbsp;LiFePO4 AC Charger:&nbsp;Max1800W, AC200-240Vac Max15A AC Charging Time:&nbsp;Super Fast Charge, 1.8 hours (80% power) Solar<\/p>","protected":false},"featured_media":21739,"comment_status":"open","ping_status":"closed","template":"","meta":{"_acf_changed":false},"product_brand":[],"product_cat":[515],"product_tag":[],"class_list":{"0":"post-21738","1":"product","2":"type-product","3":"status-publish","4":"has-post-thumbnail","6":"product_cat-portable-power-stations","8":"first","9":"instock","10":"shipping-taxable","11":"purchasable","12":"product-type-simple"},"acf":[],"_links":{"self":[{"href":"https:\/\/electricstore.eu\/lt\/wp-json\/wp\/v2\/product\/21738","targetHints":{"allow":["GET"]}}],"collection":[{"href":"https:\/\/electricstore.eu\/lt\/wp-json\/wp\/v2\/product"}],"about":[{"href":"https:\/\/electricstore.eu\/lt\/wp-json\/wp\/v2\/types\/product"}],"replies":[{"embeddable":true,"href":"https:\/\/electricstore.eu\/lt\/wp-json\/wp\/v2\/comments?post=21738"}],"wp:featuredmedia":[{"embeddable":true,"href":"https:\/\/electricstore.eu\/lt\/wp-json\/wp\/v2\/media\/21739"}],"wp:attachment":[{"href":"https:\/\/electricstore.eu\/lt\/wp-json\/wp\/v2\/media?parent=21738"}],"wp:term":[{"taxonomy":"product_brand","embeddable":true,"href":"https:\/\/electricstore.eu\/lt\/wp-json\/wp\/v2\/product_brand?post=21738"},{"taxonomy":"product_cat","embeddable":true,"href":"https:\/\/electricstore.eu\/lt\/wp-json\/wp\/v2\/product_cat?post=21738"},{"taxonomy":"product_tag","embeddable":true,"href":"https:\/\/electricstore.eu\/lt\/wp-json\/wp\/v2\/product_tag?post=21738"}],"curies":[{"name":"wp","href":"https:\/\/api.w.org\/{rel}","templated":true}]}}