{"id":21713,"date":"2025-05-20T18:21:26","date_gmt":"2025-05-20T18:21:26","guid":{"rendered":"https:\/\/electricstore.eu\/p\/uncategorized\/cloudenergy-solar-storage-48v-60ah-portable-power-station-66ah-capacity-lifepo4-built-in-200a-bms-with-mobile-app-6000-cycles\/"},"modified":"2025-05-20T18:21:27","modified_gmt":"2025-05-20T18:21:27","slug":"cloudenergy-solar-storage-48v-60ah-portable-power-station-66ah-capacity-lifepo4-built-in-200a-bms-with-mobile-app-6000-cycles","status":"publish","type":"product","link":"https:\/\/electricstore.eu\/lt\/p\/batteries\/lifepo4-batteries\/100ah\/cloudenergy-solar-storage-48v-60ah-portable-power-station-66ah-capacity-lifepo4-built-in-200a-bms-with-mobile-app-6000-cycles\/","title":{"rendered":"\u201eCloudenergy\u201c saul\u0117s energijos kaupimo 48 V 60 Ah ne\u0161iojama elektrin\u0117, 66 Ah talpa, LiFePO4, \u012fmontuota 200 A BMS sistema su mobili\u0105ja program\u0117le, 6000 ir daugiau cikl\u0173"},"content":{"rendered":"<div class=\"product-specs-list-container\">\n<ul class=\"product-specs-list util-clearfix\">\n<li class=\"product-prop line-limit-length\"><span\n                                        class=\"property-title\">Nominali talpa:&nbsp;<\/span><span\n                                        class=\"property-desc line-limit-length\">3072 Wh<\/span>\n                            <\/li>\n<li class=\"product-prop line-limit-length\"><span\n                                        class=\"property-title\">Modelio numeris:&nbsp;<\/span><span\n                                        class=\"property-desc line-limit-length\">CL48-60G<\/span>\n                            <\/li>\n<li class=\"product-prop line-limit-length\"><span\n                                        class=\"property-title\">Tipas:&nbsp;<\/span><span\n                                        class=\"property-desc line-limit-length\">LiFePO4<\/span>\n                            <\/li>\n<li class=\"product-prop line-limit-length\"><span\n                                        class=\"property-title\">Rinkinio tipas:&nbsp;<\/span><span\n                                        class=\"property-desc line-limit-length\">\u012ekrovikli\u0173 rinkiniai<\/span>\n                            <\/li>\n<li class=\"product-prop line-limit-length\"><span\n                                        class=\"property-title\">Prek\u0117s \u017eenklas:&nbsp;<\/span><span\n                                        class=\"property-desc line-limit-length\">Debes\u0173 energija<\/span>\n                            <\/li>\n<li class=\"product-prop line-limit-length\"><span\n                                        class=\"property-title\">Modelis:&nbsp;<\/span><span\n                                        class=\"property-desc line-limit-length\">CL48-60G<\/span>\n                            <\/li>\n<li class=\"product-prop line-limit-length\"><span\n                                        class=\"property-title\">Nominali \u012ftampa:&nbsp;<\/span><span\n                                        class=\"property-desc line-limit-length\">51,2 V<\/span>\n                            <\/li>\n<li class=\"product-prop line-limit-length\"><span\n                                        class=\"property-title\">Energija:&nbsp;<\/span><span\n                                        class=\"property-desc line-limit-length\">3072 Wh<\/span>\n                            <\/li>\n<li class=\"product-prop line-limit-length\"><span\n                                        class=\"property-title\">Did\u017eiausias i\u0161krovimas:&nbsp;<\/span><span\n                                        class=\"property-desc line-limit-length\">600A<\/span>\n                            <\/li>\n<li class=\"product-prop line-limit-length\"><span\n                                        class=\"property-title\">\u012ekrovimo srov\u0117:&nbsp;<\/span><span\n                                        class=\"property-desc line-limit-length\">30A, 30A<\/span>\n                            <\/li>\n<li class=\"product-prop line-limit-length\"><span\n                                        class=\"property-title\">1-oji savyb\u0117:&nbsp;<\/span><span\n                                        class=\"property-desc line-limit-length\">Ne\u0161iojama baterija<\/span>\n                            <\/li>\n<li class=\"product-prop line-limit-length\"><span\n                                        class=\"property-title\">2 funkcijos:&nbsp;<\/span><span\n                                        class=\"property-desc line-limit-length\">Ne\u0161iojama prane\u0161ama galia<\/span>\n                            <\/li>\n<li class=\"product-prop line-limit-length\"><span\n                                        class=\"property-title\">03 funkcijos:&nbsp;<\/span><span\n                                        class=\"property-desc line-limit-length\">Bluetti elektrin\u0117<\/span>\n                            <\/li>\n<li class=\"product-prop line-limit-length\"><span\n                                        class=\"property-title\">04 funkcijos:&nbsp;<\/span><span\n                                        class=\"property-desc line-limit-length\">Ne\u0161iojama kempingo baterija<\/span>\n                            <\/li>\n<\/ul><\/div>\n<div class=\"detailmodule_html\">\n<div class=\"detail-desc-decorate-richtext\">\n<ul style=\"font-family:&quot;Microsoft YaHei&quot;;font-size:medium;font-weight:400;letter-spacing:normal;text-align:start;white-space:normal;color:rgb(0, 0, 0);margin-bottom:10px;padding-left:0px\" class=\"clearfix\" align=\"start\">\n<li style=\"font-size:14px;font-weight:bold;margin-right:10px;padding-left:18px;list-style:none;float:left\">\n<p><span style=\"font-size:26px\"><strong>Svarbiausi dalykai:<\/strong><\/span><\/p>\n<ul style=\"font-family:&quot;Microsoft YaHei&quot;;font-size:medium;font-weight:400;letter-spacing:normal;text-align:start;white-space:normal;color:rgb(0, 0, 0);margin-bottom:10px;padding-left:0px\" class=\"clearfix\" align=\"start\">\n<li style=\"font-size:14px;margin-right:10px;padding-left:18px;list-style:none;position:relative;float:left\">\n<p><\/p>\n<\/li>\n<li style=\"font-size:14px;margin-right:10px;padding-left:18px;list-style:none;position:relative;float:left\">\n<h3><strong>2 viename paketas<\/strong><\/h3>\n<p>\u201eCloudenergy\u201c 48 V (51,2 V) 60 Ah LiFePO4 golfo ve\u017eim\u0117lio akumuliatoriaus rinkinyje yra viskas, ko jums reikia. Jis turi 2,8 colio LCD jutiklin\u012f ekran\u0105, kuriame rodoma informacija apie akumuliatori\u0173 realiuoju laiku, ir 78,74 colio akumuliatoriaus tvirtinimo dir\u017eel\u012f, kad b\u016bt\u0173 lengva ir saugu montuoti.<\/p>\n<h3><strong>Integruota \u201eBluetooth 200A\u201c BMS sistema<\/strong><\/h3>\n<p>\u201eCloudenergy\u201c 48 V (51,2 V) 60 Ah golfo ve\u017eim\u0117lio li\u010dio polimer\u0173 akumuliatorius su integruota \u201eBluetooth\u201c BMS sistema, lengvai stebima akumuliatoriaus informacija ir u\u017etikrinama na\u0161i \u012fkrovimo bei i\u0161krovimo apsauga, u\u017etikrinant didel\u0119 6,14 kW gali\u0105 ir nuolatin\u0119 120 A i\u0161krovimo srov\u0119. BMS su \u017eemos temperat\u016bros i\u0161jungimo technologija gali veiksmingai u\u017ekirsti keli\u0105 per dideliam \u012fkrovimui, per dideliam i\u0161krovimui, per didelei srovei, trumpajam jungimui ir perkaitimui.<\/p>\n<h3><strong>6000+ gilumini\u0173 cikl\u0173 ir 80% DOD<\/strong><\/h3>\n<p>\u201eCloudenergy\u201c 48 V (51,2 V) 60 Ah LiFePO4 akumuliatorius atlaiko daugiau nei 6000 gili\u0173j\u0173 \u012fkrovimo cikl\u0173, palyginti su tradiciniais \u0161vino r\u016bg\u0161ties akumuliatoriais \u2013 tik apie 300\u2013600 cikl\u0173, tod\u0117l akumuliatoriaus tarnavimo laikas pailg\u0117ja daugiau nei 10 kart\u0173. 6000 gili\u0173j\u0173 \u012fkrovimo cikl\u0173 ir 80% i\u0161krovimo gylis taip pat yra geresni nei daugelio kit\u0173 da\u017eni\u0173 juost\u0173 LiFePO4 akumuliatori\u0173.<\/p>\n<h3><strong>Saugus ir patikimas energijos \u0161altinis<\/strong><\/h3>\n<p>\u201eCloudenergy\u201c 48 V (51,2 V) 60 Ah LiFePO4 akumuliatoriai skirti 48 V golfo ve\u017eim\u0117liams, juose naudojami didelio tankio A klas\u0117s elementai, u\u017etikrinantys didel\u0119 energij\u0105 (palaiko 2C i\u0161krov\u0105) ir na\u0161um\u0105. Akumuliatoriaus korpusas pagamintas i\u0161 didelio stiprumo \u0161alto valcavimo metalo plok\u0161t\u0117s, kuri yra atspari ugniai, sm\u016bgiams ir turi IP66 apsaugos lyg\u012f. Suderinamas su visais pagrindiniais rinkoje esan\u010diais golfo ve\u017eim\u0117li\u0173 valdikli\u0173 preki\u0173 \u017eenklais. Jie idealiai tinka golfo ve\u017eim\u0117liams, elektrin\u0117ms transporto priemon\u0117ms, motorin\u0117ms velkamosioms transporto priemon\u0117ms, laiv\u0173 varikliams ir kitoms reikm\u0117ms.<\/p>\n<\/li>\n<\/ul>\n<p><span style=\"font-size:24px\"><strong>Specifikacija:<\/strong><\/span><\/p>\n<\/li>\n<li style=\"font-size:14px;margin-right:10px;padding-left:18px;list-style:none;position:relative;float:left\">\n<table style=\"border-collapse:collapse;width:330.188px\" border=\"1\" cellpadding=\"5\" cellspacing=\"0\">\n<tbody>\n<tr>\n<td style=\"font-size:14px;text-align:center;width:89.15px\" align=\"center\">\n<p>Bendra<\/p>\n<\/td>\n<td style=\"font-size:14px;text-align:center;width:216.238px\" align=\"center\">\n<p>Prek\u0117s \u017eenklas: Cloudenergy<br \/>Tipas: LiFePO4 akumuliatori\u0173 blokas<br \/>Modelis: CL48-60G<br \/>Spalva: oran\u017ein\u0117 + juoda<\/p>\n<\/td>\n<\/tr>\n<tr>\n<td style=\"font-size:14px;text-align:center;width:89.15px\" align=\"center\">\n<p>Specifikacija<\/p>\n<\/td>\n<td style=\"font-size:14px;text-align:center;width:216.238px\" align=\"center\">\n<p>Nominali \u012ftampa: 51,2 V<br \/>Nominali talpa: 60Ah<br \/>Energija: 3072 Wh<br \/>Vidin\u0117 var\u017ea: \u2264 150m\u03a9<br \/>Ciklo trukm\u0117: \u2265 4000 cikl\u0173 @ 0,2 \u00b0C 100% DOD<br \/>M\u0117nesi\u0173 savaiminis i\u0161sikrovimas: &lt;3%<br \/>\u012ekrovimo efektyvumas: 100% @ 0.2C<br \/>I\u0161leidimo efektyvumas: 96-99% esant 0,5 \u00b0C<\/p>\n<p>Standartinis mokestis<br \/>\u012ekrovimo i\u0161jungimo \u012ftampa: 58,4 \u00b1 0,2 V<br \/>\u012ekrovimo re\u017eimas: nuo 0,2 C iki 58,4 V<br \/>\u012ekrovimo srov\u0117: 30A<\/p>\n<p>Standartinis i\u0161leidimas<br \/>Nuolatin\u0117 srov\u0117: 120A<br \/>Momentin\u0117 srov\u0117: 200A<\/p>\n<p>Did\u017eiausia i\u0161krova: 600A<br \/>I\u0161krovimo ribin\u0117 \u012ftampa: 40 V<br \/>Laikymo temperat\u016bra: nuo -10 iki 50 \u00b0C<br \/>\u012ekrovimo temperat\u016bra: nuo 0 iki 50 \u00b0C<br \/>I\u0161leidimo temperat\u016bra: nuo -20 iki 60 \u00b0C<br \/>Elementas ir metodas: 3.2V 60AH-16S1P<br \/>Byla: SPCC<br \/>Terminalas: M8<\/p>\n<\/td>\n<\/tr>\n<tr>\n<td style=\"font-size:14px;text-align:center;width:89.15px\" align=\"center\">\n<p>Svoris ir dydis<\/p>\n<\/td>\n<td style=\"font-size:14px;text-align:center;width:216.238px\" align=\"center\">\n<p>Produkto svoris: 28 kg<br \/>Pakuot\u0117s svoris: 30 kg<br \/>Gaminio matmenys (ilgis x plotis x auk\u0161tis): 44,7 \u00d7 28,3 \u00d7 17,5 cm<br \/>Pakuot\u0117s dydis (ilgis x plotis x auk\u0161tis): 56,2 \u00d7 43,9 \u00d7 23,9 cm<\/p>\n<\/td>\n<\/tr>\n<tr>\n<td style=\"font-size:14px;text-align:center;width:89.15px\" align=\"center\">\n<p>Konteineri\u0173 pakuot\u0117<\/p>\n<\/td>\n<td style=\"font-size:14px;text-align:center;width:216.238px\" align=\"center\">\n<p>1 x 48 V 60 Ah LiFePO4 akumuliatorius<br \/>1 x Jutiklinis monitorius<br \/>1 x tvirtinimo dir\u017eelis<br \/>1 x Naudotojo vadovas<\/p>\n<\/td>\n<\/tr>\n<\/tbody>\n<\/table>\n<\/li>\n<li style=\"font-size:14px;font-weight:bold;margin-right:10px;padding-left:18px;list-style:none;float:left\">\n<p><\/p>\n<\/li>\n<\/ul>\n<p><img decoding=\"async\" src=\"https:\/\/ae01.alicdn.com\/kf\/Saf9fb0dc378a499bbe4bfc5d7333fab7l.jpg\" slate-data-type=\"image\"\/><img decoding=\"async\" src=\"https:\/\/ae01.alicdn.com\/kf\/Sae8bd696e9744d668b61068453f2f3138.jpg\" slate-data-type=\"image\"\/><img decoding=\"async\" src=\"https:\/\/ae01.alicdn.com\/kf\/S8a206a0383eb451b869c2b0a6d4c83e9z.jpg\" slate-data-type=\"image\"\/><img decoding=\"async\" src=\"https:\/\/ae01.alicdn.com\/kf\/S73691285f2124a6cbfee63183dde9d3aw.jpg\" slate-data-type=\"image\"\/><img decoding=\"async\" src=\"https:\/\/ae01.alicdn.com\/kf\/S07da38e8dd834ad491be7e46875b27a8s.jpg\" slate-data-type=\"image\"\/><img decoding=\"async\" src=\"https:\/\/ae01.alicdn.com\/kf\/S2f7b112ec7b546e8a195a6a337143d73K.jpg\" slate-data-type=\"image\"\/><img decoding=\"async\" src=\"https:\/\/ae01.alicdn.com\/kf\/S4c2907ef022646cab0bbb0481349efefR.jpg\" slate-data-type=\"image\"\/><img decoding=\"async\" src=\"https:\/\/ae01.alicdn.com\/kf\/S282ca13447ab4c6a8772703b6cfb02b89.jpg\" slate-data-type=\"image\"\/><img decoding=\"async\" src=\"https:\/\/ae01.alicdn.com\/kf\/S0f34154a8e46476fb0da4596621aa5c96.jpg\" slate-data-type=\"image\"\/><img decoding=\"async\" src=\"https:\/\/ae01.alicdn.com\/kf\/Scd66a338d61c4992b1467ccf3d2c938bz.jpg\" slate-data-type=\"image\"\/><img decoding=\"async\" src=\"https:\/\/ae01.alicdn.com\/kf\/S224b61bca9ee467aa501d5723b140148x.jpg\" slate-data-type=\"image\"\/><img decoding=\"async\" src=\"https:\/\/ae01.alicdn.com\/kf\/Sa031bffa1c974f119361671f9461f0b3V.jpg\" slate-data-type=\"image\"\/><\/p>\n<\/div>\n<\/div>","protected":false},"excerpt":{"rendered":"<p>Nominal Capacity:&nbsp;3072Wh Model Number:&nbsp;CL48-60G Type:&nbsp;LiFePO4 Set Type:&nbsp;Charger Sets Brand:&nbsp;Cloudenergy Model:&nbsp;CL48-60G Nominal Voltage:&nbsp;51.2V Energy:&nbsp;3072Wh Peak Discharge:&nbsp;600A Charge Current:&nbsp;30A,30A Features 01:&nbsp;Portable battery Features 02:&nbsp;Portable reportable power Features 03:&nbsp;Bluetti power station Features 04:&nbsp;Portable<\/p>","protected":false},"featured_media":21715,"comment_status":"open","ping_status":"closed","template":"","meta":{"_acf_changed":false},"product_brand":[],"product_cat":[236],"product_tag":[],"class_list":{"0":"post-21713","1":"product","2":"type-product","3":"status-publish","4":"has-post-thumbnail","6":"product_cat-100ah","8":"first","9":"instock","10":"shipping-taxable","11":"purchasable","12":"product-type-simple"},"acf":[],"_links":{"self":[{"href":"https:\/\/electricstore.eu\/lt\/wp-json\/wp\/v2\/product\/21713","targetHints":{"allow":["GET"]}}],"collection":[{"href":"https:\/\/electricstore.eu\/lt\/wp-json\/wp\/v2\/product"}],"about":[{"href":"https:\/\/electricstore.eu\/lt\/wp-json\/wp\/v2\/types\/product"}],"replies":[{"embeddable":true,"href":"https:\/\/electricstore.eu\/lt\/wp-json\/wp\/v2\/comments?post=21713"}],"wp:featuredmedia":[{"embeddable":true,"href":"https:\/\/electricstore.eu\/lt\/wp-json\/wp\/v2\/media\/21715"}],"wp:attachment":[{"href":"https:\/\/electricstore.eu\/lt\/wp-json\/wp\/v2\/media?parent=21713"}],"wp:term":[{"taxonomy":"product_brand","embeddable":true,"href":"https:\/\/electricstore.eu\/lt\/wp-json\/wp\/v2\/product_brand?post=21713"},{"taxonomy":"product_cat","embeddable":true,"href":"https:\/\/electricstore.eu\/lt\/wp-json\/wp\/v2\/product_cat?post=21713"},{"taxonomy":"product_tag","embeddable":true,"href":"https:\/\/electricstore.eu\/lt\/wp-json\/wp\/v2\/product_tag?post=21713"}],"curies":[{"name":"wp","href":"https:\/\/api.w.org\/{rel}","templated":true}]}}