{"id":21695,"date":"2025-05-20T18:21:15","date_gmt":"2025-05-20T18:21:15","guid":{"rendered":"https:\/\/electricstore.eu\/p\/uncategorized\/ampace-andes-1500-3600w-pure-sine-wave-portable-power-station-1462wh-lifepo4-capacity-solar-generator-full-charge-in-55min\/"},"modified":"2025-05-20T18:21:16","modified_gmt":"2025-05-20T18:21:16","slug":"ampace-andes-1500-3600w-pure-sine-wave-portable-power-station-1462wh-lifepo4-capacity-solar-generator-full-charge-in-55min","status":"publish","type":"product","link":"https:\/\/electricstore.eu\/lt\/p\/batteries\/portable-power-stations\/ampace-andes-1500-3600w-pure-sine-wave-portable-power-station-1462wh-lifepo4-capacity-solar-generator-full-charge-in-55min\/","title":{"rendered":"\u201eAmpace Andes 1500\u201c 3600 W grynos sinusin\u0117s bangos ne\u0161iojama elektrin\u0117, 1462 Wh LiFePO4 talpos saul\u0117s generatorius, pilnai \u012fkraunamas per 55 min."},"content":{"rendered":"<div class=\"product-specs-list-container\">\n<ul class=\"product-specs-list util-clearfix\">\n<li class=\"product-prop line-limit-length\"><span\n                                        class=\"property-title\">Nominali talpa:&nbsp;<\/span><span\n                                        class=\"property-desc line-limit-length\">1462Wh<\/span>\n                            <\/li>\n<li class=\"product-prop line-limit-length\"><span\n                                        class=\"property-title\">Modelio numeris:&nbsp;<\/span><span\n                                        class=\"property-desc line-limit-length\">Andes 1500<\/span>\n                            <\/li>\n<li class=\"product-prop line-limit-length\"><span\n                                        class=\"property-title\">Tipas:&nbsp;<\/span><span\n                                        class=\"property-desc line-limit-length\">LiFePO4<\/span>\n                            <\/li>\n<li class=\"product-prop line-limit-length\"><span\n                                        class=\"property-title\">Rinkinio tipas:&nbsp;<\/span><span\n                                        class=\"property-desc line-limit-length\">\u012ekrovikli\u0173 rinkiniai<\/span>\n                            <\/li>\n<li class=\"product-prop line-limit-length\"><span\n                                        class=\"property-title\">Prek\u0117s \u017eenklas:&nbsp;<\/span><span\n                                        class=\"property-desc line-limit-length\">Ampace<\/span>\n                            <\/li>\n<li class=\"product-prop line-limit-length\"><span\n                                        class=\"property-title\">Tipas:&nbsp;<\/span><span\n                                        class=\"property-desc line-limit-length\">Ne\u0161iojama elektrin\u0117<\/span>\n                            <\/li>\n<li class=\"product-prop line-limit-length\"><span\n                                        class=\"property-title\">Modelis:&nbsp;<\/span><span\n                                        class=\"property-desc line-limit-length\">Andes 1500<\/span>\n                            <\/li>\n<li class=\"product-prop line-limit-length\"><span\n                                        class=\"property-title\">Nam\u0173 EPS:&nbsp;<\/span><span\n                                        class=\"property-desc line-limit-length\">20 ms<\/span>\n                            <\/li>\n<li class=\"product-prop line-limit-length\"><span\n                                        class=\"property-title\">Sertifikavimas:&nbsp;<\/span><span\n                                        class=\"property-desc line-limit-length\">UL, CE, FCC, PSE, RoHS<\/span>\n                            <\/li>\n<li class=\"product-prop line-limit-length\"><span\n                                        class=\"property-title\">Ciklo gyvavimo laikas:&nbsp;<\/span><span\n                                        class=\"property-desc line-limit-length\">6000 Cycles<\/span>\n                            <\/li>\n<li class=\"product-prop line-limit-length\"><span\n                                        class=\"property-title\">Cell Chemistry System:&nbsp;<\/span><span\n                                        class=\"property-desc line-limit-length\">LiFePO4 System<\/span>\n                            <\/li>\n<li class=\"product-prop line-limit-length\"><span\n                                        class=\"property-title\">AC Output Sockets:&nbsp;<\/span><span\n                                        class=\"property-desc line-limit-length\">Grynas sinusinis bangos<\/span>\n                            <\/li>\n<li class=\"product-prop line-limit-length\"><span\n                                        class=\"property-title\">A tipas:&nbsp;<\/span><span\n                                        class=\"property-desc line-limit-length\">13 Output Ports<\/span>\n                            <\/li>\n<\/ul><\/div>\n<p><\/p>\n<p style=\"font-family:&quot;Microsoft YaHei&quot;;font-size:medium;font-weight:400;letter-spacing:normal;text-align:start;white-space:normal;color:rgb(0, 0, 0)\" align=\"start\"><span style=\"font-size:x-large\">Svarbiausi dalykai<\/span><\/p>\n<p><\/p>\n<h3 style=\"font-family:&quot;Microsoft YaHei&quot;;letter-spacing:normal;text-align:start;white-space:normal;color:rgb(0, 0, 0)\" align=\"start\">Fast Recharging<strong><br \/><\/strong><\/h3>\n<p style=\"font-family:&quot;Microsoft YaHei&quot;;font-size:medium;font-weight:400;letter-spacing:normal;text-align:start;white-space:normal;color:rgb(0, 0, 0)\" align=\"start\">The Ampace Andes 1500 portable power station employs A-boost technology for extremely rapid recharging. It can reach full capacity in just 55 minutes, 50% faster than many other models. It can be recharged in 3 to 5 hours using a 600W solar panel and in 16 hours with a 96W car charger.<strong><br \/><\/strong><\/p>\n<h3 style=\"font-family:&quot;Microsoft YaHei&quot;;letter-spacing:normal;text-align:start;white-space:normal;color:rgb(0, 0, 0)\" align=\"start\">Powerhouse Versatility<strong><br \/><\/strong><\/h3>\n<p style=\"font-family:&quot;Microsoft YaHei&quot;;font-size:medium;font-weight:400;letter-spacing:normal;text-align:start;white-space:normal;color:rgb(0, 0, 0)\" align=\"start\">This power station includes 13 versatile ports and can deliver an output of up to 3600W, easing concerns about power outages. It is capable of powering 99% of household appliances, including projectors, cookers, electric grills, ovens, coffee makers, refrigerators, air conditioners, corded mowers, power drills, and circular saws. Additionally, this powerhouse can effortlessly charge mobile devices such as smartphones, laptops, and tablets, ensuring you stay connected and productive wherever you are.<\/p>\n<h3 style=\"font-family:&quot;Microsoft YaHei&quot;;letter-spacing:normal;text-align:start;white-space:normal;color:rgb(0, 0, 0)\" align=\"start\">Multiple Applicable Scenarios<strong><br \/><\/strong><\/h3>\n<p style=\"font-family:&quot;Microsoft YaHei&quot;;font-size:medium;font-weight:400;letter-spacing:normal;text-align:start;white-space:normal;color:rgb(0, 0, 0)\" align=\"start\">Thanks to its high output power of 3600W, the Ampace Andes 1500 is suitable for various situations. It can serve as a medical power source, emergency power source, camping power source, home backup power source, and office power supply, among other uses. Additionally, it performs well even in extreme conditions, such as frigid temperatures.<strong><br \/><\/strong><\/p>\n<h3 style=\"font-family:&quot;Microsoft YaHei&quot;;letter-spacing:normal;text-align:start;white-space:normal;color:rgb(0, 0, 0)\" align=\"start\">Premium LFP Batteries &amp; Pioneering SiC Material<strong><br \/><\/strong><\/h3>\n<p style=\"font-family:&quot;Microsoft YaHei&quot;;font-size:medium;font-weight:400;letter-spacing:normal;text-align:start;white-space:normal;color:rgb(0, 0, 0)\" align=\"start\">Incorporating the highest standard, non-flammable and temperature-resistant LFP battery and powered by SiCPrime, the Ampace Andes 1500 portable power station offers exceptional longevity with a cycle life of 6000 times and ensuring unparalleled safety of your devices by reducing energy loss and heat generation, while also boosting the energy efficiency.<strong><br \/><\/strong><\/p>\n<h3 style=\"font-family:&quot;Microsoft YaHei&quot;;letter-spacing:normal;text-align:start;white-space:normal;color:rgb(0, 0, 0)\" align=\"start\">Cutting-Edge BMS &amp; Environmentally Friendly Material<strong><br \/><\/strong><\/h3>\n<p style=\"font-family:&quot;Microsoft YaHei&quot;;font-size:medium;font-weight:400;letter-spacing:normal;text-align:start;white-space:normal;color:rgb(0, 0, 0)\" align=\"start\">The Ampace Andes 1500 features a world-class Battery Management System (BMS) that provides multiple protections, including over\/low temperature protection, over\/low voltage protection, overcurrent protection, short circuit protection, and overload protection. Constructed from environmentally friendly materials, the power station promotes a cleaner way to utilize energy.<strong><br \/><\/strong><\/p>\n<h3 style=\"font-family:&quot;Microsoft YaHei&quot;;letter-spacing:normal;text-align:start;white-space:normal;color:rgb(0, 0, 0)\" align=\"start\">Smart APP Control &amp; Optional Light Modes<strong><br \/><\/strong><\/h3>\n<p style=\"font-family:&quot;Microsoft YaHei&quot;;font-size:medium;font-weight:400;letter-spacing:normal;text-align:start;white-space:normal;color:rgb(0, 0, 0)\" align=\"start\">Enjoy seamless control with the smart app that allows you to power your devices quickly with just a tap. The power station also offers 4 optional light modes: LED light, ambient light, SOS light and Morse code light. You can easily switch to your preferred mode as needed.<\/p>\n<p><\/p>\n<h2 style=\"font-family:&quot;Microsoft YaHei&quot;;font-size:14px;letter-spacing:normal;text-align:start;white-space:normal;color:rgb(0, 0, 0);margin:10px 0px;margin-bottom:10px;margin-top:10px;margin-left:0px;margin-right:0px;padding:0px;padding-bottom:0px;padding-top:0px;padding-left:0px;padding-right:0px\" align=\"start\">Specifikacija<\/h2>\n<p><\/p>\n<table style=\"border-collapse:collapse;font-family:&quot;Microsoft YaHei&quot;;width:1865.89px\" border=\"1\" cellpadding=\"8\">\n<tbody>\n<tr>\n<td style=\"width:438.575px\">\n<p><strong>Bendra<\/strong><\/p>\n<\/td>\n<td style=\"width:1392.91px\" width=\"466\">\n<p>Prek\u0117s \u017eenklas: Ampace<br \/>Tipas: Ne\u0161iojama elektrin\u0117<br \/>Model: Andes\u00a01500<br \/>Spalva: juoda<\/p>\n<\/td>\n<\/tr>\n<tr>\n<td style=\"width:438.575px\">\n<p><strong>Specifikacija<\/strong><\/p>\n<\/td>\n<td style=\"width:1392.91px\" width=\"466\">\n<p>Multiple Usage Scenarios: Yes<strong><br \/><\/strong>Premium LFP Battery: Yes<strong><br \/><\/strong>Cutting-Edge BMS: Yes<strong><br \/><\/strong>Environmentally\u00a0Friendly Materials: Yes<strong><br \/><\/strong>App Control: Yes<br \/>Sertifikavimas: UL, CE, FCC, PSE, RoHS<br \/>Nam\u0173 EPS: 20 ms<br \/>Light: LED Light, Ambient Light, SOS Light and Morse Code Light<br \/>Charging Temperature: -20\u00b0C~45\u00b0C (-4\u00b0F~113\u00b0F)<br \/>Discharging Temperature: -20\u00b0C~45\u00b0C (-4\u00b0F~113\u00b0F)<\/p>\n<\/td>\n<\/tr>\n<tr>\n<td style=\"width:438.575px\">\n<p><strong>\u012evestis<\/strong><\/p>\n<\/td>\n<td style=\"width:1392.91px\" width=\"466\">\n<p>AC Charging Input: US: 120V, 60Hz (A-Boost Fast Charge: 1800W), UK\/EU\/AU\/ZA: 220~240V,\u00a050Hz (A-Boost Fast Charge: 2200W)<br \/>Solar Panel Charging Input:\u00a0DC 11~60V, 12A (600W Max)<br \/>Car Charging Input: DC 12V\/24V, 8A (96W Max)<\/p>\n<\/td>\n<\/tr>\n<tr>\n<td style=\"width:438.575px\">\n<p><strong>I\u0161vestis<\/strong><\/p>\n<\/td>\n<td style=\"width:1392.91px\" width=\"466\">\n<p>4*USB-A Output Ports: 5V\/3A, 9V\/2A, 12V\/1.5A, 18W Max, Per Port<br \/>4*AC Output Sockets: Pure Sine Wave, Total 2400W (Surge 3600W)US: 120V, 60Hz, UK\/EU\/AU\/- ZA: 220~240V, 50Hz<strong><br \/><\/strong>2*USB-C Output\u00a0Ports: 5V\/3A, 9V\/3A, 12V\/3A, 15V\/3A, 20V\/5A, 100W Max<br \/>2*DC5521 Output Ports: 12.6V\/10A, 120W Max<strong><br \/><\/strong>1*Car Port: 12.6V\/10A, 120W Max<br \/>Max Device(s) Power Supported by A-Turbo: 3600W for Resistive Loads<\/p>\n<\/td>\n<\/tr>\n<tr>\n<td style=\"width:438.575px\">\n<p><strong>Battery Information<\/strong><\/p>\n<p><\/td>\n<td style=\"width:1392.91px\" width=\"466\">\n<p>Cell Chemistry System: LiFePO4\u00a0System<br \/>Cycle Life: 6000 Cycles<br \/>Protection: Leakage Protection; Low-Temperature Protection; Low Voltage Protection; Over-Current Protection; Over-Load Protection; Over-Temperature Protection; Over-Voltage Protection; Short Circuit Protection<\/p>\n<\/td>\n<\/tr>\n<tr>\n<td style=\"width:438.575px\">\n<p><strong>Svoris ir dydis<\/strong><\/p>\n<\/td>\n<td style=\"width:1392.91px\" width=\"466\">\n<p>Product Weight: 16.5kg<br \/>Package Weight: 18.2kg<br \/>Product Size\u00a0(L x W x H): 436\u00d7195\u00d7335mm<br \/>Package Size\u00a0(L x W x H): 508\u00d7260\u00d7428mm<\/p>\n<\/td>\n<\/tr>\n<tr>\n<td style=\"width:438.575px\">\n<p><strong>Pakuot\u0117s turinys<\/strong><\/p>\n<\/td>\n<td style=\"width:1392.91px\" width=\"466\">\n<p>1 x Andes 1500 Portable Power Station\u00a0<br \/>1 x kintamosios srov\u0117s \u012fkrovimo laidas\u00a0<br \/>1 x automobilio \u012fkrovimo laidas\u00a0<br \/>1 x kabelio mai\u0161elis\u00a0<br \/>1 x Naudotojo vadovas\u00a0<br \/>1 x Garantijos kortel\u0117\u00a0<\/p>\n<\/td>\n<\/tr>\n<\/tbody>\n<\/table>\n<p><img decoding=\"async\" src=\"https:\/\/ae01.alicdn.com\/kf\/S8cd07578d87f4bce857c68534ea64f91F.jpeg\" slate-data-type=\"image\"\/><img decoding=\"async\" src=\"https:\/\/ae01.alicdn.com\/kf\/Se2d8bf4f50264eb9961ca09eb885bc8aE.jpeg\" slate-data-type=\"image\"\/><img decoding=\"async\" src=\"https:\/\/ae01.alicdn.com\/kf\/Sc1165f5e2e67469a9a44b95e8afa7704Y.jpeg\" slate-data-type=\"image\"\/><img decoding=\"async\" src=\"https:\/\/ae01.alicdn.com\/kf\/Seb0d02b2c5fc436482906542f0a594700.jpeg\" slate-data-type=\"image\"\/><img decoding=\"async\" src=\"https:\/\/ae01.alicdn.com\/kf\/S65c965dc181a40ddb6447f04bbf8ecc4O.jpeg\" slate-data-type=\"image\"\/><img decoding=\"async\" src=\"https:\/\/ae01.alicdn.com\/kf\/S28ce9d48a2c24d4db17cdbecb72e5d01b.jpeg\" slate-data-type=\"image\"\/><img decoding=\"async\" src=\"https:\/\/ae01.alicdn.com\/kf\/Sc6cfb22f033042158c021150ee64b901n.jpeg\" slate-data-type=\"image\"\/><img decoding=\"async\" src=\"https:\/\/ae01.alicdn.com\/kf\/Sa3aee9efdafe4d6cbb43073b0847f5f9d.jpeg\" slate-data-type=\"image\"\/><img decoding=\"async\" src=\"https:\/\/ae01.alicdn.com\/kf\/S33beb1136b044dc5a271f490d7999c2fm.jpeg\" slate-data-type=\"image\"\/><img decoding=\"async\" src=\"https:\/\/ae01.alicdn.com\/kf\/Sfaa46db4c3c54f11b864dee1c9a28a21x.jpeg\" slate-data-type=\"image\"\/><img decoding=\"async\" src=\"https:\/\/ae01.alicdn.com\/kf\/Sa567d40aacff4b62ad420ea13e556943O.jpeg\" slate-data-type=\"image\"\/><\/p>","protected":false},"excerpt":{"rendered":"<p>Nominal Capacity:&nbsp;1462Wh Model Number:&nbsp;Andes 1500 Type:&nbsp;LiFePO4 Set Type:&nbsp;Charger Sets Brand:&nbsp;Ampace Type:&nbsp;Portable Power Station Model:&nbsp;Andes 1500 Home EPS:&nbsp;20ms Certification:&nbsp;UL, CE, FCC, PSE, RoHS Cycle Life:&nbsp;6000 Cycles Cell Chemistry System:&nbsp;LiFePO4 System AC<\/p>","protected":false},"featured_media":21697,"comment_status":"open","ping_status":"closed","template":"","meta":{"_acf_changed":false},"product_brand":[],"product_cat":[515],"product_tag":[],"class_list":{"0":"post-21695","1":"product","2":"type-product","3":"status-publish","4":"has-post-thumbnail","6":"product_cat-portable-power-stations","8":"first","9":"instock","10":"shipping-taxable","11":"purchasable","12":"product-type-simple"},"acf":[],"_links":{"self":[{"href":"https:\/\/electricstore.eu\/lt\/wp-json\/wp\/v2\/product\/21695","targetHints":{"allow":["GET"]}}],"collection":[{"href":"https:\/\/electricstore.eu\/lt\/wp-json\/wp\/v2\/product"}],"about":[{"href":"https:\/\/electricstore.eu\/lt\/wp-json\/wp\/v2\/types\/product"}],"replies":[{"embeddable":true,"href":"https:\/\/electricstore.eu\/lt\/wp-json\/wp\/v2\/comments?post=21695"}],"wp:featuredmedia":[{"embeddable":true,"href":"https:\/\/electricstore.eu\/lt\/wp-json\/wp\/v2\/media\/21697"}],"wp:attachment":[{"href":"https:\/\/electricstore.eu\/lt\/wp-json\/wp\/v2\/media?parent=21695"}],"wp:term":[{"taxonomy":"product_brand","embeddable":true,"href":"https:\/\/electricstore.eu\/lt\/wp-json\/wp\/v2\/product_brand?post=21695"},{"taxonomy":"product_cat","embeddable":true,"href":"https:\/\/electricstore.eu\/lt\/wp-json\/wp\/v2\/product_cat?post=21695"},{"taxonomy":"product_tag","embeddable":true,"href":"https:\/\/electricstore.eu\/lt\/wp-json\/wp\/v2\/product_tag?post=21695"}],"curies":[{"name":"wp","href":"https:\/\/api.w.org\/{rel}","templated":true}]}}