{"id":21676,"date":"2025-05-20T18:21:03","date_gmt":"2025-05-20T18:21:03","guid":{"rendered":"https:\/\/electricstore.eu\/p\/uncategorized\/flashfish-f132-1000w-pure-sine-wave-power-station-1041-6wh-19-outlets-lifepo4-230v-ac-outlet-energy-storage-portable-generator\/"},"modified":"2025-05-20T18:21:09","modified_gmt":"2025-05-20T18:21:09","slug":"flashfish-f132-1000w-pure-sine-wave-power-station-1041-6wh-19-outlets-lifepo4-230v-ac-outlet-energy-storage-portable-generator","status":"publish","type":"product","link":"https:\/\/electricstore.eu\/lt\/p\/batteries\/portable-power-stations\/flashfish-f132-1000w-pure-sine-wave-power-station-1041-6wh-19-outlets-lifepo4-230v-ac-outlet-energy-storage-portable-generator\/","title":{"rendered":"\u201eFlashfish F132\u201c 1000 W grynos sinusin\u0117s bangos j\u0117gain\u0117, 1041,6 Wh, 19 lizd\u0173, LiFePo4, 230 V kintamosios srov\u0117s lizdas, energijos kaupimo ne\u0161iojamas generatorius"},"content":{"rendered":"<div class=\"product-specs-list-container\">\n<ul class=\"product-specs-list util-clearfix\">\n<li class=\"product-prop line-limit-length\"><span\n                                        class=\"property-title\">Taikymas:&nbsp;<\/span><span\n                                        class=\"property-desc line-limit-length\">Saul\u0117s energijos kaupimas<\/span>\n                            <\/li>\n<li class=\"product-prop line-limit-length\"><span\n                                        class=\"property-title\">Nominali talpa:&nbsp;<\/span><span\n                                        class=\"property-desc line-limit-length\">1041,6 Wh<\/span>\n                            <\/li>\n<li class=\"product-prop line-limit-length\"><span\n                                        class=\"property-title\">Modelio numeris:&nbsp;<\/span><span\n                                        class=\"property-desc line-limit-length\">PowerMax 3600<\/span>\n                            <\/li>\n<li class=\"product-prop line-limit-length\"><span\n                                        class=\"property-title\">Tipas:&nbsp;<\/span><span\n                                        class=\"property-desc line-limit-length\">LiFePO4<\/span>\n                            <\/li>\n<li class=\"product-prop line-limit-length\"><span\n                                        class=\"property-title\">Rinkinio tipas:&nbsp;<\/span><span\n                                        class=\"property-desc line-limit-length\">\u012ekrovikli\u0173 rinkiniai<\/span>\n                            <\/li>\n<li class=\"product-prop line-limit-length\"><span\n                                        class=\"property-title\">Prek\u0117s \u017eenklas:&nbsp;<\/span><span\n                                        class=\"property-desc line-limit-length\">Flashfish<\/span>\n                            <\/li>\n<li class=\"product-prop line-limit-length\"><span\n                                        class=\"property-title\">Modelis:&nbsp;<\/span><span\n                                        class=\"property-desc line-limit-length\">F132<\/span>\n                            <\/li>\n<li class=\"product-prop line-limit-length\"><span\n                                        class=\"property-title\">Spalva:&nbsp;<\/span><span\n                                        class=\"property-desc line-limit-length\">Juoda<\/span>\n                            <\/li>\n<li class=\"product-prop line-limit-length\"><span\n                                        class=\"property-title\">Baterija:&nbsp;<\/span><span\n                                        class=\"property-desc line-limit-length\">LiFePO4<\/span>\n                            <\/li>\n<li class=\"product-prop line-limit-length\"><span\n                                        class=\"property-title\">Talpa:&nbsp;<\/span><span\n                                        class=\"property-desc line-limit-length\">1041,6 Wh \/ 325 500 mAh<\/span>\n                            <\/li>\n<li class=\"product-prop line-limit-length\"><span\n                                        class=\"property-title\">I\u0161\u0117jimo \u012ftampa:&nbsp;<\/span><span\n                                        class=\"property-desc line-limit-length\">220\u2013240 V kintamoji srov\u0117<\/span>\n                            <\/li>\n<li class=\"product-prop line-limit-length\"><span\n                                        class=\"property-title\">Bangos tipas:&nbsp;<\/span><span\n                                        class=\"property-desc line-limit-length\">Grynas sinusinis bangos<\/span>\n                            <\/li>\n<li class=\"product-prop line-limit-length\"><span\n                                        class=\"property-title\">1-oji savyb\u0117:&nbsp;<\/span><span\n                                        class=\"property-desc line-limit-length\">Ne\u0161iojama baterija<\/span>\n                            <\/li>\n<li class=\"product-prop line-limit-length\"><span\n                                        class=\"property-title\">2 funkcijos:&nbsp;<\/span><span\n                                        class=\"property-desc line-limit-length\">Ne\u0161iojama prane\u0161ama galia<\/span>\n                            <\/li>\n<li class=\"product-prop line-limit-length\"><span\n                                        class=\"property-title\">03 funkcijos:&nbsp;<\/span><span\n                                        class=\"property-desc line-limit-length\">Bluetti elektrin\u0117<\/span>\n                            <\/li>\n<li class=\"product-prop line-limit-length\"><span\n                                        class=\"property-title\">04 funkcijos:&nbsp;<\/span><span\n                                        class=\"property-desc line-limit-length\">Ne\u0161iojama kempingo baterija<\/span>\n                            <\/li>\n<li class=\"product-prop line-limit-length\"><span\n                                        class=\"property-title\">Maitinimo indikatorius:&nbsp;<\/span><span\n                                        class=\"property-desc line-limit-length\">LED ekranas<\/span>\n                            <\/li>\n<\/ul><\/div>\n<div class=\"detailmodule_html\">\n<div class=\"detail-desc-decorate-richtext\">\n<p><span style=\"font-size:24px\"><strong>Svarbiausi dalykai:<\/strong><\/span><\/p>\n<ul style=\"font-family:&quot;Microsoft YaHei&quot;;font-size:medium;font-weight:400;letter-spacing:normal;text-align:start;white-space:normal;color:rgb(0, 0, 0);margin-bottom:10px;padding-left:0px\" class=\"clearfix\" align=\"start\">\n<li style=\"font-size:14px;margin-right:10px;padding-left:18px;list-style:none;position:relative;float:left\">\n<h3><strong>14 universali\u0173 parduotuvi\u0173<\/strong><\/h3>\n<p>Su auk\u0161tos kokyb\u0117s 3600 W galios grynos sinusin\u0117s bangos kintamosios srov\u0117s keitikliu, 14 \u201eBlackview Oscal PowerMax 3600\u201c elektros lizd\u0173 \u0161altini\u0173 gali patenkinti visus j\u016bs\u0173 elektros lizd\u0173 poreikius, kad gal\u0117tum\u0117te valdyti vis\u0105 vakar\u0117l\u012f, stovyklavim\u0105 ar net visus namus netik\u0117to elektros energijos tiekimo nutraukimo atveju.<\/p>\n<h3><strong>Maksimali 57600 Wh baterija<\/strong><\/h3>\n<p>\u201eBlackview ASCAL PowerMax 3600\u201c, patenkinantis \u012fvairius j\u016bs\u0173 energijos poreikius \u2013 nuo veiklos lauke iki patalpose, \u2013 suteikia galimyb\u0119 pritaikyti akumuliatoriaus talp\u0105 pagal modulin\u0119 100% konstrukcij\u0105 \u2013 nuo 3,6 kWh iki 57,6 kWh, o talpa gali siekti iki 15 akumuliatori\u0173 blok\u0173 (po 3600 Wh vienam blokui).<\/p>\n<h3><strong>LED \u0161viesos re\u017eimai ir Morz\u0117s kodo signalas<\/strong><\/h3>\n<p>Be 5 standartini\u0173 LED \u0161viesos re\u017eim\u0173, informacija gali b\u016bti siun\u010diama \u0161viesos signalais, kei\u010diant \u0161vies\u0173 ry\u0161kum\u0105 ir mirks\u0117jimo modelius, o tai naudinga nakt\u012f, esant nepalankiam orui arba prasto matomumo s\u0105lygomis, norint perduoti \u017eenklus, ypa\u010d nelaim\u0117s signalus.<\/p>\n<h3><strong>Apsauginis nuo UV spinduli\u0173 ir UL94V-0 atitikties ugniai korpusas<\/strong><\/h3>\n<p>Nesvarbu, ar pjaustote kiem\u0105, ar tyrin\u0117jate dykum\u0105, \u201ePowerMax 3600\u201c apsauga nuo UV spinduli\u0173 apsaugo j\u012f nuo i\u0161blukimo ir \u012fkaitimo d\u0117l ilgalaikio saul\u0117s poveikio, o jo UL94V-0 liepsnos slopinimo korpusas u\u017etikrina, kad n\u0117ra gaisro pavojaus d\u0117l susidariusios \u0161ilumos.<\/p>\n<h3><strong>0,8 m vertikaliai kritimui atsparus dizainas<\/strong><\/h3>\n<p>Sukurtas taip, kad atitikt\u0173 at\u0161iaurias j\u016bs\u0173 ekspedicij\u0173 vietoves, \u201ePowerMax 3600\u201c yra kruop\u0161\u010diai pagamintas taip, kad atlaikyt\u0173 vertikalius kritimus i\u0161 iki 0,8 metro auk\u0161\u010dio, suma\u017eindamas nerim\u0105 d\u0117l nety\u010dinio kritimo nuo \u017eol\u0117s, kai j\u012f nuimate nuo automobilio ar laipt\u0173.<\/p>\n<h3><strong>Apsaugotas nuo vandens pursl\u0173 ir dulki\u0173 korpusas<\/strong><\/h3>\n<p>Nuo rasot\u0173 ryt\u0173 e\u017eer\u0173 pakran\u010di\u0173 iki dulk\u0117tos dykumos sutemus \u2013 j\u012f galite pasiimti bet kur be joki\u0173 r\u016bpes\u010di\u0173 \u2013 jis efektyviai apsaugo nuo vertikali\u0173 vandens la\u0161\u0173 ir tam tikr\u0173 kiet\u0173 objekt\u0173.<\/p>\n<\/li>\n<\/ul>\n<p><span style=\"font-size:26px\"><strong>Specifikacija:<\/strong><\/span><\/p>\n<ul style=\"font-family:&quot;Microsoft YaHei&quot;;font-size:medium;font-weight:400;letter-spacing:normal;text-align:start;white-space:normal;color:rgb(0, 0, 0);margin-bottom:10px;padding-left:0px\" class=\"clearfix\" align=\"start\">\n<li style=\"font-size:14px;margin-right:10px;padding-left:18px;list-style:none;position:relative;float:left\">\n<table style=\"border-collapse:collapse;width:1000px\" class=\"jbEidtTable\" border=\"1\" cellpadding=\"5\" cellspacing=\"0\">\n<tbody>\n<tr>\n<td style=\"font-size:14px;text-align:left;width:373px;height:89px\" align=\"left\">\n<p>Bendra<\/p>\n<\/td>\n<td style=\"font-size:14px;text-align:left;width:603px;height:89px\" align=\"left\">\n<p>Prek\u0117s \u017eenklas: Blackview Oscal<br \/>Tipas: Tvirta elektrin\u0117<br \/>Modelis: PowerMax 3600 EU<br \/>Spalva: pilka + raudona<\/p>\n<\/td>\n<\/tr>\n<tr>\n<td style=\"font-size:14px;text-align:left;width:373px;height:646px\" align=\"left\">\n<p>Specifikacija<\/p>\n<\/td>\n<td style=\"font-size:14px;text-align:left;width:603px;height:646px\" align=\"left\">\n<div>Baterija<br \/>Baterijos talpa: 3600 Wh<br \/>Baterijos tipas: LiFePO4 baterija<br \/>Baterijos gyvavimo ciklai: 3500+ cikl\u0173 iki 80% pradin\u0117s talpos<\/div>\n<p>I\u0161vestis<br \/>Kintamosios srov\u0117s i\u0161vestis:<br \/>4 x 3600 W i\u0161vestis (maks.)<br \/>Inverterio tipas: gryna sinusin\u0117 banga<br \/>Vir\u0161\u012ftampio galia: 7200 W<br \/>USB-C prievadas: USB-C 100W x2<br \/>USB-A prievadas: USB-A 12 W x1, USB-A 18 W x3<br \/>Nuolatin\u0117s srov\u0117s i\u0161vestis: Anderson 378 W x1, nuolatin\u0117s srov\u0117s 5521 36 W x2<br \/>Cigare\u010di\u0173 \u017eiebtuv\u0117lio prievadas: 120 W cigare\u010di\u0173 \u017eiebtuv\u0117lis<\/p>\n<p>\u012evestis<br \/>Kintamosios srov\u0117s adapterio \u012fvestis: 2200 W (maks.), \u012fkrovimo laikas: 1,96 val.<br \/>Saul\u0117s energijos tiekimas: 1600 W (maks.), \u012fkrovimo laikas: 2,25 val.<br \/>(Esant puikiam saul\u0117s spinduliui, idealiai orientacijai ir \u017eemai temperat\u016brai)<br \/>Automobilio \u012fvestis: 120 W (maks.), \u012fkrovimo laikas: 30 val.<br \/>Dvigubas \u012fkrovimas<br \/>-Kintamosios srov\u0117s \u012fkrovimas + nuolatin\u0117s srov\u0117s \u012fkrovimas saul\u0117s energija 1,2 val.<br \/>-Kintamosios srov\u0117s \u012fkrovimas + automobilio \u012fkrovimas nuolatin\u0117s srov\u0117s srove 1,86 val.<\/p>\n<p>\u012ekrovimo temperat\u016bra: 0\u201350 \u00b0C (32\u2013122 \u00b0F). Geriausia esant 0\u201345 \u00b0C temperat\u016brai (32\u2013113 \u00b0F).<br \/>I\u0161krovimo temperat\u016bra: -20\u201355 \u00b0C (-4 \u00b0F\u2013131 \u00b0F). Geriausia esant nuo -10 \u00b0C iki 45 \u00b0C temperat\u016brai. (14 \u00b0F\u2013113 \u00b0F).<br \/>Laikymo temperat\u016bra: -10 \u00b0C\u201345 \u00b0C (14 \u00b0F\u2013113 \u00b0F)<br \/>Program\u0117l\u0117s valdymas: Taip, per \u201eWi-Fi\u201c ir \u201eBluetooth\u201c<\/p>\n<\/td>\n<\/tr>\n<tr>\n<td style=\"font-size:14px;text-align:left;width:373px;height:89px\" align=\"left\">\n<p>Svoris ir dydis<\/p>\n<\/td>\n<td style=\"font-size:14px;text-align:left;width:603px;height:89px\" align=\"left\">\n<p>Produkto svoris: 44,5 kg<br \/>Pakuot\u0117s svoris: 47,6 kg<br \/>Gaminio matmenys (ilgis x plotis x auk\u0161tis): 59 x 35 x 44,1 cm<br \/>Pakuot\u0117s dydis (ilgis x plotis x auk\u0161tis): 66 \u00d7 40,5 \u00d7 52,5 cm<\/p>\n<\/td>\n<\/tr>\n<tr>\n<td style=\"font-size:14px;text-align:left;width:373px;height:44px\" align=\"left\">\n<p>Konteineri\u0173 pakuot\u0117<\/p>\n<\/td>\n<td style=\"font-size:14px;text-align:left;width:603px;height:44px\" align=\"left\">\n<p>1 x tvirta elektrin\u0117<br \/>1 x Naudotojo vadovas<\/p>\n<\/td>\n<\/tr>\n<\/tbody>\n<\/table>\n<\/li>\n<\/ul>\n<p style=\"font-family:&quot;Open Sans&quot;, Roboto, Arial, Helvetica, sans-serif, SimSun;font-size:14px;font-weight:400;letter-spacing:normal;line-height:inherit;text-align:start;white-space:normal;color:rgb(34, 34, 34);margin:0px;margin-bottom:0px;margin-top:0px;margin-left:0px;margin-right:0px;padding:0px;padding-bottom:0px;padding-top:0px;padding-left:0px;padding-right:0px;box-sizing:border-box\" align=\"start\"><img decoding=\"async\" style=\"border:0px;margin:0px;margin-bottom:0px;margin-top:0px;margin-left:0px;margin-right:0px;padding:0px;padding-bottom:0px;padding-top:0px;padding-left:0px;padding-right:0px;max-width:100%;box-sizing:border-box\" src=\"https:\/\/ae01.alicdn.com\/kf\/S0ce6c6794dcf4f219b9275f4a2600d5dw.jpg\" slate-data-type=\"image\"\/><img decoding=\"async\" style=\"border:0px;margin:0px;margin-bottom:0px;margin-top:0px;margin-left:0px;margin-right:0px;padding:0px;padding-bottom:0px;padding-top:0px;padding-left:0px;padding-right:0px;max-width:100%;box-sizing:border-box\" src=\"https:\/\/ae01.alicdn.com\/kf\/S34093e5c4ac14ddca61be76f4d1894e05.jpg\" slate-data-type=\"image\"\/><img decoding=\"async\" style=\"border:0px;margin:0px;margin-bottom:0px;margin-top:0px;margin-left:0px;margin-right:0px;padding:0px;padding-bottom:0px;padding-top:0px;padding-left:0px;padding-right:0px;max-width:100%;box-sizing:border-box\" src=\"https:\/\/ae01.alicdn.com\/kf\/S670ce43903c04e87819e48904da439890.jpg\" slate-data-type=\"image\"\/><img decoding=\"async\" style=\"border:0px;margin:0px;margin-bottom:0px;margin-top:0px;margin-left:0px;margin-right:0px;padding:0px;padding-bottom:0px;padding-top:0px;padding-left:0px;padding-right:0px;max-width:100%;box-sizing:border-box\" src=\"https:\/\/ae01.alicdn.com\/kf\/Sb20c7746cd904b1b844e4ee0c150488fX.jpg\" slate-data-type=\"image\"\/><img decoding=\"async\" style=\"border:0px;margin:0px;margin-bottom:0px;margin-top:0px;margin-left:0px;margin-right:0px;padding:0px;padding-bottom:0px;padding-top:0px;padding-left:0px;padding-right:0px;max-width:100%;box-sizing:border-box\" src=\"https:\/\/ae01.alicdn.com\/kf\/S82786340e56b44d789e1ee011573f323s.jpg\" slate-data-type=\"image\"\/><img decoding=\"async\" style=\"border:0px;margin:0px;margin-bottom:0px;margin-top:0px;margin-left:0px;margin-right:0px;padding:0px;padding-bottom:0px;padding-top:0px;padding-left:0px;padding-right:0px;max-width:100%;box-sizing:border-box\" src=\"https:\/\/ae01.alicdn.com\/kf\/S611dd1a6874643bf8e632682860a9b338.jpg\" slate-data-type=\"image\"\/><img decoding=\"async\" style=\"border:0px;margin:0px;margin-bottom:0px;margin-top:0px;margin-left:0px;margin-right:0px;padding:0px;padding-bottom:0px;padding-top:0px;padding-left:0px;padding-right:0px;max-width:100%;box-sizing:border-box\" src=\"https:\/\/ae01.alicdn.com\/kf\/S76bf54b7699040239ea08619914ece92o.jpg\" slate-data-type=\"image\"\/><img decoding=\"async\" style=\"border:0px;margin:0px;margin-bottom:0px;margin-top:0px;margin-left:0px;margin-right:0px;padding:0px;padding-bottom:0px;padding-top:0px;padding-left:0px;padding-right:0px;max-width:100%;box-sizing:border-box\" src=\"https:\/\/ae01.alicdn.com\/kf\/S6642edd4b37e4669985c9ec58387f5b18.jpg\" slate-data-type=\"image\"\/><img decoding=\"async\" style=\"border:0px;margin:0px;margin-bottom:0px;margin-top:0px;margin-left:0px;margin-right:0px;padding:0px;padding-bottom:0px;padding-top:0px;padding-left:0px;padding-right:0px;max-width:100%;box-sizing:border-box\" src=\"https:\/\/ae01.alicdn.com\/kf\/S11ccf7a13c0043128be3d23faa955f50Q.jpg\" slate-data-type=\"image\"\/><img decoding=\"async\" style=\"border:0px;margin:0px;margin-bottom:0px;margin-top:0px;margin-left:0px;margin-right:0px;padding:0px;padding-bottom:0px;padding-top:0px;padding-left:0px;padding-right:0px;max-width:100%;box-sizing:border-box\" src=\"https:\/\/ae01.alicdn.com\/kf\/S53b072c2c7bb43a79f5277a9713e939cR.jpg\" slate-data-type=\"image\"\/><img decoding=\"async\" style=\"border:0px;margin:0px;margin-bottom:0px;margin-top:0px;margin-left:0px;margin-right:0px;padding:0px;padding-bottom:0px;padding-top:0px;padding-left:0px;padding-right:0px;max-width:100%;box-sizing:border-box\" src=\"https:\/\/ae01.alicdn.com\/kf\/Sa9781c2f51bd402b9b0f2f2a9a4056cb2.jpg\" slate-data-type=\"image\"\/><\/p>\n<\/div>\n<\/div>","protected":false},"excerpt":{"rendered":"<p>Application:&nbsp;Solar Power Storage Nominal Capacity:&nbsp;1041.6Wh Model Number:&nbsp;PowerMax 3600 Type:&nbsp;LiFePO4 Set Type:&nbsp;Charger Sets Brand:&nbsp;Flashfish Model:&nbsp;F132 Color:&nbsp;Black Battery:&nbsp;LiFePO4 Capacity:&nbsp;1041.6Wh\/325500mAh Output Voltage:&nbsp;AC 220-240V Wave Type:&nbsp;Pure Sine Wave Features 01:&nbsp;Portable battery Features 02:&nbsp;Portable reportable<\/p>","protected":false},"featured_media":21677,"comment_status":"open","ping_status":"closed","template":"","meta":{"_acf_changed":false},"product_brand":[],"product_cat":[515],"product_tag":[],"class_list":{"0":"post-21676","1":"product","2":"type-product","3":"status-publish","4":"has-post-thumbnail","6":"product_cat-portable-power-stations","8":"first","9":"instock","10":"shipping-taxable","11":"purchasable","12":"product-type-simple"},"acf":[],"_links":{"self":[{"href":"https:\/\/electricstore.eu\/lt\/wp-json\/wp\/v2\/product\/21676","targetHints":{"allow":["GET"]}}],"collection":[{"href":"https:\/\/electricstore.eu\/lt\/wp-json\/wp\/v2\/product"}],"about":[{"href":"https:\/\/electricstore.eu\/lt\/wp-json\/wp\/v2\/types\/product"}],"replies":[{"embeddable":true,"href":"https:\/\/electricstore.eu\/lt\/wp-json\/wp\/v2\/comments?post=21676"}],"wp:featuredmedia":[{"embeddable":true,"href":"https:\/\/electricstore.eu\/lt\/wp-json\/wp\/v2\/media\/21677"}],"wp:attachment":[{"href":"https:\/\/electricstore.eu\/lt\/wp-json\/wp\/v2\/media?parent=21676"}],"wp:term":[{"taxonomy":"product_brand","embeddable":true,"href":"https:\/\/electricstore.eu\/lt\/wp-json\/wp\/v2\/product_brand?post=21676"},{"taxonomy":"product_cat","embeddable":true,"href":"https:\/\/electricstore.eu\/lt\/wp-json\/wp\/v2\/product_cat?post=21676"},{"taxonomy":"product_tag","embeddable":true,"href":"https:\/\/electricstore.eu\/lt\/wp-json\/wp\/v2\/product_tag?post=21676"}],"curies":[{"name":"wp","href":"https:\/\/api.w.org\/{rel}","templated":true}]}}