{"id":21673,"date":"2025-05-20T18:21:00","date_gmt":"2025-05-20T18:21:00","guid":{"rendered":"https:\/\/electricstore.eu\/p\/uncategorized\/daxtromn-ggh-3-5kw-solar-inverter-5000w-pure-sine-wave-100a-mppt-solar-charger-max-500vdc-pv-input\/"},"modified":"2025-05-20T18:21:02","modified_gmt":"2025-05-20T18:21:02","slug":"daxtromn-ggh-3-5kw-solar-inverter-5000w-pure-sine-wave-100a-mppt-solar-charger-max-500vdc-pv-input","status":"publish","type":"product","link":"https:\/\/electricstore.eu\/lt\/p\/batteries\/portable-power-stations\/daxtromn-ggh-3-5kw-solar-inverter-5000w-pure-sine-wave-100a-mppt-solar-charger-max-500vdc-pv-input\/","title":{"rendered":"DAXTROMN GGH-3.5KW saul\u0117s inverteris 5000W grynos sinusin\u0117s bangos 100A MPPT saul\u0117s \u012fkroviklis. Maks. 500VDC PV \u012fvestis."},"content":{"rendered":"<div class=\"product-specs-list-container\">\n<ul class=\"product-specs-list util-clearfix\">\n<li class=\"product-prop line-limit-length\"><span\n                                        class=\"property-title\">Prek\u0117s \u017eenklas:&nbsp;<\/span><span\n                                        class=\"property-desc line-limit-length\">DAXTROMN<\/span>\n                            <\/li>\n<li class=\"product-prop line-limit-length\"><span\n                                        class=\"property-title\">Modelis:&nbsp;<\/span><span\n                                        class=\"property-desc line-limit-length\">GGH-3,5 kW<\/span>\n                            <\/li>\n<li class=\"product-prop line-limit-length\"><span\n                                        class=\"property-title\">Tipas:&nbsp;<\/span><span\n                                        class=\"property-desc line-limit-length\">Saul\u0117s keitiklis<\/span>\n                            <\/li>\n<li class=\"product-prop line-limit-length\"><span\n                                        class=\"property-title\">Faz\u0117:&nbsp;<\/span><span\n                                        class=\"property-desc line-limit-length\">1 faz\u0117<\/span>\n                            <\/li>\n<li class=\"product-prop line-limit-length\"><span\n                                        class=\"property-title\">Maksimali PV \u012f\u0117jimo galia:&nbsp;<\/span><span\n                                        class=\"property-desc line-limit-length\">3500 W<\/span>\n                            <\/li>\n<li class=\"product-prop line-limit-length\"><span\n                                        class=\"property-title\">Nominali i\u0161\u0117jimo galia:&nbsp;<\/span><span\n                                        class=\"property-desc line-limit-length\">3500 W \/ 3500 VA<\/span>\n                            <\/li>\n<li class=\"product-prop line-limit-length\"><span\n                                        class=\"property-title\">MPPT \u012ftampos diapazonas:&nbsp;<\/span><span\n                                        class=\"property-desc line-limit-length\">120\u2013450 V nuolatin\u0117 srov\u0117<\/span>\n                            <\/li>\n<li class=\"product-prop line-limit-length\"><span\n                                        class=\"property-title\">Vir\u0161\u012ftampio galia:&nbsp;<\/span><span\n                                        class=\"property-desc line-limit-length\">7000 VA<\/span>\n                            <\/li>\n<\/ul><\/div>\n<p style=\"font-family:&quot;Microsoft YaHei&quot;;font-size:medium;font-weight:400;letter-spacing:normal;text-align:start;white-space:normal;color:rgb(0, 0, 0)\" align=\"start\"><strong><span style=\"font-size:x-large\">Svarbiausi dalykai<\/span><\/strong><\/p>\n<p><\/p>\n<h3 style=\"font-family:&quot;Microsoft YaHei&quot;;letter-spacing:normal;text-align:start;white-space:normal;color:rgb(0, 0, 0)\" align=\"start\"><strong>Gryno sinusoid\u0117s keitiklis<\/strong><\/h3>\n<p style=\"font-family:&quot;Microsoft YaHei&quot;;font-size:medium;font-weight:400;letter-spacing:normal;text-align:start;white-space:normal;color:rgb(0, 0, 0)\" align=\"start\">HYBRID saul\u0117s keitiklis u\u017etikrina \u0161vari\u0105, stabili\u0105 energij\u0105 su gryna sinusoid\u0117s i\u0161vestimi, u\u017etikrindamas suderinamum\u0105 su jautriais buitiniais prietaisais ir asmeniniais kompiuteriais. \u0160i funkcija garantuoja optimal\u0173 j\u016bs\u0173 \u012frengini\u0173 veikim\u0105 ir ilgaam\u017ei\u0161kum\u0105.<\/p>\n<h3 style=\"font-family:&quot;Microsoft YaHei&quot;;letter-spacing:normal;text-align:start;white-space:normal;color:rgb(0, 0, 0)\" align=\"start\"><strong>\u012emontuotas MPPT saul\u0117s valdiklis<\/strong><\/h3>\n<p style=\"font-family:&quot;Microsoft YaHei&quot;;font-size:medium;font-weight:400;letter-spacing:normal;text-align:start;white-space:normal;color:rgb(0, 0, 0)\" align=\"start\">\u0160is saul\u0117s keitiklis, turintis \u012fmontuot\u0105 maksimalios galios ta\u0161ko sekimo (MPPT) saul\u0117s energijos valdikl\u012f, maksimaliai padidina j\u016bs\u0173 saul\u0117s baterij\u0173 efektyvum\u0105. Jis u\u017etikrina, kad i\u0161 j\u016bs\u0173 saul\u0117s sistemos b\u016bt\u0173 i\u0161gaunamas maksimalus energijos kiekis, net ir esant skirtingoms oro s\u0105lygoms.<\/p>\n<h3 style=\"font-family:&quot;Microsoft YaHei&quot;;letter-spacing:normal;text-align:start;white-space:normal;color:rgb(0, 0, 0)\" align=\"start\"><strong>Automatinio paleidimo i\u0161 naujo funkcija<\/strong><\/h3>\n<p style=\"font-family:&quot;Microsoft YaHei&quot;;font-size:medium;font-weight:400;letter-spacing:normal;text-align:start;white-space:normal;color:rgb(0, 0, 0)\" align=\"start\">Nutr\u016bkus elektros tiekimui, keitiklis automati\u0161kai persikraus, kai tik bus atkurtas kintamosios srov\u0117s tiekimas. \u0160i funkcija u\u017etikrina, kad j\u016bs\u0173 \u012frenginiai ir sistemos atnaujins veikim\u0105 be rankinio \u012fsiki\u0161imo.<\/p>\n<h3 style=\"font-family:&quot;Microsoft YaHei&quot;;letter-spacing:normal;text-align:start;white-space:normal;color:rgb(0, 0, 0)\" align=\"start\"><strong>Visapusi\u0161ka apsauga<\/strong><\/h3>\n<p style=\"font-family:&quot;Microsoft YaHei&quot;;font-size:medium;font-weight:400;letter-spacing:normal;text-align:start;white-space:normal;color:rgb(0, 0, 0)\" align=\"start\">HYBRID saul\u0117s keitiklis turi apsaug\u0105 nuo perkrovos, perkaitimo ir trumpojo jungimo. \u0160ios saugos funkcijos apsaugo j\u016bs\u0173 \u012frang\u0105 ir u\u017etikrina patikim\u0105 veikim\u0105 \u012fvairiomis s\u0105lygomis.<\/p>\n<h3 style=\"font-family:&quot;Microsoft YaHei&quot;;letter-spacing:normal;text-align:start;white-space:normal;color:rgb(0, 0, 0)\" align=\"start\"><strong>I\u0161manus akumuliatoriaus \u012fkroviklio dizainas<\/strong><\/h3>\n<p style=\"font-family:&quot;Microsoft YaHei&quot;;font-size:medium;font-weight:400;letter-spacing:normal;text-align:start;white-space:normal;color:rgb(0, 0, 0)\" align=\"start\">Inverteris pasi\u017eymi i\u0161maniu akumuliatori\u0173 \u012fkrovikliu, kuris optimizuoja akumuliatori\u0173 veikim\u0105. Tai u\u017etikrina efektyvius \u012fkrovimo ir i\u0161krovimo ciklus, maksimaliai pailgindama akumuliatori\u0173 tarnavimo laik\u0105 ir patikimum\u0105.<\/p>\n<h3 style=\"font-family:&quot;Microsoft YaHei&quot;;letter-spacing:normal;text-align:start;white-space:normal;color:rgb(0, 0, 0)\" align=\"start\"><strong>\u0160alto u\u017evedimo funkcija<\/strong><\/h3>\n<p style=\"font-family:&quot;Microsoft YaHei&quot;;font-size:medium;font-weight:400;letter-spacing:normal;text-align:start;white-space:normal;color:rgb(0, 0, 0)\" align=\"start\">HIBRIDINIS INVERTERIS turi \u0161altojo paleidimo funkcij\u0105, leid\u017eian\u010di\u0105 jam u\u017esivesti ir veikti net esant \u017eemai temperat\u016brai. \u0160i funkcija u\u017etikrina, kad tur\u0117tum\u0117te prieig\u0105 prie energijos, kai jos labiausiai reikia, nepriklausomai nuo oro s\u0105lyg\u0173.<\/p>\n<p><\/p>\n<h2 style=\"font-family:&quot;Microsoft YaHei&quot;;font-size:14px;letter-spacing:normal;text-align:start;white-space:normal;color:rgb(0, 0, 0);margin:10px 0px;margin-bottom:10px;margin-top:10px;margin-left:0px;margin-right:0px;padding:0px;padding-bottom:0px;padding-top:0px;padding-left:0px;padding-right:0px\" align=\"start\"><span style=\"font-size:28px\"><strong>Specifikacija<\/strong><\/span><\/h2>\n<p><\/p>\n<table style=\"border-collapse:collapse;font-family:&quot;Microsoft YaHei&quot;;width:1000px\" class=\"jbEidtTable\" border=\"1\" cellpadding=\"5\" cellspacing=\"0\">\n<tbody>\n<tr>\n<td style=\"text-align:left;height:89px\" align=\"left\">\n<p>Bendra<\/p>\n<\/td>\n<td style=\"text-align:left;height:89px\" align=\"left\">\n<p>Prek\u0117s \u017eenklas: DAXTROMN\u00a0<br \/>Tipas: Saul\u0117s inverteris<br \/>Modelis: GGH-3.5KW<br \/>Spalva: M\u0117lyna-balta<\/p>\n<\/td>\n<\/tr>\n<tr>\n<td style=\"text-align:left;height:22px\" align=\"left\">\n<p>Specifikacija<\/p>\n<\/td>\n<td style=\"text-align:left;height:22px\" align=\"left\">\n<p>Faz\u0117: 1 faz\u0117<br \/>Maksimali PV \u012fvesties galia: 3500 W<br \/>Nominali i\u0161\u0117jimo galia: 3500 W \/ 3500 VA<br \/>Maksimali saul\u0117s \u012fkrovimo srov\u0117: 100A<\/p>\n<p>TINKLO SUJUNGIMO OPERACIJA<br \/>Nominali nuolatin\u0117s srov\u0117s \u012ftampa \/ maksimali nuolatin\u0117s srov\u0117s \u012ftampa: 360 V \/ 500 V<br \/>Paleidimo \u012ftampa \/ pradin\u0117 maitinimo \u012ftampa: 90 V nuolatin\u0117 \/ 120 V nuolatin\u0117<br \/>MPPT \u012ftampos diapazonas: 120\u2013450 V nuolatin\u0117 srov\u0117<br \/>MPPT skai\u010dius \/ maksimali \u012f\u0117jimo srov\u0117: 1\/23A<\/p>\n<p>TINKLO I\u0160\u0116JIMAS (AC)<br \/>Nominali i\u0161\u0117jimo \u012ftampa: 220\/230\/240 V kintamoji srov\u0117<br \/>I\u0161\u0117jimo \u012ftampos diapazonas: 195,5\u2013253 V kintamoji srov\u0117<br \/>Nominali i\u0161\u0117jimo srov\u0117: 15,7 A<br \/>Galios koeficientas: &gt;0,99<\/p>\n<p>EKSPLOATAVIMAS BE TINKLO<br \/>Kintamosios srov\u0117s \u012fvestis:\u00a0<br \/>Kintamosios srov\u0117s paleidimo \u012ftampa \/ automatinio paleidimo \u012ftampa: 120\u2013140 V kintamoji srov\u0117 \/ 180 V kintamoji srov\u0117<br \/>Priimtinas \u012f\u0117jimo \u012ftampos diapazonas: 90\u2013280 V kintamoji srov\u0117 arba 170\u2013280 V kintamoji srov\u0117<br \/>Maksimali kintamosios srov\u0117s \u012fvesties srov\u0117: 60A<br \/>Nominalus darbinis da\u017enis: 50\/60 Hz<br \/>Vir\u0161\u012ftampio galia: 7000 VA<\/p>\n<p>AKUMULIATORIAUS RE\u017dIMO I\u0160VESTIS (AC)<br \/>Nominali i\u0161\u0117jimo \u012ftampa: 220\/230\/240 V kintamoji srov\u0117<br \/>I\u0161\u0117jimo bangos forma: gryna sinusin\u0117 banga<br \/>Efektyvumas (nuolatin\u0117 srov\u0117 \u012f kintam\u0105j\u0105): 94%<\/p>\n<p>AKUMULIATORIUS IR \u012eKROVIKLIS<br \/>Nominali nuolatin\u0117 \u012ftampa:\u00a0<br \/>Maksimali saul\u0117s \u012fkrovimo srov\u0117: 100A<br \/>Maksimali kintamosios srov\u0117s \u012fkrovimo srov\u0117: 60A<\/p>\n<p>Darbin\u0117 temperat\u016bra: -10\u201350 \u00b0C<\/p>\n<\/td>\n<\/tr>\n<tr>\n<td style=\"text-align:left;height:89px\" align=\"left\">\n<p>Svoris ir dydis<\/p>\n<\/td>\n<td style=\"text-align:left;height:89px\" align=\"left\">\n<p>Produkto svoris: 10 kg<br \/>Pakuot\u0117s svoris: 11 kg<br \/>Gaminio matmenys (ilgis x plotis x auk\u0161tis): 49 x 30 x 11 cm<br \/>Pakuot\u0117s dydis (ilgis x plotis x auk\u0161tis): 54 x 35 x 18 cm<\/p>\n<\/td>\n<\/tr>\n<tr>\n<td style=\"text-align:left;height:52px\" align=\"left\">\n<p>Pakuot\u0117s turinys<\/p>\n<\/td>\n<td style=\"text-align:left;height:52px\" align=\"left\">\n<p>1 x saul\u0117s keitiklis<br \/>1 x Naudotojo vadovas<\/p>\n<\/td>\n<\/tr>\n<\/tbody>\n<\/table>\n<p><img decoding=\"async\" src=\"https:\/\/ae01.alicdn.com\/kf\/Seebe50769e384c328b0befe2f6be0f7co.jpg\" slate-data-type=\"image\"\/><img decoding=\"async\" src=\"https:\/\/ae01.alicdn.com\/kf\/S5a6f10d0492b45ecabf7ec9b6e89aed5m.jpg\" slate-data-type=\"image\"\/><img decoding=\"async\" src=\"https:\/\/ae01.alicdn.com\/kf\/Sdf9fe3bb10764eb0ac0dccbdf46aff04m.jpg\" slate-data-type=\"image\"\/><img decoding=\"async\" src=\"https:\/\/ae01.alicdn.com\/kf\/Sf1ba4738d8d54109a909917b871d9b5b3.jpg\" slate-data-type=\"image\"\/><img decoding=\"async\" src=\"https:\/\/ae01.alicdn.com\/kf\/S273fecaa7ff948949ab0e3f281034028C.jpg\" slate-data-type=\"image\"\/><img decoding=\"async\" src=\"https:\/\/ae01.alicdn.com\/kf\/S7d183739390641e2bbe639e7afc9d0a5L.jpg\" slate-data-type=\"image\"\/><img decoding=\"async\" src=\"https:\/\/ae01.alicdn.com\/kf\/S77e7b505dafc48a1ac01594ae1e94cbep.jpg\" slate-data-type=\"image\"\/><img decoding=\"async\" src=\"https:\/\/ae01.alicdn.com\/kf\/S399626c6b7f44a43a6f0d1acdd944273B.jpg\" slate-data-type=\"image\"\/><img decoding=\"async\" src=\"https:\/\/ae01.alicdn.com\/kf\/S9435f066b37b4adcbba75db39801cd75F.jpg\" slate-data-type=\"image\"\/><img decoding=\"async\" src=\"https:\/\/ae01.alicdn.com\/kf\/Sf8a53685f7174b28930514e1be489bc6b.jpg\" slate-data-type=\"image\"\/><img decoding=\"async\" src=\"https:\/\/ae01.alicdn.com\/kf\/S8995435ef77d462f9237c8cf0404227dB.jpg\" slate-data-type=\"image\"\/><\/p>","protected":false},"excerpt":{"rendered":"<p>Brand:&nbsp;DAXTROMN Model:&nbsp;GGH-3.5KW Type:&nbsp;Solar Inverter Phase:&nbsp;1-Phase Maximum PV Input Power:&nbsp;3500W Rated Output Power:&nbsp;3500W\/3500VA MPPT Voltage Range:&nbsp;120-450VDC Surge power:&nbsp;7000VA Highlights Pure Sine Wave Inverter The HYBRID Solar Inverter provides clean, stable power<\/p>","protected":false},"featured_media":21674,"comment_status":"open","ping_status":"closed","template":"","meta":{"_acf_changed":false},"product_brand":[],"product_cat":[515],"product_tag":[],"class_list":{"0":"post-21673","1":"product","2":"type-product","3":"status-publish","4":"has-post-thumbnail","6":"product_cat-portable-power-stations","8":"first","9":"instock","10":"shipping-taxable","11":"purchasable","12":"product-type-simple"},"acf":[],"_links":{"self":[{"href":"https:\/\/electricstore.eu\/lt\/wp-json\/wp\/v2\/product\/21673","targetHints":{"allow":["GET"]}}],"collection":[{"href":"https:\/\/electricstore.eu\/lt\/wp-json\/wp\/v2\/product"}],"about":[{"href":"https:\/\/electricstore.eu\/lt\/wp-json\/wp\/v2\/types\/product"}],"replies":[{"embeddable":true,"href":"https:\/\/electricstore.eu\/lt\/wp-json\/wp\/v2\/comments?post=21673"}],"wp:featuredmedia":[{"embeddable":true,"href":"https:\/\/electricstore.eu\/lt\/wp-json\/wp\/v2\/media\/21674"}],"wp:attachment":[{"href":"https:\/\/electricstore.eu\/lt\/wp-json\/wp\/v2\/media?parent=21673"}],"wp:term":[{"taxonomy":"product_brand","embeddable":true,"href":"https:\/\/electricstore.eu\/lt\/wp-json\/wp\/v2\/product_brand?post=21673"},{"taxonomy":"product_cat","embeddable":true,"href":"https:\/\/electricstore.eu\/lt\/wp-json\/wp\/v2\/product_cat?post=21673"},{"taxonomy":"product_tag","embeddable":true,"href":"https:\/\/electricstore.eu\/lt\/wp-json\/wp\/v2\/product_tag?post=21673"}],"curies":[{"name":"wp","href":"https:\/\/api.w.org\/{rel}","templated":true}]}}