{"id":21665,"date":"2025-05-20T18:20:55","date_gmt":"2025-05-20T18:20:55","guid":{"rendered":"https:\/\/electricstore.eu\/p\/uncategorized\/flashfish-p63-portable-power-station-520wh-140400mah-lithium-battery-solar-generator-500w-ac-output-5xdc-outs-4xusb-outputs\/"},"modified":"2025-05-20T18:21:01","modified_gmt":"2025-05-20T18:21:01","slug":"flashfish-p63-portable-power-station-520wh-140400mah-lithium-battery-solar-generator-500w-ac-output-5xdc-outs-4xusb-outputs","status":"publish","type":"product","link":"https:\/\/electricstore.eu\/lt\/p\/batteries\/portable-power-stations\/flashfish-p63-portable-power-station-520wh-140400mah-lithium-battery-solar-generator-500w-ac-output-5xdc-outs-4xusb-outputs\/","title":{"rendered":"Ne\u0161iojama \u201eFlashfish P63\u201c \u012fkrovos stotel\u0117, 520 Wh \/ 140\u2013400 mAh li\u010dio baterija, saul\u0117s generatorius, 500 W kintamosios srov\u0117s i\u0161vestis, 5 nuolatin\u0117s srov\u0117s i\u0161\u0117jimai, 4 USB i\u0161\u0117jimai."},"content":{"rendered":"<div class=\"product-specs-list-container\">\n<ul class=\"product-specs-list util-clearfix\">\n<li class=\"product-prop line-limit-length\"><span\n                                        class=\"property-title\">Nominali talpa:&nbsp;<\/span><span\n                                        class=\"property-desc line-limit-length\">140400 mAh<\/span>\n                            <\/li>\n<li class=\"product-prop line-limit-length\"><span\n                                        class=\"property-title\">Modelio numeris:&nbsp;<\/span><span\n                                        class=\"property-desc line-limit-length\">\u201eFlashfish P63\u201c<\/span>\n                            <\/li>\n<li class=\"product-prop line-limit-length\"><span\n                                        class=\"property-title\">Tipas:&nbsp;<\/span><span\n                                        class=\"property-desc line-limit-length\">Li\u010dio jon\u0173 akumuliatorius<\/span>\n                            <\/li>\n<li class=\"product-prop line-limit-length\"><span\n                                        class=\"property-title\">Rinkinio tipas:&nbsp;<\/span><span\n                                        class=\"property-desc line-limit-length\">\u012ekrovikli\u0173 rinkiniai<\/span>\n                            <\/li>\n<li class=\"product-prop line-limit-length\"><span\n                                        class=\"property-title\">Prek\u0117s \u017eenklas:&nbsp;<\/span><span\n                                        class=\"property-desc line-limit-length\">Flashfish<\/span>\n                            <\/li>\n<li class=\"product-prop line-limit-length\"><span\n                                        class=\"property-title\">Modelis:&nbsp;<\/span><span\n                                        class=\"property-desc line-limit-length\">P63<\/span>\n                            <\/li>\n<li class=\"product-prop line-limit-length\"><span\n                                        class=\"property-title\">\u012emontuota baterija:&nbsp;<\/span><span\n                                        class=\"property-desc line-limit-length\">18650 li\u010dio baterija<\/span>\n                            <\/li>\n<li class=\"product-prop line-limit-length\"><span\n                                        class=\"property-title\">Baterijos talpa:&nbsp;<\/span><span\n                                        class=\"property-desc line-limit-length\">520 Wh, 140\u2013400 mAh \/ 3,7 V<\/span>\n                            <\/li>\n<li class=\"product-prop line-limit-length\"><span\n                                        class=\"property-title\">\u012evesties \u012fkrovimas:&nbsp;<\/span><span\n                                        class=\"property-desc line-limit-length\">Nuolatin\u0117 srov\u0117 15 V \/ 6,0 A<\/span>\n                            <\/li>\n<li class=\"product-prop line-limit-length\"><span\n                                        class=\"property-title\">USB i\u0161vestis:&nbsp;<\/span><span\n                                        class=\"property-desc line-limit-length\">Bendra maks. 67 W.<\/span>\n                            <\/li>\n<li class=\"product-prop line-limit-length\"><span\n                                        class=\"property-title\">1-oji savyb\u0117:&nbsp;<\/span><span\n                                        class=\"property-desc line-limit-length\">Ne\u0161iojama elektrin\u0117<\/span>\n                            <\/li>\n<li class=\"product-prop line-limit-length\"><span\n                                        class=\"property-title\">2 funkcijos:&nbsp;<\/span><span\n                                        class=\"property-desc line-limit-length\">Yose galia<\/span>\n                            <\/li>\n<li class=\"product-prop line-limit-length\"><span\n                                        class=\"property-title\">03 funkcijos:&nbsp;<\/span><span\n                                        class=\"property-desc line-limit-length\">Ne\u0161iojama kemperio baterija<\/span>\n                            <\/li>\n<li class=\"product-prop line-limit-length\"><span\n                                        class=\"property-title\">04 funkcijos:&nbsp;<\/span><span\n                                        class=\"property-desc line-limit-length\">Ne\u0161iojama saul\u0117s elektrin\u0117<\/span>\n                            <\/li>\n<li class=\"product-prop line-limit-length\"><span\n                                        class=\"property-title\">05 funkcijos:&nbsp;<\/span><span\n                                        class=\"property-desc line-limit-length\">Ne\u0161iojama elektrin\u0117<\/span>\n                            <\/li>\n<li class=\"product-prop line-limit-length\"><span\n                                        class=\"property-title\">06 funkcijos:&nbsp;<\/span><span\n                                        class=\"property-desc line-limit-length\">Portalil elektrin\u0117<\/span>\n                            <\/li>\n<\/ul><\/div>\n<div class=\"detailmodule_html\">\n<div class=\"detail-desc-decorate-richtext\">\n<ul style=\"font-family:&quot;Microsoft YaHei&quot;;font-size:medium;font-weight:400;letter-spacing:normal;text-align:start;white-space:normal;color:rgb(0, 0, 0);margin-bottom:10px;padding-left:0px\" class=\"clearfix\" align=\"start\">\n<li style=\"font-size:14px;font-weight:bold;margin-right:10px;padding-left:18px;list-style:none;float:left\">\n<p><span style=\"color:rgb(0, 0, 0);font-size:medium;font-family:&quot;Microsoft YaHei&quot;\"><strong><span style=\"font-size:24px\"><span style=\"font-family:&quot;times new roman&quot;, times, serif\">&gt;&gt;Svarbiausi \u012fvykiai<\/span><\/span><\/strong><\/span><\/p>\n<p><\/p>\n<p><span style=\"color:rgb(0, 0, 0);font-size:18px;font-family:&quot;times new roman&quot;, times, serif\">Integruotos daugiafunkcin\u0117s apsaugos (plok\u0161t\u0117s lC temperat\u016bros valdymas)<br \/>1. \u012emontuota didel\u0117s galios 18650 li\u010dio jon\u0173 baterija<br \/>2. Iki 520 Wh baterijos galia<br \/>3. Gryno sinusoid\u0117s kintamosios srov\u0117s i\u0161vestis, u\u017etikrinanti geresn\u012f energijos vartojimo efektyvum\u0105<br \/>4. Iki 500 W nuolatin\u0117s AC galios, 1000 W maksimalios galios<br \/>5. Palaiko 1 * C tipo 5V-9V\/2A i\u0161vest\u012f<br \/>6. Palaiko 1 * QC USB i\u0161vest\u012f, 2 * USB 5V\/2A i\u0161vest\u012f<br \/>7. Palaikykite 5 * DC 12V10A i\u0161\u0117jimus<br \/>8. Apsauga, \u012fskaitant: trump\u0105j\u012f jungim\u0105, perkrov\u0105, perkaitim\u0105 ir kt.<br \/>9. Integruotas i\u0161manusis ventiliatorius \u0161ilumos i\u0161sklaidymui<br \/>10. Autonominis CPAP maitinimas<\/span><\/p>\n<p><\/p>\n<p><span style=\"color:rgb(34, 34, 34);font-size:14px;font-family:&quot;Open Sans&quot;, Roboto, Arial, Helvetica, sans-serif, SimSun\"><strong><span style=\"font-size:24px\"><span style=\"font-family:&quot;times new roman&quot;, times, serif\">&gt;&gt;Specifikacija<\/span><\/span><\/strong><\/span><\/p>\n<\/p>\n<table style=\"border-collapse:collapse;font-family:&quot;Microsoft YaHei&quot;;width:1000px\" class=\"jbEidtTable\" border=\"1\" cellpadding=\"5\" cellspacing=\"0\">\n<tbody>\n<tr>\n<td style=\"font-size:14px;text-align:left;height:93px\" align=\"left\">\n<p><span style=\"font-size:18px;font-family:&quot;times new roman&quot;, times, serif\">Bendra<\/span><\/p>\n<\/td>\n<td style=\"font-size:14px;text-align:left;height:93px\" align=\"left\">\n<p><span style=\"font-size:18px;font-family:&quot;times new roman&quot;, times, serif\">Prek\u0117s \u017eenklas: Flashfish<br \/>Tipas: Ne\u0161iojama li\u010dio jon\u0173 elektrin\u0117<br \/>Modelis: P63<br \/>Spalva: juoda + tamsiai pilka<\/span><\/p>\n<\/td>\n<\/tr>\n<tr>\n<td style=\"font-size:14px;text-align:left;height:10px\" align=\"left\">\n<p><span style=\"font-size:18px;font-family:&quot;times new roman&quot;, times, serif\">Specifikacija<\/span><\/p>\n<\/td>\n<td style=\"font-size:14px;text-align:left;height:10px\" align=\"left\">\n<div><span style=\"font-size:18px;font-family:&quot;times new roman&quot;, times, serif\">Bendrieji parametrai<br \/>\u012emontuota baterija: 18650 li\u010dio baterija<br \/>Baterijos talpa: 520 Wh, 140\u2013400 mAh \/ 3,7 V<br \/>\u012ekrovimo \u012fvestis: DC 15V\/6.0A<br \/>Saul\u0117s baterij\u0173 \u012fkrovimas: 13\u201322 V \/ 6,0 A<br \/>Pilnai \u012fkrauto (adapterio) laikas: apie 8 val.<\/span><\/div>\n<p><span style=\"font-size:18px;font-family:&quot;times new roman&quot;, times, serif\">USB i\u0161vestis: bendra maks. 67 W.<br \/>USB QC3.0 (x1): 5V-9V\/2A, 18W maks.<br \/>C tipo QC3.0 (x1): 5\u20139 V \/ 2 A, maks. 18 W.<br \/>USB-A (x2): 5 V \/ 3,1 A, maks. 15,5 W.<\/span><\/p>\n<p><span style=\"font-size:18px;font-family:&quot;times new roman&quot;, times, serif\">Nuolatin\u0117s srov\u0117s i\u0161vestis: bendra maks. 126 W.<br \/>DC5521 i\u0161vestis (x4): 9\u201312,6 V \/ 10 A (i\u0161 viso maks. 12 A), maks. 126 W.<br \/>Cigare\u010di\u0173 \u017eiebtuv\u0117lio i\u0161vestis (x1): 9v-12.6v 10A, 126W maks.<\/span><\/p>\n<p><span style=\"font-size:18px;font-family:&quot;times new roman&quot;, times, serif\">Kintamosios srov\u0117s i\u0161vestis: 2 x grynos sinusin\u0117s bangos 230 V \/ 110 V kintamoji srov\u0117<br \/>Bendra nuolatin\u0117 kintamosios srov\u0117s i\u0161\u0117jimo galia: 500 W<br \/>Bendra maksimali kintamosios srov\u0117s i\u0161\u0117jimo galia: 1000 W<\/span><\/p>\n<p><span style=\"font-size:18px;font-family:&quot;times new roman&quot;, times, serif\">Darbin\u0117 temperat\u016bra: -10 \u2103-40 \u2103<br \/>Gyvavimo ciklas: &gt;2000 kart\u0173<\/span><\/p>\n<p><span style=\"font-size:18px;font-family:&quot;times new roman&quot;, times, serif\">Produkto apsauga:<br \/>A. Apsauga nuo trumpojo jungimo<br \/>B. Apsauga nuo vir\u0161srov\u0117s<br \/>C. Apsauga nuo vir\u0161\u012ftampi\u0173<br \/>D. Apsauga nuo \u012ftampos kritimo<br \/>E. Apsauga nuo perkrovos<br \/>F. Apsauga nuo perkaitimo<\/span><\/p>\n<p><span style=\"font-size:18px;font-family:&quot;times new roman&quot;, times, serif\">Adapterio parametrai<br \/>I\u0161vestis: 15 V 6 A<br \/>Nuolatin\u0117s srov\u0117s s\u0105saja: Darbalaukis<br \/>Forma: Stalinis<\/p>\n<p>\u012evesties \u012fkrovimo funkcija<br \/>Palaikykite maitinimo adapterio \u012fkrovim\u0105: palaikymas<br \/>Palaikykite saul\u0117s baterij\u0173 \u012fkrovim\u0105: palaikymas<\/p>\n<p>Strukt\u016bra<br \/>Atsparumas ugniai: 94-V0<br \/>Med\u017eiaga: ABS plastikas + aliuminio korpusas, plastikinio korpuso atsparumo ugniai klas\u0117 94-V0<\/span><\/p>\n<p><span style=\"font-size:18px;font-family:&quot;times new roman&quot;, times, serif\">Naudokite scenos re\u017eim\u0105<br \/>Taikoma<br \/>D\u0117l elektros energijos tiekimo sutrikim\u0173, lauko operacij\u0173, naktinio turgaus elektros energijos,<br \/>Avarin\u0117 gelb\u0117jimo, medicinin\u0117, buitin\u0117 energijos kaupimo ir kt.<\/span><\/p>\n<\/td>\n<\/tr>\n<tr>\n<td style=\"font-size:14px;text-align:left;height:84px\" align=\"left\">\n<p><span style=\"font-size:18px;font-family:&quot;times new roman&quot;, times, serif\">Svoris ir dydis<\/span><\/p>\n<\/td>\n<td style=\"font-size:14px;text-align:left;height:84px\" align=\"left\">\n<p><span style=\"font-size:18px;font-family:&quot;times new roman&quot;, times, serif\">Produkto svoris: 6,4 kg<br \/>Pakuot\u0117s svoris: 8,2 kg<br \/>Gaminio dydis (ilgis x plotis x auk\u0161tis): 30,6 * 20 * 17,6 cm<br \/>Pakuot\u0117s dydis (ilgis x plotis x auk\u0161tis): 40,8 * 28,5 * 28 cm<\/span><\/p>\n<\/td>\n<\/tr>\n<\/tbody>\n<\/table>\n<p><\/p>\n<p><span style=\"color:rgb(34, 34, 34);font-size:14px;font-family:&quot;Open Sans&quot;, Roboto, Arial, Helvetica, sans-serif, SimSun\"><strong><span style=\"font-size:24px\"><span style=\"font-family:&quot;times new roman&quot;, times, serif\">&gt;&gt;Produkto nuotraukos ir apra\u0161ymai<\/span><\/span><\/strong><\/span><\/p>\n<p><\/p>\n<p><img decoding=\"async\" src=\"https:\/\/ae01.alicdn.com\/kf\/Sf2d5bd3ab60c4b2283c7378e2ab3961dS.jpg\" slate-data-type=\"image\"\/><img decoding=\"async\" src=\"https:\/\/ae01.alicdn.com\/kf\/S072a38e5d71546efa0ff0862c76ed440q.jpg\" slate-data-type=\"image\"\/><img decoding=\"async\" src=\"https:\/\/ae01.alicdn.com\/kf\/Sff8ef5e5adb84557a5cb9f27fd68f60c1.jpg\" slate-data-type=\"image\"\/><img decoding=\"async\" src=\"https:\/\/ae01.alicdn.com\/kf\/S8b5a8fbe847d4c03bdd6d8129f88ac7eS.jpg\" slate-data-type=\"image\"\/><img decoding=\"async\" src=\"https:\/\/ae01.alicdn.com\/kf\/Sc6cb1ae147bb4cbb9ddf535d4ddadbd89.jpg\" slate-data-type=\"image\"\/><img decoding=\"async\" src=\"https:\/\/ae01.alicdn.com\/kf\/Se7bd8062981b48fdaed5f24721bf2c5dT.jpg\" slate-data-type=\"image\"\/><img decoding=\"async\" src=\"https:\/\/ae01.alicdn.com\/kf\/S7268fef1b73e4ffcbd2f403a237362c9i.jpg\" slate-data-type=\"image\"\/><img decoding=\"async\" src=\"https:\/\/ae01.alicdn.com\/kf\/S5db832405cbd4817946a8b245f871accr.jpg\" slate-data-type=\"image\"\/><img decoding=\"async\" src=\"https:\/\/ae01.alicdn.com\/kf\/S1870b73d74404d40bbd48a53375c6904h.jpg\" slate-data-type=\"image\"\/><img decoding=\"async\" src=\"https:\/\/ae01.alicdn.com\/kf\/S42205141322e44529d8dd3872ec3d21aU.jpg\" slate-data-type=\"image\"\/><\/p>\n<\/li>\n<\/ul>\n<p><\/p>\n<\/div>\n<\/div>","protected":false},"excerpt":{"rendered":"<p>Nominal Capacity:&nbsp;140400mAh Model Number:&nbsp;Flashfish P63 Type:&nbsp;Li-Ion Set Type:&nbsp;Charger Sets Brand:&nbsp;Flashfish Model:&nbsp;P63 Built-in battery:&nbsp;18650 Lithium battery Battery capacity:&nbsp;520Wh,140400mAh\/3.7V Input recharging:&nbsp;DC 15V\/6.0A USB output:&nbsp;Total 67W max. Features 01:&nbsp;Portable power station Features 02:&nbsp;Yose<\/p>","protected":false},"featured_media":21666,"comment_status":"open","ping_status":"closed","template":"","meta":{"_acf_changed":false},"product_brand":[],"product_cat":[515],"product_tag":[],"class_list":{"0":"post-21665","1":"product","2":"type-product","3":"status-publish","4":"has-post-thumbnail","6":"product_cat-portable-power-stations","8":"first","9":"instock","10":"shipping-taxable","11":"purchasable","12":"product-type-simple"},"acf":[],"_links":{"self":[{"href":"https:\/\/electricstore.eu\/lt\/wp-json\/wp\/v2\/product\/21665","targetHints":{"allow":["GET"]}}],"collection":[{"href":"https:\/\/electricstore.eu\/lt\/wp-json\/wp\/v2\/product"}],"about":[{"href":"https:\/\/electricstore.eu\/lt\/wp-json\/wp\/v2\/types\/product"}],"replies":[{"embeddable":true,"href":"https:\/\/electricstore.eu\/lt\/wp-json\/wp\/v2\/comments?post=21665"}],"wp:featuredmedia":[{"embeddable":true,"href":"https:\/\/electricstore.eu\/lt\/wp-json\/wp\/v2\/media\/21666"}],"wp:attachment":[{"href":"https:\/\/electricstore.eu\/lt\/wp-json\/wp\/v2\/media?parent=21665"}],"wp:term":[{"taxonomy":"product_brand","embeddable":true,"href":"https:\/\/electricstore.eu\/lt\/wp-json\/wp\/v2\/product_brand?post=21665"},{"taxonomy":"product_cat","embeddable":true,"href":"https:\/\/electricstore.eu\/lt\/wp-json\/wp\/v2\/product_cat?post=21665"},{"taxonomy":"product_tag","embeddable":true,"href":"https:\/\/electricstore.eu\/lt\/wp-json\/wp\/v2\/product_tag?post=21665"}],"curies":[{"name":"wp","href":"https:\/\/api.w.org\/{rel}","templated":true}]}}