{"id":21658,"date":"2025-05-20T18:20:49","date_gmt":"2025-05-20T18:20:49","guid":{"rendered":"https:\/\/electricstore.eu\/p\/uncategorized\/flashfish-a301-320w-portable-power-station-292wh-80000mah-backup-portable-solar-generator-for-outdoor-portable-camping-battery\/"},"modified":"2025-05-20T18:20:51","modified_gmt":"2025-05-20T18:20:51","slug":"flashfish-a301-320w-portable-power-station-292wh-80000mah-backup-portable-solar-generator-for-outdoor-portable-camping-battery","status":"publish","type":"product","link":"https:\/\/electricstore.eu\/lt\/p\/batteries\/portable-power-stations\/flashfish-a301-320w-portable-power-station-292wh-80000mah-backup-portable-solar-generator-for-outdoor-portable-camping-battery\/","title":{"rendered":"\u201eFlashfish A301\u201c 320 W ne\u0161iojama saul\u0117s energijos stotis, 292 Wh, 80 000 mAh atsarginis ne\u0161iojamas generatorius, skirtas naudoti lauke, ne\u0161iojamame kempinge."},"content":{"rendered":"<div class=\"product-specs-list-container\">\n<ul class=\"product-specs-list util-clearfix\">\n<li class=\"product-prop line-limit-length\"><span\n                                        class=\"property-title\">Taikymas:&nbsp;<\/span><span\n                                        class=\"property-desc line-limit-length\">Saul\u0117s energijos kaupimas<\/span>\n                            <\/li>\n<li class=\"product-prop line-limit-length\"><span\n                                        class=\"property-title\">Nominali talpa:&nbsp;<\/span><span\n                                        class=\"property-desc line-limit-length\">292Wh\/80000mAh<\/span>\n                            <\/li>\n<li class=\"product-prop line-limit-length\"><span\n                                        class=\"property-title\">Modelio numeris:&nbsp;<\/span><span\n                                        class=\"property-desc line-limit-length\">A301<\/span>\n                            <\/li>\n<li class=\"product-prop line-limit-length\"><span\n                                        class=\"property-title\">Tipas:&nbsp;<\/span><span\n                                        class=\"property-desc line-limit-length\">Li\u010dio jon\u0173 akumuliatorius<\/span>\n                            <\/li>\n<li class=\"product-prop line-limit-length\"><span\n                                        class=\"property-title\">Rinkinio tipas:&nbsp;<\/span><span\n                                        class=\"property-desc line-limit-length\">\u012ekrovikli\u0173 rinkiniai<\/span>\n                            <\/li>\n<li class=\"product-prop line-limit-length\"><span\n                                        class=\"property-title\">Prek\u0117s \u017eenklas:&nbsp;<\/span><span\n                                        class=\"property-desc line-limit-length\">Flashfish<\/span>\n                            <\/li>\n<li class=\"product-prop line-limit-length\"><span\n                                        class=\"property-title\">Tipas:&nbsp;<\/span><span\n                                        class=\"property-desc line-limit-length\">Ne\u0161iojama elektrin\u0117<\/span>\n                            <\/li>\n<li class=\"product-prop line-limit-length\"><span\n                                        class=\"property-title\">Modelis:&nbsp;<\/span><span\n                                        class=\"property-desc line-limit-length\">A301<\/span>\n                            <\/li>\n<li class=\"product-prop line-limit-length\"><span\n                                        class=\"property-title\">Talpa:&nbsp;<\/span><span\n                                        class=\"property-desc line-limit-length\">292Wh\/80000mAh<\/span>\n                            <\/li>\n<li class=\"product-prop line-limit-length\"><span\n                                        class=\"property-title\">AC output:&nbsp;<\/span><span\n                                        class=\"property-desc line-limit-length\">320W rated<\/span>\n                            <\/li>\n<li class=\"product-prop line-limit-length\"><span\n                                        class=\"property-title\">DC output:&nbsp;<\/span><span\n                                        class=\"property-desc line-limit-length\">12V-16.8V\/10A (max)<\/span>\n                            <\/li>\n<li class=\"product-prop line-limit-length\"><span\n                                        class=\"property-title\">PD Type-C:&nbsp;<\/span><span\n                                        class=\"property-desc line-limit-length\">100W<\/span>\n                            <\/li>\n<li class=\"product-prop line-limit-length\"><span\n                                        class=\"property-title\">Baterija:&nbsp;<\/span><span\n                                        class=\"property-desc line-limit-length\">292Wh Li-ion battery<\/span>\n                            <\/li>\n<li class=\"product-prop line-limit-length\"><span\n                                        class=\"property-title\">Ki\u0161tuko tipas:&nbsp;<\/span><span\n                                        class=\"property-desc line-limit-length\">EU Plug<\/span>\n                            <\/li>\n<li class=\"product-prop line-limit-length\"><span\n                                        class=\"property-title\">1-oji savyb\u0117:&nbsp;<\/span><span\n                                        class=\"property-desc line-limit-length\">camping<\/span>\n                            <\/li>\n<li class=\"product-prop line-limit-length\"><span\n                                        class=\"property-title\">2 funkcijos:&nbsp;<\/span><span\n                                        class=\"property-desc line-limit-length\">ne\u0161iojama elektrin\u0117<\/span>\n                            <\/li>\n<li class=\"product-prop line-limit-length\"><span\n                                        class=\"property-title\">03 funkcijos:&nbsp;<\/span><span\n                                        class=\"property-desc line-limit-length\">elektrin\u0117<\/span>\n                            <\/li>\n<li class=\"product-prop line-limit-length\"><span\n                                        class=\"property-title\">04 funkcijos:&nbsp;<\/span><span\n                                        class=\"property-desc line-limit-length\">portable camping battery<\/span>\n                            <\/li>\n<li class=\"product-prop line-limit-length\"><span\n                                        class=\"property-title\">05 funkcijos:&nbsp;<\/span><span\n                                        class=\"property-desc line-limit-length\">portable generator<\/span>\n                            <\/li>\n<li class=\"product-prop line-limit-length\"><span\n                                        class=\"property-title\">06 funkcijos:&nbsp;<\/span><span\n                                        class=\"property-desc line-limit-length\">power stations<\/span>\n                            <\/li>\n<li class=\"product-prop line-limit-length\"><span\n                                        class=\"property-title\">7 funkcijos:&nbsp;<\/span><span\n                                        class=\"property-desc line-limit-length\">solar charging<\/span>\n                            <\/li>\n<\/ul><\/div>\n<p><\/p>\n<div id=\"nav-description\" style=\"font-family:&quot;TT Norms Pro&quot;, &quot;Open Sans&quot;, Roboto, Arial, Helvetica, sans-serif, SimSun;font-size:14px;font-weight:400;letter-spacing:normal;text-align:start;white-space:normal;color:rgb(34, 34, 34);margin:-156px 0px 0px;margin-bottom:0px;margin-top:-156px;margin-left:0px;margin-right:0px;padding:156px 0px 0px;padding-bottom:0px;padding-top:156px;padding-left:0px;padding-right:0px;box-sizing:border-box\" class=\"description--wrap--LscZ0He\" align=\"start\">\n<div style=\"margin:0px;margin-bottom:0px;margin-top:0px;margin-left:0px;margin-right:0px;padding:0px;padding-bottom:0px;padding-top:0px;padding-left:0px;padding-right:0px;box-sizing:border-box\">\n<div style=\"margin:0px;margin-bottom:0px;margin-top:0px;margin-left:0px;margin-right:0px;padding:0px;padding-bottom:0px;padding-top:0px;padding-left:0px;padding-right:0px;overflow:hidden;position:relative;box-sizing:border-box\" class=\"extend--content--VuIQZia\">\n<div style=\"margin:0px;margin-bottom:0px;margin-top:0px;margin-left:0px;margin-right:0px;padding:0px;padding-bottom:0px;padding-top:0px;padding-left:0px;padding-right:0px;box-sizing:border-box\">\n<div id=\"product-description\" style=\"margin:0px;margin-bottom:0px;margin-top:0px;margin-left:0px;margin-right:0px;padding:0px;padding-bottom:0px;padding-top:0px;padding-left:0px;padding-right:0px;max-width:944px;overflow:hidden;position:relative;box-sizing:border-box\" class=\"description--product-description--Mjtql28\">\n<div style=\"margin:0px;margin-bottom:0px;margin-top:0px;margin-left:0px;margin-right:0px;padding:0px;padding-bottom:0px;padding-top:0px;padding-left:0px;padding-right:0px;box-sizing:border-box\" class=\"description--origin-part--rWy05pE\">\n<p style=\"line-height:inherit;margin:0px;margin-bottom:0px;margin-top:0px;margin-left:0px;margin-right:0px;padding:0px;padding-bottom:0px;padding-top:0px;padding-left:0px;padding-right:0px;box-sizing:border-box\"><span style=\"font-size:24px\"><strong>Svarbiausi dalykai:<\/strong><\/span><\/p>\n<ul style=\"font-family:&quot;Microsoft YaHei&quot;;font-size:medium;font-weight:400;letter-spacing:normal;text-align:start;white-space:normal;color:rgb(0, 0, 0);margin:0px 0px 10px;margin-bottom:10px;margin-top:0px;margin-left:0px;margin-right:0px;padding:0px;padding-bottom:0px;padding-top:0px;padding-left:0px;padding-right:0px;list-style:disc;box-sizing:border-box\" class=\"clearfix\" align=\"start\">\n<li style=\"font-size:14px;margin:0px 10px 0px 0px;margin-bottom:0px;margin-top:0px;margin-left:0px;margin-right:10px;padding:0px 0px 0px 18px;padding-bottom:0px;padding-top:0px;padding-left:18px;padding-right:0px;list-style:none;position:relative;float:left;box-sizing:border-box\">\n<p style=\"line-height:inherit;margin:0px;margin-bottom:0px;margin-top:0px;margin-left:0px;margin-right:0px;padding:0px;padding-bottom:0px;padding-top:0px;padding-left:0px;padding-right:0px;box-sizing:border-box\"><strong>Multiple Outputs Backup Power Fulfill Your Needs<\/strong><br \/>Features 1 x PURE SINE WAVE AC outlet, 1 x 100W USB-C port, 2 x DC ports, 2 x USB-A ports, 1* QC3.0 port, and 1 x wireless charging pad. The battery generator can power many devices at the same time.<\/p>\n<p><strong>1 x AC Outputs and 292Wh Capacity Backup Power<\/strong><br \/>With its 292Wh\/80000mmAh capacity and 320W pure sine wave AC outlet, Flashfish A301 can power devices under 320W, such as laptops, drones, TV small freezers, small fans, etc.; As a 292Wh backup lithium battery, the A301 provides enough juice to run essential devices for hours, depending on the actual output.<\/p>\n<p><strong>PD 100W PorT<\/strong><br \/>Flashfish A301 could deliver 100W max via the PD USB-C consistently, making it powerful enough to Type-C port electronic devices super-super-fast, it means your phone\/pad\/laptop will reach 80% power within half an hour.<\/p>\n<p><strong>LED Lighting With 6 Modes<\/strong><br \/>The built-in LED light is very helpful to explore an unfamiliar place, night camping, or emergency situation. Includes Read Light Mode(3 brightness), SOS Mode(SOS flashing\/Strobe Mode), and Spot Light Mode.<\/p>\n<p><strong>Fully Charged In 3.5 Hours Portable Power Station<\/strong><br \/>It takes only 3.5 hours to fully charge the power station through the AC wall charger and 100W PD Type-c port simultaneously (PD Charging Cable Included). Moreover, Flashfish A301 could be charged individually with AC adapter\/cigarette lighter adapter\/PD-Type-c\/Solar panel.<\/p>\n<\/li>\n<\/ul>\n<p style=\"line-height:inherit;margin:0px;margin-bottom:0px;margin-top:0px;margin-left:0px;margin-right:0px;padding:0px;padding-bottom:0px;padding-top:0px;padding-left:0px;padding-right:0px;box-sizing:border-box\"><\/p>\n<p style=\"line-height:inherit;margin:0px;margin-bottom:0px;margin-top:0px;margin-left:0px;margin-right:0px;padding:0px;padding-bottom:0px;padding-top:0px;padding-left:0px;padding-right:0px;box-sizing:border-box\"><span style=\"font-size:24px\"><strong>Specifikacija:<\/strong><\/span><\/p>\n<ul style=\"font-family:&quot;Microsoft YaHei&quot;;font-size:medium;font-weight:400;letter-spacing:normal;text-align:start;white-space:normal;color:rgb(0, 0, 0);margin:0px 0px 10px;margin-bottom:10px;margin-top:0px;margin-left:0px;margin-right:0px;padding:0px;padding-bottom:0px;padding-top:0px;padding-left:0px;padding-right:0px;list-style:disc;box-sizing:border-box\" class=\"clearfix\" align=\"start\">\n<li style=\"font-size:14px;margin:0px 10px 0px 0px;margin-bottom:0px;margin-top:0px;margin-left:0px;margin-right:10px;padding:0px 0px 0px 18px;padding-bottom:0px;padding-top:0px;padding-left:18px;padding-right:0px;list-style:none;position:relative;float:left;box-sizing:border-box\">\n<table style=\"border-collapse:collapse;width:1000px\" class=\"jbEidtTable\" border=\"1\" cellpadding=\"5\" cellspacing=\"0\">\n<tbody>\n<tr>\n<td style=\"font-size:14px;text-align:left\" align=\"left\">\n<p style=\"line-height:inherit;margin:0px;margin-bottom:0px;margin-top:0px;margin-left:0px;margin-right:0px;padding:0px;padding-bottom:0px;padding-top:0px;padding-left:0px;padding-right:0px;box-sizing:border-box\"><strong>Bendra<\/strong><\/p>\n<\/td>\n<td style=\"font-size:14px;text-align:left\" align=\"left\">\n<p style=\"line-height:inherit;margin:0px;margin-bottom:0px;margin-top:0px;margin-left:0px;margin-right:0px;padding:0px;padding-bottom:0px;padding-top:0px;padding-left:0px;padding-right:0px;box-sizing:border-box\">Prek\u0117s \u017eenklas: Flashfish<br \/>Tipas: Ne\u0161iojama elektrin\u0117<br \/>Model: A301<\/p>\n<\/td>\n<\/tr>\n<tr>\n<td style=\"font-size:14px;text-align:left\" align=\"left\">\n<p style=\"line-height:inherit;margin:0px;margin-bottom:0px;margin-top:0px;margin-left:0px;margin-right:0px;padding:0px;padding-bottom:0px;padding-top:0px;padding-left:0px;padding-right:0px;box-sizing:border-box\"><strong>Specifikacija<\/strong><\/p>\n<\/td>\n<td style=\"font-size:14px;text-align:left\" align=\"left\">\n<p style=\"line-height:inherit;margin:0px;margin-bottom:0px;margin-top:0px;margin-left:0px;margin-right:0px;padding:0px;padding-bottom:0px;padding-top:0px;padding-left:0px;padding-right:0px;box-sizing:border-box\">Talpa: 292 Wh \/ 80000 mAh<br \/>Kintamosios srov\u0117s i\u0161vestis: 320 W nominalioji galia<br \/>Nuolatin\u0117s srov\u0117s i\u0161vestis: 12\u201316,8 V \/ 10 A (maks.)<br \/>PD C tipo: 100 W<br \/>QC 3.0: 5\u201312 V \/ 3 A<br \/>\u012eprasta USB i\u0161vestis: 5 V \/ 2,4 A i\u0161vestis<br \/>Baterija: 292 Wh li\u010dio jon\u0173 baterija<br \/>Belaidis \u012fkroviklis: 10 W<br \/>Ki\u0161tuko tipas: ES ki\u0161tukas<\/p>\n<\/td>\n<\/tr>\n<tr>\n<td style=\"font-size:14px;text-align:left\" align=\"left\">\n<p style=\"line-height:inherit;margin:0px;margin-bottom:0px;margin-top:0px;margin-left:0px;margin-right:0px;padding:0px;padding-bottom:0px;padding-top:0px;padding-left:0px;padding-right:0px;box-sizing:border-box\"><strong>Svoris ir dydis<\/strong><\/p>\n<\/td>\n<td style=\"font-size:14px;text-align:left\" align=\"left\">\n<p style=\"line-height:inherit;margin:0px;margin-bottom:0px;margin-top:0px;margin-left:0px;margin-right:0px;padding:0px;padding-bottom:0px;padding-top:0px;padding-left:0px;padding-right:0px;box-sizing:border-box\">Package Weight: 4.15kg<br \/>Package Size(L x W x H): 28&#215;27.5&#215;19.5cm<\/p>\n<\/td>\n<\/tr>\n<tr>\n<td style=\"font-size:14px;text-align:left\" align=\"left\">\n<p style=\"line-height:inherit;margin:0px;margin-bottom:0px;margin-top:0px;margin-left:0px;margin-right:0px;padding:0px;padding-bottom:0px;padding-top:0px;padding-left:0px;padding-right:0px;box-sizing:border-box\"><strong>Pakuot\u0117s turinys<\/strong><\/p>\n<\/td>\n<td style=\"font-size:14px;text-align:left\" align=\"left\">\n<p style=\"line-height:inherit;margin:0px;margin-bottom:0px;margin-top:0px;margin-left:0px;margin-right:0px;padding:0px;padding-bottom:0px;padding-top:0px;padding-left:0px;padding-right:0px;box-sizing:border-box\">1 x Power Station<br \/>1 x AC Adapter<br \/>1 x kintamosios srov\u0117s \u012fkrovimo laidas<br \/>1 x Car Charging Adapter<br \/>1 x automobilio \u012fkrovimo laidas<br \/>1 x PD charging cable<br \/>1 x Naudotojo vadovas<\/p>\n<\/td>\n<\/tr>\n<\/tbody>\n<\/table>\n<\/li>\n<\/ul>\n<p style=\"line-height:inherit;margin:0px;margin-bottom:0px;margin-top:0px;margin-left:0px;margin-right:0px;padding:0px;padding-bottom:0px;padding-top:0px;padding-left:0px;padding-right:0px;box-sizing:border-box\"><img decoding=\"async\" style=\"border:0px;margin:0px;margin-bottom:0px;margin-top:0px;margin-left:0px;margin-right:0px;padding:0px;padding-bottom:0px;padding-top:0px;padding-left:0px;padding-right:0px;max-width:100%;box-sizing:border-box\" src=\"https:\/\/ae01.alicdn.com\/kf\/Sa81f75801d0d4840821a90b3201f7e06U.jpg\" slate-data-type=\"image\"\/><img decoding=\"async\" style=\"border:0px;margin:0px;margin-bottom:0px;margin-top:0px;margin-left:0px;margin-right:0px;padding:0px;padding-bottom:0px;padding-top:0px;padding-left:0px;padding-right:0px;max-width:100%;box-sizing:border-box\" src=\"https:\/\/ae01.alicdn.com\/kf\/S29cb8198190d493883325e12175fa874U.jpg\" slate-data-type=\"image\"\/><img decoding=\"async\" style=\"border:0px;margin:0px;margin-bottom:0px;margin-top:0px;margin-left:0px;margin-right:0px;padding:0px;padding-bottom:0px;padding-top:0px;padding-left:0px;padding-right:0px;max-width:100%;box-sizing:border-box\" src=\"https:\/\/ae01.alicdn.com\/kf\/S8c60e1de74bf43e8892b602abae0ad35N.jpg\" slate-data-type=\"image\"\/><img decoding=\"async\" style=\"border:0px;margin:0px;margin-bottom:0px;margin-top:0px;margin-left:0px;margin-right:0px;padding:0px;padding-bottom:0px;padding-top:0px;padding-left:0px;padding-right:0px;max-width:100%;box-sizing:border-box\" src=\"https:\/\/ae01.alicdn.com\/kf\/S46df06372bf14d66af79465a18ed3b8bA.jpg\" slate-data-type=\"image\"\/><img decoding=\"async\" style=\"border:0px;margin:0px;margin-bottom:0px;margin-top:0px;margin-left:0px;margin-right:0px;padding:0px;padding-bottom:0px;padding-top:0px;padding-left:0px;padding-right:0px;max-width:100%;box-sizing:border-box\" src=\"https:\/\/ae01.alicdn.com\/kf\/Sa13f08ab06be446ea83b7a659c5a1f68D.jpg\" slate-data-type=\"image\"\/><img decoding=\"async\" style=\"border:0px;margin:0px;margin-bottom:0px;margin-top:0px;margin-left:0px;margin-right:0px;padding:0px;padding-bottom:0px;padding-top:0px;padding-left:0px;padding-right:0px;max-width:100%;box-sizing:border-box\" src=\"https:\/\/ae01.alicdn.com\/kf\/Sc8d4f3decd3d43618ed6d623683bf698y.jpg\" slate-data-type=\"image\"\/><img decoding=\"async\" style=\"border:0px;margin:0px;margin-bottom:0px;margin-top:0px;margin-left:0px;margin-right:0px;padding:0px;padding-bottom:0px;padding-top:0px;padding-left:0px;padding-right:0px;max-width:100%;box-sizing:border-box\" src=\"https:\/\/ae01.alicdn.com\/kf\/Sbdf8e29cf633433b8ce7ecaf807b393d2.jpg\" slate-data-type=\"image\"\/><img decoding=\"async\" style=\"border:0px;margin:0px;margin-bottom:0px;margin-top:0px;margin-left:0px;margin-right:0px;padding:0px;padding-bottom:0px;padding-top:0px;padding-left:0px;padding-right:0px;max-width:100%;box-sizing:border-box\" src=\"https:\/\/ae01.alicdn.com\/kf\/S36265f1a6f974b47acb7e187d6260027e.jpg\" slate-data-type=\"image\"\/><img decoding=\"async\" style=\"border:0px;margin:0px;margin-bottom:0px;margin-top:0px;margin-left:0px;margin-right:0px;padding:0px;padding-bottom:0px;padding-top:0px;padding-left:0px;padding-right:0px;max-width:100%;box-sizing:border-box\" src=\"https:\/\/ae01.alicdn.com\/kf\/S86b70f701f8c4e7fb1b54c8ebcc5908c5.jpg\" slate-data-type=\"image\"\/><img decoding=\"async\" style=\"border:0px;margin:0px;margin-bottom:0px;margin-top:0px;margin-left:0px;margin-right:0px;padding:0px;padding-bottom:0px;padding-top:0px;padding-left:0px;padding-right:0px;max-width:100%;box-sizing:border-box\" src=\"https:\/\/ae01.alicdn.com\/kf\/Sc7f37d65d2b94178a55aeef374042cc9m.jpg\" slate-data-type=\"image\"\/><img decoding=\"async\" style=\"border:0px;margin:0px;margin-bottom:0px;margin-top:0px;margin-left:0px;margin-right:0px;padding:0px;padding-bottom:0px;padding-top:0px;padding-left:0px;padding-right:0px;max-width:100%;box-sizing:border-box\" src=\"https:\/\/ae01.alicdn.com\/kf\/Sf349ee68284f4080bfc03ff97d7b43cev.jpg\" slate-data-type=\"image\"\/><img decoding=\"async\" style=\"border:0px;margin:0px;margin-bottom:0px;margin-top:0px;margin-left:0px;margin-right:0px;padding:0px;padding-bottom:0px;padding-top:0px;padding-left:0px;padding-right:0px;max-width:100%;box-sizing:border-box\" src=\"https:\/\/ae01.alicdn.com\/kf\/Sec3b0d05079e4850862b856084f52d12H.jpg\" slate-data-type=\"image\"\/><\/p>\n<\/div>\n<\/div>\n<\/div>\n<\/div>\n<\/div>\n<\/div>\n<p><\/p>","protected":false},"excerpt":{"rendered":"<p>Application:&nbsp;Solar Power Storage Nominal Capacity:&nbsp;292Wh\/80000mAh Model Number:&nbsp;A301 Type:&nbsp;Li-Ion Set Type:&nbsp;Charger Sets Brand:&nbsp;Flashfish Type:&nbsp;Portable Power Station Model:&nbsp;A301 Capacity:&nbsp;292Wh\/80000mAh AC output:&nbsp;320W rated DC output:&nbsp;12V-16.8V\/10A (max) PD Type-C:&nbsp;100W Battery:&nbsp;292Wh Li-ion battery Plug Type:&nbsp;EU<\/p>","protected":false},"featured_media":21659,"comment_status":"open","ping_status":"closed","template":"","meta":{"_acf_changed":false},"product_brand":[],"product_cat":[515],"product_tag":[],"class_list":{"0":"post-21658","1":"product","2":"type-product","3":"status-publish","4":"has-post-thumbnail","6":"product_cat-portable-power-stations","8":"first","9":"instock","10":"shipping-taxable","11":"purchasable","12":"product-type-simple"},"acf":[],"_links":{"self":[{"href":"https:\/\/electricstore.eu\/lt\/wp-json\/wp\/v2\/product\/21658","targetHints":{"allow":["GET"]}}],"collection":[{"href":"https:\/\/electricstore.eu\/lt\/wp-json\/wp\/v2\/product"}],"about":[{"href":"https:\/\/electricstore.eu\/lt\/wp-json\/wp\/v2\/types\/product"}],"replies":[{"embeddable":true,"href":"https:\/\/electricstore.eu\/lt\/wp-json\/wp\/v2\/comments?post=21658"}],"wp:featuredmedia":[{"embeddable":true,"href":"https:\/\/electricstore.eu\/lt\/wp-json\/wp\/v2\/media\/21659"}],"wp:attachment":[{"href":"https:\/\/electricstore.eu\/lt\/wp-json\/wp\/v2\/media?parent=21658"}],"wp:term":[{"taxonomy":"product_brand","embeddable":true,"href":"https:\/\/electricstore.eu\/lt\/wp-json\/wp\/v2\/product_brand?post=21658"},{"taxonomy":"product_cat","embeddable":true,"href":"https:\/\/electricstore.eu\/lt\/wp-json\/wp\/v2\/product_cat?post=21658"},{"taxonomy":"product_tag","embeddable":true,"href":"https:\/\/electricstore.eu\/lt\/wp-json\/wp\/v2\/product_tag?post=21658"}],"curies":[{"name":"wp","href":"https:\/\/api.w.org\/{rel}","templated":true}]}}