{"id":21621,"date":"2025-05-20T18:20:28","date_gmt":"2025-05-20T18:20:28","guid":{"rendered":"https:\/\/electricstore.eu\/p\/uncategorized\/eleglide-mopride-3-adult-electric-bike-250w-48v-12ah-upgraded-version-29-mountain-urban-bicycle-hydraulic-disc-brake-e-brake\/"},"modified":"2025-05-20T18:20:28","modified_gmt":"2025-05-20T18:20:28","slug":"eleglide-mopride-3-adult-electric-bike-250w-48v-12ah-upgraded-version-29-mountain-urban-bicycle-hydraulic-disc-brake-e-brake","status":"publish","type":"product","link":"https:\/\/electricstore.eu\/lt\/p\/bikes\/eleglide-mopride-3-adult-electric-bike-250w-48v-12ah-upgraded-version-29-mountain-urban-bicycle-hydraulic-disc-brake-e-brake\/","title":{"rendered":"\u201eEglide Mopride 3\u201c elektrinis suaugusi\u0173j\u0173 dviratis, 250 W, 48 V, 12 Ah, patobulinta versija, 29 coli\u0173 kaln\u0173 miesto dviratis, hidrauliniai diskiniai stabd\u017eiai ir el. stabd\u017eiai"},"content":{"rendered":"<div class=\"product-specs-list-container\">\n<ul class=\"product-specs-list util-clearfix\">\n<li class=\"product-prop line-limit-length\"><span\n                                        class=\"property-title\">Dvira\u010di\u0173 pakabos tipai:&nbsp;<\/span><span\n                                        class=\"property-desc line-limit-length\">Tvirtas<\/span>\n                            <\/li>\n<li class=\"product-prop line-limit-length\"><span\n                                        class=\"property-title\">Stabd\u017ei\u0173 sistema:&nbsp;<\/span><span\n                                        class=\"property-desc line-limit-length\">Priekinis ir galinis mechaninis diskinis stabdys<\/span>\n                            <\/li>\n<li class=\"product-prop line-limit-length\"><span\n                                        class=\"property-title\">Rat\u0173 dydis:&nbsp;<\/span><span\n                                        class=\"property-desc line-limit-length\">29&#039;&#039;<\/span>\n                            <\/li>\n<li class=\"product-prop line-limit-length\"><span\n                                        class=\"property-title\">Prek\u0117s \u017eenklas:&nbsp;<\/span><span\n                                        class=\"property-desc line-limit-length\">Eleglidas<\/span>\n                            <\/li>\n<li class=\"product-prop line-limit-length\"><span\n                                        class=\"property-title\">Modelis:&nbsp;<\/span><span\n                                        class=\"property-desc line-limit-length\">Mopride 3<\/span>\n                            <\/li>\n<li class=\"product-prop line-limit-length\"><span\n                                        class=\"property-title\">I\u0161skleisto dydis:&nbsp;<\/span><span\n                                        class=\"property-desc line-limit-length\">1900 x 730 x 1100 mm<\/span>\n                            <\/li>\n<li class=\"product-prop line-limit-length\"><span\n                                        class=\"property-title\">R\u0117mo dydis:&nbsp;<\/span><span\n                                        class=\"property-desc line-limit-length\">29&quot; x 19&quot;<\/span>\n                            <\/li>\n<li class=\"product-prop line-limit-length\"><span\n                                        class=\"property-title\">Maksimali dvira\u010dio apkrova:&nbsp;<\/span><span\n                                        class=\"property-desc line-limit-length\">120 kg<\/span>\n                            <\/li>\n<li class=\"product-prop line-limit-length\"><span\n                                        class=\"property-title\">Ribinis greitis:&nbsp;<\/span><span\n                                        class=\"property-desc line-limit-length\">25 km\/val.<\/span>\n                            <\/li>\n<li class=\"product-prop line-limit-length\"><span\n                                        class=\"property-title\">Maksimalus diapazonas:&nbsp;<\/span><span\n                                        class=\"property-desc line-limit-length\">120 km (pagalbinis re\u017eimas)<\/span>\n                            <\/li>\n<li class=\"product-prop line-limit-length\"><span\n                                        class=\"property-title\">Nominali galia \/ \u012ftampa:&nbsp;<\/span><span\n                                        class=\"property-desc line-limit-length\">250 W \/ 48 V<\/span>\n                            <\/li>\n<li class=\"product-prop line-limit-length\"><span\n                                        class=\"property-title\">Dydis:&nbsp;<\/span><span\n                                        class=\"property-desc line-limit-length\">29&quot; x 2,4&quot;<\/span>\n                            <\/li>\n<li class=\"product-prop line-limit-length\"><span\n                                        class=\"property-title\">\u012ekrovimo laikas:&nbsp;<\/span><span\n                                        class=\"property-desc line-limit-length\">6 val.<\/span>\n                            <\/li>\n<\/ul><\/div>\n<p style=\"font-family:&quot;Noto Sans SC&quot;;font-size:medium;font-weight:400;letter-spacing:normal;text-align:start;white-space:normal;color:rgb(0, 0, 0)\" align=\"start\"><span style=\"font-size:x-large\">Svarbiausi dalykai<\/span><\/p>\n<p><\/p>\n<p style=\"font-family:&quot;Noto Sans SC&quot;;font-size:medium;font-weight:400;letter-spacing:normal;text-align:start;white-space:normal;color:rgb(0, 0, 0)\" align=\"start\"><strong>Stabilumas visuose reljefuose<br \/><\/strong>\u201eMopride 3\u201c elektrinis dviratis sukurtas nuotykiams. Jis pasi\u017eymi atleti\u0161ku r\u0117mu ir 29 coli\u0173 \u00d7 2,4 coli\u0173 kaln\u0173 padangomis, specialiai sukurtomis kaln\u0173 takams ir sud\u0117tingoms vietov\u0117ms, u\u017etikrinan\u010diomis dinami\u0161k\u0105 ir jaudinan\u010di\u0105 va\u017eiavimo patirt\u012f. Be to, dviratis turi 80 mm eigos pakab\u0105 su blokavimu, skirt\u0105 amortizuoti sm\u016bgius ir pagerinti priekin\u0117s dalies stabilum\u0105, u\u017etikrinant optimal\u0173 va\u017eiavimo efektyvum\u0105 bet kokio tipo vietov\u0117je. Papildytas 29 coli\u0173 ratais, dviratis puikiai tinka auk\u0161tesniems nei 175 cm (5&#039;8&quot;) \u016bgio dviratininkams, si\u016blydamas patog\u0173 ir kontroliuojam\u0105 va\u017eiavim\u0105, kuris skland\u017eiai prisitaiko prie dvira\u010dio dizaino ir naudotojo poreiki\u0173.<strong><\/p>\n<p>Hidrauliniai diskiniai stabd\u017eiai didesniam saugumui<br \/><\/strong>\u201eMopride 3\u201c su hidrauliniais diskiniais stabd\u017eiais u\u017etikrina galing\u0105 ir stabil\u0173 stabdym\u0105, tod\u0117l stabdymas sklandus ir efektyvus. Stabdymo kelias yra 30% trumpesnis nei mechanini\u0173 diskini\u0173 stabd\u017ei\u0173, tod\u0117l va\u017eiavimas bekele yra saugesnis ir patikimesnis.<strong><\/p>\n<p>Ilgai veikianti baterija ilgiems nuotykiams<br \/><\/strong>Elektrinis dviratis apr\u016bpintas didel\u0117s talpos 576 Wh baterija, u\u017etikrinan\u010dia \u012fsp\u016bding\u0105 daugiau nei 100 km atstum\u0105 vienu \u012fkrovimu \u2013 idealiai tinka ilg\u0173 atstum\u0173 tyrin\u0117jimams. Nuimamas akumuliatorius u\u017etikrina paprast\u0105 \u012fkrovim\u0105, tod\u0117l j\u016bs\u0173 kelion\u0117s bus nepertraukiamos ir paruo\u0161tos veiksmui. Dar didesniems nuotykiams galima \u012fsigyti papildom\u0105 baterij\u0105, kuri padidins j\u016bs\u0173 atstum\u0105 ir leis jums va\u017eiuoti toliau bei tyrin\u0117ti daugiau be apribojim\u0173.<strong><\/p>\n<p>Galingas ir sklandus va\u017eiavimas<br \/><\/strong>48 V variklio sistema u\u017etikrina 250 W maksimali\u0105 gali\u0105 ir 50 Nm sukimo moment\u0105, u\u017etikrindama patikim\u0105 na\u0161um\u0105 va\u017eiuojant \u012fkaln\u0117n ir atlaikant sunkius krovinius (iki 120 kg). D\u0117l didelio tikslumo 12 magnet\u0173 mynimo da\u017enio jutiklio su 5 pedal\u0173 pagalbos lygiais (12\/15\/18\/21\/25 km\/h) ir \u201eShimano\u201c 7 pavar\u0173 perjungimo mechanizmo \u201eMopride 3\u201c el. dviratis u\u017etikrina skland\u017ei\u0105 ir reaguojan\u010di\u0105 pedal\u0173 pagalb\u0105, perduodamas signalus 12 kart\u0173 per rat\u0105, tod\u0117l kiekviena va\u017eiavimas tampa lengvas ir malonus.<strong><\/p>\n<p>Patobulintas \u201eSafeNight Riding\u201c ekranas, i\u0161manusis LCD ekranas ir valdymas program\u0117l\u0117mis<br \/><\/strong>\u0160is elektrinis dviratis su ES \u201eStVZO\u201c sertifikuotais priekiniais \u017eibintais ir galiniais \u017eibintais u\u017etikrina puik\u0173 matomum\u0105 ir saugum\u0105 esant prastam ap\u0161vietimui. LCD ekrane pateikiama ai\u0161ki ir lengvai \u012fskaitoma informacija, tod\u0117l visada esate informuoti apie savo va\u017eiavim\u0105. Be to, dvirat\u012f galite valdyti naudodami \u201eEglide\u201c program\u0117l\u0119 telefone. \u0160i i\u0161manioji program\u0117l\u0117 leid\u017eia \u012fjungti papildomas funkcijas, pvz., u\u017erakinti dvirat\u012f, nustatyti slapta\u017eod\u012f ir reguliuoti ekrano i\u0161sijungimo laik\u0105, kad gal\u0117tum\u0117te kuo geriau i\u0161naudoti savo va\u017eiavim\u0105.<\/p>\n<p><\/p>\n<h2 style=\"font-family:&quot;Noto Sans SC&quot;;font-size:14px;letter-spacing:normal;text-align:start;white-space:normal;color:rgb(0, 0, 0);margin:10px 0px;margin-bottom:10px;margin-top:10px;margin-left:0px;margin-right:0px;padding:0px;padding-bottom:0px;padding-top:0px;padding-left:0px;padding-right:0px\" align=\"start\">Specifikacija<\/h2>\n<p><\/p>\n<table style=\"border-collapse:collapse;font-family:&quot;Noto Sans SC&quot;\" border=\"1\" cellpadding=\"8\">\n<tbody>\n<tr>\n<td style=\"width:101px\" width=\"101\">\n<p>Bendra<\/p>\n<\/td>\n<td style=\"width:445px\" width=\"445\">\n<p>Prek\u0117s \u017eenklas: Elegide<br \/>Modelis: Mopride 3<br \/>Spalva: Tamsiai m\u0117lyna<\/p>\n<\/td>\n<\/tr>\n<tr>\n<td style=\"width:101px\" width=\"101\">\n<p>Pagrindin\u0117 specifikacija.<\/p>\n<\/td>\n<td style=\"width:445px\" width=\"445\">\n<p>Grynasis svoris: 27 kg<br \/>I\u0161skleisto matmenys: 1900x730x1100 mm<br \/>R\u0117mo dydis: 29&quot; x 19&quot;<br \/>Vairo plotis: 720 mm<br \/>Rekomenduojamas motociklininko \u016bgis: 165\u2013200 cm (5&#039; 5&quot;\u20136&#039; 7&quot;)<br \/>Maksimali dvira\u010dio apkrova: 120 kg<br \/>Ribinis greitis: 25 km\/h<br \/>Maksimalus nuva\u017eiuojamas atstumas: 120 km (pagalbinis re\u017eimas)<br \/>PAS lygiai: 12\/15\/18\/21\/25 km\/h (1\u20135 lygis)<br \/>\u0116jimo re\u017eimas: 6 km\/val.<br \/>Atsparumo vandeniui lygis: IPX4<br \/>Med\u017eiaga: aliuminio lydinys<br \/>Stabd\u017ei\u0173 sistema: hidraulinis diskinis stabdys ir elektroninis stabdys<br \/>Pakaba: Pakaba su blokavimu<br \/>Pakabos eiga: 80 mm<\/p>\n<\/td>\n<\/tr>\n<tr>\n<td style=\"width:101px\" width=\"101\">\n<p>Variklis<\/p>\n<\/td>\n<td style=\"width:445px\" width=\"445\">\n<p>Nominali galia \/ \u012ftampa: 250 W \/ 48 V<br \/>Maksimalus i\u0161\u0117jimo sukimo momentas: 50 Nm<\/p>\n<\/td>\n<\/tr>\n<tr>\n<td style=\"width:101px\" width=\"101\">\n<p>Pavar\u0173 perjungiklis<\/p>\n<\/td>\n<td style=\"width:445px\" width=\"445\">\n<p>Prek\u0117s \u017eenklas: Shimano<br \/>Pavar\u0173 perjungimo svir\u010di\u0173 skai\u010dius: 7 (galinis)<\/p>\n<\/td>\n<\/tr>\n<tr>\n<td style=\"width:101px\" width=\"101\">\n<p>Baterija<\/p>\n<\/td>\n<td style=\"width:445px\" width=\"445\">\n<p>Talpa: 12 Ah<br \/>\u012etampa: 48 V<br \/>\u012ekrovimo laikas: 6 val.<br \/>Maitinimo talpa: 576 Wh<br \/>Apsaugos sistema: Taip<\/p>\n<\/td>\n<\/tr>\n<tr>\n<td style=\"width:101px\" width=\"101\">\n<p>Padangos<\/p>\n<\/td>\n<td style=\"width:445px\" width=\"445\">\n<p>Dydis: 29&quot; x 2,4&quot;<br \/>Tipas, med\u017eiaga: pneumatin\u0117s gumin\u0117s padangos<br \/>Padang\u0173 sl\u0117gis: 30\u201345 PSI<br \/>Geriausias padang\u0173 sl\u0117gis: 30\u201340 PSI<\/p>\n<\/td>\n<\/tr>\n<tr>\n<td style=\"width:101px\" width=\"101\">\n<p>Ekranas<\/p>\n<\/td>\n<td style=\"width:445px\" width=\"445\">\n<p>Dydis: 2,6 colio<br \/>Tipas: LCD<br \/>Informacija: greitis realiuoju laiku, pagalbos lygis, akumuliatoriaus lygis, \u0117jimo re\u017eimas, kelion\u0117s atstumas<br \/>Funkcijos: \u012fjungimas \/ i\u0161jungimas, \u0161viesos \u012fjungimas \/ i\u0161jungimas, pagalbini\u0173 lygi\u0173 perjungimas, \u0117jimo re\u017eimo \u012fjungimas ir kt.<\/p>\n<\/td>\n<\/tr>\n<tr>\n<td style=\"width:101px\" width=\"101\">\n<p>Program\u0117l\u0117<\/p>\n<\/td>\n<td style=\"width:445px\" width=\"445\">\n<p>Vardas: Eleglidas<br \/>Sistemos palaikymas: iOS (11.0+), Android (5.0+)<br \/>Funkcijos: \u0161viesos \u012fjungimas \/ i\u0161jungimas, pagalbos lygi\u0173 keitimas, dvira\u010dio u\u017erakinimas \/ atrakinimas, slapta\u017eod\u017eio nustatymas, ekrano ry\u0161kumo reguliavimas ir kt.<\/p>\n<\/td>\n<\/tr>\n<tr>\n<td style=\"width:101px\" width=\"101\">\n<p>Paketas<\/p>\n<\/td>\n<td style=\"width:445px\" width=\"445\">\n<p>Dydis: 160 x 25 x 85 cm<br \/>Bendras svoris: 34 kg<\/p>\n<\/td>\n<\/tr>\n<tr>\n<td style=\"width:101px\" width=\"101\">\n<p>Paket\u0173 s\u0105ra\u0161as<\/p>\n<\/td>\n<td style=\"width:445px\" width=\"445\">\n<p>1 x \u201eEglide\u201c dviratis<br \/>1 x Naudotojo vadovas<br \/>1 x \u012ekroviklis<br \/>2 x pedalai (kair\u0117 ir de\u0161in\u0117)<br \/>1 x \u012franki\u0173 rinkinys<br \/>2 raktai<br \/>2 x stipin\u0173 at\u0161vaitai<br \/>1 x galinis \u017eibintas<br \/>1 x Priekinis \u017eibintas<\/p>\n<\/td>\n<\/tr>\n<tr>\n<td style=\"width:546px\" width=\"546\" colspan=\"2\">\n<p>Pastaba: maksimalus atstumas pasiekiamas \u0161iomis s\u0105lygomis: pilnai \u012fkrautas, 75 kg krovinys, 26 \u2103 temperat\u016bra, 15 km\/h pastovus greitis, lygus kelias be stipraus v\u0117jo.<\/p>\n<\/td>\n<\/tr>\n<\/tbody>\n<\/table>\n<p><img decoding=\"async\" src=\"https:\/\/ae01.alicdn.com\/kf\/S7bc2ed964b234e2fa9ce5453c4dfa6200.jpeg\" slate-data-type=\"image\"\/><img decoding=\"async\" src=\"https:\/\/ae01.alicdn.com\/kf\/Sec283ba7e4ad4a4a8de849c8a8aae46aH.jpeg\" slate-data-type=\"image\"\/><img decoding=\"async\" src=\"https:\/\/ae01.alicdn.com\/kf\/Sadf576ce75c84fc586048eda58bfef30T.jpeg\" slate-data-type=\"image\"\/><img decoding=\"async\" src=\"https:\/\/ae01.alicdn.com\/kf\/S240a102db5fd4dcaa5e30a23e4155834Z.jpeg\" slate-data-type=\"image\"\/><img decoding=\"async\" src=\"https:\/\/ae01.alicdn.com\/kf\/Sa6ca59e260b148aeaef79f8c8859a565y.jpeg\" slate-data-type=\"image\"\/><img decoding=\"async\" src=\"https:\/\/ae01.alicdn.com\/kf\/S4fbe2eec7f41492b94cb5299f46a05b5J.jpeg\" slate-data-type=\"image\"\/><img decoding=\"async\" src=\"https:\/\/ae01.alicdn.com\/kf\/Sce1cc0ff380c490a986e0772c9583694D.jpeg\" slate-data-type=\"image\"\/><img decoding=\"async\" src=\"https:\/\/ae01.alicdn.com\/kf\/Sb4d04d20b79e4f2b9a5add6797b4ed23O.jpeg\" slate-data-type=\"image\"\/><img decoding=\"async\" src=\"https:\/\/ae01.alicdn.com\/kf\/Sddf190946d38475ea785e830a77e0930d.jpeg\" slate-data-type=\"image\"\/><img decoding=\"async\" src=\"https:\/\/ae01.alicdn.com\/kf\/S2d04a6352c424d7ba3ef7ed7d513b095i.jpeg\" slate-data-type=\"image\"\/><img decoding=\"async\" src=\"https:\/\/ae01.alicdn.com\/kf\/S43bc04fd4597488aa1d5dfab66be0c0aA.jpeg\" slate-data-type=\"image\"\/><img decoding=\"async\" src=\"https:\/\/ae01.alicdn.com\/kf\/Sff0847cce8954985af76d5e682a834a03.jpeg\" slate-data-type=\"image\"\/><img decoding=\"async\" src=\"https:\/\/ae01.alicdn.com\/kf\/S970e886ba1064ea4b0a1ffd2845e2e22k.jpeg\" slate-data-type=\"image\"\/><img decoding=\"async\" src=\"https:\/\/ae01.alicdn.com\/kf\/Sfd56423e04aa43d3ac2891b3a2dbbab1h.jpeg\" slate-data-type=\"image\"\/><img decoding=\"async\" src=\"https:\/\/ae01.alicdn.com\/kf\/S67ec5fb6a17e42b288e46af3ce0ca18eW.jpeg\" slate-data-type=\"image\"\/><\/p>","protected":false},"excerpt":{"rendered":"<p>Bike Suspension Types:&nbsp;Sturdy Braking System:&nbsp;Front and Rear Mechanical Disc Brake Wheel Size:&nbsp;29&#039;&#039; Brand:&nbsp;Eleglide Model:&nbsp;Mopride 3 Unfolded Size:&nbsp;1900x730x1100mm Size of Frame:&nbsp;29&quot; x 19&quot; Max Load of Bike:&nbsp;120kg Cut-off Speed:&nbsp;25km\/h Max Range:&nbsp;120km<\/p>","protected":false},"featured_media":21623,"comment_status":"open","ping_status":"closed","template":"","meta":{"_acf_changed":false},"product_brand":[],"product_cat":[230],"product_tag":[],"class_list":{"0":"post-21621","1":"product","2":"type-product","3":"status-publish","4":"has-post-thumbnail","6":"product_cat-bikes","8":"first","9":"instock","10":"shipping-taxable","11":"purchasable","12":"product-type-simple"},"acf":[],"_links":{"self":[{"href":"https:\/\/electricstore.eu\/lt\/wp-json\/wp\/v2\/product\/21621","targetHints":{"allow":["GET"]}}],"collection":[{"href":"https:\/\/electricstore.eu\/lt\/wp-json\/wp\/v2\/product"}],"about":[{"href":"https:\/\/electricstore.eu\/lt\/wp-json\/wp\/v2\/types\/product"}],"replies":[{"embeddable":true,"href":"https:\/\/electricstore.eu\/lt\/wp-json\/wp\/v2\/comments?post=21621"}],"wp:featuredmedia":[{"embeddable":true,"href":"https:\/\/electricstore.eu\/lt\/wp-json\/wp\/v2\/media\/21623"}],"wp:attachment":[{"href":"https:\/\/electricstore.eu\/lt\/wp-json\/wp\/v2\/media?parent=21621"}],"wp:term":[{"taxonomy":"product_brand","embeddable":true,"href":"https:\/\/electricstore.eu\/lt\/wp-json\/wp\/v2\/product_brand?post=21621"},{"taxonomy":"product_cat","embeddable":true,"href":"https:\/\/electricstore.eu\/lt\/wp-json\/wp\/v2\/product_cat?post=21621"},{"taxonomy":"product_tag","embeddable":true,"href":"https:\/\/electricstore.eu\/lt\/wp-json\/wp\/v2\/product_tag?post=21621"}],"curies":[{"name":"wp","href":"https:\/\/api.w.org\/{rel}","templated":true}]}}