{"id":21563,"date":"2025-05-20T18:19:56","date_gmt":"2025-05-20T18:19:56","guid":{"rendered":"https:\/\/electricstore.eu\/p\/uncategorized\/touroll-s2-adult-bikes-20-250w-motor-electric-bikes-25km-h-720wh-battery-120km-range-48v-15ah-electric-bicycles\/"},"modified":"2025-05-20T18:20:04","modified_gmt":"2025-05-20T18:20:04","slug":"touroll-s2-adult-bikes-20-250w-motor-electric-bikes-25km-h-720wh-battery-120km-range-48v-15ah-electric-bicycles","status":"publish","type":"product","link":"https:\/\/electricstore.eu\/lt\/p\/bikes\/touroll-s2-adult-bikes-20-250w-motor-electric-bikes-25km-h-720wh-battery-120km-range-48v-15ah-electric-bicycles\/","title":{"rendered":"\u201eTouroll S2\u201c suaugusi\u0173j\u0173 dvira\u010diai, 20 coli\u0173, 250 W variklis, elektriniai dvira\u010diai, 25 km\/h greitis, 720 Wh baterija, 120 km atstumas, 48 V, 15 Ah, elektriniai dvira\u010diai."},"content":{"rendered":"<div class=\"product-specs-list-container\">\n<ul class=\"product-specs-list util-clearfix\">\n<li class=\"product-prop line-limit-length\"><span\n                                        class=\"property-title\">Dvira\u010di\u0173 pakabos tipai:&nbsp;<\/span><span\n                                        class=\"property-desc line-limit-length\">Tvirtas<\/span>\n                            <\/li>\n<li class=\"product-prop line-limit-length\"><span\n                                        class=\"property-title\">Stabd\u017ei\u0173 sistema:&nbsp;<\/span><span\n                                        class=\"property-desc line-limit-length\">Priekinis ir galinis mechaninis diskinis stabdys<\/span>\n                            <\/li>\n<li class=\"product-prop line-limit-length\"><span\n                                        class=\"property-title\">Rat\u0173 dydis:&nbsp;<\/span><span\n                                        class=\"property-desc line-limit-length\">20 coli\u0173 500 mm<\/span>\n                            <\/li>\n<li class=\"product-prop line-limit-length\"><span\n                                        class=\"property-title\">Prek\u0117s \u017eenklas:&nbsp;<\/span><span\n                                        class=\"property-desc line-limit-length\">Tourollas<\/span>\n                            <\/li>\n<li class=\"product-prop line-limit-length\"><span\n                                        class=\"property-title\">Modelis:&nbsp;<\/span><span\n                                        class=\"property-desc line-limit-length\">S2<\/span>\n                            <\/li>\n<li class=\"product-prop line-limit-length\"><span\n                                        class=\"property-title\">\u0160R:&nbsp;<\/span><span\n                                        class=\"property-desc line-limit-length\">31,2 kg<\/span>\n                            <\/li>\n<li class=\"product-prop line-limit-length\"><span\n                                        class=\"property-title\">Ribinis greitis:&nbsp;<\/span><span\n                                        class=\"property-desc line-limit-length\">25 km\/val.<\/span>\n                            <\/li>\n<li class=\"product-prop line-limit-length\"><span\n                                        class=\"property-title\">Maksimali dvira\u010dio apkrova:&nbsp;<\/span><span\n                                        class=\"property-desc line-limit-length\">120 kg<\/span>\n                            <\/li>\n<li class=\"product-prop line-limit-length\"><span\n                                        class=\"property-title\">Maks. diapazonas:&nbsp;<\/span><span\n                                        class=\"property-desc line-limit-length\">150 km (pagalbinis re\u017eimas)<\/span>\n                            <\/li>\n<li class=\"product-prop line-limit-length\"><span\n                                        class=\"property-title\">Talpa \/ \u012etampa:&nbsp;<\/span><span\n                                        class=\"property-desc line-limit-length\">15 Ah \/ 48 V<\/span>\n                            <\/li>\n<li class=\"product-prop line-limit-length\"><span\n                                        class=\"property-title\">\u012ekrovimo laikas:&nbsp;<\/span><span\n                                        class=\"property-desc line-limit-length\">6\u20138 val.<\/span>\n                            <\/li>\n<li class=\"product-prop line-limit-length\"><span\n                                        class=\"property-title\">R\u0117mo dydis:&nbsp;<\/span><span\n                                        class=\"property-desc line-limit-length\">20&quot;x17&quot;<\/span>\n                            <\/li>\n<\/ul><\/div>\n<p style=\"font-family:&quot;Noto Sans SC&quot;;font-size:medium;font-weight:400;letter-spacing:normal;text-align:start;white-space:normal;color:rgb(0, 0, 0)\" align=\"start\"><span style=\"font-size:x-large\">Svarbiausi dalykai<\/span><\/p>\n<p><\/p>\n<p style=\"font-family:&quot;Noto Sans SC&quot;;font-size:medium;font-weight:400;letter-spacing:normal;text-align:start;white-space:normal;color:rgb(0, 0, 0)\" align=\"start\"><strong>Neprilygstamas<\/strong><strong><span>\u00a0<\/span><\/strong><strong>Saugumas ir<\/strong><strong><span>\u00a0<\/span><\/strong><strong>Stabilumas<\/strong><br \/>Apr\u016bpintas 20*4.0 universaliomis fat padangomis, \u201eTouroll S2\u201c elektrinis dviratis sukurtas \u012fveikti neasfaltuotus kelius, tokius kaip mi\u0161ko takai, kaln\u0173 takeliai ir sm\u0117l\u0117ti papl\u016bdimiai. Pla\u010dios padangos sukuria didesn\u012f s\u0105ly\u010dio su \u017eeme plot\u0105, u\u017etikrindamos puik\u0173 sukibim\u0105 ir stabilum\u0105 net ir ant slid\u017ei\u0173 pavir\u0161i\u0173. Dviratis turi 80 mm eigos amortizuojan\u010di\u0105 pakab\u0105, kuri suma\u017eina vibracij\u0105 ir u\u017etikrina sklandesn\u012f bei patogesn\u012f va\u017eiavim\u0105. Be to, elektrinis dviratis turi elektrin\u012f ir diskin\u012f stabd\u017eius, kurie stabdant i\u0161 karto sustabdo varikl\u012f, u\u017etikrindami saugesn\u012f ir labiau kontroliuojam\u0105 va\u017eiavim\u0105.<\/p>\n<p><strong>Galingas na\u0161umas<\/strong><br \/>\u201eTouroll S2\u201c elektrinis dviratis i\u0161vysto 650 W maksimali\u0105 gali\u0105 ir atlaiko iki 120 kg keliam\u0105j\u0105 gali\u0105, tod\u0117l idealiai tinka ve\u017etis papildom\u0105 \u012frang\u0105 ar reikmenis. Specialiai fat padang\u0173 dvira\u010diams sukurtas variklis pasi\u017eymi 55 Nm maksimaliu sukimo momentu, tod\u0117l va\u017eiuoti lengva ir u\u017etikrintai \u012fva\u017eiuoti \u012f \u012fkaln\u0119. Su didel\u0117s talpos 720 Wh baterija \u201eTouroll S2\u201c pagalbiniu re\u017eimu gali nuva\u017eiuoti iki 150 km atstum\u0105, tod\u0117l tai puikus pagalbininkas j\u016bs\u0173 kelion\u0117se.<\/p>\n<p><strong>Sklandus ir be pastang\u0173 va\u017eiavimas<\/strong><br \/>Tikslus b\u0117gimo takelio jutiklis u\u017etikrina tiksli\u0105 ir reaguojan\u010di\u0105 variklio pagalb\u0105, leisdamas pedalams perduoti galios signalus 12 kart\u0173 per vien\u0105 pedalo apsisukim\u0105. Tur\u0117dami 5 PAS lygius (12\/15\/18\/21\/25 km\/h), galite lengvai reguliuoti greit\u012f pagal savo va\u017eiavimo poreikius. \u201eShimano\u201c 7 grei\u010di\u0173 pavar\u0173 sistema u\u017etikrina skland\u0173 ir efektyv\u0173 pavar\u0173 perjungim\u0105, pagerindama bendr\u0105 va\u017eiavimo patirt\u012f.<\/p>\n<p><strong>Ergonomi\u0161kas<\/strong><strong><span>\u00a0<\/span><\/strong><strong>Dizainas<\/strong><br \/>D\u0117l laiptelio formos r\u0117mo konstrukcijos \u201eTouroll S2\u201c dvira\u010diu lengvai u\u017elipa ir nulipa \u012fvairaus am\u017eiaus ir \u012fg\u016bd\u017ei\u0173 dviratininkai. Reguliuojama vairo rankena ir s\u0117dyn\u0117 leid\u017eia pritaikyti dvirat\u012f patogiausiai va\u017eiavimo pozicijai. Nesvarbu, ar esate jaunas nuotyki\u0173 ie\u0161kotojas, ar patyr\u0119s dviratininkas, \u201eTouroll S2\u201c si\u016blo patogi\u0105 patirt\u012f kiekvienam.<\/p>\n<p><strong>Patogus laikymas ir \u012fkrovimas<\/strong><br \/>Sulankstomas elektrinio dvira\u010dio r\u0117mas ir vairo i\u0161ky\u0161a leid\u017eia j\u012f lengvai laikyti ank\u0161tose vietose arba tilpti \u012f visureig\u012f ar universal\u0105. I\u0161imamas akumuliatorius supaprastina \u012fkrovim\u0105, tod\u0117l galite greitai gr\u012f\u017eti \u012f keli\u0105. Taip pat galite \u012fsigyti papildom\u0105 akumuliatori\u0173, kad padidintum\u0117te va\u017eiavimo atstum\u0105.<\/p>\n<p><strong>Patobulinta \u201eSafeNight Riding\u201c funkcija ir kri\u0161tolo skaidrumo ekranas<\/strong><br \/>\u0160is elektrinis dviratis su ES \u201eStVZO\u201c sertifikuotais priekiniais \u017eibintais ir galiniais \u017eibintais u\u017etikrina puik\u0173 matomum\u0105 ir saugum\u0105 esant prastam ap\u0161vietimui. LCD ekrane pateikiama ai\u0161ki ir lengvai \u012fskaitoma informacija, tod\u0117l visada b\u016bsite informuoti apie savo kelion\u0119.<\/p>\n<p><\/p>\n<h2 style=\"font-family:&quot;Noto Sans SC&quot;;font-size:14px;letter-spacing:normal;text-align:start;white-space:normal;color:rgb(0, 0, 0);margin:10px 0px;margin-bottom:10px;margin-top:10px;margin-left:0px;margin-right:0px;padding:0px;padding-bottom:0px;padding-top:0px;padding-left:0px;padding-right:0px\" align=\"start\">Specifikacija<\/h2>\n<p><\/p>\n<table style=\"border-collapse:collapse;font-family:&quot;Noto Sans SC&quot;\" border=\"1\" cellpadding=\"8\">\n<tbody>\n<tr>\n<td style=\"width:137px\" width=\"137\">\n<p>Bendra<\/p>\n<\/td>\n<td style=\"width:427px\" width=\"427\">\n<p>Prek\u0117s \u017eenklas: Touroll<br \/>Modelis: S2<br \/>Spalva: m\u0117lyna<\/p>\n<\/td>\n<\/tr>\n<tr>\n<td style=\"width:137px\" width=\"137\">\n<p>Pagrindin\u0117 specifikacija.<\/p>\n<\/td>\n<td style=\"width:427px\" width=\"427\">\n<p>\u0160R: 31,2 kg<br \/>I\u0161skleisto dydis: 1720x640x1300 mm<br \/>Sulankstyto dydis: 970 x 450 x 740 mm<br \/>R\u0117mo dydis: 20&quot;x17&quot;<br \/>Vairo plotis: 620 mm (24,4 colio)<br \/>Rekomenduojamas motociklininko \u016bgis: 160\u2013195 cm (5&#039;3\u20136&#039;5&quot;)<br \/>Maksimali dvira\u010dio apkrova: 120 kg<br \/>Ribinis greitis: 25 km\/h<br \/>Maks. atstumas: 150 km (pagalbinis re\u017eimas)<br \/>PAS lygiai: 12\/15\/18\/21\/25 km\/val. (1\u20135 lygis)<br \/>\u0116jimo re\u017eimas: 6 km\/val.<br \/>Atsparumo vandeniui lygis: IPX4<br \/>R\u0117mo med\u017eiaga: STL<br \/>R\u0117mo tipas: laiptelis<br \/>Stabd\u017ei\u0173 sistema: mechaninis diskinis stabdys ir elektrinis stabdys<br \/>Pakaba: mechaninis amortizatorius<br \/>Pakabos eiga: 80 mm<\/p>\n<\/td>\n<\/tr>\n<tr>\n<td style=\"width:137px\" width=\"137\">\n<p>Variklis<\/p>\n<\/td>\n<td style=\"width:427px\" width=\"427\">\n<p>Nominali \u012ftampa: 48 V<br \/>Maksimalus i\u0161\u0117jimo sukimo momentas: 55 Nm<\/p>\n<\/td>\n<\/tr>\n<tr>\n<td style=\"width:137px\" width=\"137\">\n<p>Pavar\u0173 perjungiklis<\/p>\n<\/td>\n<td style=\"width:427px\" width=\"427\">\n<p>Pavar\u0173 perjungimo svir\u010di\u0173 skai\u010dius: 7 (galiniai)<br \/>Prek\u0117s \u017eenklas: Shimano<\/p>\n<\/td>\n<\/tr>\n<tr>\n<td style=\"width:137px\" width=\"137\">\n<p>Baterija<\/p>\n<\/td>\n<td style=\"width:427px\" width=\"427\">\n<p>Talpa \/ \u012ftampa: 15Ah \/ 48V<br \/>Maitinimo talpa: 720 Wh<br \/>\u012ekrovimo laikas: 6\u20138 val.<br \/>Apsaugos sistema: Taip<\/p>\n<\/td>\n<\/tr>\n<tr>\n<td style=\"width:137px\" width=\"137\">\n<p>Padangos<\/p>\n<\/td>\n<td style=\"width:427px\" width=\"427\">\n<p>Dydis: 20&quot;x4&quot;<br \/>Tipas, med\u017eiaga: CST pneumatin\u0117s gumin\u0117s padangos<br \/>Padang\u0173 sl\u0117gis: 5\u201320 PSI<br \/>Geriausias padang\u0173 sl\u0117gis: 15\u201320 PSI<\/p>\n<\/td>\n<\/tr>\n<tr>\n<td style=\"width:137px\" width=\"137\">\n<p>Ekranas<\/p>\n<\/td>\n<td style=\"width:427px\" width=\"427\">\n<p>Dydis, tipas: 2,6 colio LCD<br \/>Informacija: greitis realiuoju laiku, pagalbos lygis, akumuliatoriaus lygis, \u0117jimo re\u017eimas, kelion\u0117s atstumas<br \/>Funkcijos: \u012fjungimas \/ i\u0161jungimas, \u0161viesos \u012fjungimas \/ i\u0161jungimas, pagalbini\u0173 lygi\u0173 perjungimas, \u0117jimo re\u017eimo \u012fjungimas ir kt.<\/p>\n<\/td>\n<\/tr>\n<tr>\n<td style=\"width:137px\" width=\"137\">\n<p>Paketas<\/p>\n<\/td>\n<td style=\"width:427px\" width=\"427\">\n<p>Dydis: 148 x 32 x 77,5 cm<br \/>Svoris: 38,2 kg<\/p>\n<\/td>\n<\/tr>\n<tr>\n<td style=\"width:137px\" width=\"137\">\n<p>Paket\u0173 s\u0105ra\u0161as<\/p>\n<\/td>\n<td style=\"width:427px\" width=\"427\">\n<p>1 x \u201eTouroll\u201c dviratis dviratis<br \/>2 x pedalai (kair\u0117 ir de\u0161in\u0117)<br \/>1 x Priekinis purvasaugis<br \/>1 x Naudotojo vadovas<br \/>1 x \u012franki\u0173 rinkinys<br \/>1 x \u012ekroviklis<br \/>1 x Priekinis \u017eibintas<br \/>2 raktai<\/p>\n<\/td>\n<\/tr>\n<tr>\n<td style=\"width:565px\" width=\"565\" colspan=\"2\">\n<p><strong>Pastaba:<\/strong>\u00a0Maksimalus atstumas pasiekiamas \u0161iomis s\u0105lygomis: 75 kg apkrova, 26 \u2103 temperat\u016bra, 12 km\/h pastovus greitis, lyg\u016bs keliai be stipraus v\u0117jo.<\/p>\n<\/td>\n<\/tr>\n<\/tbody>\n<\/table>\n<p><img decoding=\"async\" src=\"https:\/\/ae01.alicdn.com\/kf\/S9cc4aa863c7e42468272a42412fa5725U.jpeg\" slate-data-type=\"image\"\/><img decoding=\"async\" src=\"https:\/\/ae01.alicdn.com\/kf\/Sabd76241c5d9404ba09393afd3ac68a2Q.jpeg\" slate-data-type=\"image\"\/><img decoding=\"async\" src=\"https:\/\/ae01.alicdn.com\/kf\/S16aa2f3a4d0143e3bbae8ee8e6d9cea8F.jpeg\" slate-data-type=\"image\"\/><img decoding=\"async\" src=\"https:\/\/ae01.alicdn.com\/kf\/S56aaf09a61a24e57a35309dcb4ef5ffcq.jpeg\" slate-data-type=\"image\"\/><img decoding=\"async\" src=\"https:\/\/ae01.alicdn.com\/kf\/S7979775108094b959549ba7701b77146C.jpeg\" slate-data-type=\"image\"\/><img decoding=\"async\" src=\"https:\/\/ae01.alicdn.com\/kf\/S020490a5aaa04a2687eed647a1f16ca84.jpeg\" slate-data-type=\"image\"\/><img decoding=\"async\" src=\"https:\/\/ae01.alicdn.com\/kf\/S0e16b4c9fa144f2ab8b61c2cd3d46f79Y.jpeg\" slate-data-type=\"image\"\/><img decoding=\"async\" src=\"https:\/\/ae01.alicdn.com\/kf\/Saa87f625732849b5845d9a905eb6fb18f.jpeg\" slate-data-type=\"image\"\/><img decoding=\"async\" src=\"https:\/\/ae01.alicdn.com\/kf\/S8b71635f37f344d58dc7749e22b61c0aQ.jpeg\" slate-data-type=\"image\"\/><\/p>","protected":false},"excerpt":{"rendered":"<p>Bike Suspension Types:&nbsp;Sturdy Braking System:&nbsp;Front and Rear Mechanical Disc Brake Wheel Size:&nbsp;20Inches 500mm Brand:&nbsp;Touroll Model:&nbsp;S2 N.W.:&nbsp;31.2kg Cut-off Speed:&nbsp;25km\/h Max Load of Bike:&nbsp;120kg Max. Range:&nbsp;150km(Assist Mode) Capacity\/Voltage:&nbsp;15Ah \/ 48V Charging Time:&nbsp;6-8h<\/p>","protected":false},"featured_media":21564,"comment_status":"open","ping_status":"closed","template":"","meta":{"_acf_changed":false},"product_brand":[],"product_cat":[230],"product_tag":[],"class_list":{"0":"post-21563","1":"product","2":"type-product","3":"status-publish","4":"has-post-thumbnail","6":"product_cat-bikes","8":"first","9":"instock","10":"shipping-taxable","11":"purchasable","12":"product-type-simple"},"acf":[],"_links":{"self":[{"href":"https:\/\/electricstore.eu\/lt\/wp-json\/wp\/v2\/product\/21563","targetHints":{"allow":["GET"]}}],"collection":[{"href":"https:\/\/electricstore.eu\/lt\/wp-json\/wp\/v2\/product"}],"about":[{"href":"https:\/\/electricstore.eu\/lt\/wp-json\/wp\/v2\/types\/product"}],"replies":[{"embeddable":true,"href":"https:\/\/electricstore.eu\/lt\/wp-json\/wp\/v2\/comments?post=21563"}],"wp:featuredmedia":[{"embeddable":true,"href":"https:\/\/electricstore.eu\/lt\/wp-json\/wp\/v2\/media\/21564"}],"wp:attachment":[{"href":"https:\/\/electricstore.eu\/lt\/wp-json\/wp\/v2\/media?parent=21563"}],"wp:term":[{"taxonomy":"product_brand","embeddable":true,"href":"https:\/\/electricstore.eu\/lt\/wp-json\/wp\/v2\/product_brand?post=21563"},{"taxonomy":"product_cat","embeddable":true,"href":"https:\/\/electricstore.eu\/lt\/wp-json\/wp\/v2\/product_cat?post=21563"},{"taxonomy":"product_tag","embeddable":true,"href":"https:\/\/electricstore.eu\/lt\/wp-json\/wp\/v2\/product_tag?post=21563"}],"curies":[{"name":"wp","href":"https:\/\/api.w.org\/{rel}","templated":true}]}}