{"id":9143,"date":"2025-05-20T17:45:17","date_gmt":"2025-05-20T17:45:17","guid":{"rendered":"https:\/\/electricstore.eu\/p\/uncategorized\/fossibot-sp200-18v-200w-foldable-solar-panel-23-4-high-efficiency-monocrystalline-solar-cells-for-power-station-mppt-ip67\/"},"modified":"2025-05-20T17:45:35","modified_gmt":"2025-05-20T17:45:35","slug":"fossibot-sp200-18v-200w-foldable-solar-panel-23-4-high-efficiency-monocrystalline-solar-cells-for-power-station-mppt-ip67","status":"publish","type":"product","link":"https:\/\/www.electricstore.eu\/fr\/p\/batteries\/foldable-solar-panels\/fossibot-sp200-18v-200w-foldable-solar-panel-23-4-high-efficiency-monocrystalline-solar-cells-for-power-station-mppt-ip67\/","title":{"rendered":"Panneau solaire pliable FOSSiBOT SP200 18 V 200 W, cellules solaires monocristallines haute efficacit\u00e9 23.4%, pour centrale \u00e9lectrique MPPT IP67"},"content":{"rendered":"<div class=\"product-specs-list-container\">\n<ul class=\"product-specs-list util-clearfix\">\n<li class=\"product-prop line-limit-length\"><span\n                                        class=\"property-title\">Application:&nbsp;<\/span><span\n                                        class=\"property-desc line-limit-length\">MAISON<\/span>\n                            <\/li>\n<li class=\"product-prop line-limit-length\"><span\n                                        class=\"property-title\">Num\u00e9ro de mod\u00e8le :&nbsp;<\/span><span\n                                        class=\"property-desc line-limit-length\">SP200<\/span>\n                            <\/li>\n<li class=\"product-prop line-limit-length\"><span\n                                        class=\"property-title\">Puissance de cr\u00eate :&nbsp;<\/span><span\n                                        class=\"property-desc line-limit-length\">200 W (50 W x 4)<\/span>\n                            <\/li>\n<li class=\"product-prop line-limit-length\"><span\n                                        class=\"property-title\">Vmp:&nbsp;<\/span><span\n                                        class=\"property-desc line-limit-length\">18V<\/span>\n                            <\/li>\n<li class=\"product-prop line-limit-length\"><span\n                                        class=\"property-title\">Lutin:&nbsp;<\/span><span\n                                        class=\"property-desc line-limit-length\">11.1A<\/span>\n                            <\/li>\n<li class=\"product-prop line-limit-length\"><span\n                                        class=\"property-title\">Vocabulaire:&nbsp;<\/span><span\n                                        class=\"property-desc line-limit-length\">23,4 V<\/span>\n                            <\/li>\n<li class=\"product-prop line-limit-length\"><span\n                                        class=\"property-title\">Isc:&nbsp;<\/span><span\n                                        class=\"property-desc line-limit-length\">13,32A<\/span>\n                            <\/li>\n<li class=\"product-prop line-limit-length\"><span\n                                        class=\"property-title\">Tension maximale du syst\u00e8me\u00a0:&nbsp;<\/span><span\n                                        class=\"property-desc line-limit-length\">1000V<\/span>\n                            <\/li>\n<li class=\"product-prop line-limit-length\"><span\n                                        class=\"property-title\">Port de sortie\u00a0:&nbsp;<\/span><span\n                                        class=\"property-desc line-limit-length\">MC3<\/span>\n                            <\/li>\n<\/ul><\/div>\n<div class=\"detailmodule_dynamic\"><kse:widget data-widget-type=\"relatedProduct\" id=\"1005000009406803\" title=\"\" type=\"relation\"><\/kse:widget><\/div>\n<div class=\"detailmodule_html\">\n<div class=\"detail-desc-decorate-richtext\">\n<p><\/p>\n<div style=\"background-color:rgb(240, 234, 255);margin:20px 0px 10px;margin-bottom:10px;margin-top:20px;margin-left:0px;margin-right:0px;width:100%;height:34px\">\n <span style=\"background-color:rgb(55, 139, 238);color:rgb(255, 255, 255);font-size:24px;font-family:Verdana, Arial\">Points forts<\/span><br \/>\n \n<\/div>\n<div class=\"detailmodule_text\">\n<div class=\"detailmodule_html\">\n<div class=\"detail-desc-decorate-richtext\">\n<div class=\"detailmodule_text\">\n    <\/p>\n<div class=\"detailmodule_html\">\n<div class=\"detail-desc-decorate-richtext\">\n<div class=\"detailmodule_text\">\n<p style=\"font-family:&quot;Microsoft YaHei&quot;;font-size:medium;font-weight:400;letter-spacing:normal;text-align:start;white-space:normal;color:rgb(0, 0, 0)\" align=\"start\"><span style=\"font-size:16px;font-family:arial, helvetica, sans-serif\"><strong>23% Haute efficacit\u00e9 de conversion solaire<\/strong><\/span><span style=\"font-size:16px;font-family:arial, helvetica, sans-serif\"><br \/>Avec ses cellules solaires monocristallines \u00e0 haut rendement jusqu&#039;\u00e0 23%, le SP200 offre de meilleures performances que les panneaux solaires polycristallins de m\u00eame puissance en conditions de faible luminosit\u00e9. Il vous permet de profiter pleinement de vos aventures en plein air en absorbant l&#039;\u00e9nergie solaire, que ce soit en randonn\u00e9e, en camping, en camping-car, en caravane, en bateau, dans un abri de jardin ou dans un chalet.<\/span><\/p>\n<p style=\"font-family:&quot;Microsoft YaHei&quot;;font-size:medium;font-weight:400;letter-spacing:normal;text-align:start;white-space:normal;color:rgb(0, 0, 0)\" align=\"start\"><span style=\"font-size:16px;font-family:arial, helvetica, sans-serif\"><br \/><\/span><span style=\"font-size:16px;font-family:arial, helvetica, sans-serif\"><strong>Durable, imperm\u00e9able et r\u00e9sistant aux rayures<\/strong><\/span><span style=\"font-size:16px;font-family:arial, helvetica, sans-serif\"><br \/>Gr\u00e2ce \u00e0 une technologie de laminage avanc\u00e9e et \u00e0 un mat\u00e9riau ETFE durable en surface, il est plus durable et r\u00e9sistant aux rayures. Fabriqu\u00e9 conform\u00e9ment \u00e0 la norme d&#039;\u00e9tanch\u00e9it\u00e9 IP65, il est id\u00e9al pour les activit\u00e9s de plein air comme le camping, l&#039;escalade, la randonn\u00e9e, et m\u00eame par mauvais temps.<\/span><\/p>\n<p style=\"font-family:&quot;Microsoft YaHei&quot;;font-size:medium;font-weight:400;letter-spacing:normal;text-align:start;white-space:normal;color:rgb(0, 0, 0)\" align=\"start\"><span style=\"font-size:16px;font-family:arial, helvetica, sans-serif\"><br \/><\/span><span style=\"font-size:16px;font-family:arial, helvetica, sans-serif\"><strong>Large compatibilit\u00e9<\/strong><\/span><span style=\"font-size:16px;font-family:arial, helvetica, sans-serif\"><br \/>Utilisant un connecteur MC*3, ce panneau solaire de 200 W est con\u00e7u pour \u00eatre utilis\u00e9 avec la plupart des g\u00e9n\u00e9rateurs solaires du march\u00e9, y compris tous les g\u00e9n\u00e9rateurs solaires FOSSiBOT (F1200\/F2400\/F3600).<\/span><\/p>\n<p style=\"font-family:&quot;Microsoft YaHei&quot;;font-size:medium;font-weight:400;letter-spacing:normal;text-align:start;white-space:normal;color:rgb(0, 0, 0)\" align=\"start\"><span style=\"font-size:16px;font-family:arial, helvetica, sans-serif\"><br \/><\/span><span style=\"font-size:16px;font-family:arial, helvetica, sans-serif\"><strong>Pliable et portable<\/strong><\/span><span style=\"font-size:16px;font-family:arial, helvetica, sans-serif\"><br \/>Avec une taille pli\u00e9e de 53,8 x 61 x 0,35 cm et un poids de seulement 8,14 kg, le FOSSiBOT SP200 est facile \u00e0 transporter et \u00e0 installer pour tout le monde.<\/span><\/p>\n<\/p><\/div><\/div><\/div><\/div><\/div><\/div>\n<\/div>\n<div style=\"background-color:rgb(240, 234, 255);margin:20px 0px 10px;margin-bottom:10px;margin-top:20px;margin-left:0px;margin-right:0px;width:100%;height:34px\">\n <span style=\"background-color:rgb(55, 139, 238);color:rgb(255, 255, 255);font-size:24px;font-family:Verdana, Arial\">D\u00e9tails du produit<\/span>\n<\/div>\n<p><img decoding=\"async\" src=\"https:\/\/ae01.alicdn.com\/kf\/S89269d1304d244d6825085ed26a94199U.jpg\" slate-data-type=\"image\" \/><img decoding=\"async\" src=\"https:\/\/ae01.alicdn.com\/kf\/S32da7a1cd93048cba18ad1f62617dedau.jpg\" slate-data-type=\"image\" \/><img decoding=\"async\" src=\"https:\/\/ae01.alicdn.com\/kf\/Sff50f17c033e41d7a5020a06abb677a5T.jpg\" slate-data-type=\"image\" \/><img decoding=\"async\" src=\"https:\/\/ae01.alicdn.com\/kf\/S943fd2cc02804e219cbaf439fcebaacc3.jpg\" slate-data-type=\"image\" \/><img decoding=\"async\" src=\"https:\/\/ae01.alicdn.com\/kf\/Se7cb5e74cd1e4d63955e4bb873234717N.jpg\" slate-data-type=\"image\" \/><img decoding=\"async\" src=\"https:\/\/ae01.alicdn.com\/kf\/S7b8bc89d3f664401a4ac84b13ac23a76H.jpg\" slate-data-type=\"image\" \/><img decoding=\"async\" src=\"https:\/\/ae01.alicdn.com\/kf\/S572f9a44f32f491ba072effdc79548e0o.jpg\" slate-data-type=\"image\" \/><img decoding=\"async\" src=\"https:\/\/ae01.alicdn.com\/kf\/S688f5faf9fc24134a20e112a89c2d2cdD.jpg\" slate-data-type=\"image\" \/><img decoding=\"async\" src=\"https:\/\/ae01.alicdn.com\/kf\/S32b6b6a1f9c14618a4d15c6d5b5c583aj.jpg\" slate-data-type=\"image\" \/><img decoding=\"async\" src=\"https:\/\/ae01.alicdn.com\/kf\/S720dab6e06e742bb947400fd438cb56bk.jpg\" slate-data-type=\"image\" \/><img decoding=\"async\" src=\"https:\/\/ae01.alicdn.com\/kf\/Sc90b9735d7a24aceaa67b785deec98e00.jpg\" slate-data-type=\"image\" \/><img decoding=\"async\" src=\"https:\/\/ae01.alicdn.com\/kf\/S31cfafb54fcf406d8f81b87e9705b9f5i.jpg\" slate-data-type=\"image\" \/><\/p>\n<div style=\"background-color:rgb(240, 234, 255);margin:20px 0px 10px;margin-bottom:10px;margin-top:20px;margin-left:0px;margin-right:0px;width:100%;height:34px\">\n <span style=\"background-color:rgb(55, 139, 238);color:rgb(255, 255, 255);font-size:24px;font-family:Verdana, Arial\">Sp\u00e9cification<\/span>\n<\/div>\n<p><\/p>\n<table style=\"border-collapse:collapse;font-family:&quot;Microsoft YaHei&quot;;width:1000px\" class=\"jbEidtTable\" border=\"1\" cellpadding=\"5\" cellspacing=\"0\">\n<tbody>\n<tr>\n<td style=\"text-align:left\" align=\"left\">\n<p><span style=\"font-size:16px;font-family:arial, helvetica, sans-serif\"><strong>G\u00e9n\u00e9ral<\/strong><\/span><\/p>\n<\/td>\n<td style=\"text-align:left\" align=\"left\">\n<p><span style=\"font-size:16px;font-family:arial, helvetica, sans-serif\">Marque : FOSSiBOT<br \/>Type : Panneau solaire<br \/>Mod\u00e8le : SP200 Nouvelle Version<br \/>Couleur : Gris<\/span><\/p>\n<\/td>\n<\/tr>\n<tr>\n<td style=\"text-align:left\" align=\"left\">\n<p><span style=\"font-size:16px;font-family:arial, helvetica, sans-serif\"><strong>Sp\u00e9cification<\/strong><\/span><\/p>\n<\/td>\n<td style=\"text-align:left\" align=\"left\">\n<p><span style=\"font-size:16px;font-family:arial, helvetica, sans-serif\">Puissance de cr\u00eate : 200 W (50 W x 4)<br \/>Tol\u00e9rance : \u00b110%<br \/>Type de cellule : Monocellule (166x166mm)<br \/>Efficacit\u00e9 de conversion : 23,4%<br \/>Vmp : 18 V<br \/>Imp: 11,1A<br \/>Voc : 21,6 V<br \/>Isc : 13,3 A<br \/>Port de sortie : MC4<br \/>Temp\u00e9rature de fonctionnement : -10 \u2013 65 degr\u00e9s Celsius<br \/>Temp\u00e9rature ambiante de stockage : -10 \u2013 65 degr\u00e9s Celsius<br \/>Transmission totale : 97%<br \/>Perm\u00e9abilit\u00e9 \u00e0 l&#039;humidit\u00e9 : 40 \u00b0C\/901 TP7TRH g\/M2.Jour<br \/>Taux d&#039;absorption d&#039;eau : 2,5%(24H)<br \/>Conditions standard d&#039;essai : Am1,5 25 Celsius 1000 W\/m2<\/span><\/p>\n<\/td>\n<\/tr>\n<tr>\n<td style=\"text-align:left\" align=\"left\">\n<p><span style=\"font-size:16px;font-family:arial, helvetica, sans-serif\"><strong>Poids et taille<\/strong><\/span><\/p>\n<\/td>\n<td style=\"text-align:left\" align=\"left\">\n<p><span style=\"font-size:16px;font-family:arial, helvetica, sans-serif\">Poids du produit : 8 kg<br \/>Poids du colis : 9,07 kg<br \/>Dimensions du produit (L x l x H) : 531 x 2400 mm<br \/>Dimensions du colis (L x l x H) : 590 x 95 x 710 mm<\/span><\/p>\n<\/td>\n<\/tr>\n<tr>\n<td style=\"text-align:left\" align=\"left\">\n<p><span style=\"font-size:16px;font-family:arial, helvetica, sans-serif\"><strong>Contenu du colis<\/strong><\/span><\/p>\n<\/td>\n<td style=\"text-align:left\" align=\"left\">\n<p><span style=\"font-size:16px;font-family:arial, helvetica, sans-serif\">1 panneau solaire de 200 W&nbsp;<br \/>1 x Manuel d&#039;utilisation<\/span><\/p>\n<\/td>\n<\/tr>\n<\/tbody>\n<\/table>\n<p><\/div>\n<\/div>","protected":false},"excerpt":{"rendered":"<p>Application:&nbsp;HOME Model Number:&nbsp;SP200 Peak Power:&nbsp;200W (50Wx4) Vmp:&nbsp;18V Imp:&nbsp;11.1A Voc:&nbsp;23.4V Isc:&nbsp;13.32A Maximum System Voltage:&nbsp;1000V Output Port:&nbsp;MC3 Highlights 23% High Solar Conversion EfficiencyWith up to 23% high-efficiency monocrystalline solar cells, SP200 performs<\/p>","protected":false},"featured_media":9144,"comment_status":"open","ping_status":"closed","template":"","meta":{"_acf_changed":false},"product_brand":[],"product_cat":[531],"product_tag":[],"class_list":{"0":"post-9143","1":"product","2":"type-product","3":"status-publish","4":"has-post-thumbnail","6":"product_cat-foldable-solar-panels","8":"first","9":"instock","10":"shipping-taxable","11":"purchasable","12":"product-type-simple"},"acf":[],"_links":{"self":[{"href":"https:\/\/www.electricstore.eu\/fr\/wp-json\/wp\/v2\/product\/9143","targetHints":{"allow":["GET"]}}],"collection":[{"href":"https:\/\/www.electricstore.eu\/fr\/wp-json\/wp\/v2\/product"}],"about":[{"href":"https:\/\/www.electricstore.eu\/fr\/wp-json\/wp\/v2\/types\/product"}],"replies":[{"embeddable":true,"href":"https:\/\/www.electricstore.eu\/fr\/wp-json\/wp\/v2\/comments?post=9143"}],"wp:featuredmedia":[{"embeddable":true,"href":"https:\/\/www.electricstore.eu\/fr\/wp-json\/wp\/v2\/media\/9144"}],"wp:attachment":[{"href":"https:\/\/www.electricstore.eu\/fr\/wp-json\/wp\/v2\/media?parent=9143"}],"wp:term":[{"taxonomy":"product_brand","embeddable":true,"href":"https:\/\/www.electricstore.eu\/fr\/wp-json\/wp\/v2\/product_brand?post=9143"},{"taxonomy":"product_cat","embeddable":true,"href":"https:\/\/www.electricstore.eu\/fr\/wp-json\/wp\/v2\/product_cat?post=9143"},{"taxonomy":"product_tag","embeddable":true,"href":"https:\/\/www.electricstore.eu\/fr\/wp-json\/wp\/v2\/product_tag?post=9143"}],"curies":[{"name":"wp","href":"https:\/\/api.w.org\/{rel}","templated":true}]}}