{"id":8486,"date":"2025-05-19T20:31:26","date_gmt":"2025-05-19T20:31:26","guid":{"rendered":"https:\/\/electricstore.eu\/product\/uncategorized\/e5b-6000w60v40ah-folding-85-km-h-electric-scooter\/"},"modified":"2025-05-20T13:07:46","modified_gmt":"2025-05-20T13:07:46","slug":"e5b-6000w60v40ah-folding-85-km-h-electric-scooter","status":"publish","type":"product","link":"https:\/\/electricstore.eu\/fr\/p\/scooters\/electric-off-road-scooter\/e5b-6000w60v40ah-folding-85-km-h-electric-scooter\/","title":{"rendered":"Trottinette \u00e9lectrique pliable Electrib E5B 6000 W 60 V 40 Ah 85 km\/h 150 km 11 pouces"},"content":{"rendered":"<div class=\"product-specs-list-container\">\n<ul class=\"product-specs-list util-clearfix\">\n<li class=\"product-prop line-limit-length\"><span\n                                        class=\"property-title\">Num\u00e9ro de mod\u00e8le :&nbsp;<\/span><span\n                                        class=\"property-desc line-limit-length\">E5B<\/span>\n                            <\/li>\n<li class=\"product-prop line-limit-length\"><span\n                                        class=\"property-title\">Cat\u00e9gorie:&nbsp;<\/span><span\n                                        class=\"property-desc line-limit-length\">Scooter \u00e0 deux roues<\/span>\n                            <\/li>\n<li class=\"product-prop line-limit-length\"><span\n                                        class=\"property-title\">Personnes concern\u00e9es :&nbsp;<\/span><span\n                                        class=\"property-desc line-limit-length\">Unisexe<\/span>\n                            <\/li>\n<li class=\"product-prop line-limit-length\"><span\n                                        class=\"property-title\">Autonomie par charge :&nbsp;<\/span><span\n                                        class=\"property-desc line-limit-length\">60-80 km<\/span>\n                            <\/li>\n<li class=\"product-prop line-limit-length\"><span\n                                        class=\"property-title\">Temps de charge :&nbsp;<\/span><span\n                                        class=\"property-desc line-limit-length\">6-8h<\/span>\n                            <\/li>\n<li class=\"product-prop line-limit-length\"><span\n                                        class=\"property-title\">tension:&nbsp;<\/span><span\n                                        class=\"property-desc line-limit-length\">60v<\/span>\n                            <\/li>\n<li class=\"product-prop line-limit-length\"><span\n                                        class=\"property-title\">Pli\u00e9 :&nbsp;<\/span><span\n                                        class=\"property-desc line-limit-length\">OUI<\/span>\n                            <\/li>\n<li class=\"product-prop line-limit-length\"><span\n                                        class=\"property-title\">Origine:&nbsp;<\/span><span\n                                        class=\"property-desc line-limit-length\">Chine continentale<\/span>\n                            <\/li>\n<li class=\"product-prop line-limit-length\"><span\n                                        class=\"property-title\">Puissance (W) :&nbsp;<\/span><span\n                                        class=\"property-desc line-limit-length\">6000 W<\/span>\n                            <\/li>\n<li class=\"product-prop line-limit-length\"><span\n                                        class=\"property-title\">pays d&#039;origine :&nbsp;<\/span><span\n                                        class=\"property-desc line-limit-length\">Anhui, Chine<\/span>\n                            <\/li>\n<li class=\"product-prop line-limit-length\"><span\n                                        class=\"property-title\">marque:&nbsp;<\/span><span\n                                        class=\"property-desc line-limit-length\">WO YU<\/span>\n                            <\/li>\n<li class=\"product-prop line-limit-length\"><span\n                                        class=\"property-title\">Mod\u00e8le:&nbsp;<\/span><span\n                                        class=\"property-desc line-limit-length\">E5B<\/span>\n                            <\/li>\n<li class=\"product-prop line-limit-length\"><span\n                                        class=\"property-title\">temps de charge\u00a0:&nbsp;<\/span><span\n                                        class=\"property-desc line-limit-length\">8-10 hours<\/span>\n                            <\/li>\n<li class=\"product-prop line-limit-length\"><span\n                                        class=\"property-title\">Faut-il plier\u00a0?&nbsp;<\/span><span\n                                        class=\"property-desc line-limit-length\">Oui<\/span>\n                            <\/li>\n<li class=\"product-prop line-limit-length\"><span\n                                        class=\"property-title\">kilom\u00e8tres\/une seule charge :&nbsp;<\/span><span\n                                        class=\"property-desc line-limit-length\">150km<\/span>\n                            <\/li>\n<li class=\"product-prop line-limit-length\"><span\n                                        class=\"property-title\">Vitesse maximale :&nbsp;<\/span><span\n                                        class=\"property-desc line-limit-length\">85km\/h<\/span>\n                            <\/li>\n<li class=\"product-prop line-limit-length\"><span\n                                        class=\"property-title\">classification:&nbsp;<\/span><span\n                                        class=\"property-desc line-limit-length\">scooter \u00e0 deux roues<\/span>\n                            <\/li>\n<li class=\"product-prop line-limit-length\"><span\n                                        class=\"property-title\">population concern\u00e9e :&nbsp;<\/span><span\n                                        class=\"property-desc line-limit-length\">Unisexe<\/span>\n                            <\/li>\n<li class=\"product-prop line-limit-length\"><span\n                                        class=\"property-title\">Intelligent:&nbsp;<\/span><span\n                                        class=\"property-desc line-limit-length\">\u00e9lectronique<\/span>\n                            <\/li>\n<li class=\"product-prop line-limit-length\"><span\n                                        class=\"property-title\">Capacit\u00e9 de la batterie :&nbsp;<\/span><span\n                                        class=\"property-desc line-limit-length\">40Ah<\/span>\n                            <\/li>\n<li class=\"product-prop line-limit-length\"><span\n                                        class=\"property-title\">Produit brevet\u00e9 :&nbsp;<\/span><span\n                                        class=\"property-desc line-limit-length\">Appearance patents, invention patents, utility model patents<\/span>\n                            <\/li>\n<li class=\"product-prop line-limit-length\"><span\n                                        class=\"property-title\">Nom du produit :&nbsp;<\/span><span\n                                        class=\"property-desc line-limit-length\">2-Wheel electric scooter<\/span>\n                            <\/li>\n<li class=\"product-prop line-limit-length\"><span\n                                        class=\"property-title\">Batterie:&nbsp;<\/span><span\n                                        class=\"property-desc line-limit-length\">60V 40Ah<\/span>\n                            <\/li>\n<li class=\"product-prop line-limit-length\"><span\n                                        class=\"property-title\">tire:&nbsp;<\/span><span\n                                        class=\"property-desc line-limit-length\">Eleven inches.<\/span>\n                            <\/li>\n<li class=\"product-prop line-limit-length\"><span\n                                        class=\"property-title\">color:&nbsp;<\/span><span\n                                        class=\"property-desc line-limit-length\">black<\/span>\n                            <\/li>\n<li class=\"product-prop line-limit-length\"><span\n                                        class=\"property-title\">Frein:&nbsp;<\/span><span\n                                        class=\"property-desc line-limit-length\">Rear disc brake<\/span>\n                            <\/li>\n<li class=\"product-prop line-limit-length\"><span\n                                        class=\"property-title\">keyword:&nbsp;<\/span><span\n                                        class=\"property-desc line-limit-length\">Trottinette \u00e9lectrique pliable<\/span>\n                            <\/li>\n<li class=\"product-prop line-limit-length\"><span\n                                        class=\"property-title\">Charge maximale :&nbsp;<\/span><span\n                                        class=\"property-desc line-limit-length\">150 kg<\/span>\n                            <\/li>\n<li class=\"product-prop line-limit-length\"><span\n                                        class=\"property-title\">material:&nbsp;<\/span><span\n                                        class=\"property-desc line-limit-length\">Alluminum alloy<\/span>\n                            <\/li>\n<li class=\"product-prop line-limit-length\"><span\n                                        class=\"property-title\">moteur:&nbsp;<\/span><span\n                                        class=\"property-desc line-limit-length\">6000 W<\/span>\n                            <\/li>\n<li class=\"product-prop line-limit-length\"><span\n                                        class=\"property-title\">scope:&nbsp;<\/span><span\n                                        class=\"property-desc line-limit-length\">170KM<\/span>\n                            <\/li>\n<li class=\"product-prop line-limit-length\"><span\n                                        class=\"property-title\">Certificat:&nbsp;<\/span><span\n                                        class=\"property-desc line-limit-length\"><\/span>\n                            <\/li>\n<\/ul><\/div>\n<div class=\"detailmodule_html\">\n<div class=\"detail-desc-decorate-richtext\">\n<div id=\"detail_decorate_root\">\n<div>&nbsp;<\/div>\n<div class=\"J_module\">\n<div class=\"magic-0\" id=\"ali-anchor-AliMagic-nsq3f0\">Sp\u00e9cification<\/div>\n<\/div>\n<div class=\"J_module\">\n<div class=\"ife-detail-decorate-table\">\n<table class=\"all magic-1\" style=\"border-collapse:collapse\">\n<tbody>\n<tr>\n<td colspan=\"1\" rowspan=\"1\">\n<div class=\"magic-2\">Batterie<\/div>\n<\/td>\n<td colspan=\"1\" rowspan=\"1\">\n<div class=\"magic-3\">60V 40Ah<\/div>\n<\/td>\n<\/tr>\n<tr>\n<td colspan=\"1\" rowspan=\"1\">\n<div class=\"magic-2\">Charge maximale<\/div>\n<\/td>\n<td colspan=\"1\" rowspan=\"1\">\n<div class=\"magic-3\">150 kg<\/div>\n<\/td>\n<\/tr>\n<tr>\n<td colspan=\"1\" rowspan=\"1\">\n<div class=\"magic-2\">Mat\u00e9riel<\/div>\n<\/td>\n<td colspan=\"1\" rowspan=\"1\">\n<div class=\"magic-3\">Alluminum Alloy<\/div>\n<\/td>\n<\/tr>\n<tr>\n<td colspan=\"1\" rowspan=\"1\">\n<div class=\"magic-2\">Moteur<\/div>\n<\/td>\n<td colspan=\"1\" rowspan=\"1\">\n<div class=\"magic-3\">6000 W<\/div>\n<\/td>\n<\/tr>\n<\/tbody>\n<\/table>\n<\/div>\n<\/div>\n<div class=\"J_module\">\n<div class=\"magic-0\" id=\"ali-anchor-AliMagic-of90id\">Description des produits<\/div>\n<\/div>\n<div class=\"J_module\">\n<div class=\"icbu-pc-detailManyImage magic-4\">\n<div class=\"magic-5\"><img decoding=\"async\" class=\"magic-6\" slate-data-type=\"image\" src=\"https:\/\/ae01.alicdn.com\/kf\/S65820a7038f74ae2962d6fa7dd49633cU.jpg?width=515&#038;height=486&#038;hash=1001\"><\/div>\n<div class=\"magic-5\"><img decoding=\"async\" class=\"magic-6\" slate-data-type=\"image\" src=\"https:\/\/ae01.alicdn.com\/kf\/S18a0638a27494cbcb2b027fb8e402defR.jpg?width=750&#038;height=500&#038;hash=1250\"><\/div>\n<div class=\"magic-5\"><img decoding=\"async\" class=\"magic-6\" slate-data-type=\"image\" src=\"https:\/\/ae01.alicdn.com\/kf\/Sfb8b0d08a8ba43f0a3dbaa62e1121c2aY.jpg?width=1200&#038;height=1200&#038;hash=2400\"><\/div>\n<div class=\"magic-5\"><img decoding=\"async\" class=\"magic-6\" slate-data-type=\"image\" src=\"https:\/\/ae01.alicdn.com\/kf\/Scc990049c36d4b37b24dad34dad1ec3cy.jpg?width=1200&#038;height=1200&#038;hash=2400\"><\/div>\n<div class=\"magic-5\"><img decoding=\"async\" class=\"magic-6\" slate-data-type=\"image\" src=\"https:\/\/ae01.alicdn.com\/kf\/S634a46af9b3d487b88a9aaff14bf8170J.jpg?width=1200&#038;height=1200&#038;hash=2400\"><\/div>\n<div class=\"magic-5\"><img decoding=\"async\" class=\"magic-6\" slate-data-type=\"image\" src=\"https:\/\/ae01.alicdn.com\/kf\/S5945295c1a9e46d1bff322cec005f4edG.jpg?width=750&#038;height=510&#038;hash=1260\"><\/div>\n<\/div>\n<\/div>\n<div class=\"J_module\">\n<div class=\"magic-0\" id=\"ali-anchor-AliMagic-6h2bwz\">Emballage du produit<\/div>\n<\/div>\n<div class=\"J_module\">\n<div class=\"icbu-pc-images magic-7\">\n<div>\n<div class=\"flex-layout-h\">\n<div class=\"flex-layout-v magic-8\">\n<div class=\"magic-9\"><img decoding=\"async\" class=\"magic-10\" slate-data-type=\"image\" src=\"https:\/\/ae01.alicdn.com\/kf\/Se230d80ee316434eb1ab9ed49ecceefcf.jpg?width=1280&#038;height=960&#038;hash=2240\"><\/div>\n<div class=\"magic-11\"><img decoding=\"async\" class=\"magic-12\" slate-data-type=\"image\" src=\"https:\/\/ae01.alicdn.com\/kf\/S931dedc708334ca2a5c3db969308fbe3G.jpg?width=800&#038;height=800&#038;hash=1600\"><\/div>\n<\/div>\n<div class=\"magic-13\"><img decoding=\"async\" class=\"magic-14\" slate-data-type=\"image\" src=\"https:\/\/ae01.alicdn.com\/kf\/S927640a021c846eea487f0093ab20dd7C.jpg?width=600&#038;height=800&#038;hash=1400\"><\/div>\n<\/div>\n<\/div>\n<\/div>\n<\/div>\n<div class=\"J_module\">\n<div class=\"icbu-pc-images magic-7\">\n<div>\n<div class=\"flex-layout-h\">\n<div class=\"flex-layout-v magic-15\">\n<div class=\"magic-16\"><img decoding=\"async\" class=\"magic-17\" slate-data-type=\"image\" src=\"https:\/\/ae01.alicdn.com\/kf\/S6c36c4e783784b24ae8e7c7eb35646f8U.jpg?width=600&#038;height=800&#038;hash=1400\"><\/div>\n<\/div>\n<div class=\"text-wrapper magic-18\">\n<div class=\"text-wrapper-right text-theme-light text-align-left\">\n<div class=\"text-content\">\n<div>&nbsp;<\/div>\n<div>&nbsp;<\/div>\n<div>&nbsp;<\/div>\n<div>&nbsp;<\/div>\n<div><span><strong>To better ensure the safety of&nbsp; your goods, professional,&nbsp; environmentally friendly,&nbsp; &nbsp;convenient and efficient&nbsp;packaging services<br \/>\nwill be provided<\/strong><\/span><\/div>\n<\/div>\n<\/div>\n<\/div>\n<\/div>\n<\/div>\n<\/div>\n<\/div>\n<div class=\"J_module\">\n<div class=\"icbu-pc-images magic-7\">\n<div>\n<div class=\"flex-layout-v\">\n<div class=\"magic-19\">Exposition<\/div>\n<\/div>\n<\/div>\n<\/div>\n<\/div>\n<div class=\"J_module\">\n<div class=\"icbu-pc-images magic-7\">\n<div class=\"flex-layout-h\">\n<div class=\"text-wrapper magic-18\">\n<div class=\"text-wrapper-right text-theme-light text-align-left\">\n<div class=\"text-title\">\n<div class=\"magic-29\">&nbsp;<\/div>\n<\/div>\n<div class=\"text-content\">E-ONE est une entreprise principalement sp\u00e9cialis\u00e9e dans l&#039;exportation de produits \u00e9nerg\u00e9tiques nouveaux. Elle est situ\u00e9e \u00e0 Hefei, capitale de la province de l&#039;Anhui. <strong>a \u00e9t\u00e9 officiellement autoris\u00e9 <\/strong>via ces marques industrielles bien connues, telles que <strong>Segway-Ninebot, Intex, DYU, HIMO, Kugoo<\/strong> et d&#039;autres produits renomm\u00e9s. Notre gamme compl\u00e8te de produits durables, \u00e9cologiques et propres comprend principalement\u00a0: <strong>trottinettes \u00e9lectriques, scooters \u00e9lectriques auto-\u00e9quilibr\u00e9s, monocycles \u00e9lectriques,<\/strong> <span><strong>karts \u00e9lectriques<\/strong><\/span> <strong>, v\u00e9los \u00e9lectriques, motos \u00e9lectriques<\/strong>Avec tous les certificats associ\u00e9s disponibles, ce qui nous permet d\u00e9finitivement de vendre nos produits ax\u00e9s sur la qualit\u00e9 dans le monde entier.<\/div>\n<\/div>\n<\/div>\n<\/div>\n<\/div>\n<\/div>\n<div class=\"J_module\">\n<div class=\"magic-0\" id=\"ali-anchor-AliMagic-9cjdi5\">FAQ<\/div>\n<\/div>\n<div class=\"J_module\">\n<div class=\"detail-decorate-json-renderer-container\">\n<div class=\"magic-30\">\n<h3 class=\"magic-31\">&nbsp;<\/h3>\n<div class=\"magic-32\">\n<div class=\"magic-33\">\n<div class=\"magic-34\"><strong>Q<\/strong>:\u00cates-vous fabricant ? <strong>UN<\/strong>: Yes, we are manufacturers.We can provide OEM \/ ODM customized service according to our customers\u2019 various application and demands.All of our products are fully patented, design, hardware and software,mold,assembly are done by our own team. <strong>Q<\/strong>:Quelle est la commande minimum (MOQ) ? <strong>UN<\/strong>Nous acceptons les produits standard \u00e0 l&#039;unit\u00e9. Nous pouvons m\u00eame personnaliser avec votre logo si n\u00e9cessaire. Si vous avez besoin d&#039;un fabricant d&#039;\u00e9quipement d&#039;origine (FEO), notre service commercial vous fournira des sp\u00e9cifications d\u00e9taill\u00e9es et vous confirmera la quantit\u00e9 minimale de commande. <strong>Q<\/strong>:Pouvons-nous obtenir l&#039;\u00e9chantillon gratuit ? <strong>UN<\/strong>D\u00e9sol\u00e9, nous ne fournissons g\u00e9n\u00e9ralement pas d&#039;\u00e9chantillon gratuit. Si le client confirme les sp\u00e9cifications et le prix, il peut commander un \u00e9chantillon pour le tester et l&#039;\u00e9valuer. <strong>Q<\/strong>:Comment commander et payer ? <strong>UN<\/strong>: Nous acceptons T\/T (virement bancaire), Alibaba en ligne, Western Union 1 Trade Assurance <strong>Q<\/strong>: What&#8217;s Your Products Warranty? <strong>UN<\/strong>:Nous offrons une garantie de 24 mois apr\u00e8s l&#039;exp\u00e9dition. <strong>Q<\/strong>:Combien de temps faudra-t-il pour la livraison ? <strong>UN<\/strong>Le d\u00e9lai de production est d&#039;environ 3 \u00e0 10 jours, selon les besoins, et le d\u00e9lai d&#039;exp\u00e9dition par DHL\/UPS\/FEDEX\/TNT est d&#039;environ 3 \u00e0 7 jours ouvr\u00e9s. Pour certaines r\u00e9gions \u00e9loign\u00e9es, le d\u00e9lai de livraison peut \u00eatre l\u00e9g\u00e8rement plus long. <strong>Q<\/strong> :Comment r\u00e9parer l&#039;appareil en cas de probl\u00e8me ? <strong>UN<\/strong>: Nous fournirons un support technique en ligne pour r\u00e9soudre le probl\u00e8me ; En cas de probl\u00e8me mat\u00e9riel, nous pouvons envoyer les pi\u00e8ces ou les composants et apprendre au client \u00e0 les adapter s&#039;il a un technicien ou peut \u00e9galement nous les renvoyer pour le r\u00e9parer. <strong>Q<\/strong>:Pouvez-vous personnaliser et distribuer notre produit ? <strong>UN<\/strong>:Nous sommes un fabricant professionnel de v\u00e9los \u00e9lectriques avec 8 ans d&#039;exp\u00e9rience dans la fabrication, prenons en charge toute personnalisation, distribution et vente en gros de produits.<\/div>\n<\/div>\n<\/div>\n<\/div>\n<\/div>\n<\/div>\n<\/div>\n<p>&nbsp;<\/p>\n<\/div>\n<\/div>","protected":false},"excerpt":{"rendered":"<p>Model Number:&nbsp;E5B Category:&nbsp;Two-wheel Scooter Applicable People:&nbsp;Unisex Range Per Charge:&nbsp;60-80km Charging Time:&nbsp;6-8h Voltage:&nbsp;60v Folded:&nbsp;YES Origin:&nbsp;Mainland China Power (W):&nbsp;6000W country of origin:&nbsp;Anhui, China brand:&nbsp;WO YU Model:&nbsp;E5B charging time:&nbsp;8-10 hours Whether to fold:&nbsp;Yes<\/p>","protected":false},"featured_media":8487,"comment_status":"open","ping_status":"closed","template":"","meta":{"_acf_changed":false},"product_brand":[],"product_cat":[468,297],"product_tag":[],"class_list":{"0":"post-8486","1":"product","2":"type-product","3":"status-publish","4":"has-post-thumbnail","6":"product_cat-electric-off-road-scooter","7":"product_cat-scooters","9":"first","10":"instock","11":"shipping-taxable","12":"purchasable","13":"product-type-simple"},"acf":[],"_links":{"self":[{"href":"https:\/\/electricstore.eu\/fr\/wp-json\/wp\/v2\/product\/8486","targetHints":{"allow":["GET"]}}],"collection":[{"href":"https:\/\/electricstore.eu\/fr\/wp-json\/wp\/v2\/product"}],"about":[{"href":"https:\/\/electricstore.eu\/fr\/wp-json\/wp\/v2\/types\/product"}],"replies":[{"embeddable":true,"href":"https:\/\/electricstore.eu\/fr\/wp-json\/wp\/v2\/comments?post=8486"}],"wp:featuredmedia":[{"embeddable":true,"href":"https:\/\/electricstore.eu\/fr\/wp-json\/wp\/v2\/media\/8487"}],"wp:attachment":[{"href":"https:\/\/electricstore.eu\/fr\/wp-json\/wp\/v2\/media?parent=8486"}],"wp:term":[{"taxonomy":"product_brand","embeddable":true,"href":"https:\/\/electricstore.eu\/fr\/wp-json\/wp\/v2\/product_brand?post=8486"},{"taxonomy":"product_cat","embeddable":true,"href":"https:\/\/electricstore.eu\/fr\/wp-json\/wp\/v2\/product_cat?post=8486"},{"taxonomy":"product_tag","embeddable":true,"href":"https:\/\/electricstore.eu\/fr\/wp-json\/wp\/v2\/product_tag?post=8486"}],"curies":[{"name":"wp","href":"https:\/\/api.w.org\/{rel}","templated":true}]}}