{"id":8462,"date":"2025-05-19T20:31:13","date_gmt":"2025-05-19T20:31:13","guid":{"rendered":"https:\/\/electricstore.eu\/product\/uncategorized\/hx-x8-folding-electric-scooter-350w-45km\/"},"modified":"2025-05-21T05:41:27","modified_gmt":"2025-05-21T05:41:27","slug":"hx-x8-folding-electric-scooter-350w-45km","status":"publish","type":"product","link":"https:\/\/electricstore.eu\/fr\/p\/scooters\/electric-city-scooters\/hx-x8-folding-electric-scooter-350w-45km\/","title":{"rendered":"Trottinette \u00e9lectrique pliable Kixin X8 350 W 36 V 10 Ah 32 km\/h 40-60 km 10 pouces"},"content":{"rendered":"<div class=\"product-specs-list-container\">\n<ul class=\"product-specs-list util-clearfix\">\n<li class=\"product-prop line-limit-length\"><span\n                                        class=\"property-title\">Num\u00e9ro de mod\u00e8le :&nbsp;<\/span><span\n                                        class=\"property-desc line-limit-length\">x8<\/span>\n                            <\/li>\n<li class=\"product-prop line-limit-length\"><span\n                                        class=\"property-title\">Cat\u00e9gorie:&nbsp;<\/span><span\n                                        class=\"property-desc line-limit-length\">Scooter \u00e0 deux roues<\/span>\n                            <\/li>\n<li class=\"product-prop line-limit-length\"><span\n                                        class=\"property-title\">Personnes concern\u00e9es :&nbsp;<\/span><span\n                                        class=\"property-desc line-limit-length\">FEMMES<\/span>\n                            <\/li>\n<li class=\"product-prop line-limit-length\"><span\n                                        class=\"property-title\">Autonomie par charge :&nbsp;<\/span><span\n                                        class=\"property-desc line-limit-length\">40-60 km<\/span>\n                            <\/li>\n<li class=\"product-prop line-limit-length\"><span\n                                        class=\"property-title\">Temps de charge :&nbsp;<\/span><span\n                                        class=\"property-desc line-limit-length\">6-8h<\/span>\n                            <\/li>\n<li class=\"product-prop line-limit-length\"><span\n                                        class=\"property-title\">tension:&nbsp;<\/span><span\n                                        class=\"property-desc line-limit-length\">36v<\/span>\n                            <\/li>\n<li class=\"product-prop line-limit-length\"><span\n                                        class=\"property-title\">Pli\u00e9 :&nbsp;<\/span><span\n                                        class=\"property-desc line-limit-length\">OUI<\/span>\n                            <\/li>\n<li class=\"product-prop line-limit-length\"><span\n                                        class=\"property-title\">Origine:&nbsp;<\/span><span\n                                        class=\"property-desc line-limit-length\">Chine continentale<\/span>\n                            <\/li>\n<li class=\"product-prop line-limit-length\"><span\n                                        class=\"property-title\">Puissance (W) :&nbsp;<\/span><span\n                                        class=\"property-desc line-limit-length\">201-500W<\/span>\n                            <\/li>\n<li class=\"product-prop line-limit-length\"><span\n                                        class=\"property-title\">Lieu d&#039;origine :&nbsp;<\/span><span\n                                        class=\"property-desc line-limit-length\">Guangdong, Chine<\/span>\n                            <\/li>\n<li class=\"product-prop line-limit-length\"><span\n                                        class=\"property-title\">Marque:&nbsp;<\/span><span\n                                        class=\"property-desc line-limit-length\">Kixin<\/span>\n                            <\/li>\n<li class=\"product-prop line-limit-length\"><span\n                                        class=\"property-title\">Num\u00e9ro de mod\u00e8le :&nbsp;<\/span><span\n                                        class=\"property-desc line-limit-length\">X8<\/span>\n                            <\/li>\n<li class=\"product-prop line-limit-length\"><span\n                                        class=\"property-title\">Temps de charge :&nbsp;<\/span><span\n                                        class=\"property-desc line-limit-length\">5-6h<\/span>\n                            <\/li>\n<li class=\"product-prop line-limit-length\"><span\n                                        class=\"property-title\">Pliable :&nbsp;<\/span><span\n                                        class=\"property-desc line-limit-length\">Oui<\/span>\n                            <\/li>\n<li class=\"product-prop line-limit-length\"><span\n                                        class=\"property-title\">Autonomie par charge :&nbsp;<\/span><span\n                                        class=\"property-desc line-limit-length\">40-60 km<\/span>\n                            <\/li>\n<li class=\"product-prop line-limit-length\"><span\n                                        class=\"property-title\">Vitesse maximale :&nbsp;<\/span><span\n                                        class=\"property-desc line-limit-length\">31-40 km\/h<\/span>\n                            <\/li>\n<li class=\"product-prop line-limit-length\"><span\n                                        class=\"property-title\">Cat\u00e9gorie:&nbsp;<\/span><span\n                                        class=\"property-desc line-limit-length\">Scooter \u00e0 deux roues<\/span>\n                            <\/li>\n<li class=\"product-prop line-limit-length\"><span\n                                        class=\"property-title\">Applicable \u00e0 la foule :&nbsp;<\/span><span\n                                        class=\"property-desc line-limit-length\">Unisexe<\/span>\n                            <\/li>\n<li class=\"product-prop line-limit-length\"><span\n                                        class=\"property-title\">Type intelligent :&nbsp;<\/span><span\n                                        class=\"property-desc line-limit-length\">\u00c9lectronique, num\u00e9rique<\/span>\n                            <\/li>\n<li class=\"product-prop line-limit-length\"><span\n                                        class=\"property-title\">Capacit\u00e9 de la batterie :&nbsp;<\/span><span\n                                        class=\"property-desc line-limit-length\">10ah<\/span>\n                            <\/li>\n<li class=\"product-prop line-limit-length\"><span\n                                        class=\"property-title\">Produit brevet\u00e9 :&nbsp;<\/span><span\n                                        class=\"property-desc line-limit-length\">NON<\/span>\n                            <\/li>\n<li class=\"product-prop line-limit-length\"><span\n                                        class=\"property-title\">Nom du produit :&nbsp;<\/span><span\n                                        class=\"property-desc line-limit-length\">Trottinette \u00e9lectrique pliable Kixin X8 pour adultes<\/span>\n                            <\/li>\n<li class=\"product-prop line-limit-length\"><span\n                                        class=\"property-title\">Vitesse maximale :&nbsp;<\/span><span\n                                        class=\"property-desc line-limit-length\">32 km\/h<\/span>\n                            <\/li>\n<li class=\"product-prop line-limit-length\"><span\n                                        class=\"property-title\">Batterie:&nbsp;<\/span><span\n                                        class=\"property-desc line-limit-length\">36 V 10 Ah<\/span>\n                            <\/li>\n<li class=\"product-prop line-limit-length\"><span\n                                        class=\"property-title\">Gamme:&nbsp;<\/span><span\n                                        class=\"property-desc line-limit-length\">35-45 km<\/span>\n                            <\/li>\n<li class=\"product-prop line-limit-length\"><span\n                                        class=\"property-title\">Puissance du moteur :&nbsp;<\/span><span\n                                        class=\"property-desc line-limit-length\">Moteur 350W<\/span>\n                            <\/li>\n<li class=\"product-prop line-limit-length\"><span\n                                        class=\"property-title\">Charge maximale :&nbsp;<\/span><span\n                                        class=\"property-desc line-limit-length\">100 kg<\/span>\n                            <\/li>\n<li class=\"product-prop line-limit-length\"><span\n                                        class=\"property-title\">Pneus:&nbsp;<\/span><span\n                                        class=\"property-desc line-limit-length\">roues de 10 pouces<\/span>\n                            <\/li>\n<li class=\"product-prop line-limit-length\"><span\n                                        class=\"property-title\">Certification:&nbsp;<\/span><span\n                                        class=\"property-desc line-limit-length\">CE<\/span>\n                            <\/li>\n<li class=\"product-prop line-limit-length\"><span\n                                        class=\"property-title\">Syst\u00e8me de freinage :&nbsp;<\/span><span\n                                        class=\"property-desc line-limit-length\">Freins \u00e0 disque avant et arri\u00e8re<\/span>\n                            <\/li>\n<li class=\"product-prop line-limit-length\"><span\n                                        class=\"property-title\">Escalade :&nbsp;<\/span><span\n                                        class=\"property-desc line-limit-length\">15\u00b0<\/span>\n                            <\/li>\n<li class=\"product-prop line-limit-length\"><span\n                                        class=\"property-title\">Certificat:&nbsp;<\/span><span\n                                        class=\"property-desc line-limit-length\"><\/span>\n                            <\/li>\n<\/ul><\/div>\n<div class=\"detailmodule_html\">\n<div class=\"detail-desc-decorate-richtext\">\n<div id=\"detail_decorate_root\">\n<div>\u00a0<\/div>\n<div>\n<div id=\"ali-anchor-AliMagic-guogje\">Sp\u00e9cification<\/div>\n<\/div>\n<div>\n<div>\n<table style=\"border-collapse:collapse\" class=\"has-title all magic-1\">\n<tbody>\n<tr>\n<td rowspan=\"1\" colspan=\"1\">\n<div>Num\u00e9ro de mod\u00e8le<\/div>\n<\/td>\n<td rowspan=\"1\" colspan=\"1\">\n<div>X8<\/div>\n<\/td>\n<\/tr>\n<tr>\n<td rowspan=\"1\" colspan=\"1\">\n<div>Tension de rotation<\/div>\n<\/td>\n<td rowspan=\"1\" colspan=\"1\">\n<div>36 V CC<\/div>\n<\/td>\n<\/tr>\n<tr>\n<td rowspan=\"1\" colspan=\"1\">\n<div>Puissance nominale<\/div>\n<\/td>\n<td rowspan=\"1\" colspan=\"1\">\n<div>350 W<\/div>\n<\/td>\n<\/tr>\n<tr>\n<td rowspan=\"1\" colspan=\"1\">\n<div>Mat\u00e9riel<\/div>\n<\/td>\n<td rowspan=\"1\" colspan=\"1\">\n<div>Alliage d&#039;aluminium<\/div>\n<\/td>\n<\/tr>\n<tr>\n<td rowspan=\"1\" colspan=\"1\">\n<div>Syst\u00e8me de freinage<\/div>\n<\/td>\n<td rowspan=\"1\" colspan=\"1\">\n<div>Frein \u00e0 disque\/frein manuel\/frein \u00e9lectrique<\/div>\n<\/td>\n<\/tr>\n<tr>\n<td rowspan=\"1\" colspan=\"1\">\n<div>Vitesse maximale<\/div>\n<\/td>\n<td rowspan=\"1\" colspan=\"1\">\n<div>32 km\/h (r\u00e9glable)<\/div>\n<\/td>\n<\/tr>\n<tr>\n<td rowspan=\"1\" colspan=\"1\">\n<div>Kilom\u00e9trage de conduite<\/div>\n<\/td>\n<td rowspan=\"1\" colspan=\"1\">\n<div>35-45 km<\/div>\n<\/td>\n<\/tr>\n<tr>\n<td rowspan=\"1\" colspan=\"1\">\n<div>Charge maximale<\/div>\n<\/td>\n<td rowspan=\"1\" colspan=\"1\">\n<div>100 kg<\/div>\n<\/td>\n<\/tr>\n<tr>\n<td rowspan=\"1\" colspan=\"1\">\n<div>Type intelligent<\/div>\n<\/td>\n<td rowspan=\"1\" colspan=\"1\">\n<div>\u00c9lectronique<\/div>\n<\/td>\n<\/tr>\n<tr>\n<td rowspan=\"1\" colspan=\"1\">\n<div>Capacit\u00e9 de la batterie<\/div>\n<\/td>\n<td rowspan=\"1\" colspan=\"1\">\n<div>10 Ah<\/div>\n<\/td>\n<\/tr>\n<tr>\n<td rowspan=\"1\" colspan=\"1\">\n<div>Niveau d&#039;\u00e9tanch\u00e9it\u00e9<\/div>\n<\/td>\n<td rowspan=\"1\" colspan=\"1\">\n<div>IP54<\/div>\n<\/td>\n<\/tr>\n<\/tbody>\n<\/table>\n<\/div>\n<\/div>\n<div>\n<div id=\"ali-anchor-AliMagic-28cakk\">Description du produit<\/div>\n<\/div>\n<div>\n<div>\n<div><img decoding=\"async\" class=\"magic-6\" src=\"https:\/\/ae01.alicdn.com\/kf\/Sb0b4bc708bb04f6897cf61c101f0ddedx.jpg?width=750&amp;height=1032&amp;hash=1782\" slate-data-type=\"image\"\/><\/div>\n<div><img decoding=\"async\" class=\"magic-6\" src=\"https:\/\/ae01.alicdn.com\/kf\/S20905f88e38d4f9bbccc9f88897cd65eL.jpg?width=750&amp;height=465&amp;hash=1215\" slate-data-type=\"image\"\/><\/div>\n<div><img decoding=\"async\" class=\"magic-6\" src=\"https:\/\/ae01.alicdn.com\/kf\/S4dbe36da43d24d83a7b358c768809be0w.jpg?width=750&amp;height=574&amp;hash=1324\" slate-data-type=\"image\"\/><\/div>\n<div><img decoding=\"async\" class=\"magic-6\" src=\"https:\/\/ae01.alicdn.com\/kf\/S0159ae8be9f442a984a47c8ea6894f6at.jpg?width=750&amp;height=400&amp;hash=1150\" slate-data-type=\"image\"\/><\/div>\n<div><img decoding=\"async\" class=\"magic-6\" src=\"https:\/\/ae01.alicdn.com\/kf\/S29a9755407f743d5ac741e2ecf89b53dZ.jpg?width=750&amp;height=400&amp;hash=1150\" slate-data-type=\"image\"\/><\/div>\n<div><img decoding=\"async\" class=\"magic-6\" src=\"https:\/\/ae01.alicdn.com\/kf\/S33f7f4f4169f460786e15ac3c6fde469R.jpg?width=750&amp;height=400&amp;hash=1150\" slate-data-type=\"image\"\/><\/div>\n<div><img decoding=\"async\" class=\"magic-6\" src=\"https:\/\/ae01.alicdn.com\/kf\/S55ecbf0dac4848fa90ec72579652c267o.jpg?width=750&amp;height=482&amp;hash=1232\" slate-data-type=\"image\"\/><\/div>\n<div><img decoding=\"async\" class=\"magic-6\" src=\"https:\/\/ae01.alicdn.com\/kf\/Sdec1a74b02bc490fbf8dd6e63a6fd8b3h.jpg?width=750&amp;height=482&amp;hash=1232\" slate-data-type=\"image\"\/><\/div>\n<div><img decoding=\"async\" class=\"magic-6\" src=\"https:\/\/ae01.alicdn.com\/kf\/Sa389f04557984de1a04f21293d3709a58.jpg?width=750&amp;height=400&amp;hash=1150\" slate-data-type=\"image\"\/><\/div>\n<div><img decoding=\"async\" class=\"magic-6\" src=\"https:\/\/ae01.alicdn.com\/kf\/Sb19c1e79d8ae460bb789c5091d205e77M.jpg?width=750&amp;height=400&amp;hash=1150\" slate-data-type=\"image\"\/><\/div>\n<\/div>\n<\/div>\n<div>\n<div>\n<div>\n<div>\n<div>\n<div><img decoding=\"async\" class=\"magic-9\" src=\"https:\/\/ae01.alicdn.com\/kf\/S9c7394fe3e904dfbbc4b2216e28f81c3H.jpg?width=750&amp;height=400&amp;hash=1150\" slate-data-type=\"image\"\/><\/div>\n<\/div>\n<\/div>\n<\/div>\n<\/div>\n<\/div>\n<div>\n<div>\n<div>\n<div>\n<div>\n<div><img decoding=\"async\" class=\"magic-11\" src=\"https:\/\/ae01.alicdn.com\/kf\/Sbdd70ca081ab4c71843e0b9505eb18fbs.jpg?width=1000&amp;height=600&amp;hash=1600\" slate-data-type=\"image\"\/><\/div>\n<\/div>\n<\/div>\n<\/div>\n<\/div>\n<\/div>\n<div>\n<div>\n<div>\n<div>\n<div>\n<div><img decoding=\"async\" class=\"magic-13\" src=\"https:\/\/ae01.alicdn.com\/kf\/S8d7af63b2dd547ac85acc44a32987dce6.jpg?width=750&amp;height=1000&amp;hash=1750\" slate-data-type=\"image\"\/><\/div>\n<\/div>\n<\/div>\n<\/div>\n<\/div>\n<\/div>\n<div>\n<div>\n<div>\n<div>\n<div>\n<div><img decoding=\"async\" class=\"magic-15\" src=\"https:\/\/ae01.alicdn.com\/kf\/Sd8939330a1cc4a4cb5f8c069c7af668bH.jpg?width=800&amp;height=800&amp;hash=1600\" slate-data-type=\"image\"\/><\/div>\n<\/div>\n<\/div>\n<\/div>\n<\/div>\n<\/div>\n<div>\n<div>\n<div>\n<div>\n<div>\n<div><img decoding=\"async\" class=\"magic-17\" src=\"https:\/\/ae01.alicdn.com\/kf\/See6dd473052c43b5a9ebcb2f862c269bO.jpg?width=367&amp;height=440&amp;hash=807\" slate-data-type=\"image\"\/><\/div>\n<div><img decoding=\"async\" class=\"magic-19\" src=\"https:\/\/ae01.alicdn.com\/kf\/Sb68fa86a5a5b4e41a904ac1b12085a9dO.jpg?width=800&amp;height=821&amp;hash=1621\" slate-data-type=\"image\"\/><\/div>\n<\/div>\n<\/div>\n<\/div>\n<\/div>\n<\/div>\n<div>\n<div>\n<div>\n<div>\n<div>\n<div><img decoding=\"async\" class=\"magic-21\" src=\"https:\/\/ae01.alicdn.com\/kf\/Sda9961bdf7ed4e369d1a0dfc85d45994I.jpg?width=1400&amp;height=1596&amp;hash=2996\" slate-data-type=\"image\"\/><\/div>\n<\/div>\n<\/div>\n<\/div>\n<\/div>\n<\/div>\n<div>\n<div id=\"ali-anchor-AliMagic-8z4j3s\">Profil de l&#039;entreprise<\/div>\n<\/div>\n<div>\n<div>\u00a0<\/div>\n<div>\n<div>\n<div>\u00a0<\/div>\n<div>E-ONE est une entreprise principalement sp\u00e9cialis\u00e9e dans l&#039;exportation de produits \u00e9nerg\u00e9tiques nouveaux. Elle est situ\u00e9e \u00e0 Hefei, capitale de la province de l&#039;Anhui. <strong>a \u00e9t\u00e9 officiellement autoris\u00e9 <\/strong>via ces marques industrielles bien connues, telles que <strong>Segway-Ninebot, Intex, DYU, HIMO, Kugoo<\/strong> et d&#039;autres produits renomm\u00e9s. Notre gamme compl\u00e8te de produits durables, \u00e9cologiques et propres comprend principalement\u00a0: <strong>trottinettes \u00e9lectriques, scooters \u00e9lectriques auto-\u00e9quilibr\u00e9s, monocycles \u00e9lectriques,<\/strong> <span><strong>karts \u00e9lectriques<\/strong><\/span> <strong>, v\u00e9los \u00e9lectriques, motos \u00e9lectriques<\/strong>Avec tous les certificats associ\u00e9s disponibles, ce qui nous permet d\u00e9finitivement de vendre nos produits ax\u00e9s sur la qualit\u00e9 dans le monde entier.<\/div>\n<\/div>\n<\/div>\n<\/div>\n<div>\n<div>\u00a0<\/div>\n<div>\n<div><img decoding=\"async\" class=\"magic-30\" src=\"https:\/\/ae01.alicdn.com\/kf\/Sd01d98a5d2e34d649f49394465343dbe4.jpg?width=693&amp;height=978&amp;hash=1671\" slate-data-type=\"image\"\/><\/div>\n<div><img decoding=\"async\" class=\"magic-32\" src=\"https:\/\/ae01.alicdn.com\/kf\/S3674a5ba838d4dd18bd1e5064ce9acd0Y.jpg?width=696&amp;height=980&amp;hash=1676\" slate-data-type=\"image\"\/><\/div>\n<\/div>\n<\/div>\n<div>\n<div id=\"ali-anchor-AliMagic-2wqzal\">Exposition<\/div>\n<\/div>\n<div>\n<div>\n<div>\n<div>\n<div>\n<div><img decoding=\"async\" class=\"magic-34\" src=\"https:\/\/ae01.alicdn.com\/kf\/Scc76444e41d347fbad43d728c374f28cx.jpg?width=940&amp;height=562&amp;hash=1502\" slate-data-type=\"image\"\/><\/div>\n<\/div>\n<\/div>\n<\/div>\n<\/div>\n<\/div>\n<div>\n<div id=\"ali-anchor-AliMagic-x6mm58\">Emballage du produit<\/div>\n<\/div>\n<div>\n<div>\n<div>\n<div>\n<div>\n<div><img decoding=\"async\" class=\"magic-37\" src=\"https:\/\/ae01.alicdn.com\/kf\/S603c352f31ec4ee7928249922cde2535G.jpg?width=1280&amp;height=960&amp;hash=2240\" slate-data-type=\"image\"\/><\/div>\n<div><img decoding=\"async\" class=\"magic-39\" src=\"https:\/\/ae01.alicdn.com\/kf\/S95bfd1d7a07f4f3d9b400cf282483639t.jpg?width=800&amp;height=800&amp;hash=1600\" slate-data-type=\"image\"\/><\/div>\n<\/div>\n<div><img decoding=\"async\" class=\"magic-41\" src=\"https:\/\/ae01.alicdn.com\/kf\/Sf819f886e9ee42da834170d7fbd1b7ach.jpg?width=600&amp;height=800&amp;hash=1400\" slate-data-type=\"image\"\/><\/div>\n<\/div>\n<\/div>\n<\/div>\n<\/div>\n<div>\n<div>\n<div>\n<div>\n<div>\n<div><img decoding=\"async\" class=\"magic-43\" src=\"https:\/\/ae01.alicdn.com\/kf\/S84939f2b10d24bd89ebbf28984b35e9cV.jpg?width=600&amp;height=800&amp;hash=1400\" slate-data-type=\"image\"\/><\/div>\n<\/div>\n<div>\n<div>\n<div>\n<div>\u00a0<\/div>\n<div>\u00a0<\/div>\n<div>\u00a0<\/div>\n<div>\u00a0<\/div>\n<div><span><strong>Pour mieux assurer la s\u00e9curit\u00e9 de vos marchandises, des services d&#039;emballage professionnels, respectueux de l&#039;environnement, pratiques et efficaces<br \/>sera fourni.<\/strong><\/span><\/div>\n<\/div>\n<\/div>\n<\/div>\n<\/div>\n<\/div>\n<\/div>\n<\/div>\n<div>\n<div id=\"ali-anchor-AliMagic-ekf6x0\">FAQ<\/div>\n<\/div>\n<div>\n<div>\n<div>\n<h3 class=\"magic-45\"><\/h3>\n<div>\n<div>\n<div><strong>Q<\/strong>:\u00cates-vous fabricant ? <strong>UN<\/strong>:Oui, nous sommes fabricants. Nous pouvons fournir un service personnalis\u00e9 OEM \/ ODM en fonction des diverses applications et demandes de nos clients. Tous nos produits sont enti\u00e8rement brevet\u00e9s, la conception, le mat\u00e9riel et les logiciels, le moule, l&#039;assemblage sont effectu\u00e9s par notre propre \u00e9quipe. <strong>Q<\/strong>:Quelle est la commande minimum (MOQ) ? <strong>UN<\/strong>Nous acceptons les produits standard \u00e0 l&#039;unit\u00e9. Nous pouvons m\u00eame personnaliser avec votre logo si n\u00e9cessaire. Si vous avez besoin d&#039;un fabricant d&#039;\u00e9quipement d&#039;origine (FEO), notre service commercial vous fournira des sp\u00e9cifications d\u00e9taill\u00e9es et vous confirmera la quantit\u00e9 minimale de commande. <strong>Q<\/strong>:Pouvons-nous obtenir l&#039;\u00e9chantillon gratuit ? <strong>UN<\/strong>D\u00e9sol\u00e9, nous ne fournissons g\u00e9n\u00e9ralement pas d&#039;\u00e9chantillon gratuit. Si le client confirme les sp\u00e9cifications et le prix, il peut commander un \u00e9chantillon pour le tester et l&#039;\u00e9valuer. <strong>Q<\/strong>:Comment commander et payer ? <strong>UN<\/strong>: Nous acceptons T\/T (virement bancaire), Alibaba en ligne, Western Union 1 Trade Assurance <strong>Q<\/strong>:Quelle est la garantie de vos produits\u00a0? <strong>UN<\/strong>:Nous offrons une garantie de 24 mois apr\u00e8s l&#039;exp\u00e9dition. <strong>Q<\/strong>:Combien de temps faudra-t-il pour la livraison ? <strong>UN<\/strong>Le d\u00e9lai de production est d&#039;environ 3 \u00e0 10 jours, selon les besoins, et le d\u00e9lai d&#039;exp\u00e9dition par DHL\/UPS\/FEDEX\/TNT est d&#039;environ 3 \u00e0 7 jours ouvr\u00e9s. Pour certaines r\u00e9gions \u00e9loign\u00e9es, le d\u00e9lai de livraison peut \u00eatre l\u00e9g\u00e8rement plus long. <strong>Q<\/strong> :Comment r\u00e9parer l&#039;appareil en cas de probl\u00e8me ? <strong>UN<\/strong>: Nous fournirons un support technique en ligne pour r\u00e9soudre le probl\u00e8me ; En cas de probl\u00e8me mat\u00e9riel, nous pouvons envoyer les pi\u00e8ces ou les composants et apprendre au client \u00e0 les adapter s&#039;il a un technicien ou peut \u00e9galement nous les renvoyer pour le r\u00e9parer. <strong>Q<\/strong>:Pouvez-vous personnaliser et distribuer notre produit ? <strong>UN<\/strong>:Nous sommes un fabricant professionnel de v\u00e9los \u00e9lectriques avec 8 ans d&#039;exp\u00e9rience dans la fabrication, prenons en charge toute personnalisation, distribution et vente en gros de produits.<\/div>\n<\/div>\n<\/div>\n<\/div>\n<\/div>\n<\/div>\n<\/div>\n<\/div>\n<\/div>\n<p><\/p>","protected":false},"excerpt":{"rendered":"<p>Model Number:&nbsp;x8 Category:&nbsp;Two-wheel Scooter Applicable People:&nbsp;WOMEN Range Per Charge:&nbsp;40-60km Charging Time:&nbsp;6-8h Voltage:&nbsp;36v Folded:&nbsp;YES Origin:&nbsp;Mainland China Power (W):&nbsp;201-500W Place of Origin:&nbsp;Guangdong, China Brand:&nbsp;Kixin Model Number:&nbsp;X8 Charging Time:&nbsp;5-6h Foldable:&nbsp;Yes Range Per Charge:&nbsp;40-60km<\/p>","protected":false},"featured_media":8464,"comment_status":"open","ping_status":"closed","template":"","meta":{"_acf_changed":false},"product_brand":[],"product_cat":[469],"product_tag":[],"class_list":{"0":"post-8462","1":"product","2":"type-product","3":"status-publish","4":"has-post-thumbnail","6":"product_cat-electric-city-scooters","8":"first","9":"instock","10":"shipping-taxable","11":"purchasable","12":"product-type-variable"},"acf":[],"_links":{"self":[{"href":"https:\/\/electricstore.eu\/fr\/wp-json\/wp\/v2\/product\/8462","targetHints":{"allow":["GET"]}}],"collection":[{"href":"https:\/\/electricstore.eu\/fr\/wp-json\/wp\/v2\/product"}],"about":[{"href":"https:\/\/electricstore.eu\/fr\/wp-json\/wp\/v2\/types\/product"}],"replies":[{"embeddable":true,"href":"https:\/\/electricstore.eu\/fr\/wp-json\/wp\/v2\/comments?post=8462"}],"wp:featuredmedia":[{"embeddable":true,"href":"https:\/\/electricstore.eu\/fr\/wp-json\/wp\/v2\/media\/8464"}],"wp:attachment":[{"href":"https:\/\/electricstore.eu\/fr\/wp-json\/wp\/v2\/media?parent=8462"}],"wp:term":[{"taxonomy":"product_brand","embeddable":true,"href":"https:\/\/electricstore.eu\/fr\/wp-json\/wp\/v2\/product_brand?post=8462"},{"taxonomy":"product_cat","embeddable":true,"href":"https:\/\/electricstore.eu\/fr\/wp-json\/wp\/v2\/product_cat?post=8462"},{"taxonomy":"product_tag","embeddable":true,"href":"https:\/\/electricstore.eu\/fr\/wp-json\/wp\/v2\/product_tag?post=8462"}],"curies":[{"name":"wp","href":"https:\/\/api.w.org\/{rel}","templated":true}]}}