{"id":8437,"date":"2025-05-19T20:30:55","date_gmt":"2025-05-19T20:30:55","guid":{"rendered":"https:\/\/electricstore.eu\/product\/uncategorized\/hx-x6-250w36v5ah\/"},"modified":"2025-05-20T13:08:17","modified_gmt":"2025-05-20T13:08:17","slug":"hx-x6-250w36v5ah","status":"publish","type":"product","link":"https:\/\/electricstore.eu\/fr\/p\/scooters\/electric-city-scooters\/hx-x6-250w36v5ah\/","title":{"rendered":"Trottinette pliable \u00e0 deux roues WOYU X6 250 W 36 V 5 Ah 25 km\/h 40-60 km"},"content":{"rendered":"<div class=\"product-specs-list-container\">\n<ul class=\"product-specs-list util-clearfix\">\n<li class=\"product-prop line-limit-length\"><span\n                                        class=\"property-title\">Num\u00e9ro de mod\u00e8le :&nbsp;<\/span><span\n                                        class=\"property-desc line-limit-length\">X6<\/span>\n                            <\/li>\n<li class=\"product-prop line-limit-length\"><span\n                                        class=\"property-title\">Cat\u00e9gorie:&nbsp;<\/span><span\n                                        class=\"property-desc line-limit-length\">Scooter \u00e0 deux roues<\/span>\n                            <\/li>\n<li class=\"product-prop line-limit-length\"><span\n                                        class=\"property-title\">Personnes concern\u00e9es :&nbsp;<\/span><span\n                                        class=\"property-desc line-limit-length\">Unisexe<\/span>\n                            <\/li>\n<li class=\"product-prop line-limit-length\"><span\n                                        class=\"property-title\">Autonomie par charge :&nbsp;<\/span><span\n                                        class=\"property-desc line-limit-length\">40-60 km<\/span>\n                            <\/li>\n<li class=\"product-prop line-limit-length\"><span\n                                        class=\"property-title\">Temps de charge :&nbsp;<\/span><span\n                                        class=\"property-desc line-limit-length\">1-2h<\/span>\n                            <\/li>\n<li class=\"product-prop line-limit-length\"><span\n                                        class=\"property-title\">tension:&nbsp;<\/span><span\n                                        class=\"property-desc line-limit-length\">36v<\/span>\n                            <\/li>\n<li class=\"product-prop line-limit-length\"><span\n                                        class=\"property-title\">Pli\u00e9 :&nbsp;<\/span><span\n                                        class=\"property-desc line-limit-length\">OUI<\/span>\n                            <\/li>\n<li class=\"product-prop line-limit-length\"><span\n                                        class=\"property-title\">Origine:&nbsp;<\/span><span\n                                        class=\"property-desc line-limit-length\">Chine continentale<\/span>\n                            <\/li>\n<li class=\"product-prop line-limit-length\"><span\n                                        class=\"property-title\">Puissance (W) :&nbsp;<\/span><span\n                                        class=\"property-desc line-limit-length\">201-500W<\/span>\n                            <\/li>\n<li class=\"product-prop line-limit-length\"><span\n                                        class=\"property-title\">Lieu d&#039;origine :&nbsp;<\/span><span\n                                        class=\"property-desc line-limit-length\">Anhui, Chine<\/span>\n                            <\/li>\n<li class=\"product-prop line-limit-length\"><span\n                                        class=\"property-title\">Marque:&nbsp;<\/span><span\n                                        class=\"property-desc line-limit-length\">WOYU<\/span>\n                            <\/li>\n<li class=\"product-prop line-limit-length\"><span\n                                        class=\"property-title\">Num\u00e9ro de mod\u00e8le :&nbsp;<\/span><span\n                                        class=\"property-desc line-limit-length\">X6<\/span>\n                            <\/li>\n<li class=\"product-prop line-limit-length\"><span\n                                        class=\"property-title\">Temps de charge :&nbsp;<\/span><span\n                                        class=\"property-desc line-limit-length\">2-3h<\/span>\n                            <\/li>\n<li class=\"product-prop line-limit-length\"><span\n                                        class=\"property-title\">Pliable :&nbsp;<\/span><span\n                                        class=\"property-desc line-limit-length\">Oui<\/span>\n                            <\/li>\n<li class=\"product-prop line-limit-length\"><span\n                                        class=\"property-title\">Autonomie par charge :&nbsp;<\/span><span\n                                        class=\"property-desc line-limit-length\">15-25 km<\/span>\n                            <\/li>\n<li class=\"product-prop line-limit-length\"><span\n                                        class=\"property-title\">Vitesse maximale :&nbsp;<\/span><span\n                                        class=\"property-desc line-limit-length\">25 km\/h<\/span>\n                            <\/li>\n<li class=\"product-prop line-limit-length\"><span\n                                        class=\"property-title\">Cat\u00e9gorie:&nbsp;<\/span><span\n                                        class=\"property-desc line-limit-length\">Scooter \u00e0 deux roues<\/span>\n                            <\/li>\n<li class=\"product-prop line-limit-length\"><span\n                                        class=\"property-title\">Applicable \u00e0 la foule :&nbsp;<\/span><span\n                                        class=\"property-desc line-limit-length\">Unisexe<\/span>\n                            <\/li>\n<li class=\"product-prop line-limit-length\"><span\n                                        class=\"property-title\">Type intelligent :&nbsp;<\/span><span\n                                        class=\"property-desc line-limit-length\">\u00c9lectronique<\/span>\n                            <\/li>\n<li class=\"product-prop line-limit-length\"><span\n                                        class=\"property-title\">Capacit\u00e9 de la batterie :&nbsp;<\/span><span\n                                        class=\"property-desc line-limit-length\">5Ah<\/span>\n                            <\/li>\n<li class=\"product-prop line-limit-length\"><span\n                                        class=\"property-title\">Produit brevet\u00e9 :&nbsp;<\/span><span\n                                        class=\"property-desc line-limit-length\">NON<\/span>\n                            <\/li>\n<li class=\"product-prop line-limit-length\"><span\n                                        class=\"property-title\">Certificat:&nbsp;<\/span><span\n                                        class=\"property-desc line-limit-length\"><\/span>\n                            <\/li>\n<\/ul><\/div>\n<div class=\"detailmodule_html\">\n<div class=\"detail-desc-decorate-richtext\">\n<div id=\"detail_decorate_root\">\n<div>\u00a0<\/div>\n<div>\n<div id=\"ali-anchor-AliMagic-r9fewk\">Sp\u00e9cification<\/div>\n<\/div>\n<div>\n<div>\n<table style=\"border-collapse:collapse\" class=\"all magic-1\">\n<tbody>\n<tr>\n<td rowspan=\"1\" colspan=\"1\">\n<div>Nom du produit<\/div>\n<\/td>\n<td rowspan=\"1\" colspan=\"1\">\n<div>Trottinette \u00e9lectrique pliable X6<\/div>\n<\/td>\n<\/tr>\n<tr>\n<td rowspan=\"1\" colspan=\"1\">\n<div>Tension de rotation<\/div>\n<\/td>\n<td rowspan=\"1\" colspan=\"1\">\n<div>25,2 V CC<\/div>\n<\/td>\n<\/tr>\n<tr>\n<td rowspan=\"1\" colspan=\"1\">\n<div>Moteur<\/div>\n<\/td>\n<td rowspan=\"1\" colspan=\"1\">\n<div>250 W<\/div>\n<\/td>\n<\/tr>\n<tr>\n<td rowspan=\"1\" colspan=\"1\">\n<div>Mat\u00e9riel<\/div>\n<\/td>\n<td rowspan=\"1\" colspan=\"1\">\n<div>Alliage d&#039;aluminium<\/div>\n<\/td>\n<\/tr>\n<tr>\n<td rowspan=\"1\" colspan=\"1\">\n<div>Syst\u00e8me de freinage<\/div>\n<\/td>\n<td rowspan=\"1\" colspan=\"1\">\n<div>Frein \u00e0 pied\/frein \u00e9lectrique<\/div>\n<\/td>\n<\/tr>\n<tr>\n<td rowspan=\"1\" colspan=\"1\">\n<div>Vitesse maximale<\/div>\n<\/td>\n<td rowspan=\"1\" colspan=\"1\">\n<div>25 km\/h<\/div>\n<\/td>\n<\/tr>\n<tr>\n<td rowspan=\"1\" colspan=\"1\">\n<div>Kilom\u00e9trage de conduite<\/div>\n<\/td>\n<td rowspan=\"1\" colspan=\"1\">\n<div>10-20 km<\/div>\n<\/td>\n<\/tr>\n<tr>\n<td rowspan=\"1\" colspan=\"1\">\n<div>Charge maximale<\/div>\n<\/td>\n<td rowspan=\"1\" colspan=\"1\">\n<div>100-120 kg<\/div>\n<\/td>\n<\/tr>\n<\/tbody>\n<\/table>\n<\/div>\n<\/div>\n<div>\n<div id=\"ali-anchor-AliMagic-q46x71\">Description des produits<\/div>\n<\/div>\n<div>\n<div>\n<div><img decoding=\"async\" class=\"magic-6\" src=\"https:\/\/ae01.alicdn.com\/kf\/S36d3973e15ed4356948b6da5d2136ab6P.jpg?width=1000&amp;height=599&amp;hash=1599\" slate-data-type=\"image\"\/><\/div>\n<div><img decoding=\"async\" class=\"magic-6\" src=\"https:\/\/ae01.alicdn.com\/kf\/Sc0b2a428a141494b8753f1a74f366430D.jpg?width=1000&amp;height=600&amp;hash=1600\" slate-data-type=\"image\"\/><\/div>\n<div><img decoding=\"async\" class=\"magic-6\" src=\"https:\/\/ae01.alicdn.com\/kf\/Se88d0293175c4e6091f4b97c58a6d6289.jpg?width=1000&amp;height=600&amp;hash=1600\" slate-data-type=\"image\"\/><\/div>\n<div><img decoding=\"async\" class=\"magic-6\" src=\"https:\/\/ae01.alicdn.com\/kf\/S60c03cde4565400999b731dbf1bfc1a3f.jpg?width=1000&amp;height=600&amp;hash=1600\" slate-data-type=\"image\"\/><\/div>\n<div><img decoding=\"async\" class=\"magic-6\" src=\"https:\/\/ae01.alicdn.com\/kf\/S3ec6b44fcb5c4d288c1a6669cc7554b4H.jpg?width=589&amp;height=600&amp;hash=1189\" slate-data-type=\"image\"\/><\/div>\n<div><img decoding=\"async\" class=\"magic-6\" src=\"https:\/\/ae01.alicdn.com\/kf\/S8a9433f09f924c71a407b200602e8687m.jpg?width=1000&amp;height=601&amp;hash=1601\" slate-data-type=\"image\"\/><\/div>\n<div><img decoding=\"async\" class=\"magic-6\" src=\"https:\/\/ae01.alicdn.com\/kf\/Sfd2920eee88f4e5f8b8198bf1ccca7b6N.jpg?width=1000&amp;height=600&amp;hash=1600\" slate-data-type=\"image\"\/><\/div>\n<div><img decoding=\"async\" class=\"magic-6\" src=\"https:\/\/ae01.alicdn.com\/kf\/S606047fbcda74fa09dc7f473e3099c2bh.jpg?width=1000&amp;height=600&amp;hash=1600\" slate-data-type=\"image\"\/><\/div>\n<\/div>\n<\/div>\n<div>\n<div id=\"ali-anchor-AliMagic-gt2oye\">Emballage du produit<\/div>\n<\/div>\n<div>\n<div>\n<div>\n<div>\n<div>\n<div><img decoding=\"async\" class=\"magic-10\" src=\"https:\/\/ae01.alicdn.com\/kf\/S603c352f31ec4ee7928249922cde2535G.jpg?width=1280&amp;height=960&amp;hash=2240\" slate-data-type=\"image\"\/><\/div>\n<div><img decoding=\"async\" class=\"magic-12\" src=\"https:\/\/ae01.alicdn.com\/kf\/S95bfd1d7a07f4f3d9b400cf282483639t.jpg?width=800&amp;height=800&amp;hash=1600\" slate-data-type=\"image\"\/><\/div>\n<\/div>\n<div><img decoding=\"async\" class=\"magic-14\" src=\"https:\/\/ae01.alicdn.com\/kf\/Sf819f886e9ee42da834170d7fbd1b7ach.jpg?width=600&amp;height=800&amp;hash=1400\" slate-data-type=\"image\"\/><\/div>\n<\/div>\n<\/div>\n<\/div>\n<\/div>\n<div>\n<div>\n<div>\n<div>\n<div>\n<div><img decoding=\"async\" class=\"magic-17\" src=\"https:\/\/ae01.alicdn.com\/kf\/S84939f2b10d24bd89ebbf28984b35e9cV.jpg?width=600&amp;height=800&amp;hash=1400\" slate-data-type=\"image\"\/><\/div>\n<\/div>\n<div>\n<div>\n<div>\n<div>\u00a0<\/div>\n<div>\u00a0<\/div>\n<div>\u00a0<\/div>\n<div>\u00a0<\/div>\n<div><span><strong>Pour mieux assurer la s\u00e9curit\u00e9 de vos marchandises, des services d&#039;emballage professionnels, respectueux de l&#039;environnement, pratiques et efficaces<br \/>sera fourni.<\/strong><\/span><\/div>\n<\/div>\n<\/div>\n<\/div>\n<\/div>\n<\/div>\n<\/div>\n<\/div>\n<div>\n<div>\u00a0<\/div>\n<div>\n<div><img decoding=\"async\" class=\"magic-22\" src=\"https:\/\/ae01.alicdn.com\/kf\/Sd01d98a5d2e34d649f49394465343dbe4.jpg?width=693&amp;height=978&amp;hash=1671\" slate-data-type=\"image\"\/><\/div>\n<div><img decoding=\"async\" class=\"magic-24\" src=\"https:\/\/ae01.alicdn.com\/kf\/S3674a5ba838d4dd18bd1e5064ce9acd0Y.jpg?width=696&amp;height=980&amp;hash=1676\" slate-data-type=\"image\"\/><\/div>\n<\/div>\n<\/div>\n<div>\n<div id=\"ali-anchor-AliMagic-08we1r\">Exposition<\/div>\n<\/div>\n<div>\n<div>\n<div>\n<div>\n<div>\n<div><img decoding=\"async\" class=\"magic-26\" src=\"https:\/\/ae01.alicdn.com\/kf\/Scc76444e41d347fbad43d728c374f28cx.jpg?width=940&amp;height=562&amp;hash=1502\" slate-data-type=\"image\"\/><\/div>\n<\/div>\n<\/div>\n<\/div>\n<\/div>\n<\/div>\n<div>\n<div id=\"ali-anchor-AliMagic-zzqent\">Profil de l&#039;entreprise<\/div>\n<\/div>\n<div>\n<div>\u00a0<\/div>\n<div>\n<div>\n<div>\u00a0<\/div>\n<div>E-ONE est une entreprise principalement sp\u00e9cialis\u00e9e dans l&#039;exportation de produits \u00e9nerg\u00e9tiques nouveaux. Elle est situ\u00e9e \u00e0 Hefei, capitale de la province de l&#039;Anhui. <strong>a \u00e9t\u00e9 officiellement autoris\u00e9 <\/strong>via ces marques industrielles bien connues, telles que <strong>Segway-Ninebot, Intex, DYU, HIMO, Kugoo<\/strong> et d&#039;autres produits renomm\u00e9s. Notre gamme compl\u00e8te de produits durables, \u00e9cologiques et propres comprend principalement\u00a0: <strong>trottinettes \u00e9lectriques, scooters \u00e9lectriques auto-\u00e9quilibr\u00e9s, monocycles \u00e9lectriques,<\/strong> <span><strong>karts \u00e9lectriques<\/strong><\/span> <strong>, v\u00e9los \u00e9lectriques, motos \u00e9lectriques<\/strong>Avec tous les certificats associ\u00e9s disponibles, ce qui nous permet d\u00e9finitivement de vendre nos produits ax\u00e9s sur la qualit\u00e9 dans le monde entier.<\/div>\n<\/div>\n<\/div>\n<\/div>\n<div>\n<div id=\"ali-anchor-AliMagic-fpcuhm\">FAQ<\/div>\n<\/div>\n<div>\n<div>\n<div>\n<h3 class=\"magic-31\"><\/h3>\n<div>\n<div>\n<div><strong>Q<\/strong>:\u00cates-vous fabricant ? <strong>UN<\/strong>:Oui, nous sommes fabricants. Nous pouvons fournir un service personnalis\u00e9 OEM \/ ODM en fonction des diverses applications et demandes de nos clients. Tous nos produits sont enti\u00e8rement brevet\u00e9s, la conception, le mat\u00e9riel et les logiciels, le moule, l&#039;assemblage sont effectu\u00e9s par notre propre \u00e9quipe. <strong>Q<\/strong>:Quelle est la commande minimum (MOQ) ? <strong>UN<\/strong>Nous acceptons les produits standard \u00e0 l&#039;unit\u00e9. Nous pouvons m\u00eame personnaliser avec votre logo si n\u00e9cessaire. Si vous avez besoin d&#039;un fabricant d&#039;\u00e9quipement d&#039;origine (FEO), notre service commercial vous fournira des sp\u00e9cifications d\u00e9taill\u00e9es et vous confirmera la quantit\u00e9 minimale de commande. <strong>Q<\/strong>:Pouvons-nous obtenir l&#039;\u00e9chantillon gratuit ? <strong>UN<\/strong>D\u00e9sol\u00e9, nous ne fournissons g\u00e9n\u00e9ralement pas d&#039;\u00e9chantillon gratuit. Si le client confirme les sp\u00e9cifications et le prix, il peut commander un \u00e9chantillon pour le tester et l&#039;\u00e9valuer. <strong>Q<\/strong>:Comment commander et payer ? <strong>UN<\/strong>: Nous acceptons T\/T (virement bancaire), Alibaba en ligne, Western Union 1 Trade Assurance <strong>Q<\/strong>:Quelle est la garantie de vos produits\u00a0? <strong>UN<\/strong>:Nous offrons une garantie de 24 mois apr\u00e8s l&#039;exp\u00e9dition. <strong>Q<\/strong>:Combien de temps faudra-t-il pour la livraison ? <strong>UN<\/strong>Le d\u00e9lai de production est d&#039;environ 3 \u00e0 10 jours, selon les besoins, et le d\u00e9lai d&#039;exp\u00e9dition par DHL\/UPS\/FEDEX\/TNT est d&#039;environ 3 \u00e0 7 jours ouvr\u00e9s. Pour certaines r\u00e9gions \u00e9loign\u00e9es, le d\u00e9lai de livraison peut \u00eatre l\u00e9g\u00e8rement plus long. <strong>Q<\/strong> :Comment r\u00e9parer l&#039;appareil en cas de probl\u00e8me ? <strong>UN<\/strong>: Nous fournirons un support technique en ligne pour r\u00e9soudre le probl\u00e8me ; En cas de probl\u00e8me mat\u00e9riel, nous pouvons envoyer les pi\u00e8ces ou les composants et apprendre au client \u00e0 les adapter s&#039;il a un technicien ou peut \u00e9galement nous les renvoyer pour le r\u00e9parer. <strong>Q<\/strong>:Pouvez-vous personnaliser et distribuer notre produit ? <strong>UN<\/strong>:Nous sommes un fabricant professionnel de v\u00e9los \u00e9lectriques avec 8 ans d&#039;exp\u00e9rience dans la fabrication, prenons en charge toute personnalisation, distribution et vente en gros de produits.<\/div>\n<\/div>\n<\/div>\n<\/div>\n<\/div>\n<\/div>\n<\/div>\n<div><\/div>\n<\/div>\n<\/div>\n<p><\/p>","protected":false},"excerpt":{"rendered":"<p>Model Number:&nbsp;X6 Category:&nbsp;Two-wheel Scooter Applicable People:&nbsp;Unisex Range Per Charge:&nbsp;40-60km Charging Time:&nbsp;1-2h Voltage:&nbsp;36v Folded:&nbsp;YES Origin:&nbsp;Mainland China Power (W):&nbsp;201-500W Place of Origin:&nbsp;Anhui, China Brand:&nbsp;WOYU Model Number:&nbsp;X6 Charging Time:&nbsp;2-3h Foldable:&nbsp;Yes Range Per Charge:&nbsp;15-25KM<\/p>","protected":false},"featured_media":8438,"comment_status":"open","ping_status":"closed","template":"","meta":{"_acf_changed":false},"product_brand":[],"product_cat":[469],"product_tag":[],"class_list":{"0":"post-8437","1":"product","2":"type-product","3":"status-publish","4":"has-post-thumbnail","6":"product_cat-electric-city-scooters","8":"first","9":"instock","10":"shipping-taxable","11":"purchasable","12":"product-type-simple"},"acf":[],"_links":{"self":[{"href":"https:\/\/electricstore.eu\/fr\/wp-json\/wp\/v2\/product\/8437","targetHints":{"allow":["GET"]}}],"collection":[{"href":"https:\/\/electricstore.eu\/fr\/wp-json\/wp\/v2\/product"}],"about":[{"href":"https:\/\/electricstore.eu\/fr\/wp-json\/wp\/v2\/types\/product"}],"replies":[{"embeddable":true,"href":"https:\/\/electricstore.eu\/fr\/wp-json\/wp\/v2\/comments?post=8437"}],"wp:featuredmedia":[{"embeddable":true,"href":"https:\/\/electricstore.eu\/fr\/wp-json\/wp\/v2\/media\/8438"}],"wp:attachment":[{"href":"https:\/\/electricstore.eu\/fr\/wp-json\/wp\/v2\/media?parent=8437"}],"wp:term":[{"taxonomy":"product_brand","embeddable":true,"href":"https:\/\/electricstore.eu\/fr\/wp-json\/wp\/v2\/product_brand?post=8437"},{"taxonomy":"product_cat","embeddable":true,"href":"https:\/\/electricstore.eu\/fr\/wp-json\/wp\/v2\/product_cat?post=8437"},{"taxonomy":"product_tag","embeddable":true,"href":"https:\/\/electricstore.eu\/fr\/wp-json\/wp\/v2\/product_tag?post=8437"}],"curies":[{"name":"wp","href":"https:\/\/api.w.org\/{rel}","templated":true}]}}