{"id":8387,"date":"2025-05-19T20:30:27","date_gmt":"2025-05-19T20:30:27","guid":{"rendered":"https:\/\/electricstore.eu\/product\/uncategorized\/humsienk-12v-200ah-2560wh\/"},"modified":"2025-05-21T05:39:57","modified_gmt":"2025-05-21T05:39:57","slug":"humsienk-12v-200ah-2560wh","status":"publish","type":"product","link":"https:\/\/electricstore.eu\/fr\/p\/batteries\/lifepo4-batteries\/100-200ah-lifepo4-batteries\/humsienk-12v-200ah-2560wh\/","title":{"rendered":"Batterie LiFePO4 Humsienk 200 Ah 12 V"},"content":{"rendered":"<div class=\"product-specs-list-container\">\n<ul class=\"product-specs-list util-clearfix\">\n<li class=\"product-prop line-limit-length\"><span\n                                        class=\"property-title\">Produits chimiques hautement pr\u00e9occupants :&nbsp;<\/span><span\n                                        class=\"property-desc line-limit-length\">Aucun<\/span>\n                            <\/li>\n<li class=\"product-prop line-limit-length\"><span\n                                        class=\"property-title\">Capacit\u00e9 nominale :&nbsp;<\/span><span\n                                        class=\"property-desc line-limit-length\">200 Ah<\/span>\n                            <\/li>\n<li class=\"product-prop line-limit-length\"><span\n                                        class=\"property-title\">Poids:&nbsp;<\/span><span\n                                        class=\"property-desc line-limit-length\">45,20 lb \/ 20,5 kg<\/span>\n                            <\/li>\n<li class=\"product-prop line-limit-length\"><span\n                                        class=\"property-title\">tension:&nbsp;<\/span><span\n                                        class=\"property-desc line-limit-length\">12,8 V<\/span>\n                            <\/li>\n<li class=\"product-prop line-limit-length\"><span\n                                        class=\"property-title\">Taille:&nbsp;<\/span><span\n                                        class=\"property-desc line-limit-length\">21,0 x 8,2 x 8,5 pouces<\/span>\n                            <\/li>\n<li class=\"product-prop line-limit-length\"><span\n                                        class=\"property-title\">Application:&nbsp;<\/span><span\n                                        class=\"property-desc line-limit-length\">Polyvalent<\/span>\n                            <\/li>\n<li class=\"product-prop line-limit-length\"><span\n                                        class=\"property-title\">Num\u00e9ro de mod\u00e8le :&nbsp;<\/span><span\n                                        class=\"property-desc line-limit-length\">12V 200Ah<\/span>\n                            <\/li>\n<li class=\"product-prop line-limit-length\"><span\n                                        class=\"property-title\">Taper:&nbsp;<\/span><span\n                                        class=\"property-desc line-limit-length\">LiFePO4<\/span>\n                            <\/li>\n<li class=\"product-prop line-limit-length\"><span\n                                        class=\"property-title\">Nom de marque :&nbsp;<\/span><span\n                                        class=\"property-desc line-limit-length\">Humsienk<\/span>\n                            <\/li>\n<li class=\"product-prop line-limit-length\"><span\n                                        class=\"property-title\">Origine:&nbsp;<\/span><span\n                                        class=\"property-desc line-limit-length\">Chine continentale<\/span>\n                            <\/li>\n<li class=\"product-prop line-limit-length\"><span\n                                        class=\"property-title\">Tension nominale :&nbsp;<\/span><span\n                                        class=\"property-desc line-limit-length\">Autres<\/span>\n                            <\/li>\n<li class=\"product-prop line-limit-length\"><span\n                                        class=\"property-title\">Indice d&#039;\u00e9tanch\u00e9it\u00e9 :&nbsp;<\/span><span\n                                        class=\"property-desc line-limit-length\">IP65<\/span>\n                            <\/li>\n<li class=\"product-prop line-limit-length\"><span\n                                        class=\"property-title\">Garantie:&nbsp;<\/span><span\n                                        class=\"property-desc line-limit-length\">5 ans<\/span>\n                            <\/li>\n<li class=\"product-prop line-limit-length\"><span\n                                        class=\"property-title\">\u00c9nergie:&nbsp;<\/span><span\n                                        class=\"property-desc line-limit-length\">2560 Wh<\/span>\n                            <\/li>\n<\/ul><\/div>\n<p style=\"font-family:&quot;TT Norms Pro&quot;, &quot;Open Sans&quot;, Roboto, Arial, Helvetica, sans-serif, SimSun;font-size:14px;font-weight:400;letter-spacing:normal;line-height:inherit;text-align:start;white-space:normal;color:rgb(34, 34, 34);background-color:rgb(255, 255, 255);margin:0px;margin-bottom:0px;margin-top:0px;margin-left:0px;margin-right:0px;padding:0px;padding-bottom:0px;padding-top:0px;padding-left:0px;padding-right:0px;box-sizing:border-box\" align=\"start\"><span style=\"color:rgb(244, 78, 59);font-size:22px;font-family:arial, helvetica, sans-serif\"><strong>Veuillez noter:<\/strong><\/span><\/p>\n<p style=\"font-family:&quot;TT Norms Pro&quot;, &quot;Open Sans&quot;, Roboto, Arial, Helvetica, sans-serif, SimSun;font-size:14px;font-weight:400;letter-spacing:normal;line-height:inherit;text-align:start;white-space:normal;color:rgb(34, 34, 34);background-color:rgb(255, 255, 255);margin:0px;margin-bottom:0px;margin-top:0px;margin-left:0px;margin-right:0px;padding:0px;padding-bottom:0px;padding-top:0px;padding-left:0px;padding-right:0px;box-sizing:border-box\" align=\"start\"><u><span style=\"color:rgb(244, 78, 59);font-size:22px;font-family:arial, helvetica, sans-serif\"><strong>Actuellement, nous n&#039;exp\u00e9dions PAS vers l&#039;Alaska, Hawa\u00ef et Porto Rico\u00a0!!<\/strong><\/span><\/u><\/p>\n<p><\/p>\n<p><strong><span style=\"font-size:18px\">Cellules LiFePO4 de qualit\u00e9 automobile A+ : <\/span><\/strong><\/p>\n<p><span style=\"font-size:18px\">Fabriqu\u00e9es \u00e0 partir d&#039;\u00e9nergie 100% s\u00fbre, non toxique et respectueuse de l&#039;environnement, nos batteries offrent une stabilit\u00e9 chimique sup\u00e9rieure, garantissant qualit\u00e9 et s\u00e9curit\u00e9.<\/span><\/p>\n<p><\/p>\n<p><strong><span style=\"font-size:18px\">Longue dur\u00e9e de vie et d\u00e9charge profonde : <\/span><\/strong><\/p>\n<p><span style=\"font-size:18px\">Cette batterie offre 5 000 \u00e0 15 000 cycles avec une dur\u00e9e de vie de 10 ans, d\u00e9passant consid\u00e9rablement les batteries au plomb-acide jusqu&#039;\u00e0 cinq fois, tout en prenant en charge la profondeur de d\u00e9charge (DOD) 100%.<\/span><\/p>\n<p><\/p>\n<p><strong><span style=\"font-size:18px\">L\u00e9ger et grande capacit\u00e9 : <\/span><\/strong><\/p>\n<p><span style=\"font-size:18px\">Avec un poids de seulement 20 kg, cette batterie repr\u00e9sente seulement le tiers du poids des alternatives au plomb-acide, avec une densit\u00e9 \u00e9nerg\u00e9tique de 56,63 Wh\/kg. Elle est id\u00e9ale pour les camping-cars, les moteurs \u00e9lectriques, les applications marines et hors r\u00e9seau.<\/span><\/p>\n<p><\/p>\n<p><span style=\"font-size:18px\"><strong>Rendement \u00e9nerg\u00e9tique \u00e9lev\u00e9 : <\/strong><\/span><\/p>\n<p><span style=\"font-size:18px\">Une seule batterie Humsienk 12 V 200 Ah offre l&#039;\u00e9quivalent \u00e9nerg\u00e9tique de deux batteries lithium 12 V 100 Ah, soit 2,56 kWh. Elle prend en charge une connexion jusqu&#039;\u00e0 4P4S, ce qui permet de constituer un parc de batteries 48 V 800 Ah avec une capacit\u00e9 de 38,4 kWh, pour une configuration syst\u00e8me simplifi\u00e9e et une alimentation de secours fiable.<\/span><\/p>\n<p><\/p>\n<p><span style=\"font-size:18px\"><strong>Protection compl\u00e8te : <\/strong><\/span><\/p>\n<p><span style=\"font-size:18px\">Le BMS 200A int\u00e9gr\u00e9 assure une protection compl\u00e8te contre les surcharges, les d\u00e9charges excessives, les surintensit\u00e9s, les temp\u00e9ratures \u00e9lev\u00e9es et les courts-circuits.<\/span><\/p>\n<p><\/p>\n<p><span style=\"font-size:18px\"><strong>Temp\u00e9rature de fonctionnement : <\/strong><\/span><\/p>\n<p><span style=\"font-size:18px\">Charge : 0\u00b0C~50\u00b0C ; D\u00e9charge : -20\u00b0C~55\u00b0C.<\/span><\/p>\n<p><\/p>\n<p><span style=\"font-size:18px\"><strong>Charge rapide : <\/strong><\/span><\/p>\n<p><span style=\"font-size:18px\">Pour des performances optimales, un chargeur lithium d\u00e9di\u00e9 12V 20A est recommand\u00e9, qui chargera compl\u00e8tement la batterie en 10 heures.<\/span><\/p>\n<p><\/p>\n<p><span style=\"font-size:18px\"><strong>Qualit\u00e9 et support fiables : <\/strong><\/span><\/p>\n<p><span style=\"font-size:18px\">Les batteries Humsienk b\u00e9n\u00e9ficient d&#039;une garantie gratuite de 5 ans et d&#039;une assistance technique \u00e0 vie. Notre \u00e9quipe d&#039;assistance d\u00e9di\u00e9e est \u00e0 votre disposition pour r\u00e9pondre \u00e0 toutes vos questions et garantir votre satisfaction gr\u00e2ce \u00e0 notre service apr\u00e8s-vente.<\/span><\/p>\n<p><img decoding=\"async\" src=\"https:\/\/ae01.alicdn.com\/kf\/S1fac32fcef384e9eb1ca82daaf1d1fd5r.jpg\" slate-data-type=\"image\"\/><img decoding=\"async\" src=\"https:\/\/ae01.alicdn.com\/kf\/S6fada2562b9a442082f35c1a7e30e94ek.jpg\" slate-data-type=\"image\"\/><img decoding=\"async\" src=\"https:\/\/ae01.alicdn.com\/kf\/Sec3163d73c474a368be4dd3162271ce4z.jpg\" slate-data-type=\"image\"\/><img decoding=\"async\" src=\"https:\/\/ae01.alicdn.com\/kf\/Scd29b807162c4b2c87f15535c642cfeea.jpg\" slate-data-type=\"image\"\/><img decoding=\"async\" src=\"https:\/\/ae01.alicdn.com\/kf\/S6f4ac116b3cc4bcea3506fe550ee63786.jpg\" slate-data-type=\"image\"\/><img decoding=\"async\" src=\"https:\/\/ae01.alicdn.com\/kf\/Sdd8defcc116d40d2bbed41da8a4cbe48o.jpg\" slate-data-type=\"image\"\/><\/p>","protected":false},"excerpt":{"rendered":"<p>Hign-concerned Chemical:&nbsp;None Nominal Capacity:&nbsp;200Ah Weight:&nbsp;45.20lbs \/ 20.5kg Voltage:&nbsp;12.8V Size:&nbsp;21.0 x 8.2x 8.5 Inches Application:&nbsp;Versatile Model Number:&nbsp;12V 200Ah Type:&nbsp;LiFePO4 Brand Name:&nbsp;Humsienk Origin:&nbsp;Mainland China Rated Voltage:&nbsp;Others Waterproof Rating:&nbsp;IP65 Warranty:&nbsp;5 years Energy:&nbsp;2560Wh Please<\/p>","protected":false},"featured_media":8389,"comment_status":"open","ping_status":"closed","template":"","meta":{"_acf_changed":false},"product_brand":[],"product_cat":[237],"product_tag":[],"class_list":{"0":"post-8387","1":"product","2":"type-product","3":"status-publish","4":"has-post-thumbnail","6":"product_cat-100-200ah-lifepo4-batteries","8":"first","9":"instock","10":"shipping-taxable","11":"purchasable","12":"product-type-variable"},"acf":[],"_links":{"self":[{"href":"https:\/\/electricstore.eu\/fr\/wp-json\/wp\/v2\/product\/8387","targetHints":{"allow":["GET"]}}],"collection":[{"href":"https:\/\/electricstore.eu\/fr\/wp-json\/wp\/v2\/product"}],"about":[{"href":"https:\/\/electricstore.eu\/fr\/wp-json\/wp\/v2\/types\/product"}],"replies":[{"embeddable":true,"href":"https:\/\/electricstore.eu\/fr\/wp-json\/wp\/v2\/comments?post=8387"}],"wp:featuredmedia":[{"embeddable":true,"href":"https:\/\/electricstore.eu\/fr\/wp-json\/wp\/v2\/media\/8389"}],"wp:attachment":[{"href":"https:\/\/electricstore.eu\/fr\/wp-json\/wp\/v2\/media?parent=8387"}],"wp:term":[{"taxonomy":"product_brand","embeddable":true,"href":"https:\/\/electricstore.eu\/fr\/wp-json\/wp\/v2\/product_brand?post=8387"},{"taxonomy":"product_cat","embeddable":true,"href":"https:\/\/electricstore.eu\/fr\/wp-json\/wp\/v2\/product_cat?post=8387"},{"taxonomy":"product_tag","embeddable":true,"href":"https:\/\/electricstore.eu\/fr\/wp-json\/wp\/v2\/product_tag?post=8387"}],"curies":[{"name":"wp","href":"https:\/\/api.w.org\/{rel}","templated":true}]}}