{"id":8362,"date":"2025-05-19T20:30:17","date_gmt":"2025-05-19T20:30:17","guid":{"rendered":"https:\/\/electricstore.eu\/product\/uncategorized\/humsienk-12v-200ah-100a\/"},"modified":"2025-05-20T13:38:42","modified_gmt":"2025-05-20T13:38:42","slug":"humsienk-12v-200ah-100a","status":"publish","type":"product","link":"https:\/\/electricstore.eu\/fr\/p\/batteries\/lifepo4-batteries\/100-200ah-lifepo4-batteries\/humsienk-12v-200ah-100a\/","title":{"rendered":"Batterie LiFePO4 Humsienk 200 Ah 12 V"},"content":{"rendered":"<div class=\"product-specs-list-container\">\n<ul class=\"product-specs-list util-clearfix\">\n<li class=\"product-prop line-limit-length\"><span\n                                        class=\"property-title\">Produits chimiques hautement pr\u00e9occupants :&nbsp;<\/span><span\n                                        class=\"property-desc line-limit-length\">Aucun<\/span>\n                            <\/li>\n<li class=\"product-prop line-limit-length\"><span\n                                        class=\"property-title\">Capacit\u00e9 nominale :&nbsp;<\/span><span\n                                        class=\"property-desc line-limit-length\">100 Ah<\/span>\n                            <\/li>\n<li class=\"product-prop line-limit-length\"><span\n                                        class=\"property-title\">Poids:&nbsp;<\/span><span\n                                        class=\"property-desc line-limit-length\">20,3 kg<\/span>\n                            <\/li>\n<li class=\"product-prop line-limit-length\"><span\n                                        class=\"property-title\">tension:&nbsp;<\/span><span\n                                        class=\"property-desc line-limit-length\">12,8 V<\/span>\n                            <\/li>\n<li class=\"product-prop line-limit-length\"><span\n                                        class=\"property-title\">Taille:&nbsp;<\/span><span\n                                        class=\"property-desc line-limit-length\">19,0 x 6,7 x 9,5 pouces<\/span>\n                            <\/li>\n<li class=\"product-prop line-limit-length\"><span\n                                        class=\"property-title\">Num\u00e9ro de mod\u00e8le :&nbsp;<\/span><span\n                                        class=\"property-desc line-limit-length\">12V 200AH 100<\/span>\n                            <\/li>\n<li class=\"product-prop line-limit-length\"><span\n                                        class=\"property-title\">Taper:&nbsp;<\/span><span\n                                        class=\"property-desc line-limit-length\">LiFePO4<\/span>\n                            <\/li>\n<li class=\"product-prop line-limit-length\"><span\n                                        class=\"property-title\">Nom de marque :&nbsp;<\/span><span\n                                        class=\"property-desc line-limit-length\">Humsienk<\/span>\n                            <\/li>\n<li class=\"product-prop line-limit-length\"><span\n                                        class=\"property-title\">Origine:&nbsp;<\/span><span\n                                        class=\"property-desc line-limit-length\">Chine continentale<\/span>\n                            <\/li>\n<li class=\"product-prop line-limit-length\"><span\n                                        class=\"property-title\">Tension nominale :&nbsp;<\/span><span\n                                        class=\"property-desc line-limit-length\">Autres<\/span>\n                            <\/li>\n<\/ul><\/div>\n<p><strong><span style=\"font-size:18px;font-family:arial, helvetica, sans-serif\">Dur\u00e9e de vie et efficacit\u00e9 exceptionnelles :<\/span><\/strong><\/p>\n<p><span style=\"font-size:18px;font-family:arial, helvetica, sans-serif\">Avec une capacit\u00e9 de cycles profonds de plus de 15\u00a0000 cycles, notre batterie offre une efficacit\u00e9 sup\u00e9rieure de 63% par rapport aux options traditionnelles. Sa durabilit\u00e9 et son rendement \u00e9lev\u00e9 en font un choix id\u00e9al pour une utilisation prolong\u00e9e et fr\u00e9quente dans des environnements vari\u00e9s.<\/span><\/p>\n<p><\/p>\n<p><strong><span style=\"font-size:18px;font-family:arial, helvetica, sans-serif\">Options de charge polyvalentes et conservation \u00e0 basse temp\u00e9rature\u00a0:<\/span><\/strong><\/p>\n<p><span style=\"font-size:18px;font-family:arial, helvetica, sans-serif\">Cette batterie polyvalente prend en charge trois m\u00e9thodes de charge\u00a0: un chargeur LiFePO4 d\u00e9di\u00e9, un panneau solaire + chargeur MPPT, et un convertisseur CC-CC \u00e0 partir d&#039;un g\u00e9n\u00e9rateur. De plus, elle int\u00e8gre un syst\u00e8me de conservation \u00e0 basse temp\u00e9rature, lui permettant de fonctionner parfaitement dans des conditions extr\u00eames, garantissant ainsi une fiabilit\u00e9 optimale tout au long de l&#039;ann\u00e9e.<\/span><\/p>\n<p><\/p>\n<p><strong><span style=\"font-size:18px;font-family:arial, helvetica, sans-serif\">Solutions \u00e9nerg\u00e9tiques \u00e9volutives :<\/span><\/strong><\/p>\n<p><span style=\"font-size:18px;font-family:arial, helvetica, sans-serif\">Facilement \u00e9volutive vers des configurations 4S4P, notre batterie peut fournir une \u00e9nergie maximale de 40,96 kWh. Sa conception modulaire s&#039;adapte \u00e0 diff\u00e9rents besoins \u00e9nerg\u00e9tiques, ce qui la rend hautement adaptable \u00e0 un large \u00e9ventail de sc\u00e9narios, des activit\u00e9s de loisirs aux syst\u00e8mes hors r\u00e9seau critiques, am\u00e9liorant ainsi votre ind\u00e9pendance \u00e9nerg\u00e9tique et votre confort.<\/span><\/p>\n<p><\/p>\n<p><strong><span style=\"font-size:18px;font-family:arial, helvetica, sans-serif\">Alimentation polyvalente pour diverses applications :<\/span><\/strong><\/p>\n<p><span style=\"font-size:18px;font-family:arial, helvetica, sans-serif\">Con\u00e7u pour une multitude d&#039;applications, il constitue un excellent choix pour les camping-cars, les navires, les espaces de vie hors r\u00e9seau, les voyages de camping et les syst\u00e8mes de secours d&#039;urgence, garantissant une alimentation \u00e9lectrique constante et fiable o\u00f9 que vous alliez.<\/span><img decoding=\"async\" src=\"https:\/\/ae01.alicdn.com\/kf\/Sb7fe9276d0a7498995f4c89ff45d0ccdW.png\" slate-data-type=\"image\"\/><img decoding=\"async\" src=\"https:\/\/ae01.alicdn.com\/kf\/S8732b7b2356c46b1aaf39a35be29bfdcY.png\" slate-data-type=\"image\"\/><img decoding=\"async\" src=\"https:\/\/ae01.alicdn.com\/kf\/Sacd42f691f8f47f89d6f77cc4ff692a2v.png\" slate-data-type=\"image\"\/><img decoding=\"async\" src=\"https:\/\/ae01.alicdn.com\/kf\/S2b3ca2afba6941a5b38bf4a0e804dca44.png\" slate-data-type=\"image\"\/><img decoding=\"async\" src=\"https:\/\/ae01.alicdn.com\/kf\/S710e707facee431da90507ad715bcf19S.png\" slate-data-type=\"image\"\/><img decoding=\"async\" src=\"https:\/\/ae01.alicdn.com\/kf\/S020e558e6160483782eac7b919253ce2b.png\" slate-data-type=\"image\"\/><\/p>","protected":false},"excerpt":{"rendered":"<p>Hign-concerned Chemical:&nbsp;None Nominal Capacity:&nbsp;100Ah Weight:&nbsp;20.3kg Voltage:&nbsp;12.8V Size:&nbsp;19.0 x 6.7x 9.5 Inches Model Number:&nbsp;12V 200AH 100 Type:&nbsp;LiFePO4 Brand Name:&nbsp;Humsienk Origin:&nbsp;Mainland China Rated Voltage:&nbsp;Others Exceptional Cycle Life &amp; Efficiency: With the capability<\/p>","protected":false},"featured_media":8363,"comment_status":"open","ping_status":"closed","template":"","meta":{"_acf_changed":false},"product_brand":[],"product_cat":[237],"product_tag":[],"class_list":{"0":"post-8362","1":"product","2":"type-product","3":"status-publish","4":"has-post-thumbnail","6":"product_cat-100-200ah-lifepo4-batteries","8":"first","9":"instock","10":"shipping-taxable","11":"purchasable","12":"product-type-simple"},"acf":[],"_links":{"self":[{"href":"https:\/\/electricstore.eu\/fr\/wp-json\/wp\/v2\/product\/8362","targetHints":{"allow":["GET"]}}],"collection":[{"href":"https:\/\/electricstore.eu\/fr\/wp-json\/wp\/v2\/product"}],"about":[{"href":"https:\/\/electricstore.eu\/fr\/wp-json\/wp\/v2\/types\/product"}],"replies":[{"embeddable":true,"href":"https:\/\/electricstore.eu\/fr\/wp-json\/wp\/v2\/comments?post=8362"}],"wp:featuredmedia":[{"embeddable":true,"href":"https:\/\/electricstore.eu\/fr\/wp-json\/wp\/v2\/media\/8363"}],"wp:attachment":[{"href":"https:\/\/electricstore.eu\/fr\/wp-json\/wp\/v2\/media?parent=8362"}],"wp:term":[{"taxonomy":"product_brand","embeddable":true,"href":"https:\/\/electricstore.eu\/fr\/wp-json\/wp\/v2\/product_brand?post=8362"},{"taxonomy":"product_cat","embeddable":true,"href":"https:\/\/electricstore.eu\/fr\/wp-json\/wp\/v2\/product_cat?post=8362"},{"taxonomy":"product_tag","embeddable":true,"href":"https:\/\/electricstore.eu\/fr\/wp-json\/wp\/v2\/product_tag?post=8362"}],"curies":[{"name":"wp","href":"https:\/\/api.w.org\/{rel}","templated":true}]}}