{"id":7803,"date":"2025-05-15T19:58:15","date_gmt":"2025-05-15T19:58:15","guid":{"rendered":"https:\/\/electricstore.eu\/product\/evercross-tech-ev13m-150w-8-16-km-h-12km-12-children-electric-motorbike\/"},"modified":"2025-05-21T06:07:41","modified_gmt":"2025-05-21T06:07:41","slug":"evercross-tech-ev13m-150w-8-16-km-h-12km-12-children-electric-motorbike","status":"publish","type":"product","link":"https:\/\/www.electricstore.eu\/fr\/p\/motorbikes\/electric-children-motorbikes\/evercross-tech-ev13m-150w-8-16-km-h-12km-12-children-electric-motorbike\/","title":{"rendered":"Moto \u00e9lectrique pour enfants EVERCROSS TECH EV13M 150 W 14 V 5,2 Ah 16 km\/h 12 km 12 pouces"},"content":{"rendered":"<div class=\"product-specs-list-container\">\n<ul class=\"product-specs-list util-clearfix\">\n<li class=\"product-prop line-limit-length\"><span\n                                        class=\"property-title\">Num\u00e9ro de mod\u00e8le :&nbsp;<\/span><span\n                                        class=\"property-desc line-limit-length\">EV13M<\/span>\n                            <\/li>\n<li class=\"product-prop line-limit-length\"><span\n                                        class=\"property-title\">Capacit\u00e9 nominale de passagers :&nbsp;<\/span><span\n                                        class=\"property-desc line-limit-length\">Un si\u00e8ge<\/span>\n                            <\/li>\n<li class=\"product-prop line-limit-length\"><span\n                                        class=\"property-title\">Style:&nbsp;<\/span><span\n                                        class=\"property-desc line-limit-length\">Type standard<\/span>\n                            <\/li>\n<li class=\"product-prop line-limit-length\"><span\n                                        class=\"property-title\">Vitesse maximale :&nbsp;<\/span><span\n                                        class=\"property-desc line-limit-length\">&lt;25 km\/h<\/span>\n                            <\/li>\n<li class=\"product-prop line-limit-length\"><span\n                                        class=\"property-title\">Port\u00e9e par puissance :&nbsp;<\/span><span\n                                        class=\"property-desc line-limit-length\">10 \u2013 30 km<\/span>\n                            <\/li>\n<li class=\"product-prop line-limit-length\"><span\n                                        class=\"property-title\">Puissance :&nbsp;<\/span><span\n                                        class=\"property-desc line-limit-length\">&lt; 200 W<\/span>\n                            <\/li>\n<li class=\"product-prop line-limit-length\"><span\n                                        class=\"property-title\">Alimentation \u00e9lectrique :&nbsp;<\/span><span\n                                        class=\"property-desc line-limit-length\">batterie au lithium<\/span>\n                            <\/li>\n<li class=\"product-prop line-limit-length\"><span\n                                        class=\"property-title\">tension:&nbsp;<\/span><span\n                                        class=\"property-desc line-limit-length\">14<\/span>\n                            <\/li>\n<li class=\"product-prop line-limit-length\"><span\n                                        class=\"property-title\">Nom de marque :&nbsp;<\/span><span\n                                        class=\"property-desc line-limit-length\">EVERCROSS TECH<\/span>\n                            <\/li>\n<li class=\"product-prop line-limit-length\"><span\n                                        class=\"property-title\">Source d&#039;alimentation :&nbsp;<\/span><span\n                                        class=\"property-desc line-limit-length\">batterie au lithium<\/span>\n                            <\/li>\n<li class=\"product-prop line-limit-length\"><span\n                                        class=\"property-title\">Moteur:&nbsp;<\/span><span\n                                        class=\"property-desc line-limit-length\">Sans balais<\/span>\n                            <\/li>\n<li class=\"product-prop line-limit-length\"><span\n                                        class=\"property-title\">Origine:&nbsp;<\/span><span\n                                        class=\"property-desc line-limit-length\">Chine continentale<\/span>\n                            <\/li>\n<li class=\"product-prop line-limit-length\"><span\n                                        class=\"property-title\">Pli\u00e9 :&nbsp;<\/span><span\n                                        class=\"property-desc line-limit-length\">Non<\/span>\n                            <\/li>\n<li class=\"product-prop line-limit-length\"><span\n                                        class=\"property-title\">Taille de la roue :&nbsp;<\/span><span\n                                        class=\"property-desc line-limit-length\">12\u201d<\/span>\n                            <\/li>\n<li class=\"product-prop line-limit-length\"><span\n                                        class=\"property-title\">Mat\u00e9riau du cadre :&nbsp;<\/span><span\n                                        class=\"property-desc line-limit-length\">alliage d&#039;aluminium<\/span>\n                            <\/li>\n<\/ul><\/div>\n<div class=\"detailmodule_html\">\n<div class=\"detail-desc-decorate-richtext\">\n<p style=\"font-family:DeepSeek-CJK-patch, Inter, system-ui, -apple-system, BlinkMacSystemFont, &quot;Segoe UI&quot;, Roboto, &quot;Noto Sans&quot;, Ubuntu, Cantarell, &quot;Helvetica Neue&quot;, Oxygen, &quot;Open Sans&quot;, sans-serif;font-size:16.002px;font-weight:400;letter-spacing:normal;line-height:var(--ds-md-line-height);text-align:start;white-space:normal;color:rgb(64, 64, 64);margin:calc(var(--ds-md-zoom)*12px)0\" align=\"start\"><strong>Moteur puissant de 150 W et freins \u00e0 disque<\/strong><\/p>\n<p style=\"font-family:DeepSeek-CJK-patch, Inter, system-ui, -apple-system, BlinkMacSystemFont, &quot;Segoe UI&quot;, Roboto, &quot;Noto Sans&quot;, Ubuntu, Cantarell, &quot;Helvetica Neue&quot;, Oxygen, &quot;Open Sans&quot;, sans-serif;font-size:16.002px;font-weight:400;letter-spacing:normal;line-height:var(--ds-md-line-height);text-align:start;white-space:normal;color:rgb(64, 64, 64);margin:calc(var(--ds-md-zoom)*12px)0\" align=\"start\">D\u00e9couvrez notre moteur robuste de 150 W aux performances fluides et fiables, associ\u00e9 \u00e0 un syst\u00e8me de freins \u00e0 disque pour une s\u00e9curit\u00e9 optimale. Votre enfant b\u00e9n\u00e9ficiera d&#039;une conduite r\u00e9active et contr\u00f4l\u00e9e, m\u00eame \u00e0 grande vitesse.<\/p>\n<p><\/p>\n<p style=\"font-family:DeepSeek-CJK-patch, Inter, system-ui, -apple-system, BlinkMacSystemFont, &quot;Segoe UI&quot;, Roboto, &quot;Noto Sans&quot;, Ubuntu, Cantarell, &quot;Helvetica Neue&quot;, Oxygen, &quot;Open Sans&quot;, sans-serif;font-size:16.002px;font-weight:400;letter-spacing:normal;line-height:var(--ds-md-line-height);text-align:start;white-space:normal;color:rgb(64, 64, 64);margin:calc(var(--ds-md-zoom)*12px)0\" align=\"start\"><strong>2 modes de vitesse \u00e9volutifs<\/strong><br \/>Dot\u00e9 de deux vitesses r\u00e9glables (8 km\/h et 16 km\/h), ce v\u00e9hicule permet aux jeunes pilotes d&#039;\u00e9voluer \u00e0 leur rythme. Id\u00e9al pour progresser en toute confiance tout en conservant une exp\u00e9rience de conduite stimulante et s\u00e9curis\u00e9e.<\/p>\n<p><\/p>\n<p style=\"font-family:DeepSeek-CJK-patch, Inter, system-ui, -apple-system, BlinkMacSystemFont, &quot;Segoe UI&quot;, Roboto, &quot;Noto Sans&quot;, Ubuntu, Cantarell, &quot;Helvetica Neue&quot;, Oxygen, &quot;Open Sans&quot;, sans-serif;font-size:16.002px;font-weight:400;letter-spacing:normal;line-height:var(--ds-md-line-height);text-align:start;white-space:normal;color:rgb(64, 64, 64);margin:calc(var(--ds-md-zoom)*12px)0\" align=\"start\"><strong>Autonomie \u00e0 long terme<\/strong><br \/>\u00c9quip\u00e9 d&#039;une batterie haute capacit\u00e9 de 14,4 V\/5,2 Ah (74,88 Wh), l&#039;EV13M offre jusqu&#039;\u00e0 12 km d&#039;autonomie. Plus de plaisir, moins de pauses pour vos petites aventures\u00a0!<\/p>\n<p><\/p>\n<p style=\"font-family:DeepSeek-CJK-patch, Inter, system-ui, -apple-system, BlinkMacSystemFont, &quot;Segoe UI&quot;, Roboto, &quot;Noto Sans&quot;, Ubuntu, Cantarell, &quot;Helvetica Neue&quot;, Oxygen, &quot;Open Sans&quot;, sans-serif;font-size:16.002px;font-weight:400;letter-spacing:normal;line-height:var(--ds-md-line-height);text-align:start;white-space:normal;color:rgb(64, 64, 64);margin:calc(var(--ds-md-zoom)*12px)0\" align=\"start\"><strong>Taille id\u00e9ale pour les 3-12 ans<\/strong><br \/>Sp\u00e9cialement con\u00e7u pour les enfants\u00a0: dimensions compactes (92,5 \u00d7 54 \u00d7 64,5\u00a0cm) et poids l\u00e9ger (11,5\u00a0kg). Supporte jusqu&#039;\u00e0 40\u00a0kg, id\u00e9al pour les enfants de 3 \u00e0 12\u00a0ans.<\/p>\n<p><\/p>\n<p style=\"font-family:DeepSeek-CJK-patch, Inter, system-ui, -apple-system, BlinkMacSystemFont, &quot;Segoe UI&quot;, Roboto, &quot;Noto Sans&quot;, Ubuntu, Cantarell, &quot;Helvetica Neue&quot;, Oxygen, &quot;Open Sans&quot;, sans-serif;font-size:16.002px;font-weight:400;letter-spacing:normal;line-height:var(--ds-md-line-height);text-align:start;white-space:normal;color:rgb(64, 64, 64);margin:calc(var(--ds-md-zoom)*12px)0\" align=\"start\"><strong>Pneus tout-terrain de 12 pouces<\/strong><br \/>Avec ses pneus r\u00e9sistants de 12 pouces, ce v\u00e9hicule tout-terrain est polyvalent\u00a0: herbe, trottoirs ou routes. L&#039;alli\u00e9 id\u00e9al pour des aventures en plein air stables et agr\u00e9ables.<\/p>\n<\/div>\n<\/div>","protected":false},"excerpt":{"rendered":"<p>Model Number:&nbsp;EV13M Rated Passenger Capacity:&nbsp;One Seat Style:&nbsp;Standard Type Max Speed:&nbsp;&lt;25km\/h Range per Power:&nbsp;10 &#8211; 30 km Wattage:&nbsp;&lt; 200W Power Supply:&nbsp;lithium battery Voltage:&nbsp;14 Brand Name:&nbsp;EVERCROSS TECH Power Source:&nbsp;lithium battery Motor:&nbsp;Brushless Origin:&nbsp;Mainland<\/p>","protected":false},"featured_media":7804,"comment_status":"open","ping_status":"closed","template":"","meta":{"_acf_changed":false},"product_brand":[],"product_cat":[313],"product_tag":[327],"class_list":{"0":"post-7803","1":"product","2":"type-product","3":"status-publish","4":"has-post-thumbnail","6":"product_cat-electric-children-motorbikes","7":"product_tag-evercross","9":"first","10":"instock","11":"shipping-taxable","12":"purchasable","13":"product-type-variable"},"acf":[],"_links":{"self":[{"href":"https:\/\/www.electricstore.eu\/fr\/wp-json\/wp\/v2\/product\/7803","targetHints":{"allow":["GET"]}}],"collection":[{"href":"https:\/\/www.electricstore.eu\/fr\/wp-json\/wp\/v2\/product"}],"about":[{"href":"https:\/\/www.electricstore.eu\/fr\/wp-json\/wp\/v2\/types\/product"}],"replies":[{"embeddable":true,"href":"https:\/\/www.electricstore.eu\/fr\/wp-json\/wp\/v2\/comments?post=7803"}],"wp:featuredmedia":[{"embeddable":true,"href":"https:\/\/www.electricstore.eu\/fr\/wp-json\/wp\/v2\/media\/7804"}],"wp:attachment":[{"href":"https:\/\/www.electricstore.eu\/fr\/wp-json\/wp\/v2\/media?parent=7803"}],"wp:term":[{"taxonomy":"product_brand","embeddable":true,"href":"https:\/\/www.electricstore.eu\/fr\/wp-json\/wp\/v2\/product_brand?post=7803"},{"taxonomy":"product_cat","embeddable":true,"href":"https:\/\/www.electricstore.eu\/fr\/wp-json\/wp\/v2\/product_cat?post=7803"},{"taxonomy":"product_tag","embeddable":true,"href":"https:\/\/www.electricstore.eu\/fr\/wp-json\/wp\/v2\/product_tag?post=7803"}],"curies":[{"name":"wp","href":"https:\/\/api.w.org\/{rel}","templated":true}]}}