{"id":7734,"date":"2025-05-15T19:53:14","date_gmt":"2025-05-15T19:53:14","guid":{"rendered":"https:\/\/electricstore.eu\/product\/250w-dual-motor-36v-15-6ah-electric-mobility-scooter\/"},"modified":"2025-05-21T05:40:08","modified_gmt":"2025-05-21T05:40:08","slug":"250w-dual-motor-36v-15-6ah-electric-mobility-scooter","status":"publish","type":"product","link":"https:\/\/electricstore.eu\/fr\/p\/electric-mobility-scooters\/250w-dual-motor-36v-15-6ah-electric-mobility-scooter\/","title":{"rendered":"Scooter \u00e9lectrique \u00e0 quatre roues Electrib DH0305 250 W 36 V 15,6 Ah 18 km\/h 60-80 km 10 pouces"},"content":{"rendered":"<div class=\"product-specs-list-container\">\n<ul class=\"product-specs-list util-clearfix\">\n<li class=\"product-prop line-limit-length\"><span\n                                        class=\"property-title\">Taille des pneus :&nbsp;<\/span><span\n                                        class=\"property-desc line-limit-length\">10 pouces<\/span>\n                            <\/li>\n<li class=\"product-prop line-limit-length\"><span\n                                        class=\"property-title\">Num\u00e9ro de mod\u00e8le :&nbsp;<\/span><span\n                                        class=\"property-desc line-limit-length\">DH0305<\/span>\n                            <\/li>\n<li class=\"product-prop line-limit-length\"><span\n                                        class=\"property-title\">Cat\u00e9gorie:&nbsp;<\/span><span\n                                        class=\"property-desc line-limit-length\">Scooter \u00e0 quatre roues<\/span>\n                            <\/li>\n<li class=\"product-prop line-limit-length\"><span\n                                        class=\"property-title\">Personnes concern\u00e9es :&nbsp;<\/span><span\n                                        class=\"property-desc line-limit-length\">Unisexe<\/span>\n                            <\/li>\n<li class=\"product-prop line-limit-length\"><span\n                                        class=\"property-title\">Autonomie par charge :&nbsp;<\/span><span\n                                        class=\"property-desc line-limit-length\">60-80 km<\/span>\n                            <\/li>\n<li class=\"product-prop line-limit-length\"><span\n                                        class=\"property-title\">Temps de charge :&nbsp;<\/span><span\n                                        class=\"property-desc line-limit-length\">8-10h<\/span>\n                            <\/li>\n<li class=\"product-prop line-limit-length\"><span\n                                        class=\"property-title\">tension:&nbsp;<\/span><span\n                                        class=\"property-desc line-limit-length\">36v<\/span>\n                            <\/li>\n<li class=\"product-prop line-limit-length\"><span\n                                        class=\"property-title\">Pli\u00e9 :&nbsp;<\/span><span\n                                        class=\"property-desc line-limit-length\">OUI<\/span>\n                            <\/li>\n<li class=\"product-prop line-limit-length\"><span\n                                        class=\"property-title\">Puissance (W) :&nbsp;<\/span><span\n                                        class=\"property-desc line-limit-length\">201-500W<\/span>\n                            <\/li>\n<li class=\"product-prop line-limit-length\"><span\n                                        class=\"property-title\">Origine:&nbsp;<\/span><span\n                                        class=\"property-desc line-limit-length\">Chine continentale<\/span>\n                            <\/li>\n<li class=\"product-prop line-limit-length\"><span\n                                        class=\"property-title\">Nom:&nbsp;<\/span><span\n                                        class=\"property-desc line-limit-length\">scooter \u00e9lectrique de mobilit\u00e9<\/span>\n                            <\/li>\n<li class=\"product-prop line-limit-length\"><span\n                                        class=\"property-title\">Moteur:&nbsp;<\/span><span\n                                        class=\"property-desc line-limit-length\">moteur \u00e0 double roue arri\u00e8re de 250 W<\/span>\n                            <\/li>\n<li class=\"product-prop line-limit-length\"><span\n                                        class=\"property-title\">Batterie:&nbsp;<\/span><span\n                                        class=\"property-desc line-limit-length\">Batterie au lithium 36 V 10,4 Ah \/ 36 V 15,6 Ah<\/span>\n                            <\/li>\n<li class=\"product-prop line-limit-length\"><span\n                                        class=\"property-title\">Gamme:&nbsp;<\/span><span\n                                        class=\"property-desc line-limit-length\">25-40 km<\/span>\n                            <\/li>\n<li class=\"product-prop line-limit-length\"><span\n                                        class=\"property-title\">Vitesse:&nbsp;<\/span><span\n                                        class=\"property-desc line-limit-length\">6-12-18 km\/h<\/span>\n                            <\/li>\n<li class=\"product-prop line-limit-length\"><span\n                                        class=\"property-title\">Pneu avant\/arri\u00e8re :&nbsp;<\/span><span\n                                        class=\"property-desc line-limit-length\">10\/8 pouce<\/span>\n                            <\/li>\n<li class=\"product-prop line-limit-length\"><span\n                                        class=\"property-title\">Charge maximale\u00a0:&nbsp;<\/span><span\n                                        class=\"property-desc line-limit-length\">120 kg<\/span>\n                            <\/li>\n<li class=\"product-prop line-limit-length\"><span\n                                        class=\"property-title\">Certificat:&nbsp;<\/span><span\n                                        class=\"property-desc line-limit-length\"><\/span>\n                            <\/li>\n<\/ul><\/div>\n<div class=\"detailmodule_html\">\n<div class=\"detail-desc-decorate-richtext\">\n<p style=\"font-family:OpenSans;font-size:20px;font-weight:900;line-height:28px;white-space:pre-wrap;color:rgb(0, 0, 0);margin-bottom:12px\" class=\"detail-desc-decorate-title\">Informations sur le produit<\/p>\n<div>\n<p style=\"font-family:OpenSans;font-size:14px;font-weight:300;line-height:20px;white-space:pre-wrap;color:rgb(0, 0, 0);margin-bottom:12px\" class=\"detail-desc-decorate-content\">Moteur : 250 W x 2 roues arri\u00e8re sans balais<br \/>Batterie : Batterie au lithium 36 V 10,4 Ah \/ 36 V 15,6 Ah<br \/>Affichage : \u00e9cran LED<br \/>\u00c9clairage avant : lumi\u00e8re LED<br \/>Feu arri\u00e8re : feu \u00e0 LED<br \/>Cadre : Acier au carbone de haute qualit\u00e9<br \/>Suspension arri\u00e8re : Suspension \u00e0 ressorts<br \/>Pneus avant\/arri\u00e8re : pneus 10\/8 pouces<br \/>Vitesse maximale : 18 km\/h<br \/>Distance en voiture :<\/p>\n<p style=\"font-family:OpenSans;font-size:14px;font-weight:300;line-height:20px;white-space:pre-wrap;color:rgb(0, 0, 0);margin-bottom:12px\" class=\"detail-desc-decorate-content\">36V 10,4AH 25Km<\/p>\n<div>\n<p style=\"font-family:OpenSans;font-size:14px;font-weight:300;line-height:20px;white-space:pre-wrap;color:rgb(0, 0, 0);margin-bottom:12px\" class=\"detail-desc-decorate-content\">36V 15,6AH : 40 km<\/p>\n<\/div>\n<p style=\"font-family:OpenSans;font-size:14px;font-weight:300;line-height:20px;white-space:pre-wrap;color:rgb(0, 0, 0);margin-bottom:12px\" class=\"detail-desc-decorate-content\">Temps de charge\u00a0: 6 \u00e0 8 heures<br \/>Charge maximale : 120 kg<\/p>\n<\/div>\n<p><img decoding=\"async\" src=\"https:\/\/ae01.alicdn.com\/kf\/Sd0d06690fd574f3eac417ad2da52a68e7.jpg?width=1001&amp;height=1001&amp;hash=2002\" slate-data-type=\"image\"\/><img decoding=\"async\" src=\"https:\/\/ae01.alicdn.com\/kf\/S93de481dbecb4060ae849c2ed26ba2276.jpg?width=1001&amp;height=1001&amp;hash=2002\" slate-data-type=\"image\"\/><img decoding=\"async\" src=\"https:\/\/ae01.alicdn.com\/kf\/Sde2bb1bc8c20495790cef44174870ffcg.jpg?width=1001&amp;height=1001&amp;hash=2002\" slate-data-type=\"image\"\/><img decoding=\"async\" src=\"https:\/\/ae01.alicdn.com\/kf\/S5b6910f12df348ed99c11d18b47f1239O.jpg?width=770&amp;height=770&amp;hash=1540\" slate-data-type=\"image\"\/><img decoding=\"async\" src=\"https:\/\/ae01.alicdn.com\/kf\/S8bbf36d6c3e045ffafe00e7400b6f6932.jpg?width=1200&amp;height=1200&amp;hash=2400\" slate-data-type=\"image\"\/><img decoding=\"async\" src=\"https:\/\/ae01.alicdn.com\/kf\/Sbded4fe78baa4c568851bb4fe0216a7bu.jpg?width=1200&amp;height=1200&amp;hash=2400\" slate-data-type=\"image\"\/><\/p>\n<p><img decoding=\"async\" src=\"https:\/\/ae01.alicdn.com\/kf\/Sdec76eab70a149faad1843099b4a834f2.jpg?width=750&amp;height=750&amp;hash=1500\" slate-data-type=\"image\"\/><img decoding=\"async\" src=\"https:\/\/ae01.alicdn.com\/kf\/Se3513983ec074324a32625c38879ad45p.jpg?width=950&amp;height=686&amp;hash=1636\" slate-data-type=\"image\"\/><img decoding=\"async\" src=\"https:\/\/ae01.alicdn.com\/kf\/Sc4b42ddbad4243c185249518e62970d3K.jpg?width=750&amp;height=750&amp;hash=1500\" slate-data-type=\"image\"\/><\/p>\n<p><strong><span style=\"font-size:32px;font-family:arial, helvetica, sans-serif\">Plus de d\u00e9tails <\/span><\/strong><\/p>\n<p><img decoding=\"async\" src=\"https:\/\/ae01.alicdn.com\/kf\/Sc4864ee3711741b1b22160d9fcc80207Y.jpg?width=958&amp;height=674&amp;hash=1632\" slate-data-type=\"image\"\/><\/p>\n<p><img decoding=\"async\" src=\"https:\/\/ae01.alicdn.com\/kf\/S5e8a57b71e3748ec856ff6f29ee93072E.jpg?width=1000&amp;height=667&amp;hash=1667\" slate-data-type=\"image\"\/><img decoding=\"async\" src=\"https:\/\/ae01.alicdn.com\/kf\/S4085cbaed77c4553899c74385fa595a0G.jpg?width=731&amp;height=497&amp;hash=1228\" slate-data-type=\"image\"\/><img decoding=\"async\" src=\"https:\/\/ae01.alicdn.com\/kf\/Sc554b98866954c91b1a09958fae72096t.jpg?width=720&amp;height=296&amp;hash=1016\" slate-data-type=\"image\"\/><img decoding=\"async\" src=\"https:\/\/ae01.alicdn.com\/kf\/S50ab3c17e80549039ca4d3ff8b1e4e89v.jpg?width=960&amp;height=413&amp;hash=1373\" slate-data-type=\"image\"\/><img decoding=\"async\" src=\"https:\/\/ae01.alicdn.com\/kf\/S6d67786d4c9b4d6b95a0380308a4d355j.jpg?width=780&amp;height=537&amp;hash=1317\" slate-data-type=\"image\"\/><img decoding=\"async\" src=\"https:\/\/ae01.alicdn.com\/kf\/S7307ef46f7b04759abf29e8506040c33G.jpg?width=872&amp;height=594&amp;hash=1466\" slate-data-type=\"image\"\/><img decoding=\"async\" src=\"https:\/\/ae01.alicdn.com\/kf\/S5e63248e527b4f44b50e92fad021736cN.jpg?width=689&amp;height=447&amp;hash=1136\" slate-data-type=\"image\"\/><img decoding=\"async\" src=\"https:\/\/ae01.alicdn.com\/kf\/Scc80b8c81c1743f6922b7cb05bcfc5efB.jpg?width=526&amp;height=488&amp;hash=1014\" slate-data-type=\"image\"\/><img decoding=\"async\" src=\"https:\/\/ae01.alicdn.com\/kf\/S06e2513146184672afe7e18efae54030P.jpg?width=670&amp;height=550&amp;hash=1220\" slate-data-type=\"image\"\/><img decoding=\"async\" src=\"https:\/\/ae01.alicdn.com\/kf\/S7b9fc34613af449e95573a671681a427X.jpg?width=1000&amp;height=750&amp;hash=1750\" slate-data-type=\"image\"\/><img decoding=\"async\" src=\"https:\/\/ae01.alicdn.com\/kf\/S13c4d81a7c824ff3abe3d7401e368c21h.jpg?width=1440&amp;height=1080&amp;hash=2520\" slate-data-type=\"image\"\/><img decoding=\"async\" src=\"https:\/\/ae01.alicdn.com\/kf\/Secbf05bab3974db2a56cef63f5e3699fs.jpg?width=1000&amp;height=750&amp;hash=1750\" slate-data-type=\"image\"\/><img decoding=\"async\" src=\"https:\/\/ae01.alicdn.com\/kf\/Sb289a74863504f36a909dc51618a3827V.jpg?width=1080&amp;height=810&amp;hash=1890\" slate-data-type=\"image\"\/><img decoding=\"async\" src=\"https:\/\/ae01.alicdn.com\/kf\/S4f8519e92bc84ba0b454b19e126645d62.jpg?width=1200&amp;height=900&amp;hash=2100\" slate-data-type=\"image\"\/><img decoding=\"async\" src=\"https:\/\/ae01.alicdn.com\/kf\/Sc48835eaee57414781a780365c485262t.jpg?width=4032&amp;height=3024&amp;hash=7056\" slate-data-type=\"image\"\/><\/p>\n<div>\n<p style=\"font-family:OpenSans;font-size:20px;font-weight:900;line-height:28px;white-space:pre-wrap;color:rgb(0, 0, 0);margin-bottom:12px\" class=\"detail-desc-decorate-title\">Pr\u00e9cautions avant l&#039;achat.<\/p>\n<p style=\"font-family:OpenSans;font-size:14px;font-weight:300;line-height:20px;white-space:pre-wrap;color:rgb(0, 0, 0);margin-bottom:12px\" class=\"detail-desc-decorate-content\">1. Les trottinettes \u00e9lectriques \u00e9tant \u00e9quip\u00e9es d&#039;une batterie au lithium, elles sont consid\u00e9r\u00e9es comme des marchandises interdites au niveau international. Leur livraison n\u00e9cessite un mode d&#039;exp\u00e9dition sp\u00e9cifique. En g\u00e9n\u00e9ral, le transport direct \u00e9tant impossible, nous les acheminons d&#039;abord \u00e0 Shenzhen, puis \u00e0 Hong Kong, avant de les envoyer vers l&#039;Europe, la Russie, les \u00c9tats-Unis, l&#039;Australie, le Canada, etc. Le transport se fait g\u00e9n\u00e9ralement par train vers l&#039;Europe et la Russie, et par voie maritime vers les \u00c9tats-Unis. La livraison est ensuite assur\u00e9e par UPS, FedEx ou d&#039;autres transporteurs. Si vous souhaitez une livraison par avion, des frais suppl\u00e9mentaires importants seront \u00e0 pr\u00e9voir.<\/p>\n<p>2. Le num\u00e9ro de suivi ne sera pas actif avant la fin du d\u00e9douanement. Si vous pouvez le suivre, cela signifie que vous recevrez votre scooter quelques jours plus tard. En attendant, veuillez patienter. G\u00e9n\u00e9ralement, les informations de suivi seront mises \u00e0 jour environ 35 \u00e0 40 jours plus tard, et le colis sera exp\u00e9di\u00e9 \u00e0 votre domicile sous 40 \u00e0 60 jours.<\/p>\n<p>3. Le d\u00e9lai de livraison indiqu\u00e9 ci-dessus est approximatif et bas\u00e9 sur notre exp\u00e9rience. Nous mettrons tout en \u0153uvre pour vous assurer un service de livraison fiable et esp\u00e9rons que votre colis arrivera \u00e0 temps. Toutefois, des retards peuvent survenir en raison du d\u00e9douanement, des jours f\u00e9ri\u00e9s, des intemp\u00e9ries, des gr\u00e8ves a\u00e9riennes, de l&#039;ouragan Sandy, etc. Merci de votre compr\u00e9hension\u00a0!<\/p>\n<\/div>\n<div><\/div>\n<\/div>\n<\/div>\n<p><\/p>","protected":false},"excerpt":{"rendered":"<p>Tire Size:&nbsp;10 inch Model Number:&nbsp;DH0305 Category:&nbsp;Four-wheel Scooter Applicable People:&nbsp;Unisex Range Per Charge:&nbsp;60-80km Charging Time:&nbsp;8-10h Voltage:&nbsp;36v Folded:&nbsp;YES Power (W):&nbsp;201-500W Origin:&nbsp;Mainland China Name:&nbsp;Mobility electric scooter Motor:&nbsp;250W dual rear wheels motor Battery:&nbsp;36V10.4Ah \/36v15.6AH<\/p>","protected":false},"featured_media":7735,"comment_status":"open","ping_status":"closed","template":"","meta":{"_acf_changed":false},"product_brand":[],"product_cat":[301],"product_tag":[],"class_list":{"0":"post-7734","1":"product","2":"type-product","3":"status-publish","4":"has-post-thumbnail","6":"product_cat-electric-mobility-scooters","8":"first","9":"instock","10":"shipping-taxable","11":"purchasable","12":"product-type-variable"},"acf":[],"_links":{"self":[{"href":"https:\/\/electricstore.eu\/fr\/wp-json\/wp\/v2\/product\/7734","targetHints":{"allow":["GET"]}}],"collection":[{"href":"https:\/\/electricstore.eu\/fr\/wp-json\/wp\/v2\/product"}],"about":[{"href":"https:\/\/electricstore.eu\/fr\/wp-json\/wp\/v2\/types\/product"}],"replies":[{"embeddable":true,"href":"https:\/\/electricstore.eu\/fr\/wp-json\/wp\/v2\/comments?post=7734"}],"wp:featuredmedia":[{"embeddable":true,"href":"https:\/\/electricstore.eu\/fr\/wp-json\/wp\/v2\/media\/7735"}],"wp:attachment":[{"href":"https:\/\/electricstore.eu\/fr\/wp-json\/wp\/v2\/media?parent=7734"}],"wp:term":[{"taxonomy":"product_brand","embeddable":true,"href":"https:\/\/electricstore.eu\/fr\/wp-json\/wp\/v2\/product_brand?post=7734"},{"taxonomy":"product_cat","embeddable":true,"href":"https:\/\/electricstore.eu\/fr\/wp-json\/wp\/v2\/product_cat?post=7734"},{"taxonomy":"product_tag","embeddable":true,"href":"https:\/\/electricstore.eu\/fr\/wp-json\/wp\/v2\/product_tag?post=7734"}],"curies":[{"name":"wp","href":"https:\/\/api.w.org\/{rel}","templated":true}]}}