{"id":7654,"date":"2025-05-15T19:33:31","date_gmt":"2025-05-15T19:33:31","guid":{"rendered":"https:\/\/electricstore.eu\/product\/gaiaray-3-2v-280ah-battery-cells\/"},"modified":"2025-05-21T05:40:10","modified_gmt":"2025-05-21T05:40:10","slug":"gaiaray-3-2v-280ah-battery-cells","status":"publish","type":"product","link":"https:\/\/electricstore.eu\/fr\/p\/batteries\/lifepo4-batteries\/lifepo4-battery-cells\/gaiaray-3-2v-280ah-battery-cells\/","title":{"rendered":"Cellules de batterie LiFePO4 Gaiaray LF280K 280 Ah 3,2 V"},"content":{"rendered":"<div class=\"product-specs-list-container\">\n<ul class=\"product-specs-list util-clearfix\">\n<li class=\"product-prop line-limit-length\"><span\n                                        class=\"property-title\">Produits chimiques hautement pr\u00e9occupants :&nbsp;<\/span><span\n                                        class=\"property-desc line-limit-length\">Aucun<\/span>\n                            <\/li>\n<li class=\"product-prop line-limit-length\"><span\n                                        class=\"property-title\">Capacit\u00e9 nominale :&nbsp;<\/span><span\n                                        class=\"property-desc line-limit-length\">280AH<\/span>\n                            <\/li>\n<li class=\"product-prop line-limit-length\"><span\n                                        class=\"property-title\">Poids:&nbsp;<\/span><span\n                                        class=\"property-desc line-limit-length\">5,42 + 0,3 kg<\/span>\n                            <\/li>\n<li class=\"product-prop line-limit-length\"><span\n                                        class=\"property-title\">tension:&nbsp;<\/span><span\n                                        class=\"property-desc line-limit-length\">3,2 V<\/span>\n                            <\/li>\n<li class=\"product-prop line-limit-length\"><span\n                                        class=\"property-title\">Taille:&nbsp;<\/span><span\n                                        class=\"property-desc line-limit-length\">173*71*204mm<\/span>\n                            <\/li>\n<li class=\"product-prop line-limit-length\"><span\n                                        class=\"property-title\">Num\u00e9ro de mod\u00e8le :&nbsp;<\/span><span\n                                        class=\"property-desc line-limit-length\">LF280K<\/span>\n                            <\/li>\n<li class=\"product-prop line-limit-length\"><span\n                                        class=\"property-title\">Taper:&nbsp;<\/span><span\n                                        class=\"property-desc line-limit-length\">LiFePO4<\/span>\n                            <\/li>\n<li class=\"product-prop line-limit-length\"><span\n                                        class=\"property-title\">Nom de marque :&nbsp;<\/span><span\n                                        class=\"property-desc line-limit-length\">GaiaRay<\/span>\n                            <\/li>\n<li class=\"product-prop line-limit-length\"><span\n                                        class=\"property-title\">Origine:&nbsp;<\/span><span\n                                        class=\"property-desc line-limit-length\">Chine continentale<\/span>\n                            <\/li>\n<li class=\"product-prop line-limit-length\"><span\n                                        class=\"property-title\">Tension nominale :&nbsp;<\/span><span\n                                        class=\"property-desc line-limit-length\">Autres<\/span>\n                            <\/li>\n<li class=\"product-prop line-limit-length\"><span\n                                        class=\"property-title\">Capacit\u00e9 nominale :&nbsp;<\/span><span\n                                        class=\"property-desc line-limit-length\">280AH<\/span>\n                            <\/li>\n<li class=\"product-prop line-limit-length\"><span\n                                        class=\"property-title\">Poids:&nbsp;<\/span><span\n                                        class=\"property-desc line-limit-length\">5,42 + 0,3 kg<\/span>\n                            <\/li>\n<li class=\"product-prop line-limit-length\"><span\n                                        class=\"property-title\">Dimension:&nbsp;<\/span><span\n                                        class=\"property-desc line-limit-length\">173*71*204mm<\/span>\n                            <\/li>\n<li class=\"product-prop line-limit-length\"><span\n                                        class=\"property-title\">Tension de coupure de charge\/d\u00e9charge\u00a0::&nbsp;<\/span><span\n                                        class=\"property-desc line-limit-length\">3,65 V\/2,5 V<\/span>\n                            <\/li>\n<li class=\"product-prop line-limit-length\"><span\n                                        class=\"property-title\">Taille de la vis :&nbsp;<\/span><span\n                                        class=\"property-desc line-limit-length\">M6<\/span>\n                            <\/li>\n<li class=\"product-prop line-limit-length\"><span\n                                        class=\"property-title\">Dur\u00e9e de vie du cycle :&nbsp;<\/span><span\n                                        class=\"property-desc line-limit-length\">8000 cycles<\/span>\n                            <\/li>\n<li class=\"product-prop line-limit-length\"><span\n                                        class=\"property-title\">Convient au syst\u00e8me :&nbsp;<\/span><span\n                                        class=\"property-desc line-limit-length\">Syst\u00e8me de stockage d&#039;\u00e9nergie solaire 12 V, 24 V, 48 V, 72 V, 96 V, 108 V<\/span>\n                            <\/li>\n<li class=\"product-prop line-limit-length\"><span\n                                        class=\"property-title\">Demande :&nbsp;<\/span><span\n                                        class=\"property-desc line-limit-length\">Camping-cars, fourgonnettes, camping-cars, bateaux \u00e9lectriques, yachts, voiturettes de golf, chariots \u00e9l\u00e9vateurs, batteries solaires<\/span>\n                            <\/li>\n<\/ul><\/div>\n<div class=\"detailmodule_dynamic\"><kse:widget data-widget-type=\"customText\" id=\"1005000021400404\" type=\"custom\"><\/kse:widget><\/div>\n<div class=\"detailmodule_html\">\n<div class=\"detail-desc-decorate-richtext\">\n<div class=\"detailmodule_text\">\n<p style=\"text-align:center\" align=\"center\"><span style=\"font-size:28px\">[\u041e\u043f\u0438\u0441]\u041e\u043f\u0438\u0441 \u043f\u0440\u043e\u0434\u0443\u043a\u0442\u0443<\/span><\/p>\n<p style=\"text-align:left\" align=\"left\"><span style=\"font-size:18px\"><strong><i>Batterie Apexium REPT 280AH lifepo4<\/i><\/strong><\/span><\/p>\n<p style=\"text-align:left\" align=\"left\"><span style=\"font-size:18px\"><strong><i>Facture d&#039;\u00e9nergie 280AH<\/i><\/strong><\/span><\/p>\n<p style=\"text-align:left\" align=\"left\"><span style=\"font-size:18px\"><strong><i>Puissance nominale 3,2 V<\/i><\/strong><\/span><\/p>\n<p style=\"text-align:left\" align=\"left\"><span style=\"font-size:18px\"><strong><i>\u0412\u0438\u0441\u043e\u043a\u0430 \u0442\u0440\u0438\u0432\u0430\u043b\u0456\u0441\u0442\u044c 8000 \u0446\u0438\u043a\u043b\u0456\u0432<\/i><\/strong><\/span><\/p>\n<p style=\"text-align:left\" align=\"left\"><span style=\"font-size:18px\"><strong><i>Charge maximale 3,65 V<\/i><\/strong><\/span><\/p>\n<p style=\"text-align:left\" align=\"left\"><span style=\"font-size:18px\"><strong><i>\u041e\u043f\u0456\u0440 \u0437\u043c\u0456\u043d\u043d\u043e\u043c\u0443 \u0441\u0442\u0440\u0443\u043c\u0443 0,25 \u043c\u041e\u043c<\/i><\/strong><\/span><\/p>\n<p style=\"text-align:left\" align=\"left\"><span style=\"font-size:18px\"><strong><i>Temp\u00e9rature de cuisson -5-60 \u00b0C<\/i><\/strong><\/span><\/p>\n<p style=\"text-align:left\" align=\"left\"><span style=\"font-size:18px\"><strong><i>Vaga 5,7 kg<\/i><\/strong><\/span><\/p>\n<p style=\"text-align:left\" align=\"left\"><span style=\"font-size:18px\"><strong><i>Rozmir 202*172*72 mm<\/i><\/strong><\/span><\/p>\n<\/div>\n<div class=\"detailmodule_image\"><img decoding=\"async\" src=\"https:\/\/ae01.alicdn.com\/kf\/S9ecd6cccf952482cbff40e3d530a1576R.jpg\" slate-data-type=\"image\"\/><\/div>\n<div class=\"detailmodule_text\">\n<p><span style=\"background-color:rgb(255, 255, 255);color:rgb(0, 0, 0);font-size:15px;font-family:&quot;TT Norms Pro&quot;, &quot;Open Sans&quot;, Roboto, Arial, Helvetica, sans-serif, SimSun\">Accumulateur de courant l\u00e9ger Gaiaray A Grade 3.2V 280AH 8000 cycles pour 12\u0412 24\u0412 4S scooter \u00e9lectrique camping-car \u0430\u043a\u0443\u043c\u0443\u043b\u044f\u0442\u043e\u0440\u043d\u043e\u0457 \u0441\u0438\u0441\u0442\u0435\u043c\u0438,<\/span><\/p>\n<p><span style=\"font-size:28px\"><strong>D\u00e9lai de livraison\u00a0: 3-7 jours<\/strong><\/span><\/p>\n<p><span style=\"font-size:28px\"><strong>La grande \u00e9cole d&#039;Ukraine est cens\u00e9e \u00eatre pour le jour<\/strong><\/span><\/p>\n<\/div>\n<div style=\"text-align:left\" class=\"detailmodule_image\" align=\"left\"><img decoding=\"async\" class=\"detail-desc-decorate-image\" src=\"https:\/\/ae01.alicdn.com\/kf\/S2c55404059a1490896241d537b7f052ar.jpg\" slate-data-type=\"image\"\/><\/div>\n<div class=\"detailmodule_text\">\n<div style=\"text-align:center\" class=\"detailmodule_image\" align=\"center\"><span style=\"color:rgb(123, 100, 255);font-size:32px\"><strong>[\u00c0 propos du probl\u00e8me]<\/strong><\/span><\/div>\n<\/div>\n<div class=\"detailmodule_image\"><img decoding=\"async\" src=\"https:\/\/ae01.alicdn.com\/kf\/S1b9b0e604c3e438099cd3cb2608387e4Y.jpg\" slate-data-type=\"image\"\/><\/div>\n<div class=\"detailmodule_image\"><img decoding=\"async\" src=\"https:\/\/ae01.alicdn.com\/kf\/Sd013774921e845a4b4586bfc5e71f676I.jpg\" slate-data-type=\"image\"\/><img decoding=\"async\" src=\"https:\/\/ae01.alicdn.com\/kf\/Sc9417420b8e94213b2f41ff6e6703b03P.jpg\" slate-data-type=\"image\"\/><img decoding=\"async\" src=\"https:\/\/ae01.alicdn.com\/kf\/Sa648b86cce8c4478932ea9b7f3c62574S.jpg\" slate-data-type=\"image\"\/><img decoding=\"async\" src=\"https:\/\/ae01.alicdn.com\/kf\/S8389378a10f1400797c2c9d09176babff.jpg\" slate-data-type=\"image\"\/><img decoding=\"async\" src=\"https:\/\/ae01.alicdn.com\/kf\/Sf1e1fc0d53664845ae05fbd93a369acd2.jpg\" slate-data-type=\"image\"\/><\/div>\n<div style=\"text-align:center\" class=\"detailmodule_image\" align=\"center\"><img decoding=\"async\" style=\"margin-bottom:10px\" class=\"detail-desc-decorate-image\" src=\"https:\/\/ae01.alicdn.com\/kf\/S3f16c1c71264487ca375043e8f58b075d.jpg\" slate-data-type=\"image\"\/><span style=\"color:rgb(123, 100, 255);font-size:32px\">&lt;Application&gt;<\/span><\/div>\n<div><span style=\"font-size:28px\"><strong>\u2022 Alimentation \u00e9lectrique pour VR<\/strong><\/span><\/div>\n<div><span style=\"font-size:28px\"><strong>\u2022 Alimentation \u00e9lectrique offshore<\/strong><\/span><\/div>\n<div><span style=\"font-size:28px\"><strong>\u2022 Stockage d&#039;\u00e9nergie domestique<\/strong><\/span><\/div>\n<div><span style=\"font-size:28px\"><strong>\u2022 Alimentation de secours<\/strong><\/span><\/div>\n<div><span style=\"font-size:28px\"><strong>\u2022 Alimentation \u00e9lectrique ext\u00e9rieure<\/strong><\/span><\/div>\n<div><span style=\"font-size:28px\"><strong>\u2022 Alimentation \u00e9lectrique pour chariot \u00e9l\u00e9vateur<\/strong><\/span><\/div>\n<div><img decoding=\"async\" src=\"https:\/\/ae01.alicdn.com\/kf\/S3bd9415f10ea4faab1a0d7813692f4d6P.jpg\" slate-data-type=\"image\"\/><\/div>\n<div class=\"detailmodule_image\"><img decoding=\"async\" style=\"margin-bottom:10px\" class=\"detail-desc-decorate-image\" src=\"https:\/\/ae01.alicdn.com\/kf\/Sb54e82fbf2e440edb64e7e7821f2fe89h.png\" slate-data-type=\"image\"\/><\/div>\n<p><img decoding=\"async\" src=\"https:\/\/ae01.alicdn.com\/kf\/S3af62ed51a6c4c9aaf6b1a74f942731d7.jpg\" slate-data-type=\"image\"\/><img decoding=\"async\" src=\"https:\/\/ae01.alicdn.com\/kf\/Sa525f81f13fa45d5a4d28e743ba1abd0r.jpg\" slate-data-type=\"image\"\/><img decoding=\"async\" src=\"https:\/\/ae01.alicdn.com\/kf\/Sd38090f9a3a04d9cbe8750c62a40b127u.jpg\" slate-data-type=\"image\"\/><\/p>\n<div class=\"detailmodule_image\"><\/div>\n<p><\/p>\n<div class=\"detailmodule_image\"><img decoding=\"async\" style=\"margin-bottom:10px\" class=\"detail-desc-decorate-image\" src=\"https:\/\/ae01.alicdn.com\/kf\/Sc1f01b78a31c4945a44765c40f701120P.jpg\" slate-data-type=\"image\"\/><\/div>\n<div class=\"detailmodule_image\"><img decoding=\"async\" style=\"margin-bottom:10px\" class=\"detail-desc-decorate-image\" src=\"https:\/\/ae01.alicdn.com\/kf\/S2fd873fa2d0647c38d6b0b7c2e150b78d.jpg\" slate-data-type=\"image\"\/><\/div>\n<p><\/p>\n<\/div>\n<\/div>\n<p><\/p>","protected":false},"excerpt":{"rendered":"<p>Hign-concerned Chemical:&nbsp;None Nominal Capacity:&nbsp;280AH Weight:&nbsp;5.42+0.3 kg Voltage:&nbsp;3.2v Size:&nbsp;173*71*204mm Model Number:&nbsp;LF280K Type:&nbsp;LiFePO4 Brand Name:&nbsp;GaiaRay Origin:&nbsp;Mainland China Rated Voltage:&nbsp;Others Nominal Capacity:&nbsp;280AH Weight:&nbsp;5.42+0.3 kg Dimension:&nbsp;173*71*204mm Charge\/discharge cut-off voltage::&nbsp;3.65 V\/2.5 V Screw Size:&nbsp;M6 Cycle<\/p>","protected":false},"featured_media":7656,"comment_status":"open","ping_status":"closed","template":"","meta":{"_acf_changed":false},"product_brand":[],"product_cat":[235],"product_tag":[271],"class_list":{"0":"post-7654","1":"product","2":"type-product","3":"status-publish","4":"has-post-thumbnail","6":"product_cat-lifepo4-battery-cells","7":"product_tag-gaiary","9":"first","10":"instock","11":"shipping-taxable","12":"purchasable","13":"product-type-variable"},"acf":[],"_links":{"self":[{"href":"https:\/\/electricstore.eu\/fr\/wp-json\/wp\/v2\/product\/7654","targetHints":{"allow":["GET"]}}],"collection":[{"href":"https:\/\/electricstore.eu\/fr\/wp-json\/wp\/v2\/product"}],"about":[{"href":"https:\/\/electricstore.eu\/fr\/wp-json\/wp\/v2\/types\/product"}],"replies":[{"embeddable":true,"href":"https:\/\/electricstore.eu\/fr\/wp-json\/wp\/v2\/comments?post=7654"}],"wp:featuredmedia":[{"embeddable":true,"href":"https:\/\/electricstore.eu\/fr\/wp-json\/wp\/v2\/media\/7656"}],"wp:attachment":[{"href":"https:\/\/electricstore.eu\/fr\/wp-json\/wp\/v2\/media?parent=7654"}],"wp:term":[{"taxonomy":"product_brand","embeddable":true,"href":"https:\/\/electricstore.eu\/fr\/wp-json\/wp\/v2\/product_brand?post=7654"},{"taxonomy":"product_cat","embeddable":true,"href":"https:\/\/electricstore.eu\/fr\/wp-json\/wp\/v2\/product_cat?post=7654"},{"taxonomy":"product_tag","embeddable":true,"href":"https:\/\/electricstore.eu\/fr\/wp-json\/wp\/v2\/product_tag?post=7654"}],"curies":[{"name":"wp","href":"https:\/\/api.w.org\/{rel}","templated":true}]}}