{"id":7605,"date":"2025-05-15T19:33:12","date_gmt":"2025-05-15T19:33:12","guid":{"rendered":"https:\/\/electricstore.eu\/product\/humsienk-100ah-12v-lifepo4-battery\/"},"modified":"2025-05-21T05:40:14","modified_gmt":"2025-05-21T05:40:14","slug":"humsienk-100ah-12v-lifepo4-battery","status":"publish","type":"product","link":"https:\/\/electricstore.eu\/fr\/p\/batteries\/lifepo4-batteries\/100-200ah-lifepo4-batteries\/humsienk-100ah-12v-lifepo4-battery\/","title":{"rendered":"Batterie LiFePO4 Humsienk 100 Ah 12 V"},"content":{"rendered":"<div class=\"product-specs-list-container\">\n<ul class=\"product-specs-list util-clearfix\">\n<li class=\"product-prop line-limit-length\"><span\n                                        class=\"property-title\">Produits chimiques hautement pr\u00e9occupants :&nbsp;<\/span><span\n                                        class=\"property-desc line-limit-length\">Aucun<\/span>\n                            <\/li>\n<li class=\"product-prop line-limit-length\"><span\n                                        class=\"property-title\">Capacit\u00e9 nominale :&nbsp;<\/span><span\n                                        class=\"property-desc line-limit-length\">100 Ah<\/span>\n                            <\/li>\n<li class=\"product-prop line-limit-length\"><span\n                                        class=\"property-title\">Poids:&nbsp;<\/span><span\n                                        class=\"property-desc line-limit-length\">23,26 lb \/ 10,55 kg<\/span>\n                            <\/li>\n<li class=\"product-prop line-limit-length\"><span\n                                        class=\"property-title\">tension:&nbsp;<\/span><span\n                                        class=\"property-desc line-limit-length\">12,8 V<\/span>\n                            <\/li>\n<li class=\"product-prop line-limit-length\"><span\n                                        class=\"property-title\">Taille:&nbsp;<\/span><span\n                                        class=\"property-desc line-limit-length\">260 x 168 x 209 mm \/ 10.2 x 6.6 x 8.2 inches<\/span>\n                            <\/li>\n<li class=\"product-prop line-limit-length\"><span\n                                        class=\"property-title\">Application:&nbsp;<\/span><span\n                                        class=\"property-desc line-limit-length\">Home \/ Outdoor<\/span>\n                            <\/li>\n<li class=\"product-prop line-limit-length\"><span\n                                        class=\"property-title\">Num\u00e9ro de mod\u00e8le :&nbsp;<\/span><span\n                                        class=\"property-desc line-limit-length\">12V 100Ah<\/span>\n                            <\/li>\n<li class=\"product-prop line-limit-length\"><span\n                                        class=\"property-title\">Taper:&nbsp;<\/span><span\n                                        class=\"property-desc line-limit-length\">LiFePO4<\/span>\n                            <\/li>\n<li class=\"product-prop line-limit-length\"><span\n                                        class=\"property-title\">Nom de marque :&nbsp;<\/span><span\n                                        class=\"property-desc line-limit-length\">Humsienk<\/span>\n                            <\/li>\n<li class=\"product-prop line-limit-length\"><span\n                                        class=\"property-title\">Origine:&nbsp;<\/span><span\n                                        class=\"property-desc line-limit-length\">Chine continentale<\/span>\n                            <\/li>\n<li class=\"product-prop line-limit-length\"><span\n                                        class=\"property-title\">Tension nominale :&nbsp;<\/span><span\n                                        class=\"property-desc line-limit-length\">Autres<\/span>\n                            <\/li>\n<li class=\"product-prop line-limit-length\"><span\n                                        class=\"property-title\">Indice d&#039;\u00e9tanch\u00e9it\u00e9 :&nbsp;<\/span><span\n                                        class=\"property-desc line-limit-length\">IP65<\/span>\n                            <\/li>\n<li class=\"product-prop line-limit-length\"><span\n                                        class=\"property-title\">Cellule:&nbsp;<\/span><span\n                                        class=\"property-desc line-limit-length\">Cellules LiFePO4 de grade A+<\/span>\n                            <\/li>\n<li class=\"product-prop line-limit-length\"><span\n                                        class=\"property-title\">Max. Expansion:&nbsp;<\/span><span\n                                        class=\"property-desc line-limit-length\">4S4P, up to 20.48kWh<\/span>\n                            <\/li>\n<li class=\"product-prop line-limit-length\"><span\n                                        class=\"property-title\">Garantie:&nbsp;<\/span><span\n                                        class=\"property-desc line-limit-length\">5 ans<\/span>\n                            <\/li>\n<\/ul><\/div>\n<p style=\"font-family:&quot;TT Norms Pro&quot;, &quot;Open Sans&quot;, Roboto, Arial, Helvetica, sans-serif, SimSun;font-size:14px;font-weight:400;letter-spacing:normal;line-height:inherit;text-align:start;white-space:normal;color:rgb(34, 34, 34);margin:0px;margin-bottom:0px;margin-top:0px;margin-left:0px;margin-right:0px;padding:0px;padding-bottom:0px;padding-top:0px;padding-left:0px;padding-right:0px;box-sizing:border-box\" align=\"start\"><span style=\"color:rgb(244, 78, 59);font-size:20px;font-family:arial, helvetica, sans-serif\"><strong>Veuillez noter:<\/strong><\/span><\/p>\n<p style=\"font-family:&quot;TT Norms Pro&quot;, &quot;Open Sans&quot;, Roboto, Arial, Helvetica, sans-serif, SimSun;font-size:14px;font-weight:400;letter-spacing:normal;line-height:inherit;text-align:start;white-space:normal;color:rgb(34, 34, 34);margin:0px;margin-bottom:0px;margin-top:0px;margin-left:0px;margin-right:0px;padding:0px;padding-bottom:0px;padding-top:0px;padding-left:0px;padding-right:0px;box-sizing:border-box\" align=\"start\"><span style=\"color:rgb(244, 78, 59);font-size:20px;font-family:arial, helvetica, sans-serif\"><u><strong>Actuellement, nous n&#039;exp\u00e9dions PAS vers l&#039;Alaska, Hawa\u00ef et Porto Rico\u00a0!!<\/strong><\/u><\/span><\/p>\n<p><\/p>\n<p><strong><span style=\"color:rgb(77, 77, 77);font-size:18px;font-family:arial, helvetica, sans-serif\">Haute performance : <\/span><\/strong><span style=\"color:rgb(77, 77, 77);font-size:18px;font-family:arial, helvetica, sans-serif\">The HumsiENK LiFePO4 battery offers a 100Ah capacity and standard voltage of 12.8V. With A+ grade cells, it boasts an impressive lifespan of <\/span><span style=\"color:rgb(244, 78, 59);font-size:18px;font-family:arial, helvetica, sans-serif\">up to 20,000 cycles<\/span><span style=\"color:rgb(77, 77, 77);font-size:18px;font-family:arial, helvetica, sans-serif\">.<\/span><\/p>\n<p><\/p>\n<p><strong><span style=\"color:rgb(77, 77, 77);font-size:18px;font-family:arial, helvetica, sans-serif\">Certifications:<\/span><\/strong><span style=\"color:rgb(77, 77, 77);font-size:18px;font-family:arial, helvetica, sans-serif\"> SDS\/UN38.3\/FCC\/CE\/ROHS certifications ensure its quality and safety.<\/span><\/p>\n<p><\/p>\n<p><strong><span style=\"color:rgb(77, 77, 77);font-size:18px;font-family:arial, helvetica, sans-serif\">Protection BMS int\u00e9gr\u00e9e\u00a0:<\/span><\/strong><span style=\"color:rgb(77, 77, 77);font-size:18px;font-family:arial, helvetica, sans-serif\"> This lithium batteries features a built-in <\/span><span style=\"color:rgb(244, 78, 59);font-size:18px;font-family:arial, helvetica, sans-serif\">100A BMS<\/span><span style=\"color:rgb(77, 77, 77);font-size:18px;font-family:arial, helvetica, sans-serif\"> protection plate that automatically disconnects if the discharge current exceeds 300\u00b150A, providing enhanced safety.<\/span><\/p>\n<p><\/p>\n<p><strong><span style=\"color:rgb(77, 77, 77);font-size:18px;font-family:arial, helvetica, sans-serif\">Conception compacte :<\/span><\/strong><span style=\"color:rgb(77, 77, 77);font-size:18px;font-family:arial, helvetica, sans-serif\"> Measuring size only <\/span><span style=\"color:rgb(244, 78, 59);font-size:18px;font-family:arial, helvetica, sans-serif\">10.2&#215;6.6&#215;8.2inch(26x17x21cm)<\/span><span style=\"color:rgb(77, 77, 77);font-size:18px;font-family:arial, helvetica, sans-serif\"> and weight only <\/span><span style=\"color:rgb(244, 78, 59);font-size:18px;font-family:arial, helvetica, sans-serif\">23.2lbs(10.5kg)<\/span><span style=\"color:rgb(77, 77, 77);font-size:18px;font-family:arial, helvetica, sans-serif\">, our battery maximizes energy density while maintaining its performance. Its compact form factor saves space and offers installation flexibility.<\/span><\/p>\n<p><\/p>\n<p><strong><span style=\"color:rgb(77, 77, 77);font-size:18px;font-family:arial, helvetica, sans-serif\">R\u00e9silience \u00e0 la temp\u00e9rature : <\/span><\/strong><span style=\"color:rgb(77, 77, 77);font-size:18px;font-family:arial, helvetica, sans-serif\">Operating smoothly<\/span><span style=\"color:rgb(244, 78, 59);font-size:18px;font-family:arial, helvetica, sans-serif\"> from -4\u00b0F (-20\u2103) to 158\u00b0F (70\u2103)<\/span><span style=\"color:rgb(77, 77, 77);font-size:18px;font-family:arial, helvetica, sans-serif\">, the battery includes automatic power-off below -4\u00b0F (-20\u00b0C) for added protection and longevity.<\/span><\/p>\n<p><\/p>\n<p><strong><span style=\"color:rgb(77, 77, 77);font-size:18px;font-family:arial, helvetica, sans-serif\">Connexion en s\u00e9rie ou en parall\u00e8le :<\/span><\/strong><span style=\"color:rgb(77, 77, 77);font-size:18px;font-family:arial, helvetica, sans-serif\"> Easily connect up to 4 batteries in series or\/and parallel, achieving a total capacity of <\/span><span style=\"color:rgb(244, 78, 59);font-size:18px;font-family:arial, helvetica, sans-serif\">up to 20.48kWh<\/span><span style=\"color:rgb(77, 77, 77);font-size:18px;font-family:arial, helvetica, sans-serif\">. Customize your power solution to suit your needs.<\/span><\/p>\n<p><\/p>\n<p><strong><span style=\"color:rgb(77, 77, 77);font-size:18px;font-family:arial, helvetica, sans-serif\">Ajustement parfait :<\/span><\/strong><span style=\"color:rgb(77, 77, 77);font-size:18px;font-family:arial, helvetica, sans-serif\"> Designed to seamlessly fit the <\/span><span style=\"color:rgb(244, 78, 59);font-size:18px;font-family:arial, helvetica, sans-serif\">Group-24<\/span><span style=\"color:rgb(77, 77, 77);font-size:18px;font-family:arial, helvetica, sans-serif\"> battery box, our 100Ah LiFePO4 battery eliminates the need for a larger box, simplifying installation.<\/span><\/p>\n<p><\/p>\n<p><span style=\"color:rgb(244, 78, 59);font-size:18px;font-family:arial, helvetica, sans-serif\"><strong>5-Year Assurance &amp; Support<\/strong><\/span><strong><span style=\"color:rgb(77, 77, 77);font-size:18px;font-family:arial, helvetica, sans-serif\">: <\/span><\/strong><span style=\"color:rgb(77, 77, 77);font-size:18px;font-family:arial, helvetica, sans-serif\">We prioritize your satisfaction. Reach out to us for any questions or concerns. Our products come with a 5-year assurance for your peace of mind.<\/span><\/p>\n<p><img decoding=\"async\" src=\"https:\/\/ae01.alicdn.com\/kf\/S3631b5428a6a4b74bdff03260e7980c2V.jpg\" slate-data-type=\"image\"\/><img decoding=\"async\" src=\"https:\/\/ae01.alicdn.com\/kf\/Se276861c5c014f5db652d77b80308820I.jpg\" slate-data-type=\"image\"\/><img decoding=\"async\" src=\"https:\/\/ae01.alicdn.com\/kf\/S01b91bb9c55441488274f89c4757eea8l.jpg\" slate-data-type=\"image\"\/><img decoding=\"async\" src=\"https:\/\/ae01.alicdn.com\/kf\/S5e53b421be6545aa8a8f83a6a9aeefd7M.jpg\" slate-data-type=\"image\"\/><img decoding=\"async\" src=\"https:\/\/ae01.alicdn.com\/kf\/S6299c0ba9f854ac59d79b10dcea1f5d8F.jpg\" slate-data-type=\"image\"\/><img decoding=\"async\" src=\"https:\/\/ae01.alicdn.com\/kf\/Sb12d7c98e0db412280743b37f9d1bf68r.jpg\" slate-data-type=\"image\"\/><img decoding=\"async\" src=\"https:\/\/ae01.alicdn.com\/kf\/Sd14261cadf7d41aebb7a95eb804a2552B.jpg\" slate-data-type=\"image\"\/><img decoding=\"async\" src=\"https:\/\/ae01.alicdn.com\/kf\/Sc8c8b59b8eec4b3ab17afc21d7baabf4s.jpg\" slate-data-type=\"image\"\/><\/p>","protected":false},"excerpt":{"rendered":"<p>Hign-concerned Chemical:&nbsp;None Nominal Capacity:&nbsp;100Ah Weight:&nbsp;23.26 lbs \/ 10.55 kg Voltage:&nbsp;12.8V Size:&nbsp;260 x 168 x 209 mm \/ 10.2 x 6.6 x 8.2 inches Application:&nbsp;Home \/ Outdoor Model Number:&nbsp;12V 100Ah Type:&nbsp;LiFePO4<\/p>","protected":false},"featured_media":7606,"comment_status":"open","ping_status":"closed","template":"","meta":{"_acf_changed":false},"product_brand":[],"product_cat":[237],"product_tag":[264],"class_list":{"0":"post-7605","1":"product","2":"type-product","3":"status-publish","4":"has-post-thumbnail","6":"product_cat-100-200ah-lifepo4-batteries","7":"product_tag-humsienk","9":"first","10":"instock","11":"shipping-taxable","12":"purchasable","13":"product-type-variable"},"acf":[],"_links":{"self":[{"href":"https:\/\/electricstore.eu\/fr\/wp-json\/wp\/v2\/product\/7605","targetHints":{"allow":["GET"]}}],"collection":[{"href":"https:\/\/electricstore.eu\/fr\/wp-json\/wp\/v2\/product"}],"about":[{"href":"https:\/\/electricstore.eu\/fr\/wp-json\/wp\/v2\/types\/product"}],"replies":[{"embeddable":true,"href":"https:\/\/electricstore.eu\/fr\/wp-json\/wp\/v2\/comments?post=7605"}],"wp:featuredmedia":[{"embeddable":true,"href":"https:\/\/electricstore.eu\/fr\/wp-json\/wp\/v2\/media\/7606"}],"wp:attachment":[{"href":"https:\/\/electricstore.eu\/fr\/wp-json\/wp\/v2\/media?parent=7605"}],"wp:term":[{"taxonomy":"product_brand","embeddable":true,"href":"https:\/\/electricstore.eu\/fr\/wp-json\/wp\/v2\/product_brand?post=7605"},{"taxonomy":"product_cat","embeddable":true,"href":"https:\/\/electricstore.eu\/fr\/wp-json\/wp\/v2\/product_cat?post=7605"},{"taxonomy":"product_tag","embeddable":true,"href":"https:\/\/electricstore.eu\/fr\/wp-json\/wp\/v2\/product_tag?post=7605"}],"curies":[{"name":"wp","href":"https:\/\/api.w.org\/{rel}","templated":true}]}}