{"id":7544,"date":"2025-05-15T19:32:29","date_gmt":"2025-05-15T19:32:29","guid":{"rendered":"https:\/\/electricstore.eu\/product\/usamr-150ah-12v-lifepo4-battery\/"},"modified":"2025-05-21T05:40:16","modified_gmt":"2025-05-21T05:40:16","slug":"usamr-150ah-12v-lifepo4-battery","status":"publish","type":"product","link":"https:\/\/electricstore.eu\/fr\/p\/batteries\/lifepo4-batteries\/100-200ah-lifepo4-batteries\/usamr-150ah-12v-lifepo4-battery\/","title":{"rendered":"Batterie LiFePO4 USAMR 150 Ah 12 V"},"content":{"rendered":"<div class=\"product-specs-list-container\">\n<ul class=\"product-specs-list util-clearfix\">\n<li class=\"product-prop line-limit-length\"><span\n                                        class=\"property-title\">Capacit\u00e9 nominale :&nbsp;<\/span><span\n                                        class=\"property-desc line-limit-length\">150AH<\/span>\n                            <\/li>\n<li class=\"product-prop line-limit-length\"><span\n                                        class=\"property-title\">Poids:&nbsp;<\/span><span\n                                        class=\"property-desc line-limit-length\">About 12kg<\/span>\n                            <\/li>\n<li class=\"product-prop line-limit-length\"><span\n                                        class=\"property-title\">Taille:&nbsp;<\/span><span\n                                        class=\"property-desc line-limit-length\">330x230x170mm<\/span>\n                            <\/li>\n<li class=\"product-prop line-limit-length\"><span\n                                        class=\"property-title\">Application:&nbsp;<\/span><span\n                                        class=\"property-desc line-limit-length\">V\u00e9hicules \u00e9lectriques, camping-cars, bateaux, moteurs \u00e9lectriques, \u00e9nergie domestique, stockage d&#039;\u00e9nergie solaire, syst\u00e8mes d&#039;\u00e9nergie solaire hors r\u00e9seau, autres<\/span>\n                            <\/li>\n<li class=\"product-prop line-limit-length\"><span\n                                        class=\"property-title\">Num\u00e9ro de mod\u00e8le :&nbsp;<\/span><span\n                                        class=\"property-desc line-limit-length\">Batterie Lifepo4 12 V<\/span>\n                            <\/li>\n<li class=\"product-prop line-limit-length\"><span\n                                        class=\"property-title\">Taper:&nbsp;<\/span><span\n                                        class=\"property-desc line-limit-length\">LiFePO4<\/span>\n                            <\/li>\n<li class=\"product-prop line-limit-length\"><span\n                                        class=\"property-title\">Nom de marque :&nbsp;<\/span><span\n                                        class=\"property-desc line-limit-length\">Likctt<\/span>\n                            <\/li>\n<li class=\"product-prop line-limit-length\"><span\n                                        class=\"property-title\">Origine:&nbsp;<\/span><span\n                                        class=\"property-desc line-limit-length\">Chine continentale<\/span>\n                            <\/li>\n<\/ul><\/div>\n<div class=\"detailmodule_html\">\n<div class=\"detail-desc-decorate-richtext\">\n<p class=\"word-break white-space mt-10\" style=\"color:rgb(255, 0, 0);font-size:20px;font-weight:bold;\">Transport dans l&#039;Union europ\u00e9enne, au Royaume-Uni, aux \u00c9tats-Unis, au Canada et en Asie SANS TAXE.<\/p>\n<p><img fetchpriority=\"high\" decoding=\"async\" height=\"1200\" referrerpolicy=\"no-referrer\" src=\"https:\/\/ae01.alicdn.com\/kf\/S35dcd2739699439a88556f721058ed87D.jpg?width=1200&amp;height=1200&amp;hash=2400\" style=\"width: 100%; height: auto; vertical-align: middle;\" width=\"1200\"><\/p>\n<p class=\"word-break white-space mt-10\" style=\"color:#ff0000;font-size:20px;font-weight:bold;\">L&#039;entrep\u00f4t de l&#039;UE (entrep\u00f4t polonais) est arriv\u00e9. Si vous en avez besoin, vous pouvez passer commande d\u00e8s maintenant. Commencez par commander et organiser l&#039;exp\u00e9dition. Vous recevrez vos marchandises sous 3 \u00e0 7 jours apr\u00e8s l&#039;exp\u00e9dition.<\/p>\n<p class=\"word-break white-space mt-10\" style=\"text-align:left;color:#434649;font-size:13px;font-weight:normal;\">Type de batterie :<br \/>\nBattery capacity:150ah<br \/>\nBattery size:330*230*170mm (+\/-10mm)<br \/>\nWeight:12kg(+\/-0.5kg)<br \/>\nInt\u00e9gr\u00e9 : Batterie LiFePO4 3,2 V<br \/>\nTension nominale : 12,8 V<br \/>\nCourant de charge maximal : 50 A<br \/>\nCourant de d\u00e9charge instantan\u00e9 : 200 A<br \/>\nCourant de d\u00e9charge continu : 100 A<br \/>\nDur\u00e9e de vie : 6\u00a0000 cycles ou plus<br \/>\nTemp\u00e9rature de charge : 0~45\u00b0C<br \/>\nTemp\u00e9rature de d\u00e9charge : -20~60\u00b0C<br \/>\nTemp\u00e9rature de stockage : -20~65 \u00b0C<br \/>\nPlage de tension de fonctionnement : 8,0 V-14,6 V<br \/>\nTension de protection contre les surcharges : 14,6 V \u00b1 0,05 V<br \/>\nTension de protection contre les surcharges : 8,0 V \u00b1 0,05 V<br \/>\nProt\u00e9ger la temp\u00e9rature de la batterie : 60 \u00b0C plus 5 \u00b0C<br \/>\nSortie et param\u00e8tres : colonne de connexion positive\/n\u00e9gative \u00e0 courant \u00e9lev\u00e9 (rouge positif, noir n\u00e9gatif)<\/p>\n<p><img decoding=\"async\" height=\"1000\" referrerpolicy=\"no-referrer\" src=\"https:\/\/ae01.alicdn.com\/kf\/S8bcff6c1d553445badafa9b8f7186a08N.jpg\" style=\"width: 100%; height: auto; vertical-align: middle;\" width=\"1000\"><img decoding=\"async\" height=\"1000\" referrerpolicy=\"no-referrer\" src=\"https:\/\/ae01.alicdn.com\/kf\/S82b27f18f1c141ffba330fc0e4484fb3Q.jpg?width=1000&amp;height=1000&amp;hash=2000\" style=\"width: 100%; height: auto; vertical-align: middle;\" width=\"1000\"><img loading=\"lazy\" decoding=\"async\" height=\"1000\" referrerpolicy=\"no-referrer\" src=\"https:\/\/ae01.alicdn.com\/kf\/Sf70946ecb6e3472ab0d4d5b24f333c40h.jpg?width=1000&amp;height=1000&amp;hash=2000\" style=\"width: 100%; height: auto; vertical-align: middle;\" width=\"1000\"><\/p>\n<p class=\"word-break white-space mt-10\" style=\"text-align:left;color:#434649;font-size:13px;font-weight:normal;\">Type de batterie :<br \/>\nBattery capacity:120ah<br \/>\nBattery size:330*230*170mm (+\/-10mm)<br \/>\nWeight:10.5kg(+\/-0.5kg)<br \/>\nInt\u00e9gr\u00e9 : Batterie LiFePO4 3,2 V<br \/>\nTension nominale : 12,8 V<br \/>\nCourant de charge maximal : 50 A<br \/>\nCourant de d\u00e9charge instantan\u00e9 : 200 A<br \/>\nCourant de d\u00e9charge continu : 100 A<br \/>\nDur\u00e9e de vie : 6\u00a0000 cycles ou plus<br \/>\nTemp\u00e9rature de charge : 0~45\u00b0C<br \/>\nTemp\u00e9rature de d\u00e9charge : -20~60\u00b0C<br \/>\nTemp\u00e9rature de stockage : -20~65 \u00b0C<br \/>\nPlage de tension de fonctionnement : 8,0 V-14,6 V<br \/>\nTension de protection contre les surcharges : 14,6 V \u00b1 0,05 V<br \/>\nTension de protection contre les surcharges : 8,0 V \u00b1 0,05 V<br \/>\nProt\u00e9ger la temp\u00e9rature de la batterie : 60 \u00b0C plus 5 \u00b0C<br \/>\nSortie et param\u00e8tres : colonne de connexion positive\/n\u00e9gative \u00e0 courant \u00e9lev\u00e9 (rouge positif, noir n\u00e9gatif)<\/p>\n<p><img loading=\"lazy\" decoding=\"async\" height=\"1000\" referrerpolicy=\"no-referrer\" src=\"https:\/\/ae01.alicdn.com\/kf\/S58e1749255c54da89732b0ff480bdc293.jpg?width=1000&amp;height=1000&amp;hash=2000\" style=\"width: 100%; height: auto; vertical-align: middle;\" width=\"1000\"><img loading=\"lazy\" decoding=\"async\" height=\"1000\" referrerpolicy=\"no-referrer\" src=\"https:\/\/ae01.alicdn.com\/kf\/S549ef97bb27e4969a47f7f1136bb182bO.jpg?width=1000&amp;height=1000&amp;hash=2000\" style=\"width: 100%; height: auto; vertical-align: middle;\" width=\"1000\"><img loading=\"lazy\" decoding=\"async\" height=\"1000\" referrerpolicy=\"no-referrer\" src=\"https:\/\/ae01.alicdn.com\/kf\/S8b93755b9ee24a889d7648bbba4d5c23C.jpg?width=1000&amp;height=1000&amp;hash=2000\" style=\"width: 100%; height: auto; vertical-align: middle;\" width=\"1000\"><\/p>\n<p class=\"word-break white-space mt-10\" style=\"text-align:left;color:#434649;font-size:13px;font-weight:normal;\">Type de batterie :<br \/>\nBattery capacity:100ah<br \/>\nBattery size:310*172*193mm (+\/-10mm)<br \/>\nWeight:9.5kg(+\/-0.5kg)<br \/>\nInt\u00e9gr\u00e9 : Batterie LiFePO4 3,2 V<br \/>\nTension nominale : 12,8 V<br \/>\nCourant de charge maximal : 50 A<br \/>\nCourant de d\u00e9charge instantan\u00e9 : 200 A<br \/>\nCourant de d\u00e9charge continu : 100 A<br \/>\nDur\u00e9e de vie : 6\u00a0000 cycles ou plus<br \/>\nTemp\u00e9rature de charge : 0~45\u00b0C<br \/>\nTemp\u00e9rature de d\u00e9charge : -20~60\u00b0C<br \/>\nTemp\u00e9rature de stockage : -20~65 \u00b0C<br \/>\nPlage de tension de fonctionnement : 8,0 V-14,6 V<br \/>\nTension de protection contre les surcharges : 14,6 V \u00b1 0,05 V<br \/>\nTension de protection contre les surcharges : 8,0 V \u00b1 0,05 V<br \/>\nProt\u00e9ger la temp\u00e9rature de la batterie : 60 \u00b0C plus 5 \u00b0C<br \/>\nSortie et param\u00e8tres : colonne de connexion positive\/n\u00e9gative \u00e0 courant \u00e9lev\u00e9 (rouge positif, noir n\u00e9gatif)<\/p>\n<p><img loading=\"lazy\" decoding=\"async\" height=\"1000\" referrerpolicy=\"no-referrer\" src=\"https:\/\/ae01.alicdn.com\/kf\/S7ab31d5bcc21462190a3dbf7b8dde4a0c.jpg\" style=\"width: 100%; height: auto; vertical-align: middle;\" width=\"1000\"><img loading=\"lazy\" decoding=\"async\" height=\"1000\" referrerpolicy=\"no-referrer\" src=\"https:\/\/ae01.alicdn.com\/kf\/S59b8b8b3d37743c1aefe5710fc421d4dG.jpg\" style=\"width: 100%; height: auto; vertical-align: middle;\" width=\"1000\"><img loading=\"lazy\" decoding=\"async\" height=\"1000\" referrerpolicy=\"no-referrer\" src=\"https:\/\/ae01.alicdn.com\/kf\/Se4f0309c932a4b0b8c55f27669797293m.jpg\" style=\"width: 100%; height: auto; vertical-align: middle;\" width=\"1000\"><\/p>\n<p class=\"word-break white-space mt-10\" style=\"text-align:left;color:#434649;font-size:13px;font-weight:normal;\">Type de batterie :<br \/>\nBattery capacity:100ah<br \/>\nBattery size:230*230*180mm (+\/-10mm)<br \/>\nWeight:10.8kg(+\/-0.5kg)<br \/>\nInt\u00e9gr\u00e9 : Batterie LiFePO4 3,2 V<br \/>\nTension nominale : 12,8 V<br \/>\nCourant de charge maximal : 50 A<br \/>\nCourant de d\u00e9charge instantan\u00e9 : 200 A<br \/>\nCourant de d\u00e9charge continu : 100 A<br \/>\nDur\u00e9e de vie : 6\u00a0000 cycles ou plus<br \/>\nMat\u00e9riau du bo\u00eetier : M\u00e9tal<br \/>\nTemp\u00e9rature de charge : 0~45\u00b0C<br \/>\nTemp\u00e9rature de d\u00e9charge : -20~60\u00b0C<br \/>\nTemp\u00e9rature de stockage : -20~65 \u00b0C<br \/>\nPlage de tension de fonctionnement : 8,0 V-14,6 V<br \/>\nTension de protection contre les surcharges : 14,6 V \u00b1 0,05 V<br \/>\nTension de protection contre les surcharges : 8,0 V \u00b1 0,05 V<br \/>\nProt\u00e9ger la temp\u00e9rature de la batterie : 60 \u00b0C plus 5 \u00b0C<br \/>\nSortie et param\u00e8tres : colonne de connexion positive\/n\u00e9gative \u00e0 courant \u00e9lev\u00e9 (rouge positif, noir n\u00e9gatif)<\/p>\n<p><img loading=\"lazy\" decoding=\"async\" height=\"1000\" referrerpolicy=\"no-referrer\" src=\"https:\/\/ae01.alicdn.com\/kf\/Sb5c8989b88024f3ab8bb5925541be49d0.jpg?width=1000&#038;height=1000&#038;hash=2000\" style=\"width: 100%; height: auto; vertical-align: middle;\" width=\"1000\"><img loading=\"lazy\" decoding=\"async\" height=\"1000\" referrerpolicy=\"no-referrer\" src=\"https:\/\/ae01.alicdn.com\/kf\/S3b297dfe2df946db90b12474d69d5a4cb.jpg?width=1000&#038;height=1000&#038;hash=2000\" style=\"width: 100%; height: auto; vertical-align: middle;\" width=\"1000\"><img loading=\"lazy\" decoding=\"async\" height=\"1000\" referrerpolicy=\"no-referrer\" src=\"https:\/\/ae01.alicdn.com\/kf\/S1e25678d179944c5872e7d160ebab46c3.jpg?width=1000&#038;height=1000&#038;hash=2000\" style=\"width: 100%; height: auto; vertical-align: middle;\" width=\"1000\"><\/p>\n<p class=\"word-break white-space mt-10\" style=\"text-align:left;color:#434649;font-size:13px;font-weight:normal;\">Type de batterie :<br \/>\nBattery capacity:50ah<br \/>\nBattery size:230*230*180mm (+\/-10mm)<br \/>\nWeight:7.3kg(+\/-0.5kg)<br \/>\nInt\u00e9gr\u00e9 : Batterie LiFePO4 3,2 V<br \/>\nTension nominale : 12,8 V<br \/>\nCourant de charge maximal : 50 A<br \/>\nCourant de d\u00e9charge instantan\u00e9 : 200 A<br \/>\nCourant de d\u00e9charge continu : 100 A<br \/>\nLife: 5000 Cycles or more<br \/>\nMat\u00e9riau du bo\u00eetier : M\u00e9tal<br \/>\nTemp\u00e9rature de charge : 0~45\u00b0C<br \/>\nTemp\u00e9rature de d\u00e9charge : -20~60\u00b0C<br \/>\nTemp\u00e9rature de stockage : -20~65 \u00b0C<br \/>\nPlage de tension de fonctionnement : 8,0 V-14,6 V<br \/>\nTension de protection contre les surcharges : 14,6 V \u00b1 0,05 V<br \/>\nTension de protection contre les surcharges : 8,0 V \u00b1 0,05 V<br \/>\nProt\u00e9ger la temp\u00e9rature de la batterie : 60 \u00b0C plus 5 \u00b0C<br \/>\nSortie et param\u00e8tres : colonne de connexion positive\/n\u00e9gative \u00e0 courant \u00e9lev\u00e9 (rouge positif, noir n\u00e9gatif)<\/p>\n<p><img loading=\"lazy\" decoding=\"async\" height=\"1000\" referrerpolicy=\"no-referrer\" src=\"https:\/\/ae01.alicdn.com\/kf\/Sa8de42b6efd043fbbeefa518f3b9ee21S.jpg?width=1000&#038;height=1000&#038;hash=2000\" style=\"width: 100%; height: auto; vertical-align: middle;\" width=\"1000\"><img loading=\"lazy\" decoding=\"async\" height=\"1000\" referrerpolicy=\"no-referrer\" src=\"https:\/\/ae01.alicdn.com\/kf\/S3f2239c1872b4d93a0bc0cefd7defbccF.jpg?width=1000&#038;height=1000&#038;hash=2000\" style=\"width: 100%; height: auto; vertical-align: middle;\" width=\"1000\"><img loading=\"lazy\" decoding=\"async\" height=\"1000\" referrerpolicy=\"no-referrer\" src=\"https:\/\/ae01.alicdn.com\/kf\/Sb950945b25a6469cafda2a1c53f8af15D.jpg?width=1000&#038;height=1000&#038;hash=2000\" style=\"width: 100%; height: auto; vertical-align: middle;\" width=\"1000\"><\/p>\n<p class=\"word-break white-space mt-10\" style=\"text-align:left;color:#434649;font-size:13px;font-weight:normal;\">Application de l&#039;\u00e9nergie \u00e9lectrique<br \/>\n\u25cfD\u00e9marrer le moteur de la batterie<br \/>\n\u25cf Autobus commerciaux et bus :<br \/>\nVoitures \u00e9lectriques, bus \u00e9lectriques, voiturettes de golf\/v\u00e9los \u00e9lectriques, scooters, camping-cars, AGV, Marines, autocars, caravanes, fauteuils roulants,<br \/>\nCamions \u00e9lectroniques, balayeuses \u00e9lectroniques, nettoyeurs de sol, d\u00e9ambulateurs \u00e9lectroniques, etc.<br \/>\n\u25cf Robot intelligent<br \/>\n\u25cf Outils \u00e9lectriques : perceuses \u00e9lectriques, jouets<br \/>\nStockage d&#039;\u00e9nergie<br \/>\n\u25cf Syst\u00e8me d&#039;\u00e9nergie \u00e9olienne solaire<br \/>\n\u25cf R\u00e9seau urbain (activ\u00e9\/d\u00e9sactiv\u00e9)<br \/>\nSyst\u00e8me de sauvegarde et onduleur<br \/>\n\u25cf Base de t\u00e9l\u00e9communication, syst\u00e8me de t\u00e9l\u00e9vision par c\u00e2ble, centre de serveurs informatiques, \u00e9quipement m\u00e9dical, \u00e9quipement militaire<br \/>\n\u25cf S\u00e9curit\u00e9 et \u00e9lectronique, point de vente mobile, \u00e9clairage minier \/ lampe de poche \/ lumi\u00e8res LED \/ lumi\u00e8res de secours<br \/>\nAvantages du produit :<br \/>\nFacile \u00e0 transporter, grande capacit\u00e9, plate-forme de lib\u00e9ration \u00e9lev\u00e9e, longues heures de travail, longue dur\u00e9e de vie, s\u00e9curit\u00e9 et protection de l&#039;environnement<\/p>\n<p><img loading=\"lazy\" decoding=\"async\" height=\"1000\" referrerpolicy=\"no-referrer\" src=\"https:\/\/ae01.alicdn.com\/kf\/S27b23c2fe70a4c37899b54c92940cb610.jpg\" style=\"width: 100%; height: auto; vertical-align: middle;\" width=\"1000\"><\/div>\n<\/div>","protected":false},"excerpt":{"rendered":"<p>Nominal Capacity:&nbsp;150AH Weight:&nbsp;About 12kg Size:&nbsp;330x230x170mm Application:&nbsp;EV,RV,Marine Boat,Trolling Motor,Home Energy,Solar Power Storage,Off-Grid Solar Power System,Others Model Number:&nbsp;12V Liferpo4 Battery Type:&nbsp;LiFePO4 Brand Name:&nbsp;Likctt Origin:&nbsp;Mainland China Transportation in the European Union, United Kingdom,the<\/p>","protected":false},"featured_media":7545,"comment_status":"open","ping_status":"closed","template":"","meta":{"_acf_changed":false},"product_brand":[],"product_cat":[237],"product_tag":[243],"class_list":{"0":"post-7544","1":"product","2":"type-product","3":"status-publish","4":"has-post-thumbnail","6":"product_cat-100-200ah-lifepo4-batteries","7":"product_tag-usamr","9":"first","10":"instock","11":"shipping-taxable","12":"purchasable","13":"product-type-variable"},"acf":[],"_links":{"self":[{"href":"https:\/\/electricstore.eu\/fr\/wp-json\/wp\/v2\/product\/7544","targetHints":{"allow":["GET"]}}],"collection":[{"href":"https:\/\/electricstore.eu\/fr\/wp-json\/wp\/v2\/product"}],"about":[{"href":"https:\/\/electricstore.eu\/fr\/wp-json\/wp\/v2\/types\/product"}],"replies":[{"embeddable":true,"href":"https:\/\/electricstore.eu\/fr\/wp-json\/wp\/v2\/comments?post=7544"}],"wp:featuredmedia":[{"embeddable":true,"href":"https:\/\/electricstore.eu\/fr\/wp-json\/wp\/v2\/media\/7545"}],"wp:attachment":[{"href":"https:\/\/electricstore.eu\/fr\/wp-json\/wp\/v2\/media?parent=7544"}],"wp:term":[{"taxonomy":"product_brand","embeddable":true,"href":"https:\/\/electricstore.eu\/fr\/wp-json\/wp\/v2\/product_brand?post=7544"},{"taxonomy":"product_cat","embeddable":true,"href":"https:\/\/electricstore.eu\/fr\/wp-json\/wp\/v2\/product_cat?post=7544"},{"taxonomy":"product_tag","embeddable":true,"href":"https:\/\/electricstore.eu\/fr\/wp-json\/wp\/v2\/product_tag?post=7544"}],"curies":[{"name":"wp","href":"https:\/\/api.w.org\/{rel}","templated":true}]}}