{"id":7516,"date":"2025-05-15T19:32:09","date_gmt":"2025-05-15T19:32:09","guid":{"rendered":"https:\/\/electricstore.eu\/product\/usamr-600ah-12v-lifepo4-battery-3\/"},"modified":"2025-05-20T13:42:29","modified_gmt":"2025-05-20T13:42:29","slug":"usamr-600ah-12v-lifepo4-battery-3","status":"publish","type":"product","link":"https:\/\/electricstore.eu\/fr\/p\/batteries\/lifepo4-batteries\/200ah-lifepo4-batteries\/usamr-600ah-12v-lifepo4-battery-3\/","title":{"rendered":"Batterie LiFePO4 USAMR 600 Ah 12 V"},"content":{"rendered":"<div class=\"product-specs-list-container\">\n<ul class=\"product-specs-list util-clearfix\">\n<li class=\"product-prop line-limit-length\"><span\n                                        class=\"property-title\">Capacit\u00e9 nominale :&nbsp;<\/span><span\n                                        class=\"property-desc line-limit-length\">600AH<\/span>\n                            <\/li>\n<li class=\"product-prop line-limit-length\"><span\n                                        class=\"property-title\">Poids:&nbsp;<\/span><span\n                                        class=\"property-desc line-limit-length\">Environ 50,4 kg<\/span>\n                            <\/li>\n<li class=\"product-prop line-limit-length\"><span\n                                        class=\"property-title\">tension:&nbsp;<\/span><span\n                                        class=\"property-desc line-limit-length\">12V<\/span>\n                            <\/li>\n<li class=\"product-prop line-limit-length\"><span\n                                        class=\"property-title\">Taille:&nbsp;<\/span><span\n                                        class=\"property-desc line-limit-length\">430x310x270mm<\/span>\n                            <\/li>\n<li class=\"product-prop line-limit-length\"><span\n                                        class=\"property-title\">Num\u00e9ro de mod\u00e8le :&nbsp;<\/span><span\n                                        class=\"property-desc line-limit-length\">Batterie Lifepo4 12 V<\/span>\n                            <\/li>\n<li class=\"product-prop line-limit-length\"><span\n                                        class=\"property-title\">Taper:&nbsp;<\/span><span\n                                        class=\"property-desc line-limit-length\">LiFePO4<\/span>\n                            <\/li>\n<li class=\"product-prop line-limit-length\"><span\n                                        class=\"property-title\">Nom de marque :&nbsp;<\/span><span\n                                        class=\"property-desc line-limit-length\">Likctt<\/span>\n                            <\/li>\n<li class=\"product-prop line-limit-length\"><span\n                                        class=\"property-title\">Origine:&nbsp;<\/span><span\n                                        class=\"property-desc line-limit-length\">Chine continentale<\/span>\n                            <\/li>\n<\/ul><\/div>\n<div class=\"detailmodule_html\">\n<div class=\"detail-desc-decorate-richtext\">\n<p style=\"font-size:20px;font-weight:bold;text-align:left;color:rgb(255, 0, 0)\" align=\"left\">Transport dans l&#039;Union europ\u00e9enne, au Royaume-Uni, aux \u00c9tats-Unis, au Canada et en Asie SANS TAXE.<\/p>\n<p style=\"font-size:13px;text-align:left;color:rgb(67, 70, 73)\" align=\"left\">L&#039;entrep\u00f4t de l&#039;UE (entrep\u00f4t polonais) est arriv\u00e9. Si vous en avez besoin, vous pouvez passer commande d\u00e8s maintenant. Commencez par commander et organiser l&#039;exp\u00e9dition. Vous recevrez vos marchandises sous 3 \u00e0 7 jours apr\u00e8s l&#039;exp\u00e9dition.<br \/>Type de batterie :<br \/>Capacit\u00e9 de la batterie : 600 Ah<br \/>Taille de la batterie : 430*310*270mm (+\/-10mm)<br \/>Poids : 50,4 kg (+\/- 0,5 kg)<br \/>Int\u00e9gr\u00e9 : Batterie LiFePO4 3,2 V<br \/>Tension nominale : 12,8 V<br \/>Courant de charge maximal : 50 A<br \/>Courant de d\u00e9charge instantan\u00e9 : 200 A<br \/>Courant de d\u00e9charge continu : 100 A<br \/>Dur\u00e9e de vie : 6\u00a0000 cycles ou plus<br \/>Mat\u00e9riau du bo\u00eetier : M\u00e9tal<br \/>Temp\u00e9rature de charge : 0~45\u00b0C<br \/>Temp\u00e9rature de d\u00e9charge : -20~60\u00b0C<br \/>Temp\u00e9rature de stockage : -20~65 \u00b0C<br \/>Plage de tension de fonctionnement : 8,0 V-14,6 V<br \/>Tension de protection contre les surcharges : 14,6 V \u00b1 0,05 V<br \/>Tension de protection contre les surcharges : 8,0 V \u00b1 0,05 V<br \/>Prot\u00e9ger la temp\u00e9rature de la batterie : 60 \u00b0C plus 5 \u00b0C<br \/>Sortie et param\u00e8tres : colonne de connexion positive\/n\u00e9gative \u00e0 courant \u00e9lev\u00e9 (rouge positif, noir n\u00e9gatif)<\/p>\n<div><img decoding=\"async\" style=\"width:100%;height:auto\" width=\"100%\" height=\"auto\" src=\"https:\/\/ae01.alicdn.com\/kf\/S23c1d7b5797d4845845a3c736fb66b689.jpg\" slate-data-type=\"image\"\/><img decoding=\"async\" style=\"width:100%;height:auto\" width=\"100%\" height=\"auto\" src=\"https:\/\/ae01.alicdn.com\/kf\/S252a329e7df74ac982a61897c8aaa46ay.jpg\" slate-data-type=\"image\"\/><img decoding=\"async\" style=\"width:100%;height:auto\" width=\"100%\" height=\"auto\" src=\"https:\/\/ae01.alicdn.com\/kf\/S78a70a9793244904a68897a04c367ba0C.jpg?width=1000&amp;height=1000&amp;hash=2000\" slate-data-type=\"image\"\/><img decoding=\"async\" style=\"width:100%;height:auto\" width=\"100%\" height=\"auto\" src=\"https:\/\/ae01.alicdn.com\/kf\/S47846d325fa746d1b8838ed8f67d4826m.jpg?width=1000&amp;height=1000&amp;hash=2000\" slate-data-type=\"image\"\/><img decoding=\"async\" style=\"width:100%;height:auto\" width=\"100%\" height=\"auto\" src=\"https:\/\/ae01.alicdn.com\/kf\/S7dfa761837cd4db996c9096a04e71b13N.jpg?width=1000&amp;height=1000&amp;hash=2000\" slate-data-type=\"image\"\/><img decoding=\"async\" style=\"width:100%;height:auto\" width=\"100%\" height=\"auto\" src=\"https:\/\/ae01.alicdn.com\/kf\/Sf3183bee04f042edb56f6693202892dbp.jpg?width=1000&amp;height=1000&amp;hash=2000\" slate-data-type=\"image\"\/><img decoding=\"async\" style=\"width:100%;height:auto\" width=\"100%\" height=\"auto\" src=\"https:\/\/ae01.alicdn.com\/kf\/S559209be39524e6190b59d24ba79b677n.jpg?width=1000&amp;height=1000&amp;hash=2000\" slate-data-type=\"image\"\/><img decoding=\"async\" style=\"width:100%;height:auto\" width=\"100%\" height=\"auto\" src=\"https:\/\/ae01.alicdn.com\/kf\/S1dd2bfb17ba6429f8e2b5739caf1913bZ.jpg?width=1000&amp;height=1000&amp;hash=2000\" slate-data-type=\"image\"\/><img decoding=\"async\" style=\"width:100%;height:auto\" width=\"100%\" height=\"auto\" src=\"https:\/\/ae01.alicdn.com\/kf\/Sa3c63795cbd34f198df6cadc6646a1ddN.jpg?width=1000&amp;height=1000&amp;hash=2000\" slate-data-type=\"image\"\/><\/div>\n<p style=\"font-size:13px;text-align:left;color:rgb(67, 70, 73)\" align=\"left\">Application de l&#039;\u00e9nergie \u00e9lectrique<\/p>\n<p style=\"font-size:13px;text-align:left;color:rgb(67, 70, 73)\" align=\"left\">\u25cfD\u00e9marrer le moteur de la batterie<\/p>\n<p style=\"font-size:13px;text-align:left;color:rgb(67, 70, 73)\" align=\"left\">\u25cf Autobus commerciaux et bus :<\/p>\n<p style=\"font-size:13px;text-align:left;color:rgb(67, 70, 73)\" align=\"left\">Voitures \u00e9lectriques, bus \u00e9lectriques, voiturettes de golf\/v\u00e9los \u00e9lectriques, scooters, camping-cars, AGV, Marines, autocars, caravanes, fauteuils roulants,<\/p>\n<p style=\"font-size:13px;text-align:left;color:rgb(67, 70, 73)\" align=\"left\">Camions \u00e9lectroniques, balayeuses \u00e9lectroniques, nettoyeurs de sol, d\u00e9ambulateurs \u00e9lectroniques, etc.<\/p>\n<p style=\"font-size:13px;text-align:left;color:rgb(67, 70, 73)\" align=\"left\">\u25cf Robot intelligent<\/p>\n<p style=\"font-size:13px;text-align:left;color:rgb(67, 70, 73)\" align=\"left\">\u25cf Outils \u00e9lectriques : perceuses \u00e9lectriques, jouets<\/p>\n<p style=\"font-size:13px;text-align:left;color:rgb(67, 70, 73)\" align=\"left\">Stockage d&#039;\u00e9nergie<\/p>\n<p style=\"font-size:13px;text-align:left;color:rgb(67, 70, 73)\" align=\"left\">\u25cf Syst\u00e8me d&#039;\u00e9nergie \u00e9olienne solaire<\/p>\n<p style=\"font-size:13px;text-align:left;color:rgb(67, 70, 73)\" align=\"left\">\u25cf R\u00e9seau urbain (activ\u00e9\/d\u00e9sactiv\u00e9)<\/p>\n<p style=\"font-size:13px;text-align:left;color:rgb(67, 70, 73)\" align=\"left\">Syst\u00e8me de sauvegarde et onduleur<\/p>\n<p style=\"font-size:13px;text-align:left;color:rgb(67, 70, 73)\" align=\"left\">\u25cf Base de t\u00e9l\u00e9communication, syst\u00e8me de t\u00e9l\u00e9vision par c\u00e2ble, centre de serveurs informatiques, \u00e9quipement m\u00e9dical, \u00e9quipement militaire<\/p>\n<p style=\"font-size:13px;text-align:left;color:rgb(67, 70, 73)\" align=\"left\">autres applications<\/p>\n<p style=\"font-size:13px;text-align:left;color:rgb(67, 70, 73)\" align=\"left\">\u25cf S\u00e9curit\u00e9 et \u00e9lectronique, point de vente mobile, \u00e9clairage minier \/ lampe de poche \/ lumi\u00e8res LED \/ lumi\u00e8res de secours<\/p>\n<p style=\"font-size:13px;text-align:left;color:rgb(67, 70, 73)\" align=\"left\">Avantages du produit :<\/p>\n<p style=\"font-size:13px;text-align:left;color:rgb(67, 70, 73)\" align=\"left\">Facile \u00e0 transporter, grande capacit\u00e9, plate-forme de lib\u00e9ration \u00e9lev\u00e9e, longues heures de travail, longue dur\u00e9e de vie, s\u00e9curit\u00e9 et protection de l&#039;environnement<\/p>\n<div><img decoding=\"async\" style=\"width:100%;height:auto\" width=\"100%\" height=\"auto\" src=\"https:\/\/ae01.alicdn.com\/kf\/S27b23c2fe70a4c37899b54c92940cb610.jpg\" slate-data-type=\"image\"\/><\/div>\n<\/div>\n<\/div>\n<p><\/p>","protected":false},"excerpt":{"rendered":"<p>Nominal Capacity:&nbsp;600AH Weight:&nbsp;About 50.4kg Voltage:&nbsp;12V Size:&nbsp;430x310x270mm Model Number:&nbsp;12V Liferpo4 Battery Type:&nbsp;LiFePO4 Brand Name:&nbsp;Likctt Origin:&nbsp;Mainland China Transportation in the European Union, United Kingdom,the United States, Canada, and Asian TAX FREE. The<\/p>","protected":false},"featured_media":7517,"comment_status":"open","ping_status":"closed","template":"","meta":{"_acf_changed":false},"product_brand":[],"product_cat":[238],"product_tag":[243],"class_list":{"0":"post-7516","1":"product","2":"type-product","3":"status-publish","4":"has-post-thumbnail","6":"product_cat-200ah-lifepo4-batteries","7":"product_tag-usamr","9":"first","10":"instock","11":"shipping-taxable","12":"purchasable","13":"product-type-simple"},"acf":[],"_links":{"self":[{"href":"https:\/\/electricstore.eu\/fr\/wp-json\/wp\/v2\/product\/7516","targetHints":{"allow":["GET"]}}],"collection":[{"href":"https:\/\/electricstore.eu\/fr\/wp-json\/wp\/v2\/product"}],"about":[{"href":"https:\/\/electricstore.eu\/fr\/wp-json\/wp\/v2\/types\/product"}],"replies":[{"embeddable":true,"href":"https:\/\/electricstore.eu\/fr\/wp-json\/wp\/v2\/comments?post=7516"}],"wp:featuredmedia":[{"embeddable":true,"href":"https:\/\/electricstore.eu\/fr\/wp-json\/wp\/v2\/media\/7517"}],"wp:attachment":[{"href":"https:\/\/electricstore.eu\/fr\/wp-json\/wp\/v2\/media?parent=7516"}],"wp:term":[{"taxonomy":"product_brand","embeddable":true,"href":"https:\/\/electricstore.eu\/fr\/wp-json\/wp\/v2\/product_brand?post=7516"},{"taxonomy":"product_cat","embeddable":true,"href":"https:\/\/electricstore.eu\/fr\/wp-json\/wp\/v2\/product_cat?post=7516"},{"taxonomy":"product_tag","embeddable":true,"href":"https:\/\/electricstore.eu\/fr\/wp-json\/wp\/v2\/product_tag?post=7516"}],"curies":[{"name":"wp","href":"https:\/\/api.w.org\/{rel}","templated":true}]}}