{"id":25696,"date":"2025-05-20T19:00:35","date_gmt":"2025-05-20T19:00:35","guid":{"rendered":"https:\/\/electricstore.eu\/p\/uncategorized\/q130-114-70km-h-4wd-rc-car-with-light-brushless-motor-remote-control-cars-high-speed-drift-monster-truck-toys-for-adults-kids\/"},"modified":"2025-05-20T19:05:50","modified_gmt":"2025-05-20T19:05:50","slug":"q130-114-70km-h-4wd-rc-car-with-light-brushless-motor-remote-control-cars-high-speed-drift-monster-truck-toys-for-adults-kids","status":"publish","type":"product","link":"https:\/\/electricstore.eu\/fr\/p\/rc\/rc-cars\/q130-114-70km-h-4wd-rc-car-with-light-brushless-motor-remote-control-cars-high-speed-drift-monster-truck-toys-for-adults-kids\/","title":{"rendered":"Voiture t\u00e9l\u00e9command\u00e9e Q130 1:14 70 km\/h 4x4 avec moteur brushless et lumi\u00e8res, jouet monster truck drift haute vitesse pour adultes et enfants."},"content":{"rendered":"<div class=\"product-specs-list-container\">\n<ul class=\"product-specs-list util-clearfix\">\n<li class=\"product-prop line-limit-length\"><span\n                                        class=\"property-title\">Num\u00e9ro de certificat :&nbsp;<\/span><span\n                                        class=\"property-desc line-limit-length\">Comme le montre<\/span>\n                            <\/li>\n<li class=\"product-prop line-limit-length\"><span\n                                        class=\"property-title\">CE :&nbsp;<\/span><span\n                                        class=\"property-desc line-limit-length\">Certificat<\/span>\n                            <\/li>\n<li class=\"product-prop line-limit-length\"><span\n                                        class=\"property-title\">Est \u00e9lectrique :&nbsp;<\/span><span\n                                        class=\"property-desc line-limit-length\">batterie au lithium<\/span>\n                            <\/li>\n<li class=\"product-prop line-limit-length\"><span\n                                        class=\"property-title\">Code-barres\u00a0:&nbsp;<\/span><span\n                                        class=\"property-desc line-limit-length\">Non<\/span>\n                            <\/li>\n<li class=\"product-prop line-limit-length\"><span\n                                        class=\"property-title\">Servomoteur d&#039;acc\u00e9l\u00e9rateur :&nbsp;<\/span><span\n                                        class=\"property-desc line-limit-length\">Moteur sans balais 2847 \/ Moteur magn\u00e9tique puissant \u00e0 balais de carbone 390<\/span>\n                            <\/li>\n<li class=\"product-prop line-limit-length\"><span\n                                        class=\"property-title\">servo de direction :&nbsp;<\/span><span\n                                        class=\"property-desc line-limit-length\">Moteur \u00e0 balais\u00a0: servo de direction 5 fils 17G \/ Moteur sans balais\u00a0: servo num\u00e9rique 3 fils 17G<\/span>\n                            <\/li>\n<li class=\"product-prop line-limit-length\"><span\n                                        class=\"property-title\">Pouvoir:&nbsp;<\/span><span\n                                        class=\"property-desc line-limit-length\">70 km\/h ou 50 km\/h<\/span>\n                            <\/li>\n<li class=\"product-prop line-limit-length\"><span\n                                        class=\"property-title\">\u00c9tat de l&#039;Assembl\u00e9e :&nbsp;<\/span><span\n                                        class=\"property-desc line-limit-length\">Pr\u00eat \u00e0 partir<\/span>\n                            <\/li>\n<li class=\"product-prop line-limit-length\"><span\n                                        class=\"property-title\">Dur\u00e9e du vol :&nbsp;<\/span><span\n                                        class=\"property-desc line-limit-length\">15 \u00e0 18 minutes (course continue \u00e0 pleine vitesse)<\/span>\n                            <\/li>\n<li class=\"product-prop line-limit-length\"><span\n                                        class=\"property-title\">Trace de pneu :&nbsp;<\/span><span\n                                        class=\"property-desc line-limit-length\">188 mm<\/span>\n                            <\/li>\n<li class=\"product-prop line-limit-length\"><span\n                                        class=\"property-title\">Empattement :&nbsp;<\/span><span\n                                        class=\"property-desc line-limit-length\">185 mm<\/span>\n                            <\/li>\n<li class=\"product-prop line-limit-length\"><span\n                                        class=\"property-title\">Avertissement:&nbsp;<\/span><span\n                                        class=\"property-desc line-limit-length\">Feu \u00e9loign\u00e9<\/span>\n                            <\/li>\n<li class=\"product-prop line-limit-length\"><span\n                                        class=\"property-title\">Distance \u00e0 distance :&nbsp;<\/span><span\n                                        class=\"property-desc line-limit-length\">120 m<\/span>\n                            <\/li>\n<li class=\"product-prop line-limit-length\"><span\n                                        class=\"property-title\">Garantie:&nbsp;<\/span><span\n                                        class=\"property-desc line-limit-length\">Aucun<\/span>\n                            <\/li>\n<li class=\"product-prop line-limit-length\"><span\n                                        class=\"property-title\">\u00c9chelle:&nbsp;<\/span><span\n                                        class=\"property-desc line-limit-length\">1:14<\/span>\n                            <\/li>\n<li class=\"product-prop line-limit-length\"><span\n                                        class=\"property-title\">Dimensions:&nbsp;<\/span><span\n                                        class=\"property-desc line-limit-length\">34,5 x 20,5 x 14,8 cm<\/span>\n                            <\/li>\n<li class=\"product-prop line-limit-length\"><span\n                                        class=\"property-title\">Couple:&nbsp;<\/span><span\n                                        class=\"property-desc line-limit-length\">Comme le montre<\/span>\n                            <\/li>\n<li class=\"product-prop line-limit-length\"><span\n                                        class=\"property-title\">Num\u00e9ro de mod\u00e8le :&nbsp;<\/span><span\n                                        class=\"property-desc line-limit-length\">S344<\/span>\n                            <\/li>\n<li class=\"product-prop line-limit-length\"><span\n                                        class=\"property-title\">Conception:&nbsp;<\/span><span\n                                        class=\"property-desc line-limit-length\">Moto tout-terrain<\/span>\n                            <\/li>\n<li class=\"product-prop line-limit-length\"><span\n                                        class=\"property-title\">Le paquet comprend\u00a0:&nbsp;<\/span><span\n                                        class=\"property-desc line-limit-length\">Piles, mode d&#039;emploi, t\u00e9l\u00e9commande, c\u00e2ble USB<\/span>\n                            <\/li>\n<li class=\"product-prop line-limit-length\"><span\n                                        class=\"property-title\">Canaux de contr\u00f4le\u00a0:&nbsp;<\/span><span\n                                        class=\"property-desc line-limit-length\">4 canaux<\/span>\n                            <\/li>\n<li class=\"product-prop line-limit-length\"><span\n                                        class=\"property-title\">Mode manette :&nbsp;<\/span><span\n                                        class=\"property-desc line-limit-length\">MODE2<\/span>\n                            <\/li>\n<li class=\"product-prop line-limit-length\"><span\n                                        class=\"property-title\">Tension de charge :&nbsp;<\/span><span\n                                        class=\"property-desc line-limit-length\">5V<\/span>\n                            <\/li>\n<li class=\"product-prop line-limit-length\"><span\n                                        class=\"property-title\">T\u00e9l\u00e9commande:&nbsp;<\/span><span\n                                        class=\"property-desc line-limit-length\">Oui<\/span>\n                            <\/li>\n<li class=\"product-prop line-limit-length\"><span\n                                        class=\"property-title\">Mat\u00e9riel:&nbsp;<\/span><span\n                                        class=\"property-desc line-limit-length\">M\u00e9tal, plastique<\/span>\n                            <\/li>\n<li class=\"product-prop line-limit-length\"><span\n                                        class=\"property-title\">Nom de marque :&nbsp;<\/span><span\n                                        class=\"property-desc line-limit-length\">WDSZKMYF<\/span>\n                            <\/li>\n<li class=\"product-prop line-limit-length\"><span\n                                        class=\"property-title\">\u00c2ge recommand\u00e9\u00a0:&nbsp;<\/span><span\n                                        class=\"property-desc line-limit-length\">14 ans et plus<\/span>\n                            <\/li>\n<li class=\"product-prop line-limit-length\"><span\n                                        class=\"property-title\">Origine:&nbsp;<\/span><span\n                                        class=\"property-desc line-limit-length\">Chine continentale<\/span>\n                            <\/li>\n<li class=\"product-prop line-limit-length\"><span\n                                        class=\"property-title\">Taper:&nbsp;<\/span><span\n                                        class=\"property-desc line-limit-length\">Voiture<\/span>\n                            <\/li>\n<li class=\"product-prop line-limit-length\"><span\n                                        class=\"property-title\">Caract\u00e9ristiques:&nbsp;<\/span><span\n                                        class=\"property-desc line-limit-length\">T\u00c9L\u00c9COMMANDE<\/span>\n                            <\/li>\n<\/ul><\/div>\n<div class=\"detailmodule_html\">\n<div class=\"detail-desc-decorate-richtext\">\n<p><\/p>\n<div>\u00a0<\/div>\n<p><span style=\"background-color:rgb(252, 220, 0);color:rgb(244, 78, 59);font-size:18px\"><strong>NOTE :<\/strong><\/span><\/p>\n<p><span style=\"color:rgb(244, 78, 59);font-size:18px\">1. Il ne s&#039;agit pas d&#039;une voiture t\u00e9l\u00e9command\u00e9e ordinaire, car elle est tr\u00e8s rapide ; il est recommand\u00e9 de l&#039;utiliser dans des espaces ouverts pour \u00e9viter de heurter des obstacles.<\/span><\/p>\n<p><span style=\"color:rgb(244, 78, 59);font-size:18px\">2. L&#039;emballage de vente au d\u00e9tail est compos\u00e9 de bo\u00eetes en mousse, ce qui permet de r\u00e9duire les risques de dommages au produit pendant le transport. Les bo\u00eetes d&#039;origine ne sont pas incluses.<\/span><\/p>\n<p><\/p>\n<p><\/p>\n<p><strong><span style=\"font-size:18px\">Remarque concernant l&#039;utilisation de la batterie\u00a0: (batteries vendues s\u00e9par\u00e9ment, veuillez me contacter si besoin)<\/span><\/strong><\/p>\n<p><span style=\"font-size:18px\">1. Lorsque la batterie est d\u00e9charg\u00e9e, il est imp\u00e9ratif de la recharger rapidement afin de lui assurer une r\u00e9serve d&#039;\u00e9nergie. Si la batterie est compl\u00e8tement vide, elle ne pourra pas \u00eatre recharg\u00e9e.<\/span><\/p>\n<p><span style=\"font-size:18px\">2. Lors de la charge de la batterie, d\u00e9branchez le c\u00e2ble de la voiture t\u00e9l\u00e9command\u00e9e. Veillez \u00e0 retirer la batterie pour la charger s\u00e9par\u00e9ment.<\/span><\/p>\n<p><span style=\"font-size:18px\">3. Si vous n&#039;utilisez pas la voiture t\u00e9l\u00e9command\u00e9e, veuillez d\u00e9brancher la batterie du c\u00e2ble de la t\u00e9l\u00e9commande. Ne la rebranchez surtout pas et chargez-la compl\u00e8tement, sinon vous risquez de l&#039;endommager.<\/span><\/p>\n<p><\/p>\n<p><\/p>\n<p><strong><span style=\"font-size:18px\">Voiture t\u00e9l\u00e9command\u00e9e 4x4 1:14 70 km\/h avec lumi\u00e8res LED, monster truck drift haute vitesse pour enfants<\/span><\/strong><\/p>\n<p><\/p>\n<p><\/p>\n<p><span style=\"font-size:18px\">Remarque\u00a0: Veuillez prendre note du mod\u00e8le avant de passer votre commande. Les param\u00e8tres du mod\u00e8le sont les suivants\u00a0:<\/span><\/p>\n<p><\/p>\n<p><\/p>\n<p><span style=\"font-size:18px\">Configuration du produit : V\u00e9hicule tout-terrain \u00e9lectrique \u00e0 quatre roues motrices (UDR)<\/span><\/p>\n<p><span style=\"font-size:18px\">Mat\u00e9riaux du produit\u00a0: quincaillerie\u00a0; \u00e9lectronique\u00a0; plastique<\/span><\/p>\n<p><span style=\"font-size:18px\">Dimensions du produit : 34,5 x 20,5 x 14,8 cm<\/span><\/p>\n<p><span style=\"font-size:18px\">Couleur : bleu\/rouge (avec pinceau), orange (sans pinceau)<\/span><\/p>\n<p><span style=\"font-size:18px\">Batterie du ch\u00e2ssis\u00a0: balais\u00a0: batterie lithium-ion 7,4\u00a0V 1\u00a0300\u00a0mAh 15C (prise en T)\u00a0; sans balais\u00a0: batterie lithium-ion 7,4\u00a0V 1\u00a0500\u00a0mAh 15C (prise en T)<\/span><\/p>\n<p><span style=\"font-size:18px\">Dur\u00e9e de fonctionnement : 15 \u00e0 18 minutes (fonctionnement continu \u00e0 pleine vitesse)<\/span><\/p>\n<p><span style=\"font-size:18px\">Piles pour la t\u00e9l\u00e9commande\u00a0: 3 piles AA (non incluses)<\/span><\/p>\n<p><span style=\"font-size:18px\">Temps de charge\u00a0: 3 \u00e0 3,5 heures (charge d\u2019\u00e9quilibrage USB)<\/span><\/p>\n<p><span style=\"font-size:18px\">Fr\u00e9quence\u00a0: 2,4\u00a0GHz (prise en charge de plusieurs v\u00e9hicules sur le m\u00eame terrain)<\/span><\/p>\n<p><span style=\"font-size:18px\">Cat\u00e9gorie de t\u00e9l\u00e9commande : syst\u00e8me de contr\u00f4le synchrone \u00e0 grande \u00e9chelle (contr\u00f4le des armes \u00e0 feu)<\/span><\/p>\n<p><span style=\"font-size:18px\">Contr\u00f4leur\/R\u00e9cepteur\u00a0: Contr\u00f4leur\/R\u00e9cepteur int\u00e9gr\u00e9 35\u00a0A (r\u00e9sistant aux \u00e9claboussures)<\/span><\/p>\n<p><span style=\"font-size:18px\">Vitesse : Moteur \u00e0 balais : 50 km\/h (vitesse maximale) Moteur sans balais : 70 km\/h<\/span><\/p>\n<p><span style=\"font-size:18px\">Configuration d&#039;\u00e9clairage\u00a0: phare avant \u00e0 LED, plafonnier \u00e0 LED, feu arri\u00e8re \u00e0 LED<\/span><\/p>\n<p><span style=\"font-size:18px\">Port\u00e9e de la t\u00e9l\u00e9commande (m) : \u2265 120 m<\/span><\/p>\n<p><span style=\"font-size:18px\">Moteur : \u00e0 balais : balais en carbone haute vitesse RC390, aimant puissant (protection magn\u00e9tique + dissipateur thermique) sans balais : moteur sans balais 2847 (valeur KV de 4000)<\/span><\/p>\n<p><span style=\"font-size:18px\">Servo : \u00e0 balais : servo de direction 17G \u00e0 cinq fils, sans balais : servo num\u00e9rique 17G \u00e0 trois fils<\/span><\/p>\n<p><span style=\"font-size:18px\">Param\u00e8tres d&#039;empattement\u00a0: empattement\u00a0: 185\u00a0mm\u00a0; empattement\u00a0: 188\u00a0mm\u00a0; diam\u00e8tre des roues\u00a0: 85\u00a0mm<\/span><\/p>\n<p><span style=\"font-size:18px\">Structure diff\u00e9rentielle : diff\u00e9rentiel \u00e0 engrenages plan\u00e9taires<\/span><\/p>\n<p><\/p>\n<p><span style=\"font-size:18px\">Fonctions de protection\u00a0: 1. surcharge\u00a0; 2. blocage\u00a0; 3. haute temp\u00e9rature\u00a0; 4. basse pression<\/span><\/p>\n<p><\/p>\n<p><\/p>\n<p><strong><span style=\"font-size:18px\">Fonction:<\/span><\/strong><\/p>\n<p><\/p>\n<p><span style=\"font-size:18px\">1. L&#039;utilisation d&#039;une conception de structure de simulation, avec une sensation de contr\u00f4le de voiture r\u00e9elle, pour obtenir une vitesse proportionnelle continue, une conduite \u00e0 grande vitesse, une acc\u00e9l\u00e9ration rapide, une d\u00e9c\u00e9l\u00e9ration, un freinage, une marche arri\u00e8re, un virage \u00e0 gauche, un virage \u00e0 droite.<\/span><\/p>\n<p><span style=\"font-size:18px\">2. Lieux d&#039;utilisation : plat, sable, boue, herbe.<\/span><\/p>\n<p><span style=\"font-size:18px\">3. Transmission 4 roues motrices : amortissement par ressorts verticaux avant et arri\u00e8re, syst\u00e8me de suspension ind\u00e9pendante \u00e0 double triangulation.<\/span><\/p>\n<p><span style=\"font-size:18px\">4. Syst\u00e8me de t\u00e9l\u00e9commande synchronis\u00e9e enti\u00e8rement proportionnelle 2,4 GHz. Acc\u00e9l\u00e9rateur\/direction enti\u00e8rement proportionnel.<\/span><\/p>\n<p><span style=\"font-size:18px\">5. ESC\/r\u00e9cepteur int\u00e9gr\u00e9 2,4 GHz r\u00e9sistant aux \u00e9claboussures, quatre voies, 30 A.<\/span><\/p>\n<p><span style=\"font-size:18px\">6. Arbre de transmission \u00e0 rotule transversale de la roue avant, arbre de transmission en forme d&#039;os de chien divis\u00e9 de la roue arri\u00e8re.<\/span><\/p>\n<p><span style=\"font-size:18px\">7. Servo \u00e0 cinq fils 17G.<\/span><\/p>\n<p><span style=\"font-size:18px\">8. Super puissance de batterie : batterie Li-ion 7,4 V, 18650-1500\/1300 mAh (prise T), taux de d\u00e9charge 10C.<\/span><\/p>\n<p><span style=\"font-size:18px\">9. La voiture enti\u00e8re avec 16 roulements \u00e0 billes.<\/span><\/p>\n<p><span style=\"font-size:18px\">10. Plaque de plancher secondaire en m\u00e9tal, code de bras avant et arri\u00e8re en m\u00e9tal, arbre de transmission central en m\u00e9tal.<\/span><\/p>\n<p><span style=\"font-size:18px\">11. La coque adopte une coque en PVC haute r\u00e9sistance et antid\u00e9flagrante.<\/span><\/p>\n<p><span style=\"font-size:18px\">12. La coque est \u00e9quip\u00e9e de phares \u00e0 LED, d&#039;un plafonnier \u00e0 LED et d&#039;un feu arri\u00e8re \u00e0 LED ; (trois modes : lumi\u00e8re constante, clignotement lent, clignotement rapide).<\/span><\/p>\n<p><span style=\"font-size:18px\">13. Simulation de pneus tout-terrain, forte adh\u00e9rence.<\/span><\/p>\n<p><\/p>\n<p><\/p>\n<p><span style=\"font-size:18px\">Accessoires\u00a0: 1) Voiture compl\u00e8te\u00a0; 2) T\u00e9l\u00e9commande\u00a0; 3) Manuel d\u2019utilisation en chinois et en anglais\u00a0; 4) Batterie au lithium\u00a0; 5) Chargeur USB\u00a0; 6) Arri\u00e8re\u00a0; 7) Roue de guidage\u00a0; 8) Boucle de r\u00e9glage des amortisseurs\u00a0; 9) Goupilles m\u00e9talliques\u00a0; 10) Manchon hexagonal\u00a0; 11) Notice d\u2019utilisation pour moteur sans balais<\/span><\/p>\n<p><\/p>\n<p><\/p>\n<p><strong><span style=\"font-size:18px\">Remarque:<\/span><\/strong><\/p>\n<p><span style=\"font-size:18px\">1 : Protection contre la surcharge : charge \u00e9quilibr\u00e9e \u00e0 courant et tension constants, fonction de protection contre la surcharge et la surintensit\u00e9 de la batterie.<\/span><\/p>\n<p><span style=\"font-size:18px\">2 : Protection anti-grippage du moteur : le moteur s&#039;arr\u00eate de fonctionner en cas de surcharge.<\/span><\/p>\n<p><span style=\"font-size:18px\">3 : protection contre les hautes temp\u00e9ratures : lorsque la temp\u00e9rature de fonctionnement est sup\u00e9rieure \u00e0 la valeur d\u00e9finie, le circuit de commande du variateur s&#039;arr\u00eate de fonctionner, puis reprend le fonctionnement une fois que la temp\u00e9rature est redescendue \u00e0 une valeur s\u00fbre.<\/span><\/p>\n<p><span style=\"font-size:18px\">4 : Fonction d&#039;arr\u00eat automatique de l&#039;ESC en cas de faible tension, batterie en dessous de 6,3-6,4 V environ, arr\u00eat automatique pour \u00e9viter d&#039;endommager la batterie par d\u00e9charge excessive. <\/span><\/p>\n<p><img decoding=\"async\" src=\"https:\/\/ae01.alicdn.com\/kf\/Se567db099fec4a92bd20ebfba3621e3bl.jpg?width=1000&amp;height=563&amp;hash=1563\" slate-data-type=\"image\"\/><img decoding=\"async\" src=\"https:\/\/ae01.alicdn.com\/kf\/S53c3d7c524304dd79a1886aa2584f3efC.jpg?width=1920&amp;height=1080&amp;hash=3000\" slate-data-type=\"image\"\/><img decoding=\"async\" src=\"https:\/\/ae01.alicdn.com\/kf\/S9510f83b39cc44f0bbdf6cedf30b7c3c9.jpg?width=1000&amp;height=563&amp;hash=1563\" slate-data-type=\"image\"\/><img decoding=\"async\" src=\"https:\/\/ae01.alicdn.com\/kf\/S9ef33f0694c14d4a9f811426034ff526f.jpg?width=1000&amp;height=1441&amp;hash=2441\" slate-data-type=\"image\"\/><img decoding=\"async\" src=\"https:\/\/ae01.alicdn.com\/kf\/S61f050d298fe420195142a9333e3f435u.jpg?width=1000&amp;height=1400&amp;hash=2400\" slate-data-type=\"image\"\/><img decoding=\"async\" src=\"https:\/\/ae01.alicdn.com\/kf\/S3c618fa993be4c0fb97db5009d3fde1fN.jpg?width=1000&amp;height=1405&amp;hash=2405\" slate-data-type=\"image\"\/><img decoding=\"async\" src=\"https:\/\/ae01.alicdn.com\/kf\/S4c644255151e434392918fb12bcefd9f1.jpg?width=1000&amp;height=1399&amp;hash=2399\" slate-data-type=\"image\"\/><img decoding=\"async\" src=\"https:\/\/ae01.alicdn.com\/kf\/Sa9ab599225c14e41a1e95825a3ebbf8de.jpg?width=1000&amp;height=1397&amp;hash=2397\" slate-data-type=\"image\"\/><img decoding=\"async\" src=\"https:\/\/ae01.alicdn.com\/kf\/Secd4dda439db4628abbe77ce4db4a9ebN.jpg?width=1000&amp;height=1404&amp;hash=2404\" slate-data-type=\"image\"\/><img decoding=\"async\" src=\"https:\/\/ae01.alicdn.com\/kf\/S47a9cbcfd5e54669bda823cf0ac5a039V.jpg?width=1000&amp;height=1397&amp;hash=2397\" slate-data-type=\"image\"\/><img decoding=\"async\" src=\"https:\/\/ae01.alicdn.com\/kf\/Sa76f77c19e0b47f4af0c3be2e78d05bfL.jpg?width=1000&amp;height=1397&amp;hash=2397\" slate-data-type=\"image\"\/><img decoding=\"async\" src=\"https:\/\/ae01.alicdn.com\/kf\/S77000bbb2bf94ed59306cab7def97382g.jpg?width=1000&amp;height=1397&amp;hash=2397\" slate-data-type=\"image\"\/><img decoding=\"async\" src=\"https:\/\/ae01.alicdn.com\/kf\/Scf3666ab514040df8464cccd282a6da95.jpg?width=1000&amp;height=1385&amp;hash=2385\" slate-data-type=\"image\"\/><img decoding=\"async\" src=\"https:\/\/ae01.alicdn.com\/kf\/S9e2e5d55c3424102a3f6b3137de8a594M.jpg?width=1000&amp;height=1449&amp;hash=2449\" slate-data-type=\"image\"\/><img decoding=\"async\" src=\"https:\/\/ae01.alicdn.com\/kf\/S4dfcff3ac53e4d67a744f11cc0708bd8C.jpg?width=1000&amp;height=1761&amp;hash=2761\" slate-data-type=\"image\"\/><img decoding=\"async\" src=\"https:\/\/ae01.alicdn.com\/kf\/S19fc1169693c44a399265a91c9455a2dz.jpg?width=1000&amp;height=1928&amp;hash=2928\" slate-data-type=\"image\"\/><img decoding=\"async\" src=\"https:\/\/ae01.alicdn.com\/kf\/S0ba84fbb3176483396415be9ef4133b3N.jpg?width=1000&amp;height=1080&amp;hash=2080\" slate-data-type=\"image\"\/><img decoding=\"async\" src=\"https:\/\/ae01.alicdn.com\/kf\/S2b682f577c8b494c92ac54f1aec56d32z.jpg?width=1000&amp;height=1639&amp;hash=2639\" slate-data-type=\"image\"\/><img decoding=\"async\" src=\"https:\/\/ae01.alicdn.com\/kf\/S6be2c491d0754d85b25534db2dce6db5E.jpg?width=1000&amp;height=1820&amp;hash=2820\" slate-data-type=\"image\"\/><img decoding=\"async\" src=\"https:\/\/ae01.alicdn.com\/kf\/Saa56d418672947e2bcbafa0cfc1120a1A.jpg?width=1000&amp;height=2258&amp;hash=3258\" slate-data-type=\"image\"\/><img decoding=\"async\" src=\"https:\/\/ae01.alicdn.com\/kf\/S66c5f994236b46929dbcfd1289e1eb141.jpg?width=1000&amp;height=1963&amp;hash=2963\" slate-data-type=\"image\"\/><img decoding=\"async\" src=\"https:\/\/ae01.alicdn.com\/kf\/S9299c24b12654ad5b0a25aec88462a69Y.jpg?width=1000&amp;height=2037&amp;hash=3037\" slate-data-type=\"image\"\/><img decoding=\"async\" src=\"https:\/\/ae01.alicdn.com\/kf\/S8ac5907d9f30484da270822a42d2822cR.jpg?width=1000&amp;height=2072&amp;hash=3072\" slate-data-type=\"image\"\/><img decoding=\"async\" src=\"https:\/\/ae01.alicdn.com\/kf\/Sd5f7a02f4e14434ba3f7335c9a267524K.jpg?width=1000&amp;height=1456&amp;hash=2456\" slate-data-type=\"image\"\/><img decoding=\"async\" src=\"https:\/\/ae01.alicdn.com\/kf\/S81362050aba64a44953c2ec135c0f34bu.jpg?width=1000&amp;height=2296&amp;hash=3296\" slate-data-type=\"image\"\/><img decoding=\"async\" src=\"https:\/\/ae01.alicdn.com\/kf\/S7e943d06e7304a77a66facc4ee541992N.jpg?width=1000&amp;height=1632&amp;hash=2632\" slate-data-type=\"image\"\/><img decoding=\"async\" src=\"https:\/\/ae01.alicdn.com\/kf\/S2c1f060449dc44078676b395f1db3487a.jpg?width=1000&amp;height=1120&amp;hash=2120\" slate-data-type=\"image\"\/><img decoding=\"async\" src=\"https:\/\/ae01.alicdn.com\/kf\/S96c2af7ccf384397a23d085c99f9152b2.jpg?width=1000&amp;height=1099&amp;hash=2099\" slate-data-type=\"image\"\/><img decoding=\"async\" src=\"https:\/\/ae01.alicdn.com\/kf\/S1a23ecc43dfa45f2b167e0d57a62586e3.jpg?width=1000&amp;height=1163&amp;hash=2163\" slate-data-type=\"image\"\/><img decoding=\"async\" src=\"https:\/\/ae01.alicdn.com\/kf\/Sc407db5976c144ccb639172761b2b061O.jpg?width=1000&amp;height=1203&amp;hash=2203\" slate-data-type=\"image\"\/><img decoding=\"async\" src=\"https:\/\/ae01.alicdn.com\/kf\/Sf1a233edfa63481685584aae710cd82fd.jpg?width=1000&amp;height=1495&amp;hash=2495\" slate-data-type=\"image\"\/><\/p>\n<p><\/div>\n<\/div>\n<p><\/p>","protected":false},"excerpt":{"rendered":"<p>Certificate Number:&nbsp;As Show CE:&nbsp;Certificate Is Electric:&nbsp;lithium battery Barcode:&nbsp;No Throttle servo:&nbsp;2847 brushless motor\/390 carbon brush strong magnetic motor Steering servo:&nbsp;Brushed: five-wire 17G steering servo \/ Brushless: three-wire 17G digi Power:&nbsp;70KM\/H or<\/p>","protected":false},"featured_media":25697,"comment_status":"open","ping_status":"closed","template":"","meta":{"_acf_changed":false},"product_brand":[],"product_cat":[519],"product_tag":[],"class_list":{"0":"post-25696","1":"product","2":"type-product","3":"status-publish","4":"has-post-thumbnail","6":"product_cat-rc-cars","8":"first","9":"instock","10":"shipping-taxable","11":"purchasable","12":"product-type-variable"},"acf":[],"_links":{"self":[{"href":"https:\/\/electricstore.eu\/fr\/wp-json\/wp\/v2\/product\/25696","targetHints":{"allow":["GET"]}}],"collection":[{"href":"https:\/\/electricstore.eu\/fr\/wp-json\/wp\/v2\/product"}],"about":[{"href":"https:\/\/electricstore.eu\/fr\/wp-json\/wp\/v2\/types\/product"}],"replies":[{"embeddable":true,"href":"https:\/\/electricstore.eu\/fr\/wp-json\/wp\/v2\/comments?post=25696"}],"wp:featuredmedia":[{"embeddable":true,"href":"https:\/\/electricstore.eu\/fr\/wp-json\/wp\/v2\/media\/25697"}],"wp:attachment":[{"href":"https:\/\/electricstore.eu\/fr\/wp-json\/wp\/v2\/media?parent=25696"}],"wp:term":[{"taxonomy":"product_brand","embeddable":true,"href":"https:\/\/electricstore.eu\/fr\/wp-json\/wp\/v2\/product_brand?post=25696"},{"taxonomy":"product_cat","embeddable":true,"href":"https:\/\/electricstore.eu\/fr\/wp-json\/wp\/v2\/product_cat?post=25696"},{"taxonomy":"product_tag","embeddable":true,"href":"https:\/\/electricstore.eu\/fr\/wp-json\/wp\/v2\/product_tag?post=25696"}],"curies":[{"name":"wp","href":"https:\/\/api.w.org\/{rel}","templated":true}]}}