{"id":25643,"date":"2025-05-20T19:00:23","date_gmt":"2025-05-20T19:00:23","guid":{"rendered":"https:\/\/electricstore.eu\/p\/uncategorized\/wltoys-16101-4wd-remote-control-car-with-led-off-road-4x4-rc-50km-h-high-speed-buggy-truck-super-desert-racing-toy-kids-adults\/"},"modified":"2025-05-20T19:05:28","modified_gmt":"2025-05-20T19:05:28","slug":"wltoys-16101-4wd-remote-control-car-with-led-off-road-4x4-rc-50km-h-high-speed-buggy-truck-super-desert-racing-toy-kids-adults","status":"publish","type":"product","link":"https:\/\/electricstore.eu\/fr\/p\/rc\/rc-cars\/wltoys-16101-4wd-remote-control-car-with-led-off-road-4x4-rc-50km-h-high-speed-buggy-truck-super-desert-racing-toy-kids-adults\/","title":{"rendered":"Voiture t\u00e9l\u00e9command\u00e9e WLtoys 16101 4x4 avec LED, tout-terrain 4x4 RC, vitesse 50 km\/h, buggy, camion, jouet de course super d\u00e9sert pour enfants et adultes"},"content":{"rendered":"<div class=\"product-specs-list-container\">\n<ul class=\"product-specs-list util-clearfix\">\n<li class=\"product-prop line-limit-length\"><span\n                                        class=\"property-title\">Produits chimiques hautement pr\u00e9occupants :&nbsp;<\/span><span\n                                        class=\"property-desc line-limit-length\">Aucun<\/span>\n                            <\/li>\n<li class=\"product-prop line-limit-length\"><span\n                                        class=\"property-title\">Num\u00e9ro de certificat :&nbsp;<\/span><span\n                                        class=\"property-desc line-limit-length\">Comme le montre<\/span>\n                            <\/li>\n<li class=\"product-prop line-limit-length\"><span\n                                        class=\"property-title\">CE :&nbsp;<\/span><span\n                                        class=\"property-desc line-limit-length\">Certificat<\/span>\n                            <\/li>\n<li class=\"product-prop line-limit-length\"><span\n                                        class=\"property-title\">Est \u00e9lectrique :&nbsp;<\/span><span\n                                        class=\"property-desc line-limit-length\">batterie au lithium<\/span>\n                            <\/li>\n<li class=\"product-prop line-limit-length\"><span\n                                        class=\"property-title\">Code-barres\u00a0:&nbsp;<\/span><span\n                                        class=\"property-desc line-limit-length\">Non<\/span>\n                            <\/li>\n<li class=\"product-prop line-limit-length\"><span\n                                        class=\"property-title\">Servomoteur d&#039;acc\u00e9l\u00e9rateur :&nbsp;<\/span><span\n                                        class=\"property-desc line-limit-length\">Comme le montre<\/span>\n                            <\/li>\n<li class=\"product-prop line-limit-length\"><span\n                                        class=\"property-title\">servo de direction :&nbsp;<\/span><span\n                                        class=\"property-desc line-limit-length\">5 lignes, 17 g<\/span>\n                            <\/li>\n<li class=\"product-prop line-limit-length\"><span\n                                        class=\"property-title\">Pouvoir:&nbsp;<\/span><span\n                                        class=\"property-desc line-limit-length\">moteur haute vitesse RC390<\/span>\n                            <\/li>\n<li class=\"product-prop line-limit-length\"><span\n                                        class=\"property-title\">\u00c9tat de l&#039;Assembl\u00e9e :&nbsp;<\/span><span\n                                        class=\"property-desc line-limit-length\">Pr\u00eat \u00e0 partir<\/span>\n                            <\/li>\n<li class=\"product-prop line-limit-length\"><span\n                                        class=\"property-title\">Dur\u00e9e du vol :&nbsp;<\/span><span\n                                        class=\"property-desc line-limit-length\">15 \u00e0 18 minutes (course continue \u00e0 pleine vitesse)<\/span>\n                            <\/li>\n<li class=\"product-prop line-limit-length\"><span\n                                        class=\"property-title\">Trace de pneu :&nbsp;<\/span><span\n                                        class=\"property-desc line-limit-length\">172 mm<\/span>\n                            <\/li>\n<li class=\"product-prop line-limit-length\"><span\n                                        class=\"property-title\">Empattement :&nbsp;<\/span><span\n                                        class=\"property-desc line-limit-length\">185 mm<\/span>\n                            <\/li>\n<li class=\"product-prop line-limit-length\"><span\n                                        class=\"property-title\">Avertissement:&nbsp;<\/span><span\n                                        class=\"property-desc line-limit-length\">Aucun<\/span>\n                            <\/li>\n<li class=\"product-prop line-limit-length\"><span\n                                        class=\"property-title\">Distance \u00e0 distance :&nbsp;<\/span><span\n                                        class=\"property-desc line-limit-length\">80 m<\/span>\n                            <\/li>\n<li class=\"product-prop line-limit-length\"><span\n                                        class=\"property-title\">Garantie:&nbsp;<\/span><span\n                                        class=\"property-desc line-limit-length\">Aucun<\/span>\n                            <\/li>\n<li class=\"product-prop line-limit-length\"><span\n                                        class=\"property-title\">\u00c9chelle:&nbsp;<\/span><span\n                                        class=\"property-desc line-limit-length\">1:16<\/span>\n                            <\/li>\n<li class=\"product-prop line-limit-length\"><span\n                                        class=\"property-title\">Dimensions:&nbsp;<\/span><span\n                                        class=\"property-desc line-limit-length\">32*20,5*14 cm<\/span>\n                            <\/li>\n<li class=\"product-prop line-limit-length\"><span\n                                        class=\"property-title\">Couple:&nbsp;<\/span><span\n                                        class=\"property-desc line-limit-length\">Comme le montre<\/span>\n                            <\/li>\n<li class=\"product-prop line-limit-length\"><span\n                                        class=\"property-title\">Num\u00e9ro de mod\u00e8le :&nbsp;<\/span><span\n                                        class=\"property-desc line-limit-length\">S386<\/span>\n                            <\/li>\n<li class=\"product-prop line-limit-length\"><span\n                                        class=\"property-title\">Le paquet comprend\u00a0:&nbsp;<\/span><span\n                                        class=\"property-desc line-limit-length\">Piles, mode d&#039;emploi, t\u00e9l\u00e9commande, c\u00e2ble USB<\/span>\n                            <\/li>\n<li class=\"product-prop line-limit-length\"><span\n                                        class=\"property-title\">Canaux de contr\u00f4le\u00a0:&nbsp;<\/span><span\n                                        class=\"property-desc line-limit-length\">4 canaux<\/span>\n                            <\/li>\n<li class=\"product-prop line-limit-length\"><span\n                                        class=\"property-title\">Mode manette :&nbsp;<\/span><span\n                                        class=\"property-desc line-limit-length\">MODE2<\/span>\n                            <\/li>\n<li class=\"product-prop line-limit-length\"><span\n                                        class=\"property-title\">Tension de charge :&nbsp;<\/span><span\n                                        class=\"property-desc line-limit-length\">5V<\/span>\n                            <\/li>\n<li class=\"product-prop line-limit-length\"><span\n                                        class=\"property-title\">T\u00e9l\u00e9commande:&nbsp;<\/span><span\n                                        class=\"property-desc line-limit-length\">Oui<\/span>\n                            <\/li>\n<li class=\"product-prop line-limit-length\"><span\n                                        class=\"property-title\">Mat\u00e9riel:&nbsp;<\/span><span\n                                        class=\"property-desc line-limit-length\">M\u00e9tal, plastique<\/span>\n                            <\/li>\n<li class=\"product-prop line-limit-length\"><span\n                                        class=\"property-title\">Nom de marque :&nbsp;<\/span><span\n                                        class=\"property-desc line-limit-length\">WDSZKMYF<\/span>\n                            <\/li>\n<li class=\"product-prop line-limit-length\"><span\n                                        class=\"property-title\">\u00c2ge recommand\u00e9\u00a0:&nbsp;<\/span><span\n                                        class=\"property-desc line-limit-length\">14 ans et plus<\/span>\n                            <\/li>\n<li class=\"product-prop line-limit-length\"><span\n                                        class=\"property-title\">Origine:&nbsp;<\/span><span\n                                        class=\"property-desc line-limit-length\">Chine continentale<\/span>\n                            <\/li>\n<li class=\"product-prop line-limit-length\"><span\n                                        class=\"property-title\">Conception:&nbsp;<\/span><span\n                                        class=\"property-desc line-limit-length\">Moto tout-terrain<\/span>\n                            <\/li>\n<li class=\"product-prop line-limit-length\"><span\n                                        class=\"property-title\">Taper:&nbsp;<\/span><span\n                                        class=\"property-desc line-limit-length\">Voiture<\/span>\n                            <\/li>\n<li class=\"product-prop line-limit-length\"><span\n                                        class=\"property-title\">Caract\u00e9ristiques:&nbsp;<\/span><span\n                                        class=\"property-desc line-limit-length\">T\u00c9L\u00c9COMMANDE<\/span>\n                            <\/li>\n<\/ul><\/div>\n<div class=\"detailmodule_html\">\n<div class=\"detail-desc-decorate-richtext\">\n<div><span style=\"color:rgba(244,78,59,255)\"><strong>Cher ami, vous pouvez choisir entre une batterie simple ou une batterie double.<br \/><\/strong><\/span><\/div>\n<p><strong><span style=\"color:rgb(0, 0, 0)\">Questions et r\u00e9ponses<\/span><\/strong><\/p>\n<p><span style=\"color:rgb(0, 0, 0)\">Q1 : Pourquoi les pneus de la voiture t\u00e9l\u00e9command\u00e9e sont-ils expos\u00e9s ?<\/span><\/p>\n<p><span style=\"color:rgb(0, 0, 0)\">A : [Conception sp\u00e9ciale] L&#039;adh\u00e9rence des orteils est forte et ne glisse pas facilement, ce qui contribue \u00e0 am\u00e9liorer la stabilit\u00e9 du corps et l&#039;adh\u00e9rence du pneu dans les virages.<\/span><\/p>\n<p><span style=\"color:rgb(0, 0, 0)\">Q2 : Comment r\u00e9gler l&#039;inclinaison des pneus de la voiture t\u00e9l\u00e9command\u00e9e ?<\/span><\/p>\n<p><span style=\"color:rgb(0, 0, 0)\">A : Il peut \u00eatre r\u00e9gl\u00e9 \u00e0 l&#039;aide des boutons de r\u00e9glage fin et de r\u00e9glage fin des gaz de la t\u00e9l\u00e9commande.<\/span><\/p>\n<p><span style=\"color:rgb(0, 0, 0)\">Q3\u00a0: Que dois-je faire si je ne trouve pas mes accessoires\u00a0?<\/span><\/p>\n<p><span style=\"color:rgb(0, 0, 0)\">A : Veuillez d&#039;abord v\u00e9rifier attentivement le colis ; si vous ne le trouvez pas, veuillez nous fournir une vid\u00e9o compl\u00e8te du d\u00e9ballage et nous v\u00e9rifierons ce probl\u00e8me aupr\u00e8s de notre entrep\u00f4t et vous proposerons une solution appropri\u00e9e.<\/span><\/p>\n<p><span style=\"color:rgb(0, 0, 0)\">Q4 : Q : Que dois-je faire si je rencontre des probl\u00e8mes apr\u00e8s-vente ?<\/span><\/p>\n<p><span style=\"color:rgb(0, 0, 0)\">R : Soyez assur\u00e9(e) que, en cas de probl\u00e8me, nous sommes toujours \u00e0 votre service pour vous apporter une aide professionnelle et le r\u00e9soudre plus efficacement. Nous r\u00e9pondrons \u00e0 vos questions dans les 24 heures.<\/span><\/p>\n<p><span style=\"color:rgb(0, 0, 0)\">Q5\u00a0: Que dois-je faire lorsque ma t\u00e9l\u00e9commande ne peut pas \u00eatre connect\u00e9e au r\u00e9cepteur RC\u00a0?<\/span><\/p>\n<p><span style=\"color:rgb(0, 0, 0)\">A : Veuillez vous assurer que la batterie est compl\u00e8tement charg\u00e9e. Ensuite, appairez manuellement la voiture miniature et la t\u00e9l\u00e9commande. Vous pouvez \u00e9galement consulter le manuel d&#039;utilisation pour plus de d\u00e9tails sur l&#039;appairage de la voiture miniature. Vous pouvez tester la tension de la carte m\u00e8re afin d&#039;analyser le probl\u00e8me.<\/span><\/p>\n<p><span style=\"color:rgb(0, 0, 0)\">Q6\u00a0: Que dois-je faire lorsque la voiture jouet peut tourner mais ne peut ni avancer ni reculer apr\u00e8s que ma t\u00e9l\u00e9commande soit connect\u00e9e au r\u00e9cepteur RC\u00a0?<\/span><\/p>\n<p><span style=\"color:rgb(0, 0, 0)\">A : Veuillez d&#039;abord v\u00e9rifier si la batterie est compl\u00e8tement charg\u00e9e, puis tester la tension de la carte m\u00e8re et du moteur afin de pouvoir analyser le probl\u00e8me.<\/span><\/p>\n<p><span style=\"background-color:rgb(252, 220, 0);color:rgb(244, 78, 59)\"><strong>NOTE :<\/strong><\/span><\/p>\n<p><span style=\"color:rgb(244, 78, 59)\">1. La vitesse id\u00e9ale du SCY-16106 est de 50 km\/h, mais sa vitesse r\u00e9elle d\u00e9pend de divers facteurs, notamment du site. La vitesse r\u00e9elle du SCY-16106 est d&#039;environ 38 km\/h.<\/span><\/p>\n<p><span style=\"color:rgb(244, 78, 59)\">2. L&#039;emballage de vente au d\u00e9tail est compos\u00e9 de bo\u00eetes en mousse, ce qui permet de r\u00e9duire les risques de dommages au produit pendant le transport. Les bo\u00eetes d&#039;origine ne sont pas incluses.<\/span><\/p>\n<p><strong>Veuillez noter lors de l&#039;utilisation de la batterie\u00a0:<\/strong><\/p>\n<p>Apr\u00e8s r\u00e9ception du produit, veuillez retirer la batterie et la charger, puis l&#039;utiliser apr\u00e8s la charge.<\/p>\n<p>1. Lorsque la batterie est d\u00e9charg\u00e9e, il est imp\u00e9ratif de la recharger rapidement afin de lui assurer une r\u00e9serve d&#039;\u00e9nergie. Si la batterie est compl\u00e8tement vide, elle ne pourra pas \u00eatre recharg\u00e9e.<\/p>\n<p>2. Lors de la charge de la batterie, d\u00e9branchez le c\u00e2ble de la voiture t\u00e9l\u00e9command\u00e9e. Veillez \u00e0 retirer la batterie pour la charger s\u00e9par\u00e9ment.<\/p>\n<p>3. Si vous n&#039;utilisez pas la voiture t\u00e9l\u00e9command\u00e9e, veuillez d\u00e9brancher la batterie du c\u00e2ble de la t\u00e9l\u00e9commande. Ne la rebranchez surtout pas et chargez-la compl\u00e8tement, sinon vous risquez de l&#039;endommager.<\/p>\n<p>4. Lien d&#039;achat de la batterie\u00a0: https:\/\/www.aliexpress.us\/item\/3256805004857810.html?spm=5261.ProductManageOnline.0.0.65ca4edfQ08pDK&amp;gatewayAdapt=glo2usa4itemAdapt&amp;_randl_shipto=US<\/p>\n<p><strong>Nous vous recommandons de regarder la vid\u00e9o et de lire attentivement notre description avant d&#039;acheter.<\/strong><\/p>\n<p>Nom de l&#039;article : SCY-16106<\/p>\n<p>Dimensions : 32 x 20,5 x 14 cm<\/p>\n<p>Vitesse maximale : 50 km\/h<\/p>\n<p>Batterie : 7,4 V 1300 mAh<\/p>\n<p>Moteur d&#039;entra\u00eenement : moteur RC390 \u00e0 balais de carbone haute vitesse et aimant puissant (protection magn\u00e9tique + dissipateur thermique)<\/p>\n<p>Dur\u00e9e de fonctionnement : 15-18 minutes<\/p>\n<p><strong>Caract\u00e9ristiques<\/strong><\/p>\n<p>1. L&#039;utilisation d&#039;une conception de structure de simulation, avec une sensation de contr\u00f4le de voiture r\u00e9elle, pour obtenir une vitesse progressive \u00e0 grande \u00e9chelle, une conduite \u00e0 grande vitesse, une acc\u00e9l\u00e9ration rapide, une d\u00e9c\u00e9l\u00e9ration, un freinage, une marche arri\u00e8re, un virage \u00e0 gauche, un virage \u00e0 droite.<\/p>\n<p>2. Lieux d&#039;utilisation : terrain plat, sable, boue, herbe.<\/p>\n<p>3. Transmission 4 roues motrices : amortissement par ressorts verticaux avant et arri\u00e8re, syst\u00e8me de suspension ind\u00e9pendante \u00e0 double triangulation.<\/p>\n<p>4. Syst\u00e8me de t\u00e9l\u00e9commande synchronis\u00e9e enti\u00e8rement proportionnelle 2,4 GHz. Acc\u00e9l\u00e9rateur\/direction enti\u00e8rement proportionnel.<\/p>\n<p>5. ESC\/r\u00e9cepteur int\u00e9gr\u00e9 2,4 GHz r\u00e9sistant aux \u00e9claboussures, quatre voies, 30 A.<\/p>\n<p>6. Arbre de transmission \u00e0 rotule transversale de la roue avant, arbre de transmission en forme d&#039;os de chien divis\u00e9 de la roue arri\u00e8re.<\/p>\n<p>7. Servo \u00e0 cinq fils 17G.<\/p>\n<p>8. Super puissance de batterie : batterie Li-ion 7,4 V, 18650-1300 mAh (prise T), taux de d\u00e9charge 10C.<\/p>\n<p>9. 16 roulements \u00e0 billes r\u00e9partis dans tout le v\u00e9hicule.<\/p>\n<p>10. Plaque de plancher secondaire en m\u00e9tal, code de bras avant et arri\u00e8re en m\u00e9tal, arbre de transmission central en m\u00e9tal.<\/p>\n<p>La coque adopte une coque en PVC haute r\u00e9sistance anti-explosion + un squelette anti-roulis haute r\u00e9sistance.<\/p>\n<p>11. La carrosserie est \u00e9quip\u00e9e de phares \u00e0 LED, de feux de toit \u00e0 LED et de feux arri\u00e8re de toit \u00e0 LED\u00a0; (trois modes\u00a0: \u00e9clairage constant, clignotement lent, clignotement rapide)<\/p>\n<p>12. Simulation de pneus tout-terrain, forte adh\u00e9rence.<\/p>\n<p><img decoding=\"async\" src=\"https:\/\/ae01.alicdn.com\/kf\/Sb380b75922034046853d0a7e094248631.jpg?width=1000&amp;height=1441&amp;hash=2441\" slate-data-type=\"image\"\/><img decoding=\"async\" src=\"https:\/\/ae01.alicdn.com\/kf\/S78e5fd6623c448abb866844b09f51dd8P.jpg?width=1000&amp;height=1400&amp;hash=2400\" slate-data-type=\"image\"\/><img decoding=\"async\" src=\"https:\/\/ae01.alicdn.com\/kf\/S74cf5551c3dd46c589b1000e469d8ef5L.jpg?width=1000&amp;height=1405&amp;hash=2405\" slate-data-type=\"image\"\/><img decoding=\"async\" src=\"https:\/\/ae01.alicdn.com\/kf\/Sfd93e3740d334489b426303a395c52fdF.jpg?width=1000&amp;height=1399&amp;hash=2399\" slate-data-type=\"image\"\/><img decoding=\"async\" src=\"https:\/\/ae01.alicdn.com\/kf\/S15141754318b454c8825f46c5c420e8eX.jpg?width=1000&amp;height=1397&amp;hash=2397\" slate-data-type=\"image\"\/><img decoding=\"async\" src=\"https:\/\/ae01.alicdn.com\/kf\/S8a29c57ba47f48119928241c8f39c157o.jpg?width=1000&amp;height=1404&amp;hash=2404\" slate-data-type=\"image\"\/><img decoding=\"async\" src=\"https:\/\/ae01.alicdn.com\/kf\/Sf773cc710b8048e7b73a0c365d81e1b9q.jpg?width=1000&amp;height=1397&amp;hash=2397\" slate-data-type=\"image\"\/><img decoding=\"async\" src=\"https:\/\/ae01.alicdn.com\/kf\/Sab54b4a3686744f384dac0714f51e72fp.jpg?width=1000&amp;height=1799&amp;hash=2799\" slate-data-type=\"image\"\/><img decoding=\"async\" src=\"https:\/\/ae01.alicdn.com\/kf\/Sf734bd064e4f49619411c9f6f2252e4aP.jpg?width=1000&amp;height=1944&amp;hash=2944\" slate-data-type=\"image\"\/><img decoding=\"async\" src=\"https:\/\/ae01.alicdn.com\/kf\/Sa384ea5a78c24d49988ad89359e9b23aT.jpg?width=1000&amp;height=1677&amp;hash=2677\" slate-data-type=\"image\"\/><img decoding=\"async\" src=\"https:\/\/ae01.alicdn.com\/kf\/S5852843b625748a3a014ae5d00f4cc382.jpg?width=1000&amp;height=1851&amp;hash=2851\" slate-data-type=\"image\"\/><img decoding=\"async\" src=\"https:\/\/ae01.alicdn.com\/kf\/Sd8fd64d2b79441c8b7e3c339ee2f311bk.jpg?width=1000&amp;height=2209&amp;hash=3209\" slate-data-type=\"image\"\/><img decoding=\"async\" src=\"https:\/\/ae01.alicdn.com\/kf\/S4f92581c5f844f238eaf4e54b6144661I.jpg?width=1000&amp;height=2011&amp;hash=3011\" slate-data-type=\"image\"\/><img decoding=\"async\" src=\"https:\/\/ae01.alicdn.com\/kf\/S71ffc064cc14406a985585e5361a096cF.jpg?width=1000&amp;height=2039&amp;hash=3039\" slate-data-type=\"image\"\/><img decoding=\"async\" src=\"https:\/\/ae01.alicdn.com\/kf\/S9af29e92d1594a22ac323d1aca4530298.jpg?width=1000&amp;height=1886&amp;hash=2886\" slate-data-type=\"image\"\/><img decoding=\"async\" src=\"https:\/\/ae01.alicdn.com\/kf\/S687e21b96c734a3fa6d1bdda5e1eac80p.jpg?width=1000&amp;height=1616&amp;hash=2616\" slate-data-type=\"image\"\/><img decoding=\"async\" src=\"https:\/\/ae01.alicdn.com\/kf\/S692b55ae25dd4471a1f128ff2de7a0c43.jpg?width=1000&amp;height=2206&amp;hash=3206\" slate-data-type=\"image\"\/><img decoding=\"async\" src=\"https:\/\/ae01.alicdn.com\/kf\/S8a740a41cc01481598e908eae186adbfl.jpg?width=1000&amp;height=1265&amp;hash=2265\" slate-data-type=\"image\"\/><img decoding=\"async\" src=\"https:\/\/ae01.alicdn.com\/kf\/Sdcc86a84a58743c99171b3abeabd13aam.jpg?width=1000&amp;height=1156&amp;hash=2156\" slate-data-type=\"image\"\/><img decoding=\"async\" src=\"https:\/\/ae01.alicdn.com\/kf\/Sf6f0ef33372b4f4896805a193b5b1c14Y.jpg?width=1000&amp;height=1097&amp;hash=2097\" slate-data-type=\"image\"\/><img decoding=\"async\" src=\"https:\/\/ae01.alicdn.com\/kf\/S86e992edd3a54719ac9b4d504e2eb39e9.jpg?width=1000&amp;height=1162&amp;hash=2162\" slate-data-type=\"image\"\/><img decoding=\"async\" src=\"https:\/\/ae01.alicdn.com\/kf\/S7d53844b6e82444faca8781650a8ff74F.jpg?width=1000&amp;height=1197&amp;hash=2197\" slate-data-type=\"image\"\/><img decoding=\"async\" src=\"https:\/\/ae01.alicdn.com\/kf\/S0cd8f57d7dd14de19cb293da8455b1c01.jpg?width=1000&amp;height=1500&amp;hash=2500\" slate-data-type=\"image\"\/><\/p>\n<div>\n<\/div>\n<div><\/div>\n<\/div>\n<\/div>\n<p><\/p>","protected":false},"excerpt":{"rendered":"<p>Hign-concerned Chemical:&nbsp;None Certificate Number:&nbsp;As Show CE:&nbsp;Certificate Is Electric:&nbsp;lithium battery Barcode:&nbsp;No Throttle servo:&nbsp;As Show Steering servo:&nbsp;5 lines,17g Power:&nbsp;RC390 high-speed motor State of Assembly:&nbsp;Ready-to-Go Flight Time:&nbsp;15-18 minutes (continuous full speed running) Tire<\/p>","protected":false},"featured_media":25644,"comment_status":"open","ping_status":"closed","template":"","meta":{"_acf_changed":false},"product_brand":[],"product_cat":[519],"product_tag":[],"class_list":{"0":"post-25643","1":"product","2":"type-product","3":"status-publish","4":"has-post-thumbnail","6":"product_cat-rc-cars","8":"first","9":"instock","10":"shipping-taxable","11":"purchasable","12":"product-type-variable"},"acf":[],"_links":{"self":[{"href":"https:\/\/electricstore.eu\/fr\/wp-json\/wp\/v2\/product\/25643","targetHints":{"allow":["GET"]}}],"collection":[{"href":"https:\/\/electricstore.eu\/fr\/wp-json\/wp\/v2\/product"}],"about":[{"href":"https:\/\/electricstore.eu\/fr\/wp-json\/wp\/v2\/types\/product"}],"replies":[{"embeddable":true,"href":"https:\/\/electricstore.eu\/fr\/wp-json\/wp\/v2\/comments?post=25643"}],"wp:featuredmedia":[{"embeddable":true,"href":"https:\/\/electricstore.eu\/fr\/wp-json\/wp\/v2\/media\/25644"}],"wp:attachment":[{"href":"https:\/\/electricstore.eu\/fr\/wp-json\/wp\/v2\/media?parent=25643"}],"wp:term":[{"taxonomy":"product_brand","embeddable":true,"href":"https:\/\/electricstore.eu\/fr\/wp-json\/wp\/v2\/product_brand?post=25643"},{"taxonomy":"product_cat","embeddable":true,"href":"https:\/\/electricstore.eu\/fr\/wp-json\/wp\/v2\/product_cat?post=25643"},{"taxonomy":"product_tag","embeddable":true,"href":"https:\/\/electricstore.eu\/fr\/wp-json\/wp\/v2\/product_tag?post=25643"}],"curies":[{"name":"wp","href":"https:\/\/api.w.org\/{rel}","templated":true}]}}