{"id":25555,"date":"2025-05-20T18:59:57","date_gmt":"2025-05-20T18:59:57","guid":{"rendered":"https:\/\/electricstore.eu\/p\/uncategorized\/vevor-100-lbs-bike-cargo-trailer-foldable-bicycle-wagon-storage-cart-with-16-wheels-safe-reflectors-fits-22-28-bike-wheels\/"},"modified":"2025-05-20T19:04:23","modified_gmt":"2025-05-20T19:04:23","slug":"vevor-100-lbs-bike-cargo-trailer-foldable-bicycle-wagon-storage-cart-with-16-wheels-safe-reflectors-fits-22-28-bike-wheels","status":"publish","type":"product","link":"https:\/\/electricstore.eu\/fr\/p\/o\/bike-trailers-and-wagons\/vevor-100-lbs-bike-cargo-trailer-foldable-bicycle-wagon-storage-cart-with-16-wheels-safe-reflectors-fits-22-28-bike-wheels\/","title":{"rendered":"Remorque \u00e0 v\u00e9lo pliable VEVOR de 45 kg, avec roues de 40 cm et r\u00e9flecteurs de s\u00e9curit\u00e9, compatible avec les roues de 55 \u00e0 71 cm."},"content":{"rendered":"<div class=\"product-specs-list-container\">\n<ul class=\"product-specs-list util-clearfix\">\n<li class=\"product-prop line-limit-length\"><span\n                                        class=\"property-title\">Produits chimiques hautement pr\u00e9occupants :&nbsp;<\/span><span\n                                        class=\"property-desc line-limit-length\">Aucun<\/span>\n                            <\/li>\n<li class=\"product-prop line-limit-length\"><span\n                                        class=\"property-title\">Position du si\u00e8ge :&nbsp;<\/span><span\n                                        class=\"property-desc line-limit-length\">POSTE<\/span>\n                            <\/li>\n<li class=\"product-prop line-limit-length\"><span\n                                        class=\"property-title\">Mat\u00e9riel:&nbsp;<\/span><span\n                                        class=\"property-desc line-limit-length\">M\u00e9tal<\/span>\n                            <\/li>\n<li class=\"product-prop line-limit-length\"><span\n                                        class=\"property-title\">Tranche d&#039;\u00e2ge :&nbsp;<\/span><span\n                                        class=\"property-desc line-limit-length\">3-6 ans<\/span>\n                            <\/li>\n<li class=\"product-prop line-limit-length\"><span\n                                        class=\"property-title\">Origine:&nbsp;<\/span><span\n                                        class=\"property-desc line-limit-length\">Chine continentale<\/span>\n                            <\/li>\n<li class=\"product-prop line-limit-length\"><span\n                                        class=\"property-title\">Capacit\u00e9 de charge maximale :&nbsp;<\/span><span\n                                        class=\"property-desc line-limit-length\">100 lbs\/45 kg<\/span>\n                            <\/li>\n<li class=\"product-prop line-limit-length\"><span\n                                        class=\"property-title\">Transport Box Size:&nbsp;<\/span><span\n                                        class=\"property-desc line-limit-length\">30.1 x 21.9 x 7.9 inches\/765 x 555 x 200 mm<\/span>\n                            <\/li>\n<li class=\"product-prop line-limit-length\"><span\n                                        class=\"property-title\">Position de montage :&nbsp;<\/span><span\n                                        class=\"property-desc line-limit-length\">Rear Axle<\/span>\n                            <\/li>\n<li class=\"product-prop line-limit-length\"><span\n                                        class=\"property-title\">Mat\u00e9riau du cadre :&nbsp;<\/span><span\n                                        class=\"property-desc line-limit-length\">Aluminum Alloy, Round Tube<\/span>\n                            <\/li>\n<li class=\"product-prop line-limit-length\"><span\n                                        class=\"property-title\">Poids du produit :&nbsp;<\/span><span\n                                        class=\"property-desc line-limit-length\">14.55 lbs\/6.6 kg<\/span>\n                            <\/li>\n<li class=\"product-prop line-limit-length\"><span\n                                        class=\"property-title\">Taper:&nbsp;<\/span><span\n                                        class=\"property-desc line-limit-length\">Bike Cargo Trailer<\/span>\n                            <\/li>\n<\/ul><\/div>\n<div class=\"detailmodule_html\">\n<div class=\"detail-desc-decorate-richtext\">\n<div style=\"font-family:&quot;Open sans&quot;, Arial, Helvetica, sans-serif\">\n<div><img decoding=\"async\" style=\"width:100%\" width=\"100%\" src=\"https:\/\/d2qc09rl1gfuof.cloudfront.net\/vevor\/boutique-banner\/pc\/banner-en.jpg\" slate-data-type=\"image\"\/><\/div>\n<div>\n<div style=\"font-size:16px;font-weight:bold;text-align:center;color:rgb(34, 34, 34);margin:24px 0px;margin-bottom:24px;margin-top:24px;margin-left:0px;margin-right:0px\" align=\"center\">Transportez plus, roulez plus loin avec la remorque \u00e0 v\u00e9lo cargo VEVOR<\/div>\n<div><img decoding=\"async\" style=\"width:100%\" width=\"100%\" src=\"https:\/\/d2qc09rl1gfuof.cloudfront.net\/product\/CGKHZLHJ100BHMDBA\/cargo-trailer-a100-1.4.jpg\" slate-data-type=\"image\"\/><\/div>\n<div style=\"font-size:14px;text-align:center;color:rgb(34, 34, 34);margin:16px 0px 24px;margin-bottom:24px;margin-top:16px;margin-left:0px;margin-right:0px\" align=\"center\">Cette remorque cargo pour v\u00e9lo est le moyen id\u00e9al de transporter votre mat\u00e9riel, supportant jusqu&#039;\u00e0 45 kg. Du n\u00e9cessaire de camping \u00e0 vos affaires du quotidien, elle offre l&#039;espace n\u00e9cessaire. De plus, elle s&#039;adapte aux v\u00e9los avec des roues de 22 \u00e0 28 pouces, ce qui la rend polyvalente pour tous les types de trajets.<\/div>\n<\/div>\n<div>\n<div style=\"margin:8px 0px;margin-bottom:8px;margin-top:8px;margin-left:0px;margin-right:0px\"><img decoding=\"async\" style=\"width:100%\" width=\"100%\" src=\"https:\/\/d2qc09rl1gfuof.cloudfront.net\/product\/CGKHZLHJ100BHMDBA\/cargo-trailer-a100-2.2.jpg\" slate-data-type=\"image\"\/><\/div>\n<div style=\"font-size:14px;text-align:center;color:rgb(34, 34, 34);margin:16px 0px 24px;margin-bottom:24px;margin-top:16px;margin-left:0px;margin-right:0px\" align=\"center\">Crafted from industrial-grade aluminum alloy, this bicycle trailer is both lightweight and sturdy. No rust worries here, thanks to its powder-coated surface. Ready for any adventure, rain or shine!<\/div>\n<\/div>\n<div>\n<div style=\"margin:8px 0px;margin-bottom:8px;margin-top:8px;margin-left:0px;margin-right:0px\"><img decoding=\"async\" style=\"width:100%\" width=\"100%\" src=\"https:\/\/d2qc09rl1gfuof.cloudfront.net\/product\/CGKHZLHJ100BHMDBA\/cargo-trailer-a100-2.3.jpg\" slate-data-type=\"image\"\/><\/div>\n<div style=\"font-size:14px;text-align:center;color:rgb(34, 34, 34);margin:16px 0px 24px;margin-bottom:24px;margin-top:16px;margin-left:0px;margin-right:0px\" align=\"center\">Avec ses pneus sport et ses moyeux en acier, cette remorque \u00e0 v\u00e9lo vous assure une stabilit\u00e9 optimale sur tous les terrains. Que vous rouliez sur la route ou sur les sentiers, vous resterez sur la bonne voie.<\/div>\n<\/div>\n<div>\n<div style=\"margin:8px 0px;margin-bottom:8px;margin-top:8px;margin-left:0px;margin-right:0px\"><img decoding=\"async\" style=\"width:100%\" width=\"100%\" src=\"https:\/\/d2qc09rl1gfuof.cloudfront.net\/product\/CGKHZLHJ100BHMDBA\/cargo-trailer-a100-2.4.jpg\" slate-data-type=\"image\"\/><\/div>\n<div style=\"font-size:14px;text-align:center;color:rgb(34, 34, 34);margin:16px 0px 24px;margin-bottom:24px;margin-top:16px;margin-left:0px;margin-right:0px\" align=\"center\">L&#039;installation de ce porte-v\u00e9los est un jeu d&#039;enfant gr\u00e2ce \u00e0 son cadre pliable et son syst\u00e8me de fixation rapide. Compact et pratique, il est id\u00e9al pour les aventuriers nomades. De plus, ses autocollants r\u00e9fl\u00e9chissants ajoutent une touche de style tout en assurant votre s\u00e9curit\u00e9.<\/div>\n<\/div>\n<div>\n<div style=\"margin:8px 0px;margin-bottom:8px;margin-top:8px;margin-left:0px;margin-right:0px\"><img decoding=\"async\" style=\"width:100%\" width=\"100%\" src=\"https:\/\/d2qc09rl1gfuof.cloudfront.net\/product\/CGKHZLHJ100BHMDBA\/cargo-trailer-a100-2.5.jpg\" slate-data-type=\"image\"\/><\/div>\n<div style=\"font-size:14px;text-align:center;color:rgb(34, 34, 34);margin:16px 0px 24px;margin-bottom:24px;margin-top:16px;margin-left:0px;margin-right:0px\" align=\"center\">Quel que soit votre type de v\u00e9lo \u2013 cruiser, VTT ou route \u2013 ce chariot \u00e0 v\u00e9lo est fait pour vous. Id\u00e9al pour toutes vos courses, des escapades de week-end aux escapades de week-end, c&#039;est votre compagnon de route id\u00e9al.<\/div>\n<\/div>\n<div style=\"margin:16px 0px 24px;margin-bottom:24px;margin-top:16px;margin-left:0px;margin-right:0px\"><\/div>\n<div style=\"margin:24px 0px;margin-bottom:24px;margin-top:24px;margin-left:0px;margin-right:0px\">\n<div style=\"font-size:16px;font-weight:bold;color:rgb(34, 34, 34);margin:24px 0px 16px;margin-bottom:16px;margin-top:24px;margin-left:0px;margin-right:0px\">Caract\u00e9ristiques et d\u00e9tails<\/div>\n<ul style=\"margin:16px 0px 24px;margin-bottom:24px;margin-top:16px;margin-left:0px;margin-right:0px\">\n<li style=\"font-size:14px;color:rgb(34, 34, 34)\">\n<p>Capacit\u00e9 de charge \u00e9lev\u00e9e de 45 kg\u00a0: Notre remorque \u00e0 v\u00e9lo est votre compagnon de voyage id\u00e9al. Sa construction robuste et son design spacieux lui permettent de supporter jusqu&#039;\u00e0 45 kg de charge. Parfaite pour toutes vos aventures en plein air, du camping aux pique-niques, elle est la solution id\u00e9ale pour transporter vos essentiels o\u00f9 que vous alliez.<\/p>\n<\/li>\n<li style=\"font-size:14px;color:rgb(34, 34, 34)\">\n<p>Industrial-Grade Material: Crafted from industrial-grade materials, the bicycle trailer features a robust aluminum alloy frame with a powder-coated surface for rust resistance. This construction ensures long-lasting cleanliness and a sleek appearance while promising structural stability and durability.<\/p>\n<\/li>\n<li style=\"font-size:14px;color:rgb(34, 34, 34)\">\n<p>Pneus professionnels\u00a0: Roulez en douceur sur toutes les routes\u00a0! Notre remorque v\u00e9lo est \u00e9quip\u00e9e de pneus sport de 16\u00a0po x 1,75\u00a0po et de moyeux en fer, offrant une excellente stabilit\u00e9 et une excellente traction sur toutes les surfaces, que vous rouliez sur du b\u00e9ton, des chemins de gravier ou des sentiers sablonneux.<\/p>\n<\/li>\n<li style=\"font-size:14px;color:rgb(34, 34, 34)\">\n<p>Installation simplifi\u00e9e\u00a0: Installation facile, s\u00e9curit\u00e9 renforc\u00e9e\u00a0! Installer notre remorque \u00e0 v\u00e9lo est un jeu d\u2019enfant gr\u00e2ce \u00e0 sa conception intuitive et \u00e0 son kit d\u2019outils complet. De plus, soyez visible sur la route gr\u00e2ce aux r\u00e9flecteurs dor\u00e9s sur les rayons, pour une visibilit\u00e9 optimale lors de vos trajets nocturnes.<\/p>\n<\/li>\n<li style=\"font-size:14px;color:rgb(34, 34, 34)\">\n<p>Compatible avec plusieurs mod\u00e8les de v\u00e9los\u00a0: Compatible avec les v\u00e9los de 22 \u00e0 28\u00a0pouces, notre chariot se fixe facilement \u00e0 une vari\u00e9t\u00e9 de mod\u00e8les de v\u00e9los, y compris les v\u00e9los de loisirs, les v\u00e9los pour enfants, les VTT et les v\u00e9los de route. Id\u00e9al pour faire les courses, camper et pique-niquer. Remarque\u00a0: Ne convient pas aux animaux ni aux enfants.<\/p>\n<\/li>\n<\/ul>\n<\/div>\n<div>\n<div>\n<div style=\"margin:16px 0px 24px;margin-bottom:24px;margin-top:16px;margin-left:0px;margin-right:0px\"><img decoding=\"async\" style=\"width:100%\" width=\"100%\" src=\"https:\/\/d2qc09rl1gfuof.cloudfront.net\/product\/CGKHZLHJ100BHMDBA\/cargo-trailer-a100-1.11.jpg\" slate-data-type=\"image\"\/><\/div>\n<\/div>\n<\/div>\n<\/div>\n<\/div>\n<\/div>\n<p><\/p>","protected":false},"excerpt":{"rendered":"<p>Hign-concerned Chemical:&nbsp;None Seat position:&nbsp;POST Material:&nbsp;Metal Age Range:&nbsp;3-6Y Origin:&nbsp;Mainland China Max Load Capacity:&nbsp;100 lbs\/45 kg Transport Box Size:&nbsp;30.1 x 21.9 x 7.9 inches\/765 x 555 x 200 mm Mounting Position:&nbsp;Rear Axle<\/p>","protected":false},"featured_media":25556,"comment_status":"open","ping_status":"closed","template":"","meta":{"_acf_changed":false},"product_brand":[],"product_cat":[523],"product_tag":[],"class_list":{"0":"post-25555","1":"product","2":"type-product","3":"status-publish","4":"has-post-thumbnail","6":"product_cat-bike-trailers-and-wagons","8":"first","9":"instock","10":"shipping-taxable","11":"purchasable","12":"product-type-variable"},"acf":[],"_links":{"self":[{"href":"https:\/\/electricstore.eu\/fr\/wp-json\/wp\/v2\/product\/25555","targetHints":{"allow":["GET"]}}],"collection":[{"href":"https:\/\/electricstore.eu\/fr\/wp-json\/wp\/v2\/product"}],"about":[{"href":"https:\/\/electricstore.eu\/fr\/wp-json\/wp\/v2\/types\/product"}],"replies":[{"embeddable":true,"href":"https:\/\/electricstore.eu\/fr\/wp-json\/wp\/v2\/comments?post=25555"}],"wp:featuredmedia":[{"embeddable":true,"href":"https:\/\/electricstore.eu\/fr\/wp-json\/wp\/v2\/media\/25556"}],"wp:attachment":[{"href":"https:\/\/electricstore.eu\/fr\/wp-json\/wp\/v2\/media?parent=25555"}],"wp:term":[{"taxonomy":"product_brand","embeddable":true,"href":"https:\/\/electricstore.eu\/fr\/wp-json\/wp\/v2\/product_brand?post=25555"},{"taxonomy":"product_cat","embeddable":true,"href":"https:\/\/electricstore.eu\/fr\/wp-json\/wp\/v2\/product_cat?post=25555"},{"taxonomy":"product_tag","embeddable":true,"href":"https:\/\/electricstore.eu\/fr\/wp-json\/wp\/v2\/product_tag?post=25555"}],"curies":[{"name":"wp","href":"https:\/\/api.w.org\/{rel}","templated":true}]}}