{"id":25506,"date":"2025-05-20T18:59:41","date_gmt":"2025-05-20T18:59:41","guid":{"rendered":"https:\/\/electricstore.eu\/p\/uncategorized\/vevor-epp-foam-rc-plane-2-4g-3ch-radio-control-aircraft-sea-and-air-rc-glider-water-land-flying-airplane-toys-gift-for-boys\/"},"modified":"2025-05-20T19:03:40","modified_gmt":"2025-05-20T19:03:40","slug":"vevor-epp-foam-rc-plane-2-4g-3ch-radio-control-aircraft-sea-and-air-rc-glider-water-land-flying-airplane-toys-gift-for-boys","status":"publish","type":"product","link":"https:\/\/electricstore.eu\/fr\/p\/rc\/rc-cars\/vevor-epp-foam-rc-plane-2-4g-3ch-radio-control-aircraft-sea-and-air-rc-glider-water-land-flying-airplane-toys-gift-for-boys\/","title":{"rendered":"Avion radiocommand\u00e9 VEVOR en mousse EPP 2,4 GHz 3 canaux, planeur terrestre et maritime, jouet id\u00e9al pour les gar\u00e7ons."},"content":{"rendered":"<div class=\"product-specs-list-container\">\n<ul class=\"product-specs-list util-clearfix\">\n<li class=\"product-prop line-limit-length\"><span\n                                        class=\"property-title\">Produits chimiques hautement pr\u00e9occupants :&nbsp;<\/span><span\n                                        class=\"property-desc line-limit-length\">Aucun<\/span>\n                            <\/li>\n<li class=\"product-prop line-limit-length\"><span\n                                        class=\"property-title\">Est \u00e9lectrique :&nbsp;<\/span><span\n                                        class=\"property-desc line-limit-length\">Pas de batterie<\/span>\n                            <\/li>\n<li class=\"product-prop line-limit-length\"><span\n                                        class=\"property-title\">Capacit\u00e9 anti-vent :&nbsp;<\/span><span\n                                        class=\"property-desc line-limit-length\">Oui<\/span>\n                            <\/li>\n<li class=\"product-prop line-limit-length\"><span\n                                        class=\"property-title\">Poids du drone :&nbsp;<\/span><span\n                                        class=\"property-desc line-limit-length\">\/<\/span>\n                            <\/li>\n<li class=\"product-prop line-limit-length\"><span\n                                        class=\"property-title\">Poids au d\u00e9collage :&nbsp;<\/span><span\n                                        class=\"property-desc line-limit-length\">\/<\/span>\n                            <\/li>\n<li class=\"product-prop line-limit-length\"><span\n                                        class=\"property-title\">D\u00e9lai de transit (jours) :&nbsp;<\/span><span\n                                        class=\"property-desc line-limit-length\">\/<\/span>\n                            <\/li>\n<li class=\"product-prop line-limit-length\"><span\n                                        class=\"property-title\">R\u00e9solution de capture vid\u00e9o\u00a0:&nbsp;<\/span><span\n                                        class=\"property-desc line-limit-length\">autre<\/span>\n                            <\/li>\n<li class=\"product-prop line-limit-length\"><span\n                                        class=\"property-title\">Niveau de comp\u00e9tence de l&#039;op\u00e9rateur\u00a0:&nbsp;<\/span><span\n                                        class=\"property-desc line-limit-length\">D\u00e9butant<\/span>\n                            <\/li>\n<li class=\"product-prop line-limit-length\"><span\n                                        class=\"property-title\">Utilisation int\u00e9rieure\/ext\u00e9rieure :&nbsp;<\/span><span\n                                        class=\"property-desc line-limit-length\">De plein air<\/span>\n                            <\/li>\n<li class=\"product-prop line-limit-length\"><span\n                                        class=\"property-title\">Type de support de cam\u00e9ra\u00a0:&nbsp;<\/span><span\n                                        class=\"property-desc line-limit-length\">autre<\/span>\n                            <\/li>\n<li class=\"product-prop line-limit-length\"><span\n                                        class=\"property-title\">Code-barres\u00a0:&nbsp;<\/span><span\n                                        class=\"property-desc line-limit-length\">Non<\/span>\n                            <\/li>\n<li class=\"product-prop line-limit-length\"><span\n                                        class=\"property-title\">Num\u00e9ro de mod\u00e8le :&nbsp;<\/span><span\n                                        class=\"property-desc line-limit-length\">Z62<\/span>\n                            <\/li>\n<li class=\"product-prop line-limit-length\"><span\n                                        class=\"property-title\">Mode manette :&nbsp;<\/span><span\n                                        class=\"property-desc line-limit-length\">MODE1<\/span>\n                            <\/li>\n<li class=\"product-prop line-limit-length\"><span\n                                        class=\"property-title\">Dur\u00e9e du vol :&nbsp;<\/span><span\n                                        class=\"property-desc line-limit-length\">10~20<\/span>\n                            <\/li>\n<li class=\"product-prop line-limit-length\"><span\n                                        class=\"property-title\">Canaux de contr\u00f4le\u00a0:&nbsp;<\/span><span\n                                        class=\"property-desc line-limit-length\">3 canaux<\/span>\n                            <\/li>\n<li class=\"product-prop line-limit-length\"><span\n                                        class=\"property-title\">Batterie de la manette :&nbsp;<\/span><span\n                                        class=\"property-desc line-limit-length\">3*AAA (non incluses)<\/span>\n                            <\/li>\n<li class=\"product-prop line-limit-length\"><span\n                                        class=\"property-title\">Distance \u00e0 distance :&nbsp;<\/span><span\n                                        class=\"property-desc line-limit-length\">150 m<\/span>\n                            <\/li>\n<li class=\"product-prop line-limit-length\"><span\n                                        class=\"property-title\">Temps de charge :&nbsp;<\/span><span\n                                        class=\"property-desc line-limit-length\">90 min<\/span>\n                            <\/li>\n<li class=\"product-prop line-limit-length\"><span\n                                        class=\"property-title\">Tension de charge :&nbsp;<\/span><span\n                                        class=\"property-desc line-limit-length\">5V<\/span>\n                            <\/li>\n<li class=\"product-prop line-limit-length\"><span\n                                        class=\"property-title\">Source d&#039;alimentation :&nbsp;<\/span><span\n                                        class=\"property-desc line-limit-length\">\u00c9lectrique<\/span>\n                            <\/li>\n<li class=\"product-prop line-limit-length\"><span\n                                        class=\"property-title\">T\u00e9l\u00e9commande:&nbsp;<\/span><span\n                                        class=\"property-desc line-limit-length\">Oui<\/span>\n                            <\/li>\n<li class=\"product-prop line-limit-length\"><span\n                                        class=\"property-title\">Le paquet comprend\u00a0:&nbsp;<\/span><span\n                                        class=\"property-desc line-limit-length\">T\u00e9l\u00e9commande<\/span>\n                            <\/li>\n<li class=\"product-prop line-limit-length\"><span\n                                        class=\"property-title\">Mat\u00e9riel:&nbsp;<\/span><span\n                                        class=\"property-desc line-limit-length\">Plastique<\/span>\n                            <\/li>\n<li class=\"product-prop line-limit-length\"><span\n                                        class=\"property-title\">Caract\u00e9ristiques:&nbsp;<\/span><span\n                                        class=\"property-desc line-limit-length\">autre<\/span>\n                            <\/li>\n<li class=\"product-prop line-limit-length\"><span\n                                        class=\"property-title\">\u00c2ge recommand\u00e9\u00a0:&nbsp;<\/span><span\n                                        class=\"property-desc line-limit-length\">14 ans et plus<\/span>\n                            <\/li>\n<li class=\"product-prop line-limit-length\"><span\n                                        class=\"property-title\">Origine:&nbsp;<\/span><span\n                                        class=\"property-desc line-limit-length\">Chine continentale<\/span>\n                            <\/li>\n<li class=\"product-prop line-limit-length\"><span\n                                        class=\"property-title\">Photographie a\u00e9rienne :&nbsp;<\/span><span\n                                        class=\"property-desc line-limit-length\">Non<\/span>\n                            <\/li>\n<li class=\"product-prop line-limit-length\"><span\n                                        class=\"property-title\">Taper:&nbsp;<\/span><span\n                                        class=\"property-desc line-limit-length\">Avion<\/span>\n                            <\/li>\n<li class=\"product-prop line-limit-length\"><span\n                                        class=\"property-title\">Marque:&nbsp;<\/span><span\n                                        class=\"property-desc line-limit-length\">VEVOR<\/span>\n                            <\/li>\n<li class=\"product-prop line-limit-length\"><span\n                                        class=\"property-title\">Taper:&nbsp;<\/span><span\n                                        class=\"property-desc line-limit-length\">Avion radiocommand\u00e9<\/span>\n                            <\/li>\n<li class=\"product-prop line-limit-length\"><span\n                                        class=\"property-title\">Conception:&nbsp;<\/span><span\n                                        class=\"property-desc line-limit-length\">Amphibie<\/span>\n                            <\/li>\n<li class=\"product-prop line-limit-length\"><span\n                                        class=\"property-title\">Mat\u00e9riau de l&#039;h\u00e9lice :&nbsp;<\/span><span\n                                        class=\"property-desc line-limit-length\">ABS<\/span>\n                            <\/li>\n<li class=\"product-prop line-limit-length\"><span\n                                        class=\"property-title\">Mat\u00e9riau du corps :&nbsp;<\/span><span\n                                        class=\"property-desc line-limit-length\">EPP<\/span>\n                            <\/li>\n<li class=\"product-prop line-limit-length\"><span\n                                        class=\"property-title\">Capacit\u00e9 d&#039;une seule batterie\u00a0:&nbsp;<\/span><span\n                                        class=\"property-desc line-limit-length\">800 mAh<\/span>\n                            <\/li>\n<li class=\"product-prop line-limit-length\"><span\n                                        class=\"property-title\">Fonction:&nbsp;<\/span><span\n                                        class=\"property-desc line-limit-length\">Triphab\u00e8te en mer, sur terre et dans les airs, 2 vitesses<\/span>\n                            <\/li>\n<li class=\"product-prop line-limit-length\"><span\n                                        class=\"property-title\">Couleur:&nbsp;<\/span><span\n                                        class=\"property-desc line-limit-length\">Blanc<\/span>\n                            <\/li>\n<\/ul><\/div>\n<div class=\"detailmodule_html\">\n<div class=\"detail-desc-decorate-richtext\">\n<div style=\"font-family:&quot;Open sans&quot;, Arial, Helvetica, sans-serif\">\n<div><img decoding=\"async\" style=\"width:100%\" width=\"100%\" src=\"https:\/\/d2qc09rl1gfuof.cloudfront.net\/vevor\/boutique-banner\/pc\/banner-en.jpg\" slate-data-type=\"image\"\/><\/div>\n<div>\n<div style=\"font-size:16px;font-weight:bold;text-align:center;color:rgb(34, 34, 34);margin:24px 0px;margin-bottom:24px;margin-top:24px;margin-left:0px;margin-right:0px\" align=\"center\">Avion radiocommand\u00e9 VEVOR \u2013 Dominez les cieux en vous amusant<\/div>\n<div><img decoding=\"async\" style=\"width:100%\" width=\"100%\" src=\"https:\/\/d2qc09rl1gfuof.cloudfront.net\/product\/YKFJLTD2532CRJINZ\/rc-airplane-a100-1.4-pt.jpg\" slate-data-type=\"image\"\/><\/div>\n<div style=\"font-size:14px;text-align:center;color:rgb(34, 34, 34);margin:16px 0px 24px;margin-bottom:24px;margin-top:16px;margin-left:0px;margin-right:0px\" align=\"center\">Voici un avion radiocommand\u00e9 con\u00e7u pour des moments de partage et de plaisir entre adultes et enfants. Tr\u00e8s facile \u00e0 piloter, il permettra aux enfants de le ma\u00eetriser en quelques heures seulement. Son design r\u00e9aliste ajoute une touche de fantaisie aux aventures a\u00e9riennes.<\/div>\n<\/div>\n<div>\n<div style=\"margin:8px 0px;margin-bottom:8px;margin-top:8px;margin-left:0px;margin-right:0px\"><img decoding=\"async\" style=\"width:100%\" width=\"100%\" src=\"https:\/\/d2qc09rl1gfuof.cloudfront.net\/product\/YKFJLTD2532CRJINZ\/rc-airplane-a100-2.2-pt.jpg\" slate-data-type=\"image\"\/><\/div>\n<div style=\"font-size:14px;text-align:center;color:rgb(34, 34, 34);margin:16px 0px 24px;margin-bottom:24px;margin-top:16px;margin-left:0px;margin-right:0px\" align=\"center\">Prenez les commandes de l&#039;avion radiocommand\u00e9 gr\u00e2ce \u00e0 sa t\u00e9l\u00e9commande sans fil\u00a0: pilotez-le \u00e0 gauche, \u00e0 droite, en haut et en bas sans effort. Profitez d&#039;une connexion fiable jusqu&#039;\u00e0 150\u00a0m (500\u00a0pi) avec la fr\u00e9quence 2,4\u00a0GHz, pour des vols fluides et sans interf\u00e9rences, id\u00e9al pour les pilotes de tous \u00e2ges.<\/div>\n<\/div>\n<div>\n<div style=\"margin:8px 0px;margin-bottom:8px;margin-top:8px;margin-left:0px;margin-right:0px\"><img decoding=\"async\" style=\"width:100%\" width=\"100%\" src=\"https:\/\/d2qc09rl1gfuof.cloudfront.net\/product\/YKFJLTD2532CRJINZ\/rc-airplane-a100-2.3-pt.jpg\" slate-data-type=\"image\"\/><\/div>\n<div style=\"font-size:14px;text-align:center;color:rgb(34, 34, 34);margin:16px 0px 24px;margin-bottom:24px;margin-top:16px;margin-left:0px;margin-right:0px\" align=\"center\">Notre avion t\u00e9l\u00e9command\u00e9 vole plus longtemps gr\u00e2ce aux deux jeux de batteries inclus. Changez-les pour un plaisir de vol continu, sans les contraintes des recharges fr\u00e9quentes ni des longues interruptions.<\/div>\n<\/div>\n<div>\n<div style=\"margin:8px 0px;margin-bottom:8px;margin-top:8px;margin-left:0px;margin-right:0px\"><img decoding=\"async\" style=\"width:100%\" width=\"100%\" src=\"https:\/\/d2qc09rl1gfuof.cloudfront.net\/product\/YKFJLTD2532CRJINZ\/rc-airplane-a100-2.4-pt.jpg\" slate-data-type=\"image\"\/><\/div>\n<div style=\"font-size:14px;text-align:center;color:rgb(34, 34, 34);margin:16px 0px 24px;margin-bottom:24px;margin-top:16px;margin-left:0px;margin-right:0px\" align=\"center\">Ma\u00eetrisez les d\u00e9collages en toute simplicit\u00e9. Saisissez la t\u00e9l\u00e9commande d&#039;une main, acc\u00e9l\u00e9rez et lancez l&#039;avion t\u00e9l\u00e9command\u00e9 droit devant vous. Vous pouvez aussi le poser sur une surface lisse, acc\u00e9l\u00e9rer pour un vol plan\u00e9 de 10 m\u00e8tres et l&#039;admirer s&#039;\u00e9lever dans les airs.<\/div>\n<\/div>\n<div>\n<div style=\"margin:8px 0px;margin-bottom:8px;margin-top:8px;margin-left:0px;margin-right:0px\"><img decoding=\"async\" style=\"width:100%\" width=\"100%\" src=\"https:\/\/d2qc09rl1gfuof.cloudfront.net\/product\/YKFJLTD2532CRJINZ\/rc-airplane-a100-2.5-pt.jpg\" slate-data-type=\"image\"\/><\/div>\n<div style=\"font-size:14px;text-align:center;color:rgb(34, 34, 34);margin:16px 0px 24px;margin-bottom:24px;margin-top:16px;margin-left:0px;margin-right:0px\" align=\"center\">Cet avion radiocommand\u00e9 pour d\u00e9butants est livr\u00e9 avec des batteries et des h\u00e9lices de rechange pour un plaisir sans interruption. Une pi\u00e8ce est perdue\u00a0? Pas de souci\u00a0: remplacez-la imm\u00e9diatement sans interrompre votre vol.<\/div>\n<\/div>\n<div style=\"margin:16px 0px 24px;margin-bottom:24px;margin-top:16px;margin-left:0px;margin-right:0px\"><\/div>\n<div style=\"margin:24px 0px;margin-bottom:24px;margin-top:24px;margin-left:0px;margin-right:0px\">\n<div style=\"font-size:16px;font-weight:bold;color:rgb(34, 34, 34);margin:24px 0px 16px;margin-bottom:16px;margin-top:24px;margin-left:0px;margin-right:0px\">Caract\u00e9ristiques et d\u00e9tails<\/div>\n<ul style=\"margin:16px 0px 24px;margin-bottom:24px;margin-top:16px;margin-left:0px;margin-right:0px\">\n<li style=\"font-size:14px;color:rgb(34, 34, 34)\">\n<p>Conception multifonctionnelle\u00a0: dot\u00e9 de capacit\u00e9s amphibies, de 3\u00a0voies et de 2\u00a0modes de vitesse, cet avion radiocommand\u00e9 peut d\u00e9coller du sol, \u00eatre lanc\u00e9 \u00e0 la main ou planer en douceur sur l\u2019eau. Profitez d\u2019un plaisir de vol en plein air sans limites gr\u00e2ce \u00e0 une maniabilit\u00e9 accrue. Que vous soyez d\u00e9butant ou pilote confirm\u00e9, il vous garantit un rythme de vol parfait.<\/p>\n<\/li>\n<li style=\"font-size:14px;color:rgb(34, 34, 34)\">\n<p>L\u00e9ger et r\u00e9sistant : Fabriqu\u00e9 en EPP de haute qualit\u00e9, notre avion radiocommand\u00e9 est l\u00e9ger et pourtant suffisamment robuste pour encaisser les chocs et les chutes. Sa construction solide lui conf\u00e8re une grande durabilit\u00e9 et lui permet de r\u00e9sister aux conditions ext\u00e9rieures. M\u00eame en cas de retournement sur l&#039;eau, ses commandes int\u00e9gr\u00e9es permettent de le remettre \u00e0 flot.<\/p>\n<\/li>\n<li style=\"font-size:14px;color:rgb(34, 34, 34)\">\n<p>Syst\u00e8me de contr\u00f4le sans fil 2,4 GHz\u00a0: Prenez le contr\u00f4le total gr\u00e2ce \u00e0 la t\u00e9l\u00e9commande intuitive. D\u00e9placez votre avion en mont\u00e9e, descente, gauche, droite, avant et arri\u00e8re jusqu&#039;\u00e0 une port\u00e9e de 150\u00a0m. La fr\u00e9quence 2,4 GHz garantit une connexion fiable, permettant \u00e0 plusieurs avions t\u00e9l\u00e9command\u00e9s de voler ensemble en toute simplicit\u00e9\u00a0\u2014 id\u00e9al pour des comp\u00e9titions amicales\u00a0! Un avertissement de batterie faible vous avertit au retour ou \u00e0 l&#039;atterrissage afin d&#039;\u00e9viter toute d\u00e9charge inutile de la batterie en vol.<\/p>\n<\/li>\n<li style=\"font-size:14px;color:rgb(34, 34, 34)\">\n<p>Autonomie de vol prolong\u00e9e\u00a0: Cet avion t\u00e9l\u00e9command\u00e9 est fourni avec deux jeux de batteries de 800\u00a0mAh, offrant jusqu\u2019\u00e0 30\u00a0minutes de vol. Il suffit de remplacer la batterie d\u00e9charg\u00e9e par la seconde pour profiter d\u2019un vol sans interruption, sans avoir \u00e0 attendre la recharge.<\/p>\n<\/li>\n<li style=\"font-size:14px;color:rgb(34, 34, 34)\">\n<p>Vol facile et amusant\u00a0: Con\u00e7u pour des moments de partage et de plaisir entre enfants et adultes, notre avion t\u00e9l\u00e9command\u00e9 est ultra-simple \u00e0 piloter. Il est \u00e9quip\u00e9 d&#039;un stabilisateur gyroscopique 6 axes int\u00e9gr\u00e9 pour des vols stables. Apr\u00e8s quelques essais seulement, les enfants prendront confiance en eux. Il est id\u00e9al pour les adultes, les enfants, les d\u00e9butants et tous les passionn\u00e9s d&#039;aviation. Des pi\u00e8ces de rechange comme les piles et les h\u00e9lices permettent de prolonger le plaisir sans interruption.<\/p>\n<\/li>\n<\/ul>\n<\/div>\n<div>\n<div>\n<div style=\"margin:16px 0px 24px;margin-bottom:24px;margin-top:16px;margin-left:0px;margin-right:0px\"><img decoding=\"async\" style=\"width:100%\" width=\"100%\" src=\"https:\/\/d2qc09rl1gfuof.cloudfront.net\/product\/YKFJLTD2532CRJINZ\/rc-airplane-a100-1.11-pt.jpg\" slate-data-type=\"image\"\/><\/div>\n<\/div>\n<\/div>\n<\/div>\n<\/div>\n<\/div>\n<p><\/p>","protected":false},"excerpt":{"rendered":"<p>Hign-concerned Chemical:&nbsp;None Is Electric:&nbsp;No battery Anti-wind Ability:&nbsp;Yes Drone Weight:&nbsp;\/ Takeoff Weight:&nbsp;\/ Transit Time (Days):&nbsp;\/ Video Capture Resolution:&nbsp;other Operator Skill Level:&nbsp;Beginner Indoor\/Outdoor Use:&nbsp;Outdoor Camera Mount Type:&nbsp;other Barcode:&nbsp;No Model Number:&nbsp;Z62 Controller Mode:&nbsp;MODE1<\/p>","protected":false},"featured_media":25507,"comment_status":"open","ping_status":"closed","template":"","meta":{"_acf_changed":false},"product_brand":[],"product_cat":[519],"product_tag":[],"class_list":{"0":"post-25506","1":"product","2":"type-product","3":"status-publish","4":"has-post-thumbnail","6":"product_cat-rc-cars","8":"first","9":"instock","10":"shipping-taxable","11":"purchasable","12":"product-type-variable"},"acf":[],"_links":{"self":[{"href":"https:\/\/electricstore.eu\/fr\/wp-json\/wp\/v2\/product\/25506","targetHints":{"allow":["GET"]}}],"collection":[{"href":"https:\/\/electricstore.eu\/fr\/wp-json\/wp\/v2\/product"}],"about":[{"href":"https:\/\/electricstore.eu\/fr\/wp-json\/wp\/v2\/types\/product"}],"replies":[{"embeddable":true,"href":"https:\/\/electricstore.eu\/fr\/wp-json\/wp\/v2\/comments?post=25506"}],"wp:featuredmedia":[{"embeddable":true,"href":"https:\/\/electricstore.eu\/fr\/wp-json\/wp\/v2\/media\/25507"}],"wp:attachment":[{"href":"https:\/\/electricstore.eu\/fr\/wp-json\/wp\/v2\/media?parent=25506"}],"wp:term":[{"taxonomy":"product_brand","embeddable":true,"href":"https:\/\/electricstore.eu\/fr\/wp-json\/wp\/v2\/product_brand?post=25506"},{"taxonomy":"product_cat","embeddable":true,"href":"https:\/\/electricstore.eu\/fr\/wp-json\/wp\/v2\/product_cat?post=25506"},{"taxonomy":"product_tag","embeddable":true,"href":"https:\/\/electricstore.eu\/fr\/wp-json\/wp\/v2\/product_tag?post=25506"}],"curies":[{"name":"wp","href":"https:\/\/api.w.org\/{rel}","templated":true}]}}