{"id":25461,"date":"2025-05-20T18:59:30","date_gmt":"2025-05-20T18:59:30","guid":{"rendered":"https:\/\/electricstore.eu\/p\/uncategorized\/vevor-rc-plane-2-4g-4ch-remote-control-airplane-with-6-axis-gyro-stabilizer-aircraft-toy-rc-glider-for-kids-beginners-boys-gifts\/"},"modified":"2025-05-20T19:02:57","modified_gmt":"2025-05-20T19:02:57","slug":"vevor-rc-plane-2-4g-4ch-remote-control-airplane-with-6-axis-gyro-stabilizer-aircraft-toy-rc-glider-for-kids-beginners-boys-gifts","status":"publish","type":"product","link":"https:\/\/electricstore.eu\/fr\/p\/rc\/rc-cars\/vevor-rc-plane-2-4g-4ch-remote-control-airplane-with-6-axis-gyro-stabilizer-aircraft-toy-rc-glider-for-kids-beginners-boys-gifts\/","title":{"rendered":"Avion radiocommand\u00e9 VEVOR 2,4 GHz 4 canaux avec stabilisateur gyroscopique 6 axes, planeur RC pour enfants d\u00e9butants, cadeau id\u00e9al pour les gar\u00e7ons."},"content":{"rendered":"<div class=\"product-specs-list-container\">\n<ul class=\"product-specs-list util-clearfix\">\n<li class=\"product-prop line-limit-length\"><span\n                                        class=\"property-title\">Produits chimiques hautement pr\u00e9occupants :&nbsp;<\/span><span\n                                        class=\"property-desc line-limit-length\">Aucun<\/span>\n                            <\/li>\n<li class=\"product-prop line-limit-length\"><span\n                                        class=\"property-title\">Est \u00e9lectrique :&nbsp;<\/span><span\n                                        class=\"property-desc line-limit-length\">Pas de batterie<\/span>\n                            <\/li>\n<li class=\"product-prop line-limit-length\"><span\n                                        class=\"property-title\">Capacit\u00e9 anti-vent :&nbsp;<\/span><span\n                                        class=\"property-desc line-limit-length\">Oui<\/span>\n                            <\/li>\n<li class=\"product-prop line-limit-length\"><span\n                                        class=\"property-title\">Poids du drone :&nbsp;<\/span><span\n                                        class=\"property-desc line-limit-length\">\/<\/span>\n                            <\/li>\n<li class=\"product-prop line-limit-length\"><span\n                                        class=\"property-title\">Poids au d\u00e9collage :&nbsp;<\/span><span\n                                        class=\"property-desc line-limit-length\">\/<\/span>\n                            <\/li>\n<li class=\"product-prop line-limit-length\"><span\n                                        class=\"property-title\">D\u00e9lai de transit (jours) :&nbsp;<\/span><span\n                                        class=\"property-desc line-limit-length\">\/<\/span>\n                            <\/li>\n<li class=\"product-prop line-limit-length\"><span\n                                        class=\"property-title\">R\u00e9solution de capture vid\u00e9o\u00a0:&nbsp;<\/span><span\n                                        class=\"property-desc line-limit-length\">autre<\/span>\n                            <\/li>\n<li class=\"product-prop line-limit-length\"><span\n                                        class=\"property-title\">Niveau de comp\u00e9tence de l&#039;op\u00e9rateur\u00a0:&nbsp;<\/span><span\n                                        class=\"property-desc line-limit-length\">D\u00e9butant<\/span>\n                            <\/li>\n<li class=\"product-prop line-limit-length\"><span\n                                        class=\"property-title\">Utilisation int\u00e9rieure\/ext\u00e9rieure :&nbsp;<\/span><span\n                                        class=\"property-desc line-limit-length\">De plein air<\/span>\n                            <\/li>\n<li class=\"product-prop line-limit-length\"><span\n                                        class=\"property-title\">Type de support de cam\u00e9ra\u00a0:&nbsp;<\/span><span\n                                        class=\"property-desc line-limit-length\">autre<\/span>\n                            <\/li>\n<li class=\"product-prop line-limit-length\"><span\n                                        class=\"property-title\">Code-barres\u00a0:&nbsp;<\/span><span\n                                        class=\"property-desc line-limit-length\">Non<\/span>\n                            <\/li>\n<li class=\"product-prop line-limit-length\"><span\n                                        class=\"property-title\">Num\u00e9ro de mod\u00e8le :&nbsp;<\/span><span\n                                        class=\"property-desc line-limit-length\">A210<\/span>\n                            <\/li>\n<li class=\"product-prop line-limit-length\"><span\n                                        class=\"property-title\">Mode manette :&nbsp;<\/span><span\n                                        class=\"property-desc line-limit-length\">MODE1<\/span>\n                            <\/li>\n<li class=\"product-prop line-limit-length\"><span\n                                        class=\"property-title\">Dur\u00e9e du vol :&nbsp;<\/span><span\n                                        class=\"property-desc line-limit-length\">5~10<\/span>\n                            <\/li>\n<li class=\"product-prop line-limit-length\"><span\n                                        class=\"property-title\">Canaux de contr\u00f4le\u00a0:&nbsp;<\/span><span\n                                        class=\"property-desc line-limit-length\">4 canaux<\/span>\n                            <\/li>\n<li class=\"product-prop line-limit-length\"><span\n                                        class=\"property-title\">Batterie de la manette :&nbsp;<\/span><span\n                                        class=\"property-desc line-limit-length\">4 piles AA (non incluses)<\/span>\n                            <\/li>\n<li class=\"product-prop line-limit-length\"><span\n                                        class=\"property-title\">Distance \u00e0 distance :&nbsp;<\/span><span\n                                        class=\"property-desc line-limit-length\">200 m<\/span>\n                            <\/li>\n<li class=\"product-prop line-limit-length\"><span\n                                        class=\"property-title\">Temps de charge :&nbsp;<\/span><span\n                                        class=\"property-desc line-limit-length\">60-70 minutes<\/span>\n                            <\/li>\n<li class=\"product-prop line-limit-length\"><span\n                                        class=\"property-title\">Tension de charge :&nbsp;<\/span><span\n                                        class=\"property-desc line-limit-length\">5V<\/span>\n                            <\/li>\n<li class=\"product-prop line-limit-length\"><span\n                                        class=\"property-title\">Source d&#039;alimentation :&nbsp;<\/span><span\n                                        class=\"property-desc line-limit-length\">\u00c9lectrique<\/span>\n                            <\/li>\n<li class=\"product-prop line-limit-length\"><span\n                                        class=\"property-title\">T\u00e9l\u00e9commande:&nbsp;<\/span><span\n                                        class=\"property-desc line-limit-length\">Oui<\/span>\n                            <\/li>\n<li class=\"product-prop line-limit-length\"><span\n                                        class=\"property-title\">Le paquet comprend\u00a0:&nbsp;<\/span><span\n                                        class=\"property-desc line-limit-length\">T\u00e9l\u00e9commande<\/span>\n                            <\/li>\n<li class=\"product-prop line-limit-length\"><span\n                                        class=\"property-title\">Mat\u00e9riel:&nbsp;<\/span><span\n                                        class=\"property-desc line-limit-length\">Mousse<\/span>\n                            <\/li>\n<li class=\"product-prop line-limit-length\"><span\n                                        class=\"property-title\">Caract\u00e9ristiques:&nbsp;<\/span><span\n                                        class=\"property-desc line-limit-length\">autre<\/span>\n                            <\/li>\n<li class=\"product-prop line-limit-length\"><span\n                                        class=\"property-title\">\u00c2ge recommand\u00e9\u00a0:&nbsp;<\/span><span\n                                        class=\"property-desc line-limit-length\">14 ans et plus<\/span>\n                            <\/li>\n<li class=\"product-prop line-limit-length\"><span\n                                        class=\"property-title\">Origine:&nbsp;<\/span><span\n                                        class=\"property-desc line-limit-length\">Chine continentale<\/span>\n                            <\/li>\n<li class=\"product-prop line-limit-length\"><span\n                                        class=\"property-title\">Photographie a\u00e9rienne :&nbsp;<\/span><span\n                                        class=\"property-desc line-limit-length\">Non<\/span>\n                            <\/li>\n<li class=\"product-prop line-limit-length\"><span\n                                        class=\"property-title\">Taper:&nbsp;<\/span><span\n                                        class=\"property-desc line-limit-length\">Avion<\/span>\n                            <\/li>\n<\/ul><\/div>\n<div class=\"detailmodule_html\">\n<div class=\"detail-desc-decorate-richtext\">\n<div style=\"font-family:&quot;Open sans&quot;, Arial, Helvetica, sans-serif\">\n<div><img decoding=\"async\" style=\"width:100%\" width=\"100%\" src=\"https:\/\/d2qc09rl1gfuof.cloudfront.net\/vevor\/boutique-banner\/pc\/banner-en.jpg\" slate-data-type=\"image\"\/><\/div>\n<div>\n<div style=\"font-size:16px;font-weight:bold;text-align:center;color:rgb(34, 34, 34);margin:24px 0px;margin-bottom:24px;margin-top:24px;margin-left:0px;margin-right:0px\" align=\"center\">Avion radiocommand\u00e9 VEVOR \u2013 Dominez les cieux en vous amusant<\/div>\n<div><img decoding=\"async\" style=\"width:100%\" width=\"100%\" src=\"https:\/\/d2qc09rl1gfuof.cloudfront.net\/product\/YKFJFJSTD40CYM1PO\/rc-airplane-a100-1.4-pt.jpg\" slate-data-type=\"image\"\/><\/div>\n<div style=\"font-size:14px;text-align:center;color:rgb(34, 34, 34);margin:16px 0px 24px;margin-bottom:24px;margin-top:16px;margin-left:0px;margin-right:0px\" align=\"center\">Voici un avion radiocommand\u00e9 con\u00e7u pour des moments de partage et de plaisir entre adultes et enfants. Tr\u00e8s facile \u00e0 piloter, il permettra aux enfants de le ma\u00eetriser en quelques heures seulement. Son design r\u00e9aliste ajoute une touche de fantaisie aux aventures a\u00e9riennes.<\/div>\n<\/div>\n<div>\n<div style=\"margin:8px 0px;margin-bottom:8px;margin-top:8px;margin-left:0px;margin-right:0px\"><img decoding=\"async\" style=\"width:100%\" width=\"100%\" src=\"https:\/\/d2qc09rl1gfuof.cloudfront.net\/product\/YKFJFJSTD40CYM1PO\/rc-airplane-a100-2.2-pt.jpg\" slate-data-type=\"image\"\/><\/div>\n<div style=\"font-size:14px;text-align:center;color:rgb(34, 34, 34);margin:16px 0px 24px;margin-bottom:24px;margin-top:16px;margin-left:0px;margin-right:0px\" align=\"center\">Cet avion radiocommand\u00e9 offre de multiples possibilit\u00e9s de figures acrobatiques gr\u00e2ce \u00e0 sa configuration \u00e0 4 voies et ses modes 3D\/6G. R\u00e9alisez des tonneaux, des vols invers\u00e9s et bien plus encore gr\u00e2ce \u00e0 des commandes simples \u00e0 une touche, faciles \u00e0 ma\u00eetriser pour vous et vos enfants.<\/div>\n<\/div>\n<div>\n<div style=\"margin:8px 0px;margin-bottom:8px;margin-top:8px;margin-left:0px;margin-right:0px\"><img decoding=\"async\" style=\"width:100%\" width=\"100%\" src=\"https:\/\/d2qc09rl1gfuof.cloudfront.net\/product\/YKFJFJSTD40CYM1PO\/rc-airplane-a100-2.3-pt.jpg\" slate-data-type=\"image\"\/><\/div>\n<div style=\"font-size:14px;text-align:center;color:rgb(34, 34, 34);margin:16px 0px 24px;margin-bottom:24px;margin-top:16px;margin-left:0px;margin-right:0px\" align=\"center\">Dot\u00e9 d&#039;un stabilisateur gyroscopique \u00e0 6 axes, cet avion t\u00e9l\u00e9command\u00e9 assure un vol stable m\u00eame lors des figures acrobatiques. Il vous avertit en cas de batterie faible ou de perte de signal, garantissant ainsi des vols s\u00fbrs et ma\u00eetris\u00e9s \u00e0 chaque fois.<\/div>\n<\/div>\n<div>\n<div style=\"margin:8px 0px;margin-bottom:8px;margin-top:8px;margin-left:0px;margin-right:0px\"><img decoding=\"async\" style=\"width:100%\" width=\"100%\" src=\"https:\/\/d2qc09rl1gfuof.cloudfront.net\/product\/YKFJFJSTD40CYM1PO\/rc-airplane-a100-2.4-pt.jpg\" slate-data-type=\"image\"\/><\/div>\n<div style=\"font-size:14px;text-align:center;color:rgb(34, 34, 34);margin:16px 0px 24px;margin-bottom:24px;margin-top:16px;margin-left:0px;margin-right:0px\" align=\"center\">Ma\u00eetrisez les d\u00e9collages en toute simplicit\u00e9. Saisissez la t\u00e9l\u00e9commande d&#039;une main, acc\u00e9l\u00e9rez et lancez l&#039;avion t\u00e9l\u00e9command\u00e9 droit devant vous. Vous pouvez aussi le poser sur une surface lisse, acc\u00e9l\u00e9rer pour un vol plan\u00e9 de 10 m\u00e8tres et l&#039;admirer s&#039;\u00e9lever dans les airs.<\/div>\n<\/div>\n<div>\n<div style=\"margin:8px 0px;margin-bottom:8px;margin-top:8px;margin-left:0px;margin-right:0px\"><img decoding=\"async\" style=\"width:100%\" width=\"100%\" src=\"https:\/\/d2qc09rl1gfuof.cloudfront.net\/product\/YKFJFJSTD40CYM1PO\/rc-airplane-a100-2.5-pt.jpg\" slate-data-type=\"image\"\/><\/div>\n<div style=\"font-size:14px;text-align:center;color:rgb(34, 34, 34);margin:16px 0px 24px;margin-bottom:24px;margin-top:16px;margin-left:0px;margin-right:0px\" align=\"center\">Cet avion radiocommand\u00e9 pour d\u00e9butants est livr\u00e9 avec des batteries et des h\u00e9lices de rechange pour un plaisir sans interruption. Une pi\u00e8ce est perdue\u00a0? Pas de souci\u00a0: remplacez-la imm\u00e9diatement sans interrompre votre vol.<\/div>\n<\/div>\n<div style=\"margin:16px 0px 24px;margin-bottom:24px;margin-top:16px;margin-left:0px;margin-right:0px\"><\/div>\n<div style=\"margin:24px 0px;margin-bottom:24px;margin-top:24px;margin-left:0px;margin-right:0px\">\n<div style=\"font-size:16px;font-weight:bold;color:rgb(34, 34, 34);margin:24px 0px 16px;margin-bottom:16px;margin-top:24px;margin-left:0px;margin-right:0px\">Caract\u00e9ristiques et d\u00e9tails<\/div>\n<ul style=\"margin:16px 0px 24px;margin-bottom:24px;margin-top:16px;margin-left:0px;margin-right:0px\">\n<li style=\"font-size:14px;color:rgb(34, 34, 34)\">\n<p>Pilotage polyvalent \u00e0 4 voies : Cet avion radiocommand\u00e9 fonctionne comme un v\u00e9ritable appareil gr\u00e2ce \u00e0 ses 4 voies de contr\u00f4le compl\u00e8tes : h\u00e9lice, gouvernail, profondeur et ailerons. Contr\u00f4lez-les sans effort avec la t\u00e9l\u00e9commande sans fil. Id\u00e9al pour les man\u0153uvres au sol avec contr\u00f4le des gaz et du gouvernail avant le d\u00e9collage. R\u00e9alisez facilement des figures acrobatiques comme des tonneaux, des flips, des loopings et des vols invers\u00e9s gr\u00e2ce \u00e0 ses modes 3D\/6G, pour une exp\u00e9rience de vol divertissante aussi bien pour les d\u00e9butants que pour les experts.<\/p>\n<\/li>\n<li style=\"font-size:14px;color:rgb(34, 34, 34)\">\n<p>L\u00e9ger et r\u00e9sistant\u00a0: Fabriqu\u00e9 en EPP de haute qualit\u00e9, notre avion radiocommand\u00e9 est l\u00e9ger et pourtant suffisamment robuste pour r\u00e9sister aux chocs et aux impacts. Sa construction solide lui conf\u00e8re une grande durabilit\u00e9, lui permettant d\u2019affronter les conditions ext\u00e9rieures sans n\u00e9cessiter de r\u00e9parations constantes.<\/p>\n<\/li>\n<li style=\"font-size:14px;color:rgb(34, 34, 34)\">\n<p>Exp\u00e9rience de vol stable\u00a0: Profitez d&#039;une stabilit\u00e9 optimale gr\u00e2ce au stabilisateur gyroscopique 6 axes et au puissant moteur 1020 de notre avion t\u00e9l\u00e9command\u00e9, dot\u00e9 d&#039;un r\u00e9ducteur de puissance performant. Pilotez plusieurs appareils simultan\u00e9ment sans interf\u00e9rence gr\u00e2ce \u00e0 son syst\u00e8me de contr\u00f4le sans fil 2,4 GHz fiable. Id\u00e9al pour r\u00e9aliser des figures a\u00e9riennes spectaculaires lors de comp\u00e9titions amicales entre amis ou en famille.<\/p>\n<\/li>\n<li style=\"font-size:14px;color:rgb(34, 34, 34)\">\n<p>Port\u00e9e de vol \u00e9tendue\u00a0: Avec une port\u00e9e maximale de 200\u00a0m, cet avion t\u00e9l\u00e9command\u00e9 vous avertit en cas de d\u00e9passement et vous signale une batterie faible pour un retour en toute s\u00e9curit\u00e9. Deux batteries de 500\u00a0mAh offrent jusqu\u2019\u00e0 20\u00a0minutes d\u2019autonomie, pour un plaisir de vol ininterrompu, sans recharges fr\u00e9quentes ni interruptions.<\/p>\n<\/li>\n<li style=\"font-size:14px;color:rgb(34, 34, 34)\">\n<p>Vol facile et amusant\u00a0: Con\u00e7u pour des moments de partage et de plaisir entre enfants et adultes, notre avion t\u00e9l\u00e9command\u00e9 est ultra-simple \u00e0 piloter. Il est \u00e9quip\u00e9 d&#039;un stabilisateur gyroscopique 6 axes int\u00e9gr\u00e9 pour des vols stables. Apr\u00e8s quelques essais seulement, les enfants prendront confiance en eux. Il est id\u00e9al pour les adultes, les enfants, les d\u00e9butants et tous les passionn\u00e9s d&#039;aviation. Des pi\u00e8ces de rechange comme les piles et les h\u00e9lices permettent de prolonger le plaisir sans interruption.<\/p>\n<\/li>\n<\/ul>\n<\/div>\n<div>\n<div>\n<div style=\"margin:16px 0px 24px;margin-bottom:24px;margin-top:16px;margin-left:0px;margin-right:0px\"><img decoding=\"async\" style=\"width:100%\" width=\"100%\" src=\"https:\/\/d2qc09rl1gfuof.cloudfront.net\/product\/YKFJFJSTD40CYM1PO\/rc-airplane-a100-1.11-pt.jpg\" slate-data-type=\"image\"\/><\/div>\n<\/div>\n<\/div>\n<\/div>\n<div><\/div>\n<\/div>\n<\/div>\n<p><\/p>","protected":false},"excerpt":{"rendered":"<p>Hign-concerned Chemical:&nbsp;None Is Electric:&nbsp;No battery Anti-wind Ability:&nbsp;Yes Drone Weight:&nbsp;\/ Takeoff Weight:&nbsp;\/ Transit Time (Days):&nbsp;\/ Video Capture Resolution:&nbsp;other Operator Skill Level:&nbsp;Beginner Indoor\/Outdoor Use:&nbsp;Outdoor Camera Mount Type:&nbsp;other Barcode:&nbsp;No Model Number:&nbsp;A210 Controller Mode:&nbsp;MODE1<\/p>","protected":false},"featured_media":25462,"comment_status":"open","ping_status":"closed","template":"","meta":{"_acf_changed":false},"product_brand":[],"product_cat":[519],"product_tag":[],"class_list":{"0":"post-25461","1":"product","2":"type-product","3":"status-publish","4":"has-post-thumbnail","6":"product_cat-rc-cars","8":"first","9":"instock","10":"shipping-taxable","11":"purchasable","12":"product-type-variable"},"acf":[],"_links":{"self":[{"href":"https:\/\/electricstore.eu\/fr\/wp-json\/wp\/v2\/product\/25461","targetHints":{"allow":["GET"]}}],"collection":[{"href":"https:\/\/electricstore.eu\/fr\/wp-json\/wp\/v2\/product"}],"about":[{"href":"https:\/\/electricstore.eu\/fr\/wp-json\/wp\/v2\/types\/product"}],"replies":[{"embeddable":true,"href":"https:\/\/electricstore.eu\/fr\/wp-json\/wp\/v2\/comments?post=25461"}],"wp:featuredmedia":[{"embeddable":true,"href":"https:\/\/electricstore.eu\/fr\/wp-json\/wp\/v2\/media\/25462"}],"wp:attachment":[{"href":"https:\/\/electricstore.eu\/fr\/wp-json\/wp\/v2\/media?parent=25461"}],"wp:term":[{"taxonomy":"product_brand","embeddable":true,"href":"https:\/\/electricstore.eu\/fr\/wp-json\/wp\/v2\/product_brand?post=25461"},{"taxonomy":"product_cat","embeddable":true,"href":"https:\/\/electricstore.eu\/fr\/wp-json\/wp\/v2\/product_cat?post=25461"},{"taxonomy":"product_tag","embeddable":true,"href":"https:\/\/electricstore.eu\/fr\/wp-json\/wp\/v2\/product_tag?post=25461"}],"curies":[{"name":"wp","href":"https:\/\/api.w.org\/{rel}","templated":true}]}}