{"id":25306,"date":"2025-05-20T18:58:33","date_gmt":"2025-05-20T18:58:33","guid":{"rendered":"https:\/\/electricstore.eu\/p\/uncategorized\/vevor-3000-5000kg-digital-crane-scales-heavy-duty-aluminum-hanging-scale-w-ocs-t-lcd-display-reinforced-ring-hook-for-industry\/"},"modified":"2025-05-20T18:59:27","modified_gmt":"2025-05-20T18:59:27","slug":"vevor-3000-5000kg-digital-crane-scales-heavy-duty-aluminum-hanging-scale-w-ocs-t-lcd-display-reinforced-ring-hook-for-industry","status":"publish","type":"product","link":"https:\/\/electricstore.eu\/fr\/p\/o\/electric-lifting-hoists\/vevor-3000-5000kg-digital-crane-scales-heavy-duty-aluminum-hanging-scale-w-ocs-t-lcd-display-reinforced-ring-hook-for-industry\/","title":{"rendered":"Balance num\u00e9rique VEVOR 3000 5000 kg pour grues, robuste, suspendue en aluminium avec \u00e9cran LCD OCS-T et crochet \u00e0 anneau renforc\u00e9 pour l&#039;industrie."},"content":{"rendered":"<div class=\"product-specs-list-container\">\n<ul class=\"product-specs-list util-clearfix\">\n<li class=\"product-prop line-limit-length\"><span\n                                        class=\"property-title\">Produits chimiques hautement pr\u00e9occupants :&nbsp;<\/span><span\n                                        class=\"property-desc line-limit-length\">Aucun<\/span>\n                            <\/li>\n<li class=\"product-prop line-limit-length\"><span\n                                        class=\"property-title\">Taper:&nbsp;<\/span><span\n                                        class=\"property-desc line-limit-length\">Crane Scale<\/span>\n                            <\/li>\n<li class=\"product-prop line-limit-length\"><span\n                                        class=\"property-title\">Nom de marque :&nbsp;<\/span><span\n                                        class=\"property-desc line-limit-length\">VEVOR<\/span>\n                            <\/li>\n<li class=\"product-prop line-limit-length\"><span\n                                        class=\"property-title\">Origine:&nbsp;<\/span><span\n                                        class=\"property-desc line-limit-length\">Chine continentale<\/span>\n                            <\/li>\n<\/ul><\/div>\n<div class=\"detailmodule_html\">\n<div class=\"detail-desc-decorate-richtext\">\n<div class=\"detailmodule_dynamic\"><kse:widget data-widget-type=\"customText\" id=\"1005000000821364\" type=\"relation\"><\/kse:widget><\/div>\n<div style=\"padding:20px;padding-bottom:20px;padding-top:20px;padding-left:20px;padding-right:20px\">\n<div style=\"text-align:center;width:100%\" align=\"center\"><img decoding=\"async\" src=\"https:\/\/vevor-bmp-prm.s3.ap-east-1.amazonaws.com\/default\/vevor-1.png\" slate-data-type=\"image\"\/><\/div>\n<div style=\"font-size:16px;font-weight:bold;line-height:36px\">Description du produit<\/div>\n<div style=\"width:100%\"><img decoding=\"async\" src=\"https:\/\/d2qc09rl1gfuof.cloudfront.net\/product\/OCS-T-5TDZDC00001\/crane-scale-a100-1.4.jpg\" slate-data-type=\"image\"\/><\/div>\n<div style=\"margin-top:15px;display:flex\">\n<div style=\"width:33%\"><img decoding=\"async\" style=\"width:100%\" width=\"100%\" src=\"https:\/\/d2qc09rl1gfuof.cloudfront.net\/product\/OCS-T-5TDZDC00001\/crane-scale-x1.jpg\" slate-data-type=\"image\"\/><\/div>\n<div style=\"padding:0px 15px;padding-bottom:0px;padding-top:0px;padding-left:15px;padding-right:15px;width:33%\">\n<div style=\"font-size:16px;font-weight:700;line-height:36px\">11000LBS\/5000KG Aluminum Digital Crane Scale<\/div>\n<div style=\"font-size:14px\"><\/div>\n<div style=\"font-size:14px\">The digital crane scale is made of high-quality aluminum, which provides high performance and long-term stability. It has the functions of zeroing, peeling, keeping display, overload warning, and automatic shutdown. The digital fish scale is easy to operate and easy to carry and is widely used in warehouses, agriculture, hunting, fishing, workshops, offices, and other businesses.<\/div>\n<ul style=\"font-size:14px;background-color:rgb(243, 243, 243);border:1px solid rgb(204, 204, 204);margin-top:8px;padding:10px 40px;padding-bottom:10px;padding-top:10px;padding-left:40px;padding-right:40px\">\n<li>\n<p>Heavy-duty Design<\/p>\n<\/li>\n<li>\n<p>Uncompromising Accuracy<\/p>\n<\/li>\n<li>\n<p>LCD Screen<\/p>\n<\/li>\n<li>\n<p>Simple to Use<\/p>\n<\/li>\n<\/ul>\n<\/div>\n<div style=\"border-left:1px solid rgb(204, 204, 204);padding:0px 15px;padding-bottom:0px;padding-top:0px;padding-left:15px;padding-right:15px;width:33%\">\n<div style=\"padding:0px 15px;padding-bottom:0px;padding-top:0px;padding-left:15px;padding-right:15px\">\n<div><img decoding=\"async\" style=\"width:100%\" width=\"100%\" src=\"https:\/\/vevor-bmp-prm.s3.ap-east-1.amazonaws.com\/default\/vevor-2.jpg\" slate-data-type=\"image\"\/><\/div>\n<div style=\"font-size:14px;font-weight:bold;line-height:24px\">\u00c9quipement et outils robustes, \u00e0 prix r\u00e9duit<\/div>\n<div style=\"font-size:12px;margin:8px 0px;margin-bottom:8px;margin-top:8px;margin-left:0px;margin-right:0px\">VEVOR est une marque leader sp\u00e9cialis\u00e9e dans les \u00e9quipements et les outils. Elle compte des milliers de clients motiv\u00e9s.<br \/>Chez VEVOR, nous nous engageons \u00e0 fournir \u00e0 nos clients des \u00e9quipements et des outils robustes \u00e0 des prix incroyablement comp\u00e9titifs.<br \/>Des prix bas. Aujourd&#039;hui, les produits VEVOR sont vendus dans plus de 200 pays et r\u00e9gions, avec 10 millions d&#039;utilisateurs.<br \/>plus de membres dans le monde entier.<\/div>\n<div style=\"font-size:14px;font-weight:bold;line-height:24px\">Pourquoi choisir VEVOR ?<\/div>\n<ul style=\"font-size:14px;background-color:rgb(243, 243, 243);border:1px solid rgb(204, 204, 204);margin-top:8px;padding:10px 40px;padding-bottom:10px;padding-top:10px;padding-left:40px;padding-right:40px\">\n<li>\n<p>Qualit\u00e9 sup\u00e9rieure et robuste<\/p>\n<\/li>\n<li>\n<p>Prix incroyablement bas<\/p>\n<\/li>\n<li>\n<p>Livraison rapide et s\u00e9curis\u00e9e<\/p>\n<\/li>\n<li>\n<p>Retours gratuits sous 30 jours<\/p>\n<\/li>\n<li>\n<p>Service attentif 24h\/24 et 7j\/7<\/p>\n<\/li>\n<\/ul>\n<\/div>\n<\/div>\n<\/div>\n<div style=\"margin-top:30px\">\n<div style=\"font-size:16px;font-weight:bold;line-height:36px\">Caract\u00e9ristiques principales<\/div>\n<div style=\"padding:30px;padding-bottom:30px;padding-top:30px;padding-left:30px;padding-right:30px\">\n<div>\n<div style=\"margin-top:15px;padding:0px 15px;padding-bottom:0px;padding-top:0px;padding-left:15px;padding-right:15px;display:inline-block;width:33%;box-sizing:border-box\">\n<div><img decoding=\"async\" style=\"width:100%\" width=\"100%\" src=\"https:\/\/d2qc09rl1gfuof.cloudfront.net\/product\/OCS-T-5TDZDC00001\/crane-scale-m100-2.jpg\" slate-data-type=\"image\"\/><\/div>\n<div style=\"font-size:16px;font-weight:700;line-height:36px\">Superb Quality<\/div>\n<div style=\"font-size:14px\">Precision molded aluminum alloy shell; industrial-grade casting process, the hanging scale has strong reliability.<\/div>\n<\/div>\n<div style=\"margin-top:15px;padding:0px 15px;padding-bottom:0px;padding-top:0px;padding-left:15px;padding-right:15px;display:inline-block;width:33%;box-sizing:border-box\">\n<div><img decoding=\"async\" style=\"width:100%\" width=\"100%\" src=\"https:\/\/d2qc09rl1gfuof.cloudfront.net\/product\/OCS-T-5TDZDC00001\/crane-scale-m100-3.jpg\" slate-data-type=\"image\"\/><\/div>\n<div style=\"font-size:16px;font-weight:700;line-height:36px\">Accurate &amp; Sensitive<\/div>\n<div style=\"font-size:14px\">High-quality load cells ensure constant and accurate measurements up to 11000 lb or 5000 kg.<\/div>\n<\/div>\n<div style=\"margin-top:15px;padding:0px 15px;padding-bottom:0px;padding-top:0px;padding-left:15px;padding-right:15px;display:inline-block;width:33%;box-sizing:border-box\">\n<div><img decoding=\"async\" style=\"width:100%\" width=\"100%\" src=\"https:\/\/d2qc09rl1gfuof.cloudfront.net\/product\/OCS-T-5TDZDC00001\/crane-scale-m100-4.jpg\" slate-data-type=\"image\"\/><\/div>\n<div style=\"font-size:16px;font-weight:700;line-height:36px\">LCD Backlight Screen<\/div>\n<div style=\"font-size:14px\">The high-resolution LCD backlight display completes this efficient electronic fish scale. LCD module display, easy to read.<\/div>\n<\/div>\n<div style=\"margin-top:15px;padding:0px 15px;padding-bottom:0px;padding-top:0px;padding-left:15px;padding-right:15px;display:inline-block;width:33%;box-sizing:border-box\">\n<div><img decoding=\"async\" style=\"width:100%\" width=\"100%\" src=\"https:\/\/d2qc09rl1gfuof.cloudfront.net\/product\/OCS-T-5TDZDC00001\/crane-scale-m100-5.jpg\" slate-data-type=\"image\"\/><\/div>\n<div style=\"font-size:16px;font-weight:700;line-height:36px\">Super Easy to Use<\/div>\n<div style=\"font-size:14px\">Easy to use and simple to operate, hang things on the hook, and read the numbers.<\/div>\n<\/div>\n<div style=\"margin-top:15px;padding:0px 15px;padding-bottom:0px;padding-top:0px;padding-left:15px;padding-right:15px;display:inline-block;width:33%;box-sizing:border-box\">\n<div><img decoding=\"async\" style=\"width:100%\" width=\"100%\" src=\"https:\/\/d2qc09rl1gfuof.cloudfront.net\/product\/OCS-T-5TDZDC00001\/crane-scale-m100-6.jpg\" slate-data-type=\"image\"\/><\/div>\n<div style=\"font-size:16px;font-weight:700;line-height:36px\">Reinforced Ring &amp; Hook<\/div>\n<div style=\"font-size:14px\">High-strength rings and hooks are strong and durable, safe to use.<\/div>\n<\/div>\n<div style=\"margin-top:15px;padding:0px 15px;padding-bottom:0px;padding-top:0px;padding-left:15px;padding-right:15px;display:inline-block;width:33%;box-sizing:border-box\">\n<div><img decoding=\"async\" style=\"width:100%\" width=\"100%\" src=\"https:\/\/d2qc09rl1gfuof.cloudfront.net\/product\/OCS-T-5TDZDC00001\/crane-scale-m100-7.jpg\" slate-data-type=\"image\"\/><\/div>\n<div style=\"font-size:16px;font-weight:700;line-height:36px\">Large application<\/div>\n<div style=\"font-size:14px\">The industrial scale provides professional weighing solutions for the heavy industry and is widely used in warehouses, agriculture, hunting, fishing, workshops, offices, and other businesses.<\/div>\n<\/div>\n<\/div>\n<\/div>\n<\/div>\n<div style=\"margin-top:15px;display:flex\">\n<div style=\"width:33%\"><img decoding=\"async\" style=\"width:100%\" width=\"100%\" src=\"https:\/\/d2qc09rl1gfuof.cloudfront.net\/product\/OCS-T-5TDZDC00001\/crane-scale-a100-2.jpg\" slate-data-type=\"image\"\/><\/div>\n<div style=\"padding:0px 15px;padding-bottom:0px;padding-top:0px;padding-left:15px;padding-right:15px;width:33%\">\n<div style=\"font-size:16px;font-weight:700;line-height:36px\">Caract\u00e9ristiques<\/div>\n<ul style=\"font-size:14px;border:1px solid rgb(204, 204, 204);margin-top:8px;padding:10px 40px;padding-bottom:10px;padding-top:10px;padding-left:40px;padding-right:40px\">\n<li>\n<p>Max Capacity: 11000 lbs \/ 5000 kg<\/p>\n<\/li>\n<li>\n<p>Min Capacity: 88 lbs \/ 40 kg<\/p>\n<\/li>\n<li>\n<p>Resolution: 4.4 lbs \/ 2 kg<\/p>\n<\/li>\n<li>\n<p>Division: 2500<\/p>\n<\/li>\n<li>\n<p>Accuracy Class: OIML III<\/p>\n<\/li>\n<li>\n<p>Tare Range: 100% F.S.<\/p>\n<\/li>\n<li>\n<p>Zero Range: 4% F.S.<\/p>\n<\/li>\n<li>\n<p>Safety Load: 120% F.S.<\/p>\n<\/li>\n<li>\n<p>Ultimate Overload: 400% F.S.<\/p>\n<\/li>\n<li>\n<p>Overload Warning: 100% F.S. + 9e<\/p>\n<\/li>\n<li>\n<p>Temperature Range: 14\u2109-104\u2109 \/ -10\u2103-40\u2103<\/p>\n<\/li>\n<li>\n<p>Gross Weight: 32.9 lbs \/ 14.9 kg<\/p>\n<\/li>\n<li>\n<p>Size: 10.4&quot; x 8.7&quot; x 29.5&quot; \/ 26.5 x 22 x 75 cm<\/p>\n<\/li>\n<\/ul>\n<\/div>\n<div style=\"border-left:1px solid rgb(204, 204, 204);padding:0px 15px;padding-bottom:0px;padding-top:0px;padding-left:15px;padding-right:15px;width:33%\">\n<div style=\"width:100%\"><img decoding=\"async\" style=\"width:100%\" width=\"100%\" src=\"https:\/\/d2qc09rl1gfuof.cloudfront.net\/product\/OCS-T-5TDZDC00001\/crane-scale-a100-3.jpg\" slate-data-type=\"image\"\/><\/div>\n<div style=\"font-size:14px;font-weight:bold;line-height:24px\">Contenu de l&#039;emballage<\/div>\n<ul style=\"font-size:14px;background-color:rgb(243, 243, 243);border:1px solid rgb(204, 204, 204);margin-top:8px;padding:10px 40px;padding-bottom:10px;padding-top:10px;padding-left:40px;padding-right:40px\">\n<li>\n<p>1 x 5000KG Capacity Crane Scale (Battery Not Included)<\/p>\n<\/li>\n<li>\n<p>1 x Remote Control<\/p>\n<\/li>\n<li>\n<p>1 x Battery Charger\/Power Plug<\/p>\n<\/li>\n<li>\n<p>1 x Manuel d&#039;utilisation<\/p>\n<\/li>\n<\/ul>\n<\/div>\n<\/div>\n<div style=\"margin-top:15px;display:flex\">\n<div style=\"width:33%\"><img decoding=\"async\" style=\"width:100%\" width=\"100%\" src=\"https:\/\/d2qc09rl1gfuof.cloudfront.net\/product\/OCS-T-3000KGDZDC1\/crane-scale-a100-2.jpg\" slate-data-type=\"image\"\/><\/div>\n<div style=\"padding:0px 15px;padding-bottom:0px;padding-top:0px;padding-left:15px;padding-right:15px;width:33%\">\n<div style=\"font-size:16px;font-weight:700;line-height:36px\">Caract\u00e9ristiques<\/div>\n<ul style=\"font-size:14px;border:1px solid rgb(204, 204, 204);margin-top:8px;padding:10px 40px;padding-bottom:10px;padding-top:10px;padding-left:40px;padding-right:40px\">\n<li>\n<p>Max Capacity: 6600 lbs \/ 3000 kg<\/p>\n<\/li>\n<li>\n<p>Min Capacity: 44 lbs \/ 20 kg<\/p>\n<\/li>\n<li>\n<p>Resolution: 2.2 lbs \/ 1 kg<\/p>\n<\/li>\n<li>\n<p>Division: 3000<\/p>\n<\/li>\n<li>\n<p>Accuracy Class: OIML III<\/p>\n<\/li>\n<li>\n<p>Tare Range: 100% F.S.<\/p>\n<\/li>\n<li>\n<p>Zero Range: 4% F.S.<\/p>\n<\/li>\n<li>\n<p>Safety Load: 120% F.S.<\/p>\n<\/li>\n<li>\n<p>Ultimate Overload: 400% F.S.<\/p>\n<\/li>\n<li>\n<p>Overload Warning: 100% F.S. + 9e<\/p>\n<\/li>\n<li>\n<p>Temperature Range: 14\u2109-104\u2109 \/ -10\u2103-40\u2103<\/p>\n<\/li>\n<li>\n<p>Gross Weight: 30 lbs \/ 13.7 kg<\/p>\n<\/li>\n<li>\n<p>Size: 10.4&quot; x 8.7&quot; x 26.8&quot; \/ 26.5 x 22 x 68 cm<\/p>\n<\/li>\n<\/ul>\n<\/div>\n<div style=\"border-left:1px solid rgb(204, 204, 204);padding:0px 15px;padding-bottom:0px;padding-top:0px;padding-left:15px;padding-right:15px;width:33%\">\n<div style=\"width:100%\"><img decoding=\"async\" style=\"width:100%\" width=\"100%\" src=\"https:\/\/d2qc09rl1gfuof.cloudfront.net\/product\/OCS-T-3000KGDZDC1\/crane-scale-a100-3.jpg\" slate-data-type=\"image\"\/><\/div>\n<div style=\"font-size:14px;font-weight:bold;line-height:24px\">Contenu de l&#039;emballage<\/div>\n<ul style=\"font-size:14px;background-color:rgb(243, 243, 243);border:1px solid rgb(204, 204, 204);margin-top:8px;padding:10px 40px;padding-bottom:10px;padding-top:10px;padding-left:40px;padding-right:40px\">\n<li>\n<p>1 x 3000KG Crane Scale (Battery Not Included)<\/p>\n<\/li>\n<li>\n<p>1 x Remote Control<\/p>\n<\/li>\n<li>\n<p>1 x Battery Charger\/Power Plug<\/p>\n<\/li>\n<li>\n<p>1 x Manuel d&#039;utilisation<\/p>\n<\/li>\n<\/ul>\n<\/div>\n<\/div>\n<div>\n<div style=\"font-size:16px;font-weight:bold;line-height:36px\">Caract\u00e9ristiques et d\u00e9tails<\/div>\n<ul style=\"font-size:14px;padding-left:40px\">\n<li>\n<p>Heavy-duty Design: The digital crane scale is made of high-quality aluminum and has high stability. The sturdy steel hook has a strong bearing capacity. Durable housing design makes the scale able to withstand knocks and bumps expected in massive works.<\/p>\n<\/li>\n<li>\n<p>Uncompromising Accuracy: The digital hanging scale with a max capacity of 5000 kg\/11000 LBS, is equipped with an accurate sensor, has high measurement accuracy, and also has the functions of Zero, tare; Hold display.<\/p>\n<\/li>\n<li>\n<p>LCD Screen: Fishing scales feature a large LCD backlight display with unit conversion function, you can choose between pounds and kilograms, and has overload warning and automatic shutdown function.<\/p>\n<\/li>\n<li>\n<p>Simple to Use: No more dealing with large hanging scales. Our fishing scales are simple to operate and compact and can be conveniently placed in the car&#x27;s glove box or packed with your outdoor gear.<\/p>\n<\/li>\n<li>\n<p>Experience the Versatility: The electronic hanging scale will quickly read the weight and is suitable for fishing, hunting, farm or construction sites, or other heavy-duty work.<\/p>\n<\/li>\n<\/ul>\n<\/div>\n<\/div>\n<div class=\"detailmodule_dynamic\"><kse:widget data-widget-type=\"customText\" id=\"1005000000397265\" type=\"custom\"><\/kse:widget><\/div>\n<p><\/p>\n<\/div>\n<\/div>\n<p><\/p>","protected":false},"excerpt":{"rendered":"<p>Hign-concerned Chemical:&nbsp;None Type:&nbsp;Crane Scale Brand Name:&nbsp;VEVOR Origin:&nbsp;Mainland China Product Description 11000LBS\/5000KG Aluminum Digital Crane Scale The digital crane scale is made of high-quality aluminum, which provides high performance and long-term<\/p>","protected":false},"featured_media":25307,"comment_status":"open","ping_status":"closed","template":"","meta":{"_acf_changed":false},"product_brand":[],"product_cat":[517],"product_tag":[],"class_list":{"0":"post-25306","1":"product","2":"type-product","3":"status-publish","4":"has-post-thumbnail","6":"product_cat-electric-lifting-hoists","8":"first","9":"instock","10":"shipping-taxable","11":"purchasable","12":"product-type-variable"},"acf":[],"_links":{"self":[{"href":"https:\/\/electricstore.eu\/fr\/wp-json\/wp\/v2\/product\/25306","targetHints":{"allow":["GET"]}}],"collection":[{"href":"https:\/\/electricstore.eu\/fr\/wp-json\/wp\/v2\/product"}],"about":[{"href":"https:\/\/electricstore.eu\/fr\/wp-json\/wp\/v2\/types\/product"}],"replies":[{"embeddable":true,"href":"https:\/\/electricstore.eu\/fr\/wp-json\/wp\/v2\/comments?post=25306"}],"wp:featuredmedia":[{"embeddable":true,"href":"https:\/\/electricstore.eu\/fr\/wp-json\/wp\/v2\/media\/25307"}],"wp:attachment":[{"href":"https:\/\/electricstore.eu\/fr\/wp-json\/wp\/v2\/media?parent=25306"}],"wp:term":[{"taxonomy":"product_brand","embeddable":true,"href":"https:\/\/electricstore.eu\/fr\/wp-json\/wp\/v2\/product_brand?post=25306"},{"taxonomy":"product_cat","embeddable":true,"href":"https:\/\/electricstore.eu\/fr\/wp-json\/wp\/v2\/product_cat?post=25306"},{"taxonomy":"product_tag","embeddable":true,"href":"https:\/\/electricstore.eu\/fr\/wp-json\/wp\/v2\/product_tag?post=25306"}],"curies":[{"name":"wp","href":"https:\/\/api.w.org\/{rel}","templated":true}]}}