{"id":25065,"date":"2025-05-20T18:44:10","date_gmt":"2025-05-20T18:44:10","guid":{"rendered":"https:\/\/electricstore.eu\/p\/uncategorized\/vevor-4000lbs-electric-winch-with-39ft-7-strands-steel-cable-wireless-wired-remote-control-atv-utv-winch-for-truck-towing\/"},"modified":"2025-05-20T18:48:23","modified_gmt":"2025-05-20T18:48:23","slug":"vevor-4000lbs-electric-winch-with-39ft-7-strands-steel-cable-wireless-wired-remote-control-atv-utv-winch-for-truck-towing","status":"publish","type":"product","link":"https:\/\/electricstore.eu\/fr\/p\/o\/electric-winches\/vevor-4000lbs-electric-winch-with-39ft-7-strands-steel-cable-wireless-wired-remote-control-atv-utv-winch-for-truck-towing\/","title":{"rendered":"Treuil \u00e9lectrique VEVOR 4000 lb avec c\u00e2ble en acier \u00e0 7 brins de 12 m (39 pi), t\u00e9l\u00e9commande sans fil et filaire, pour VTT\/UTV et remorquage de camions"},"content":{"rendered":"<div class=\"product-specs-list-container\">\n<ul class=\"product-specs-list util-clearfix\">\n<li class=\"product-prop line-limit-length\"><span\n                                        class=\"property-title\">Produits chimiques hautement pr\u00e9occupants :&nbsp;<\/span><span\n                                        class=\"property-desc line-limit-length\">Aucun<\/span>\n                            <\/li>\n<li class=\"product-prop line-limit-length\"><span\n                                        class=\"property-title\">Origine:&nbsp;<\/span><span\n                                        class=\"property-desc line-limit-length\">Chine continentale<\/span>\n                            <\/li>\n<li class=\"product-prop line-limit-length\"><span\n                                        class=\"property-title\">Nom de marque :&nbsp;<\/span><span\n                                        class=\"property-desc line-limit-length\">VEVOR<\/span>\n                            <\/li>\n<li class=\"product-prop line-limit-length\"><span\n                                        class=\"property-title\">Num\u00e9ro de mod\u00e8le de l&#039;article :&nbsp;<\/span><span\n                                        class=\"property-desc line-limit-length\">P3000-1C<\/span>\n                            <\/li>\n<li class=\"product-prop line-limit-length\"><span\n                                        class=\"property-title\">Mat\u00e9riau du c\u00e2ble :&nbsp;<\/span><span\n                                        class=\"property-desc line-limit-length\">Acier, 7 brins<\/span>\n                            <\/li>\n<li class=\"product-prop line-limit-length\"><span\n                                        class=\"property-title\">Tension\/puissance :&nbsp;<\/span><span\n                                        class=\"property-desc line-limit-length\">12 V CC\/1,3 CV<\/span>\n                            <\/li>\n<li class=\"product-prop line-limit-length\"><span\n                                        class=\"property-title\">Rapport de transmission :&nbsp;<\/span><span\n                                        class=\"property-desc line-limit-length\">153:1<\/span>\n                            <\/li>\n<li class=\"product-prop line-limit-length\"><span\n                                        class=\"property-title\">Poids net:&nbsp;<\/span><span\n                                        class=\"property-desc line-limit-length\">18,5 lb\/8,4 kg<\/span>\n                            <\/li>\n<\/ul><\/div>\n<div class=\"detailmodule_html\">\n<div class=\"detail-desc-decorate-richtext\">\n<div style=\"font-family:&quot;Open sans&quot;, Arial, Helvetica, sans-serif\">\n<div style=\"font-family:&quot;Open sans&quot;, Arial, Helvetica, sans-serif;font-size:medium;font-weight:400;letter-spacing:normal;text-align:start;white-space:normal;color:rgb(0, 0, 0);margin:0px;margin-bottom:0px;margin-top:0px;margin-left:0px;margin-right:0px;padding:0px;padding-bottom:0px;padding-top:0px;padding-left:0px;padding-right:0px\" align=\"start\"><img decoding=\"async\" style=\"margin:0px;margin-bottom:0px;margin-top:0px;margin-left:0px;margin-right:0px;padding:0px;padding-bottom:0px;padding-top:0px;padding-left:0px;padding-right:0px;max-width:100%;width:918.667px\" width=\"918.667px\" src=\"https:\/\/d2qc09rl1gfuof.cloudfront.net\/vevor\/boutique-banner\/pc\/banner-en.jpg\" slate-data-type=\"image\"\/><\/div>\n<div style=\"font-family:&quot;Open sans&quot;, Arial, Helvetica, sans-serif;font-size:medium;font-weight:400;letter-spacing:normal;text-align:start;white-space:normal;color:rgb(0, 0, 0);margin:0px;margin-bottom:0px;margin-top:0px;margin-left:0px;margin-right:0px;padding:0px;padding-bottom:0px;padding-top:0px;padding-left:0px;padding-right:0px\" align=\"start\">\n<div style=\"font-size:16px;font-weight:bold;text-align:center;color:rgb(34, 34, 34);margin:24px 0px;margin-bottom:24px;margin-top:24px;margin-left:0px;margin-right:0px;padding:0px;padding-bottom:0px;padding-top:0px;padding-left:0px;padding-right:0px\" align=\"center\">Treuil \u00e9lectrique pour VTT de 1814 kg (4000 lb), conqu\u00e9rez tous les terrains en toute confiance<\/div>\n<div style=\"margin:0px;margin-bottom:0px;margin-top:0px;margin-left:0px;margin-right:0px;padding:0px;padding-bottom:0px;padding-top:0px;padding-left:0px;padding-right:0px\"><img decoding=\"async\" style=\"margin:0px;margin-bottom:0px;margin-top:0px;margin-left:0px;margin-right:0px;padding:0px;padding-bottom:0px;padding-top:0px;padding-left:0px;padding-right:0px;max-width:100%;width:918.667px\" width=\"918.667px\" src=\"https:\/\/d2qc09rl1gfuof.cloudfront.net\/product\/ATVGSSJPYXWXEJRPB\/electric-winch-a100-1.4-pt.jpg\" slate-data-type=\"image\"\/><\/div>\n<div style=\"font-size:14px;text-align:center;color:rgb(34, 34, 34);margin:16px 0px 24px;margin-bottom:24px;margin-top:16px;margin-left:0px;margin-right:0px;padding:0px;padding-bottom:0px;padding-top:0px;padding-left:0px;padding-right:0px\" align=\"center\">Notre treuil \u00e9lectrique robuste offre une capacit\u00e9 de traction de 1814 kg et une \u00e9tanch\u00e9it\u00e9 IP55, id\u00e9al pour sortir votre quad ou SSV des bourbiers. Gr\u00e2ce \u00e0 son moteur \u00e0 aimant permanent en cuivre de 12 V CC\/1,3 CV, son rapport de r\u00e9duction de 153:1 et son c\u00e2ble en acier, vous ne resterez jamais longtemps embourb\u00e9.<\/div>\n<\/div>\n<div style=\"font-family:&quot;Open sans&quot;, Arial, Helvetica, sans-serif;font-size:medium;font-weight:400;letter-spacing:normal;text-align:start;white-space:normal;color:rgb(0, 0, 0);margin:0px;margin-bottom:0px;margin-top:0px;margin-left:0px;margin-right:0px;padding:0px;padding-bottom:0px;padding-top:0px;padding-left:0px;padding-right:0px\" align=\"start\">\n<div style=\"margin:8px 0px;margin-bottom:8px;margin-top:8px;margin-left:0px;margin-right:0px;padding:0px;padding-bottom:0px;padding-top:0px;padding-left:0px;padding-right:0px\"><img decoding=\"async\" style=\"margin:0px;margin-bottom:0px;margin-top:0px;margin-left:0px;margin-right:0px;padding:0px;padding-bottom:0px;padding-top:0px;padding-left:0px;padding-right:0px;max-width:100%;width:918.667px\" width=\"918.667px\" src=\"https:\/\/d2qc09rl1gfuof.cloudfront.net\/product\/ATVGSSJPYXWXEJRPB\/electric-winch-a100-2.2-pt.jpg\" slate-data-type=\"image\"\/><\/div>\n<div style=\"font-size:14px;text-align:center;color:rgb(34, 34, 34);margin:16px 0px 24px;margin-bottom:24px;margin-top:16px;margin-left:0px;margin-right:0px;padding:0px;padding-bottom:0px;padding-top:0px;padding-left:0px;padding-right:0px\" align=\"center\">Notre treuil \u00e9lectrique est aliment\u00e9 par un robuste moteur en cuivre de 12 V CC\/1,3 CV, offrant une puissance constante et efficace \u00e0 chaque fois. Gr\u00e2ce \u00e0 un syst\u00e8me d&#039;engrenages plan\u00e9taires avanc\u00e9 et \u00e0 un rapport de d\u00e9multiplication de 153:1, vous b\u00e9n\u00e9ficierez d&#039;une traction fluide et fiable, m\u00eame dans des conditions m\u00e9t\u00e9orologiques difficiles ou dans la boue profonde.<\/div>\n<\/div>\n<div style=\"font-family:&quot;Open sans&quot;, Arial, Helvetica, sans-serif;font-size:medium;font-weight:400;letter-spacing:normal;text-align:start;white-space:normal;color:rgb(0, 0, 0);margin:0px;margin-bottom:0px;margin-top:0px;margin-left:0px;margin-right:0px;padding:0px;padding-bottom:0px;padding-top:0px;padding-left:0px;padding-right:0px\" align=\"start\">\n<div style=\"margin:8px 0px;margin-bottom:8px;margin-top:8px;margin-left:0px;margin-right:0px;padding:0px;padding-bottom:0px;padding-top:0px;padding-left:0px;padding-right:0px\"><img decoding=\"async\" style=\"margin:0px;margin-bottom:0px;margin-top:0px;margin-left:0px;margin-right:0px;padding:0px;padding-bottom:0px;padding-top:0px;padding-left:0px;padding-right:0px;max-width:100%;width:918.667px\" width=\"918.667px\" src=\"https:\/\/d2qc09rl1gfuof.cloudfront.net\/product\/ATVGSSJPYXWXEJRPB\/electric-winch-a100-2.3-pt.jpg\" slate-data-type=\"image\"\/><\/div>\n<div style=\"font-size:14px;text-align:center;color:rgb(34, 34, 34);margin:16px 0px 24px;margin-bottom:24px;margin-top:16px;margin-left:0px;margin-right:0px;padding:0px;padding-bottom:0px;padding-top:0px;padding-left:0px;padding-right:0px\" align=\"center\">Notre treuil pour VTT est \u00e9quip\u00e9 d&#039;un c\u00e2ble de haute qualit\u00e9, dont les cinq derniers rouleaux sont marqu\u00e9s en rouge pour plus de s\u00e9curit\u00e9. Il b\u00e9n\u00e9ficie d&#039;un indice d&#039;\u00e9tanch\u00e9it\u00e9 IP55 et d&#039;une finition noire mate robuste, lui permettant de r\u00e9sister sans probl\u00e8me aux fortes pluies et aux conditions difficiles.<\/div>\n<\/div>\n<div style=\"font-family:&quot;Open sans&quot;, Arial, Helvetica, sans-serif;font-size:medium;font-weight:400;letter-spacing:normal;text-align:start;white-space:normal;color:rgb(0, 0, 0);margin:0px;margin-bottom:0px;margin-top:0px;margin-left:0px;margin-right:0px;padding:0px;padding-bottom:0px;padding-top:0px;padding-left:0px;padding-right:0px\" align=\"start\">\n<div style=\"margin:8px 0px;margin-bottom:8px;margin-top:8px;margin-left:0px;margin-right:0px;padding:0px;padding-bottom:0px;padding-top:0px;padding-left:0px;padding-right:0px\"><img decoding=\"async\" style=\"margin:0px;margin-bottom:0px;margin-top:0px;margin-left:0px;margin-right:0px;padding:0px;padding-bottom:0px;padding-top:0px;padding-left:0px;padding-right:0px;max-width:100%;width:918.667px\" width=\"918.667px\" src=\"https:\/\/d2qc09rl1gfuof.cloudfront.net\/product\/ATVGSSJPYXWXEJRPB\/electric-winch-a100-2.4-pt.jpg\" slate-data-type=\"image\"\/><\/div>\n<div style=\"font-size:14px;text-align:center;color:rgb(34, 34, 34);margin:16px 0px 24px;margin-bottom:24px;margin-top:16px;margin-left:0px;margin-right:0px;padding:0px;padding-bottom:0px;padding-top:0px;padding-left:0px;padding-right:0px\" align=\"center\">Con\u00e7u pour relever les d\u00e9fis les plus difficiles, notre c\u00e2ble de treuil pour UTV r\u00e9siste aux intemp\u00e9ries et aux temp\u00e9ratures extr\u00eames, facilitant ainsi diverses t\u00e2ches de traction sans rupture, \u00e0 sa capacit\u00e9 nominale. De plus, gr\u00e2ce \u00e0 des marquages de charge clairs sur chaque couche, vous b\u00e9n\u00e9ficiez d&#039;une int\u00e9grit\u00e9 du mat\u00e9riau et d&#039;une s\u00e9curit\u00e9 de traction sup\u00e9rieures.<\/div>\n<\/div>\n<div style=\"font-family:&quot;Open sans&quot;, Arial, Helvetica, sans-serif;font-size:medium;font-weight:400;letter-spacing:normal;text-align:start;white-space:normal;color:rgb(0, 0, 0);margin:0px;margin-bottom:0px;margin-top:0px;margin-left:0px;margin-right:0px;padding:0px;padding-bottom:0px;padding-top:0px;padding-left:0px;padding-right:0px\" align=\"start\">\n<div style=\"margin:8px 0px;margin-bottom:8px;margin-top:8px;margin-left:0px;margin-right:0px;padding:0px;padding-bottom:0px;padding-top:0px;padding-left:0px;padding-right:0px\"><img decoding=\"async\" style=\"margin:0px;margin-bottom:0px;margin-top:0px;margin-left:0px;margin-right:0px;padding:0px;padding-bottom:0px;padding-top:0px;padding-left:0px;padding-right:0px;max-width:100%;width:918.667px\" width=\"918.667px\" src=\"https:\/\/d2qc09rl1gfuof.cloudfront.net\/product\/ATVGSSJPYXWXEJRPB\/electric-winch-a100-2.5-pt.jpg\" slate-data-type=\"image\"\/><\/div>\n<div style=\"font-size:14px;text-align:center;color:rgb(34, 34, 34);margin:16px 0px 24px;margin-bottom:24px;margin-top:16px;margin-left:0px;margin-right:0px;padding:0px;padding-bottom:0px;padding-top:0px;padding-left:0px;padding-right:0px\" align=\"center\">Dites adieu aux c\u00e2bles encombrants\u00a0! Notre treuil 12\u00a0volts est \u00e9quip\u00e9 de c\u00e2bles d&#039;alimentation \u00e0 code couleur pour une installation rapide et sans erreur. Gr\u00e2ce \u00e0 la t\u00e9l\u00e9commande filaire, il suffit de brancher les c\u00e2bles d&#039;alimentation et vous \u00eates pr\u00eat pour une r\u00e9cup\u00e9ration fluide et efficace de votre v\u00e9hicule.<\/div>\n<\/div>\n<div style=\"font-family:&quot;Open sans&quot;, Arial, Helvetica, sans-serif;font-size:medium;font-weight:400;letter-spacing:normal;text-align:start;white-space:normal;color:rgb(0, 0, 0);margin:16px 0px 24px;margin-bottom:24px;margin-top:16px;margin-left:0px;margin-right:0px;padding:0px;padding-bottom:0px;padding-top:0px;padding-left:0px;padding-right:0px\" align=\"start\"><\/div>\n<div style=\"font-family:&quot;Open sans&quot;, Arial, Helvetica, sans-serif;font-size:medium;font-weight:400;letter-spacing:normal;text-align:start;white-space:normal;color:rgb(0, 0, 0);margin:24px 0px;margin-bottom:24px;margin-top:24px;margin-left:0px;margin-right:0px;padding:0px;padding-bottom:0px;padding-top:0px;padding-left:0px;padding-right:0px\" align=\"start\">\n<div style=\"font-size:16px;font-weight:bold;color:rgb(34, 34, 34);margin:24px 0px 16px;margin-bottom:16px;margin-top:24px;margin-left:0px;margin-right:0px;padding:0px;padding-bottom:0px;padding-top:0px;padding-left:0px;padding-right:0px\">Caract\u00e9ristiques et d\u00e9tails<\/div>\n<ul style=\"margin:16px 0px 24px;margin-bottom:24px;margin-top:16px;margin-left:0px;margin-right:0px;padding:0px;padding-bottom:0px;padding-top:0px;padding-left:0px;padding-right:0px\">\n<li style=\"font-size:14px;color:rgb(34, 34, 34);margin:0px;margin-bottom:0px;margin-top:0px;margin-left:0px;margin-right:0px;padding:0px;padding-bottom:0px;padding-top:0px;padding-left:0px;padding-right:0px\">\n<p>Un atout de taille pour votre v\u00e9hicule\u00a0: con\u00e7u sp\u00e9cifiquement pour le d\u00e9pannage hors route, notre treuil \u00e9lectrique robuste offre une capacit\u00e9 de traction impressionnante de 1\u00a0814\u00a0kg (4\u00a0000\u00a0lb). Si votre v\u00e9hicule est embourb\u00e9 ou pris sous une averse torrentielle, ce treuil vous fournit la puissance n\u00e9cessaire pour reprendre rapidement la route. Id\u00e9al pour le remorquage de petits v\u00e9hicules comme les quads et les SSV, il vous permet de poursuivre vos aventures sans interruption.<\/p>\n<\/li>\n<li style=\"font-size:14px;color:rgb(34, 34, 34);margin:0px;margin-bottom:0px;margin-top:0px;margin-left:0px;margin-right:0px;padding:0px;padding-bottom:0px;padding-top:0px;padding-left:0px;padding-right:0px\">\n<p>Une puissance qui vous d\u00e9panne : Notre treuil pour VTT est \u00e9quip\u00e9 d&#039;un robuste moteur \u00e0 aimant permanent en cuivre de 12 V CC\/1,3 CV, fournissant une puissance continue et efficace lorsque vous en avez le plus besoin. Son syst\u00e8me d&#039;engrenages plan\u00e9taires avanc\u00e9 et son rapport de d\u00e9multiplication de 153:1 garantissent une traction fiable et puissante. Que vous soyez confront\u00e9 \u00e0 des conditions m\u00e9t\u00e9orologiques difficiles ou \u00e0 la boue profonde, ce treuil est l\u00e0 pour vous aider \u00e0 d\u00e9panner votre v\u00e9hicule sans effort et en toute fiabilit\u00e9.<\/p>\n<\/li>\n<li style=\"font-size:14px;color:rgb(34, 34, 34);margin:0px;margin-bottom:0px;margin-top:0px;margin-left:0px;margin-right:0px;padding:0px;padding-bottom:0px;padding-top:0px;padding-left:0px;padding-right:0px\">\n<p>C\u00e2ble en acier robuste : Pr\u00e9parez-vous \u00e0 des performances robustes avec notre c\u00e2ble en acier robuste \u00e0 7 brins. Con\u00e7u pour r\u00e9sister aux conditions climatiques difficiles et aux temp\u00e9ratures extr\u00eames, ce c\u00e2ble en acier est robuste et r\u00e9sistera \u00e0 tous les d\u00e9fis. De plus, les marquages rouges vifs sur les 5 derniers rouleaux offrent une visibilit\u00e9 optimale, garantissant s\u00e9curit\u00e9 et durabilit\u00e9, quelle que soit la difficult\u00e9 du travail.<\/p>\n<\/li>\n<li style=\"font-size:14px;color:rgb(34, 34, 34);margin:0px;margin-bottom:0px;margin-top:0px;margin-left:0px;margin-right:0px;padding:0px;padding-bottom:0px;padding-top:0px;padding-left:0px;padding-right:0px\">\n<p>Simplicit\u00e9 d&#039;utilisation et fonctionnement sans tracas\u00a0: notre petit treuil offre des options de t\u00e9l\u00e9commande sans fil et filaire pour r\u00e9pondre \u00e0 vos besoins. La t\u00e9l\u00e9commande sans fil, facile \u00e0 utiliser, vous permet de r\u00e9cup\u00e9rer votre v\u00e9hicule sans effort dans un rayon de 20\u00a0m, tandis que la t\u00e9l\u00e9commande filaire offre une alternative fiable pour un contr\u00f4le pr\u00e9cis et manuel. Profitez de la flexibilit\u00e9 et du confort des deux modes de commande pour une r\u00e9cup\u00e9ration de v\u00e9hicule aussi simple que possible.<\/p>\n<\/li>\n<li style=\"font-size:14px;color:rgb(34, 34, 34);margin:0px;margin-bottom:0px;margin-top:0px;margin-left:0px;margin-right:0px;padding:0px;padding-bottom:0px;padding-top:0px;padding-left:0px;padding-right:0px\">\n<p>Remorquage en toute tranquillit\u00e9\u00a0: M\u00e9t\u00e9o capricieuse\u00a0? Aucun probl\u00e8me\u00a0! Notre treuil \u00e9lectrique est dot\u00e9 d&#039;un indice d&#039;\u00e9tanch\u00e9it\u00e9 IP55 et d&#039;une \u00e9l\u00e9gante finition noire mate qui renforce sa r\u00e9sistance \u00e0 la rouille et son isolation. Il est pr\u00eat \u00e0 affronter les fortes pluies, la boue et autres environnements difficiles. Gr\u00e2ce \u00e0 ses c\u00e2bles d&#039;alimentation \u00e0 code couleur et \u00e0 ses instructions faciles \u00e0 suivre, l&#039;installation se fait sans accroc et vous pouvez enfin profiter pleinement de votre voyage.<\/p>\n<\/li>\n<\/ul>\n<\/div>\n<div style=\"font-family:&quot;Open sans&quot;, Arial, Helvetica, sans-serif;font-size:medium;font-weight:400;letter-spacing:normal;text-align:start;white-space:normal;color:rgb(0, 0, 0);margin:0px;margin-bottom:0px;margin-top:0px;margin-left:0px;margin-right:0px;padding:0px;padding-bottom:0px;padding-top:0px;padding-left:0px;padding-right:0px\" align=\"start\">\n<div style=\"margin:0px;margin-bottom:0px;margin-top:0px;margin-left:0px;margin-right:0px;padding:0px;padding-bottom:0px;padding-top:0px;padding-left:0px;padding-right:0px\">\n<div style=\"margin:16px 0px 24px;margin-bottom:24px;margin-top:16px;margin-left:0px;margin-right:0px;padding:0px;padding-bottom:0px;padding-top:0px;padding-left:0px;padding-right:0px\"><img decoding=\"async\" style=\"margin:0px;margin-bottom:0px;margin-top:0px;margin-left:0px;margin-right:0px;padding:0px;padding-bottom:0px;padding-top:0px;padding-left:0px;padding-right:0px;max-width:100%;width:918.667px\" width=\"918.667px\" src=\"https:\/\/d2qc09rl1gfuof.cloudfront.net\/product\/ATVGSSJPYXWXEJRPB\/electric-winch-a100-1.11-pt.jpg\" slate-data-type=\"image\"\/><\/div>\n<\/div>\n<\/div>\n<div>\n<p><\/p>\n<\/div>\n<\/div>\n<\/div>\n<\/div>\n<p><\/p>","protected":false},"excerpt":{"rendered":"<p>Hign-concerned Chemical:&nbsp;None Origin:&nbsp;Mainland China Brand Name:&nbsp;VEVOR Item Model Number:&nbsp;P3000-1C Cable Material:&nbsp;Steel, 7 Strands Voltage\/Horsepower:&nbsp;12V DC\/1.3 HP Gear Ratio:&nbsp;153:1 Net Weight:&nbsp;18.5 lbs\/8.4 kg 4000 lbs ATV Electric Winch, Conquer any terrain<\/p>","protected":false},"featured_media":25066,"comment_status":"open","ping_status":"closed","template":"","meta":{"_acf_changed":false},"product_brand":[],"product_cat":[522],"product_tag":[],"class_list":{"0":"post-25065","1":"product","2":"type-product","3":"status-publish","4":"has-post-thumbnail","6":"product_cat-electric-winches","8":"first","9":"instock","10":"shipping-taxable","11":"purchasable","12":"product-type-variable"},"acf":[],"_links":{"self":[{"href":"https:\/\/electricstore.eu\/fr\/wp-json\/wp\/v2\/product\/25065","targetHints":{"allow":["GET"]}}],"collection":[{"href":"https:\/\/electricstore.eu\/fr\/wp-json\/wp\/v2\/product"}],"about":[{"href":"https:\/\/electricstore.eu\/fr\/wp-json\/wp\/v2\/types\/product"}],"replies":[{"embeddable":true,"href":"https:\/\/electricstore.eu\/fr\/wp-json\/wp\/v2\/comments?post=25065"}],"wp:featuredmedia":[{"embeddable":true,"href":"https:\/\/electricstore.eu\/fr\/wp-json\/wp\/v2\/media\/25066"}],"wp:attachment":[{"href":"https:\/\/electricstore.eu\/fr\/wp-json\/wp\/v2\/media?parent=25065"}],"wp:term":[{"taxonomy":"product_brand","embeddable":true,"href":"https:\/\/electricstore.eu\/fr\/wp-json\/wp\/v2\/product_brand?post=25065"},{"taxonomy":"product_cat","embeddable":true,"href":"https:\/\/electricstore.eu\/fr\/wp-json\/wp\/v2\/product_cat?post=25065"},{"taxonomy":"product_tag","embeddable":true,"href":"https:\/\/electricstore.eu\/fr\/wp-json\/wp\/v2\/product_tag?post=25065"}],"curies":[{"name":"wp","href":"https:\/\/api.w.org\/{rel}","templated":true}]}}