{"id":25039,"date":"2025-05-20T18:44:05","date_gmt":"2025-05-20T18:44:05","guid":{"rendered":"https:\/\/electricstore.eu\/p\/uncategorized\/vevor-come-along-winch-2-4-5-ton-pulling-capacity-heavy-duty-ratchet-automotive-hoist-power-cable-puller-for-vehicle-rescue\/"},"modified":"2025-05-20T18:48:06","modified_gmt":"2025-05-20T18:48:06","slug":"vevor-come-along-winch-2-4-5-ton-pulling-capacity-heavy-duty-ratchet-automotive-hoist-power-cable-puller-for-vehicle-rescue","status":"publish","type":"product","link":"https:\/\/electricstore.eu\/fr\/p\/o\/electric-lifting-hoists\/vevor-come-along-winch-2-4-5-ton-pulling-capacity-heavy-duty-ratchet-automotive-hoist-power-cable-puller-for-vehicle-rescue\/","title":{"rendered":"Treuil \u00e0 cliquet robuste VEVOR, capacit\u00e9 de traction de 2\/4\/5 tonnes, pour automobile, extracteur de c\u00e2ble d&#039;alimentation pour le sauvetage des v\u00e9hicules"},"content":{"rendered":"<div class=\"product-specs-list-container\">\n<ul class=\"product-specs-list util-clearfix\">\n<li class=\"product-prop line-limit-length\"><span\n                                        class=\"property-title\">Produits chimiques hautement pr\u00e9occupants :&nbsp;<\/span><span\n                                        class=\"property-desc line-limit-length\">Aucun<\/span>\n                            <\/li>\n<li class=\"product-prop line-limit-length\"><span\n                                        class=\"property-title\">Origine:&nbsp;<\/span><span\n                                        class=\"property-desc line-limit-length\">Chine continentale<\/span>\n                            <\/li>\n<li class=\"product-prop line-limit-length\"><span\n                                        class=\"property-title\">Nom de marque :&nbsp;<\/span><span\n                                        class=\"property-desc line-limit-length\">VEVOR<\/span>\n                            <\/li>\n<li class=\"product-prop line-limit-length\"><span\n                                        class=\"property-title\">Marque:&nbsp;<\/span><span\n                                        class=\"property-desc line-limit-length\">VEVOR<\/span>\n                            <\/li>\n<li class=\"product-prop line-limit-length\"><span\n                                        class=\"property-title\">Capacit\u00e9 de charge maximale :&nbsp;<\/span><span\n                                        class=\"property-desc line-limit-length\">2\/4\/5T<\/span>\n                            <\/li>\n<li class=\"product-prop line-limit-length\"><span\n                                        class=\"property-title\">Fonctionnalit\u00e9 1\u00a0:&nbsp;<\/span><span\n                                        class=\"property-desc line-limit-length\">Avec 2 crochets<\/span>\n                            <\/li>\n<li class=\"product-prop line-limit-length\"><span\n                                        class=\"property-title\">Fonctionnalit\u00e9 2\u00a0:&nbsp;<\/span><span\n                                        class=\"property-desc line-limit-length\">Treuil Come Along<\/span>\n                            <\/li>\n<li class=\"product-prop line-limit-length\"><span\n                                        class=\"property-title\">Fonctionnalit\u00e9 3\u00a0:&nbsp;<\/span><span\n                                        class=\"property-desc line-limit-length\">Treuil \u00e0 cliquet pour palan automobile, extracteur de c\u00e2ble d&#039;alimentation<\/span>\n                            <\/li>\n<li class=\"product-prop line-limit-length\"><span\n                                        class=\"property-title\">Fonctionnalit\u00e9 4\u00a0:&nbsp;<\/span><span\n                                        class=\"property-desc line-limit-length\">pour le d\u00e9pannage de v\u00e9hicules<\/span>\n                            <\/li>\n<\/ul><\/div>\n<div class=\"detailmodule_html\">\n<div class=\"detail-desc-decorate-richtext\">\n<div class=\"detailmodule_dynamic\"><kse:widget data-widget-type=\"customText\" id=\"1005000000572806\" type=\"relation\"><\/kse:widget><\/div>\n<div style=\"font-family:&quot;Open sans&quot;, Arial, Helvetica, sans-serif\">\n<div><img decoding=\"async\" style=\"width:100%\" width=\"100%\" src=\"https:\/\/d2qc09rl1gfuof.cloudfront.net\/vevor\/boutique-banner\/pc\/banner-en.jpg\" slate-data-type=\"image\"\/><\/div>\n<div>\n<div><\/div>\n<p style=\"text-align:center\" align=\"center\"><span style=\"color:rgb(15, 17, 17);font-size:26px;font-family:Arial\">Votre partenaire privil\u00e9gi\u00e9 pour les travaux de remorquage et de transport<\/span><\/p>\n<div><img decoding=\"async\" style=\"width:100%\" width=\"100%\" src=\"https:\/\/d2qc09rl1gfuof.cloudfront.net\/product\/GSSJXQ2T13YCZS88W\/power-puller-a100-1.4.jpg\" slate-data-type=\"image\"\/><\/div>\n<div style=\"font-size:14px;text-align:center;color:rgb(34, 34, 34);margin:16px 0px 24px;margin-bottom:24px;margin-top:16px;margin-left:0px;margin-right:0px\" align=\"center\"><span style=\"color:rgb(15, 17, 17);font-size:20px;font-family:Arial\">Besoin d&#039;une force de traction impressionnante\u00a0? L&#039;extracteur de force VEVOR est l\u00e0 pour vous. Gr\u00e2ce \u00e0 sa conception monobloc robuste, il glisse sans effort pour s\u00e9curiser tout ce que vous d\u00e9placez. Id\u00e9al pour le d\u00e9pannage de v\u00e9hicules, le transport de mat\u00e9riaux, l&#039;enl\u00e8vement de souches ou le d\u00e9m\u00e9nagement de meubles, il r\u00e9pond \u00e0 tous vos besoins urgents\u00a0!<\/span><\/div>\n<\/div>\n<div>\n<div style=\"margin:8px 0px;margin-bottom:8px;margin-top:8px;margin-left:0px;margin-right:0px\"><img decoding=\"async\" style=\"width:100%\" width=\"100%\" src=\"https:\/\/d2qc09rl1gfuof.cloudfront.net\/product\/GSSJXQ2T13YCZS88W\/power-puller-a100-2.2.jpg\" slate-data-type=\"image\"\/><\/div>\n<div style=\"font-size:14px;text-align:center;color:rgb(34, 34, 34);margin:16px 0px 24px;margin-bottom:24px;margin-top:16px;margin-left:0px;margin-right:0px\" align=\"center\"><span style=\"color:rgb(15, 17, 17);font-size:20px;font-family:Arial\">Cet extracteur \u00e0 cliquet est fourni avec un c\u00e2ble en acier au carbone de qualit\u00e9 industrielle. Sa conception lui conf\u00e8re une durabilit\u00e9 et une r\u00e9sistance \u00e0 l&#039;usure accrues, vous permettant ainsi de tirer et de transporter des charges pendant de nombreuses ann\u00e9es.<\/span><\/div>\n<\/div>\n<div>\n<div style=\"margin:8px 0px;margin-bottom:8px;margin-top:8px;margin-left:0px;margin-right:0px\"><img decoding=\"async\" style=\"width:100%\" width=\"100%\" src=\"https:\/\/d2qc09rl1gfuof.cloudfront.net\/product\/GSSJXQ2T13YCZS88W\/power-puller-a100-2.3.jpg\" slate-data-type=\"image\"\/><\/div>\n<\/div>\n<div>\n<div style=\"text-align:center;margin:8px 0px;margin-bottom:8px;margin-top:8px;margin-left:0px;margin-right:0px\" align=\"center\"><span style=\"color:rgb(15, 17, 17);font-size:20px;font-family:Arial\">Dites adieu aux engrenages empil\u00e9s traditionnels qui se bloquent et rouillent. La conception monobloc \u00e0 double engrenage de notre tire-c\u00e2ble assure un d\u00e9roulement fluide du c\u00e2ble et une robustesse durable. Voil\u00e0 ce qu&#039;on appelle l&#039;efficacit\u00e9\u00a0!<\/span><\/div>\n<div style=\"margin:8px 0px;margin-bottom:8px;margin-top:8px;margin-left:0px;margin-right:0px\"><img decoding=\"async\" style=\"width:100%\" width=\"100%\" src=\"https:\/\/d2qc09rl1gfuof.cloudfront.net\/product\/GSSJXQ2T13YCZS88W\/power-puller-a100-2.4.jpg\" slate-data-type=\"image\"\/><\/div>\n<\/div>\n<div>\n<div style=\"text-align:center;margin:8px 0px;margin-bottom:8px;margin-top:8px;margin-left:0px;margin-right:0px\" align=\"center\"><span style=\"color:rgb(15, 17, 17);font-size:20px;font-family:Arial\">Compos\u00e9 de composants robustes et r\u00e9sistants, cet outil d&#039;extraction \u00e0 cliquet vous offre une solution plus s\u00fbre et plus durable pour tous vos besoins de remorquage et de transport.<\/span><\/div>\n<div style=\"margin:8px 0px;margin-bottom:8px;margin-top:8px;margin-left:0px;margin-right:0px\"><img decoding=\"async\" style=\"width:100%\" width=\"100%\" src=\"https:\/\/d2qc09rl1gfuof.cloudfront.net\/product\/GSSJXQ2T13YCZS88W\/power-puller-a100-2.5.jpg\" slate-data-type=\"image\"\/><\/div>\n<\/div>\n<div style=\"margin:24px 0px;margin-bottom:24px;margin-top:24px;margin-left:0px;margin-right:0px\">\n<div style=\"font-size:16px;font-weight:bold;text-align:center;color:rgb(34, 34, 34);margin:24px 0px 16px;margin-bottom:16px;margin-top:24px;margin-left:0px;margin-right:0px\" align=\"center\"><span style=\"color:rgb(15, 17, 17);font-size:20px;font-family:Arial\">Pourquoi se fatiguer quand on peut glisser ? La poign\u00e9e allong\u00e9e de notre treuil manuel permet de tendre la corde sans effort, d&#039;une seule main ! Sa prise antid\u00e9rapante assure une manipulation ais\u00e9e et sans maladresse.<\/span><\/div>\n<div style=\"font-size:16px;font-weight:bold;color:rgb(34, 34, 34);margin:24px 0px 16px;margin-bottom:16px;margin-top:24px;margin-left:0px;margin-right:0px\">Caract\u00e9ristiques et d\u00e9tails<\/div>\n<ul style=\"margin:16px 0px 24px;margin-bottom:24px;margin-top:16px;margin-left:0px;margin-right:0px\">\n<li style=\"font-size:14px;color:rgb(34, 34, 34)\">\n<p>Capacit\u00e9 de charge de 2 tonnes\u00a0: Pr\u00eat \u00e0 relever les d\u00e9fis les plus exigeants\u00a0? B\u00e9n\u00e9ficiez d&#039;une traction puissante et s\u00e9curis\u00e9e gr\u00e2ce \u00e0 notre extracteur de charge d&#039;une capacit\u00e9 de 2 tonnes (4\u00a0409 lb). Id\u00e9al pour toutes les t\u00e2ches, du d\u00e9pannage de v\u00e9hicules au d\u00e9m\u00e9nagement de meubles, cet outil est un v\u00e9ritable atout pour les professionnels polyvalents\u00a0!<\/p>\n<\/li>\n<li style=\"font-size:14px;color:rgb(34, 34, 34)\">\n<p>C\u00e2ble en acier de 3,65 m\u00a0: Le c\u00e2ble de notre tire-c\u00e2ble \u00e0 cliquet est fabriqu\u00e9 en acier de haute qualit\u00e9 et torsad\u00e9 en plusieurs brins pour une r\u00e9sistance et une durabilit\u00e9 optimales. Il supporte les tractions les plus intenses sans se d\u00e9tendre, se tordre ni s\u2019emm\u00ealer, pour un travail simplifi\u00e9\u00a0!<\/p>\n<\/li>\n<li style=\"font-size:14px;color:rgb(34, 34, 34)\">\n<p>Structure \u00e0 double engrenage int\u00e9gr\u00e9e\u00a0: fonctionnement fluide et sans blocage\u00a0? Absolument\u00a0! Notre treuil \u00e0 c\u00e2ble est dot\u00e9 d\u2019une structure monobloc unique \u00e0 double engrenage. Dites adieu aux blocages et \u00e0 la rouille des syst\u00e8mes d\u2019engrenages traditionnels.<\/p>\n<\/li>\n<li style=\"font-size:14px;color:rgb(34, 34, 34)\">\n<p>Fini les c\u00e2bles qui glissent\u00a0! Le m\u00e9canisme anti-retour de notre palan garantit le bon d\u00e9roulement de vos t\u00e2ches, sans retour en arri\u00e8re ni jeu dans le c\u00e2ble. Et ces loquets \u00e0 ressort int\u00e9gr\u00e9s aux crochets\u00a0? La cerise sur le g\u00e2teau\u00a0! Ils assurent un maintien parfait de la charge.<\/p>\n<\/li>\n<li style=\"font-size:14px;color:rgb(34, 34, 34)\">\n<p>Un outil indispensable \u00e0 une main\u00a0: Marre des m\u00e9canismes compliqu\u00e9s\u00a0? Notre extracteur \u00e0 cliquet est dot\u00e9 d&#039;une poign\u00e9e allong\u00e9e pour un extracteur facile \u00e0 utiliser\u00a0: un simple mouvement de va-et-vient d&#039;une seule main, et le tour est jou\u00e9\u00a0! De plus, sa poign\u00e9e caoutchout\u00e9e vous assure confort et s\u00e9curit\u00e9.<\/p>\n<\/li>\n<\/ul>\n<\/div>\n<div>\n<div>\n<div style=\"margin:16px 0px 24px;margin-bottom:24px;margin-top:16px;margin-left:0px;margin-right:0px\"><strong>2T<\/strong><\/div>\n<div style=\"margin:16px 0px 24px;margin-bottom:24px;margin-top:16px;margin-left:0px;margin-right:0px\"><img decoding=\"async\" style=\"width:100%\" width=\"100%\" src=\"https:\/\/d2qc09rl1gfuof.cloudfront.net\/product\/GSSJXQ2T13YCZS88W\/power-puller-a100-1.11.jpg\" slate-data-type=\"image\"\/><\/div>\n<\/div>\n<\/div>\n<div>\n<div>\n<div style=\"margin:16px 0px 24px;margin-bottom:24px;margin-top:16px;margin-left:0px;margin-right:0px\"><strong>5T<\/strong><\/div>\n<div style=\"margin:16px 0px 24px;margin-bottom:24px;margin-top:16px;margin-left:0px;margin-right:0px\"><img decoding=\"async\" style=\"width:100%\" width=\"100%\" src=\"https:\/\/d2qc09rl1gfuof.cloudfront.net\/product\/GSSJXQ5T13YC77Z63\/power-puller-a100-1.11.jpg\" slate-data-type=\"image\"\/><\/div>\n<\/div>\n<\/div>\n<div>\n<div>\n<div style=\"margin:16px 0px 24px;margin-bottom:24px;margin-top:16px;margin-left:0px;margin-right:0px\"><strong>4T<\/strong><\/div>\n<div style=\"margin:16px 0px 24px;margin-bottom:24px;margin-top:16px;margin-left:0px;margin-right:0px\"><img decoding=\"async\" style=\"width:100%\" width=\"100%\" src=\"https:\/\/d2qc09rl1gfuof.cloudfront.net\/product\/GSSJXQ4T13YCXN5I5\/power-puller-a100-1.11.jpg\" slate-data-type=\"image\"\/><\/div>\n<\/div>\n<\/div>\n<\/div>\n<div class=\"detailmodule_dynamic\"><kse:widget data-widget-type=\"customText\" id=\"1005000000397265\" type=\"custom\"><\/kse:widget><\/div>\n<p><\/p>\n<\/div>\n<\/div>\n<p><\/p>","protected":false},"excerpt":{"rendered":"<p>Hign-concerned Chemical:&nbsp;None Origin:&nbsp;Mainland China Brand Name:&nbsp;VEVOR Brand:&nbsp;VEVOR Max Load Capacity:&nbsp;2\/4\/5T Feature 1:&nbsp;With 2 Hooks Feature 2:&nbsp;Come Along Winch Feature 3:&nbsp;Ratchet Automotive Hoist Power Cable Puller Feature 4:&nbsp;for Vehicle Rescue Your<\/p>","protected":false},"featured_media":25040,"comment_status":"open","ping_status":"closed","template":"","meta":{"_acf_changed":false},"product_brand":[],"product_cat":[517],"product_tag":[],"class_list":{"0":"post-25039","1":"product","2":"type-product","3":"status-publish","4":"has-post-thumbnail","6":"product_cat-electric-lifting-hoists","8":"first","9":"instock","10":"shipping-taxable","11":"purchasable","12":"product-type-variable"},"acf":[],"_links":{"self":[{"href":"https:\/\/electricstore.eu\/fr\/wp-json\/wp\/v2\/product\/25039","targetHints":{"allow":["GET"]}}],"collection":[{"href":"https:\/\/electricstore.eu\/fr\/wp-json\/wp\/v2\/product"}],"about":[{"href":"https:\/\/electricstore.eu\/fr\/wp-json\/wp\/v2\/types\/product"}],"replies":[{"embeddable":true,"href":"https:\/\/electricstore.eu\/fr\/wp-json\/wp\/v2\/comments?post=25039"}],"wp:featuredmedia":[{"embeddable":true,"href":"https:\/\/electricstore.eu\/fr\/wp-json\/wp\/v2\/media\/25040"}],"wp:attachment":[{"href":"https:\/\/electricstore.eu\/fr\/wp-json\/wp\/v2\/media?parent=25039"}],"wp:term":[{"taxonomy":"product_brand","embeddable":true,"href":"https:\/\/electricstore.eu\/fr\/wp-json\/wp\/v2\/product_brand?post=25039"},{"taxonomy":"product_cat","embeddable":true,"href":"https:\/\/electricstore.eu\/fr\/wp-json\/wp\/v2\/product_cat?post=25039"},{"taxonomy":"product_tag","embeddable":true,"href":"https:\/\/electricstore.eu\/fr\/wp-json\/wp\/v2\/product_tag?post=25039"}],"curies":[{"name":"wp","href":"https:\/\/api.w.org\/{rel}","templated":true}]}}