{"id":24974,"date":"2025-05-20T18:43:39","date_gmt":"2025-05-20T18:43:39","guid":{"rendered":"https:\/\/electricstore.eu\/p\/uncategorized\/vevor-2200-lbs-electric-chain-hoist-single-phase-overhead-lifting-crane-with-chain-10-ft-wired-remote-control-for-garage\/"},"modified":"2025-05-20T18:46:42","modified_gmt":"2025-05-20T18:46:42","slug":"vevor-2200-lbs-electric-chain-hoist-single-phase-overhead-lifting-crane-with-chain-10-ft-wired-remote-control-for-garage","status":"publish","type":"product","link":"https:\/\/electricstore.eu\/fr\/p\/o\/electric-lifting-hoists\/vevor-2200-lbs-electric-chain-hoist-single-phase-overhead-lifting-crane-with-chain-10-ft-wired-remote-control-for-garage\/","title":{"rendered":"Palan \u00e9lectrique \u00e0 cha\u00eene VEVOR 2200 lb, monophas\u00e9, avec cha\u00eene de 3 m et t\u00e9l\u00e9commande filaire pour garage"},"content":{"rendered":"<div class=\"product-specs-list-container\">\n<ul class=\"product-specs-list util-clearfix\">\n<li class=\"product-prop line-limit-length\"><span\n                                        class=\"property-title\">Produits chimiques hautement pr\u00e9occupants :&nbsp;<\/span><span\n                                        class=\"property-desc line-limit-length\">Aucun<\/span>\n                            <\/li>\n<li class=\"product-prop line-limit-length\"><span\n                                        class=\"property-title\">Num\u00e9ro de mod\u00e8le :&nbsp;<\/span><span\n                                        class=\"property-desc line-limit-length\">H10<\/span>\n                            <\/li>\n<li class=\"product-prop line-limit-length\"><span\n                                        class=\"property-title\">Origine:&nbsp;<\/span><span\n                                        class=\"property-desc line-limit-length\">Chine continentale<\/span>\n                            <\/li>\n<li class=\"product-prop line-limit-length\"><span\n                                        class=\"property-title\">Nom de marque :&nbsp;<\/span><span\n                                        class=\"property-desc line-limit-length\">VEVOR<\/span>\n                            <\/li>\n<\/ul><\/div>\n<div class=\"detailmodule_html\">\n<div class=\"detail-desc-decorate-richtext\">\n<div style=\"font-family:&quot;Open sans&quot;, Arial, Helvetica, sans-serif\">\n<div><img decoding=\"async\" style=\"width:100%\" width=\"100%\" src=\"https:\/\/d2qc09rl1gfuof.cloudfront.net\/vevor\/boutique-banner\/pc\/banner-en.jpg\" slate-data-type=\"image\"\/><\/div>\n<div>\n<div style=\"font-size:16px;font-weight:bold;text-align:center;color:rgb(34, 34, 34);margin:24px 0px;margin-bottom:24px;margin-top:24px;margin-left:0px;margin-right:0px\" align=\"center\">Palan \u00e9lectrique \u00e0 cha\u00eene VEVOR\u00a0: changez votre fa\u00e7on de voir le levage<\/div>\n<div><img decoding=\"async\" style=\"width:100%\" width=\"100%\" src=\"https:\/\/d2qc09rl1gfuof.cloudfront.net\/product\/DDSHLHLDXD11P0U2T\/chain-hoist-a100-1.4-pt.jpg\" slate-data-type=\"image\"\/><\/div>\n<div style=\"font-size:14px;text-align:center;color:rgb(34, 34, 34);margin:16px 0px 24px;margin-bottom:24px;margin-top:16px;margin-left:0px;margin-right:0px\" align=\"center\">Soulevez les charges les plus lourdes avec une force de 1000 kg ! Notre palan \u00e9lectrique \u00e0 cha\u00eene est la solution id\u00e9ale pour vos travaux de garage et d&#039;atelier. Certifi\u00e9 IP54, il r\u00e9siste \u00e0 toutes les intemp\u00e9ries et \u00e0 tous les environnements, pour une performance fiable en toutes circonstances.<\/div>\n<\/div>\n<div>\n<div style=\"margin:8px 0px;margin-bottom:8px;margin-top:8px;margin-left:0px;margin-right:0px\"><img decoding=\"async\" style=\"width:100%\" width=\"100%\" src=\"https:\/\/d2qc09rl1gfuof.cloudfront.net\/product\/DDSHLHLDXD11P0U2T\/chain-hoist-a100-2.2-pt.jpg\" slate-data-type=\"image\"\/><\/div>\n<div style=\"font-size:14px;text-align:center;color:rgb(34, 34, 34);margin:16px 0px 24px;margin-bottom:24px;margin-top:16px;margin-left:0px;margin-right:0px\" align=\"center\">D\u00e9couvrez la cha\u00eene c\u00e9ment\u00e9e DT du palan \u00e9lectrique, d&#039;une robustesse \u00e0 toute \u00e9preuve. Avec un allongement maximal sup\u00e9rieur \u00e0 5%, elle est con\u00e7ue pour durer et ne vous laissera jamais tomber. Aucune rupture, aucune flexion, juste une puissance de levage pure\u00a0!<\/div>\n<\/div>\n<div>\n<div style=\"margin:8px 0px;margin-bottom:8px;margin-top:8px;margin-left:0px;margin-right:0px\"><img decoding=\"async\" style=\"width:100%\" width=\"100%\" src=\"https:\/\/d2qc09rl1gfuof.cloudfront.net\/product\/DDSHLHLDXD11P0U2T\/chain-hoist-a100-2.3-pt.jpg\" slate-data-type=\"image\"\/><\/div>\n<div style=\"font-size:14px;text-align:center;color:rgb(34, 34, 34);margin:16px 0px 24px;margin-bottom:24px;margin-top:16px;margin-left:0px;margin-right:0px\" align=\"center\">Dites adieu aux tracas\u00a0! Notre palan \u00e9lectrique \u00e0 cha\u00eene est fourni avec une \u00e9lingue et une t\u00e9l\u00e9commande ultra-r\u00e9active pour une utilisation simplifi\u00e9e. S\u00fbr, pratique et agr\u00e9able \u00e0 utiliser\u00a0: que demander de plus\u00a0?<\/div>\n<\/div>\n<div>\n<div style=\"margin:8px 0px;margin-bottom:8px;margin-top:8px;margin-left:0px;margin-right:0px\"><img decoding=\"async\" style=\"width:100%\" width=\"100%\" src=\"https:\/\/d2qc09rl1gfuof.cloudfront.net\/product\/DDSHLHLDXD11P0U2T\/chain-hoist-a100-2.4-pt.jpg\" slate-data-type=\"image\"\/><\/div>\n<div style=\"font-size:14px;text-align:center;color:rgb(34, 34, 34);margin:16px 0px 24px;margin-bottom:24px;margin-top:16px;margin-left:0px;margin-right:0px\" align=\"center\">Aliment\u00e9 par un moteur en cuivre \u00e0 isolation de classe F, ce palan \u00e9lectrique \u00e0 cha\u00eene supporte des temp\u00e9ratures jusqu&#039;\u00e0 155 \u00b0C. Tournant \u00e0 11\u00a0500 tr\/min, il est suffisamment puissant pour accomplir la t\u00e2che, quelles que soient les conditions.<\/div>\n<\/div>\n<div>\n<div style=\"margin:8px 0px;margin-bottom:8px;margin-top:8px;margin-left:0px;margin-right:0px\"><img decoding=\"async\" style=\"width:100%\" width=\"100%\" src=\"https:\/\/d2qc09rl1gfuof.cloudfront.net\/product\/DDSHLHLDXD11P0U2T\/chain-hoist-a100-2.5-pt.jpg\" slate-data-type=\"image\"\/><\/div>\n<div style=\"font-size:14px;text-align:center;color:rgb(34, 34, 34);margin:16px 0px 24px;margin-bottom:24px;margin-top:16px;margin-left:0px;margin-right:0px\" align=\"center\">Une seule personne, un seul palan, des possibilit\u00e9s infinies. Notre palan \u00e9lectrique \u00e0 cha\u00eene est con\u00e7u pour une installation simple et rapide, vous permettant de commencer \u00e0 lever et d\u00e9placer des marchandises en un rien de temps. Optimisez votre productivit\u00e9 d\u00e8s aujourd&#039;hui\u00a0!<\/div>\n<\/div>\n<div style=\"margin:16px 0px 24px;margin-bottom:24px;margin-top:16px;margin-left:0px;margin-right:0px\"><\/div>\n<div style=\"margin:24px 0px;margin-bottom:24px;margin-top:24px;margin-left:0px;margin-right:0px\">\n<div style=\"font-size:16px;font-weight:bold;color:rgb(34, 34, 34);margin:24px 0px 16px;margin-bottom:16px;margin-top:24px;margin-left:0px;margin-right:0px\">Caract\u00e9ristiques et d\u00e9tails<\/div>\n<ul style=\"margin:16px 0px 24px;margin-bottom:24px;margin-top:16px;margin-left:0px;margin-right:0px\">\n<li style=\"font-size:14px;color:rgb(34, 34, 34)\">\n<p>Capacit\u00e9 de charge de 1\u00a0000 kg\u00a0: D\u00e9couvrez une puissance de levage de 1\u00a0000 kg\u00a0! Notre palan \u00e9lectrique \u00e0 cha\u00eene est \u00e9quip\u00e9 d\u2019une cha\u00eene DT c\u00e9ment\u00e9e de qualit\u00e9 sup\u00e9rieure pour une durabilit\u00e9 et une robustesse optimales. De plus, avec une hauteur de levage de 3 m, il s\u2019adapte \u00e0 tous les espaces.<\/p>\n<\/li>\n<li style=\"font-size:14px;color:rgb(34, 34, 34)\">\n<p>Moteur puissant\u00a0: Ressentez la force\u00a0! Le moteur en cuivre de notre palan \u00e9lectrique \u00e0 cha\u00eene est con\u00e7u pour durer, avec une isolation de classe F pour un fonctionnement fiable m\u00eame \u00e0 des temp\u00e9ratures \u00e9lev\u00e9es jusqu&#039;\u00e0 155\u00a0\u00b0C. Il tourne jusqu&#039;\u00e0 11\u00a0500\u00a0tr\/min, pr\u00eat \u00e0 s&#039;attaquer facilement \u00e0 tous les travaux de levage les plus exigeants. En int\u00e9rieur comme en ext\u00e9rieur, il r\u00e9pond \u00e0 tous vos besoins.<\/p>\n<\/li>\n<li style=\"font-size:14px;color:rgb(34, 34, 34)\">\n<p>Installation facile\u00a0: L\u2019installation est un jeu d\u2019enfant\u00a0! Fixez simplement notre palan \u00e9lectrique \u00e0 cha\u00eene au plafond \u00e0 l\u2019aide de tasseaux m\u00e9talliques ou en bois. Il est \u00e9quip\u00e9 d\u2019un arr\u00eat d\u2019urgence et d\u2019un frein \u00e9lectromagn\u00e9tique, pour une utilisation en toute s\u00e9curit\u00e9.<\/p>\n<\/li>\n<li style=\"font-size:14px;color:rgb(34, 34, 34)\">\n<p>C\u00e2ble de commande allong\u00e9\u00a0: Travaillez en toute s\u00e9curit\u00e9 et gardez le contr\u00f4le gr\u00e2ce \u00e0 notre c\u00e2ble allong\u00e9 de 3\u00a0m\u00e8tres. Actionnez le palan \u00e9lectrique \u00e0 cha\u00eene \u00e0 distance gr\u00e2ce \u00e0 la poign\u00e9e de commande facile d\u2019utilisation.<\/p>\n<\/li>\n<li style=\"font-size:14px;color:rgb(34, 34, 34)\">\n<p>Un seul palan pour tous vos besoins : Id\u00e9al pour les garages, les ateliers, les h\u00f4tels et les maisons, notre palan \u00e9lectrique \u00e0 cha\u00eene est l&#039;outil indispensable des professionnels et des bricoleurs. Soulevez bateaux, voitures, tondeuses, voiturettes de golf, objets de d\u00e9coration, moteurs, rochers, arbres, engins lourds, ou suspendez m\u00eame vos troph\u00e9es de chasse en toute simplicit\u00e9. C&#039;est l&#039;outil polyvalent qu&#039;il vous fallait !<\/p>\n<\/li>\n<\/ul>\n<\/div>\n<div>\n<div>\n<div style=\"margin:16px 0px 24px;margin-bottom:24px;margin-top:16px;margin-left:0px;margin-right:0px\"><img decoding=\"async\" style=\"width:100%\" width=\"100%\" src=\"https:\/\/d2qc09rl1gfuof.cloudfront.net\/product\/DDSHLHLDXD11P0U2T\/chain-hoist-a100-1.11-pt.jpg\" slate-data-type=\"image\"\/><\/div>\n<\/div>\n<\/div>\n<\/div>\n<\/div>\n<\/div>\n<p><\/p>","protected":false},"excerpt":{"rendered":"<p>Hign-concerned Chemical:&nbsp;None Model Number:&nbsp;H10 Origin:&nbsp;Mainland China Brand Name:&nbsp;VEVOR VEVOR Electric Chain Hoist \u2013 Change the Way You Look at Lifting Tackle any heavy lifter with 2200 lbs of strength! Our<\/p>","protected":false},"featured_media":24975,"comment_status":"open","ping_status":"closed","template":"","meta":{"_acf_changed":false},"product_brand":[],"product_cat":[517],"product_tag":[],"class_list":{"0":"post-24974","1":"product","2":"type-product","3":"status-publish","4":"has-post-thumbnail","6":"product_cat-electric-lifting-hoists","8":"first","9":"instock","10":"shipping-taxable","11":"purchasable","12":"product-type-variable"},"acf":[],"_links":{"self":[{"href":"https:\/\/electricstore.eu\/fr\/wp-json\/wp\/v2\/product\/24974","targetHints":{"allow":["GET"]}}],"collection":[{"href":"https:\/\/electricstore.eu\/fr\/wp-json\/wp\/v2\/product"}],"about":[{"href":"https:\/\/electricstore.eu\/fr\/wp-json\/wp\/v2\/types\/product"}],"replies":[{"embeddable":true,"href":"https:\/\/electricstore.eu\/fr\/wp-json\/wp\/v2\/comments?post=24974"}],"wp:featuredmedia":[{"embeddable":true,"href":"https:\/\/electricstore.eu\/fr\/wp-json\/wp\/v2\/media\/24975"}],"wp:attachment":[{"href":"https:\/\/electricstore.eu\/fr\/wp-json\/wp\/v2\/media?parent=24974"}],"wp:term":[{"taxonomy":"product_brand","embeddable":true,"href":"https:\/\/electricstore.eu\/fr\/wp-json\/wp\/v2\/product_brand?post=24974"},{"taxonomy":"product_cat","embeddable":true,"href":"https:\/\/electricstore.eu\/fr\/wp-json\/wp\/v2\/product_cat?post=24974"},{"taxonomy":"product_tag","embeddable":true,"href":"https:\/\/electricstore.eu\/fr\/wp-json\/wp\/v2\/product_tag?post=24974"}],"curies":[{"name":"wp","href":"https:\/\/api.w.org\/{rel}","templated":true}]}}