{"id":24937,"date":"2025-05-20T18:43:31","date_gmt":"2025-05-20T18:43:31","guid":{"rendered":"https:\/\/electricstore.eu\/p\/uncategorized\/vevor-ratchet-chain-binder-3-8-1-2-heavy-duty-load-binders-12000-lbs-limit-hauling-chain-binders-for-flatbed-truck-trailer-4pc\/"},"modified":"2025-05-20T18:46:10","modified_gmt":"2025-05-20T18:46:10","slug":"vevor-ratchet-chain-binder-3-8-1-2-heavy-duty-load-binders-12000-lbs-limit-hauling-chain-binders-for-flatbed-truck-trailer-4pc","status":"publish","type":"product","link":"https:\/\/electricstore.eu\/fr\/p\/o\/electric-lifting-hoists\/vevor-ratchet-chain-binder-3-8-1-2-heavy-duty-load-binders-12000-lbs-limit-hauling-chain-binders-for-flatbed-truck-trailer-4pc\/","title":{"rendered":"Attaches \u00e0 cha\u00eene \u00e0 cliquet VEVOR 3\/8\u2033-1\/2\u2033, charge maximale de 12\u00a0000 lb, pour remorques \u00e0 plateau, 4 pi\u00e8ces"},"content":{"rendered":"<div class=\"product-specs-list-container\">\n<ul class=\"product-specs-list util-clearfix\">\n<li class=\"product-prop line-limit-length\"><span\n                                        class=\"property-title\">Produits chimiques hautement pr\u00e9occupants :&nbsp;<\/span><span\n                                        class=\"property-desc line-limit-length\">Aucun<\/span>\n                            <\/li>\n<li class=\"product-prop line-limit-length\"><span\n                                        class=\"property-title\">Origine:&nbsp;<\/span><span\n                                        class=\"property-desc line-limit-length\">Chine continentale<\/span>\n                            <\/li>\n<li class=\"product-prop line-limit-length\"><span\n                                        class=\"property-title\">Nom de marque :&nbsp;<\/span><span\n                                        class=\"property-desc line-limit-length\">VEVOR<\/span>\n                            <\/li>\n<li class=\"product-prop line-limit-length\"><span\n                                        class=\"property-title\">Marque:&nbsp;<\/span><span\n                                        class=\"property-desc line-limit-length\">VEVOR<\/span>\n                            <\/li>\n<li class=\"product-prop line-limit-length\"><span\n                                        class=\"property-title\">Mat\u00e9riel:&nbsp;<\/span><span\n                                        class=\"property-desc line-limit-length\">Acier moul\u00e9<\/span>\n                            <\/li>\n<li class=\"product-prop line-limit-length\"><span\n                                        class=\"property-title\">Charge maximale de la cha\u00eene :&nbsp;<\/span><span\n                                        class=\"property-desc line-limit-length\">7100 lbs \/ 3220 kg<\/span>\n                            <\/li>\n<li class=\"product-prop line-limit-length\"><span\n                                        class=\"property-title\">Structure du cliquet :&nbsp;<\/span><span\n                                        class=\"property-desc line-limit-length\">Poign\u00e9e de r\u00e9glage externe<\/span>\n                            <\/li>\n<li class=\"product-prop line-limit-length\"><span\n                                        class=\"property-title\">Charge maximale du tendeur \u00e0 cliquet\u00a0:&nbsp;<\/span><span\n                                        class=\"property-desc line-limit-length\">12\u00a0000 lbs \/ 5\u00a0443 kg<\/span>\n                            <\/li>\n<li class=\"product-prop line-limit-length\"><span\n                                        class=\"property-title\">Mod\u00e8le:&nbsp;<\/span><span\n                                        class=\"property-desc line-limit-length\">Tendeurs \u00e0 cha\u00eene 3\/8-1\/2<\/span>\n                            <\/li>\n<li class=\"product-prop line-limit-length\"><span\n                                        class=\"property-title\">Taper:&nbsp;<\/span><span\n                                        class=\"property-desc line-limit-length\">Relieurs \u00e0 cha\u00eene<\/span>\n                            <\/li>\n<li class=\"product-prop line-limit-length\"><span\n                                        class=\"property-title\">Caract\u00e9ristiques:&nbsp;<\/span><span\n                                        class=\"property-desc line-limit-length\">Installation facile, robustesse \u00e0 toute \u00e9preuve<\/span>\n                            <\/li>\n<li class=\"product-prop line-limit-length\"><span\n                                        class=\"property-title\">Finition:&nbsp;<\/span><span\n                                        class=\"property-desc line-limit-length\">Rev\u00eatement en poudre<\/span>\n                            <\/li>\n<\/ul><\/div>\n<div class=\"detailmodule_html\">\n<div class=\"detail-desc-decorate-richtext\">\n<div style=\"font-family:&quot;Open sans&quot;, Arial, Helvetica, sans-serif\">\n<div><img decoding=\"async\" style=\"width:100%\" width=\"100%\" src=\"https:\/\/d2qc09rl1gfuof.cloudfront.net\/vevor\/boutique-banner\/pc\/banner-en.jpg\" slate-data-type=\"image\"\/><\/div>\n<div>\n<div style=\"font-size:16px;font-weight:bold;text-align:center;color:rgb(34, 34, 34);margin:24px 0px;margin-bottom:24px;margin-top:24px;margin-left:0px;margin-right:0px\" align=\"center\">Tendeur \u00e0 cliquet portable<\/div>\n<div><img decoding=\"async\" style=\"width:100%\" width=\"100%\" src=\"https:\/\/d2qc09rl1gfuof.cloudfront.net\/product\/DLTJLLJQBBTYCEEB7\/chain-binder-a100-1.4.jpg\" slate-data-type=\"image\"\/><\/div>\n<div style=\"font-size:14px;text-align:center;color:rgb(34, 34, 34);margin:16px 0px 24px;margin-bottom:24px;margin-top:16px;margin-left:0px;margin-right:0px\" align=\"center\">Ce tendeur VEVOR est plus pratique que les mod\u00e8les classiques. Sa poign\u00e9e amovible permet de le ranger facilement dans une bo\u00eete \u00e0 outils ou dans un espace de rangement r\u00e9duit de voiture. Id\u00e9al pour le transport group\u00e9 de marchandises lourdes, d&#039;\u00e9quipements et de v\u00e9hicules. Avec VEVOR, vos produits arrivent \u00e0 destination en toute s\u00e9curit\u00e9\u00a0!<\/div>\n<\/div>\n<div>\n<div style=\"font-size:16px;font-weight:bold;text-align:center;color:rgb(34, 34, 34);margin:24px 0px;margin-bottom:24px;margin-top:24px;margin-left:0px;margin-right:0px\" align=\"center\"><\/div>\n<div style=\"margin:8px 0px;margin-bottom:8px;margin-top:8px;margin-left:0px;margin-right:0px\"><img decoding=\"async\" style=\"width:100%\" width=\"100%\" src=\"https:\/\/d2qc09rl1gfuof.cloudfront.net\/product\/DLTJLLJQBBTYCEEB7\/chain-binder-a100-2.2.jpg\" slate-data-type=\"image\"\/><\/div>\n<div style=\"font-size:14px;text-align:center;color:rgb(34, 34, 34);margin:16px 0px 24px;margin-bottom:24px;margin-top:16px;margin-left:0px;margin-right:0px\" align=\"center\">Le syst\u00e8me \u00e0 cliquet permet de tendre\/d\u00e9tendre facilement la cha\u00eene. La poign\u00e9e de 40 cm est 5 cm plus longue que la poign\u00e9e standard, et le syst\u00e8me 14% facilite l&#039;utilisation et r\u00e9duit l&#039;effort.<\/div>\n<\/div>\n<div>\n<div style=\"font-size:16px;font-weight:bold;text-align:center;color:rgb(34, 34, 34);margin:24px 0px;margin-bottom:24px;margin-top:24px;margin-left:0px;margin-right:0px\" align=\"center\"><\/div>\n<div style=\"margin:8px 0px;margin-bottom:8px;margin-top:8px;margin-left:0px;margin-right:0px\"><img decoding=\"async\" style=\"width:100%\" width=\"100%\" src=\"https:\/\/d2qc09rl1gfuof.cloudfront.net\/product\/DLTJLLJQBBTYCEEB7\/chain-binder-a100-2.3.jpg\" slate-data-type=\"image\"\/><\/div>\n<div style=\"font-size:14px;text-align:center;color:rgb(34, 34, 34);margin:16px 0px 24px;margin-bottom:24px;margin-top:16px;margin-left:0px;margin-right:0px\" align=\"center\">Actionnez l&#039;interrupteur pour contr\u00f4ler le sens de rotation du cliquet. Le rev\u00eatement est antirouille et anticorrosion, ce qui le rend adapt\u00e9 \u00e0 une utilisation intensive sur le terrain.<\/div>\n<\/div>\n<div>\n<div style=\"font-size:16px;font-weight:bold;text-align:center;color:rgb(34, 34, 34);margin:24px 0px;margin-bottom:24px;margin-top:24px;margin-left:0px;margin-right:0px\" align=\"center\"><\/div>\n<div style=\"margin:8px 0px;margin-bottom:8px;margin-top:8px;margin-left:0px;margin-right:0px\"><img decoding=\"async\" style=\"width:100%\" width=\"100%\" src=\"https:\/\/d2qc09rl1gfuof.cloudfront.net\/product\/DLTJLLJQBBTYCEEB7\/chain-binder-a100-2.4.jpg\" slate-data-type=\"image\"\/><\/div>\n<div style=\"font-size:14px;text-align:center;color:rgb(34, 34, 34);margin:16px 0px 24px;margin-bottom:24px;margin-top:16px;margin-left:0px;margin-right:0px\" align=\"center\">Les cha\u00eenes en acier moul\u00e9 G80 forg\u00e9es \u00e0 haute temp\u00e9rature ne se d\u00e9forment et ne se cassent pas facilement, m\u00eame dans un environnement ext\u00e9rieur difficile et pendant une longue p\u00e9riode ; elles sont r\u00e9sistantes \u00e0 l&#039;usure et \u00e0 la corrosion.<\/div>\n<\/div>\n<div>\n<div style=\"font-size:16px;font-weight:bold;text-align:center;color:rgb(34, 34, 34);margin:24px 0px;margin-bottom:24px;margin-top:24px;margin-left:0px;margin-right:0px\" align=\"center\"><\/div>\n<div style=\"margin:8px 0px;margin-bottom:8px;margin-top:8px;margin-left:0px;margin-right:0px\"><img decoding=\"async\" style=\"width:100%\" width=\"100%\" src=\"https:\/\/d2qc09rl1gfuof.cloudfront.net\/product\/DLTJLLJQBBTYCEEB7\/chain-binder-a100-2.5.jpg\" slate-data-type=\"image\"\/><\/div>\n<div style=\"font-size:14px;text-align:center;color:rgb(34, 34, 34);margin:16px 0px 24px;margin-bottom:24px;margin-top:16px;margin-left:0px;margin-right:0px\" align=\"center\">La poign\u00e9e est amovible, ce qui permet de l&#039;utiliser \u00e0 d&#039;autres fins. De plus, la machine \u00e0 ligaturer \u00e0 cliquet peut remplacer le dispositif de serrage des c\u00e2bles des wagons de marchandises classiques.<\/div>\n<\/div>\n<div style=\"margin:16px 0px 24px;margin-bottom:24px;margin-top:16px;margin-left:0px;margin-right:0px\"><\/div>\n<div style=\"margin:24px 0px;margin-bottom:24px;margin-top:24px;margin-left:0px;margin-right:0px\">\n<div style=\"font-size:16px;font-weight:bold;color:rgb(34, 34, 34);margin:24px 0px 16px;margin-bottom:16px;margin-top:24px;margin-left:0px;margin-right:0px\">Caract\u00e9ristiques et d\u00e9tails<\/div>\n<ul style=\"margin:16px 0px 24px;margin-bottom:24px;margin-top:16px;margin-left:0px;margin-right:0px\">\n<li style=\"font-size:14px;color:rgb(34, 34, 34)\">\n<p>Utilisation simplifi\u00e9e\u00a0: Profitez d&#039;une longueur accrue\u00a0! Les poign\u00e9es de 40\u00a0cm offrent un effet de levier optimal, renforc\u00e9 par un syst\u00e8me \u00e0 cliquet. La poign\u00e9e en m\u00e9tal molet\u00e9 et le rev\u00eatement en caoutchouc textur\u00e9 (concave-convexe) assurent une prise en main antid\u00e9rapante, confortable et facile \u00e0 utiliser.<\/p>\n<\/li>\n<li style=\"font-size:14px;color:rgb(34, 34, 34)\">\n<p>Con\u00e7u pour les travaux difficiles\u00a0: le crochet de l&#039;\u00e9lingue est en acier moul\u00e9, offrant une capacit\u00e9 de charge sup\u00e9rieure. Sa surface est rev\u00eatue d&#039;un traitement antirouille. Charge de travail maximale\u00a0: 5\u00a0443\u00a0kg (12\u00a0000\u00a0lb), r\u00e9sistance \u00e0 la rupture\u00a0: 21\u00a0774\u00a0kg (48\u00a0000\u00a0lb). Compatible avec les cha\u00eenes de 9,5\u00a0mm (3\/8&quot;) et 12,7\u00a0mm (1\/2&quot;). Cha\u00eene G80 de 9,5\u00a0mm (3\/8&quot;)\u00a0: charge de travail maximale\u00a0: 3\u00a0221\u00a0kg (7\u00a0100\u00a0lb), r\u00e9sistance \u00e0 la rupture\u00a0: 12\u00a0894\u00a0kg (28\u00a0400\u00a0lb).<\/p>\n<\/li>\n<li style=\"font-size:14px;color:rgb(34, 34, 34)\">\n<p>Rangement facile\u00a0: Ne vous souciez plus du rangement. Les probl\u00e8mes de stockage appartiennent au pass\u00e9. La poign\u00e9e est dot\u00e9e d&#039;une structure d\u00e9tachable brevet\u00e9e qui permet de la ranger dans un espace restreint du camion en la retirant simplement. Elle est \u00e9galement compatible avec les tendeurs de wagons de marchandises.<\/p>\n<\/li>\n<li style=\"font-size:14px;color:rgb(34, 34, 34)\">\n<p>La s\u00e9curit\u00e9 avant tout\u00a0: con\u00e7u pour votre s\u00e9curit\u00e9, le dispositif de s\u00e9curit\u00e9 est dot\u00e9 d&#039;un rep\u00e8re anti-chute pour prot\u00e9ger vos pieds. L&#039;interrupteur externe am\u00e9lior\u00e9 est plus facile \u00e0 manipuler et ne risque pas de vous pincer les mains. La poign\u00e9e forg\u00e9e avec rotation \u00e0 360\u00b0 garantit une durabilit\u00e9 et une fiabilit\u00e9 maximales.<\/p>\n<\/li>\n<li style=\"font-size:14px;color:rgb(34, 34, 34)\">\n<p>Utilisable dans de multiples situations\u00a0: nos tendeurs \u00e0 cliquet sont con\u00e7us pour s\u00e9curiser les charges lors d\u2019arrimage par cha\u00eenes dans les secteurs du transport, de l\u2019industrie et de l\u2019agriculture, ainsi que pour le maintien de cargaisons dans le secteur maritime, l\u2019agriculture et les travaux publics. Conformes aux normes CVSA, DOT, NACM et FMCSA. Attention\u00a0: ce tendeur n\u2019est ni con\u00e7u ni homologu\u00e9 pour le levage a\u00e9rien.<\/p>\n<\/li>\n<\/ul>\n<\/div>\n<div>\n<div>\n<div style=\"margin:16px 0px 24px;margin-bottom:24px;margin-top:16px;margin-left:0px;margin-right:0px\"><img decoding=\"async\" style=\"width:100%\" width=\"100%\" src=\"https:\/\/d2qc09rl1gfuof.cloudfront.net\/product\/DLTJLLJQBBTYCEEB7\/chain-binder-a100-1.11.jpg\" slate-data-type=\"image\"\/><\/div>\n<\/div>\n<\/div>\n<\/div>\n<\/div>\n<\/div>\n<p><\/p>","protected":false},"excerpt":{"rendered":"<p>Hign-concerned Chemical:&nbsp;None Origin:&nbsp;Mainland China Brand Name:&nbsp;VEVOR Brand:&nbsp;VEVOR Material:&nbsp;Cast Steel Max. Load of Chain:&nbsp;7100 lbs \/ 3220 kg Pawl Structure:&nbsp;External Adjusting Handle Max. Load of Ratchet Binder:&nbsp;12000 lbs \/ 5443 kg<\/p>","protected":false},"featured_media":24939,"comment_status":"open","ping_status":"closed","template":"","meta":{"_acf_changed":false},"product_brand":[],"product_cat":[517],"product_tag":[],"class_list":{"0":"post-24937","1":"product","2":"type-product","3":"status-publish","4":"has-post-thumbnail","6":"product_cat-electric-lifting-hoists","8":"first","9":"instock","10":"shipping-taxable","11":"purchasable","12":"product-type-variable"},"acf":[],"_links":{"self":[{"href":"https:\/\/electricstore.eu\/fr\/wp-json\/wp\/v2\/product\/24937","targetHints":{"allow":["GET"]}}],"collection":[{"href":"https:\/\/electricstore.eu\/fr\/wp-json\/wp\/v2\/product"}],"about":[{"href":"https:\/\/electricstore.eu\/fr\/wp-json\/wp\/v2\/types\/product"}],"replies":[{"embeddable":true,"href":"https:\/\/electricstore.eu\/fr\/wp-json\/wp\/v2\/comments?post=24937"}],"wp:featuredmedia":[{"embeddable":true,"href":"https:\/\/electricstore.eu\/fr\/wp-json\/wp\/v2\/media\/24939"}],"wp:attachment":[{"href":"https:\/\/electricstore.eu\/fr\/wp-json\/wp\/v2\/media?parent=24937"}],"wp:term":[{"taxonomy":"product_brand","embeddable":true,"href":"https:\/\/electricstore.eu\/fr\/wp-json\/wp\/v2\/product_brand?post=24937"},{"taxonomy":"product_cat","embeddable":true,"href":"https:\/\/electricstore.eu\/fr\/wp-json\/wp\/v2\/product_cat?post=24937"},{"taxonomy":"product_tag","embeddable":true,"href":"https:\/\/electricstore.eu\/fr\/wp-json\/wp\/v2\/product_tag?post=24937"}],"curies":[{"name":"wp","href":"https:\/\/api.w.org\/{rel}","templated":true}]}}