{"id":24918,"date":"2025-05-20T18:43:27","date_gmt":"2025-05-20T18:43:27","guid":{"rendered":"https:\/\/electricstore.eu\/p\/uncategorized\/vevor-3t-chain-sling-6-ft-heavy-duty-lifting-chains-with-2-leg-grab-hooks-g80-for-engine-manual-hoist-lifting-tool\/"},"modified":"2025-05-20T18:46:19","modified_gmt":"2025-05-20T18:46:19","slug":"vevor-3t-chain-sling-6-ft-heavy-duty-lifting-chains-with-2-leg-grab-hooks-g80-for-engine-manual-hoist-lifting-tool","status":"publish","type":"product","link":"https:\/\/electricstore.eu\/fr\/p\/o\/electric-lifting-hoists\/vevor-3t-chain-sling-6-ft-heavy-duty-lifting-chains-with-2-leg-grab-hooks-g80-for-engine-manual-hoist-lifting-tool\/","title":{"rendered":"\u00c9lingue \u00e0 cha\u00eene VEVOR 3T de 1,8 m (6 pi) pour charges lourdes, avec 2 crochets de pr\u00e9hension G80, pour palan manuel de moteur."},"content":{"rendered":"<div class=\"product-specs-list-container\">\n<ul class=\"product-specs-list util-clearfix\">\n<li class=\"product-prop line-limit-length\"><span\n                                        class=\"property-title\">Produits chimiques hautement pr\u00e9occupants :&nbsp;<\/span><span\n                                        class=\"property-desc line-limit-length\">Aucun<\/span>\n                            <\/li>\n<li class=\"product-prop line-limit-length\"><span\n                                        class=\"property-title\">Num\u00e9ro de mod\u00e8le :&nbsp;<\/span><span\n                                        class=\"property-desc line-limit-length\">DL8mmx1,8m-2A<\/span>\n                            <\/li>\n<li class=\"product-prop line-limit-length\"><span\n                                        class=\"property-title\">Fournitures de bricolage :&nbsp;<\/span><span\n                                        class=\"property-desc line-limit-length\">Travail des m\u00e9taux<\/span>\n                            <\/li>\n<li class=\"product-prop line-limit-length\"><span\n                                        class=\"property-title\">Mat\u00e9riel:&nbsp;<\/span><span\n                                        class=\"property-desc line-limit-length\">Acier inoxydable<\/span>\n                            <\/li>\n<li class=\"product-prop line-limit-length\"><span\n                                        class=\"property-title\">Nom de marque :&nbsp;<\/span><span\n                                        class=\"property-desc line-limit-length\">VEVOR<\/span>\n                            <\/li>\n<li class=\"product-prop line-limit-length\"><span\n                                        class=\"property-title\">Origine:&nbsp;<\/span><span\n                                        class=\"property-desc line-limit-length\">Chine continentale<\/span>\n                            <\/li>\n<li class=\"product-prop line-limit-length\"><span\n                                        class=\"property-title\">Marque:&nbsp;<\/span><span\n                                        class=\"property-desc line-limit-length\">VEVOR<\/span>\n                            <\/li>\n<li class=\"product-prop line-limit-length\"><span\n                                        class=\"property-title\">Longueur de la cha\u00eene simple :&nbsp;<\/span><span\n                                        class=\"property-desc line-limit-length\">6 pieds\/180 cm<\/span>\n                            <\/li>\n<li class=\"product-prop line-limit-length\"><span\n                                        class=\"property-title\">Note globale de force :&nbsp;<\/span><span\n                                        class=\"property-desc line-limit-length\">G80<\/span>\n                            <\/li>\n<li class=\"product-prop line-limit-length\"><span\n                                        class=\"property-title\">Charge maximale s\u00e9curis\u00e9e\u00a0:&nbsp;<\/span><span\n                                        class=\"property-desc line-limit-length\">6600 lbs\/2993 kg<\/span>\n                            <\/li>\n<li class=\"product-prop line-limit-length\"><span\n                                        class=\"property-title\">Poids du produit :&nbsp;<\/span><span\n                                        class=\"property-desc line-limit-length\">16,53 lbs\/7,5 kg<\/span>\n                            <\/li>\n<li class=\"product-prop line-limit-length\"><span\n                                        class=\"property-title\">Taper:&nbsp;<\/span><span\n                                        class=\"property-desc line-limit-length\">\u00c9lingue \u00e0 cha\u00eene<\/span>\n                            <\/li>\n<\/ul><\/div>\n<div class=\"detailmodule_html\">\n<div class=\"detail-desc-decorate-richtext\">\n<div><\/div>\n<div style=\"font-family:&quot;Open sans&quot;, Arial, Helvetica, sans-serif\">\n<div><img decoding=\"async\" style=\"width:100%\" width=\"100%\" src=\"https:\/\/d2qc09rl1gfuof.cloudfront.net\/vevor\/boutique-banner\/pc\/banner-en.jpg\" slate-data-type=\"image\"\/><\/div>\n<div>\n<div style=\"font-size:16px;font-weight:bold;text-align:center;color:rgb(34, 34, 34);margin:24px 0px;margin-bottom:24px;margin-top:24px;margin-left:0px;margin-right:0px\" align=\"center\">\u00c9lingue \u00e0 cha\u00eenes VEVOR \u2013 S\u00e9curisez vos charges avec force et facilit\u00e9<\/div>\n<div><img decoding=\"async\" style=\"width:100%\" width=\"100%\" src=\"https:\/\/d2qc09rl1gfuof.cloudfront.net\/product\/DGDLHHMGFH1J576AY\/chain-sling-a100-1.4-pt.jpg\" slate-data-type=\"image\"\/><\/div>\n<div style=\"font-size:14px;text-align:center;color:rgb(34, 34, 34);margin:16px 0px 24px;margin-bottom:24px;margin-top:16px;margin-left:0px;margin-right:0px\" align=\"center\">VEVOR, votre expert exclusif en outillage. Cette \u00e9lingue \u00e0 cha\u00eene est fabriqu\u00e9e en acier de haute qualit\u00e9. Elle est \u00e9galement \u00e9quip\u00e9e de crochets \u00e0 ressort pour une meilleure prise et un arrimage optimal des charges volumineuses.<\/div>\n<\/div>\n<div>\n<div>\u00a0<\/div>\n<div style=\"margin:8px 0px;margin-bottom:8px;margin-top:8px;margin-left:0px;margin-right:0px\"><img decoding=\"async\" style=\"width:100%\" width=\"100%\" src=\"https:\/\/d2qc09rl1gfuof.cloudfront.net\/product\/DGDLHHMGFH1J576AY\/chain-sling-a100-2.2-pt.jpg\" slate-data-type=\"image\"\/><\/div>\n<div style=\"font-size:14px;text-align:center;color:rgb(34, 34, 34);margin:16px 0px 24px;margin-bottom:24px;margin-top:16px;margin-left:0px;margin-right:0px\" align=\"center\">Les cha\u00eenes des \u00e9lingues de levage sont trait\u00e9es par noircissement, et les anneaux\/crochets par pulv\u00e9risation plastique. Elles sont esth\u00e9tiques et inoxydables, et restent comme neuves m\u00eame apr\u00e8s une utilisation prolong\u00e9e.<\/div>\n<\/div>\n<div>\n<div>\u00a0<\/div>\n<div style=\"margin:8px 0px;margin-bottom:8px;margin-top:8px;margin-left:0px;margin-right:0px\"><img decoding=\"async\" style=\"width:100%\" width=\"100%\" src=\"https:\/\/d2qc09rl1gfuof.cloudfront.net\/product\/DGDLHHMGFH1J576AY\/chain-sling-a100-2.3-pt.jpg\" slate-data-type=\"image\"\/><\/div>\n<div style=\"font-size:14px;text-align:center;color:rgb(34, 34, 34);margin:16px 0px 24px;margin-bottom:24px;margin-top:16px;margin-left:0px;margin-right:0px\" align=\"center\">Cette cha\u00eene de levage est \u00e9quip\u00e9e d&#039;un ressort de rappel pour soulever les objets en toute s\u00e9curit\u00e9. Sa longueur est facilement ajustable pour s&#039;adapter \u00e0 des charges de diff\u00e9rents volumes.<\/div>\n<\/div>\n<div>\n<div>\u00a0<\/div>\n<div style=\"margin:8px 0px;margin-bottom:8px;margin-top:8px;margin-left:0px;margin-right:0px\"><img decoding=\"async\" style=\"width:100%\" width=\"100%\" src=\"https:\/\/d2qc09rl1gfuof.cloudfront.net\/product\/DGDLHHMGFH1J576AY\/chain-sling-a100-2.4-pt.jpg\" slate-data-type=\"image\"\/><\/div>\n<div style=\"font-size:14px;text-align:center;color:rgb(34, 34, 34);margin:16px 0px 24px;margin-bottom:24px;margin-top:16px;margin-left:0px;margin-right:0px\" align=\"center\">Notre cha\u00eene de levage de moteur est utilis\u00e9e pour diverses op\u00e9rations de levage et de d\u00e9placement, notamment de grumes, de poutres d&#039;acier, de sections de quai, d&#039;outils agricoles, de moteurs de voiture, de transmissions de vitesse, de pneus de camions et de tracteurs, etc.<\/div>\n<\/div>\n<div>\n<div>\u00a0<\/div>\n<div style=\"margin:8px 0px;margin-bottom:8px;margin-top:8px;margin-left:0px;margin-right:0px\"><img decoding=\"async\" style=\"width:100%\" width=\"100%\" src=\"https:\/\/d2qc09rl1gfuof.cloudfront.net\/product\/DGDLHHMGFH1J576AY\/chain-sling-a100-2.5-pt.jpg\" slate-data-type=\"image\"\/><\/div>\n<div style=\"font-size:14px;text-align:center;color:rgb(34, 34, 34);margin:16px 0px 24px;margin-bottom:24px;margin-top:16px;margin-left:0px;margin-right:0px\" align=\"center\">Les d\u00e9tails bien con\u00e7us de la cha\u00eene d&#039;\u00e9lingue peuvent satisfaire vos diverses exigences en mati\u00e8re de levage d&#039;objets et vous aider \u00e0 r\u00e9soudre toutes sortes de probl\u00e8mes.<\/div>\n<\/div>\n<div style=\"margin:16px 0px 24px;margin-bottom:24px;margin-top:16px;margin-left:0px;margin-right:0px\"><\/div>\n<div style=\"margin:24px 0px;margin-bottom:24px;margin-top:24px;margin-left:0px;margin-right:0px\">\n<div style=\"font-size:16px;font-weight:bold;color:rgb(34, 34, 34);margin:24px 0px 16px;margin-bottom:16px;margin-top:24px;margin-left:0px;margin-right:0px\">Caract\u00e9ristiques et d\u00e9tails<\/div>\n<ul style=\"margin:16px 0px 24px;margin-bottom:24px;margin-top:16px;margin-left:0px;margin-right:0px\">\n<li style=\"font-size:14px;color:rgb(34, 34, 34)\">\n<p>Capacit\u00e9 de charge de 3\u00a0000 kg\u00a0: Longueur de la cha\u00eene\u00a0: 1,8 m. Diam\u00e8tre de la cha\u00eene\u00a0: 8 mm. Capacit\u00e9 de charge maximale\u00a0: 3\u00a0000 kg. Nos cha\u00eenes de levage offrent une s\u00e9curit\u00e9 optimale et vous permettent d\u2019utiliser vos produits en toute s\u00e9r\u00e9nit\u00e9.<\/p>\n<\/li>\n<li style=\"font-size:14px;color:rgb(34, 34, 34)\">\n<p>Cha\u00eene et crochets robustes : Fabriqu\u00e9e en cha\u00eene en acier au mangan\u00e8se G80 et en crochet en acier alli\u00e9, notre \u00e9lingue \u00e0 cha\u00eene est dot\u00e9e d&#039;une technologie de soudage enti\u00e8rement automatique, con\u00e7ue pour une utilisation \u00e0 long terme.<\/p>\n<\/li>\n<li style=\"font-size:14px;color:rgb(34, 34, 34)\">\n<p>Avec deux tendeurs\u00a0: Nos \u00e9lingues sont \u00e9quip\u00e9es de deux tendeurs permettant d\u2019ajuster leur longueur. Ainsi, le levage d\u2019objets de formes irr\u00e9guli\u00e8res est plus s\u00fbr et plus stable.<\/p>\n<\/li>\n<li style=\"font-size:14px;color:rgb(34, 34, 34)\">\n<p>Pr\u00e9cautions d&#039;emploi\u00a0: L&#039;objet doit \u00eatre suspendu au centre du crochet. Le bord du crochet ne doit pas \u00eatre ins\u00e9r\u00e9. La cha\u00eene de l&#039;\u00e9lingue ne doit \u00eatre ni tordue, ni retourn\u00e9e, ni emm\u00eal\u00e9e.<\/p>\n<\/li>\n<li style=\"font-size:14px;color:rgb(34, 34, 34)\">\n<p>Applications multiples\u00a0: La cha\u00eene de levage de moteur est largement utilis\u00e9e dans diverses activit\u00e9s de levage et de manutention, notamment pour les grumes, les poutres d\u2019acier, les sections de quai, les outils agricoles, les moteurs de voiture, les transmissions de vitesse, les camions, les pneus de tracteur, etc.<\/p>\n<\/li>\n<\/ul>\n<\/div>\n<div>\n<div>\u00a0<\/div>\n<div>\n<div>\u00a0<\/div>\n<div style=\"margin:16px 0px 24px;margin-bottom:24px;margin-top:16px;margin-left:0px;margin-right:0px\"><strong>8 mm<\/strong><\/div>\n<div style=\"margin:16px 0px 24px;margin-bottom:24px;margin-top:16px;margin-left:0px;margin-right:0px\"><img decoding=\"async\" style=\"width:100%\" width=\"100%\" src=\"https:\/\/d2qc09rl1gfuof.cloudfront.net\/product\/DGDLHHMGFH1J576AY\/chain-sling-a100-1.11-pt.jpg\" slate-data-type=\"image\"\/><\/div>\n<\/div>\n<\/div>\n<div>\n<div>\u00a0<\/div>\n<div>\n<div>\u00a0<\/div>\n<div style=\"margin:16px 0px 24px;margin-bottom:24px;margin-top:16px;margin-left:0px;margin-right:0px\"><strong>10 mm<\/strong><\/div>\n<div style=\"margin:16px 0px 24px;margin-bottom:24px;margin-top:16px;margin-left:0px;margin-right:0px\"><img decoding=\"async\" style=\"width:100%\" width=\"100%\" src=\"https:\/\/d2qc09rl1gfuof.cloudfront.net\/product\/DGDLMGFH1JZ67A30T\/chain-sling-a100-1.11-pt.jpg\" slate-data-type=\"image\"\/><\/div>\n<\/div>\n<\/div>\n<\/div>\n<\/div>\n<\/div>\n<p><\/p>","protected":false},"excerpt":{"rendered":"<p>Hign-concerned Chemical:&nbsp;None Model Number:&nbsp;DL8mmx1.8m-2A DIY Supplies:&nbsp;Metalworking Material:&nbsp;Stainless steel Brand Name:&nbsp;VEVOR Origin:&nbsp;Mainland China Brand:&nbsp;VEVOR Single Chain Length:&nbsp;6 ft\/180 cm Overall Strength Grade:&nbsp;G80 Max Secure Load:&nbsp;6600 lbs\/2993 kg Product Weight:&nbsp;16.53 lbs\/7.5 kg<\/p>","protected":false},"featured_media":24919,"comment_status":"open","ping_status":"closed","template":"","meta":{"_acf_changed":false},"product_brand":[],"product_cat":[517],"product_tag":[],"class_list":{"0":"post-24918","1":"product","2":"type-product","3":"status-publish","4":"has-post-thumbnail","6":"product_cat-electric-lifting-hoists","8":"first","9":"instock","10":"shipping-taxable","11":"purchasable","12":"product-type-variable"},"acf":[],"_links":{"self":[{"href":"https:\/\/electricstore.eu\/fr\/wp-json\/wp\/v2\/product\/24918","targetHints":{"allow":["GET"]}}],"collection":[{"href":"https:\/\/electricstore.eu\/fr\/wp-json\/wp\/v2\/product"}],"about":[{"href":"https:\/\/electricstore.eu\/fr\/wp-json\/wp\/v2\/types\/product"}],"replies":[{"embeddable":true,"href":"https:\/\/electricstore.eu\/fr\/wp-json\/wp\/v2\/comments?post=24918"}],"wp:featuredmedia":[{"embeddable":true,"href":"https:\/\/electricstore.eu\/fr\/wp-json\/wp\/v2\/media\/24919"}],"wp:attachment":[{"href":"https:\/\/electricstore.eu\/fr\/wp-json\/wp\/v2\/media?parent=24918"}],"wp:term":[{"taxonomy":"product_brand","embeddable":true,"href":"https:\/\/electricstore.eu\/fr\/wp-json\/wp\/v2\/product_brand?post=24918"},{"taxonomy":"product_cat","embeddable":true,"href":"https:\/\/electricstore.eu\/fr\/wp-json\/wp\/v2\/product_cat?post=24918"},{"taxonomy":"product_tag","embeddable":true,"href":"https:\/\/electricstore.eu\/fr\/wp-json\/wp\/v2\/product_tag?post=24918"}],"curies":[{"name":"wp","href":"https:\/\/api.w.org\/{rel}","templated":true}]}}