{"id":24881,"date":"2025-05-20T18:43:16","date_gmt":"2025-05-20T18:43:16","guid":{"rendered":"https:\/\/electricstore.eu\/p\/uncategorized\/vevor-hand-winch-heavy-duty-rope-crank-with-33-ft-steel-wire-cable-and-two-way-ratchet-for-trailer-boat-or-atv-towing\/"},"modified":"2025-05-20T18:45:37","modified_gmt":"2025-05-20T18:45:37","slug":"vevor-hand-winch-heavy-duty-rope-crank-with-33-ft-steel-wire-cable-and-two-way-ratchet-for-trailer-boat-or-atv-towing","status":"publish","type":"product","link":"https:\/\/electricstore.eu\/fr\/p\/o\/electric-winches\/vevor-hand-winch-heavy-duty-rope-crank-with-33-ft-steel-wire-cable-and-two-way-ratchet-for-trailer-boat-or-atv-towing\/","title":{"rendered":"Treuil manuel VEVOR \u00e0 manivelle robuste avec c\u00e2ble en acier de 33 pieds et cliquet bidirectionnel pour le remorquage de remorques, bateaux ou VTT"},"content":{"rendered":"<div class=\"product-specs-list-container\">\n<ul class=\"product-specs-list util-clearfix\">\n<li class=\"product-prop line-limit-length\"><span\n                                        class=\"property-title\">Produits chimiques hautement pr\u00e9occupants :&nbsp;<\/span><span\n                                        class=\"property-desc line-limit-length\">Aucun<\/span>\n                            <\/li>\n<li class=\"product-prop line-limit-length\"><span\n                                        class=\"property-title\">Origine:&nbsp;<\/span><span\n                                        class=\"property-desc line-limit-length\">Chine continentale<\/span>\n                            <\/li>\n<li class=\"product-prop line-limit-length\"><span\n                                        class=\"property-title\">Nom de marque :&nbsp;<\/span><span\n                                        class=\"property-desc line-limit-length\">VEVOR<\/span>\n                            <\/li>\n<li class=\"product-prop line-limit-length\"><span\n                                        class=\"property-title\">Taper:&nbsp;<\/span><span\n                                        class=\"property-desc line-limit-length\">Manuel<\/span>\n                            <\/li>\n<li class=\"product-prop line-limit-length\"><span\n                                        class=\"property-title\">Marque:&nbsp;<\/span><span\n                                        class=\"property-desc line-limit-length\">VEVOR<\/span>\n                            <\/li>\n<li class=\"product-prop line-limit-length\"><span\n                                        class=\"property-title\">Capacit\u00e9 de remorquage :&nbsp;<\/span><span\n                                        class=\"property-desc line-limit-length\">800\/3500 livres<\/span>\n                            <\/li>\n<li class=\"product-prop line-limit-length\"><span\n                                        class=\"property-title\">Mode\/Vitesse\u00a0:&nbsp;<\/span><span\n                                        class=\"property-desc line-limit-length\">Cliquet \u00e0 2 voies\/2 vitesses<\/span>\n                            <\/li>\n<li class=\"product-prop line-limit-length\"><span\n                                        class=\"property-title\">Taper:&nbsp;<\/span><span\n                                        class=\"property-desc line-limit-length\">Treuil manuel<\/span>\n                            <\/li>\n<li class=\"product-prop line-limit-length\"><span\n                                        class=\"property-title\">Poids du produit :&nbsp;<\/span><span\n                                        class=\"property-desc line-limit-length\">12,34 lbs \/ 5,6 kg<\/span>\n                            <\/li>\n<\/ul><\/div>\n<div class=\"detailmodule_html\">\n<div class=\"detail-desc-decorate-richtext\">\n<div><\/div>\n<div style=\"font-family:&quot;Open sans&quot;, Arial, Helvetica, sans-serif\">\n<div style=\"font-family:&quot;Open sans&quot;, Arial, Helvetica, sans-serif\"><img decoding=\"async\" style=\"width:100%\" width=\"100%\" src=\"https:\/\/d2qc09rl1gfuof.cloudfront.net\/vevor\/boutique-banner\/pc\/banner-en.jpg\" slate-data-type=\"image\"\/><\/div>\n<div style=\"font-family:&quot;Open sans&quot;, Arial, Helvetica, sans-serif\">\n<div style=\"font-size:16px;font-weight:bold;text-align:center;color:rgb(34, 34, 34);margin:24px 0px;margin-bottom:24px;margin-top:24px;margin-left:0px;margin-right:0px\" align=\"center\">Treuil manuel VEVOR \u2013 Puissance de traction et facilit\u00e9 d&#039;utilisation garanties<\/div>\n<div><img decoding=\"async\" style=\"width:100%\" width=\"100%\" src=\"https:\/\/d2qc09rl1gfuof.cloudfront.net\/product\/CYSDJP3500BG5Z1ZX\/hand-winch-a100-1.4.jpg\" slate-data-type=\"image\"\/><\/div>\n<div style=\"font-size:14px;text-align:center;color:rgb(34, 34, 34);margin:16px 0px 24px;margin-bottom:24px;margin-top:16px;margin-left:0px;margin-right:0px\" align=\"center\">Votre nouvel alli\u00e9 pour les travaux de traction difficiles\u00a0: notre treuil manuel. Avec son c\u00e2ble de 10\u00a0m, son cliquet bidirectionnel \u00e0 double vitesse 4:1\/8:1 et sa poign\u00e9e ergonomique de 25\u00a0cm, il est pr\u00eat \u00e0 vous d\u00e9panner en toutes circonstances.<\/div>\n<\/div>\n<div style=\"font-family:&quot;Open sans&quot;, Arial, Helvetica, sans-serif\">\n<div>\u00a0<\/div>\n<div style=\"margin:8px 0px;margin-bottom:8px;margin-top:8px;margin-left:0px;margin-right:0px\"><img decoding=\"async\" style=\"width:100%\" width=\"100%\" src=\"https:\/\/d2qc09rl1gfuof.cloudfront.net\/product\/CYSDJP3500BG5Z1ZX\/hand-winch-a100-2.2.jpg\" slate-data-type=\"image\"\/><\/div>\n<div style=\"font-size:14px;text-align:center;color:rgb(34, 34, 34);margin:16px 0px 24px;margin-bottom:24px;margin-top:16px;margin-left:0px;margin-right:0px\" align=\"center\">Un v\u00e9hicule embourb\u00e9 ou un bateau r\u00e9calcitrant\u00a0? Notre treuil est l\u00e0 pour vous sauver la mise\u00a0! Con\u00e7u pour les man\u0153uvres les plus d\u00e9licates, il offre la puissance n\u00e9cessaire pour relever tous vos d\u00e9fis du quotidien.<\/div>\n<\/div>\n<div style=\"font-family:&quot;Open sans&quot;, Arial, Helvetica, sans-serif\">\n<div>\u00a0<\/div>\n<div style=\"margin:8px 0px;margin-bottom:8px;margin-top:8px;margin-left:0px;margin-right:0px\"><img decoding=\"async\" style=\"width:100%\" width=\"100%\" src=\"https:\/\/d2qc09rl1gfuof.cloudfront.net\/product\/CYSDJP3500BG5Z1ZX\/hand-winch-a100-2.3.jpg\" slate-data-type=\"image\"\/><\/div>\n<div style=\"font-size:14px;text-align:center;color:rgb(34, 34, 34);margin:16px 0px 24px;margin-bottom:24px;margin-top:16px;margin-left:0px;margin-right:0px\" align=\"center\">Oubliez les engrenages qui l\u00e2chent au moindre coup de vent. Les engrenages de notre manivelle \u00e0 corde de bateau sont trait\u00e9s thermiquement pour r\u00e9sister \u00e0 toutes les conditions, qu&#039;il neige ou qu&#039;il fasse grand soleil. R\u00e9sistants \u00e0 la rouille et d&#039;une grande fluidit\u00e9 de fonctionnement, ces engrenages sont synonymes de fiabilit\u00e9.<\/div>\n<\/div>\n<div style=\"font-family:&quot;Open sans&quot;, Arial, Helvetica, sans-serif\">\n<div>\u00a0<\/div>\n<div style=\"margin:8px 0px;margin-bottom:8px;margin-top:8px;margin-left:0px;margin-right:0px\"><img decoding=\"async\" style=\"width:100%\" width=\"100%\" src=\"https:\/\/d2qc09rl1gfuof.cloudfront.net\/product\/CYSDJP3500BG5Z1ZX\/hand-winch-a100-2.4.jpg\" slate-data-type=\"image\"\/><\/div>\n<div style=\"font-size:14px;text-align:center;color:rgb(34, 34, 34);margin:16px 0px 24px;margin-bottom:24px;margin-top:16px;margin-left:0px;margin-right:0px\" align=\"center\">Notre treuil \u00e0 manivelle est dot\u00e9 d&#039;un crochet monobloc forg\u00e9, robuste et r\u00e9sistant aux charges les plus lourdes. Sa large ouverture permet d&#039;utiliser les cordes les plus \u00e9paisses ou les crochets de remorque, et gr\u00e2ce \u00e0 son verrou de s\u00e9curit\u00e9 autobloquant, votre chargement reste bien en place.<\/div>\n<\/div>\n<div style=\"font-family:&quot;Open sans&quot;, Arial, Helvetica, sans-serif\">\n<div>\u00a0<\/div>\n<div style=\"margin:8px 0px;margin-bottom:8px;margin-top:8px;margin-left:0px;margin-right:0px\"><img decoding=\"async\" style=\"width:100%\" width=\"100%\" src=\"https:\/\/d2qc09rl1gfuof.cloudfront.net\/product\/CYSDJP3500BG5Z1ZX\/hand-winch-a100-2.5.jpg\" slate-data-type=\"image\"\/><\/div>\n<div style=\"font-size:14px;text-align:center;color:rgb(34, 34, 34);margin:16px 0px 24px;margin-bottom:24px;margin-top:16px;margin-left:0px;margin-right:0px\" align=\"center\">Pas besoin d&#039;\u00eatre un expert en bricolage pour installer ce treuil manuel robuste. Il suffit de le fixer, de r\u00e9gler la poign\u00e9e, d&#039;ajuster le cliquet et c&#039;est parti\u00a0! Rapide, facile et sans tracas\u00a0: c&#039;est aussi simple que \u00e7a.<\/div>\n<\/div>\n<div style=\"margin:16px 0px 24px;margin-bottom:24px;margin-top:16px;margin-left:0px;margin-right:0px\"><\/div>\n<div style=\"margin:24px 0px;margin-bottom:24px;margin-top:24px;margin-left:0px;margin-right:0px\">\n<div style=\"font-size:16px;font-weight:bold;color:rgb(34, 34, 34);margin:24px 0px 16px;margin-bottom:16px;margin-top:24px;margin-left:0px;margin-right:0px\">Caract\u00e9ristiques et d\u00e9tails<\/div>\n<ul style=\"margin:16px 0px 24px;margin-bottom:24px;margin-top:16px;margin-left:0px;margin-right:0px\">\n<li style=\"font-size:14px;color:rgb(34, 34, 34)\">\n<p>C\u00e2ble robuste, performances exceptionnelles\u00a0: notre treuil manuel est \u00e9quip\u00e9 d&#039;un c\u00e2ble en acier galvanis\u00e9 haute r\u00e9sistance de 10\u00a0m (33\u00a0pi) offrant une force de traction impressionnante. Oubliez les cordes fragiles et cassantes. Celui-ci est con\u00e7u pour durer et pr\u00eat \u00e0 s&#039;attaquer aux v\u00e9hicules et bateaux les plus imposants.<\/p>\n<\/li>\n<li style=\"font-size:14px;color:rgb(34, 34, 34)\">\n<p>Cliquet bidirectionnel\u00a0: Cette manivelle pour corde de bateau est \u00e9quip\u00e9e d&#039;un cliquet bidirectionnel en acier au carbone de haute qualit\u00e9. Gr\u00e2ce \u00e0 son double rapport de vitesse 4:1\/8:1 permettant d&#039;ajuster la position de la manivelle, le contr\u00f4le est optimal\u00a0: enroulez, d\u00e9roulez, \u00e0 vous de choisir. Le traitement thermique \u00e0 haute temp\u00e9rature conf\u00e8re \u00e0 ces engrenages une robustesse \u00e0 toute \u00e9preuve, les pr\u00e9parant \u00e0 affronter les conditions les plus extr\u00eames.<\/p>\n<\/li>\n<li style=\"font-size:14px;color:rgb(34, 34, 34)\">\n<p>Crochet forg\u00e9\u00a0: Il ne s&#039;agit pas seulement de la sangle du treuil. Le crochet est tout aussi important. Dot\u00e9 d&#039;une ouverture de 26\u00a0mm de large, il est forg\u00e9 pour une robustesse \u00e0 toute \u00e9preuve et capable de supporter des charges importantes sans effort. Sa conception anticorrosion et r\u00e9sistante aux fissures lui permet de conserver sa forme, utilisation apr\u00e8s utilisation. De plus, le verrou de s\u00e9curit\u00e9 vous offre une tranquillit\u00e9 d&#039;esprit totale.<\/p>\n<\/li>\n<li style=\"font-size:14px;color:rgb(34, 34, 34)\">\n<p>Manipulation ais\u00e9e\u00a0: Notre treuil \u00e0 manivelle est dot\u00e9 d\u2019une poign\u00e9e ergonomique de 25\u00a0cm (10\u00a0pouces), dimension id\u00e9ale pour une prise en main optimale et un confort maximal, le tout associ\u00e9 \u00e0 un cadre galvanis\u00e9 robuste. Rapide \u00e0 installer et encore plus rapide \u00e0 utiliser, ce petit bijou de technologie facilite grandement le remorquage de v\u00e9hicules lourds et de bateaux.<\/p>\n<\/li>\n<li style=\"font-size:14px;color:rgb(34, 34, 34)\">\n<p>Pr\u00eat \u00e0 tout, partout\u00a0: simple \u00e0 installer, facile \u00e0 utiliser, notre treuil manuel robuste est l\u2019outil id\u00e9al pour les travaux de traction horizontale, o\u00f9 que vous soyez. En int\u00e9rieur, en ext\u00e9rieur, sur l\u2019eau ou sur terre, utilisez-le sur les bateaux \u00e0 moteur, les remorques ou les v\u00e9hicules tout-terrain et admirez son efficacit\u00e9.<\/p>\n<\/li>\n<\/ul>\n<\/div>\n<div>\n<div>\u00a0<\/div>\n<div>\n<div>\u00a0<\/div>\n<div style=\"margin:16px 0px 24px;margin-bottom:24px;margin-top:16px;margin-left:0px;margin-right:0px\"><strong>3500 livres<\/strong><\/div>\n<div style=\"margin:16px 0px 24px;margin-bottom:24px;margin-top:16px;margin-left:0px;margin-right:0px\"><img decoding=\"async\" style=\"width:100%\" width=\"100%\" src=\"https:\/\/d2qc09rl1gfuof.cloudfront.net\/product\/CYSDJP3500BG5Z1ZX\/hand-winch-a100-1.11.jpg\" slate-data-type=\"image\"\/><\/div>\n<\/div>\n<\/div>\n<div style=\"font-family:&quot;Open sans&quot;, Arial, Helvetica, sans-serif\">\n<div>\u00a0<\/div>\n<div>\n<div>\u00a0<\/div>\n<div style=\"margin:16px 0px 24px;margin-bottom:24px;margin-top:16px;margin-left:0px;margin-right:0px\"><span style=\"font-family:&quot;Microsoft YaHei&quot;\"><strong>800 livres<\/strong><\/span><\/div>\n<div style=\"margin:16px 0px 24px;margin-bottom:24px;margin-top:16px;margin-left:0px;margin-right:0px\"><img decoding=\"async\" style=\"width:100%\" width=\"100%\" src=\"https:\/\/d2qc09rl1gfuof.cloudfront.net\/product\/CYSDJP800BG0IYPD8\/hand-winch-a100-1.11.jpg\" slate-data-type=\"image\"\/><\/div>\n<\/div>\n<\/div>\n<\/div>\n<\/div>\n<\/div>\n<p><\/p>","protected":false},"excerpt":{"rendered":"<p>Hign-concerned Chemical:&nbsp;None Origin:&nbsp;Mainland China Brand Name:&nbsp;VEVOR Type:&nbsp;Manual Brand:&nbsp;VEVOR Tow Weight Capacity:&nbsp;800\/3500 lbs Mode\/Speed:&nbsp;2-Way Ratchet\/2-Speed Type:&nbsp;Hand Winch Product Weight:&nbsp;12.34 lbs \/ 5.6 kg VEVOR Hand Winch \u2013 All about Pulling Power<\/p>","protected":false},"featured_media":24882,"comment_status":"open","ping_status":"closed","template":"","meta":{"_acf_changed":false},"product_brand":[],"product_cat":[522],"product_tag":[],"class_list":{"0":"post-24881","1":"product","2":"type-product","3":"status-publish","4":"has-post-thumbnail","6":"product_cat-electric-winches","8":"first","9":"instock","10":"shipping-taxable","11":"purchasable","12":"product-type-variable"},"acf":[],"_links":{"self":[{"href":"https:\/\/electricstore.eu\/fr\/wp-json\/wp\/v2\/product\/24881","targetHints":{"allow":["GET"]}}],"collection":[{"href":"https:\/\/electricstore.eu\/fr\/wp-json\/wp\/v2\/product"}],"about":[{"href":"https:\/\/electricstore.eu\/fr\/wp-json\/wp\/v2\/types\/product"}],"replies":[{"embeddable":true,"href":"https:\/\/electricstore.eu\/fr\/wp-json\/wp\/v2\/comments?post=24881"}],"wp:featuredmedia":[{"embeddable":true,"href":"https:\/\/electricstore.eu\/fr\/wp-json\/wp\/v2\/media\/24882"}],"wp:attachment":[{"href":"https:\/\/electricstore.eu\/fr\/wp-json\/wp\/v2\/media?parent=24881"}],"wp:term":[{"taxonomy":"product_brand","embeddable":true,"href":"https:\/\/electricstore.eu\/fr\/wp-json\/wp\/v2\/product_brand?post=24881"},{"taxonomy":"product_cat","embeddable":true,"href":"https:\/\/electricstore.eu\/fr\/wp-json\/wp\/v2\/product_cat?post=24881"},{"taxonomy":"product_tag","embeddable":true,"href":"https:\/\/electricstore.eu\/fr\/wp-json\/wp\/v2\/product_tag?post=24881"}],"curies":[{"name":"wp","href":"https:\/\/api.w.org\/{rel}","templated":true}]}}