{"id":24753,"date":"2025-05-20T18:42:28","date_gmt":"2025-05-20T18:42:28","guid":{"rendered":"https:\/\/electricstore.eu\/p\/uncategorized\/24v-kids-electric-motorcycle-150w-7-5mph-led-lights-dual-speed-for-ages-6-143lbs-capacity\/"},"modified":"2025-05-20T18:43:41","modified_gmt":"2025-05-20T18:43:41","slug":"24v-kids-electric-motorcycle-150w-7-5mph-led-lights-dual-speed-for-ages-6-143lbs-capacity","status":"publish","type":"product","link":"https:\/\/electricstore.eu\/fr\/p\/motorbikes\/electric-children-motorbikes\/24v-kids-electric-motorcycle-150w-7-5mph-led-lights-dual-speed-for-ages-6-143lbs-capacity\/","title":{"rendered":"Moto \u00e9lectrique 24 V pour enfants, 150 W, 12 km\/h, feux LED, double vitesse, pour enfants de 6 ans et plus, capacit\u00e9 de 65 kg"},"content":{"rendered":"<div class=\"product-specs-list-container\">\n<ul class=\"product-specs-list util-clearfix\">\n<li class=\"product-prop line-limit-length\"><span\n                                        class=\"property-title\">Produits chimiques hautement pr\u00e9occupants :&nbsp;<\/span><span\n                                        class=\"property-desc line-limit-length\">Aucun<\/span>\n                            <\/li>\n<li class=\"product-prop line-limit-length\"><span\n                                        class=\"property-title\">Origine:&nbsp;<\/span><span\n                                        class=\"property-desc line-limit-length\">Chine continentale<\/span>\n                            <\/li>\n<li class=\"product-prop line-limit-length\"><span\n                                        class=\"property-title\">Type d&#039;article\u00a0:&nbsp;<\/span><span\n                                        class=\"property-desc line-limit-length\">motos \u00e9lectriques<\/span>\n                            <\/li>\n<\/ul><\/div>\n<div class=\"detailmodule_text-image\">\n<p style=\"font-size:16px\">Description<br \/>Envie d&#039;offrir \u00e0 vos enfants une enfance pleine de jeux et d&#039;aventures ? Cette moto \u00e9lectrique est faite pour vous ! Avec son design original et attrayant, elle transforme instantan\u00e9ment vos enfants en petits pilotes, r\u00e9v\u00e9lant leur c\u00f4t\u00e9 enfantin. Laissez-la \u00e9veiller leur soif d&#039;exploration et les guider vers un avenir radieux !<\/p>\n<p>Caract\u00e9ristiques principales<br \/>Con\u00e7u pour durer : Fabriqu\u00e9 en fer de haute qualit\u00e9 et en PP sans danger pour les enfants, avec des proc\u00e9d\u00e9s de pulv\u00e9risation de plastique et d&#039;impression par transfert d&#039;eau, il est respectueux de l&#039;environnement, r\u00e9sistant \u00e0 la corrosion, \u00e0 l&#039;humidit\u00e9, aux intemp\u00e9ries, au vieillissement et \u00e0 l&#039;usure, ce qui lui permet de r\u00e9sister \u00e0 l&#039;\u00e9preuve du temps.<\/p>\n<p>Syst\u00e8me \u00e9lectrique efficace\u00a0: gr\u00e2ce \u00e0 sa puissance \u00e9lev\u00e9e de 150\u00a0W et \u00e0 sa batterie rechargeable de 24\u00a0V et 3,0\u00a0Ah, vous pouvez rouler pendant environ 1,2\u00a0heure apr\u00e8s 3 \u00e0 5\u00a0heures de charge, ce qui permet \u00e0 votre enfant de profiter pleinement de ses balades sans avoir \u00e0 recharger fr\u00e9quemment.<\/p>\n<p>Mode double vitesse : La moto \u00e9lectrique est \u00e9quip\u00e9e d&#039;une fonction r\u00e9glable \u00e0 2 vitesses (4,97 mi\/h, 7,46 mi\/h), vous pouvez librement passer d&#039;un mode de vitesse \u00e9lev\u00e9e \u00e0 un mode de vitesse basse en fonction des conditions de la route et de vos habitudes de conduite personnelles, ce qui est particuli\u00e8rement adapt\u00e9 aux enfants ou aux utilisateurs d\u00e9butants pour profiter du plaisir de la conduite. <\/p>\n<p>Conduite amusante\u00a0: Son design de moto est original et ses lumi\u00e8res LED color\u00e9es (rouges, bleues et vertes) r\u00e9pondent aux int\u00e9r\u00eats des enfants, rendant la conduite beaucoup plus facile et amusante. <\/p>\n<p>Confortable et s\u00fbr\u00a0: le si\u00e8ge ergonomique offre une exp\u00e9rience de conduite optimale et confortable aux enfants. De plus, le syst\u00e8me de freinage \u00e0 disque arri\u00e8re assure la s\u00e9curit\u00e9 de votre enfant pendant ses trajets, et la poign\u00e9e courte permet un freinage rapide et efficace.                                      <\/p>\n<p>Grande capacit\u00e9 de charge : Le cadre en fer stable, la structure triangulaire et la connexion par vis robuste conf\u00e8rent au produit une capacit\u00e9 de charge de 65 kg (143,3 lbs), ce qui vous permet de l&#039;utiliser en toute s\u00e9r\u00e9nit\u00e9.<\/p>\n<p>Facile d&#039;entretien : gr\u00e2ce \u00e0 sa surface lisse et \u00e0 sa structure simple, vous pouvez facilement enlever la salet\u00e9 avec un chiffon doux.\u00a0<\/p>\n<p>Un cadeau merveilleux\u00a0: ce produit peut \u00e9veiller la passion d\u2019un enfant pour l\u2019exploration et l\u2019aventure, l\u2019aider \u00e0 d\u00e9velopper son courage, sa curiosit\u00e9 et d\u2019excellentes aptitudes de contr\u00f4le et de conduite qui le distingueront des autres, ce qui en fait un cadeau d\u2019anniversaire ou de No\u00ebl id\u00e9al pour votre enfant.<\/p>\n<p>Montage en un clin d&#039;\u0153il\u00a0: accessoires de montage complets, manuel d&#039;instructions d\u00e9taill\u00e9 et structure simple vous permettent de r\u00e9aliser le montage en un temps record.\u00a0 \u00a0<\/p>\n<p>Un service client de qualit\u00e9 : Nous sommes \u00e0 l&#039;\u00e9coute de tous nos clients et nous nous r\u00e9jouissons de vous accompagner dans votre achat. C&#039;est avec plaisir que nous r\u00e9pondrons \u00e0 toutes vos questions. Notre relation ne se limite pas \u00e0 la simple transaction.<\/p>\n<p>D\u00e9tails<br \/>P\u00e9dale antid\u00e9rapante\u00a0: Elle augmente la friction entre la plante du pied et la p\u00e9dale pour \u00e9viter de glisser.<\/p>\n<p>Pneus antid\u00e9rapants\u00a0: Les pneus dot\u00e9s de rainures antid\u00e9rapantes sont durables et offrent une bonne adh\u00e9rence, tout en emp\u00eachant le d\u00e9rapage sur chauss\u00e9e mouill\u00e9e. <\/p>\n<p>Indicateur de charge\u00a0: Le chargeur est \u00e9quip\u00e9 d\u2019un voyant lumineux permettant de suivre facilement l\u2019\u00e9tat de la charge. Ce voyant est rouge pendant la charge et vert une fois celle-ci termin\u00e9e.<\/p>\n<p>Garde-boues pratiques\u00a0: Les garde-boues avant et arri\u00e8re vous prot\u00e8gent, vous et votre v\u00e9lo, des projections de boue lorsque vous roulez sur des routes boueuses, dans une certaine mesure.<\/p>\n<p>Application<br \/>Ce produit convient aux enfants et adolescents de plus de 6 ans et pesant au maximum 65 kg. Il peut \u00e9galement rouler sur des surfaces ext\u00e9rieures telles que l&#039;asphalte, la brique et le ciment.<\/p>\n<p>Sp\u00e9cification<br \/>Couleur : Noir<br \/>Style : Moderne<br \/>Mat\u00e9riaux : fer, polypropyl\u00e8ne<br \/>Proc\u00e9d\u00e9 : Pulv\u00e9risation de plastique, impression par transfert d&#039;eau<br \/>Assemblage requis\u00a0: Oui<br \/>Frein : Frein \u00e0 disque<br \/>Source lumineuse : LED<br \/>Couleurs de la lumi\u00e8re : rouge, bleu, vert<br \/>Alimentation : secteur \u00e9lectrique<br \/>Type de prise\u00a0: Norme UE<br \/>Tension : 24 V<br \/>Puissance : 150 W<br \/>Capacit\u00e9 de la batterie : 24 V 3,0 Ah<br \/>Mod\u00e8le d&#039;adaptateur : DCSP294100<br \/>Entr\u00e9e\u00a0: 100-240\u00a0V CA 50\/60\u00a0Hz 2\u00a0A max.<br \/>Sortie\u00a0: 29,4\u00a0V CC, 1\u00a0A                     <br \/>Temps de charge : 3 \u00e0 5 h<br \/>Dur\u00e9e d&#039;endurance : environ 1,2 h<br \/>Capacit\u00e9 de charge maximale : 65 kg \/ 143,3 lbs<br \/>\u00c2ge recommand\u00e9\u00a0: plus de 6 ans<br \/>Vitesse : Environ 8 km\/4,97 mi\/h, 12 km\/h<br \/>Diam\u00e8tre de la roue : 30,48 cm \/ 12 pouces<br \/>Degr\u00e9 d&#039;escalade : 15\u00b0<br \/>Poids brut : 16 kg \/ 35,27 lbs <br \/>Dimensions de l&#039;emballage : 95 x 50 x 20 cm \/ 37,4 x 19,69 x 7,87 pouces<br \/>Dimensions du produit : 106 x 59 x 66 cm \/ 41,7 x 23,22 x 26 pouces<\/p>\n<p>Emballage inclus<br \/>1* Moto \u00e9lectrique pour enfants<br \/>1* Manuel multilingue<br \/>Tous les accessoires n\u00e9cessaires \u00e0 l&#039;installation<\/p>\n<p>Remarques<br \/>1. Veuillez lire attentivement le manuel d&#039;utilisation avant toute utilisation. Portez une attention particuli\u00e8re aux consignes de s\u00e9curit\u00e9.<br \/>2. Veuillez v\u00e9rifier r\u00e9guli\u00e8rement l&#039;assemblage des pi\u00e8ces afin de garantir la bonne fixation du produit. En cas de signes de dommages sur les pi\u00e8ces mobiles ou le cadre, veuillez cesser imm\u00e9diatement d&#039;utiliser le produit.        <br \/>3. Veuillez charger la batterie \u00e0 l&#039;aide du chargeur pr\u00e9vu \u00e0 cet effet. Ne placez pas la batterie \u00e0 proximit\u00e9 d&#039;une source de chaleur, ne la d\u00e9montez pas et ne l&#039;utilisez ou ne la chargez pas \u00e0 des temp\u00e9ratures \u00e9lev\u00e9es. D\u00e9branchez l&#039;alimentation une fois la batterie compl\u00e8tement charg\u00e9e. <br \/>4. Veuillez tenir compte de la l\u00e9g\u00e8re diff\u00e9rence de couleur due \u00e0 la lumi\u00e8re lors de la prise de vue et de l&#039;erreur de 1 \u00e0 3 cm due \u00e0 la mesure manuelle, et assurez-vous que cela ne vous d\u00e9range pas avant de commander.<\/p>\n<div><img decoding=\"async\" class=\"detail-desc-decorate-image\" src=\"https:\/\/ae01.alicdn.com\/kf\/S1d7394779b5b4835a653a8266080a1492.jpg\" slate-data-type=\"image\"\/><img decoding=\"async\" class=\"detail-desc-decorate-image\" src=\"https:\/\/ae01.alicdn.com\/kf\/S765003a218a84960bb9d46ce7819d964z.jpg\" slate-data-type=\"image\"\/><img decoding=\"async\" class=\"detail-desc-decorate-image\" src=\"https:\/\/ae01.alicdn.com\/kf\/Saa058fb500c74fb781e682dbca8ac52bz.jpg\" slate-data-type=\"image\"\/><img decoding=\"async\" class=\"detail-desc-decorate-image\" src=\"https:\/\/ae01.alicdn.com\/kf\/Sae54b16b03b0488aa3ff0bb79021ca7ay.jpg\" slate-data-type=\"image\"\/><img decoding=\"async\" class=\"detail-desc-decorate-image\" src=\"https:\/\/ae01.alicdn.com\/kf\/Se6e94bc4b13743a1a8e44e84226ea19bc.jpg\" slate-data-type=\"image\"\/><img decoding=\"async\" class=\"detail-desc-decorate-image\" src=\"https:\/\/ae01.alicdn.com\/kf\/S185ea606cfbf4bafb38d9fb1b3ec571dh.jpg\" slate-data-type=\"image\"\/><img decoding=\"async\" class=\"detail-desc-decorate-image\" src=\"https:\/\/ae01.alicdn.com\/kf\/S40704f7f902140f9b514d0d92c692ddf7.jpg\" slate-data-type=\"image\"\/><img decoding=\"async\" class=\"detail-desc-decorate-image\" src=\"https:\/\/ae01.alicdn.com\/kf\/Sad792fe136984d528e31e5b2a7de943am.jpg\" slate-data-type=\"image\"\/><img decoding=\"async\" class=\"detail-desc-decorate-image\" src=\"https:\/\/ae01.alicdn.com\/kf\/S516a33c0181b4487aa02fc9e7cbc639ci.jpg\" slate-data-type=\"image\"\/><img decoding=\"async\" class=\"detail-desc-decorate-image\" src=\"https:\/\/ae01.alicdn.com\/kf\/Sc14e2b75ce11463fae57618a63871aceb.jpg\" slate-data-type=\"image\"\/><\/div>\n<\/div>\n<p><\/p>","protected":false},"excerpt":{"rendered":"<p>Hign-concerned Chemical:&nbsp;None Origin:&nbsp;Mainland China Item Type:&nbsp;electric motorcycles DescriptionDo you want to give your children a childhood full of fun and exploration? Then this electric motorcycle for kids is the ideal<\/p>","protected":false},"featured_media":24754,"comment_status":"open","ping_status":"closed","template":"","meta":{"_acf_changed":false},"product_brand":[],"product_cat":[313],"product_tag":[],"class_list":{"0":"post-24753","1":"product","2":"type-product","3":"status-publish","4":"has-post-thumbnail","6":"product_cat-electric-children-motorbikes","8":"first","9":"instock","10":"shipping-taxable","11":"purchasable","12":"product-type-simple"},"acf":[],"_links":{"self":[{"href":"https:\/\/electricstore.eu\/fr\/wp-json\/wp\/v2\/product\/24753","targetHints":{"allow":["GET"]}}],"collection":[{"href":"https:\/\/electricstore.eu\/fr\/wp-json\/wp\/v2\/product"}],"about":[{"href":"https:\/\/electricstore.eu\/fr\/wp-json\/wp\/v2\/types\/product"}],"replies":[{"embeddable":true,"href":"https:\/\/electricstore.eu\/fr\/wp-json\/wp\/v2\/comments?post=24753"}],"wp:featuredmedia":[{"embeddable":true,"href":"https:\/\/electricstore.eu\/fr\/wp-json\/wp\/v2\/media\/24754"}],"wp:attachment":[{"href":"https:\/\/electricstore.eu\/fr\/wp-json\/wp\/v2\/media?parent=24753"}],"wp:term":[{"taxonomy":"product_brand","embeddable":true,"href":"https:\/\/electricstore.eu\/fr\/wp-json\/wp\/v2\/product_brand?post=24753"},{"taxonomy":"product_cat","embeddable":true,"href":"https:\/\/electricstore.eu\/fr\/wp-json\/wp\/v2\/product_cat?post=24753"},{"taxonomy":"product_tag","embeddable":true,"href":"https:\/\/electricstore.eu\/fr\/wp-json\/wp\/v2\/product_tag?post=24753"}],"curies":[{"name":"wp","href":"https:\/\/api.w.org\/{rel}","templated":true}]}}