{"id":24721,"date":"2025-05-20T18:42:10","date_gmt":"2025-05-20T18:42:10","guid":{"rendered":"https:\/\/electricstore.eu\/p\/uncategorized\/homcom-electric-motorcycle-3-years-with-3-wheels-lights-music-3-km-h-86x42x52cm\/"},"modified":"2025-05-20T18:43:28","modified_gmt":"2025-05-20T18:43:28","slug":"homcom-electric-motorcycle-3-years-with-3-wheels-lights-music-3-km-h-86x42x52cm","status":"publish","type":"product","link":"https:\/\/electricstore.eu\/fr\/p\/motorbikes\/electric-children-motorbikes\/homcom-electric-motorcycle-3-years-with-3-wheels-lights-music-3-km-h-86x42x52cm\/","title":{"rendered":"Moto \u00e9lectrique HOMCOM + 3 ans avec 3 roues Lumi\u00e8res Musique 3 km\/h 86x42x52cm"},"content":{"rendered":"<div class=\"product-specs-list-container\">\n<ul class=\"product-specs-list util-clearfix\">\n<li class=\"product-prop line-limit-length\"><span\n                                        class=\"property-title\">Origine:&nbsp;<\/span><span\n                                        class=\"property-desc line-limit-length\">Chine continentale<\/span>\n                            <\/li>\n<li class=\"product-prop line-limit-length\"><span\n                                        class=\"property-title\">Caract\u00e9ristiques:&nbsp;<\/span><span\n                                        class=\"property-desc line-limit-length\">Roulez<\/span>\n                            <\/li>\n<li class=\"product-prop line-limit-length\"><span\n                                        class=\"property-title\">Certificat:&nbsp;<\/span><span\n                                        class=\"property-desc line-limit-length\"><\/span>\n                            <\/li>\n<\/ul><\/div>\n<div class=\"detailmodule_html\">\n<div class=\"detail-desc-decorate-richtext\">\n<p><\/p>\n<div>\n <br \/>Que l&#039;aventure commence\u00a0! Cette trottinette \u00e9lectrique HOMCOM \u00e0 3 roues sera le compagnon id\u00e9al pour toutes les aventures de vos enfants. Avec une autonomie allant jusqu&#039;\u00e0 45 minutes apr\u00e8s une charge compl\u00e8te, vous pourrez explorer vos endroits pr\u00e9f\u00e9r\u00e9s comme un vrai pilote, \u00e0 une vitesse limit\u00e9e en toute s\u00e9curit\u00e9 \u00e0 3 km\/h. \u00c9quip\u00e9e de phares, cette trottinette offre une exp\u00e9rience de conduite ultra-r\u00e9aliste, pour le plus grand plaisir des enfants.<br \/>\n\n<\/div>\n<div class=\"lc-1\">\n<div class=\"f-line\">\n<div class=\"fts\">\n<div>\n    <strong>Caract\u00e9ristiques:<\/strong><br \/>\n    <br \/>\u25cf V\u00e9hicule \u00e9lectrique pour enfants avec un design r\u00e9aliste et des fonctions telles que les 2 phares ;\n<\/div>\n<div>\n\u25cf Avancez \u00e0 faible vitesse, afin que votre enfant puisse anticiper et r\u00e9agir aux situations inattendues ;\n<\/div>\n<div>\n\u25cf Ce v\u00e9lo \u00e9lectrique int\u00e8gre une fonction musicale qui s&#039;active en appuyant sur un bouton\u00a0;\n<\/div>\n<div>\n\u25cf 3 pneus larges assurent une conduite stable et souple ;\n<\/div>\n<div>\n\u25cf La vitesse peut atteindre un maximum de 3 km\/h ;\n<\/div>\n<div>\n\u25cf Apr\u00e8s une charge compl\u00e8te, son autonomie peut atteindre environ 45 minutes ;\n<\/div>\n<div>\n\u25cf Recommand\u00e9 pour les enfants \u00e0 partir de 3 ans et jusqu&#039;\u00e0 25 kg ;\n<\/div>\n<div>\n\u25cf Cette moto pour enfants favorise le d\u00e9veloppement de diff\u00e9rentes comp\u00e9tences telles que la coordination \u0153il-main ;\n<\/div>\n<div>\n\u25cf Le montage est requis ;\n<\/div>\n<div>\n\u25cf Important : Toujours utiliser sous la supervision d&#039;un adulte ;<br \/>\n\n   <\/div><\/div><\/div>\n<\/div>\n<div class=\"lc-1\">\n<div class=\"f-line\">\n<div class=\"fts\">\n<div>\n    <strong>Caract\u00e9ristiques:<\/strong><br \/>\n    <br \/>\u25cf Couleur : rouge et noir\/bleu ;\n<\/div>\n<div>\n\u25cf Mat\u00e9riau : PP, m\u00e9tal ;\n<\/div>\n<div>\n\u25cf Dimensions totales : 86 x 42 x 52 cm (L x AN x AL) ;\n<\/div>\n<div>\n\u25cf Dimensions des roues : \u00d8 23\u00d77,5 cm (DIAMxAN) ;\n<\/div>\n<div>\n\u25cf Temps de charge : 8 \u00e0 12 heures ;\n<\/div>\n<div>\n\u25cf Autonomie de la batterie : 45 minutes (enti\u00e8rement charg\u00e9e) ;\n<\/div>\n<div>\n\u25cf Moteur : 25 W ;\n<\/div>\n<div>\n\u25cf Chargeur : 6 V \/ 500 mA ;\n<\/div>\n<div>\n\u25cf Poids maximal support\u00e9 : 25 kg ;\n<\/div>\n<div>\n\u25cf Convient aux enfants de plus de 3 ans ;\n<\/div>\n<div>\n\u25cf R\u00e9f\u00e9rence : 370-102RD\/370-102BU ;<br \/>\n\n   <\/div><\/div><\/div>\n<\/div>\n<div>\n <img decoding=\"async\" width=\"1000    \" height=\"35\" src=\"https:\/\/ae01.alicdn.com\/kf\/HTB1KhgjkfiSBuNkSnhJq6zDcpXaR.jpg\" slate-data-type=\"image\" \/>\n<\/div>\n<div class=\"content01\">\n<div class=\"content_img\">\n  <img decoding=\"async\" width=\"1000\" src=\"https:\/\/ae01.alicdn.com\/kf\/H70614f8129544824ab0c7d099a3ef9aaC.jpg\" slate-data-type=\"image\" \/>\n <\/div>\n<div class=\"content_img\">\n  <img decoding=\"async\" width=\"1000\" src=\"https:\/\/ae01.alicdn.com\/kf\/H9cbca82ec0f34df6bc382192a0ae4fd4G.jpg\" slate-data-type=\"image\" \/>\n <\/div>\n<div class=\"content_img\">\n  <img decoding=\"async\" width=\"1000\" src=\"https:\/\/ae01.alicdn.com\/kf\/He21326f0f8e145e48f32f1cfbfe9d369f.jpg\" slate-data-type=\"image\" \/>\n <\/div>\n<div class=\"content_img\">\n  <img decoding=\"async\" width=\"1000\" src=\"https:\/\/ae01.alicdn.com\/kf\/He6920fc9da1242eea230ccf1e67e6854Q.jpg\" slate-data-type=\"image\" \/>\n <\/div>\n<div class=\"content_img\">\n  <img decoding=\"async\" width=\"1000\" src=\"https:\/\/ae01.alicdn.com\/kf\/Hcdd359b5f57a41df9fd20bd7c4998b72U.jpg\" slate-data-type=\"image\" \/>\n <\/div>\n<div class=\"content_img\">\n  <img decoding=\"async\" width=\"1000\" src=\"https:\/\/ae01.alicdn.com\/kf\/Hd2824e6f3c1446b383c9dc3797cc51276.jpg\" slate-data-type=\"image\" \/>\n <\/div>\n<div class=\"content_img\">\n  <img decoding=\"async\" width=\"1000\" src=\"https:\/\/ae01.alicdn.com\/kf\/H79c926e88feb4b258588fb5c8581f499u.jpg\" slate-data-type=\"image\" \/>\n <\/div>\n<div class=\"content_img\">\n  <img decoding=\"async\" width=\"1000\" src=\"https:\/\/gsp.aliexpress.com\/apps\/product\/publish?spm=5261.ProductManageOnline.0.0.7d564edfWFvxkZ&amp;productId=4001337167822\" slate-data-type=\"image\" \/>\n <\/div>\n<\/div>\n<div>\n <img fetchpriority=\"high\" decoding=\"async\" width=\"1000\" height=\"1881\" src=\"https:\/\/ae01.alicdn.com\/kf\/HTB1i.OtVMHqK1RjSZFkq6x.WFXaT.jpg\" slate-data-type=\"image\" \/>\n<\/div>\n<p><\/p>\n<\/div>\n<\/div>","protected":false},"excerpt":{"rendered":"<p>Origin:&nbsp;Mainland China Features:&nbsp;Ride On Certificate:&nbsp; &amp; Iexcl; What starts the adventure! This HOMCOM electric scooter with 3 wheels will be the perfect adventure companion for any child. With a range<\/p>","protected":false},"featured_media":24722,"comment_status":"open","ping_status":"closed","template":"","meta":{"_acf_changed":false},"product_brand":[],"product_cat":[313],"product_tag":[],"class_list":{"0":"post-24721","1":"product","2":"type-product","3":"status-publish","4":"has-post-thumbnail","6":"product_cat-electric-children-motorbikes","8":"first","9":"instock","10":"shipping-taxable","11":"purchasable","12":"product-type-variable"},"acf":[],"_links":{"self":[{"href":"https:\/\/electricstore.eu\/fr\/wp-json\/wp\/v2\/product\/24721","targetHints":{"allow":["GET"]}}],"collection":[{"href":"https:\/\/electricstore.eu\/fr\/wp-json\/wp\/v2\/product"}],"about":[{"href":"https:\/\/electricstore.eu\/fr\/wp-json\/wp\/v2\/types\/product"}],"replies":[{"embeddable":true,"href":"https:\/\/electricstore.eu\/fr\/wp-json\/wp\/v2\/comments?post=24721"}],"wp:featuredmedia":[{"embeddable":true,"href":"https:\/\/electricstore.eu\/fr\/wp-json\/wp\/v2\/media\/24722"}],"wp:attachment":[{"href":"https:\/\/electricstore.eu\/fr\/wp-json\/wp\/v2\/media?parent=24721"}],"wp:term":[{"taxonomy":"product_brand","embeddable":true,"href":"https:\/\/electricstore.eu\/fr\/wp-json\/wp\/v2\/product_brand?post=24721"},{"taxonomy":"product_cat","embeddable":true,"href":"https:\/\/electricstore.eu\/fr\/wp-json\/wp\/v2\/product_cat?post=24721"},{"taxonomy":"product_tag","embeddable":true,"href":"https:\/\/electricstore.eu\/fr\/wp-json\/wp\/v2\/product_tag?post=24721"}],"curies":[{"name":"wp","href":"https:\/\/api.w.org\/{rel}","templated":true}]}}