{"id":24702,"date":"2025-05-20T18:41:56","date_gmt":"2025-05-20T18:41:56","guid":{"rendered":"https:\/\/electricstore.eu\/p\/uncategorized\/sportnow-steel-bicycle-parking-59x41x38-cm-black\/"},"modified":"2025-05-20T18:42:45","modified_gmt":"2025-05-20T18:42:45","slug":"sportnow-steel-bicycle-parking-59x41x38-cm-black","status":"publish","type":"product","link":"https:\/\/electricstore.eu\/fr\/p\/a\/sportnow-steel-bicycle-parking-59x41x38-cm-black\/","title":{"rendered":"Parking \u00e0 v\u00e9los SPORTNOW en acier noir 59x41x38 cm"},"content":{"rendered":"<div class=\"detailmodule_html\">\n<div class=\"detail-desc-decorate-richtext\">\n<p>D\u00e9couvrez la praticit\u00e9 de ce support \u00e0 v\u00e9lo SPORTNOW. Il vous suffit d&#039;y placer votre v\u00e9lo et il se fixe automatiquement. Con\u00e7u pour les pneus jusqu&#039;\u00e0 8,5 cm de large, ce support \u00e0 v\u00e9lo sur pied est id\u00e9al pour ranger votre v\u00e9lo \u00e0 la maison, au garage ou au bureau, gr\u00e2ce \u00e0 sa structure en acier robuste et ses bases en caoutchouc qui lui assurent une stabilit\u00e9 optimale. Indispensable pour tous les passionn\u00e9s de v\u00e9lo.<\/p>\n<p><\/p>\n<div class=\"detailmodule_html\">\n<div class=\"detail-desc-decorate-richtext\">\n<div class=\"lc-1\">\n<div class=\"f-line\">\n<div class=\"fts\">\n<div><strong>Caract\u00e9ristiques:<\/strong><\/div>\n<\/div>\n<\/div>\n<\/div>\n<\/div>\n<\/div>\n<p>\u25cf Soulevez et poussez le v\u00e9lo pour verrouiller automatiquement le support\u00a0;<\/p>\n<p>\u25cf Parking \u00e0 v\u00e9los compatible avec la plupart des v\u00e9los dont les pneus ont une largeur maximale de 8,5 cm ;<\/p>\n<p>\u25cf Le cadre en acier et les pieds en caoutchouc offrent une grande stabilit\u00e9 ;<\/p>\n<p>\u25cf Support \u00e0 v\u00e9lo id\u00e9al pour ranger ou garer les v\u00e9los \u00e0 la maison, au garage ou sur le lieu de travail\u00a0;<\/p>\n<p>\u25cf Le montage est requis ;<\/p>\n<p><\/p>\n<div class=\"detailmodule_html\">\n<div class=\"detail-desc-decorate-richtext\">\n<div class=\"lc-1\">\n<div class=\"f-line\">\n<div class=\"fts\">\n<div><strong>Caract\u00e9ristiques:<\/strong><\/div>\n<\/div>\n<\/div>\n<\/div>\n<\/div>\n<\/div>\n<p>\u25cf Couleur : Noir ;<\/p>\n<p>\u25cf Mat\u00e9riau : Acier ;<\/p>\n<p>\u25cf Dimensions totales : 59 x 41 x 38 cm (L x AN x AL) ;<\/p>\n<p>\u25cf Pour les roues : &lt; 8,5 cm de large ;<\/p>\n<p>\u25cf R\u00e9f\u00e9rence : AA0-097V00BK ;<\/p>\n<p><\/p>\n<div class=\"detailmodule_html\">\n<div class=\"detail-desc-decorate-richtext\">\n<div><img decoding=\"async\" width=\"1000    \" height=\"35\" src=\"https:\/\/ae01.alicdn.com\/kf\/HTB1KhgjkfiSBuNkSnhJq6zDcpXaR.jpg\" slate-data-type=\"image\"\/><\/div>\n<\/div>\n<\/div>\n<p><img decoding=\"async\" src=\"https:\/\/ae01.alicdn.com\/kf\/S734523902357481b850557de07cb1aebh.jpg\" slate-data-type=\"image\"\/><img decoding=\"async\" src=\"https:\/\/ae01.alicdn.com\/kf\/Sa2507e8a0696493ab60c0cfed1caddcdk.jpg\" slate-data-type=\"image\"\/><img decoding=\"async\" src=\"https:\/\/ae01.alicdn.com\/kf\/Sb50e0faea835482795051f150361f40dZ.jpg\" slate-data-type=\"image\"\/><img decoding=\"async\" src=\"https:\/\/ae01.alicdn.com\/kf\/Seec342f2635243e89480ab60924fd274F.jpg\" slate-data-type=\"image\"\/><\/p>\n<div class=\"detailmodule_html\">\n<div class=\"detail-desc-decorate-richtext\">\n<div><img fetchpriority=\"high\" decoding=\"async\" width=\"1000\" height=\"1881\" src=\"https:\/\/ae01.alicdn.com\/kf\/Ua8ece3e103ed470793ec3cb15da8a01fz.jpg\" slate-data-type=\"image\"\/><\/div>\n<\/div>\n<\/div>\n<p><\/p>\n<\/div>\n<\/div>","protected":false},"excerpt":{"rendered":"<p>Discover the practicality of this SPORTNOW bike stand. Simply introduce your bike and watch it automatically secure. Designed for tires up to 8,5 cm wide, this floor bike parking is<\/p>","protected":false},"featured_media":24703,"comment_status":"open","ping_status":"closed","template":"","meta":{"_acf_changed":false},"product_brand":[],"product_cat":[525],"product_tag":[],"class_list":{"0":"post-24702","1":"product","2":"type-product","3":"status-publish","4":"has-post-thumbnail","6":"product_cat-a","8":"first","9":"instock","10":"shipping-taxable","11":"purchasable","12":"product-type-variable"},"acf":[],"_links":{"self":[{"href":"https:\/\/electricstore.eu\/fr\/wp-json\/wp\/v2\/product\/24702","targetHints":{"allow":["GET"]}}],"collection":[{"href":"https:\/\/electricstore.eu\/fr\/wp-json\/wp\/v2\/product"}],"about":[{"href":"https:\/\/electricstore.eu\/fr\/wp-json\/wp\/v2\/types\/product"}],"replies":[{"embeddable":true,"href":"https:\/\/electricstore.eu\/fr\/wp-json\/wp\/v2\/comments?post=24702"}],"wp:featuredmedia":[{"embeddable":true,"href":"https:\/\/electricstore.eu\/fr\/wp-json\/wp\/v2\/media\/24703"}],"wp:attachment":[{"href":"https:\/\/electricstore.eu\/fr\/wp-json\/wp\/v2\/media?parent=24702"}],"wp:term":[{"taxonomy":"product_brand","embeddable":true,"href":"https:\/\/electricstore.eu\/fr\/wp-json\/wp\/v2\/product_brand?post=24702"},{"taxonomy":"product_cat","embeddable":true,"href":"https:\/\/electricstore.eu\/fr\/wp-json\/wp\/v2\/product_cat?post=24702"},{"taxonomy":"product_tag","embeddable":true,"href":"https:\/\/electricstore.eu\/fr\/wp-json\/wp\/v2\/product_tag?post=24702"}],"curies":[{"name":"wp","href":"https:\/\/api.w.org\/{rel}","templated":true}]}}